
{"id":3668,"date":"2026-02-27T09:54:05","date_gmt":"2026-02-27T09:54:05","guid":{"rendered":"https:\/\/easyliferobo.com\/de\/product\/sillbird-technik-roboter-kinder-bauspielzeug-5-in-1-roboterset-mit-app-und-fernbedienung-programmierbarer-roboter-mit-app-fernbedienung-jungen-und-maedchen-ab-8-jahren\/"},"modified":"2026-02-27T09:54:18","modified_gmt":"2026-02-27T09:54:18","slug":"sillbird-technik-roboter-kinder-bauspielzeug-5-in-1-roboterset-mit-app-und-fernbedienung-programmierbarer-roboter-mit-app-fernbedienung-jungen-und-maedchen-ab-8-jahren","status":"publish","type":"product","link":"https:\/\/easyliferobo.com\/de\/product\/sillbird-technik-roboter-kinder-bauspielzeug-5-in-1-roboterset-mit-app-und-fernbedienung-programmierbarer-roboter-mit-app-fernbedienung-jungen-und-maedchen-ab-8-jahren\/","title":{"rendered":"Sillbird Technik Roboter Kinder Bau..."},"content":{"rendered":"<p>\n                                             Von der Marke   <\/p>\n<p>                                              <img decoding=\"async\" alt=\"\" src=\"https:\/\/images-na.ssl-images-amazon.com\/images\/G\/01\/x-locale\/common\/grey-pixel.gif\" class=\"a-lazy-loaded\" data-src=\"https:\/\/m.media-amazon.com\/images\/S\/aplus-media-library-service-media\/6dc125b6-ce83-4482-96b5-d709bfafa478.__CR0,0,1464,625_PT0_SX1464_V1___.jpg\"><img decoding=\"async\" alt=\"\" src=\"https:\/\/m.media-amazon.com\/images\/S\/aplus-media-library-service-media\/6dc125b6-ce83-4482-96b5-d709bfafa478.__CR0,0,1464,625_PT0_SX1464_V1___.jpg\">  <\/p>\n<h3>  WILLKOMMEN IM SILLBIRD STORE <\/h3>\n<p>  Sillbird war stets bestrebt, die besten Produkte und Dienstleistungen anzubieten. <\/p>\n<h3>  HEIBE-PRODUKT <\/h3>\n<h3>  NEUE ANK\u00dcNFTE <\/h3>\n<h3>  Lernspielzeug: <\/h3>\n<p>5-in-1-Roboterbauspielzeug: Mit dem Sillbird 5-in-1-Roboterbausatz k\u00f6nnen Kinder 5 verschiedene Bau- und Spielerlebnisse genie\u00dfen, indem sie Wandroboter zusammenbauen, Roboter, Mech-Dinosaurier, Panzer oder Stuntautos erkunden oder ihrer Fantasie freien Lauf lassen. Das 5-in-1-Robotik-Set regt die Fantasie der Kinder an und bietet ihnen stundenlangen Spielspa\u00df mit 5 verschiedenen Modellen. (Es kann nur ein Modell erstellt werden)<br \/>Flexible Gelenke: Kopf, Arme und H\u00e4nde des Roboters lassen sich flexibel verstellen, um verschiedene niedliche Posen einzunehmen und interessante Interaktionen auszul\u00f6sen. Die hochklappbare Vorderseite stellt den klassischen Look wieder her und bietet gleichzeitig den perfekten Stauraum f\u00fcr Ihre Kleinen. Sein bewegliches Maul fungiert wie die st\u00e4rkste Waffe des Dinosauriers, w\u00e4hrend die Vorderpfoten und der Schwanz f\u00fcr zus\u00e4tzlichen Spa\u00df bei den eigenen Bewegungen sorgen. Dar\u00fcber hinaus k\u00f6nnen sich die Propeller des Roboters entlang der Strecke drehen, was jedes Abenteuer dynamisch und spannend macht!<br \/>Fernbedienung und App-Steuerung: Kinder k\u00f6nnen den Roboterbausatz \u00fcber die Vierkanal-Fernbedienung (die maximale Reichweite betr\u00e4gt 20 m) oder die App-Verbindung steuern. Drei Fernsteuerungsmodi (schnell, mittel, langsam), Pfadmodus, Kreiselmodus, Einhand- und Zweihandfahrmodus sowie Programmiermodus sind alle in der App zug\u00e4nglich und bieten Kindern alles, was sie f\u00fcr stundenlangen Rollenspielspa\u00df brauchen<br \/>Kreatives Mint-Spielzeug: Das Roboter-Set mit 488 Bausteinen ist ein leicht fortgeschrittener Bausatz f\u00fcr 6- bis 12-j\u00e4hrige Jungen, der ihre Fantasie anregt und ihnen hilft, MINT zu lernen, zusammenzubauen, zu erstellen und zu spielen und ihr fr\u00fcheres Interesse am Erlernen des Programmierkonzepts zu wecken. Angetrieben von einem intelligenten und innovativen Motor des Hauptmoduls und einem wiederaufladbaren Akku erm\u00f6glicht Ihnen die lange Laufzeit, mehr zu entdecken!<br \/>Ideales Geschenk f\u00fcr Kinder: Der Sillbird-Roboterbausatz ist in einer auff\u00e4lligen orange-grauen Farbgebung erh\u00e4ltlich und wird mit einer farbenfrohen Anleitung und dekorativen Aufklebern geliefert, die Jungen und M\u00e4dchen ab 6 Jahren ein spannendes und lehrreiches Bauerlebnis bieten. Er verf\u00fcgt \u00fcber alle w\u00fcnschenswerten Funktionen eines programmierbaren Roboters zu einem erschwinglichen Preis und ist ein tolles Geschenk f\u00fcr Ostern\/Geburtstag\/Kindertag\/Weihnachten<\/p>\n<p>[ad_2]<\/p>\n","protected":false},"excerpt":{"rendered":"<p>Von der Marke WILLKOMMEN IM SILLBIRD STORE Sillbird war stets bestrebt, die besten Produkte und Dienstleistungen anzubieten. HEIBE-PRODUKT NEUE ANK\u00dcNFTE Lernspielzeug: 5-in-1-Roboterbauspielzeug: Mit dem Sillbird 5-in-1-Roboterbausatz k\u00f6nnen Kinder 5 verschiedene Bau- und Spielerlebnisse genie\u00dfen, indem sie Wandroboter zusammenbauen, Roboter, Mech-Dinosaurier, Panzer oder Stuntautos erkunden oder ihrer Fantasie freien Lauf lassen. Das 5-in-1-Robotik-Set regt die Fantasie [&hellip;]<\/p>\n","protected":false},"featured_media":3669,"comment_status":"open","ping_status":"closed","template":"","meta":{"_aipt_faq_data":""},"store":[],"product_brand":[],"product_cat":[78],"product_tag":[344],"class_list":{"0":"post-3668","1":"product","2":"type-product","3":"status-publish","4":"has-post-thumbnail","6":"product_cat-programmierroboter-fuer-kinder","7":"product_tag-programmierroboter-fuer-kinder-programmierbar","9":"first","10":"instock","11":"shipping-taxable","12":"product-type-external"},"yoast_head":"<!-- This site is optimized with the Yoast SEO plugin v27.0 - https:\/\/yoast.com\/product\/yoast-seo-wordpress\/ -->\n<title>Sillbird Technik Roboter Kinder Bauspielzeug 5-in-1 Roboterset mit App und Fernbedienung, programmierbarer Roboter mit App-Fernbedienung, Jungen und M\u00e4dchen ab 8+ Jahren - EasyLifeBro<\/title>\n<meta name=\"description\" content=\"Entdecken Sie smarte Roboter f\u00fcr Zuhause, Garten, Bildung und Sicherheit. Vergleichen Sie Saugroboter, Rasenm\u00e4hroboter, KI-Begleitroboter und mehr bei EasyLifeRobo.\" \/>\n<meta name=\"robots\" content=\"index, follow, max-snippet:-1, max-image-preview:large, max-video-preview:-1\" \/>\n<link rel=\"canonical\" href=\"https:\/\/easyliferobo.com\/de\/product\/sillbird-technik-roboter-kinder-bauspielzeug-5-in-1-roboterset-mit-app-und-fernbedienung-programmierbarer-roboter-mit-app-fernbedienung-jungen-und-maedchen-ab-8-jahren\/\" \/>\n<meta property=\"og:locale\" content=\"de_DE\" \/>\n<meta property=\"og:type\" content=\"article\" \/>\n<meta property=\"og:title\" content=\"Sillbird Technik Roboter Kinder Bauspielzeug 5-in-1 Roboterset mit App und Fernbedienung, programmierbarer Roboter mit App-Fernbedienung, Jungen und M\u00e4dchen ab 8+ Jahren - EasyLifeBro\" \/>\n<meta property=\"og:description\" content=\"Entdecken Sie smarte Roboter f\u00fcr Zuhause, Garten, Bildung und Sicherheit. Vergleichen Sie Saugroboter, Rasenm\u00e4hroboter, KI-Begleitroboter und mehr bei EasyLifeRobo.\" \/>\n<meta property=\"og:url\" content=\"https:\/\/easyliferobo.com\/de\/product\/sillbird-technik-roboter-kinder-bauspielzeug-5-in-1-roboterset-mit-app-und-fernbedienung-programmierbarer-roboter-mit-app-fernbedienung-jungen-und-maedchen-ab-8-jahren\/\" \/>\n<meta property=\"og:site_name\" content=\"EasyLifeBro\" \/>\n<meta property=\"article:modified_time\" content=\"2026-02-27T09:54:18+00:00\" \/>\n<meta property=\"og:image\" content=\"https:\/\/images-na.ssl-images-amazon.com\/images\/G\/01\/x-locale\/common\/grey-pixel.gif\" \/>\n<meta name=\"twitter:card\" content=\"summary_large_image\" \/>\n<meta name=\"twitter:label1\" content=\"Gesch\u00e4tzte Lesezeit\" \/>\n\t<meta name=\"twitter:data1\" content=\"2\u00a0Minuten\" \/>\n<script type=\"application\/ld+json\" class=\"yoast-schema-graph\">{\"@context\":\"https:\/\/schema.org\",\"@graph\":[{\"@type\":\"WebPage\",\"@id\":\"https:\/\/easyliferobo.com\/de\/product\/sillbird-technik-roboter-kinder-bauspielzeug-5-in-1-roboterset-mit-app-und-fernbedienung-programmierbarer-roboter-mit-app-fernbedienung-jungen-und-maedchen-ab-8-jahren\/\",\"url\":\"https:\/\/easyliferobo.com\/de\/product\/sillbird-technik-roboter-kinder-bauspielzeug-5-in-1-roboterset-mit-app-und-fernbedienung-programmierbarer-roboter-mit-app-fernbedienung-jungen-und-maedchen-ab-8-jahren\/\",\"name\":\"Sillbird Technik Roboter Kinder Bauspielzeug 5-in-1 Roboterset mit App und Fernbedienung, programmierbarer Roboter mit App-Fernbedienung, Jungen und M\u00e4dchen ab 8+ Jahren - EasyLifeBro\",\"isPartOf\":{\"@id\":\"https:\/\/easyliferobo.com\/de\/#website\"},\"primaryImageOfPage\":{\"@id\":\"https:\/\/easyliferobo.com\/de\/product\/sillbird-technik-roboter-kinder-bauspielzeug-5-in-1-roboterset-mit-app-und-fernbedienung-programmierbarer-roboter-mit-app-fernbedienung-jungen-und-maedchen-ab-8-jahren\/#primaryimage\"},\"image\":{\"@id\":\"https:\/\/easyliferobo.com\/de\/product\/sillbird-technik-roboter-kinder-bauspielzeug-5-in-1-roboterset-mit-app-und-fernbedienung-programmierbarer-roboter-mit-app-fernbedienung-jungen-und-maedchen-ab-8-jahren\/#primaryimage\"},\"thumbnailUrl\":\"https:\/\/easyliferobo.com\/de\/wp-content\/uploads\/2026\/02\/81R2x3cwW0L._AC_SL1500_.jpg\",\"datePublished\":\"2026-02-27T09:54:05+00:00\",\"dateModified\":\"2026-02-27T09:54:18+00:00\",\"description\":\"Entdecken Sie smarte Roboter f\u00fcr Zuhause, Garten, Bildung und Sicherheit. Vergleichen Sie Saugroboter, Rasenm\u00e4hroboter, KI-Begleitroboter und mehr bei EasyLifeRobo.\",\"breadcrumb\":{\"@id\":\"https:\/\/easyliferobo.com\/de\/product\/sillbird-technik-roboter-kinder-bauspielzeug-5-in-1-roboterset-mit-app-und-fernbedienung-programmierbarer-roboter-mit-app-fernbedienung-jungen-und-maedchen-ab-8-jahren\/#breadcrumb\"},\"inLanguage\":\"de\",\"potentialAction\":[{\"@type\":\"ReadAction\",\"target\":[\"https:\/\/easyliferobo.com\/de\/product\/sillbird-technik-roboter-kinder-bauspielzeug-5-in-1-roboterset-mit-app-und-fernbedienung-programmierbarer-roboter-mit-app-fernbedienung-jungen-und-maedchen-ab-8-jahren\/\"]}]},{\"@type\":\"ImageObject\",\"inLanguage\":\"de\",\"@id\":\"https:\/\/easyliferobo.com\/de\/product\/sillbird-technik-roboter-kinder-bauspielzeug-5-in-1-roboterset-mit-app-und-fernbedienung-programmierbarer-roboter-mit-app-fernbedienung-jungen-und-maedchen-ab-8-jahren\/#primaryimage\",\"url\":\"https:\/\/easyliferobo.com\/de\/wp-content\/uploads\/2026\/02\/81R2x3cwW0L._AC_SL1500_.jpg\",\"contentUrl\":\"https:\/\/easyliferobo.com\/de\/wp-content\/uploads\/2026\/02\/81R2x3cwW0L._AC_SL1500_.jpg\",\"width\":1500,\"height\":1495},{\"@type\":\"BreadcrumbList\",\"@id\":\"https:\/\/easyliferobo.com\/de\/product\/sillbird-technik-roboter-kinder-bauspielzeug-5-in-1-roboterset-mit-app-und-fernbedienung-programmierbarer-roboter-mit-app-fernbedienung-jungen-und-maedchen-ab-8-jahren\/#breadcrumb\",\"itemListElement\":[{\"@type\":\"ListItem\",\"position\":1,\"name\":\"Home\",\"item\":\"https:\/\/easyliferobo.com\/de\/\"},{\"@type\":\"ListItem\",\"position\":2,\"name\":\"Shop\",\"item\":\"https:\/\/easyliferobo.com\/de\/shop\/\"},{\"@type\":\"ListItem\",\"position\":3,\"name\":\"Sillbird Technik Roboter Kinder Bau...\"}]},{\"@type\":\"WebSite\",\"@id\":\"https:\/\/easyliferobo.com\/de\/#website\",\"url\":\"https:\/\/easyliferobo.com\/de\/\",\"name\":\"EasyLifeBro\",\"description\":\"Smarte Roboter f\u00fcr Zuhause, Garten &amp; Bildung\",\"publisher\":{\"@id\":\"https:\/\/easyliferobo.com\/de\/#organization\"},\"potentialAction\":[{\"@type\":\"SearchAction\",\"target\":{\"@type\":\"EntryPoint\",\"urlTemplate\":\"https:\/\/easyliferobo.com\/de\/?s={search_term_string}\"},\"query-input\":{\"@type\":\"PropertyValueSpecification\",\"valueRequired\":true,\"valueName\":\"search_term_string\"}}],\"inLanguage\":\"de\"},{\"@type\":\"Organization\",\"@id\":\"https:\/\/easyliferobo.com\/de\/#organization\",\"name\":\"EasyLifeBro\",\"url\":\"https:\/\/easyliferobo.com\/de\/\",\"logo\":{\"@type\":\"ImageObject\",\"inLanguage\":\"de\",\"@id\":\"https:\/\/easyliferobo.com\/de\/#\/schema\/logo\/image\/\",\"url\":\"https:\/\/easyliferobo.com\/de\/wp-content\/uploads\/2026\/02\/Screenshot-2026-02-22-at-2.25.03-PM.png\",\"contentUrl\":\"https:\/\/easyliferobo.com\/de\/wp-content\/uploads\/2026\/02\/Screenshot-2026-02-22-at-2.25.03-PM.png\",\"width\":1858,\"height\":430,\"caption\":\"EasyLifeBro\"},\"image\":{\"@id\":\"https:\/\/easyliferobo.com\/de\/#\/schema\/logo\/image\/\"}}]}<\/script>\n<!-- \/ Yoast SEO plugin. -->","yoast_head_json":{"title":"Sillbird Technik Roboter Kinder Bauspielzeug 5-in-1 Roboterset mit App und Fernbedienung, programmierbarer Roboter mit App-Fernbedienung, Jungen und M\u00e4dchen ab 8+ Jahren - EasyLifeBro","description":"Entdecken Sie smarte Roboter f\u00fcr Zuhause, Garten, Bildung und Sicherheit. Vergleichen Sie Saugroboter, Rasenm\u00e4hroboter, KI-Begleitroboter und mehr bei EasyLifeRobo.","robots":{"index":"index","follow":"follow","max-snippet":"max-snippet:-1","max-image-preview":"max-image-preview:large","max-video-preview":"max-video-preview:-1"},"canonical":"https:\/\/easyliferobo.com\/de\/product\/sillbird-technik-roboter-kinder-bauspielzeug-5-in-1-roboterset-mit-app-und-fernbedienung-programmierbarer-roboter-mit-app-fernbedienung-jungen-und-maedchen-ab-8-jahren\/","og_locale":"de_DE","og_type":"article","og_title":"Sillbird Technik Roboter Kinder Bauspielzeug 5-in-1 Roboterset mit App und Fernbedienung, programmierbarer Roboter mit App-Fernbedienung, Jungen und M\u00e4dchen ab 8+ Jahren - EasyLifeBro","og_description":"Entdecken Sie smarte Roboter f\u00fcr Zuhause, Garten, Bildung und Sicherheit. Vergleichen Sie Saugroboter, Rasenm\u00e4hroboter, KI-Begleitroboter und mehr bei EasyLifeRobo.","og_url":"https:\/\/easyliferobo.com\/de\/product\/sillbird-technik-roboter-kinder-bauspielzeug-5-in-1-roboterset-mit-app-und-fernbedienung-programmierbarer-roboter-mit-app-fernbedienung-jungen-und-maedchen-ab-8-jahren\/","og_site_name":"EasyLifeBro","article_modified_time":"2026-02-27T09:54:18+00:00","og_image":[{"url":"https:\/\/images-na.ssl-images-amazon.com\/images\/G\/01\/x-locale\/common\/grey-pixel.gif","type":"","width":"","height":""}],"twitter_card":"summary_large_image","twitter_misc":{"Gesch\u00e4tzte Lesezeit":"2\u00a0Minuten"},"schema":{"@context":"https:\/\/schema.org","@graph":[{"@type":"WebPage","@id":"https:\/\/easyliferobo.com\/de\/product\/sillbird-technik-roboter-kinder-bauspielzeug-5-in-1-roboterset-mit-app-und-fernbedienung-programmierbarer-roboter-mit-app-fernbedienung-jungen-und-maedchen-ab-8-jahren\/","url":"https:\/\/easyliferobo.com\/de\/product\/sillbird-technik-roboter-kinder-bauspielzeug-5-in-1-roboterset-mit-app-und-fernbedienung-programmierbarer-roboter-mit-app-fernbedienung-jungen-und-maedchen-ab-8-jahren\/","name":"Sillbird Technik Roboter Kinder Bauspielzeug 5-in-1 Roboterset mit App und Fernbedienung, programmierbarer Roboter mit App-Fernbedienung, Jungen und M\u00e4dchen ab 8+ Jahren - EasyLifeBro","isPartOf":{"@id":"https:\/\/easyliferobo.com\/de\/#website"},"primaryImageOfPage":{"@id":"https:\/\/easyliferobo.com\/de\/product\/sillbird-technik-roboter-kinder-bauspielzeug-5-in-1-roboterset-mit-app-und-fernbedienung-programmierbarer-roboter-mit-app-fernbedienung-jungen-und-maedchen-ab-8-jahren\/#primaryimage"},"image":{"@id":"https:\/\/easyliferobo.com\/de\/product\/sillbird-technik-roboter-kinder-bauspielzeug-5-in-1-roboterset-mit-app-und-fernbedienung-programmierbarer-roboter-mit-app-fernbedienung-jungen-und-maedchen-ab-8-jahren\/#primaryimage"},"thumbnailUrl":"https:\/\/easyliferobo.com\/de\/wp-content\/uploads\/2026\/02\/81R2x3cwW0L._AC_SL1500_.jpg","datePublished":"2026-02-27T09:54:05+00:00","dateModified":"2026-02-27T09:54:18+00:00","description":"Entdecken Sie smarte Roboter f\u00fcr Zuhause, Garten, Bildung und Sicherheit. Vergleichen Sie Saugroboter, Rasenm\u00e4hroboter, KI-Begleitroboter und mehr bei EasyLifeRobo.","breadcrumb":{"@id":"https:\/\/easyliferobo.com\/de\/product\/sillbird-technik-roboter-kinder-bauspielzeug-5-in-1-roboterset-mit-app-und-fernbedienung-programmierbarer-roboter-mit-app-fernbedienung-jungen-und-maedchen-ab-8-jahren\/#breadcrumb"},"inLanguage":"de","potentialAction":[{"@type":"ReadAction","target":["https:\/\/easyliferobo.com\/de\/product\/sillbird-technik-roboter-kinder-bauspielzeug-5-in-1-roboterset-mit-app-und-fernbedienung-programmierbarer-roboter-mit-app-fernbedienung-jungen-und-maedchen-ab-8-jahren\/"]}]},{"@type":"ImageObject","inLanguage":"de","@id":"https:\/\/easyliferobo.com\/de\/product\/sillbird-technik-roboter-kinder-bauspielzeug-5-in-1-roboterset-mit-app-und-fernbedienung-programmierbarer-roboter-mit-app-fernbedienung-jungen-und-maedchen-ab-8-jahren\/#primaryimage","url":"https:\/\/easyliferobo.com\/de\/wp-content\/uploads\/2026\/02\/81R2x3cwW0L._AC_SL1500_.jpg","contentUrl":"https:\/\/easyliferobo.com\/de\/wp-content\/uploads\/2026\/02\/81R2x3cwW0L._AC_SL1500_.jpg","width":1500,"height":1495},{"@type":"BreadcrumbList","@id":"https:\/\/easyliferobo.com\/de\/product\/sillbird-technik-roboter-kinder-bauspielzeug-5-in-1-roboterset-mit-app-und-fernbedienung-programmierbarer-roboter-mit-app-fernbedienung-jungen-und-maedchen-ab-8-jahren\/#breadcrumb","itemListElement":[{"@type":"ListItem","position":1,"name":"Home","item":"https:\/\/easyliferobo.com\/de\/"},{"@type":"ListItem","position":2,"name":"Shop","item":"https:\/\/easyliferobo.com\/de\/shop\/"},{"@type":"ListItem","position":3,"name":"Sillbird Technik Roboter Kinder Bau..."}]},{"@type":"WebSite","@id":"https:\/\/easyliferobo.com\/de\/#website","url":"https:\/\/easyliferobo.com\/de\/","name":"EasyLifeBro","description":"Smarte Roboter f\u00fcr Zuhause, Garten &amp; Bildung","publisher":{"@id":"https:\/\/easyliferobo.com\/de\/#organization"},"potentialAction":[{"@type":"SearchAction","target":{"@type":"EntryPoint","urlTemplate":"https:\/\/easyliferobo.com\/de\/?s={search_term_string}"},"query-input":{"@type":"PropertyValueSpecification","valueRequired":true,"valueName":"search_term_string"}}],"inLanguage":"de"},{"@type":"Organization","@id":"https:\/\/easyliferobo.com\/de\/#organization","name":"EasyLifeBro","url":"https:\/\/easyliferobo.com\/de\/","logo":{"@type":"ImageObject","inLanguage":"de","@id":"https:\/\/easyliferobo.com\/de\/#\/schema\/logo\/image\/","url":"https:\/\/easyliferobo.com\/de\/wp-content\/uploads\/2026\/02\/Screenshot-2026-02-22-at-2.25.03-PM.png","contentUrl":"https:\/\/easyliferobo.com\/de\/wp-content\/uploads\/2026\/02\/Screenshot-2026-02-22-at-2.25.03-PM.png","width":1858,"height":430,"caption":"EasyLifeBro"},"image":{"@id":"https:\/\/easyliferobo.com\/de\/#\/schema\/logo\/image\/"}}]}},"_links":{"self":[{"href":"https:\/\/easyliferobo.com\/de\/wp-json\/wp\/v2\/product\/3668","targetHints":{"allow":["GET"]}}],"collection":[{"href":"https:\/\/easyliferobo.com\/de\/wp-json\/wp\/v2\/product"}],"about":[{"href":"https:\/\/easyliferobo.com\/de\/wp-json\/wp\/v2\/types\/product"}],"replies":[{"embeddable":true,"href":"https:\/\/easyliferobo.com\/de\/wp-json\/wp\/v2\/comments?post=3668"}],"wp:featuredmedia":[{"embeddable":true,"href":"https:\/\/easyliferobo.com\/de\/wp-json\/wp\/v2\/media\/3669"}],"wp:attachment":[{"href":"https:\/\/easyliferobo.com\/de\/wp-json\/wp\/v2\/media?parent=3668"}],"wp:term":[{"taxonomy":"store","embeddable":true,"href":"https:\/\/easyliferobo.com\/de\/wp-json\/wp\/v2\/store?post=3668"},{"taxonomy":"product_brand","embeddable":true,"href":"https:\/\/easyliferobo.com\/de\/wp-json\/wp\/v2\/product_brand?post=3668"},{"taxonomy":"product_cat","embeddable":true,"href":"https:\/\/easyliferobo.com\/de\/wp-json\/wp\/v2\/product_cat?post=3668"},{"taxonomy":"product_tag","embeddable":true,"href":"https:\/\/easyliferobo.com\/de\/wp-json\/wp\/v2\/product_tag?post=3668"}],"curies":[{"name":"wp","href":"https:\/\/api.w.org\/{rel}","templated":true}]}}