
{"id":3658,"date":"2026-02-27T09:52:42","date_gmt":"2026-02-27T09:52:42","guid":{"rendered":"https:\/\/easyliferobo.com\/de\/product\/adeept-5-dof-roboterarm-kit-kompatibel-mit-arduino-ide-diy-roboter-kit-steam-roboterarm-kit-mit-oled-display-verarbeitungscode-und-pdf-tutorial-ueber-den-download-link\/"},"modified":"2026-02-27T09:52:57","modified_gmt":"2026-02-27T09:52:57","slug":"adeept-5-dof-roboterarm-kit-kompatibel-mit-arduino-ide-diy-roboter-kit-steam-roboterarm-kit-mit-oled-display-verarbeitungscode-und-pdf-tutorial-ueber-den-download-link","status":"publish","type":"product","link":"https:\/\/easyliferobo.com\/de\/product\/adeept-5-dof-roboterarm-kit-kompatibel-mit-arduino-ide-diy-roboter-kit-steam-roboterarm-kit-mit-oled-display-verarbeitungscode-und-pdf-tutorial-ueber-den-download-link\/","title":{"rendered":"Adeept 5-DOF-Roboterarm-Kit, kompat..."},"content":{"rendered":"<p>\n                                             Von der Marke   <\/p>\n<p>                                              <img decoding=\"async\" alt=\"STEM-Projektkit mit Roboterkomponenten auf einem Tisch. Ein Erwachsener und ein Kind untersuchen gemeinsam die Teile, in der N\u00e4he sind ein Laptop und eine Drohne zu sehen.\" src=\"https:\/\/images-na.ssl-images-amazon.com\/images\/G\/01\/x-locale\/common\/grey-pixel.gif\" class=\"a-lazy-loaded\" data-src=\"https:\/\/m.media-amazon.com\/images\/S\/aplus-media-library-service-media\/2efe6a4d-85ce-47f7-93c4-0c9ffc32ee4b.__CR0,0,1464,625_PT0_SX1464_V1___.jpg\"><img decoding=\"async\" alt=\"STEM-Projektkit mit Roboterkomponenten auf einem Tisch. Ein Erwachsener und ein Kind untersuchen gemeinsam die Teile, in der N\u00e4he sind ein Laptop und eine Drohne zu sehen.\" src=\"https:\/\/m.media-amazon.com\/images\/S\/aplus-media-library-service-media\/2efe6a4d-85ce-47f7-93c4-0c9ffc32ee4b.__CR0,0,1464,625_PT0_SX1464_V1___.jpg\">  <\/p>\n<p>                                              <img decoding=\"async\" alt=\"\" src=\"https:\/\/images-na.ssl-images-amazon.com\/images\/G\/01\/x-locale\/common\/grey-pixel.gif\" class=\"a-lazy-loaded\" data-src=\"https:\/\/m.media-amazon.com\/images\/S\/aplus-media-library-service-media\/976e404a-740d-479e-aff2-91df7fb4493a.__CR0,0,315,145_PT0_SX315_V1___.jpg\"><img decoding=\"async\" alt=\"\" src=\"https:\/\/m.media-amazon.com\/images\/S\/aplus-media-library-service-media\/976e404a-740d-479e-aff2-91df7fb4493a.__CR0,0,315,145_PT0_SX315_V1___.jpg\">  <\/p>\n<p>  Adeept wurde 2015 in Shenzhen, China, gegr\u00fcndet und entwickelt haupts\u00e4chlich Al-STEM-Lernroboter auf Basis von Raspberry Pi, Arduino und BBC Micro:bit. Adeept ist ein wachsendes High-Tech-Unternehmen, das sich auf Forschung, Entwicklung, Produktion, Vertrieb sowie wissenschaftliche und p\u00e4dagogische Dienstleistungen von Open-Source-Hardware und MINT-Lernprodukten spezialisiert hat. <\/p>\n<h3>  Kompatibel mit Arduino IDE <\/h3>\n<h3>  Kompatibel mit Arduino IDE <\/h3>\n<h3>  Kompatibel mit Raspberry Pi <\/h3>\n<h3>  Kompatibel mit Raspberry Pi <\/h3>\n<h3>  Starter-Kits\/Boards <\/h3>\n<p>                                              <img decoding=\"async\" alt=\"Gruppenfoto bei der Veranstaltung \u201eTeenHacks Best Civic Hack 2018\u201c. Die Teilnehmer stehen vor dem NetScout-Banner und dem TeenHacks-Logo. Event-Sponsoren&#39; Logos auf dem Hintergrund sichtbar.\" src=\"https:\/\/images-na.ssl-images-amazon.com\/images\/G\/01\/x-locale\/common\/grey-pixel.gif\" class=\"a-lazy-loaded\" data-src=\"https:\/\/m.media-amazon.com\/images\/S\/aplus-media-library-service-media\/f2eb089d-dabb-40c2-b9d2-ba0ffbbea54c.__CR0,0,362,453_PT0_SX362_V1___.jpg\"><img decoding=\"async\" alt=\"Gruppenfoto bei der Veranstaltung \u201eTeenHacks Best Civic Hack 2018\u201c. Die Teilnehmer stehen vor dem NetScout-Banner und dem TeenHacks-Logo. Event-Sponsoren&#39; Logos auf dem Hintergrund sichtbar.\" src=\"https:\/\/m.media-amazon.com\/images\/S\/aplus-media-library-service-media\/f2eb089d-dabb-40c2-b9d2-ba0ffbbea54c.__CR0,0,362,453_PT0_SX362_V1___.jpg\">  <\/p>\n<p>                                              <img decoding=\"async\" alt=\"Gruppe von Menschen, die mit elektronischen Bauteilen und Werkzeugen am Tisch sitzen. Gelbes kreisf\u00f6rmiges Schild mit Strichm\u00e4nnchen und Text \u201eTeen Hack\u201c oben sichtbar. Der Hintergrund zeigt die Aussicht auf die K\u00fcstenstadt.\" src=\"https:\/\/images-na.ssl-images-amazon.com\/images\/G\/01\/x-locale\/common\/grey-pixel.gif\" class=\"a-lazy-loaded\" data-src=\"https:\/\/m.media-amazon.com\/images\/S\/aplus-media-library-service-media\/21fc8c9b-4baa-476d-bbf8-6fe8582b2ea4.__CR0,0,362,453_PT0_SX362_V1___.jpg\"><img decoding=\"async\" alt=\"Gruppe von Menschen, die mit elektronischen Bauteilen und Werkzeugen am Tisch sitzen. Gelbes kreisf\u00f6rmiges Schild mit Strichm\u00e4nnchen und Text \u201eTeen Hack\u201c oben sichtbar. Der Hintergrund zeigt die Aussicht auf die K\u00fcstenstadt.\" src=\"https:\/\/m.media-amazon.com\/images\/S\/aplus-media-library-service-media\/21fc8c9b-4baa-476d-bbf8-6fe8582b2ea4.__CR0,0,362,453_PT0_SX362_V1___.jpg\">  <\/p>\n<p>                                              <img decoding=\"async\" alt=\"Drei Personen untersuchen blaue Kisten und Papiere auf einem Tisch. Ein gelbes rundes Schild mit Strichm\u00e4nnchen und der Aufschrift \u201e1.\u201c. ist an der Wand hinter ihnen sichtbar.\" src=\"https:\/\/images-na.ssl-images-amazon.com\/images\/G\/01\/x-locale\/common\/grey-pixel.gif\" class=\"a-lazy-loaded\" data-src=\"https:\/\/m.media-amazon.com\/images\/S\/aplus-media-library-service-media\/753fb2a4-feb6-4661-a73d-dda2596a88f9.__CR0,0,362,453_PT0_SX362_V1___.jpg\"><img decoding=\"async\" alt=\"Drei Personen untersuchen blaue Kisten und Papiere auf einem Tisch. Ein gelbes rundes Schild mit Strichm\u00e4nnchen und der Aufschrift \u201e1.\u201c. ist an der Wand hinter ihnen sichtbar.\" src=\"https:\/\/m.media-amazon.com\/images\/S\/aplus-media-library-service-media\/753fb2a4-feb6-4661-a73d-dda2596a88f9.__CR0,0,362,453_PT0_SX362_V1___.jpg\">  <\/p>\n<p>                                              <img decoding=\"async\" alt=\"Zusammengesetztes Bild, das verschiedene Lager- und B\u00fcroszenen zeigt: Lagerregale mit Kisten, Arbeiter, die Inventar organisieren, Versandbeh\u00e4lter und Menschen, die an Schreibtischen in einer Industrieumgebung arbeiten.\" src=\"https:\/\/images-na.ssl-images-amazon.com\/images\/G\/01\/x-locale\/common\/grey-pixel.gif\" class=\"a-lazy-loaded\" data-src=\"https:\/\/m.media-amazon.com\/images\/S\/aplus-media-library-service-media\/5cd93405-f8fd-4d4e-8453-6b4cdb8eaf93.__CR0,0,362,453_PT0_SX362_V1___.jpg\"><img decoding=\"async\" alt=\"Zusammengesetztes Bild, das verschiedene Lager- und B\u00fcroszenen zeigt: Lagerregale mit Kisten, Arbeiter, die Inventar organisieren, Versandbeh\u00e4lter und Menschen, die an Schreibtischen in einer Industrieumgebung arbeiten.\" src=\"https:\/\/m.media-amazon.com\/images\/S\/aplus-media-library-service-media\/5cd93405-f8fd-4d4e-8453-6b4cdb8eaf93.__CR0,0,362,453_PT0_SX362_V1___.jpg\">  <\/p>\n<p>                                              <img decoding=\"async\" alt=\"Raster aus offiziell aussehenden Dokumenten mit Stempeln und Siegeln. Die obere Reihe zeigt blau umrandete Zertifikate, die unteren Reihen zeigen wei\u00dfe Dokumente mit roten Stempeln. Text \u201eGeistiges Eigentum\u201c \u00fcberlagert.\" src=\"https:\/\/images-na.ssl-images-amazon.com\/images\/G\/01\/x-locale\/common\/grey-pixel.gif\" class=\"a-lazy-loaded\" data-src=\"https:\/\/m.media-amazon.com\/images\/S\/aplus-media-library-service-media\/45cafec2-6e31-4b58-b2cc-175e47f5dce8.__CR0,0,362,453_PT0_SX362_V1___.jpg\"><img decoding=\"async\" alt=\"Raster aus offiziell aussehenden Dokumenten mit Stempeln und Siegeln. Die obere Reihe zeigt blau umrandete Zertifikate, die unteren Reihen zeigen wei\u00dfe Dokumente mit roten Stempeln. Text \u201eGeistiges Eigentum\u201c \u00fcberlagert.\" src=\"https:\/\/m.media-amazon.com\/images\/S\/aplus-media-library-service-media\/45cafec2-6e31-4b58-b2cc-175e47f5dce8.__CR0,0,362,453_PT0_SX362_V1___.jpg\">  <\/p>\n<p>Das 5-DOF-Roboterarm-Kit wurde f\u00fcr Roboterliebhaber entwickelt und ist mit der Arduino IDE kompatibel. Ein ausf\u00fchrliches Handbuch (PDF) und eine Vielzahl interessanter Arduino-Coderoutinen werden mitgeliefert.<br \/>Mehrere Steuerungsmethoden \u2013 manuelle Steuerung (Steuerung durch Drehen des Potentiometerknopfs auf der Treiberplatine); Fernbedienung (gesteuert durch grafische PC-Software)<br \/>Mehrere Funktionen \u2013 Selbstlernen, Zeichnen, Nachahmen usw.<br \/>Starker technischer Support \u2013 offizielles Forum, Blog, Videos und schnell reagierender technischer Support per E-Mail. Bitte machen Sie sich keine Sorgen um die Produktqualit\u00e4t, wir sind f\u00fcr die Qualit\u00e4t unserer Produkte verantwortlich. Wenn Sie w\u00e4hrend des Gebrauchs auf Probleme sto\u00dfen, kontaktieren Sie uns bitte und wir werden Ihnen innerhalb von 24 Stunden antworten. Wir bieten Ihnen jede Art von Unterst\u00fctzung, damit Sie eine gute Erfahrung machen k\u00f6nnen.<br \/>Die Treiberplatine und Arduino UNO R3 sind f\u00fcr eine stabilere Leistung in einer Platine integriert<\/p>\n<p>[ad_2]<\/p>\n","protected":false},"excerpt":{"rendered":"<p>Von der Marke Adeept wurde 2015 in Shenzhen, China, gegr\u00fcndet und entwickelt haupts\u00e4chlich Al-STEM-Lernroboter auf Basis von Raspberry Pi, Arduino und BBC Micro:bit. Adeept ist ein wachsendes High-Tech-Unternehmen, das sich auf Forschung, Entwicklung, Produktion, Vertrieb sowie wissenschaftliche und p\u00e4dagogische Dienstleistungen von Open-Source-Hardware und MINT-Lernprodukten spezialisiert hat. Kompatibel mit Arduino IDE Kompatibel mit Arduino IDE Kompatibel [&hellip;]<\/p>\n","protected":false},"featured_media":3659,"comment_status":"open","ping_status":"closed","template":"","meta":{"_aipt_faq_data":""},"store":[],"product_brand":[],"product_cat":[79],"product_tag":[343],"class_list":{"0":"post-3658","1":"product","2":"type-product","3":"status-publish","4":"has-post-thumbnail","6":"product_cat-stem-roboter","7":"product_tag-stem-roboter-diy-roboterarm","9":"first","10":"instock","11":"shipping-taxable","12":"product-type-external"},"yoast_head":"<!-- This site is optimized with the Yoast SEO plugin v27.4 - https:\/\/yoast.com\/product\/yoast-seo-wordpress\/ -->\n<title>Adeept 5-DOF-Roboterarm-Kit, kompatibel mit Arduino IDE, DIY-Roboter-Kit, Steam-Roboterarm-Kit mit OLED-Display, Verarbeitungscode und PDF-Tutorial \u00fcber den Download-Link - EasyLifeBro<\/title>\n<meta name=\"description\" content=\"Entdecken Sie smarte Roboter f\u00fcr Zuhause, Garten, Bildung und Sicherheit. Vergleichen Sie Saugroboter, Rasenm\u00e4hroboter, KI-Begleitroboter und mehr bei EasyLifeRobo.\" \/>\n<meta name=\"robots\" content=\"index, follow, max-snippet:-1, max-image-preview:large, max-video-preview:-1\" \/>\n<link rel=\"canonical\" href=\"https:\/\/easyliferobo.com\/de\/product\/adeept-5-dof-roboterarm-kit-kompatibel-mit-arduino-ide-diy-roboter-kit-steam-roboterarm-kit-mit-oled-display-verarbeitungscode-und-pdf-tutorial-ueber-den-download-link\/\" \/>\n<meta property=\"og:locale\" content=\"de_DE\" \/>\n<meta property=\"og:type\" content=\"article\" \/>\n<meta property=\"og:title\" content=\"Adeept 5-DOF-Roboterarm-Kit, kompatibel mit Arduino IDE, DIY-Roboter-Kit, Steam-Roboterarm-Kit mit OLED-Display, Verarbeitungscode und PDF-Tutorial \u00fcber den Download-Link - EasyLifeBro\" \/>\n<meta property=\"og:description\" content=\"Entdecken Sie smarte Roboter f\u00fcr Zuhause, Garten, Bildung und Sicherheit. Vergleichen Sie Saugroboter, Rasenm\u00e4hroboter, KI-Begleitroboter und mehr bei EasyLifeRobo.\" \/>\n<meta property=\"og:url\" content=\"https:\/\/easyliferobo.com\/de\/product\/adeept-5-dof-roboterarm-kit-kompatibel-mit-arduino-ide-diy-roboter-kit-steam-roboterarm-kit-mit-oled-display-verarbeitungscode-und-pdf-tutorial-ueber-den-download-link\/\" \/>\n<meta property=\"og:site_name\" content=\"EasyLifeBro\" \/>\n<meta property=\"article:modified_time\" content=\"2026-02-27T09:52:57+00:00\" \/>\n<meta property=\"og:image\" content=\"https:\/\/images-na.ssl-images-amazon.com\/images\/G\/01\/x-locale\/common\/grey-pixel.gif\" \/>\n<meta name=\"twitter:card\" content=\"summary_large_image\" \/>\n<meta name=\"twitter:label1\" content=\"Gesch\u00e4tzte Lesezeit\" \/>\n\t<meta name=\"twitter:data1\" content=\"1\u00a0Minute\" \/>\n<script type=\"application\/ld+json\" class=\"yoast-schema-graph\">{\"@context\":\"https:\\\/\\\/schema.org\",\"@graph\":[{\"@type\":\"WebPage\",\"@id\":\"https:\\\/\\\/easyliferobo.com\\\/de\\\/product\\\/adeept-5-dof-roboterarm-kit-kompatibel-mit-arduino-ide-diy-roboter-kit-steam-roboterarm-kit-mit-oled-display-verarbeitungscode-und-pdf-tutorial-ueber-den-download-link\\\/\",\"url\":\"https:\\\/\\\/easyliferobo.com\\\/de\\\/product\\\/adeept-5-dof-roboterarm-kit-kompatibel-mit-arduino-ide-diy-roboter-kit-steam-roboterarm-kit-mit-oled-display-verarbeitungscode-und-pdf-tutorial-ueber-den-download-link\\\/\",\"name\":\"Adeept 5-DOF-Roboterarm-Kit, kompatibel mit Arduino IDE, DIY-Roboter-Kit, Steam-Roboterarm-Kit mit OLED-Display, Verarbeitungscode und PDF-Tutorial \u00fcber den Download-Link - EasyLifeBro\",\"isPartOf\":{\"@id\":\"https:\\\/\\\/easyliferobo.com\\\/de\\\/#website\"},\"primaryImageOfPage\":{\"@id\":\"https:\\\/\\\/easyliferobo.com\\\/de\\\/product\\\/adeept-5-dof-roboterarm-kit-kompatibel-mit-arduino-ide-diy-roboter-kit-steam-roboterarm-kit-mit-oled-display-verarbeitungscode-und-pdf-tutorial-ueber-den-download-link\\\/#primaryimage\"},\"image\":{\"@id\":\"https:\\\/\\\/easyliferobo.com\\\/de\\\/product\\\/adeept-5-dof-roboterarm-kit-kompatibel-mit-arduino-ide-diy-roboter-kit-steam-roboterarm-kit-mit-oled-display-verarbeitungscode-und-pdf-tutorial-ueber-den-download-link\\\/#primaryimage\"},\"thumbnailUrl\":\"https:\\\/\\\/easyliferobo.com\\\/de\\\/wp-content\\\/uploads\\\/2026\\\/02\\\/61Nejjci2aL._AC_SL1500_.jpg\",\"datePublished\":\"2026-02-27T09:52:42+00:00\",\"dateModified\":\"2026-02-27T09:52:57+00:00\",\"description\":\"Entdecken Sie smarte Roboter f\u00fcr Zuhause, Garten, Bildung und Sicherheit. Vergleichen Sie Saugroboter, Rasenm\u00e4hroboter, KI-Begleitroboter und mehr bei EasyLifeRobo.\",\"breadcrumb\":{\"@id\":\"https:\\\/\\\/easyliferobo.com\\\/de\\\/product\\\/adeept-5-dof-roboterarm-kit-kompatibel-mit-arduino-ide-diy-roboter-kit-steam-roboterarm-kit-mit-oled-display-verarbeitungscode-und-pdf-tutorial-ueber-den-download-link\\\/#breadcrumb\"},\"inLanguage\":\"de\",\"potentialAction\":[{\"@type\":\"ReadAction\",\"target\":[\"https:\\\/\\\/easyliferobo.com\\\/de\\\/product\\\/adeept-5-dof-roboterarm-kit-kompatibel-mit-arduino-ide-diy-roboter-kit-steam-roboterarm-kit-mit-oled-display-verarbeitungscode-und-pdf-tutorial-ueber-den-download-link\\\/\"]}]},{\"@type\":\"ImageObject\",\"inLanguage\":\"de\",\"@id\":\"https:\\\/\\\/easyliferobo.com\\\/de\\\/product\\\/adeept-5-dof-roboterarm-kit-kompatibel-mit-arduino-ide-diy-roboter-kit-steam-roboterarm-kit-mit-oled-display-verarbeitungscode-und-pdf-tutorial-ueber-den-download-link\\\/#primaryimage\",\"url\":\"https:\\\/\\\/easyliferobo.com\\\/de\\\/wp-content\\\/uploads\\\/2026\\\/02\\\/61Nejjci2aL._AC_SL1500_.jpg\",\"contentUrl\":\"https:\\\/\\\/easyliferobo.com\\\/de\\\/wp-content\\\/uploads\\\/2026\\\/02\\\/61Nejjci2aL._AC_SL1500_.jpg\",\"width\":1440,\"height\":1386},{\"@type\":\"BreadcrumbList\",\"@id\":\"https:\\\/\\\/easyliferobo.com\\\/de\\\/product\\\/adeept-5-dof-roboterarm-kit-kompatibel-mit-arduino-ide-diy-roboter-kit-steam-roboterarm-kit-mit-oled-display-verarbeitungscode-und-pdf-tutorial-ueber-den-download-link\\\/#breadcrumb\",\"itemListElement\":[{\"@type\":\"ListItem\",\"position\":1,\"name\":\"Home\",\"item\":\"https:\\\/\\\/easyliferobo.com\\\/de\\\/\"},{\"@type\":\"ListItem\",\"position\":2,\"name\":\"Shop\",\"item\":\"https:\\\/\\\/easyliferobo.com\\\/de\\\/shop\\\/\"},{\"@type\":\"ListItem\",\"position\":3,\"name\":\"Adeept 5-DOF-Roboterarm-Kit, kompat...\"}]},{\"@type\":\"WebSite\",\"@id\":\"https:\\\/\\\/easyliferobo.com\\\/de\\\/#website\",\"url\":\"https:\\\/\\\/easyliferobo.com\\\/de\\\/\",\"name\":\"EasyLifeBro\",\"description\":\"Smarte Roboter f\u00fcr Zuhause, Garten &amp; Bildung\",\"publisher\":{\"@id\":\"https:\\\/\\\/easyliferobo.com\\\/de\\\/#organization\"},\"potentialAction\":[{\"@type\":\"SearchAction\",\"target\":{\"@type\":\"EntryPoint\",\"urlTemplate\":\"https:\\\/\\\/easyliferobo.com\\\/de\\\/?s={search_term_string}\"},\"query-input\":{\"@type\":\"PropertyValueSpecification\",\"valueRequired\":true,\"valueName\":\"search_term_string\"}}],\"inLanguage\":\"de\"},{\"@type\":\"Organization\",\"@id\":\"https:\\\/\\\/easyliferobo.com\\\/de\\\/#organization\",\"name\":\"EasyLifeBro\",\"url\":\"https:\\\/\\\/easyliferobo.com\\\/de\\\/\",\"logo\":{\"@type\":\"ImageObject\",\"inLanguage\":\"de\",\"@id\":\"https:\\\/\\\/easyliferobo.com\\\/de\\\/#\\\/schema\\\/logo\\\/image\\\/\",\"url\":\"https:\\\/\\\/easyliferobo.com\\\/de\\\/wp-content\\\/uploads\\\/2026\\\/02\\\/Screenshot-2026-02-22-at-2.25.03-PM.png\",\"contentUrl\":\"https:\\\/\\\/easyliferobo.com\\\/de\\\/wp-content\\\/uploads\\\/2026\\\/02\\\/Screenshot-2026-02-22-at-2.25.03-PM.png\",\"width\":1858,\"height\":430,\"caption\":\"EasyLifeBro\"},\"image\":{\"@id\":\"https:\\\/\\\/easyliferobo.com\\\/de\\\/#\\\/schema\\\/logo\\\/image\\\/\"}}]}<\/script>\n<!-- \/ Yoast SEO plugin. -->","yoast_head_json":{"title":"Adeept 5-DOF-Roboterarm-Kit, kompatibel mit Arduino IDE, DIY-Roboter-Kit, Steam-Roboterarm-Kit mit OLED-Display, Verarbeitungscode und PDF-Tutorial \u00fcber den Download-Link - EasyLifeBro","description":"Entdecken Sie smarte Roboter f\u00fcr Zuhause, Garten, Bildung und Sicherheit. Vergleichen Sie Saugroboter, Rasenm\u00e4hroboter, KI-Begleitroboter und mehr bei EasyLifeRobo.","robots":{"index":"index","follow":"follow","max-snippet":"max-snippet:-1","max-image-preview":"max-image-preview:large","max-video-preview":"max-video-preview:-1"},"canonical":"https:\/\/easyliferobo.com\/de\/product\/adeept-5-dof-roboterarm-kit-kompatibel-mit-arduino-ide-diy-roboter-kit-steam-roboterarm-kit-mit-oled-display-verarbeitungscode-und-pdf-tutorial-ueber-den-download-link\/","og_locale":"de_DE","og_type":"article","og_title":"Adeept 5-DOF-Roboterarm-Kit, kompatibel mit Arduino IDE, DIY-Roboter-Kit, Steam-Roboterarm-Kit mit OLED-Display, Verarbeitungscode und PDF-Tutorial \u00fcber den Download-Link - EasyLifeBro","og_description":"Entdecken Sie smarte Roboter f\u00fcr Zuhause, Garten, Bildung und Sicherheit. Vergleichen Sie Saugroboter, Rasenm\u00e4hroboter, KI-Begleitroboter und mehr bei EasyLifeRobo.","og_url":"https:\/\/easyliferobo.com\/de\/product\/adeept-5-dof-roboterarm-kit-kompatibel-mit-arduino-ide-diy-roboter-kit-steam-roboterarm-kit-mit-oled-display-verarbeitungscode-und-pdf-tutorial-ueber-den-download-link\/","og_site_name":"EasyLifeBro","article_modified_time":"2026-02-27T09:52:57+00:00","og_image":[{"url":"https:\/\/images-na.ssl-images-amazon.com\/images\/G\/01\/x-locale\/common\/grey-pixel.gif","type":"","width":"","height":""}],"twitter_card":"summary_large_image","twitter_misc":{"Gesch\u00e4tzte Lesezeit":"1\u00a0Minute"},"schema":{"@context":"https:\/\/schema.org","@graph":[{"@type":"WebPage","@id":"https:\/\/easyliferobo.com\/de\/product\/adeept-5-dof-roboterarm-kit-kompatibel-mit-arduino-ide-diy-roboter-kit-steam-roboterarm-kit-mit-oled-display-verarbeitungscode-und-pdf-tutorial-ueber-den-download-link\/","url":"https:\/\/easyliferobo.com\/de\/product\/adeept-5-dof-roboterarm-kit-kompatibel-mit-arduino-ide-diy-roboter-kit-steam-roboterarm-kit-mit-oled-display-verarbeitungscode-und-pdf-tutorial-ueber-den-download-link\/","name":"Adeept 5-DOF-Roboterarm-Kit, kompatibel mit Arduino IDE, DIY-Roboter-Kit, Steam-Roboterarm-Kit mit OLED-Display, Verarbeitungscode und PDF-Tutorial \u00fcber den Download-Link - EasyLifeBro","isPartOf":{"@id":"https:\/\/easyliferobo.com\/de\/#website"},"primaryImageOfPage":{"@id":"https:\/\/easyliferobo.com\/de\/product\/adeept-5-dof-roboterarm-kit-kompatibel-mit-arduino-ide-diy-roboter-kit-steam-roboterarm-kit-mit-oled-display-verarbeitungscode-und-pdf-tutorial-ueber-den-download-link\/#primaryimage"},"image":{"@id":"https:\/\/easyliferobo.com\/de\/product\/adeept-5-dof-roboterarm-kit-kompatibel-mit-arduino-ide-diy-roboter-kit-steam-roboterarm-kit-mit-oled-display-verarbeitungscode-und-pdf-tutorial-ueber-den-download-link\/#primaryimage"},"thumbnailUrl":"https:\/\/easyliferobo.com\/de\/wp-content\/uploads\/2026\/02\/61Nejjci2aL._AC_SL1500_.jpg","datePublished":"2026-02-27T09:52:42+00:00","dateModified":"2026-02-27T09:52:57+00:00","description":"Entdecken Sie smarte Roboter f\u00fcr Zuhause, Garten, Bildung und Sicherheit. Vergleichen Sie Saugroboter, Rasenm\u00e4hroboter, KI-Begleitroboter und mehr bei EasyLifeRobo.","breadcrumb":{"@id":"https:\/\/easyliferobo.com\/de\/product\/adeept-5-dof-roboterarm-kit-kompatibel-mit-arduino-ide-diy-roboter-kit-steam-roboterarm-kit-mit-oled-display-verarbeitungscode-und-pdf-tutorial-ueber-den-download-link\/#breadcrumb"},"inLanguage":"de","potentialAction":[{"@type":"ReadAction","target":["https:\/\/easyliferobo.com\/de\/product\/adeept-5-dof-roboterarm-kit-kompatibel-mit-arduino-ide-diy-roboter-kit-steam-roboterarm-kit-mit-oled-display-verarbeitungscode-und-pdf-tutorial-ueber-den-download-link\/"]}]},{"@type":"ImageObject","inLanguage":"de","@id":"https:\/\/easyliferobo.com\/de\/product\/adeept-5-dof-roboterarm-kit-kompatibel-mit-arduino-ide-diy-roboter-kit-steam-roboterarm-kit-mit-oled-display-verarbeitungscode-und-pdf-tutorial-ueber-den-download-link\/#primaryimage","url":"https:\/\/easyliferobo.com\/de\/wp-content\/uploads\/2026\/02\/61Nejjci2aL._AC_SL1500_.jpg","contentUrl":"https:\/\/easyliferobo.com\/de\/wp-content\/uploads\/2026\/02\/61Nejjci2aL._AC_SL1500_.jpg","width":1440,"height":1386},{"@type":"BreadcrumbList","@id":"https:\/\/easyliferobo.com\/de\/product\/adeept-5-dof-roboterarm-kit-kompatibel-mit-arduino-ide-diy-roboter-kit-steam-roboterarm-kit-mit-oled-display-verarbeitungscode-und-pdf-tutorial-ueber-den-download-link\/#breadcrumb","itemListElement":[{"@type":"ListItem","position":1,"name":"Home","item":"https:\/\/easyliferobo.com\/de\/"},{"@type":"ListItem","position":2,"name":"Shop","item":"https:\/\/easyliferobo.com\/de\/shop\/"},{"@type":"ListItem","position":3,"name":"Adeept 5-DOF-Roboterarm-Kit, kompat..."}]},{"@type":"WebSite","@id":"https:\/\/easyliferobo.com\/de\/#website","url":"https:\/\/easyliferobo.com\/de\/","name":"EasyLifeBro","description":"Smarte Roboter f\u00fcr Zuhause, Garten &amp; Bildung","publisher":{"@id":"https:\/\/easyliferobo.com\/de\/#organization"},"potentialAction":[{"@type":"SearchAction","target":{"@type":"EntryPoint","urlTemplate":"https:\/\/easyliferobo.com\/de\/?s={search_term_string}"},"query-input":{"@type":"PropertyValueSpecification","valueRequired":true,"valueName":"search_term_string"}}],"inLanguage":"de"},{"@type":"Organization","@id":"https:\/\/easyliferobo.com\/de\/#organization","name":"EasyLifeBro","url":"https:\/\/easyliferobo.com\/de\/","logo":{"@type":"ImageObject","inLanguage":"de","@id":"https:\/\/easyliferobo.com\/de\/#\/schema\/logo\/image\/","url":"https:\/\/easyliferobo.com\/de\/wp-content\/uploads\/2026\/02\/Screenshot-2026-02-22-at-2.25.03-PM.png","contentUrl":"https:\/\/easyliferobo.com\/de\/wp-content\/uploads\/2026\/02\/Screenshot-2026-02-22-at-2.25.03-PM.png","width":1858,"height":430,"caption":"EasyLifeBro"},"image":{"@id":"https:\/\/easyliferobo.com\/de\/#\/schema\/logo\/image\/"}}]}},"_links":{"self":[{"href":"https:\/\/easyliferobo.com\/de\/wp-json\/wp\/v2\/product\/3658","targetHints":{"allow":["GET"]}}],"collection":[{"href":"https:\/\/easyliferobo.com\/de\/wp-json\/wp\/v2\/product"}],"about":[{"href":"https:\/\/easyliferobo.com\/de\/wp-json\/wp\/v2\/types\/product"}],"replies":[{"embeddable":true,"href":"https:\/\/easyliferobo.com\/de\/wp-json\/wp\/v2\/comments?post=3658"}],"wp:featuredmedia":[{"embeddable":true,"href":"https:\/\/easyliferobo.com\/de\/wp-json\/wp\/v2\/media\/3659"}],"wp:attachment":[{"href":"https:\/\/easyliferobo.com\/de\/wp-json\/wp\/v2\/media?parent=3658"}],"wp:term":[{"taxonomy":"store","embeddable":true,"href":"https:\/\/easyliferobo.com\/de\/wp-json\/wp\/v2\/store?post=3658"},{"taxonomy":"product_brand","embeddable":true,"href":"https:\/\/easyliferobo.com\/de\/wp-json\/wp\/v2\/product_brand?post=3658"},{"taxonomy":"product_cat","embeddable":true,"href":"https:\/\/easyliferobo.com\/de\/wp-json\/wp\/v2\/product_cat?post=3658"},{"taxonomy":"product_tag","embeddable":true,"href":"https:\/\/easyliferobo.com\/de\/wp-json\/wp\/v2\/product_tag?post=3658"}],"curies":[{"name":"wp","href":"https:\/\/api.w.org\/{rel}","templated":true}]}}