
{"id":3648,"date":"2026-02-27T09:51:35","date_gmt":"2026-02-27T09:51:35","guid":{"rendered":"https:\/\/easyliferobo.com\/de\/product\/osoyoo-starter-kit-roboter-modellauto-kit-fuer-arduino-stem-fernbedienung-per-app-fuer-paedagogische-motorisierte-robotik-zum-bauen\/"},"modified":"2026-02-27T09:51:54","modified_gmt":"2026-02-27T09:51:54","slug":"osoyoo-starter-kit-roboter-modellauto-kit-fuer-arduino-stem-fernbedienung-per-app-fuer-paedagogische-motorisierte-robotik-zum-bauen","status":"publish","type":"product","link":"https:\/\/easyliferobo.com\/de\/product\/osoyoo-starter-kit-roboter-modellauto-kit-fuer-arduino-stem-fernbedienung-per-app-fuer-paedagogische-motorisierte-robotik-zum-bauen\/","title":{"rendered":"OSOYOO Starter Kit Roboter-Modellau..."},"content":{"rendered":"<p>\n                                             Von der Marke   <\/p>\n<p>                                              <img decoding=\"async\" alt=\"Werbebild f\u00fcr die MINT-Ausbildung mit einem Jungen in einem gestreiften Hemd, der mit einem Roboter-Autobausatz arbeitet. Rosa Hintergrund mit der Aufschrift \u201eSTEM EDUCATION\u201c Text.\" src=\"https:\/\/images-na.ssl-images-amazon.com\/images\/G\/01\/x-locale\/common\/grey-pixel.gif\" class=\"a-lazy-loaded\" data-src=\"https:\/\/m.media-amazon.com\/images\/S\/aplus-media-library-service-media\/00b7fdc6-000f-4c9d-a967-428470c91599.__CR0,0,1464,625_PT0_SX1464_V1___.jpg\"><img decoding=\"async\" alt=\"Werbebild f\u00fcr die MINT-Ausbildung mit einem Jungen in einem gestreiften Hemd, der mit einem Roboter-Autobausatz arbeitet. Rosa Hintergrund mit der Aufschrift \u201eSTEM EDUCATION\u201c Text.\" src=\"https:\/\/m.media-amazon.com\/images\/S\/aplus-media-library-service-media\/00b7fdc6-000f-4c9d-a967-428470c91599.__CR0,0,1464,625_PT0_SX1464_V1___.jpg\">  <\/p>\n<p>                                              <img decoding=\"async\" alt=\"\" src=\"https:\/\/images-na.ssl-images-amazon.com\/images\/G\/01\/x-locale\/common\/grey-pixel.gif\" class=\"a-lazy-loaded\" data-src=\"https:\/\/m.media-amazon.com\/images\/S\/aplus-media-library-service-media\/0243b8bf-40ea-4167-8f8d-414106d3960a.__CR0,0,315,145_PT0_SX315_V1___.jpg\"><img decoding=\"async\" alt=\"\" src=\"https:\/\/m.media-amazon.com\/images\/S\/aplus-media-library-service-media\/0243b8bf-40ea-4167-8f8d-414106d3960a.__CR0,0,315,145_PT0_SX315_V1___.jpg\">  <\/p>\n<p>  OSOYOO bietet innovative Elektronikprodukte und Lernkits f\u00fcr Arduino, Raspberry Pi und mehr. Mit hochwertigen Komponenten und umfassender Dokumentation unterst\u00fctzen wir Bastler, Studenten und Profis bei der Umsetzung kreativer Projekte. Entdecken Sie die Welt der Elektronik mit OSOYOO! <\/p>\n<h3>  OSOYOO Roboterauto <\/h3>\n<p class=\"apm-brand-story-stores-link\">\n<h3>  OSOYOO Starterpaket <\/h3>\n<p class=\"apm-brand-story-stores-link\">\n<h3>  OSOYOO Baustein-Set <\/h3>\n<p class=\"apm-brand-story-stores-link\">\n<p>                                                         Was macht OSOYOO innovativ?                                       <\/p>\n<p> OSOYOO integriert Technologietrends f\u00fcr vielseitige L\u00f6sungen. <\/p>\n<p>                                                         Wie stellt OSOYOO die Produktqualit\u00e4t sicher?                                       <\/p>\n<p> OSOYOO garantiert Qualit\u00e4t durch strenge Tests. <\/p>\n<p>                                                         K\u00f6nnen Sie ein Anwendungsbeispiel nennen?                                       <\/p>\n<p> Ein Kunde nutzte unser Arduino-Kit f\u00fcr ein intelligentes Gew\u00e4chshaus. <\/p>\n<p>Das OSOYOO Robot Car Kit V2.0 ist f\u00fcr Arduino UNO R3 konzipiert. Und unser Kit ist mit dem Arduino-Starter- und Roboterauto-Kit kompatibel<br \/>Das OSOYOO Robot Car Kit V2.0 ist ein multifunktionales Roboterauto, das mehrere Arbeitsmodi unterst\u00fctzt: Linienverfolgung, Objektverfolgung, Hindernisvermeidung, IR-Fernbedienung, WLAN-App-Steuerung, Schwerkrafterkennungssteuerung<br \/>Das OSOYOO Robot Car Kit V2.0 wird mit der OSOYOO-Basisplatine f\u00fcr Arduino UNO, dem OSOYOO Model X-Motortreibermodul und dem OSOYOO WIFI Shield geliefert, die f\u00fcr eine einfache Montage und gro\u00dfartige Arbeit konzipiert sind<br \/>Das OSOYOO-Roboterauto-Kit V2.0 bietet ein grundlegendes Tutorial f\u00fcr Arduino und ein Beispiel-Tutorial f\u00fcr ein Roboterauto. Das Tutorial zeigt Anf\u00e4ngern Schritt f\u00fcr Schritt, wie man Arduino programmiert und wie man ein Roboterauto zusammenbaut und steuert. Sie k\u00f6nnen dem Tutorial folgen und nach und nach zum Meister werden.<br \/>Das OSOYOO Robot Car Kit V2.0 ist ein gro\u00dfartiges STEM-Kit, das f\u00fcr Enthusiasten und Anf\u00e4nger entwickelt wurde, um praktische Erfahrungen mit der Arduino-Programmierung, der Elektronikmontage und Robotikkenntnissen zu sammeln<\/p>\n<p>[ad_2]<\/p>\n","protected":false},"excerpt":{"rendered":"<p>Von der Marke OSOYOO bietet innovative Elektronikprodukte und Lernkits f\u00fcr Arduino, Raspberry Pi und mehr. Mit hochwertigen Komponenten und umfassender Dokumentation unterst\u00fctzen wir Bastler, Studenten und Profis bei der Umsetzung kreativer Projekte. Entdecken Sie die Welt der Elektronik mit OSOYOO! OSOYOO Roboterauto OSOYOO Starterpaket OSOYOO Baustein-Set Was macht OSOYOO innovativ? OSOYOO integriert Technologietrends f\u00fcr vielseitige [&hellip;]<\/p>\n","protected":false},"featured_media":3649,"comment_status":"open","ping_status":"closed","template":"","meta":{"_aipt_faq_data":""},"store":[],"product_brand":[384],"product_cat":[80],"product_tag":[342],"class_list":{"0":"post-3648","1":"product","2":"type-product","3":"status-publish","4":"has-post-thumbnail","6":"product_brand-osoyoo","7":"product_cat-robotik-bausaetze","8":"product_tag-robotik-bausaetze-mit-sensoren","10":"first","11":"instock","12":"shipping-taxable","13":"product-type-external"},"yoast_head":"<!-- This site is optimized with the Yoast SEO plugin v27.4 - https:\/\/yoast.com\/product\/yoast-seo-wordpress\/ -->\n<title>OSOYOO Starter Kit Roboter-Modellauto-Kit f\u00fcr Arduino, STEM-Fernbedienung per App f\u00fcr p\u00e4dagogische motorisierte Robotik zum Bauen - EasyLifeBro<\/title>\n<meta name=\"description\" content=\"Entdecken Sie smarte Roboter f\u00fcr Zuhause, Garten, Bildung und Sicherheit. Vergleichen Sie Saugroboter, Rasenm\u00e4hroboter, KI-Begleitroboter und mehr bei EasyLifeRobo.\" \/>\n<meta name=\"robots\" content=\"index, follow, max-snippet:-1, max-image-preview:large, max-video-preview:-1\" \/>\n<link rel=\"canonical\" href=\"https:\/\/easyliferobo.com\/de\/product\/osoyoo-starter-kit-roboter-modellauto-kit-fuer-arduino-stem-fernbedienung-per-app-fuer-paedagogische-motorisierte-robotik-zum-bauen\/\" \/>\n<meta property=\"og:locale\" content=\"de_DE\" \/>\n<meta property=\"og:type\" content=\"article\" \/>\n<meta property=\"og:title\" content=\"OSOYOO Starter Kit Roboter-Modellauto-Kit f\u00fcr Arduino, STEM-Fernbedienung per App f\u00fcr p\u00e4dagogische motorisierte Robotik zum Bauen - EasyLifeBro\" \/>\n<meta property=\"og:description\" content=\"Entdecken Sie smarte Roboter f\u00fcr Zuhause, Garten, Bildung und Sicherheit. Vergleichen Sie Saugroboter, Rasenm\u00e4hroboter, KI-Begleitroboter und mehr bei EasyLifeRobo.\" \/>\n<meta property=\"og:url\" content=\"https:\/\/easyliferobo.com\/de\/product\/osoyoo-starter-kit-roboter-modellauto-kit-fuer-arduino-stem-fernbedienung-per-app-fuer-paedagogische-motorisierte-robotik-zum-bauen\/\" \/>\n<meta property=\"og:site_name\" content=\"EasyLifeBro\" \/>\n<meta property=\"article:modified_time\" content=\"2026-02-27T09:51:54+00:00\" \/>\n<meta property=\"og:image\" content=\"https:\/\/images-na.ssl-images-amazon.com\/images\/G\/01\/x-locale\/common\/grey-pixel.gif\" \/>\n<meta name=\"twitter:card\" content=\"summary_large_image\" \/>\n<meta name=\"twitter:label1\" content=\"Gesch\u00e4tzte Lesezeit\" \/>\n\t<meta name=\"twitter:data1\" content=\"1\u00a0Minute\" \/>\n<script type=\"application\/ld+json\" class=\"yoast-schema-graph\">{\"@context\":\"https:\\\/\\\/schema.org\",\"@graph\":[{\"@type\":\"WebPage\",\"@id\":\"https:\\\/\\\/easyliferobo.com\\\/de\\\/product\\\/osoyoo-starter-kit-roboter-modellauto-kit-fuer-arduino-stem-fernbedienung-per-app-fuer-paedagogische-motorisierte-robotik-zum-bauen\\\/\",\"url\":\"https:\\\/\\\/easyliferobo.com\\\/de\\\/product\\\/osoyoo-starter-kit-roboter-modellauto-kit-fuer-arduino-stem-fernbedienung-per-app-fuer-paedagogische-motorisierte-robotik-zum-bauen\\\/\",\"name\":\"OSOYOO Starter Kit Roboter-Modellauto-Kit f\u00fcr Arduino, STEM-Fernbedienung per App f\u00fcr p\u00e4dagogische motorisierte Robotik zum Bauen - EasyLifeBro\",\"isPartOf\":{\"@id\":\"https:\\\/\\\/easyliferobo.com\\\/de\\\/#website\"},\"primaryImageOfPage\":{\"@id\":\"https:\\\/\\\/easyliferobo.com\\\/de\\\/product\\\/osoyoo-starter-kit-roboter-modellauto-kit-fuer-arduino-stem-fernbedienung-per-app-fuer-paedagogische-motorisierte-robotik-zum-bauen\\\/#primaryimage\"},\"image\":{\"@id\":\"https:\\\/\\\/easyliferobo.com\\\/de\\\/product\\\/osoyoo-starter-kit-roboter-modellauto-kit-fuer-arduino-stem-fernbedienung-per-app-fuer-paedagogische-motorisierte-robotik-zum-bauen\\\/#primaryimage\"},\"thumbnailUrl\":\"https:\\\/\\\/easyliferobo.com\\\/de\\\/wp-content\\\/uploads\\\/2026\\\/02\\\/91Lxecw0ugL._AC_SL1500_.jpg\",\"datePublished\":\"2026-02-27T09:51:35+00:00\",\"dateModified\":\"2026-02-27T09:51:54+00:00\",\"description\":\"Entdecken Sie smarte Roboter f\u00fcr Zuhause, Garten, Bildung und Sicherheit. Vergleichen Sie Saugroboter, Rasenm\u00e4hroboter, KI-Begleitroboter und mehr bei EasyLifeRobo.\",\"breadcrumb\":{\"@id\":\"https:\\\/\\\/easyliferobo.com\\\/de\\\/product\\\/osoyoo-starter-kit-roboter-modellauto-kit-fuer-arduino-stem-fernbedienung-per-app-fuer-paedagogische-motorisierte-robotik-zum-bauen\\\/#breadcrumb\"},\"inLanguage\":\"de\",\"potentialAction\":[{\"@type\":\"ReadAction\",\"target\":[\"https:\\\/\\\/easyliferobo.com\\\/de\\\/product\\\/osoyoo-starter-kit-roboter-modellauto-kit-fuer-arduino-stem-fernbedienung-per-app-fuer-paedagogische-motorisierte-robotik-zum-bauen\\\/\"]}]},{\"@type\":\"ImageObject\",\"inLanguage\":\"de\",\"@id\":\"https:\\\/\\\/easyliferobo.com\\\/de\\\/product\\\/osoyoo-starter-kit-roboter-modellauto-kit-fuer-arduino-stem-fernbedienung-per-app-fuer-paedagogische-motorisierte-robotik-zum-bauen\\\/#primaryimage\",\"url\":\"https:\\\/\\\/easyliferobo.com\\\/de\\\/wp-content\\\/uploads\\\/2026\\\/02\\\/91Lxecw0ugL._AC_SL1500_.jpg\",\"contentUrl\":\"https:\\\/\\\/easyliferobo.com\\\/de\\\/wp-content\\\/uploads\\\/2026\\\/02\\\/91Lxecw0ugL._AC_SL1500_.jpg\",\"width\":1500,\"height\":1408},{\"@type\":\"BreadcrumbList\",\"@id\":\"https:\\\/\\\/easyliferobo.com\\\/de\\\/product\\\/osoyoo-starter-kit-roboter-modellauto-kit-fuer-arduino-stem-fernbedienung-per-app-fuer-paedagogische-motorisierte-robotik-zum-bauen\\\/#breadcrumb\",\"itemListElement\":[{\"@type\":\"ListItem\",\"position\":1,\"name\":\"Home\",\"item\":\"https:\\\/\\\/easyliferobo.com\\\/de\\\/\"},{\"@type\":\"ListItem\",\"position\":2,\"name\":\"Shop\",\"item\":\"https:\\\/\\\/easyliferobo.com\\\/de\\\/shop\\\/\"},{\"@type\":\"ListItem\",\"position\":3,\"name\":\"OSOYOO Starter Kit Roboter-Modellau...\"}]},{\"@type\":\"WebSite\",\"@id\":\"https:\\\/\\\/easyliferobo.com\\\/de\\\/#website\",\"url\":\"https:\\\/\\\/easyliferobo.com\\\/de\\\/\",\"name\":\"EasyLifeBro\",\"description\":\"Smarte Roboter f\u00fcr Zuhause, Garten &amp; Bildung\",\"publisher\":{\"@id\":\"https:\\\/\\\/easyliferobo.com\\\/de\\\/#organization\"},\"potentialAction\":[{\"@type\":\"SearchAction\",\"target\":{\"@type\":\"EntryPoint\",\"urlTemplate\":\"https:\\\/\\\/easyliferobo.com\\\/de\\\/?s={search_term_string}\"},\"query-input\":{\"@type\":\"PropertyValueSpecification\",\"valueRequired\":true,\"valueName\":\"search_term_string\"}}],\"inLanguage\":\"de\"},{\"@type\":\"Organization\",\"@id\":\"https:\\\/\\\/easyliferobo.com\\\/de\\\/#organization\",\"name\":\"EasyLifeBro\",\"url\":\"https:\\\/\\\/easyliferobo.com\\\/de\\\/\",\"logo\":{\"@type\":\"ImageObject\",\"inLanguage\":\"de\",\"@id\":\"https:\\\/\\\/easyliferobo.com\\\/de\\\/#\\\/schema\\\/logo\\\/image\\\/\",\"url\":\"https:\\\/\\\/easyliferobo.com\\\/de\\\/wp-content\\\/uploads\\\/2026\\\/02\\\/Screenshot-2026-02-22-at-2.25.03-PM.png\",\"contentUrl\":\"https:\\\/\\\/easyliferobo.com\\\/de\\\/wp-content\\\/uploads\\\/2026\\\/02\\\/Screenshot-2026-02-22-at-2.25.03-PM.png\",\"width\":1858,\"height\":430,\"caption\":\"EasyLifeBro\"},\"image\":{\"@id\":\"https:\\\/\\\/easyliferobo.com\\\/de\\\/#\\\/schema\\\/logo\\\/image\\\/\"}}]}<\/script>\n<!-- \/ Yoast SEO plugin. -->","yoast_head_json":{"title":"OSOYOO Starter Kit Roboter-Modellauto-Kit f\u00fcr Arduino, STEM-Fernbedienung per App f\u00fcr p\u00e4dagogische motorisierte Robotik zum Bauen - EasyLifeBro","description":"Entdecken Sie smarte Roboter f\u00fcr Zuhause, Garten, Bildung und Sicherheit. Vergleichen Sie Saugroboter, Rasenm\u00e4hroboter, KI-Begleitroboter und mehr bei EasyLifeRobo.","robots":{"index":"index","follow":"follow","max-snippet":"max-snippet:-1","max-image-preview":"max-image-preview:large","max-video-preview":"max-video-preview:-1"},"canonical":"https:\/\/easyliferobo.com\/de\/product\/osoyoo-starter-kit-roboter-modellauto-kit-fuer-arduino-stem-fernbedienung-per-app-fuer-paedagogische-motorisierte-robotik-zum-bauen\/","og_locale":"de_DE","og_type":"article","og_title":"OSOYOO Starter Kit Roboter-Modellauto-Kit f\u00fcr Arduino, STEM-Fernbedienung per App f\u00fcr p\u00e4dagogische motorisierte Robotik zum Bauen - EasyLifeBro","og_description":"Entdecken Sie smarte Roboter f\u00fcr Zuhause, Garten, Bildung und Sicherheit. Vergleichen Sie Saugroboter, Rasenm\u00e4hroboter, KI-Begleitroboter und mehr bei EasyLifeRobo.","og_url":"https:\/\/easyliferobo.com\/de\/product\/osoyoo-starter-kit-roboter-modellauto-kit-fuer-arduino-stem-fernbedienung-per-app-fuer-paedagogische-motorisierte-robotik-zum-bauen\/","og_site_name":"EasyLifeBro","article_modified_time":"2026-02-27T09:51:54+00:00","og_image":[{"url":"https:\/\/images-na.ssl-images-amazon.com\/images\/G\/01\/x-locale\/common\/grey-pixel.gif","type":"","width":"","height":""}],"twitter_card":"summary_large_image","twitter_misc":{"Gesch\u00e4tzte Lesezeit":"1\u00a0Minute"},"schema":{"@context":"https:\/\/schema.org","@graph":[{"@type":"WebPage","@id":"https:\/\/easyliferobo.com\/de\/product\/osoyoo-starter-kit-roboter-modellauto-kit-fuer-arduino-stem-fernbedienung-per-app-fuer-paedagogische-motorisierte-robotik-zum-bauen\/","url":"https:\/\/easyliferobo.com\/de\/product\/osoyoo-starter-kit-roboter-modellauto-kit-fuer-arduino-stem-fernbedienung-per-app-fuer-paedagogische-motorisierte-robotik-zum-bauen\/","name":"OSOYOO Starter Kit Roboter-Modellauto-Kit f\u00fcr Arduino, STEM-Fernbedienung per App f\u00fcr p\u00e4dagogische motorisierte Robotik zum Bauen - EasyLifeBro","isPartOf":{"@id":"https:\/\/easyliferobo.com\/de\/#website"},"primaryImageOfPage":{"@id":"https:\/\/easyliferobo.com\/de\/product\/osoyoo-starter-kit-roboter-modellauto-kit-fuer-arduino-stem-fernbedienung-per-app-fuer-paedagogische-motorisierte-robotik-zum-bauen\/#primaryimage"},"image":{"@id":"https:\/\/easyliferobo.com\/de\/product\/osoyoo-starter-kit-roboter-modellauto-kit-fuer-arduino-stem-fernbedienung-per-app-fuer-paedagogische-motorisierte-robotik-zum-bauen\/#primaryimage"},"thumbnailUrl":"https:\/\/easyliferobo.com\/de\/wp-content\/uploads\/2026\/02\/91Lxecw0ugL._AC_SL1500_.jpg","datePublished":"2026-02-27T09:51:35+00:00","dateModified":"2026-02-27T09:51:54+00:00","description":"Entdecken Sie smarte Roboter f\u00fcr Zuhause, Garten, Bildung und Sicherheit. Vergleichen Sie Saugroboter, Rasenm\u00e4hroboter, KI-Begleitroboter und mehr bei EasyLifeRobo.","breadcrumb":{"@id":"https:\/\/easyliferobo.com\/de\/product\/osoyoo-starter-kit-roboter-modellauto-kit-fuer-arduino-stem-fernbedienung-per-app-fuer-paedagogische-motorisierte-robotik-zum-bauen\/#breadcrumb"},"inLanguage":"de","potentialAction":[{"@type":"ReadAction","target":["https:\/\/easyliferobo.com\/de\/product\/osoyoo-starter-kit-roboter-modellauto-kit-fuer-arduino-stem-fernbedienung-per-app-fuer-paedagogische-motorisierte-robotik-zum-bauen\/"]}]},{"@type":"ImageObject","inLanguage":"de","@id":"https:\/\/easyliferobo.com\/de\/product\/osoyoo-starter-kit-roboter-modellauto-kit-fuer-arduino-stem-fernbedienung-per-app-fuer-paedagogische-motorisierte-robotik-zum-bauen\/#primaryimage","url":"https:\/\/easyliferobo.com\/de\/wp-content\/uploads\/2026\/02\/91Lxecw0ugL._AC_SL1500_.jpg","contentUrl":"https:\/\/easyliferobo.com\/de\/wp-content\/uploads\/2026\/02\/91Lxecw0ugL._AC_SL1500_.jpg","width":1500,"height":1408},{"@type":"BreadcrumbList","@id":"https:\/\/easyliferobo.com\/de\/product\/osoyoo-starter-kit-roboter-modellauto-kit-fuer-arduino-stem-fernbedienung-per-app-fuer-paedagogische-motorisierte-robotik-zum-bauen\/#breadcrumb","itemListElement":[{"@type":"ListItem","position":1,"name":"Home","item":"https:\/\/easyliferobo.com\/de\/"},{"@type":"ListItem","position":2,"name":"Shop","item":"https:\/\/easyliferobo.com\/de\/shop\/"},{"@type":"ListItem","position":3,"name":"OSOYOO Starter Kit Roboter-Modellau..."}]},{"@type":"WebSite","@id":"https:\/\/easyliferobo.com\/de\/#website","url":"https:\/\/easyliferobo.com\/de\/","name":"EasyLifeBro","description":"Smarte Roboter f\u00fcr Zuhause, Garten &amp; Bildung","publisher":{"@id":"https:\/\/easyliferobo.com\/de\/#organization"},"potentialAction":[{"@type":"SearchAction","target":{"@type":"EntryPoint","urlTemplate":"https:\/\/easyliferobo.com\/de\/?s={search_term_string}"},"query-input":{"@type":"PropertyValueSpecification","valueRequired":true,"valueName":"search_term_string"}}],"inLanguage":"de"},{"@type":"Organization","@id":"https:\/\/easyliferobo.com\/de\/#organization","name":"EasyLifeBro","url":"https:\/\/easyliferobo.com\/de\/","logo":{"@type":"ImageObject","inLanguage":"de","@id":"https:\/\/easyliferobo.com\/de\/#\/schema\/logo\/image\/","url":"https:\/\/easyliferobo.com\/de\/wp-content\/uploads\/2026\/02\/Screenshot-2026-02-22-at-2.25.03-PM.png","contentUrl":"https:\/\/easyliferobo.com\/de\/wp-content\/uploads\/2026\/02\/Screenshot-2026-02-22-at-2.25.03-PM.png","width":1858,"height":430,"caption":"EasyLifeBro"},"image":{"@id":"https:\/\/easyliferobo.com\/de\/#\/schema\/logo\/image\/"}}]}},"_links":{"self":[{"href":"https:\/\/easyliferobo.com\/de\/wp-json\/wp\/v2\/product\/3648","targetHints":{"allow":["GET"]}}],"collection":[{"href":"https:\/\/easyliferobo.com\/de\/wp-json\/wp\/v2\/product"}],"about":[{"href":"https:\/\/easyliferobo.com\/de\/wp-json\/wp\/v2\/types\/product"}],"replies":[{"embeddable":true,"href":"https:\/\/easyliferobo.com\/de\/wp-json\/wp\/v2\/comments?post=3648"}],"wp:featuredmedia":[{"embeddable":true,"href":"https:\/\/easyliferobo.com\/de\/wp-json\/wp\/v2\/media\/3649"}],"wp:attachment":[{"href":"https:\/\/easyliferobo.com\/de\/wp-json\/wp\/v2\/media?parent=3648"}],"wp:term":[{"taxonomy":"store","embeddable":true,"href":"https:\/\/easyliferobo.com\/de\/wp-json\/wp\/v2\/store?post=3648"},{"taxonomy":"product_brand","embeddable":true,"href":"https:\/\/easyliferobo.com\/de\/wp-json\/wp\/v2\/product_brand?post=3648"},{"taxonomy":"product_cat","embeddable":true,"href":"https:\/\/easyliferobo.com\/de\/wp-json\/wp\/v2\/product_cat?post=3648"},{"taxonomy":"product_tag","embeddable":true,"href":"https:\/\/easyliferobo.com\/de\/wp-json\/wp\/v2\/product_tag?post=3648"}],"curies":[{"name":"wp","href":"https:\/\/api.w.org\/{rel}","templated":true}]}}