
{"id":3640,"date":"2026-02-27T09:50:34","date_gmt":"2026-02-27T09:50:34","guid":{"rendered":"https:\/\/easyliferobo.com\/de\/product\/miuzei-starter-kit-fuer-arduino-projekte-elektronik-kit-mit-steckbrett-mit-58-lektionen-235-komponenten-lc-display-steckbrett-sensoren-relais-gpio-erweiterung-fuer-raspberry-pi-kurs\/"},"modified":"2026-02-27T09:50:49","modified_gmt":"2026-02-27T09:50:49","slug":"miuzei-starter-kit-fuer-arduino-projekte-elektronik-kit-mit-steckbrett-mit-58-lektionen-235-komponenten-lc-display-steckbrett-sensoren-relais-gpio-erweiterung-fuer-raspberry-pi-kurs","status":"publish","type":"product","link":"https:\/\/easyliferobo.com\/de\/product\/miuzei-starter-kit-fuer-arduino-projekte-elektronik-kit-mit-steckbrett-mit-58-lektionen-235-komponenten-lc-display-steckbrett-sensoren-relais-gpio-erweiterung-fuer-raspberry-pi-kurs\/","title":{"rendered":"Miuzei Starter-Kit f\u00fcr Arduino-Pro..."},"content":{"rendered":"<p>\n                                             Produktbeschreibung   <\/p>\n<p>                                                  <img decoding=\"async\" alt=\"Elektronisches Starterkit\" src=\"https:\/\/images-na.ssl-images-amazon.com\/images\/G\/01\/x-locale\/common\/grey-pixel.gif\" class=\"a-lazy-loaded\" data-src=\"https:\/\/m.media-amazon.com\/images\/S\/aplus-media-library-service-media\/463cbc3d-3844-4280-8fb4-3bfa68dcebee.__CR0,0,970,300_PT0_SX970_V1___.jpg\"><img decoding=\"async\" alt=\"Elektronisches Starterkit\" src=\"https:\/\/m.media-amazon.com\/images\/S\/aplus-media-library-service-media\/463cbc3d-3844-4280-8fb4-3bfa68dcebee.__CR0,0,970,300_PT0_SX970_V1___.jpg\">  <\/p>\n<p>                                                  <img decoding=\"async\" alt=\"Elektronisches Starterkit\" src=\"https:\/\/images-na.ssl-images-amazon.com\/images\/G\/01\/x-locale\/common\/grey-pixel.gif\" class=\"a-lazy-loaded\" data-src=\"https:\/\/m.media-amazon.com\/images\/S\/aplus-media-library-service-media\/c34f17ff-579b-443b-816f-5f05e99943c6.__CR0,0,300,300_PT0_SX300_V1___.jpg\"><img decoding=\"async\" alt=\"Elektronisches Starterkit\" src=\"https:\/\/m.media-amazon.com\/images\/S\/aplus-media-library-service-media\/c34f17ff-579b-443b-816f-5f05e99943c6.__CR0,0,300,300_PT0_SX300_V1___.jpg\">  <\/p>\n<h3 class=\"a-spacing-mini\">  F\u00fcr DIY-Projekte zum Erlernen der Verwendung und Programmierung mit Arduino und Raspberry Pi <\/h3>\n<p>  Das ultimative Starter-Kit mit umfassender Anleitung enth\u00e4lt gen\u00fcgend Komponenten, um Ihre eigenen Projekte zu starten. Die Programmiersprache basiert auf C\/Python, sodass Sie Grundkenntnisse sowohl in der Programmierung als auch f\u00fcr Elektrotechnik und Elektronik erwerben k\u00f6nnen. <\/p>\n<p>  Wenn Sie einmal angefangen haben, stehen Ihnen nahezu unbegrenzte Bastelm\u00f6glichkeiten zur Verf\u00fcgung, sofern Ihre eigene Fantasie es zul\u00e4sst. <\/p>\n<p>     Mehr als 235 Einzelteile enthalten (Mikrocontroller-Board ist NICHT im Lieferumfang enthalten), 26 Arduino-Lektionen und 32 Raspberry Pi-Lektionen. Enth\u00e4lt wichtige Komponenten wie LC-Display 1602, Steckbrett, LEDs, Sensoren, Relais, Stromversorgungsmodul und anderes Zubeh\u00f6r. GPIO-Verl\u00e4ngerung und GPIO-Kabel speziell f\u00fcr Raspberry Pi-Projekte. Ein ausgezeichnetes Starter-Set f\u00fcr Arduino\/Raspberry Pi-Anf\u00e4nger und Bastler. Es ist eine sch\u00f6ne Geschenkidee.     <\/p>\n<p>                                                                             <img decoding=\"async\" alt=\"Elektronisches Starterkit\" src=\"https:\/\/images-na.ssl-images-amazon.com\/images\/G\/01\/x-locale\/common\/grey-pixel.gif\" class=\"a-spacing-base a-lazy-loaded\" data-src=\"https:\/\/m.media-amazon.com\/images\/S\/aplus-media-library-service-media\/5c540655-c320-44f6-92f3-c24afd1091b1.__CR0,0,970,600_PT0_SX970_V1___.jpg\"><img decoding=\"async\" alt=\"Elektronisches Starterkit\" src=\"https:\/\/m.media-amazon.com\/images\/S\/aplus-media-library-service-media\/5c540655-c320-44f6-92f3-c24afd1091b1.__CR0,0,970,600_PT0_SX970_V1___.jpg\">                                                                     <\/p>\n<p class=\"a-spacing-base\">\n<p>1\u00d7Steckplatine, 1\u00d712C LCD 1602 (mit Stiftleiste), 3\u00d7Potentiometer, 2\u00d7Schiebeschalter, 1\u00d7Kippschalter, 1\u00d7Thermistor, 2\u00d7Fotowiderstand. 4\u00d7S8550-Transistoren, 4\u00d7S8050-Transistoren, 4\u00d7Kondensator 0,1 UF, 4\u00d7Kondensator 10 UF, 2\u00d7Aktiver Summer, 1\u00d7Passiver Summer*1, 5\u00d7Taste (klein). 4\u00d7Tastenkappe (Wei\u00df\/Gelb\/Blau\/Gr\u00fcn\/Rot), 4\u00d7Taste (gro\u00df), 1\u00d7L\u00dcFTER, 1\u00d7Motor, 1\u00d7RFID-Modul+RFID-Karte+RFID Schl\u00fcssel.1\u00d7Infrarot-Bewegungssensor, 1\u00d7Stromversorgungsmodul, 1\u00d7MPU6050-Modul, 1\u00d74*4-Matrix-Tastaturmodul, 1\u00d7PCF8591-Modul.1\u00d7DHT-11 Temperatur- und Feuchtigkeitssensor *1, 1\u00d7Relais, 1\u00d7Ultraschall-Entfernungsmodul, 1\u00d7ULN2003 Schrittmotortreiberplatine.5\u00d7Wei\u00dfe LED, 5\u00d7Gelbe LED, 5\u00d7Blaue LED ,5\u00d7Gr\u00fcne LED, 5\u00d7Rote LED, 1\u00d7RGB-LED, 20\u00d7Widerstand (220R), 20\u00d7Widerstand (10K), 20\u00d7Widerstand (1K), 1\u00d7Joystick-Modul, 1\u00d7L293D, 2\u00d7IC 74HC595 *1, 1\u00d7LED-Balkendiagramm, 1\u00d77-Segment-Anzeige, 1\u00d78*8 Punktmatrix Display, 1\u00d74-Bit 7-Segment-Anzeige. 4\u00d7Zener-Diode, 4\u00d7IN407-Diode, 1\u00d7Schrittmotor, 1\u00d7T-f\u00f6rmiges Erweiterungsboard, 1\u00d79G-Servomotor, 1\u00d740-Pin-GPIO-Kabel, 3\u00d7Doppelseitige Leiterplatte.1\u00d7Jumper Wire F\/M, 1\u00d7Jumper Wire*65, 1\u00d7Jumper Wire F\/F, 1\u00d740 Pin Header Male Header, 1\u00d740 Pin Header Buchsenleiste, 1\u00d7Kunststoffbox. Zum Warenkorb hinzuf\u00fcgen Zum Warenkorb hinzuf\u00fcgen Zum Warenkorb hinzuf\u00fcgen Zum Warenkorb hinzuf\u00fcgen Zum Warenkorb hinzuf\u00fcgen Zum Warenkorb hinzuf\u00fcgen Kundenrezensionen 4,5 von 5 Sternen 818 4,3 von 5 Sternen 232 4,6 von 5 Sternen 522 4,7 von 5 Sternen 358 4,7 von 5 Sternen 538 4,3 von 5 Sternen 283 Preis 36,99 \u20ac36,99 \u20ac 32,99 \u20ac 32,99 \u20ac 16,99 \u20ac 16,99 \u20ac 13,99 \u20ac 13,99 \u20ac 13,98 \u20ac 13,98 \u20ac 12,99 \u20ac 12,99 \u20ac Gebrauchsanweisung Kommerzielle Familienunterweisung Kommerzielle Familienunterweisung Kommerzielle Familienunterweisung Kommerzielle Familienunterweisung Kommerzielle Familienunterweisung Kommerzielle Familienunterweisung        <\/p>\n<p>Mehr als 235 Komponenten enthalten (Mikrocontroller-Board nicht im Lieferumfang enthalten), zum Erlernen der Verwendung und Programmierung f\u00fcr Arduino und f\u00fcr Raspberry Pi-Kurs-DIY-Projekte.<br \/>58 Lektionen: 26 Lektionen f\u00fcr Arduino-Kurse und 32 Lektionen f\u00fcr Raspberry Pi-Kurse, Angebote f\u00fcr ein breites Spektrum an Elektronikkursen und Lernbed\u00fcrfnissen<br \/>Enth\u00e4lt wichtige Komponenten wie LC-Display, Widerst\u00e4nde, LEDs, Sensoren, Relais, Steckbrett, Stromversorgungsmodul, GPIO-Erweiterung und anderes Zubeh\u00f6r<br \/>Bauteile sind bereits verl\u00f6tet, alle Module k\u00f6nnen per Stiftleiste angeschlossen werden. Allerdings gibt es drei \u201edoppelseitige Leiterplatten\u201c, mit denen weitere Projekte m\u00f6glich sind, bei denen L\u00f6tarbeiten vorgenommen werden m\u00fcssen.<br \/>Hochwertige Klarsichtbox mit elektrostatischen Beuteln \u2013 was nicht ben\u00f6tigt wird, ist gut aufger\u00e4umt.<\/p>\n<p>[ad_2]<\/p>\n","protected":false},"excerpt":{"rendered":"<p>Produktbeschreibung F\u00fcr DIY-Projekte zum Erlernen der Verwendung und Programmierung mit Arduino und Raspberry Pi Das ultimative Starter-Kit mit umfassender Anleitung enth\u00e4lt gen\u00fcgend Komponenten, um Ihre eigenen Projekte zu starten. Die Programmiersprache basiert auf C\/Python, sodass Sie Grundkenntnisse sowohl in der Programmierung als auch f\u00fcr Elektrotechnik und Elektronik erwerben k\u00f6nnen. Wenn Sie einmal angefangen haben, stehen [&hellip;]<\/p>\n","protected":false},"featured_media":3641,"comment_status":"open","ping_status":"closed","template":"","meta":{"_aipt_faq_data":""},"store":[],"product_brand":[435],"product_cat":[81],"product_tag":[341],"class_list":{"0":"post-3640","1":"product","2":"type-product","3":"status-publish","4":"has-post-thumbnail","6":"product_brand-miuzei","7":"product_cat-arduino-raspberry-pi-kits","8":"product_tag-arduino-raspberry-pi-kits-robotics-kits","10":"first","11":"instock","12":"shipping-taxable","13":"product-type-external"},"yoast_head":"<!-- This site is optimized with the Yoast SEO plugin v27.4 - https:\/\/yoast.com\/product\/yoast-seo-wordpress\/ -->\n<title>Miuzei Starter-Kit f\u00fcr Arduino-Projekte, Elektronik-Kit mit Steckbrett mit 58 Lektionen, 235 Komponenten, LC-Display, Steckbrett, Sensoren, Relais, GPIO-Erweiterung, f\u00fcr Raspberry Pi-Kurs - EasyLifeBro<\/title>\n<meta name=\"description\" content=\"Entdecken Sie smarte Roboter f\u00fcr Zuhause, Garten, Bildung und Sicherheit. Vergleichen Sie Saugroboter, Rasenm\u00e4hroboter, KI-Begleitroboter und mehr bei EasyLifeRobo.\" \/>\n<meta name=\"robots\" content=\"index, follow, max-snippet:-1, max-image-preview:large, max-video-preview:-1\" \/>\n<link rel=\"canonical\" href=\"https:\/\/easyliferobo.com\/de\/product\/miuzei-starter-kit-fuer-arduino-projekte-elektronik-kit-mit-steckbrett-mit-58-lektionen-235-komponenten-lc-display-steckbrett-sensoren-relais-gpio-erweiterung-fuer-raspberry-pi-kurs\/\" \/>\n<meta property=\"og:locale\" content=\"de_DE\" \/>\n<meta property=\"og:type\" content=\"article\" \/>\n<meta property=\"og:title\" content=\"Miuzei Starter-Kit f\u00fcr Arduino-Projekte, Elektronik-Kit mit Steckbrett mit 58 Lektionen, 235 Komponenten, LC-Display, Steckbrett, Sensoren, Relais, GPIO-Erweiterung, f\u00fcr Raspberry Pi-Kurs - EasyLifeBro\" \/>\n<meta property=\"og:description\" content=\"Entdecken Sie smarte Roboter f\u00fcr Zuhause, Garten, Bildung und Sicherheit. Vergleichen Sie Saugroboter, Rasenm\u00e4hroboter, KI-Begleitroboter und mehr bei EasyLifeRobo.\" \/>\n<meta property=\"og:url\" content=\"https:\/\/easyliferobo.com\/de\/product\/miuzei-starter-kit-fuer-arduino-projekte-elektronik-kit-mit-steckbrett-mit-58-lektionen-235-komponenten-lc-display-steckbrett-sensoren-relais-gpio-erweiterung-fuer-raspberry-pi-kurs\/\" \/>\n<meta property=\"og:site_name\" content=\"EasyLifeBro\" \/>\n<meta property=\"article:modified_time\" content=\"2026-02-27T09:50:49+00:00\" \/>\n<meta property=\"og:image\" content=\"https:\/\/images-na.ssl-images-amazon.com\/images\/G\/01\/x-locale\/common\/grey-pixel.gif\" \/>\n<meta name=\"twitter:card\" content=\"summary_large_image\" \/>\n<meta name=\"twitter:label1\" content=\"Gesch\u00e4tzte Lesezeit\" \/>\n\t<meta name=\"twitter:data1\" content=\"2\u00a0Minuten\" \/>\n<script type=\"application\/ld+json\" class=\"yoast-schema-graph\">{\"@context\":\"https:\\\/\\\/schema.org\",\"@graph\":[{\"@type\":\"WebPage\",\"@id\":\"https:\\\/\\\/easyliferobo.com\\\/de\\\/product\\\/miuzei-starter-kit-fuer-arduino-projekte-elektronik-kit-mit-steckbrett-mit-58-lektionen-235-komponenten-lc-display-steckbrett-sensoren-relais-gpio-erweiterung-fuer-raspberry-pi-kurs\\\/\",\"url\":\"https:\\\/\\\/easyliferobo.com\\\/de\\\/product\\\/miuzei-starter-kit-fuer-arduino-projekte-elektronik-kit-mit-steckbrett-mit-58-lektionen-235-komponenten-lc-display-steckbrett-sensoren-relais-gpio-erweiterung-fuer-raspberry-pi-kurs\\\/\",\"name\":\"Miuzei Starter-Kit f\u00fcr Arduino-Projekte, Elektronik-Kit mit Steckbrett mit 58 Lektionen, 235 Komponenten, LC-Display, Steckbrett, Sensoren, Relais, GPIO-Erweiterung, f\u00fcr Raspberry Pi-Kurs - EasyLifeBro\",\"isPartOf\":{\"@id\":\"https:\\\/\\\/easyliferobo.com\\\/de\\\/#website\"},\"primaryImageOfPage\":{\"@id\":\"https:\\\/\\\/easyliferobo.com\\\/de\\\/product\\\/miuzei-starter-kit-fuer-arduino-projekte-elektronik-kit-mit-steckbrett-mit-58-lektionen-235-komponenten-lc-display-steckbrett-sensoren-relais-gpio-erweiterung-fuer-raspberry-pi-kurs\\\/#primaryimage\"},\"image\":{\"@id\":\"https:\\\/\\\/easyliferobo.com\\\/de\\\/product\\\/miuzei-starter-kit-fuer-arduino-projekte-elektronik-kit-mit-steckbrett-mit-58-lektionen-235-komponenten-lc-display-steckbrett-sensoren-relais-gpio-erweiterung-fuer-raspberry-pi-kurs\\\/#primaryimage\"},\"thumbnailUrl\":\"https:\\\/\\\/easyliferobo.com\\\/de\\\/wp-content\\\/uploads\\\/2026\\\/02\\\/91869tpL1uL._AC_SL1500_.jpg\",\"datePublished\":\"2026-02-27T09:50:34+00:00\",\"dateModified\":\"2026-02-27T09:50:49+00:00\",\"description\":\"Entdecken Sie smarte Roboter f\u00fcr Zuhause, Garten, Bildung und Sicherheit. Vergleichen Sie Saugroboter, Rasenm\u00e4hroboter, KI-Begleitroboter und mehr bei EasyLifeRobo.\",\"breadcrumb\":{\"@id\":\"https:\\\/\\\/easyliferobo.com\\\/de\\\/product\\\/miuzei-starter-kit-fuer-arduino-projekte-elektronik-kit-mit-steckbrett-mit-58-lektionen-235-komponenten-lc-display-steckbrett-sensoren-relais-gpio-erweiterung-fuer-raspberry-pi-kurs\\\/#breadcrumb\"},\"inLanguage\":\"de\",\"potentialAction\":[{\"@type\":\"ReadAction\",\"target\":[\"https:\\\/\\\/easyliferobo.com\\\/de\\\/product\\\/miuzei-starter-kit-fuer-arduino-projekte-elektronik-kit-mit-steckbrett-mit-58-lektionen-235-komponenten-lc-display-steckbrett-sensoren-relais-gpio-erweiterung-fuer-raspberry-pi-kurs\\\/\"]}]},{\"@type\":\"ImageObject\",\"inLanguage\":\"de\",\"@id\":\"https:\\\/\\\/easyliferobo.com\\\/de\\\/product\\\/miuzei-starter-kit-fuer-arduino-projekte-elektronik-kit-mit-steckbrett-mit-58-lektionen-235-komponenten-lc-display-steckbrett-sensoren-relais-gpio-erweiterung-fuer-raspberry-pi-kurs\\\/#primaryimage\",\"url\":\"https:\\\/\\\/easyliferobo.com\\\/de\\\/wp-content\\\/uploads\\\/2026\\\/02\\\/91869tpL1uL._AC_SL1500_.jpg\",\"contentUrl\":\"https:\\\/\\\/easyliferobo.com\\\/de\\\/wp-content\\\/uploads\\\/2026\\\/02\\\/91869tpL1uL._AC_SL1500_.jpg\",\"width\":1500,\"height\":1495},{\"@type\":\"BreadcrumbList\",\"@id\":\"https:\\\/\\\/easyliferobo.com\\\/de\\\/product\\\/miuzei-starter-kit-fuer-arduino-projekte-elektronik-kit-mit-steckbrett-mit-58-lektionen-235-komponenten-lc-display-steckbrett-sensoren-relais-gpio-erweiterung-fuer-raspberry-pi-kurs\\\/#breadcrumb\",\"itemListElement\":[{\"@type\":\"ListItem\",\"position\":1,\"name\":\"Home\",\"item\":\"https:\\\/\\\/easyliferobo.com\\\/de\\\/\"},{\"@type\":\"ListItem\",\"position\":2,\"name\":\"Shop\",\"item\":\"https:\\\/\\\/easyliferobo.com\\\/de\\\/shop\\\/\"},{\"@type\":\"ListItem\",\"position\":3,\"name\":\"Miuzei Starter-Kit f\u00fcr Arduino-Pro...\"}]},{\"@type\":\"WebSite\",\"@id\":\"https:\\\/\\\/easyliferobo.com\\\/de\\\/#website\",\"url\":\"https:\\\/\\\/easyliferobo.com\\\/de\\\/\",\"name\":\"EasyLifeBro\",\"description\":\"Smarte Roboter f\u00fcr Zuhause, Garten &amp; Bildung\",\"publisher\":{\"@id\":\"https:\\\/\\\/easyliferobo.com\\\/de\\\/#organization\"},\"potentialAction\":[{\"@type\":\"SearchAction\",\"target\":{\"@type\":\"EntryPoint\",\"urlTemplate\":\"https:\\\/\\\/easyliferobo.com\\\/de\\\/?s={search_term_string}\"},\"query-input\":{\"@type\":\"PropertyValueSpecification\",\"valueRequired\":true,\"valueName\":\"search_term_string\"}}],\"inLanguage\":\"de\"},{\"@type\":\"Organization\",\"@id\":\"https:\\\/\\\/easyliferobo.com\\\/de\\\/#organization\",\"name\":\"EasyLifeBro\",\"url\":\"https:\\\/\\\/easyliferobo.com\\\/de\\\/\",\"logo\":{\"@type\":\"ImageObject\",\"inLanguage\":\"de\",\"@id\":\"https:\\\/\\\/easyliferobo.com\\\/de\\\/#\\\/schema\\\/logo\\\/image\\\/\",\"url\":\"https:\\\/\\\/easyliferobo.com\\\/de\\\/wp-content\\\/uploads\\\/2026\\\/02\\\/Screenshot-2026-02-22-at-2.25.03-PM.png\",\"contentUrl\":\"https:\\\/\\\/easyliferobo.com\\\/de\\\/wp-content\\\/uploads\\\/2026\\\/02\\\/Screenshot-2026-02-22-at-2.25.03-PM.png\",\"width\":1858,\"height\":430,\"caption\":\"EasyLifeBro\"},\"image\":{\"@id\":\"https:\\\/\\\/easyliferobo.com\\\/de\\\/#\\\/schema\\\/logo\\\/image\\\/\"}}]}<\/script>\n<!-- \/ Yoast SEO plugin. -->","yoast_head_json":{"title":"Miuzei Starter-Kit f\u00fcr Arduino-Projekte, Elektronik-Kit mit Steckbrett mit 58 Lektionen, 235 Komponenten, LC-Display, Steckbrett, Sensoren, Relais, GPIO-Erweiterung, f\u00fcr Raspberry Pi-Kurs - EasyLifeBro","description":"Entdecken Sie smarte Roboter f\u00fcr Zuhause, Garten, Bildung und Sicherheit. Vergleichen Sie Saugroboter, Rasenm\u00e4hroboter, KI-Begleitroboter und mehr bei EasyLifeRobo.","robots":{"index":"index","follow":"follow","max-snippet":"max-snippet:-1","max-image-preview":"max-image-preview:large","max-video-preview":"max-video-preview:-1"},"canonical":"https:\/\/easyliferobo.com\/de\/product\/miuzei-starter-kit-fuer-arduino-projekte-elektronik-kit-mit-steckbrett-mit-58-lektionen-235-komponenten-lc-display-steckbrett-sensoren-relais-gpio-erweiterung-fuer-raspberry-pi-kurs\/","og_locale":"de_DE","og_type":"article","og_title":"Miuzei Starter-Kit f\u00fcr Arduino-Projekte, Elektronik-Kit mit Steckbrett mit 58 Lektionen, 235 Komponenten, LC-Display, Steckbrett, Sensoren, Relais, GPIO-Erweiterung, f\u00fcr Raspberry Pi-Kurs - EasyLifeBro","og_description":"Entdecken Sie smarte Roboter f\u00fcr Zuhause, Garten, Bildung und Sicherheit. Vergleichen Sie Saugroboter, Rasenm\u00e4hroboter, KI-Begleitroboter und mehr bei EasyLifeRobo.","og_url":"https:\/\/easyliferobo.com\/de\/product\/miuzei-starter-kit-fuer-arduino-projekte-elektronik-kit-mit-steckbrett-mit-58-lektionen-235-komponenten-lc-display-steckbrett-sensoren-relais-gpio-erweiterung-fuer-raspberry-pi-kurs\/","og_site_name":"EasyLifeBro","article_modified_time":"2026-02-27T09:50:49+00:00","og_image":[{"url":"https:\/\/images-na.ssl-images-amazon.com\/images\/G\/01\/x-locale\/common\/grey-pixel.gif","type":"","width":"","height":""}],"twitter_card":"summary_large_image","twitter_misc":{"Gesch\u00e4tzte Lesezeit":"2\u00a0Minuten"},"schema":{"@context":"https:\/\/schema.org","@graph":[{"@type":"WebPage","@id":"https:\/\/easyliferobo.com\/de\/product\/miuzei-starter-kit-fuer-arduino-projekte-elektronik-kit-mit-steckbrett-mit-58-lektionen-235-komponenten-lc-display-steckbrett-sensoren-relais-gpio-erweiterung-fuer-raspberry-pi-kurs\/","url":"https:\/\/easyliferobo.com\/de\/product\/miuzei-starter-kit-fuer-arduino-projekte-elektronik-kit-mit-steckbrett-mit-58-lektionen-235-komponenten-lc-display-steckbrett-sensoren-relais-gpio-erweiterung-fuer-raspberry-pi-kurs\/","name":"Miuzei Starter-Kit f\u00fcr Arduino-Projekte, Elektronik-Kit mit Steckbrett mit 58 Lektionen, 235 Komponenten, LC-Display, Steckbrett, Sensoren, Relais, GPIO-Erweiterung, f\u00fcr Raspberry Pi-Kurs - EasyLifeBro","isPartOf":{"@id":"https:\/\/easyliferobo.com\/de\/#website"},"primaryImageOfPage":{"@id":"https:\/\/easyliferobo.com\/de\/product\/miuzei-starter-kit-fuer-arduino-projekte-elektronik-kit-mit-steckbrett-mit-58-lektionen-235-komponenten-lc-display-steckbrett-sensoren-relais-gpio-erweiterung-fuer-raspberry-pi-kurs\/#primaryimage"},"image":{"@id":"https:\/\/easyliferobo.com\/de\/product\/miuzei-starter-kit-fuer-arduino-projekte-elektronik-kit-mit-steckbrett-mit-58-lektionen-235-komponenten-lc-display-steckbrett-sensoren-relais-gpio-erweiterung-fuer-raspberry-pi-kurs\/#primaryimage"},"thumbnailUrl":"https:\/\/easyliferobo.com\/de\/wp-content\/uploads\/2026\/02\/91869tpL1uL._AC_SL1500_.jpg","datePublished":"2026-02-27T09:50:34+00:00","dateModified":"2026-02-27T09:50:49+00:00","description":"Entdecken Sie smarte Roboter f\u00fcr Zuhause, Garten, Bildung und Sicherheit. Vergleichen Sie Saugroboter, Rasenm\u00e4hroboter, KI-Begleitroboter und mehr bei EasyLifeRobo.","breadcrumb":{"@id":"https:\/\/easyliferobo.com\/de\/product\/miuzei-starter-kit-fuer-arduino-projekte-elektronik-kit-mit-steckbrett-mit-58-lektionen-235-komponenten-lc-display-steckbrett-sensoren-relais-gpio-erweiterung-fuer-raspberry-pi-kurs\/#breadcrumb"},"inLanguage":"de","potentialAction":[{"@type":"ReadAction","target":["https:\/\/easyliferobo.com\/de\/product\/miuzei-starter-kit-fuer-arduino-projekte-elektronik-kit-mit-steckbrett-mit-58-lektionen-235-komponenten-lc-display-steckbrett-sensoren-relais-gpio-erweiterung-fuer-raspberry-pi-kurs\/"]}]},{"@type":"ImageObject","inLanguage":"de","@id":"https:\/\/easyliferobo.com\/de\/product\/miuzei-starter-kit-fuer-arduino-projekte-elektronik-kit-mit-steckbrett-mit-58-lektionen-235-komponenten-lc-display-steckbrett-sensoren-relais-gpio-erweiterung-fuer-raspberry-pi-kurs\/#primaryimage","url":"https:\/\/easyliferobo.com\/de\/wp-content\/uploads\/2026\/02\/91869tpL1uL._AC_SL1500_.jpg","contentUrl":"https:\/\/easyliferobo.com\/de\/wp-content\/uploads\/2026\/02\/91869tpL1uL._AC_SL1500_.jpg","width":1500,"height":1495},{"@type":"BreadcrumbList","@id":"https:\/\/easyliferobo.com\/de\/product\/miuzei-starter-kit-fuer-arduino-projekte-elektronik-kit-mit-steckbrett-mit-58-lektionen-235-komponenten-lc-display-steckbrett-sensoren-relais-gpio-erweiterung-fuer-raspberry-pi-kurs\/#breadcrumb","itemListElement":[{"@type":"ListItem","position":1,"name":"Home","item":"https:\/\/easyliferobo.com\/de\/"},{"@type":"ListItem","position":2,"name":"Shop","item":"https:\/\/easyliferobo.com\/de\/shop\/"},{"@type":"ListItem","position":3,"name":"Miuzei Starter-Kit f\u00fcr Arduino-Pro..."}]},{"@type":"WebSite","@id":"https:\/\/easyliferobo.com\/de\/#website","url":"https:\/\/easyliferobo.com\/de\/","name":"EasyLifeBro","description":"Smarte Roboter f\u00fcr Zuhause, Garten &amp; Bildung","publisher":{"@id":"https:\/\/easyliferobo.com\/de\/#organization"},"potentialAction":[{"@type":"SearchAction","target":{"@type":"EntryPoint","urlTemplate":"https:\/\/easyliferobo.com\/de\/?s={search_term_string}"},"query-input":{"@type":"PropertyValueSpecification","valueRequired":true,"valueName":"search_term_string"}}],"inLanguage":"de"},{"@type":"Organization","@id":"https:\/\/easyliferobo.com\/de\/#organization","name":"EasyLifeBro","url":"https:\/\/easyliferobo.com\/de\/","logo":{"@type":"ImageObject","inLanguage":"de","@id":"https:\/\/easyliferobo.com\/de\/#\/schema\/logo\/image\/","url":"https:\/\/easyliferobo.com\/de\/wp-content\/uploads\/2026\/02\/Screenshot-2026-02-22-at-2.25.03-PM.png","contentUrl":"https:\/\/easyliferobo.com\/de\/wp-content\/uploads\/2026\/02\/Screenshot-2026-02-22-at-2.25.03-PM.png","width":1858,"height":430,"caption":"EasyLifeBro"},"image":{"@id":"https:\/\/easyliferobo.com\/de\/#\/schema\/logo\/image\/"}}]}},"_links":{"self":[{"href":"https:\/\/easyliferobo.com\/de\/wp-json\/wp\/v2\/product\/3640","targetHints":{"allow":["GET"]}}],"collection":[{"href":"https:\/\/easyliferobo.com\/de\/wp-json\/wp\/v2\/product"}],"about":[{"href":"https:\/\/easyliferobo.com\/de\/wp-json\/wp\/v2\/types\/product"}],"replies":[{"embeddable":true,"href":"https:\/\/easyliferobo.com\/de\/wp-json\/wp\/v2\/comments?post=3640"}],"wp:featuredmedia":[{"embeddable":true,"href":"https:\/\/easyliferobo.com\/de\/wp-json\/wp\/v2\/media\/3641"}],"wp:attachment":[{"href":"https:\/\/easyliferobo.com\/de\/wp-json\/wp\/v2\/media?parent=3640"}],"wp:term":[{"taxonomy":"store","embeddable":true,"href":"https:\/\/easyliferobo.com\/de\/wp-json\/wp\/v2\/store?post=3640"},{"taxonomy":"product_brand","embeddable":true,"href":"https:\/\/easyliferobo.com\/de\/wp-json\/wp\/v2\/product_brand?post=3640"},{"taxonomy":"product_cat","embeddable":true,"href":"https:\/\/easyliferobo.com\/de\/wp-json\/wp\/v2\/product_cat?post=3640"},{"taxonomy":"product_tag","embeddable":true,"href":"https:\/\/easyliferobo.com\/de\/wp-json\/wp\/v2\/product_tag?post=3640"}],"curies":[{"name":"wp","href":"https:\/\/api.w.org\/{rel}","templated":true}]}}