
{"id":3609,"date":"2026-02-27T09:47:09","date_gmt":"2026-02-27T09:47:09","guid":{"rendered":"https:\/\/easyliferobo.com\/de\/product\/mammotion-luba-mini-awd-lidar-roboter-rasenmaeher-ohne-begrenzungskabel-mit-3d-lidar-vision-ohne-rtk-antenne-automatische-kartierung-empfohlen-fuer-1-500-m%c2%b2-4g-modul-bis-zu-80-steigung\/"},"modified":"2026-02-27T09:47:26","modified_gmt":"2026-02-27T09:47:26","slug":"mammotion-luba-mini-awd-lidar-roboter-rasenmaeher-ohne-begrenzungskabel-mit-3d-lidar-vision-ohne-rtk-antenne-automatische-kartierung-empfohlen-fuer-1-500-m%c2%b2-4g-modul-bis-zu-80-steigung","status":"publish","type":"product","link":"https:\/\/easyliferobo.com\/de\/product\/mammotion-luba-mini-awd-lidar-roboter-rasenmaeher-ohne-begrenzungskabel-mit-3d-lidar-vision-ohne-rtk-antenne-automatische-kartierung-empfohlen-fuer-1-500-m%c2%b2-4g-modul-bis-zu-80-steigung\/","title":{"rendered":"MAMMOTION LUBA Mini AWD LiDAR Robot..."},"content":{"rendered":"<p>\n                                             Produktbeschreibung Das Video zeigt das Produkt im Einsatz. Das Video f\u00fchrt Sie durch die Produkteinrichtung. Das Video vergleicht mehrere Produkte. Das Video zeigt das Auspacken des Produkts. MAMMOTION LUBA mini LiDAR H\u00e4ndlervideo<\/p>\n<p>                                                                                  <img decoding=\"async\" alt=\"Aplus-Inhaltsbild\" src=\"https:\/\/m.media-amazon.com\/images\/S\/aplus-media-library-service-media\/bc23fef1-548a-4b2d-a190-6dc3bfa4ab8e.__CR0,0,2928,1200_PT0_SX1464_V1___.jpg\">       <\/p>\n<p>                                                                                  <img decoding=\"async\" alt=\"Der Text lautet \u201eKein Aufbau notwendig\u201c. Gr\u00fcner Kunstrasen- oder Rasenboden mit \u00fcberlagerten kreisf\u00f6rmigen Produktindikatoren.\" src=\"https:\/\/m.media-amazon.com\/images\/S\/aplus-media-library-service-media\/c68aa69b-d98a-4281-a2f8-cbbaaa21d673.__CR0,0,2928,1200_PT0_SX1464_V1___.png\">       <\/p>\n<p>                                                                                  <img decoding=\"async\" alt=\"Aplus-Inhaltsbild\" src=\"https:\/\/m.media-amazon.com\/images\/S\/aplus-media-library-service-media\/9b1028d1-d57d-436f-bb59-effc9b6b01a4.__CR0,0,2928,1200_PT0_SX1464_V1___.jpg\">       <\/p>\n<p>                                                                                  <img decoding=\"async\" alt=\"Aplus-Inhaltsbild\" src=\"https:\/\/m.media-amazon.com\/images\/S\/aplus-media-library-service-media\/dd826afc-5c1f-42f1-85ac-5e149b4ab977.__CR0,0,2928,1200_PT0_SX1464_V1___.jpg\">       <\/p>\n<p>                                                                                  <img decoding=\"async\" alt=\"Aplus-Inhaltsbild\" src=\"https:\/\/m.media-amazon.com\/images\/S\/aplus-media-library-service-media\/32d880ff-f224-437b-9319-17f59bb18c29.__CR0,0,1464,600_PT0_SX1464_V1___.jpg\">       <\/p>\n<p>                                                                                  <img decoding=\"async\" alt=\"Der Text lautet \u201eIntelligente Rasenf\u00fchrung, sch\u00f6n und effizient\u201c. Luftaufnahme des Hinterhofs mit Swimmingpool und ordentlich gem\u00e4htem Rasen.\" src=\"https:\/\/m.media-amazon.com\/images\/S\/aplus-media-library-service-media\/d7d011a1-abb2-437b-90f1-63fc9420ec6f.__CR0,0,1464,600_PT0_SX1464_V1___.jpg\">       <\/p>\n<p>                                                                                  <img decoding=\"async\" alt=\"Drohnenaufnahmen aus der Luft, die detaillierte Muster zeigen, die in einem gro\u00dfen gr\u00fcnen Rasen oder Sportplatz gem\u00e4ht wurden, wodurch unverwechselbare geometrische Muster entstehen\" src=\"https:\/\/m.media-amazon.com\/images\/S\/aplus-media-library-service-media\/dcd0bfe2-1fb5-42fe-96ce-494a38b165ab.__CR0,0,1464,600_PT0_SX1464_V1___.png\">       <\/p>\n<p>                                                                                  <img decoding=\"async\" alt=\"Produktschnittstelle mit mehreren Panels mit Symbolen und deutschem Text. Enth\u00e4lt Bilder von Gras, Erde und einem leuchtenden Pfad\" src=\"https:\/\/m.media-amazon.com\/images\/S\/aplus-media-library-service-media\/67211232-f036-4789-8052-139af06dcc5f.__CR0,0,1464,600_PT0_SX1464_V1___.jpg\">       <\/p>\n<p>                                                                                  <img decoding=\"async\" alt=\"Der Text lautet \u201eAutomatisches Aufladen und leistungsstarker Lithium-Akku\u201c. Zwei Fotos zeigen M\u00e4hroboter auf Gras, eines in Nahaufnahme und das andere zeigt eine breitere Gartenabdeckung.\" src=\"https:\/\/m.media-amazon.com\/images\/S\/aplus-media-library-service-media\/7f43c91d-48da-4730-b61f-e88f6cf9f708.__CR0,0,1464,600_PT0_SX1464_V1___.jpg\">       <\/p>\n<p>                                                                                  <img decoding=\"async\" alt=\"Aplus-Inhaltsbild\" src=\"https:\/\/m.media-amazon.com\/images\/S\/aplus-media-library-service-media\/60ae4587-568d-4323-8125-ab024624054d.__CR0,0,2928,1200_PT0_SX1464_V1___.jpg\">       <\/p>\n<p>                                                                                  <img decoding=\"async\" alt=\"Der Text lautet \u201eLimb Pro ARG\/LAB\/Pro\/Starter, Lieferhinweis, Zubeh\u00f6r, Ersatzteile, Bedienungshandbuch\u201c. Produktmontagediagramm mit verschiedenen Komponenten und Zubeh\u00f6rteilen.\" src=\"https:\/\/m.media-amazon.com\/images\/S\/aplus-media-library-service-media\/7574b7fd-19fe-4960-aaa5-2d5151535999.__CR0,0,1464,600_PT0_SX1464_V1___.jpg\">       <\/p>\n<h3 class=\"a-text-center aplus-h1 a-text-bold\">  Unterschiede zwischen der LUBA mini AWD Serie <\/h3>\n<p>                         In den Warenkorb legen. In den Warenkorb legen. In den Warenkorb legen 1.099,00 \u20ac1.099,00 \u20ac 199,00 \u20ac199,00 \u20ac Empf. Rasengr\u00f6\u00dfe 1500\u33a1 1500\u33a1 800\u33a1 \u2014 Automatisches Mapping 3D LiDAR + Vision NetRTK+Vision NetRTK+Vision \u2014 Positionierung &#038; Kartierung 80 % (38\u00b0) 80 % (38\u00b0) 80 % (38\u00b0) \u2014 Max. Multizone 20 20 20 \u2014 Schnittbreite 200mm 200mm 200mm \u2014 Schnitth\u00f6he 20-65mm 20-65mm 20-65mm \u2014 Konnektivit\u00e4t Bluetooth &#038; Wifi &#038; 4G Bluetooth &#038; Wifi &#038; 4G Bluetooth &#038; Wifi &#038; 4G \u2014 4G-Dienst \u27141 Monat 4G-Daten \u27141 Jahr 4G-Daten \u27141 Jahr 4G-Daten \u2014 M\u00e4hfl\u00e4che pro Ladung 250\u33a1 350\u33a1 250\u33a1 \u2014 Akku-Kapazit\u00e4t 6,1Ah 6,1Ah 4,5Ah \u2014    <\/p>\n<p>Pr\u00e4zise Navigation \u2013 ohne Signalverlust: kein Begrenzungskabel, keine Basisstation, keine Installation \u2013 der LUBA mini AWD LiDAR M\u00e4hroboter kartiert Ihren Garten in Echtzeit mit modernster 3D-LiDAR-Technologie (144 Strahlen, 200.000 Punkte\/Sekunde). Funktioniert zuverl\u00e4ssig auch unter B\u00e4umen, Trampolinen oder in schattigen Ecken.<br \/>Allradantrieb f\u00fcr jedes Gel\u00e4nde: Mit Allradantrieb und adaptiver Federung bew\u00e4ltigt der LUBA mini AWD LiDAR Rasenm\u00e4her Steigungen bis zu 80 % \u2013 selbst auf unebenem Untergrund, Schotterwegen oder weichem Untergrund. Ideal f\u00fcr B\u00f6schungen, Terrassen oder Ufergrundst\u00fccke \u2013 ohne Schleudern oder Rasensch\u00e4den.<br \/>INTELLIGENTES M\u00c4HEN F\u00dcR PERFEKTE ERGEBNISSE Ein 88-Watt-Motor und sechs messerscharfe Messer sorgen f\u00fcr einen pr\u00e4zisen, gleichm\u00e4\u00dfigen Schnitt auch bei dichtem oder hohem Gras. 20 cm Schnittbreite, h\u00f6henverstellbar von 20\u201365 mm, plus randloses M\u00e4hen f\u00fcr saubere Kanten ohne Nacharbeit.<br \/>Smartes Zonenmanagement und Dauerbetrieb: Steuern Sie bis zu 20 M\u00e4hzonen individuell per App \u2013 z. B. Vorgarten, Hinterhof, Poolbereich oder Sperrbereiche. Dank GPS setzt der LUBA mini AWD LiDAR M\u00e4hroboter ohne Begrenzungskabel die Arbeit nach dem Aufladen genau dort fort, wo er aufgeh\u00f6rt hat \u2013 bis zu 250 m\u00b2 pro Ladung.<br \/>Nachhaltig &#038; leise: F\u00fcr ein gutes Gef\u00fchl beim M\u00e4hen: Mit austauschbarem Lithium-Akku und fl\u00fcsterleisem Betrieb (<60 dB) ist LUBA mini AWD LiDAR emissionsfrei, effizient und ideal f\u00fcr ruhige Wohngebiete. IPX6-Wasserbest\u00e4ndigkeit und Regensensor sorgen f\u00fcr einen zuverl\u00e4ssigen Einsatz bei allen Wetterbedingungen. Mit FOTA-Updates bleibt Ihr LUBA mini AWD LiDAR M\u00e4hroboter immer auf dem neuesten Stand<br \/>Rundumschutz mit smarter Diebstahlsicherung &#038; App-Steuerung: Dank Geofencing, GPS-Tracking, Besitzerauthentifizierung und App-Benachrichtigungen ist Ihr M\u00e4hroboter rundum gesch\u00fctzt. Wenn Luba mini AWD LiDAR 1500 unbefugt bewegt wird, wird Alarm ausgel\u00f6st. Ideal f\u00fcr sorgenfreies M\u00e4hen \u2013 auch wenn Sie nicht da sind. Inklusive 4G-Modul mit 3 Jahren Datenvolumen. Der iNavi-Dienst ist im Preis inbegriffen und kann \u00fcber 4G oder WIFI genutzt werden.<\/p>\n<p>[ad_2]<\/p>\n","protected":false},"excerpt":{"rendered":"<p>Produktbeschreibung Das Video zeigt das Produkt im Einsatz. Das Video f\u00fchrt Sie durch die Produkteinrichtung. Das Video vergleicht mehrere Produkte. Das Video zeigt das Auspacken des Produkts. MAMMOTION LUBA mini LiDAR H\u00e4ndlervideo Unterschiede zwischen der LUBA mini AWD Serie In den Warenkorb legen. In den Warenkorb legen. In den Warenkorb legen 1.099,00 \u20ac1.099,00 \u20ac 199,00 [&hellip;]<\/p>\n","protected":false},"featured_media":3610,"comment_status":"open","ping_status":"closed","template":"","meta":{"_aipt_faq_data":""},"store":[],"product_brand":[379],"product_cat":[85],"product_tag":[338],"class_list":{"0":"post-3609","1":"product","2":"type-product","3":"status-publish","4":"has-post-thumbnail","6":"product_brand-mammotion","7":"product_cat-gps-rasenroboter","8":"product_tag-gps-rasenroboter-fuer-hanglage","10":"first","11":"instock","12":"sale","13":"shipping-taxable","14":"product-type-external"},"yoast_head":"<!-- This site is optimized with the Yoast SEO plugin v27.0 - https:\/\/yoast.com\/product\/yoast-seo-wordpress\/ -->\n<title>MAMMOTION LUBA Mini AWD LiDAR Roboter-Rasenm\u00e4her ohne Begrenzungskabel mit 3D LiDAR + Vision, ohne RTK-Antenne, automatische Kartierung, empfohlen f\u00fcr 1.500 m\u00b2, 4G-Modul, bis zu 80 % Steigung - EasyLifeBro<\/title>\n<meta name=\"description\" content=\"Entdecken Sie smarte Roboter f\u00fcr Zuhause, Garten, Bildung und Sicherheit. Vergleichen Sie Saugroboter, Rasenm\u00e4hroboter, KI-Begleitroboter und mehr bei EasyLifeRobo.\" \/>\n<meta name=\"robots\" content=\"index, follow, max-snippet:-1, max-image-preview:large, max-video-preview:-1\" \/>\n<link rel=\"canonical\" href=\"https:\/\/easyliferobo.com\/de\/product\/mammotion-luba-mini-awd-lidar-roboter-rasenmaeher-ohne-begrenzungskabel-mit-3d-lidar-vision-ohne-rtk-antenne-automatische-kartierung-empfohlen-fuer-1-500-m\u00b2-4g-modul-bis-zu-80-steigung\/\" \/>\n<meta property=\"og:locale\" content=\"de_DE\" \/>\n<meta property=\"og:type\" content=\"article\" \/>\n<meta property=\"og:title\" content=\"MAMMOTION LUBA Mini AWD LiDAR Roboter-Rasenm\u00e4her ohne Begrenzungskabel mit 3D LiDAR + Vision, ohne RTK-Antenne, automatische Kartierung, empfohlen f\u00fcr 1.500 m\u00b2, 4G-Modul, bis zu 80 % Steigung - EasyLifeBro\" \/>\n<meta property=\"og:description\" content=\"Entdecken Sie smarte Roboter f\u00fcr Zuhause, Garten, Bildung und Sicherheit. Vergleichen Sie Saugroboter, Rasenm\u00e4hroboter, KI-Begleitroboter und mehr bei EasyLifeRobo.\" \/>\n<meta property=\"og:url\" content=\"https:\/\/easyliferobo.com\/de\/product\/mammotion-luba-mini-awd-lidar-roboter-rasenmaeher-ohne-begrenzungskabel-mit-3d-lidar-vision-ohne-rtk-antenne-automatische-kartierung-empfohlen-fuer-1-500-m\u00b2-4g-modul-bis-zu-80-steigung\/\" \/>\n<meta property=\"og:site_name\" content=\"EasyLifeBro\" \/>\n<meta property=\"article:modified_time\" content=\"2026-02-27T09:47:26+00:00\" \/>\n<meta property=\"og:image\" content=\"https:\/\/m.media-amazon.com\/images\/S\/aplus-media-library-service-media\/bc23fef1-548a-4b2d-a190-6dc3bfa4ab8e.__CR0,0,2928,1200_PT0_SX1464_V1___.jpg\" \/>\n<meta name=\"twitter:card\" content=\"summary_large_image\" \/>\n<meta name=\"twitter:label1\" content=\"Gesch\u00e4tzte Lesezeit\" \/>\n\t<meta name=\"twitter:data1\" content=\"2\u00a0Minuten\" \/>\n<script type=\"application\/ld+json\" class=\"yoast-schema-graph\">{\"@context\":\"https:\/\/schema.org\",\"@graph\":[{\"@type\":\"WebPage\",\"@id\":\"https:\/\/easyliferobo.com\/de\/product\/mammotion-luba-mini-awd-lidar-roboter-rasenmaeher-ohne-begrenzungskabel-mit-3d-lidar-vision-ohne-rtk-antenne-automatische-kartierung-empfohlen-fuer-1-500-m%c2%b2-4g-modul-bis-zu-80-steigung\/\",\"url\":\"https:\/\/easyliferobo.com\/de\/product\/mammotion-luba-mini-awd-lidar-roboter-rasenmaeher-ohne-begrenzungskabel-mit-3d-lidar-vision-ohne-rtk-antenne-automatische-kartierung-empfohlen-fuer-1-500-m%c2%b2-4g-modul-bis-zu-80-steigung\/\",\"name\":\"MAMMOTION LUBA Mini AWD LiDAR Roboter-Rasenm\u00e4her ohne Begrenzungskabel mit 3D LiDAR + Vision, ohne RTK-Antenne, automatische Kartierung, empfohlen f\u00fcr 1.500 m\u00b2, 4G-Modul, bis zu 80 % Steigung - EasyLifeBro\",\"isPartOf\":{\"@id\":\"https:\/\/easyliferobo.com\/de\/#website\"},\"primaryImageOfPage\":{\"@id\":\"https:\/\/easyliferobo.com\/de\/product\/mammotion-luba-mini-awd-lidar-roboter-rasenmaeher-ohne-begrenzungskabel-mit-3d-lidar-vision-ohne-rtk-antenne-automatische-kartierung-empfohlen-fuer-1-500-m%c2%b2-4g-modul-bis-zu-80-steigung\/#primaryimage\"},\"image\":{\"@id\":\"https:\/\/easyliferobo.com\/de\/product\/mammotion-luba-mini-awd-lidar-roboter-rasenmaeher-ohne-begrenzungskabel-mit-3d-lidar-vision-ohne-rtk-antenne-automatische-kartierung-empfohlen-fuer-1-500-m%c2%b2-4g-modul-bis-zu-80-steigung\/#primaryimage\"},\"thumbnailUrl\":\"https:\/\/easyliferobo.com\/de\/wp-content\/uploads\/2026\/02\/61Q32mNHfVL._AC_SL1500_.jpg\",\"datePublished\":\"2026-02-27T09:47:09+00:00\",\"dateModified\":\"2026-02-27T09:47:26+00:00\",\"description\":\"Entdecken Sie smarte Roboter f\u00fcr Zuhause, Garten, Bildung und Sicherheit. Vergleichen Sie Saugroboter, Rasenm\u00e4hroboter, KI-Begleitroboter und mehr bei EasyLifeRobo.\",\"breadcrumb\":{\"@id\":\"https:\/\/easyliferobo.com\/de\/product\/mammotion-luba-mini-awd-lidar-roboter-rasenmaeher-ohne-begrenzungskabel-mit-3d-lidar-vision-ohne-rtk-antenne-automatische-kartierung-empfohlen-fuer-1-500-m%c2%b2-4g-modul-bis-zu-80-steigung\/#breadcrumb\"},\"inLanguage\":\"de\",\"potentialAction\":[{\"@type\":\"ReadAction\",\"target\":[\"https:\/\/easyliferobo.com\/de\/product\/mammotion-luba-mini-awd-lidar-roboter-rasenmaeher-ohne-begrenzungskabel-mit-3d-lidar-vision-ohne-rtk-antenne-automatische-kartierung-empfohlen-fuer-1-500-m%c2%b2-4g-modul-bis-zu-80-steigung\/\"]}]},{\"@type\":\"ImageObject\",\"inLanguage\":\"de\",\"@id\":\"https:\/\/easyliferobo.com\/de\/product\/mammotion-luba-mini-awd-lidar-roboter-rasenmaeher-ohne-begrenzungskabel-mit-3d-lidar-vision-ohne-rtk-antenne-automatische-kartierung-empfohlen-fuer-1-500-m%c2%b2-4g-modul-bis-zu-80-steigung\/#primaryimage\",\"url\":\"https:\/\/easyliferobo.com\/de\/wp-content\/uploads\/2026\/02\/61Q32mNHfVL._AC_SL1500_.jpg\",\"contentUrl\":\"https:\/\/easyliferobo.com\/de\/wp-content\/uploads\/2026\/02\/61Q32mNHfVL._AC_SL1500_.jpg\",\"width\":1500,\"height\":1043},{\"@type\":\"BreadcrumbList\",\"@id\":\"https:\/\/easyliferobo.com\/de\/product\/mammotion-luba-mini-awd-lidar-roboter-rasenmaeher-ohne-begrenzungskabel-mit-3d-lidar-vision-ohne-rtk-antenne-automatische-kartierung-empfohlen-fuer-1-500-m%c2%b2-4g-modul-bis-zu-80-steigung\/#breadcrumb\",\"itemListElement\":[{\"@type\":\"ListItem\",\"position\":1,\"name\":\"Home\",\"item\":\"https:\/\/easyliferobo.com\/de\/\"},{\"@type\":\"ListItem\",\"position\":2,\"name\":\"Shop\",\"item\":\"https:\/\/easyliferobo.com\/de\/shop\/\"},{\"@type\":\"ListItem\",\"position\":3,\"name\":\"MAMMOTION LUBA Mini AWD LiDAR Robot...\"}]},{\"@type\":\"WebSite\",\"@id\":\"https:\/\/easyliferobo.com\/de\/#website\",\"url\":\"https:\/\/easyliferobo.com\/de\/\",\"name\":\"EasyLifeBro\",\"description\":\"Smarte Roboter f\u00fcr Zuhause, Garten &amp; Bildung\",\"publisher\":{\"@id\":\"https:\/\/easyliferobo.com\/de\/#organization\"},\"potentialAction\":[{\"@type\":\"SearchAction\",\"target\":{\"@type\":\"EntryPoint\",\"urlTemplate\":\"https:\/\/easyliferobo.com\/de\/?s={search_term_string}\"},\"query-input\":{\"@type\":\"PropertyValueSpecification\",\"valueRequired\":true,\"valueName\":\"search_term_string\"}}],\"inLanguage\":\"de\"},{\"@type\":\"Organization\",\"@id\":\"https:\/\/easyliferobo.com\/de\/#organization\",\"name\":\"EasyLifeBro\",\"url\":\"https:\/\/easyliferobo.com\/de\/\",\"logo\":{\"@type\":\"ImageObject\",\"inLanguage\":\"de\",\"@id\":\"https:\/\/easyliferobo.com\/de\/#\/schema\/logo\/image\/\",\"url\":\"https:\/\/easyliferobo.com\/de\/wp-content\/uploads\/2026\/02\/Screenshot-2026-02-22-at-2.25.03-PM.png\",\"contentUrl\":\"https:\/\/easyliferobo.com\/de\/wp-content\/uploads\/2026\/02\/Screenshot-2026-02-22-at-2.25.03-PM.png\",\"width\":1858,\"height\":430,\"caption\":\"EasyLifeBro\"},\"image\":{\"@id\":\"https:\/\/easyliferobo.com\/de\/#\/schema\/logo\/image\/\"}}]}<\/script>\n<!-- \/ Yoast SEO plugin. -->","yoast_head_json":{"title":"MAMMOTION LUBA Mini AWD LiDAR Roboter-Rasenm\u00e4her ohne Begrenzungskabel mit 3D LiDAR + Vision, ohne RTK-Antenne, automatische Kartierung, empfohlen f\u00fcr 1.500 m\u00b2, 4G-Modul, bis zu 80 % Steigung - EasyLifeBro","description":"Entdecken Sie smarte Roboter f\u00fcr Zuhause, Garten, Bildung und Sicherheit. Vergleichen Sie Saugroboter, Rasenm\u00e4hroboter, KI-Begleitroboter und mehr bei EasyLifeRobo.","robots":{"index":"index","follow":"follow","max-snippet":"max-snippet:-1","max-image-preview":"max-image-preview:large","max-video-preview":"max-video-preview:-1"},"canonical":"https:\/\/easyliferobo.com\/de\/product\/mammotion-luba-mini-awd-lidar-roboter-rasenmaeher-ohne-begrenzungskabel-mit-3d-lidar-vision-ohne-rtk-antenne-automatische-kartierung-empfohlen-fuer-1-500-m\u00b2-4g-modul-bis-zu-80-steigung\/","og_locale":"de_DE","og_type":"article","og_title":"MAMMOTION LUBA Mini AWD LiDAR Roboter-Rasenm\u00e4her ohne Begrenzungskabel mit 3D LiDAR + Vision, ohne RTK-Antenne, automatische Kartierung, empfohlen f\u00fcr 1.500 m\u00b2, 4G-Modul, bis zu 80 % Steigung - EasyLifeBro","og_description":"Entdecken Sie smarte Roboter f\u00fcr Zuhause, Garten, Bildung und Sicherheit. Vergleichen Sie Saugroboter, Rasenm\u00e4hroboter, KI-Begleitroboter und mehr bei EasyLifeRobo.","og_url":"https:\/\/easyliferobo.com\/de\/product\/mammotion-luba-mini-awd-lidar-roboter-rasenmaeher-ohne-begrenzungskabel-mit-3d-lidar-vision-ohne-rtk-antenne-automatische-kartierung-empfohlen-fuer-1-500-m\u00b2-4g-modul-bis-zu-80-steigung\/","og_site_name":"EasyLifeBro","article_modified_time":"2026-02-27T09:47:26+00:00","og_image":[{"url":"https:\/\/m.media-amazon.com\/images\/S\/aplus-media-library-service-media\/bc23fef1-548a-4b2d-a190-6dc3bfa4ab8e.__CR0,0,2928,1200_PT0_SX1464_V1___.jpg","type":"","width":"","height":""}],"twitter_card":"summary_large_image","twitter_misc":{"Gesch\u00e4tzte Lesezeit":"2\u00a0Minuten"},"schema":{"@context":"https:\/\/schema.org","@graph":[{"@type":"WebPage","@id":"https:\/\/easyliferobo.com\/de\/product\/mammotion-luba-mini-awd-lidar-roboter-rasenmaeher-ohne-begrenzungskabel-mit-3d-lidar-vision-ohne-rtk-antenne-automatische-kartierung-empfohlen-fuer-1-500-m%c2%b2-4g-modul-bis-zu-80-steigung\/","url":"https:\/\/easyliferobo.com\/de\/product\/mammotion-luba-mini-awd-lidar-roboter-rasenmaeher-ohne-begrenzungskabel-mit-3d-lidar-vision-ohne-rtk-antenne-automatische-kartierung-empfohlen-fuer-1-500-m%c2%b2-4g-modul-bis-zu-80-steigung\/","name":"MAMMOTION LUBA Mini AWD LiDAR Roboter-Rasenm\u00e4her ohne Begrenzungskabel mit 3D LiDAR + Vision, ohne RTK-Antenne, automatische Kartierung, empfohlen f\u00fcr 1.500 m\u00b2, 4G-Modul, bis zu 80 % Steigung - EasyLifeBro","isPartOf":{"@id":"https:\/\/easyliferobo.com\/de\/#website"},"primaryImageOfPage":{"@id":"https:\/\/easyliferobo.com\/de\/product\/mammotion-luba-mini-awd-lidar-roboter-rasenmaeher-ohne-begrenzungskabel-mit-3d-lidar-vision-ohne-rtk-antenne-automatische-kartierung-empfohlen-fuer-1-500-m%c2%b2-4g-modul-bis-zu-80-steigung\/#primaryimage"},"image":{"@id":"https:\/\/easyliferobo.com\/de\/product\/mammotion-luba-mini-awd-lidar-roboter-rasenmaeher-ohne-begrenzungskabel-mit-3d-lidar-vision-ohne-rtk-antenne-automatische-kartierung-empfohlen-fuer-1-500-m%c2%b2-4g-modul-bis-zu-80-steigung\/#primaryimage"},"thumbnailUrl":"https:\/\/easyliferobo.com\/de\/wp-content\/uploads\/2026\/02\/61Q32mNHfVL._AC_SL1500_.jpg","datePublished":"2026-02-27T09:47:09+00:00","dateModified":"2026-02-27T09:47:26+00:00","description":"Entdecken Sie smarte Roboter f\u00fcr Zuhause, Garten, Bildung und Sicherheit. Vergleichen Sie Saugroboter, Rasenm\u00e4hroboter, KI-Begleitroboter und mehr bei EasyLifeRobo.","breadcrumb":{"@id":"https:\/\/easyliferobo.com\/de\/product\/mammotion-luba-mini-awd-lidar-roboter-rasenmaeher-ohne-begrenzungskabel-mit-3d-lidar-vision-ohne-rtk-antenne-automatische-kartierung-empfohlen-fuer-1-500-m%c2%b2-4g-modul-bis-zu-80-steigung\/#breadcrumb"},"inLanguage":"de","potentialAction":[{"@type":"ReadAction","target":["https:\/\/easyliferobo.com\/de\/product\/mammotion-luba-mini-awd-lidar-roboter-rasenmaeher-ohne-begrenzungskabel-mit-3d-lidar-vision-ohne-rtk-antenne-automatische-kartierung-empfohlen-fuer-1-500-m%c2%b2-4g-modul-bis-zu-80-steigung\/"]}]},{"@type":"ImageObject","inLanguage":"de","@id":"https:\/\/easyliferobo.com\/de\/product\/mammotion-luba-mini-awd-lidar-roboter-rasenmaeher-ohne-begrenzungskabel-mit-3d-lidar-vision-ohne-rtk-antenne-automatische-kartierung-empfohlen-fuer-1-500-m%c2%b2-4g-modul-bis-zu-80-steigung\/#primaryimage","url":"https:\/\/easyliferobo.com\/de\/wp-content\/uploads\/2026\/02\/61Q32mNHfVL._AC_SL1500_.jpg","contentUrl":"https:\/\/easyliferobo.com\/de\/wp-content\/uploads\/2026\/02\/61Q32mNHfVL._AC_SL1500_.jpg","width":1500,"height":1043},{"@type":"BreadcrumbList","@id":"https:\/\/easyliferobo.com\/de\/product\/mammotion-luba-mini-awd-lidar-roboter-rasenmaeher-ohne-begrenzungskabel-mit-3d-lidar-vision-ohne-rtk-antenne-automatische-kartierung-empfohlen-fuer-1-500-m%c2%b2-4g-modul-bis-zu-80-steigung\/#breadcrumb","itemListElement":[{"@type":"ListItem","position":1,"name":"Home","item":"https:\/\/easyliferobo.com\/de\/"},{"@type":"ListItem","position":2,"name":"Shop","item":"https:\/\/easyliferobo.com\/de\/shop\/"},{"@type":"ListItem","position":3,"name":"MAMMOTION LUBA Mini AWD LiDAR Robot..."}]},{"@type":"WebSite","@id":"https:\/\/easyliferobo.com\/de\/#website","url":"https:\/\/easyliferobo.com\/de\/","name":"EasyLifeBro","description":"Smarte Roboter f\u00fcr Zuhause, Garten &amp; Bildung","publisher":{"@id":"https:\/\/easyliferobo.com\/de\/#organization"},"potentialAction":[{"@type":"SearchAction","target":{"@type":"EntryPoint","urlTemplate":"https:\/\/easyliferobo.com\/de\/?s={search_term_string}"},"query-input":{"@type":"PropertyValueSpecification","valueRequired":true,"valueName":"search_term_string"}}],"inLanguage":"de"},{"@type":"Organization","@id":"https:\/\/easyliferobo.com\/de\/#organization","name":"EasyLifeBro","url":"https:\/\/easyliferobo.com\/de\/","logo":{"@type":"ImageObject","inLanguage":"de","@id":"https:\/\/easyliferobo.com\/de\/#\/schema\/logo\/image\/","url":"https:\/\/easyliferobo.com\/de\/wp-content\/uploads\/2026\/02\/Screenshot-2026-02-22-at-2.25.03-PM.png","contentUrl":"https:\/\/easyliferobo.com\/de\/wp-content\/uploads\/2026\/02\/Screenshot-2026-02-22-at-2.25.03-PM.png","width":1858,"height":430,"caption":"EasyLifeBro"},"image":{"@id":"https:\/\/easyliferobo.com\/de\/#\/schema\/logo\/image\/"}}]}},"_links":{"self":[{"href":"https:\/\/easyliferobo.com\/de\/wp-json\/wp\/v2\/product\/3609","targetHints":{"allow":["GET"]}}],"collection":[{"href":"https:\/\/easyliferobo.com\/de\/wp-json\/wp\/v2\/product"}],"about":[{"href":"https:\/\/easyliferobo.com\/de\/wp-json\/wp\/v2\/types\/product"}],"replies":[{"embeddable":true,"href":"https:\/\/easyliferobo.com\/de\/wp-json\/wp\/v2\/comments?post=3609"}],"wp:featuredmedia":[{"embeddable":true,"href":"https:\/\/easyliferobo.com\/de\/wp-json\/wp\/v2\/media\/3610"}],"wp:attachment":[{"href":"https:\/\/easyliferobo.com\/de\/wp-json\/wp\/v2\/media?parent=3609"}],"wp:term":[{"taxonomy":"store","embeddable":true,"href":"https:\/\/easyliferobo.com\/de\/wp-json\/wp\/v2\/store?post=3609"},{"taxonomy":"product_brand","embeddable":true,"href":"https:\/\/easyliferobo.com\/de\/wp-json\/wp\/v2\/product_brand?post=3609"},{"taxonomy":"product_cat","embeddable":true,"href":"https:\/\/easyliferobo.com\/de\/wp-json\/wp\/v2\/product_cat?post=3609"},{"taxonomy":"product_tag","embeddable":true,"href":"https:\/\/easyliferobo.com\/de\/wp-json\/wp\/v2\/product_tag?post=3609"}],"curies":[{"name":"wp","href":"https:\/\/api.w.org\/{rel}","templated":true}]}}