
{"id":3599,"date":"2026-02-27T09:44:36","date_gmt":"2026-02-27T09:44:36","guid":{"rendered":"https:\/\/easyliferobo.com\/de\/product\/worx-wa3644-original-powershare-pro-akku-20-v-40-ah-li-ion-wiederaufladbar-mehr-sicherheit-und-laengere-laufzeit-mit-led-anzeige-innovative-heatshield-technologie-passend-fuer-alle-worx-geraet\/"},"modified":"2026-02-27T09:44:55","modified_gmt":"2026-02-27T09:44:55","slug":"worx-wa3644-original-powershare-pro-akku-20-v-40-ah-li-ion-wiederaufladbar-mehr-sicherheit-und-laengere-laufzeit-mit-led-anzeige-innovative-heatshield-technologie-passend-fuer-alle-worx-geraet","status":"publish","type":"product","link":"https:\/\/easyliferobo.com\/de\/product\/worx-wa3644-original-powershare-pro-akku-20-v-40-ah-li-ion-wiederaufladbar-mehr-sicherheit-und-laengere-laufzeit-mit-led-anzeige-innovative-heatshield-technologie-passend-fuer-alle-worx-geraet\/","title":{"rendered":"WORX WA3644 Original PowerShare Pro..."},"content":{"rendered":"<p>\n                                             Vom Hersteller   <\/p>\n<p>                                                                                                       <img decoding=\"async\" alt=\"WA3644 20V 5,0 AH POWERSHARE PRO AKKU\" src=\"https:\/\/images-na.ssl-images-amazon.com\/images\/G\/01\/x-locale\/common\/grey-pixel.gif\" class=\"a-lazy-loaded\" data-src=\"https:\/\/m.media-amazon.com\/images\/S\/aplus-media-library-service-media\/d38f26c5-fbee-483d-a301-861cab408361.__CR0,0,1464,600_PT0_SX1464_V1___.jpg\"><img decoding=\"async\" alt=\"WA3644 20V 5,0 AH POWERSHARE PRO AKKU\" src=\"https:\/\/m.media-amazon.com\/images\/S\/aplus-media-library-service-media\/d38f26c5-fbee-483d-a301-861cab408361.__CR0,0,1464,600_PT0_SX1464_V1___.jpg\">                                               <\/p>\n<p>Das Video zeigt das Produkt im Einsatz. Das Video f\u00fchrt Sie durch die Produkteinrichtung. Das Video vergleicht mehrere Produkte. Das Video zeigt das Auspacken des Produkts. 20V PowerShare Pro Akku                                          <\/p>\n<h3 class=\"aplus-h1 aplus-module-1-heading a-text-bold\"> Leistungsst\u00e4rke mit Worx PowerShare Pro Akkus steigern <\/h3>\n<p class=\"aplus-p2 aplus-module-1-description\">  Neu gestaltet f\u00fcr den professionellen Einsatz, verf\u00fcgt der neue PowerShare Pro Akku \u00fcber Heat Shield-Technologie und Intelligent Power Control- sowie BMS-Technologie. Er bietet eine l\u00e4ngere Laufzeit, eine verl\u00e4ngerte Lebensdauer, schnellere Ladezeiten und herausragende Leistung. R\u00fcstest Du Deine Werkzeuge auf und entfesselst Du Dein wahres Potenzial mit diesem innovativen Kraftpaket! <\/p>\n<p>                                           <img decoding=\"async\" alt=\"WA3644\" src=\"https:\/\/images-na.ssl-images-amazon.com\/images\/G\/01\/x-locale\/common\/grey-pixel.gif\" class=\"a-lazy-loaded\" data-src=\"https:\/\/m.media-amazon.com\/images\/S\/aplus-media-library-service-media\/ef2bbec4-c3f5-44c1-a857-2d21dc0c92dc.__CR50,0,800,600_PT0_SX800_V1___.jpg\"><img decoding=\"async\" alt=\"WA3644\" src=\"https:\/\/m.media-amazon.com\/images\/S\/aplus-media-library-service-media\/ef2bbec4-c3f5-44c1-a857-2d21dc0c92dc.__CR50,0,800,600_PT0_SX800_V1___.jpg\">          <\/p>\n<p>                                                                                                                <img decoding=\"async\" alt=\"Hitzeschild-Technologie\" src=\"https:\/\/m.media-amazon.com\/images\/S\/aplus-media-library-service-media\/b239f6b7-e155-4f28-bc76-64c00d9ad7d4.__CR3,0,1464,600_PT0_SX1464_V1___.jpg\">                                                                                           MACH MEHR MIT JEDER LADUNG                                       <\/p>\n<p class=\"description aplus-p1\"> Spezielles W\u00e4rmespeichermaterial gew\u00e4hrleistet l\u00e4ngere Laufzeiten, verl\u00e4ngert die Batterielebensdauer <\/p>\n<p>                                                      <img decoding=\"async\" alt=\"MS-Technologie\" src=\"https:\/\/m.media-amazon.com\/images\/S\/aplus-media-library-service-media\/60819ecb-7407-4829-b276-9efd9c524bac.__CR3,0,1464,600_PT0_SX1464_V1___.jpg\">                                                                                           BMS-Technologie                                        <\/p>\n<p class=\"description aplus-p1\"> Optimiert jede Akkuzelle f\u00fcr maximale Leistung und Performance und verhindert Sch\u00e4den <\/p>\n<p>                                                      <img decoding=\"async\" alt=\"Intelligente Leistungssteuerung\" src=\"https:\/\/m.media-amazon.com\/images\/S\/aplus-media-library-service-media\/d805163e-b85b-465c-af46-436ed0fbf6a6.__CR3,0,1464,600_PT0_SX1464_V1___.jpg\">                                                                                           Intelligente Leistungssteuerung                                       <\/p>\n<p class=\"description aplus-p1\"> Kommunikationstechnologie passt die f\u00fcr optimale Leistung an, maximiert die Leistung und Laufzeit <\/p>\n<p>                            1 Hitzeschild-Technologie 2 MAXIMIERTE LEISTUNG 3 KL\u00dcGER ALS JE ZUVOR <\/p>\n<p>                                                                                                       <img decoding=\"async\" alt=\"Hervorragende Temperaturregelungsleistung\" src=\"https:\/\/images-na.ssl-images-amazon.com\/images\/G\/01\/x-locale\/common\/grey-pixel.gif\" class=\"a-lazy-loaded\" data-src=\"https:\/\/m.media-amazon.com\/images\/S\/aplus-media-library-service-media\/6daf1c93-caf8-4edb-ba95-26c66f6ab53b.__CR0,0,1464,600_PT0_SX1464_V1___.jpg\"><img decoding=\"async\" alt=\"Hervorragende Temperaturregelungsleistung\" src=\"https:\/\/m.media-amazon.com\/images\/S\/aplus-media-library-service-media\/6daf1c93-caf8-4edb-ba95-26c66f6ab53b.__CR0,0,1464,600_PT0_SX1464_V1___.jpg\">                                               <\/p>\n<p>                                                                                  <img decoding=\"async\" alt=\"PowerShare\" src=\"https:\/\/m.media-amazon.com\/images\/S\/aplus-media-library-service-media\/3946c85f-ac58-4513-9ecc-d553ded9cd13.__CR0,0,1464,600_PT0_SX1464_V1___.jpg\">       <\/p>\n<p>                                                                                  <img decoding=\"async\" alt=\"20V 40V 80V\" src=\"https:\/\/m.media-amazon.com\/images\/S\/aplus-media-library-service-media\/43a34c8a-0651-4182-b878-871ee62ccff1.__CR0,0,1464,600_PT0_SX1464_V1___.jpg\">       <\/p>\n<p>                                                                                  <img decoding=\"async\" alt=\"NITRO\" src=\"https:\/\/m.media-amazon.com\/images\/S\/aplus-media-library-service-media\/16ba008e-0f4e-44c5-910b-81681746bcc4.__CR0,0,1464,600_PT0_SX1464_V1___.jpg\">       <\/p>\n<p>                                                                <img decoding=\"async\" alt=\"\" src=\"https:\/\/images-na.ssl-images-amazon.com\/images\/G\/01\/x-locale\/common\/grey-pixel.gif\" class=\"a-lazy-loaded\" data-src=\"https:\/\/m.media-amazon.com\/images\/S\/aplus-media-library-service-media\/004045e3-ec20-46d7-b414-c1bdc1bbb1ca.__CR3,0,1464,600_PT0_SX1464_V1___.jpg\"><img decoding=\"async\" alt=\"\" src=\"https:\/\/m.media-amazon.com\/images\/S\/aplus-media-library-service-media\/004045e3-ec20-46d7-b414-c1bdc1bbb1ca.__CR3,0,1464,600_PT0_SX1464_V1___.jpg\">        <\/p>\n<p>HEATSHIELD-TECHNOLOGIE Die einzigartige W\u00e4rmespeichertechnologie absorbiert und speichert W\u00e4rme effizient, sch\u00fctzt vor St\u00f6\u00dfen und Schl\u00e4gen und sorgt f\u00fcr l\u00e4ngere Laufzeit, l\u00e4ngere Batterielebensdauer und eine gleichm\u00e4\u00dfige, effektive Leistungsabgabe<br \/>Intelligente Leistungssteuerung: Die Kommunikationstechnologie passt die Akkuleistung f\u00fcr eine optimale Energieabgabe an und maximiert die Leistung und Laufzeit des Werkzeugs<br \/>Maximale Leistung bei h\u00f6herer Sicherheit: Dank der BMS-Technologie optimiert der Akku jede Akkuzelle f\u00fcr maximale Leistung und Leistungsf\u00e4higkeit und beugt Sch\u00e4den durch \u00dcberlastung, \u00dcberladung und \u00dcberhitzung vor<br \/>Batterieanzeige: Das eingebaute Display zeigt den Echtzeitstatus der Batterieleistung an und sorgt daf\u00fcr, dass Sie immer \u00fcber die verbleibende Ladung informiert sind, sodass Sie bei Bedarf rechtzeitig wechseln oder laden k\u00f6nnen<br \/>Gleicher Akku, erweiterbare Energie: Der WORX PowerShare Akku ist mit allen WORX 20V-, 40V- und 80V-Werkzeugen, Outdoor-Power- und Lifestyle-Produkten kompatibel<br \/>Original WORX PowerShare Akkus bieten optimale Kompatibilit\u00e4t, hohe Sicherheit, langanhaltende Leistung und verl\u00e4ngern die Lebensdauer Ihrer Werkzeuge \u2013 f\u00fcr zuverl\u00e4ssige Leistung und volle Garantieanspr\u00fcche<\/p>\n<p>[ad_2]<\/p>\n","protected":false},"excerpt":{"rendered":"<p>Vom Hersteller Das Video zeigt das Produkt im Einsatz. Das Video f\u00fchrt Sie durch die Produkteinrichtung. Das Video vergleicht mehrere Produkte. Das Video zeigt das Auspacken des Produkts. 20V PowerShare Pro Akku Leistungsst\u00e4rke mit Worx PowerShare Pro Akkus steigern Neu gestaltet f\u00fcr den professionellen Einsatz, verf\u00fcgt der neue PowerShare Pro Akku \u00fcber Heat Shield-Technologie und [&hellip;]<\/p>\n","protected":false},"featured_media":3600,"comment_status":"open","ping_status":"closed","template":"","meta":{"_aipt_faq_data":""},"store":[],"product_brand":[135],"product_cat":[86],"product_tag":[336],"class_list":{"0":"post-3599","1":"product","2":"type-product","3":"status-publish","4":"has-post-thumbnail","6":"product_brand-worx","7":"product_cat-zubehoer-fuer-rasenmaehroboter","8":"product_tag-zubehoer-fuer-rasenmaehroboter-akku","10":"first","11":"instock","12":"sale","13":"shipping-taxable","14":"product-type-external"},"yoast_head":"<!-- This site is optimized with the Yoast SEO plugin v27.4 - https:\/\/yoast.com\/product\/yoast-seo-wordpress\/ -->\n<title>WORX WA3644 Original PowerShare Pro Akku 20 V - 4,0 Ah Li-Ion, wiederaufladbar, mehr Sicherheit und l\u00e4ngere Laufzeit, mit LED-Anzeige, innovative Heatshield-Technologie, passend f\u00fcr alle WORX-Ger\u00e4te - EasyLifeBro<\/title>\n<meta name=\"description\" content=\"Entdecken Sie smarte Roboter f\u00fcr Zuhause, Garten, Bildung und Sicherheit. Vergleichen Sie Saugroboter, Rasenm\u00e4hroboter, KI-Begleitroboter und mehr bei EasyLifeRobo.\" \/>\n<meta name=\"robots\" content=\"index, follow, max-snippet:-1, max-image-preview:large, max-video-preview:-1\" \/>\n<link rel=\"canonical\" href=\"https:\/\/easyliferobo.com\/de\/product\/worx-wa3644-original-powershare-pro-akku-20-v-40-ah-li-ion-wiederaufladbar-mehr-sicherheit-und-laengere-laufzeit-mit-led-anzeige-innovative-heatshield-technologie-passend-fuer-alle-worx-geraet\/\" \/>\n<meta property=\"og:locale\" content=\"de_DE\" \/>\n<meta property=\"og:type\" content=\"article\" \/>\n<meta property=\"og:title\" content=\"WORX WA3644 Original PowerShare Pro Akku 20 V - 4,0 Ah Li-Ion, wiederaufladbar, mehr Sicherheit und l\u00e4ngere Laufzeit, mit LED-Anzeige, innovative Heatshield-Technologie, passend f\u00fcr alle WORX-Ger\u00e4te - EasyLifeBro\" \/>\n<meta property=\"og:description\" content=\"Entdecken Sie smarte Roboter f\u00fcr Zuhause, Garten, Bildung und Sicherheit. Vergleichen Sie Saugroboter, Rasenm\u00e4hroboter, KI-Begleitroboter und mehr bei EasyLifeRobo.\" \/>\n<meta property=\"og:url\" content=\"https:\/\/easyliferobo.com\/de\/product\/worx-wa3644-original-powershare-pro-akku-20-v-40-ah-li-ion-wiederaufladbar-mehr-sicherheit-und-laengere-laufzeit-mit-led-anzeige-innovative-heatshield-technologie-passend-fuer-alle-worx-geraet\/\" \/>\n<meta property=\"og:site_name\" content=\"EasyLifeBro\" \/>\n<meta property=\"article:modified_time\" content=\"2026-02-27T09:44:55+00:00\" \/>\n<meta property=\"og:image\" content=\"https:\/\/images-na.ssl-images-amazon.com\/images\/G\/01\/x-locale\/common\/grey-pixel.gif\" \/>\n<meta name=\"twitter:card\" content=\"summary_large_image\" \/>\n<meta name=\"twitter:label1\" content=\"Gesch\u00e4tzte Lesezeit\" \/>\n\t<meta name=\"twitter:data1\" content=\"2\u00a0Minuten\" \/>\n<script type=\"application\/ld+json\" class=\"yoast-schema-graph\">{\"@context\":\"https:\\\/\\\/schema.org\",\"@graph\":[{\"@type\":\"WebPage\",\"@id\":\"https:\\\/\\\/easyliferobo.com\\\/de\\\/product\\\/worx-wa3644-original-powershare-pro-akku-20-v-40-ah-li-ion-wiederaufladbar-mehr-sicherheit-und-laengere-laufzeit-mit-led-anzeige-innovative-heatshield-technologie-passend-fuer-alle-worx-geraet\\\/\",\"url\":\"https:\\\/\\\/easyliferobo.com\\\/de\\\/product\\\/worx-wa3644-original-powershare-pro-akku-20-v-40-ah-li-ion-wiederaufladbar-mehr-sicherheit-und-laengere-laufzeit-mit-led-anzeige-innovative-heatshield-technologie-passend-fuer-alle-worx-geraet\\\/\",\"name\":\"WORX WA3644 Original PowerShare Pro Akku 20 V - 4,0 Ah Li-Ion, wiederaufladbar, mehr Sicherheit und l\u00e4ngere Laufzeit, mit LED-Anzeige, innovative Heatshield-Technologie, passend f\u00fcr alle WORX-Ger\u00e4te - EasyLifeBro\",\"isPartOf\":{\"@id\":\"https:\\\/\\\/easyliferobo.com\\\/de\\\/#website\"},\"primaryImageOfPage\":{\"@id\":\"https:\\\/\\\/easyliferobo.com\\\/de\\\/product\\\/worx-wa3644-original-powershare-pro-akku-20-v-40-ah-li-ion-wiederaufladbar-mehr-sicherheit-und-laengere-laufzeit-mit-led-anzeige-innovative-heatshield-technologie-passend-fuer-alle-worx-geraet\\\/#primaryimage\"},\"image\":{\"@id\":\"https:\\\/\\\/easyliferobo.com\\\/de\\\/product\\\/worx-wa3644-original-powershare-pro-akku-20-v-40-ah-li-ion-wiederaufladbar-mehr-sicherheit-und-laengere-laufzeit-mit-led-anzeige-innovative-heatshield-technologie-passend-fuer-alle-worx-geraet\\\/#primaryimage\"},\"thumbnailUrl\":\"https:\\\/\\\/easyliferobo.com\\\/de\\\/wp-content\\\/uploads\\\/2026\\\/02\\\/81aD08LWAkL._AC_SL1500_.jpg\",\"datePublished\":\"2026-02-27T09:44:36+00:00\",\"dateModified\":\"2026-02-27T09:44:55+00:00\",\"description\":\"Entdecken Sie smarte Roboter f\u00fcr Zuhause, Garten, Bildung und Sicherheit. Vergleichen Sie Saugroboter, Rasenm\u00e4hroboter, KI-Begleitroboter und mehr bei EasyLifeRobo.\",\"breadcrumb\":{\"@id\":\"https:\\\/\\\/easyliferobo.com\\\/de\\\/product\\\/worx-wa3644-original-powershare-pro-akku-20-v-40-ah-li-ion-wiederaufladbar-mehr-sicherheit-und-laengere-laufzeit-mit-led-anzeige-innovative-heatshield-technologie-passend-fuer-alle-worx-geraet\\\/#breadcrumb\"},\"inLanguage\":\"de\",\"potentialAction\":[{\"@type\":\"ReadAction\",\"target\":[\"https:\\\/\\\/easyliferobo.com\\\/de\\\/product\\\/worx-wa3644-original-powershare-pro-akku-20-v-40-ah-li-ion-wiederaufladbar-mehr-sicherheit-und-laengere-laufzeit-mit-led-anzeige-innovative-heatshield-technologie-passend-fuer-alle-worx-geraet\\\/\"]}]},{\"@type\":\"ImageObject\",\"inLanguage\":\"de\",\"@id\":\"https:\\\/\\\/easyliferobo.com\\\/de\\\/product\\\/worx-wa3644-original-powershare-pro-akku-20-v-40-ah-li-ion-wiederaufladbar-mehr-sicherheit-und-laengere-laufzeit-mit-led-anzeige-innovative-heatshield-technologie-passend-fuer-alle-worx-geraet\\\/#primaryimage\",\"url\":\"https:\\\/\\\/easyliferobo.com\\\/de\\\/wp-content\\\/uploads\\\/2026\\\/02\\\/81aD08LWAkL._AC_SL1500_.jpg\",\"contentUrl\":\"https:\\\/\\\/easyliferobo.com\\\/de\\\/wp-content\\\/uploads\\\/2026\\\/02\\\/81aD08LWAkL._AC_SL1500_.jpg\",\"width\":1500,\"height\":1311},{\"@type\":\"BreadcrumbList\",\"@id\":\"https:\\\/\\\/easyliferobo.com\\\/de\\\/product\\\/worx-wa3644-original-powershare-pro-akku-20-v-40-ah-li-ion-wiederaufladbar-mehr-sicherheit-und-laengere-laufzeit-mit-led-anzeige-innovative-heatshield-technologie-passend-fuer-alle-worx-geraet\\\/#breadcrumb\",\"itemListElement\":[{\"@type\":\"ListItem\",\"position\":1,\"name\":\"Home\",\"item\":\"https:\\\/\\\/easyliferobo.com\\\/de\\\/\"},{\"@type\":\"ListItem\",\"position\":2,\"name\":\"Shop\",\"item\":\"https:\\\/\\\/easyliferobo.com\\\/de\\\/shop\\\/\"},{\"@type\":\"ListItem\",\"position\":3,\"name\":\"WORX WA3644 Original PowerShare Pro...\"}]},{\"@type\":\"WebSite\",\"@id\":\"https:\\\/\\\/easyliferobo.com\\\/de\\\/#website\",\"url\":\"https:\\\/\\\/easyliferobo.com\\\/de\\\/\",\"name\":\"EasyLifeBro\",\"description\":\"Smarte Roboter f\u00fcr Zuhause, Garten &amp; Bildung\",\"publisher\":{\"@id\":\"https:\\\/\\\/easyliferobo.com\\\/de\\\/#organization\"},\"potentialAction\":[{\"@type\":\"SearchAction\",\"target\":{\"@type\":\"EntryPoint\",\"urlTemplate\":\"https:\\\/\\\/easyliferobo.com\\\/de\\\/?s={search_term_string}\"},\"query-input\":{\"@type\":\"PropertyValueSpecification\",\"valueRequired\":true,\"valueName\":\"search_term_string\"}}],\"inLanguage\":\"de\"},{\"@type\":\"Organization\",\"@id\":\"https:\\\/\\\/easyliferobo.com\\\/de\\\/#organization\",\"name\":\"EasyLifeBro\",\"url\":\"https:\\\/\\\/easyliferobo.com\\\/de\\\/\",\"logo\":{\"@type\":\"ImageObject\",\"inLanguage\":\"de\",\"@id\":\"https:\\\/\\\/easyliferobo.com\\\/de\\\/#\\\/schema\\\/logo\\\/image\\\/\",\"url\":\"https:\\\/\\\/easyliferobo.com\\\/de\\\/wp-content\\\/uploads\\\/2026\\\/02\\\/Screenshot-2026-02-22-at-2.25.03-PM.png\",\"contentUrl\":\"https:\\\/\\\/easyliferobo.com\\\/de\\\/wp-content\\\/uploads\\\/2026\\\/02\\\/Screenshot-2026-02-22-at-2.25.03-PM.png\",\"width\":1858,\"height\":430,\"caption\":\"EasyLifeBro\"},\"image\":{\"@id\":\"https:\\\/\\\/easyliferobo.com\\\/de\\\/#\\\/schema\\\/logo\\\/image\\\/\"}}]}<\/script>\n<!-- \/ Yoast SEO plugin. -->","yoast_head_json":{"title":"WORX WA3644 Original PowerShare Pro Akku 20 V - 4,0 Ah Li-Ion, wiederaufladbar, mehr Sicherheit und l\u00e4ngere Laufzeit, mit LED-Anzeige, innovative Heatshield-Technologie, passend f\u00fcr alle WORX-Ger\u00e4te - EasyLifeBro","description":"Entdecken Sie smarte Roboter f\u00fcr Zuhause, Garten, Bildung und Sicherheit. Vergleichen Sie Saugroboter, Rasenm\u00e4hroboter, KI-Begleitroboter und mehr bei EasyLifeRobo.","robots":{"index":"index","follow":"follow","max-snippet":"max-snippet:-1","max-image-preview":"max-image-preview:large","max-video-preview":"max-video-preview:-1"},"canonical":"https:\/\/easyliferobo.com\/de\/product\/worx-wa3644-original-powershare-pro-akku-20-v-40-ah-li-ion-wiederaufladbar-mehr-sicherheit-und-laengere-laufzeit-mit-led-anzeige-innovative-heatshield-technologie-passend-fuer-alle-worx-geraet\/","og_locale":"de_DE","og_type":"article","og_title":"WORX WA3644 Original PowerShare Pro Akku 20 V - 4,0 Ah Li-Ion, wiederaufladbar, mehr Sicherheit und l\u00e4ngere Laufzeit, mit LED-Anzeige, innovative Heatshield-Technologie, passend f\u00fcr alle WORX-Ger\u00e4te - EasyLifeBro","og_description":"Entdecken Sie smarte Roboter f\u00fcr Zuhause, Garten, Bildung und Sicherheit. Vergleichen Sie Saugroboter, Rasenm\u00e4hroboter, KI-Begleitroboter und mehr bei EasyLifeRobo.","og_url":"https:\/\/easyliferobo.com\/de\/product\/worx-wa3644-original-powershare-pro-akku-20-v-40-ah-li-ion-wiederaufladbar-mehr-sicherheit-und-laengere-laufzeit-mit-led-anzeige-innovative-heatshield-technologie-passend-fuer-alle-worx-geraet\/","og_site_name":"EasyLifeBro","article_modified_time":"2026-02-27T09:44:55+00:00","og_image":[{"url":"https:\/\/images-na.ssl-images-amazon.com\/images\/G\/01\/x-locale\/common\/grey-pixel.gif","type":"","width":"","height":""}],"twitter_card":"summary_large_image","twitter_misc":{"Gesch\u00e4tzte Lesezeit":"2\u00a0Minuten"},"schema":{"@context":"https:\/\/schema.org","@graph":[{"@type":"WebPage","@id":"https:\/\/easyliferobo.com\/de\/product\/worx-wa3644-original-powershare-pro-akku-20-v-40-ah-li-ion-wiederaufladbar-mehr-sicherheit-und-laengere-laufzeit-mit-led-anzeige-innovative-heatshield-technologie-passend-fuer-alle-worx-geraet\/","url":"https:\/\/easyliferobo.com\/de\/product\/worx-wa3644-original-powershare-pro-akku-20-v-40-ah-li-ion-wiederaufladbar-mehr-sicherheit-und-laengere-laufzeit-mit-led-anzeige-innovative-heatshield-technologie-passend-fuer-alle-worx-geraet\/","name":"WORX WA3644 Original PowerShare Pro Akku 20 V - 4,0 Ah Li-Ion, wiederaufladbar, mehr Sicherheit und l\u00e4ngere Laufzeit, mit LED-Anzeige, innovative Heatshield-Technologie, passend f\u00fcr alle WORX-Ger\u00e4te - EasyLifeBro","isPartOf":{"@id":"https:\/\/easyliferobo.com\/de\/#website"},"primaryImageOfPage":{"@id":"https:\/\/easyliferobo.com\/de\/product\/worx-wa3644-original-powershare-pro-akku-20-v-40-ah-li-ion-wiederaufladbar-mehr-sicherheit-und-laengere-laufzeit-mit-led-anzeige-innovative-heatshield-technologie-passend-fuer-alle-worx-geraet\/#primaryimage"},"image":{"@id":"https:\/\/easyliferobo.com\/de\/product\/worx-wa3644-original-powershare-pro-akku-20-v-40-ah-li-ion-wiederaufladbar-mehr-sicherheit-und-laengere-laufzeit-mit-led-anzeige-innovative-heatshield-technologie-passend-fuer-alle-worx-geraet\/#primaryimage"},"thumbnailUrl":"https:\/\/easyliferobo.com\/de\/wp-content\/uploads\/2026\/02\/81aD08LWAkL._AC_SL1500_.jpg","datePublished":"2026-02-27T09:44:36+00:00","dateModified":"2026-02-27T09:44:55+00:00","description":"Entdecken Sie smarte Roboter f\u00fcr Zuhause, Garten, Bildung und Sicherheit. Vergleichen Sie Saugroboter, Rasenm\u00e4hroboter, KI-Begleitroboter und mehr bei EasyLifeRobo.","breadcrumb":{"@id":"https:\/\/easyliferobo.com\/de\/product\/worx-wa3644-original-powershare-pro-akku-20-v-40-ah-li-ion-wiederaufladbar-mehr-sicherheit-und-laengere-laufzeit-mit-led-anzeige-innovative-heatshield-technologie-passend-fuer-alle-worx-geraet\/#breadcrumb"},"inLanguage":"de","potentialAction":[{"@type":"ReadAction","target":["https:\/\/easyliferobo.com\/de\/product\/worx-wa3644-original-powershare-pro-akku-20-v-40-ah-li-ion-wiederaufladbar-mehr-sicherheit-und-laengere-laufzeit-mit-led-anzeige-innovative-heatshield-technologie-passend-fuer-alle-worx-geraet\/"]}]},{"@type":"ImageObject","inLanguage":"de","@id":"https:\/\/easyliferobo.com\/de\/product\/worx-wa3644-original-powershare-pro-akku-20-v-40-ah-li-ion-wiederaufladbar-mehr-sicherheit-und-laengere-laufzeit-mit-led-anzeige-innovative-heatshield-technologie-passend-fuer-alle-worx-geraet\/#primaryimage","url":"https:\/\/easyliferobo.com\/de\/wp-content\/uploads\/2026\/02\/81aD08LWAkL._AC_SL1500_.jpg","contentUrl":"https:\/\/easyliferobo.com\/de\/wp-content\/uploads\/2026\/02\/81aD08LWAkL._AC_SL1500_.jpg","width":1500,"height":1311},{"@type":"BreadcrumbList","@id":"https:\/\/easyliferobo.com\/de\/product\/worx-wa3644-original-powershare-pro-akku-20-v-40-ah-li-ion-wiederaufladbar-mehr-sicherheit-und-laengere-laufzeit-mit-led-anzeige-innovative-heatshield-technologie-passend-fuer-alle-worx-geraet\/#breadcrumb","itemListElement":[{"@type":"ListItem","position":1,"name":"Home","item":"https:\/\/easyliferobo.com\/de\/"},{"@type":"ListItem","position":2,"name":"Shop","item":"https:\/\/easyliferobo.com\/de\/shop\/"},{"@type":"ListItem","position":3,"name":"WORX WA3644 Original PowerShare Pro..."}]},{"@type":"WebSite","@id":"https:\/\/easyliferobo.com\/de\/#website","url":"https:\/\/easyliferobo.com\/de\/","name":"EasyLifeBro","description":"Smarte Roboter f\u00fcr Zuhause, Garten &amp; Bildung","publisher":{"@id":"https:\/\/easyliferobo.com\/de\/#organization"},"potentialAction":[{"@type":"SearchAction","target":{"@type":"EntryPoint","urlTemplate":"https:\/\/easyliferobo.com\/de\/?s={search_term_string}"},"query-input":{"@type":"PropertyValueSpecification","valueRequired":true,"valueName":"search_term_string"}}],"inLanguage":"de"},{"@type":"Organization","@id":"https:\/\/easyliferobo.com\/de\/#organization","name":"EasyLifeBro","url":"https:\/\/easyliferobo.com\/de\/","logo":{"@type":"ImageObject","inLanguage":"de","@id":"https:\/\/easyliferobo.com\/de\/#\/schema\/logo\/image\/","url":"https:\/\/easyliferobo.com\/de\/wp-content\/uploads\/2026\/02\/Screenshot-2026-02-22-at-2.25.03-PM.png","contentUrl":"https:\/\/easyliferobo.com\/de\/wp-content\/uploads\/2026\/02\/Screenshot-2026-02-22-at-2.25.03-PM.png","width":1858,"height":430,"caption":"EasyLifeBro"},"image":{"@id":"https:\/\/easyliferobo.com\/de\/#\/schema\/logo\/image\/"}}]}},"_links":{"self":[{"href":"https:\/\/easyliferobo.com\/de\/wp-json\/wp\/v2\/product\/3599","targetHints":{"allow":["GET"]}}],"collection":[{"href":"https:\/\/easyliferobo.com\/de\/wp-json\/wp\/v2\/product"}],"about":[{"href":"https:\/\/easyliferobo.com\/de\/wp-json\/wp\/v2\/types\/product"}],"replies":[{"embeddable":true,"href":"https:\/\/easyliferobo.com\/de\/wp-json\/wp\/v2\/comments?post=3599"}],"wp:featuredmedia":[{"embeddable":true,"href":"https:\/\/easyliferobo.com\/de\/wp-json\/wp\/v2\/media\/3600"}],"wp:attachment":[{"href":"https:\/\/easyliferobo.com\/de\/wp-json\/wp\/v2\/media?parent=3599"}],"wp:term":[{"taxonomy":"store","embeddable":true,"href":"https:\/\/easyliferobo.com\/de\/wp-json\/wp\/v2\/store?post=3599"},{"taxonomy":"product_brand","embeddable":true,"href":"https:\/\/easyliferobo.com\/de\/wp-json\/wp\/v2\/product_brand?post=3599"},{"taxonomy":"product_cat","embeddable":true,"href":"https:\/\/easyliferobo.com\/de\/wp-json\/wp\/v2\/product_cat?post=3599"},{"taxonomy":"product_tag","embeddable":true,"href":"https:\/\/easyliferobo.com\/de\/wp-json\/wp\/v2\/product_tag?post=3599"}],"curies":[{"name":"wp","href":"https:\/\/api.w.org\/{rel}","templated":true}]}}