
{"id":3589,"date":"2026-02-27T07:42:36","date_gmt":"2026-02-27T07:42:36","guid":{"rendered":"https:\/\/easyliferobo.com\/de\/product\/elprico-roboterzeichnung-fuer-kinder-interaktiver-lernroboter-mit-karten-kunstkuenstlermalerei-lernspielzeug-fuer-maedchen-pink\/"},"modified":"2026-02-27T07:42:53","modified_gmt":"2026-02-27T07:42:53","slug":"elprico-roboterzeichnung-fuer-kinder-interaktiver-lernroboter-mit-karten-kunstkuenstlermalerei-lernspielzeug-fuer-maedchen-pink","status":"publish","type":"product","link":"https:\/\/easyliferobo.com\/de\/product\/elprico-roboterzeichnung-fuer-kinder-interaktiver-lernroboter-mit-karten-kunstkuenstlermalerei-lernspielzeug-fuer-maedchen-pink\/","title":{"rendered":"Elprico Roboterzeichnung f\u00fcr Kinde..."},"content":{"rendered":"<p>\n                                             Produktbeschreibung   <\/p>\n<p>                                                         <img decoding=\"async\" alt=\"1\" src=\"https:\/\/images-na.ssl-images-amazon.com\/images\/G\/01\/x-locale\/common\/grey-pixel.gif\" class=\"a-lazy-loaded\" data-src=\"https:\/\/m.media-amazon.com\/images\/S\/aplus-media\/sc\/063e912e-a9ba-41bb-b7e2-46bda89236e7.__CR0,0,600,180_PT0_SX600_V1___.jpg\"><img decoding=\"async\" alt=\"1\" src=\"https:\/\/m.media-amazon.com\/images\/S\/aplus-media\/sc\/063e912e-a9ba-41bb-b7e2-46bda89236e7.__CR0,0,600,180_PT0_SX600_V1___.jpg\">      <\/p>\n<p>                                                                             <img decoding=\"async\" alt=\"1\" src=\"https:\/\/images-na.ssl-images-amazon.com\/images\/G\/01\/x-locale\/common\/grey-pixel.gif\" class=\"a-spacing-base a-lazy-loaded\" data-src=\"https:\/\/m.media-amazon.com\/images\/S\/aplus-media\/sc\/ee52e193-3280-423b-80f6-d8f0f95c67b2.__CR0,0,970,600_PT0_SX970_V1___.jpg\"><img decoding=\"async\" alt=\"1\" src=\"https:\/\/m.media-amazon.com\/images\/S\/aplus-media\/sc\/ee52e193-3280-423b-80f6-d8f0f95c67b2.__CR0,0,970,600_PT0_SX970_V1___.jpg\">                                         <\/p>\n<h3 class=\"a-spacing-mini\">  Interaktives Lernschild, Roboterspielzeug f\u00fcr Kinder, Roboter zum Zeichnen f\u00fcr Kinder mit 100 Karten <\/h3>\n<p class=\"apm-text-center\">\n                                                      <img decoding=\"async\" alt=\"Zeichnungsroboter\" src=\"https:\/\/images-na.ssl-images-amazon.com\/images\/G\/01\/x-locale\/common\/grey-pixel.gif\" class=\"a-spacing-mini a-lazy-loaded\" data-src=\"https:\/\/m.media-amazon.com\/images\/S\/aplus-media\/sc\/c8af0006-dd9a-458d-9866-71506c297f79.__CR0,0,1601,1601_PT0_SX300_V1___.jpg\"><img decoding=\"async\" alt=\"Zeichnungsroboter\" src=\"https:\/\/m.media-amazon.com\/images\/S\/aplus-media\/sc\/c8af0006-dd9a-458d-9866-71506c297f79.__CR0,0,1601,1601_PT0_SX300_V1___.jpg\">  <\/p>\n<p>                                                    Verbessern Sie die Vorstellungskraft                                       <\/p>\n<p>  Entf\u00fchren Sie Ihr Kind mit unserem Zeichenroboter in eine Welt voller Kreativit\u00e4t, die seine Fantasie anregt. Durch die Besch\u00e4ftigung mit diesem innovativen Werkzeug k\u00f6nnen Kinder endlose M\u00f6glichkeiten erkunden.  <\/p>\n<p class=\"apm-text-center\">\n                                                      <img decoding=\"async\" alt=\"Zeichnungsroboter\" src=\"https:\/\/images-na.ssl-images-amazon.com\/images\/G\/01\/x-locale\/common\/grey-pixel.gif\" class=\"a-spacing-mini a-lazy-loaded\" data-src=\"https:\/\/m.media-amazon.com\/images\/S\/aplus-media\/sc\/781934e8-7efb-4cee-b8af-f24e8fe6a291.__CR0,0,1601,1601_PT0_SX300_V1___.jpg\"><img decoding=\"async\" alt=\"Zeichnungsroboter\" src=\"https:\/\/m.media-amazon.com\/images\/S\/aplus-media\/sc\/781934e8-7efb-4cee-b8af-f24e8fe6a291.__CR0,0,1601,1601_PT0_SX300_V1___.jpg\">  <\/p>\n<p>                                                    Einfaches automatisches Zeichnen                                       <\/p>\n<p>  Mit einem einfachen Tastendruck erm\u00f6glicht das Robotermalen das automatische Zeichnen und erm\u00f6glicht Kindern das m\u00fchelose Erlernen von Kunsttechniken. Diese benutzerfreundliche Funktion unterst\u00fctzt das selbstst\u00e4ndige Lernen.  <\/p>\n<p class=\"apm-text-center\">\n                                                      <img decoding=\"async\" alt=\"Zeichnungsroboter\" src=\"https:\/\/images-na.ssl-images-amazon.com\/images\/G\/01\/x-locale\/common\/grey-pixel.gif\" class=\"a-spacing-mini a-lazy-loaded\" data-src=\"https:\/\/m.media-amazon.com\/images\/S\/aplus-media\/sc\/47c82acb-1e53-4081-b93c-ae205f109f58.__CR0,0,1601,1601_PT0_SX300_V1___.jpg\"><img decoding=\"async\" alt=\"Zeichnungsroboter\" src=\"https:\/\/m.media-amazon.com\/images\/S\/aplus-media\/sc\/47c82acb-1e53-4081-b93c-ae205f109f58.__CR0,0,1601,1601_PT0_SX300_V1___.jpg\">  <\/p>\n<p>                                                    Verbessern Sie die Eltern-Kind-Bindung                                       <\/p>\n<p>  Eltern k\u00f6nnen mit ihren Kindern aktiv am Zeichenprozess teilnehmen und die Beziehung zwischen Eltern und Kindern st\u00e4rken. Diese gemeinsame Aktivit\u00e4t f\u00f6rdert die Kommunikation und Zusammenarbeit.  <\/p>\n<p>                                                                             <img decoding=\"async\" alt=\"Zeichnungsroboter\" src=\"https:\/\/images-na.ssl-images-amazon.com\/images\/G\/01\/x-locale\/common\/grey-pixel.gif\" class=\"a-spacing-base a-lazy-loaded\" data-src=\"https:\/\/m.media-amazon.com\/images\/S\/aplus-media\/sc\/e2a7da7c-a45d-4527-99c9-f61082527121.__CR0,0,970,600_PT0_SX970_V1___.jpg\"><img decoding=\"async\" alt=\"Zeichnungsroboter\" src=\"https:\/\/m.media-amazon.com\/images\/S\/aplus-media\/sc\/e2a7da7c-a45d-4527-99c9-f61082527121.__CR0,0,970,600_PT0_SX970_V1___.jpg\">                                                                    <\/p>\n<p>                                                                             <img decoding=\"async\" alt=\"Zeichnungsroboter\" src=\"https:\/\/images-na.ssl-images-amazon.com\/images\/G\/01\/x-locale\/common\/grey-pixel.gif\" class=\"a-spacing-base a-lazy-loaded\" data-src=\"https:\/\/m.media-amazon.com\/images\/S\/aplus-media\/sc\/533576c6-5a95-42e7-bfc5-79eed587c64a.__CR0,0,970,600_PT0_SX970_V1___.jpg\"><img decoding=\"async\" alt=\"Zeichnungsroboter\" src=\"https:\/\/m.media-amazon.com\/images\/S\/aplus-media\/sc\/533576c6-5a95-42e7-bfc5-79eed587c64a.__CR0,0,970,600_PT0_SX970_V1___.jpg\">                                                                    <\/p>\n<h3 class=\"a-size-extra-large a-spacing-base a-text-center\">  Spezifikation <\/h3>\n<p>                                                        Artikeltyp Zeichenroboter Material: Kunststoff Gr\u00f6\u00dfe ca. 124,5 x 110 mm \/ 4,90 x 4,33 Zoll Batterietyp 2400 mAh (wird mit eingebauter Batterie geliefert) Paketliste: 100 x Basis-Zeichenkarten, 1 x Zeichenroboter, 1 x USB-Kabel, 2 x Zubeh\u00f6r, 2 x Stifte, 1 x Benutzerhandbuch, 1 x Zeichenkissen                  <\/p>\n<p>Intelligenter Zeichenroboter Dieser intelligente automatische Zeichenroboter hilft Kindern, ihre Kreativit\u00e4t und Vorstellungskraft zu verbessern, indem er ihnen ein innovatives Werkzeug an die Hand gibt, mit dem sie ihre k\u00fcnstlerischen Talente durch unterhaltsame und ansprechende Aktivit\u00e4ten zum Ausdruck bringen k\u00f6nnen.<br \/>Mehrere Zeichenmodi Mit mehreren Zeichenmodi erf\u00fcllt dieser Roboter die Bed\u00fcrfnisse von Kindern unterschiedlichen Alters, um sicherzustellen, dass jedes Kind seine F\u00e4higkeiten genie\u00dfen kann.<br \/>Aufkl\u00e4rung in der fr\u00fchen Bildung Dieser Roboter soll die kognitive Entwicklung f\u00f6rdern und die Hand-Auge-Koordinationsf\u00e4higkeiten von Kindern verbessern. Es dient als idealer Begleiter der fr\u00fchen Bildung und f\u00f6rdert grundlegende F\u00e4higkeiten im Laufe der Jahre.<br \/>Interaktives Design Die interaktiven Funktionen dieses Zeichenroboters wecken das Lerninteresse und die Initiative von Kindern und ermutigen sie, sich auf Entdeckungsreise zu begeben und gleichzeitig viel Spa\u00df beim Zeichnen und Lernen zu haben.<br \/>SICHERE KUNSTSTOFFMATERIALIEN Dieser automatische Kunststoffroboter ohne st\u00f6rende Ger\u00fcche wurde f\u00fcr die Sicherheit von Kindern entwickelt, sodass Sie sicher sein k\u00f6nnen, dass Ihre Kinder unbesorgt spielen und kreativ sind.<\/p>\n<p>[ad_2]<\/p>\n","protected":false},"excerpt":{"rendered":"<p>Produktbeschreibung Interaktives Lernschild, Roboterspielzeug f\u00fcr Kinder, Roboter zum Zeichnen f\u00fcr Kinder mit 100 Karten Verbessern Sie die Vorstellungskraft Entf\u00fchren Sie Ihr Kind mit unserem Zeichenroboter in eine Welt voller Kreativit\u00e4t, die seine Fantasie anregt. Durch die Besch\u00e4ftigung mit diesem innovativen Werkzeug k\u00f6nnen Kinder endlose M\u00f6glichkeiten erkunden. Einfaches automatisches Zeichnen Mit einem einfachen Tastendruck erm\u00f6glicht das [&hellip;]<\/p>\n","protected":false},"featured_media":3590,"comment_status":"open","ping_status":"closed","template":"","meta":{"_aipt_faq_data":""},"store":[],"product_brand":[],"product_cat":[88],"product_tag":[335],"class_list":{"0":"post-3589","1":"product","2":"type-product","3":"status-publish","4":"has-post-thumbnail","6":"product_cat-interaktive-spielzeugroboter","7":"product_tag-interaktive-spielzeugroboter-lernspielzeug","9":"first","10":"instock","11":"sale","12":"shipping-taxable","13":"product-type-external"},"yoast_head":"<!-- This site is optimized with the Yoast SEO plugin v27.4 - https:\/\/yoast.com\/product\/yoast-seo-wordpress\/ -->\n<title>Elprico Roboterzeichnung f\u00fcr Kinder, interaktiver Lernroboter mit Karten, Kunstk\u00fcnstlermalerei, Lernspielzeug f\u00fcr M\u00e4dchen (Pink) - EasyLifeBro<\/title>\n<meta name=\"description\" content=\"Entdecken Sie smarte Roboter f\u00fcr Zuhause, Garten, Bildung und Sicherheit. Vergleichen Sie Saugroboter, Rasenm\u00e4hroboter, KI-Begleitroboter und mehr bei EasyLifeRobo.\" \/>\n<meta name=\"robots\" content=\"index, follow, max-snippet:-1, max-image-preview:large, max-video-preview:-1\" \/>\n<link rel=\"canonical\" href=\"https:\/\/easyliferobo.com\/de\/product\/elprico-roboterzeichnung-fuer-kinder-interaktiver-lernroboter-mit-karten-kunstkuenstlermalerei-lernspielzeug-fuer-maedchen-pink\/\" \/>\n<meta property=\"og:locale\" content=\"de_DE\" \/>\n<meta property=\"og:type\" content=\"article\" \/>\n<meta property=\"og:title\" content=\"Elprico Roboterzeichnung f\u00fcr Kinder, interaktiver Lernroboter mit Karten, Kunstk\u00fcnstlermalerei, Lernspielzeug f\u00fcr M\u00e4dchen (Pink) - EasyLifeBro\" \/>\n<meta property=\"og:description\" content=\"Entdecken Sie smarte Roboter f\u00fcr Zuhause, Garten, Bildung und Sicherheit. Vergleichen Sie Saugroboter, Rasenm\u00e4hroboter, KI-Begleitroboter und mehr bei EasyLifeRobo.\" \/>\n<meta property=\"og:url\" content=\"https:\/\/easyliferobo.com\/de\/product\/elprico-roboterzeichnung-fuer-kinder-interaktiver-lernroboter-mit-karten-kunstkuenstlermalerei-lernspielzeug-fuer-maedchen-pink\/\" \/>\n<meta property=\"og:site_name\" content=\"EasyLifeBro\" \/>\n<meta property=\"article:modified_time\" content=\"2026-02-27T07:42:53+00:00\" \/>\n<meta property=\"og:image\" content=\"https:\/\/images-na.ssl-images-amazon.com\/images\/G\/01\/x-locale\/common\/grey-pixel.gif\" \/>\n<meta name=\"twitter:card\" content=\"summary_large_image\" \/>\n<meta name=\"twitter:label1\" content=\"Gesch\u00e4tzte Lesezeit\" \/>\n\t<meta name=\"twitter:data1\" content=\"2\u00a0Minuten\" \/>\n<script type=\"application\/ld+json\" class=\"yoast-schema-graph\">{\"@context\":\"https:\\\/\\\/schema.org\",\"@graph\":[{\"@type\":\"WebPage\",\"@id\":\"https:\\\/\\\/easyliferobo.com\\\/de\\\/product\\\/elprico-roboterzeichnung-fuer-kinder-interaktiver-lernroboter-mit-karten-kunstkuenstlermalerei-lernspielzeug-fuer-maedchen-pink\\\/\",\"url\":\"https:\\\/\\\/easyliferobo.com\\\/de\\\/product\\\/elprico-roboterzeichnung-fuer-kinder-interaktiver-lernroboter-mit-karten-kunstkuenstlermalerei-lernspielzeug-fuer-maedchen-pink\\\/\",\"name\":\"Elprico Roboterzeichnung f\u00fcr Kinder, interaktiver Lernroboter mit Karten, Kunstk\u00fcnstlermalerei, Lernspielzeug f\u00fcr M\u00e4dchen (Pink) - EasyLifeBro\",\"isPartOf\":{\"@id\":\"https:\\\/\\\/easyliferobo.com\\\/de\\\/#website\"},\"primaryImageOfPage\":{\"@id\":\"https:\\\/\\\/easyliferobo.com\\\/de\\\/product\\\/elprico-roboterzeichnung-fuer-kinder-interaktiver-lernroboter-mit-karten-kunstkuenstlermalerei-lernspielzeug-fuer-maedchen-pink\\\/#primaryimage\"},\"image\":{\"@id\":\"https:\\\/\\\/easyliferobo.com\\\/de\\\/product\\\/elprico-roboterzeichnung-fuer-kinder-interaktiver-lernroboter-mit-karten-kunstkuenstlermalerei-lernspielzeug-fuer-maedchen-pink\\\/#primaryimage\"},\"thumbnailUrl\":\"https:\\\/\\\/easyliferobo.com\\\/de\\\/wp-content\\\/uploads\\\/2026\\\/02\\\/6167i3gHaPL._AC_SL1500_.jpg\",\"datePublished\":\"2026-02-27T07:42:36+00:00\",\"dateModified\":\"2026-02-27T07:42:53+00:00\",\"description\":\"Entdecken Sie smarte Roboter f\u00fcr Zuhause, Garten, Bildung und Sicherheit. Vergleichen Sie Saugroboter, Rasenm\u00e4hroboter, KI-Begleitroboter und mehr bei EasyLifeRobo.\",\"breadcrumb\":{\"@id\":\"https:\\\/\\\/easyliferobo.com\\\/de\\\/product\\\/elprico-roboterzeichnung-fuer-kinder-interaktiver-lernroboter-mit-karten-kunstkuenstlermalerei-lernspielzeug-fuer-maedchen-pink\\\/#breadcrumb\"},\"inLanguage\":\"de\",\"potentialAction\":[{\"@type\":\"ReadAction\",\"target\":[\"https:\\\/\\\/easyliferobo.com\\\/de\\\/product\\\/elprico-roboterzeichnung-fuer-kinder-interaktiver-lernroboter-mit-karten-kunstkuenstlermalerei-lernspielzeug-fuer-maedchen-pink\\\/\"]}]},{\"@type\":\"ImageObject\",\"inLanguage\":\"de\",\"@id\":\"https:\\\/\\\/easyliferobo.com\\\/de\\\/product\\\/elprico-roboterzeichnung-fuer-kinder-interaktiver-lernroboter-mit-karten-kunstkuenstlermalerei-lernspielzeug-fuer-maedchen-pink\\\/#primaryimage\",\"url\":\"https:\\\/\\\/easyliferobo.com\\\/de\\\/wp-content\\\/uploads\\\/2026\\\/02\\\/6167i3gHaPL._AC_SL1500_.jpg\",\"contentUrl\":\"https:\\\/\\\/easyliferobo.com\\\/de\\\/wp-content\\\/uploads\\\/2026\\\/02\\\/6167i3gHaPL._AC_SL1500_.jpg\",\"width\":1478,\"height\":1500},{\"@type\":\"BreadcrumbList\",\"@id\":\"https:\\\/\\\/easyliferobo.com\\\/de\\\/product\\\/elprico-roboterzeichnung-fuer-kinder-interaktiver-lernroboter-mit-karten-kunstkuenstlermalerei-lernspielzeug-fuer-maedchen-pink\\\/#breadcrumb\",\"itemListElement\":[{\"@type\":\"ListItem\",\"position\":1,\"name\":\"Home\",\"item\":\"https:\\\/\\\/easyliferobo.com\\\/de\\\/\"},{\"@type\":\"ListItem\",\"position\":2,\"name\":\"Shop\",\"item\":\"https:\\\/\\\/easyliferobo.com\\\/de\\\/shop\\\/\"},{\"@type\":\"ListItem\",\"position\":3,\"name\":\"Elprico Roboterzeichnung f\u00fcr Kinde...\"}]},{\"@type\":\"WebSite\",\"@id\":\"https:\\\/\\\/easyliferobo.com\\\/de\\\/#website\",\"url\":\"https:\\\/\\\/easyliferobo.com\\\/de\\\/\",\"name\":\"EasyLifeBro\",\"description\":\"Smarte Roboter f\u00fcr Zuhause, Garten &amp; Bildung\",\"publisher\":{\"@id\":\"https:\\\/\\\/easyliferobo.com\\\/de\\\/#organization\"},\"potentialAction\":[{\"@type\":\"SearchAction\",\"target\":{\"@type\":\"EntryPoint\",\"urlTemplate\":\"https:\\\/\\\/easyliferobo.com\\\/de\\\/?s={search_term_string}\"},\"query-input\":{\"@type\":\"PropertyValueSpecification\",\"valueRequired\":true,\"valueName\":\"search_term_string\"}}],\"inLanguage\":\"de\"},{\"@type\":\"Organization\",\"@id\":\"https:\\\/\\\/easyliferobo.com\\\/de\\\/#organization\",\"name\":\"EasyLifeBro\",\"url\":\"https:\\\/\\\/easyliferobo.com\\\/de\\\/\",\"logo\":{\"@type\":\"ImageObject\",\"inLanguage\":\"de\",\"@id\":\"https:\\\/\\\/easyliferobo.com\\\/de\\\/#\\\/schema\\\/logo\\\/image\\\/\",\"url\":\"https:\\\/\\\/easyliferobo.com\\\/de\\\/wp-content\\\/uploads\\\/2026\\\/02\\\/Screenshot-2026-02-22-at-2.25.03-PM.png\",\"contentUrl\":\"https:\\\/\\\/easyliferobo.com\\\/de\\\/wp-content\\\/uploads\\\/2026\\\/02\\\/Screenshot-2026-02-22-at-2.25.03-PM.png\",\"width\":1858,\"height\":430,\"caption\":\"EasyLifeBro\"},\"image\":{\"@id\":\"https:\\\/\\\/easyliferobo.com\\\/de\\\/#\\\/schema\\\/logo\\\/image\\\/\"}}]}<\/script>\n<!-- \/ Yoast SEO plugin. -->","yoast_head_json":{"title":"Elprico Roboterzeichnung f\u00fcr Kinder, interaktiver Lernroboter mit Karten, Kunstk\u00fcnstlermalerei, Lernspielzeug f\u00fcr M\u00e4dchen (Pink) - EasyLifeBro","description":"Entdecken Sie smarte Roboter f\u00fcr Zuhause, Garten, Bildung und Sicherheit. Vergleichen Sie Saugroboter, Rasenm\u00e4hroboter, KI-Begleitroboter und mehr bei EasyLifeRobo.","robots":{"index":"index","follow":"follow","max-snippet":"max-snippet:-1","max-image-preview":"max-image-preview:large","max-video-preview":"max-video-preview:-1"},"canonical":"https:\/\/easyliferobo.com\/de\/product\/elprico-roboterzeichnung-fuer-kinder-interaktiver-lernroboter-mit-karten-kunstkuenstlermalerei-lernspielzeug-fuer-maedchen-pink\/","og_locale":"de_DE","og_type":"article","og_title":"Elprico Roboterzeichnung f\u00fcr Kinder, interaktiver Lernroboter mit Karten, Kunstk\u00fcnstlermalerei, Lernspielzeug f\u00fcr M\u00e4dchen (Pink) - EasyLifeBro","og_description":"Entdecken Sie smarte Roboter f\u00fcr Zuhause, Garten, Bildung und Sicherheit. Vergleichen Sie Saugroboter, Rasenm\u00e4hroboter, KI-Begleitroboter und mehr bei EasyLifeRobo.","og_url":"https:\/\/easyliferobo.com\/de\/product\/elprico-roboterzeichnung-fuer-kinder-interaktiver-lernroboter-mit-karten-kunstkuenstlermalerei-lernspielzeug-fuer-maedchen-pink\/","og_site_name":"EasyLifeBro","article_modified_time":"2026-02-27T07:42:53+00:00","og_image":[{"url":"https:\/\/images-na.ssl-images-amazon.com\/images\/G\/01\/x-locale\/common\/grey-pixel.gif","type":"","width":"","height":""}],"twitter_card":"summary_large_image","twitter_misc":{"Gesch\u00e4tzte Lesezeit":"2\u00a0Minuten"},"schema":{"@context":"https:\/\/schema.org","@graph":[{"@type":"WebPage","@id":"https:\/\/easyliferobo.com\/de\/product\/elprico-roboterzeichnung-fuer-kinder-interaktiver-lernroboter-mit-karten-kunstkuenstlermalerei-lernspielzeug-fuer-maedchen-pink\/","url":"https:\/\/easyliferobo.com\/de\/product\/elprico-roboterzeichnung-fuer-kinder-interaktiver-lernroboter-mit-karten-kunstkuenstlermalerei-lernspielzeug-fuer-maedchen-pink\/","name":"Elprico Roboterzeichnung f\u00fcr Kinder, interaktiver Lernroboter mit Karten, Kunstk\u00fcnstlermalerei, Lernspielzeug f\u00fcr M\u00e4dchen (Pink) - EasyLifeBro","isPartOf":{"@id":"https:\/\/easyliferobo.com\/de\/#website"},"primaryImageOfPage":{"@id":"https:\/\/easyliferobo.com\/de\/product\/elprico-roboterzeichnung-fuer-kinder-interaktiver-lernroboter-mit-karten-kunstkuenstlermalerei-lernspielzeug-fuer-maedchen-pink\/#primaryimage"},"image":{"@id":"https:\/\/easyliferobo.com\/de\/product\/elprico-roboterzeichnung-fuer-kinder-interaktiver-lernroboter-mit-karten-kunstkuenstlermalerei-lernspielzeug-fuer-maedchen-pink\/#primaryimage"},"thumbnailUrl":"https:\/\/easyliferobo.com\/de\/wp-content\/uploads\/2026\/02\/6167i3gHaPL._AC_SL1500_.jpg","datePublished":"2026-02-27T07:42:36+00:00","dateModified":"2026-02-27T07:42:53+00:00","description":"Entdecken Sie smarte Roboter f\u00fcr Zuhause, Garten, Bildung und Sicherheit. Vergleichen Sie Saugroboter, Rasenm\u00e4hroboter, KI-Begleitroboter und mehr bei EasyLifeRobo.","breadcrumb":{"@id":"https:\/\/easyliferobo.com\/de\/product\/elprico-roboterzeichnung-fuer-kinder-interaktiver-lernroboter-mit-karten-kunstkuenstlermalerei-lernspielzeug-fuer-maedchen-pink\/#breadcrumb"},"inLanguage":"de","potentialAction":[{"@type":"ReadAction","target":["https:\/\/easyliferobo.com\/de\/product\/elprico-roboterzeichnung-fuer-kinder-interaktiver-lernroboter-mit-karten-kunstkuenstlermalerei-lernspielzeug-fuer-maedchen-pink\/"]}]},{"@type":"ImageObject","inLanguage":"de","@id":"https:\/\/easyliferobo.com\/de\/product\/elprico-roboterzeichnung-fuer-kinder-interaktiver-lernroboter-mit-karten-kunstkuenstlermalerei-lernspielzeug-fuer-maedchen-pink\/#primaryimage","url":"https:\/\/easyliferobo.com\/de\/wp-content\/uploads\/2026\/02\/6167i3gHaPL._AC_SL1500_.jpg","contentUrl":"https:\/\/easyliferobo.com\/de\/wp-content\/uploads\/2026\/02\/6167i3gHaPL._AC_SL1500_.jpg","width":1478,"height":1500},{"@type":"BreadcrumbList","@id":"https:\/\/easyliferobo.com\/de\/product\/elprico-roboterzeichnung-fuer-kinder-interaktiver-lernroboter-mit-karten-kunstkuenstlermalerei-lernspielzeug-fuer-maedchen-pink\/#breadcrumb","itemListElement":[{"@type":"ListItem","position":1,"name":"Home","item":"https:\/\/easyliferobo.com\/de\/"},{"@type":"ListItem","position":2,"name":"Shop","item":"https:\/\/easyliferobo.com\/de\/shop\/"},{"@type":"ListItem","position":3,"name":"Elprico Roboterzeichnung f\u00fcr Kinde..."}]},{"@type":"WebSite","@id":"https:\/\/easyliferobo.com\/de\/#website","url":"https:\/\/easyliferobo.com\/de\/","name":"EasyLifeBro","description":"Smarte Roboter f\u00fcr Zuhause, Garten &amp; Bildung","publisher":{"@id":"https:\/\/easyliferobo.com\/de\/#organization"},"potentialAction":[{"@type":"SearchAction","target":{"@type":"EntryPoint","urlTemplate":"https:\/\/easyliferobo.com\/de\/?s={search_term_string}"},"query-input":{"@type":"PropertyValueSpecification","valueRequired":true,"valueName":"search_term_string"}}],"inLanguage":"de"},{"@type":"Organization","@id":"https:\/\/easyliferobo.com\/de\/#organization","name":"EasyLifeBro","url":"https:\/\/easyliferobo.com\/de\/","logo":{"@type":"ImageObject","inLanguage":"de","@id":"https:\/\/easyliferobo.com\/de\/#\/schema\/logo\/image\/","url":"https:\/\/easyliferobo.com\/de\/wp-content\/uploads\/2026\/02\/Screenshot-2026-02-22-at-2.25.03-PM.png","contentUrl":"https:\/\/easyliferobo.com\/de\/wp-content\/uploads\/2026\/02\/Screenshot-2026-02-22-at-2.25.03-PM.png","width":1858,"height":430,"caption":"EasyLifeBro"},"image":{"@id":"https:\/\/easyliferobo.com\/de\/#\/schema\/logo\/image\/"}}]}},"_links":{"self":[{"href":"https:\/\/easyliferobo.com\/de\/wp-json\/wp\/v2\/product\/3589","targetHints":{"allow":["GET"]}}],"collection":[{"href":"https:\/\/easyliferobo.com\/de\/wp-json\/wp\/v2\/product"}],"about":[{"href":"https:\/\/easyliferobo.com\/de\/wp-json\/wp\/v2\/types\/product"}],"replies":[{"embeddable":true,"href":"https:\/\/easyliferobo.com\/de\/wp-json\/wp\/v2\/comments?post=3589"}],"wp:featuredmedia":[{"embeddable":true,"href":"https:\/\/easyliferobo.com\/de\/wp-json\/wp\/v2\/media\/3590"}],"wp:attachment":[{"href":"https:\/\/easyliferobo.com\/de\/wp-json\/wp\/v2\/media?parent=3589"}],"wp:term":[{"taxonomy":"store","embeddable":true,"href":"https:\/\/easyliferobo.com\/de\/wp-json\/wp\/v2\/store?post=3589"},{"taxonomy":"product_brand","embeddable":true,"href":"https:\/\/easyliferobo.com\/de\/wp-json\/wp\/v2\/product_brand?post=3589"},{"taxonomy":"product_cat","embeddable":true,"href":"https:\/\/easyliferobo.com\/de\/wp-json\/wp\/v2\/product_cat?post=3589"},{"taxonomy":"product_tag","embeddable":true,"href":"https:\/\/easyliferobo.com\/de\/wp-json\/wp\/v2\/product_tag?post=3589"}],"curies":[{"name":"wp","href":"https:\/\/api.w.org\/{rel}","templated":true}]}}