
{"id":3581,"date":"2026-02-27T07:21:52","date_gmt":"2026-02-27T07:21:52","guid":{"rendered":"https:\/\/easyliferobo.com\/de\/product\/deerc-rc-car-24-ghz-ferngesteuertes-offroad-auto-fuer-kinder-anfaenger-gelaendegaengiger-rc-truck-rock-crawler-mit-2-wiederaufladbaren-batterien-ferngesteuerter-monstertruck-fuer-jungen-maedchen\/"},"modified":"2026-02-27T07:22:06","modified_gmt":"2026-02-27T07:22:06","slug":"deerc-rc-car-24-ghz-ferngesteuertes-offroad-auto-fuer-kinder-anfaenger-gelaendegaengiger-rc-truck-rock-crawler-mit-2-wiederaufladbaren-batterien-ferngesteuerter-monstertruck-fuer-jungen-maedchen","status":"publish","type":"product","link":"https:\/\/easyliferobo.com\/de\/product\/deerc-rc-car-24-ghz-ferngesteuertes-offroad-auto-fuer-kinder-anfaenger-gelaendegaengiger-rc-truck-rock-crawler-mit-2-wiederaufladbaren-batterien-ferngesteuerter-monstertruck-fuer-jungen-maedchen\/","title":{"rendered":"DEERC RC-Car, 2,4 GHz ferngesteuert..."},"content":{"rendered":"<p>\n                                             Produktbeschreibung   <\/p>\n<p>                                                                             <img decoding=\"async\" alt=\"Das neue Gel\u00e4ndefahrzeug ist ein gro\u00dfes Gel\u00e4ndefahrzeug, das in Zukunft eingesetzt werden kann.\" src=\"https:\/\/images-na.ssl-images-amazon.com\/images\/G\/01\/x-locale\/common\/grey-pixel.gif\" class=\"a-spacing-base a-lazy-loaded\" data-src=\"https:\/\/m.media-amazon.com\/images\/S\/aplus-media-library-service-media\/bce19865-d2ff-44c1-80d4-75c8d841af6b.__CR92,0,970,600_PT0_SX970_V1___.jpg\"><img decoding=\"async\" alt=\"Das neue Gel\u00e4ndefahrzeug ist ein gro\u00dfes Gel\u00e4ndefahrzeug, das in Zukunft eingesetzt werden kann.\" src=\"https:\/\/m.media-amazon.com\/images\/S\/aplus-media-library-service-media\/bce19865-d2ff-44c1-80d4-75c8d841af6b.__CR92,0,970,600_PT0_SX970_V1___.jpg\">                                                                    <\/p>\n<p>                                                                             <img decoding=\"async\" alt=\"ein Foto eines Monstertrucks, der durch den Sand f\u00e4hrt.\" src=\"https:\/\/images-na.ssl-images-amazon.com\/images\/G\/01\/x-locale\/common\/grey-pixel.gif\" class=\"a-spacing-base a-lazy-loaded\" data-src=\"https:\/\/m.media-amazon.com\/images\/S\/aplus-media-library-service-media\/1f02b1cd-fa94-4d68-b0f3-9d24c8ca1e7d.__CR409,0,970,600_PT0_SX970_V1___.jpg\"><img decoding=\"async\" alt=\"ein Foto eines Monstertrucks, der durch den Sand f\u00e4hrt.\" src=\"https:\/\/m.media-amazon.com\/images\/S\/aplus-media-library-service-media\/1f02b1cd-fa94-4d68-b0f3-9d24c8ca1e7d.__CR409,0,970,600_PT0_SX970_V1___.jpg\">                                                                    <\/p>\n<p>                                                                             <img decoding=\"async\" alt=\"Das Elektroauto ist dazu bestimmt, ein Fahrzeug anzutreiben\" src=\"https:\/\/images-na.ssl-images-amazon.com\/images\/G\/01\/x-locale\/common\/grey-pixel.gif\" class=\"a-spacing-base a-lazy-loaded\" data-src=\"https:\/\/m.media-amazon.com\/images\/S\/aplus-media-library-service-media\/0f28b217-b4b2-4cac-a927-622897778c59.__CR78,0,970,600_PT0_SX970_V1___.jpg\"><img decoding=\"async\" alt=\"Das Elektroauto ist dazu bestimmt, ein Fahrzeug anzutreiben\" src=\"https:\/\/m.media-amazon.com\/images\/S\/aplus-media-library-service-media\/0f28b217-b4b2-4cac-a927-622897778c59.__CR78,0,970,600_PT0_SX970_V1___.jpg\">                                                                    <\/p>\n<p>                                                                             <img decoding=\"async\" alt=\"RC-Car-Chassis mit freiliegendem Rahmen, R\u00e4dern und Antriebskomponenten. Der Text lautet \u201eHochwertiges Nylon-Chassis\u201c. Hervorhebung seines Baumaterials.\" src=\"https:\/\/images-na.ssl-images-amazon.com\/images\/G\/01\/x-locale\/common\/grey-pixel.gif\" class=\"a-spacing-base a-lazy-loaded\" data-src=\"https:\/\/m.media-amazon.com\/images\/S\/aplus-media-library-service-media\/7cd2e0f9-794e-4645-8497-e732c102cc97.__CR70,0,970,600_PT0_SX970_V1___.jpg\"><img decoding=\"async\" alt=\"RC-Car-Chassis mit freiliegendem Rahmen, R\u00e4dern und Antriebskomponenten. Der Text lautet \u201eHochwertiges Nylon-Chassis\u201c. Hervorhebung seines Baumaterials.\" src=\"https:\/\/m.media-amazon.com\/images\/S\/aplus-media-library-service-media\/7cd2e0f9-794e-4645-8497-e732c102cc97.__CR70,0,970,600_PT0_SX970_V1___.jpg\">                                                                    <\/p>\n<p>                                                                             <img decoding=\"async\" alt=\"Der Roboter ist ein selbstfahrendes Fahrzeug, mit dem man fahren oder fahren kann.\" src=\"https:\/\/images-na.ssl-images-amazon.com\/images\/G\/01\/x-locale\/common\/grey-pixel.gif\" class=\"a-spacing-base a-lazy-loaded\" data-src=\"https:\/\/m.media-amazon.com\/images\/S\/aplus-media-library-service-media\/849cf4d1-ebb3-40e2-81f6-4ffbd8c4aa65.__CR432,0,970,600_PT0_SX970_V1___.jpg\"><img decoding=\"async\" alt=\"Der Roboter ist ein selbstfahrendes Fahrzeug, mit dem man fahren oder fahren kann.\" src=\"https:\/\/m.media-amazon.com\/images\/S\/aplus-media-library-service-media\/849cf4d1-ebb3-40e2-81f6-4ffbd8c4aa65.__CR432,0,970,600_PT0_SX970_V1___.jpg\">                                                                    <\/p>\n<p>                                                                             <img decoding=\"async\" alt=\"Wei\u00dfes ferngesteuertes Auto mit blauen Akzenten, das Staub auf felsigem Gel\u00e4nde aufwirbelt. Der Text lautet: \u201eGenie\u00dfen Sie den RC-Spa\u00df jederzeit und \u00fcberall\u201c. und &#39;#S767&#39;.\" src=\"https:\/\/images-na.ssl-images-amazon.com\/images\/G\/01\/x-locale\/common\/grey-pixel.gif\" class=\"a-spacing-base a-lazy-loaded\" data-src=\"https:\/\/m.media-amazon.com\/images\/S\/aplus-media-library-service-media\/6bcc394e-0af7-407b-a593-57b2cb16ca39.__CR25,0,970,600_PT0_SX970_V1___.jpg\"><img decoding=\"async\" alt=\"Wei\u00dfes ferngesteuertes Auto mit blauen Akzenten, das Staub auf felsigem Gel\u00e4nde aufwirbelt. Der Text lautet: \u201eGenie\u00dfen Sie den RC-Spa\u00df jederzeit und \u00fcberall\u201c. und &#39;#S767&#39;.\" src=\"https:\/\/m.media-amazon.com\/images\/S\/aplus-media-library-service-media\/6bcc394e-0af7-407b-a593-57b2cb16ca39.__CR25,0,970,600_PT0_SX970_V1___.jpg\">                                                                    <\/p>\n<p>                                                                             <img decoding=\"async\" alt=\"Lieferumfang des RC-Autos: wei\u00dfer und blauer Monstertruck, Fernbedienung, zwei rosa Batterien, Ladekabel und Bedienungsanleitung.\" src=\"https:\/\/images-na.ssl-images-amazon.com\/images\/G\/01\/x-locale\/common\/grey-pixel.gif\" class=\"a-spacing-base a-lazy-loaded\" data-src=\"https:\/\/m.media-amazon.com\/images\/S\/aplus-media-library-service-media\/fcec6a4a-71da-422a-b4d2-1e39816ec3a0.__CR62,0,970,600_PT0_SX970_V1___.jpg\"><img decoding=\"async\" alt=\"Lieferumfang des RC-Autos: wei\u00dfer und blauer Monstertruck, Fernbedienung, zwei rosa Batterien, Ladekabel und Bedienungsanleitung.\" src=\"https:\/\/m.media-amazon.com\/images\/S\/aplus-media-library-service-media\/fcec6a4a-71da-422a-b4d2-1e39816ec3a0.__CR62,0,970,600_PT0_SX970_V1___.jpg\">                                                                    <\/p>\n<p>All-Terrain-RC-Car: Mit einem starken Einzelradaufh\u00e4ngungssystem und einem leistungsstarken Motor kann dieses RC-Car vorw\u00e4rts oder r\u00fcckw\u00e4rts fahren, nach links oder rechts abbiegen und \u00fcberall hinfahren und funktioniert gut auf Sand, schlammigen Stra\u00dfen, kleinen Steinen und kurzem Gras. Ideales Spielzeugauto zum Spielen drinnen und drau\u00dfen.<br \/>Langlebiger und unterhaltsamer: Hochwertiges ABS-Material, hochfestes Nylon-Chassis und rutschfeste Reifen machen diesen RC-Truck unfallsicherer und robuster. Dank der rutschfesten Reifen kann dieser LKW auf der Stra\u00dfe, im Gel\u00e4nde und auf allen unebenen Stra\u00dfen fahren, was f\u00fcr mehr Fahrspa\u00df sorgt.<br \/>2 langlebige Batterien: 2 x wiederaufladbare 3,7-V-500-mAh-Batterien f\u00fcr den Monstertruck, die etwa 40 Minuten halten und f\u00fcr ein langanhaltendes Erlebnis sorgen. Hinweis: Nehmen Sie die Batterie nach Gebrauch aus dem Batteriefach.<br \/>St\u00f6rungsfreier 2,4-GHz-Sender: Die st\u00f6rungsfreie Reichweite des Senders betr\u00e4gt 80 m. Gleichzeitig ist es m\u00f6glich, dass mehrere Spieler gleichzeitig spielen k\u00f6nnen. Gehen Sie mit Ihren Freunden aus und genie\u00dfen Sie die Fahrzeit.<br \/>Ideale Spielzeugauto-Geschenke: Ein tolles Geschenk f\u00fcr Geburtstage und viele andere Anl\u00e4sse. Wenn Sie auf der Suche nach einem aufregenden und coolen Geschenk sind, werden Sie unser RC-Auto S767 lieben. Genie\u00dfen Sie den Fernbedienungsspa\u00df mit DEERC.<\/p>\n<p>[ad_2]<\/p>\n","protected":false},"excerpt":{"rendered":"<p>Produktbeschreibung All-Terrain-RC-Car: Mit einem starken Einzelradaufh\u00e4ngungssystem und einem leistungsstarken Motor kann dieses RC-Car vorw\u00e4rts oder r\u00fcckw\u00e4rts fahren, nach links oder rechts abbiegen und \u00fcberall hinfahren und funktioniert gut auf Sand, schlammigen Stra\u00dfen, kleinen Steinen und kurzem Gras. Ideales Spielzeugauto zum Spielen drinnen und drau\u00dfen.Langlebiger und unterhaltsamer: Hochwertiges ABS-Material, hochfestes Nylon-Chassis und rutschfeste Reifen machen diesen [&hellip;]<\/p>\n","protected":false},"featured_media":3582,"comment_status":"open","ping_status":"closed","template":"","meta":{"_aipt_faq_data":""},"store":[],"product_brand":[],"product_cat":[89],"product_tag":[334],"class_list":{"0":"post-3581","1":"product","2":"type-product","3":"status-publish","4":"has-post-thumbnail","6":"product_cat-roboter-mit-fernbedienung","7":"product_tag-roboter-mit-fernbedienung-fernsteuerung","9":"first","10":"instock","11":"sale","12":"shipping-taxable","13":"product-type-external"},"yoast_head":"<!-- This site is optimized with the Yoast SEO plugin v27.0 - https:\/\/yoast.com\/product\/yoast-seo-wordpress\/ -->\n<title>DEERC RC-Car, 2,4 GHz ferngesteuertes Offroad-Auto f\u00fcr Kinder\/Anf\u00e4nger, gel\u00e4ndeg\u00e4ngiger RC-Truck Rock Crawler mit 2 wiederaufladbaren Batterien, ferngesteuerter Monstertruck f\u00fcr Jungen, M\u00e4dchen - EasyLifeBro<\/title>\n<meta name=\"description\" content=\"Entdecken Sie smarte Roboter f\u00fcr Zuhause, Garten, Bildung und Sicherheit. Vergleichen Sie Saugroboter, Rasenm\u00e4hroboter, KI-Begleitroboter und mehr bei EasyLifeRobo.\" \/>\n<meta name=\"robots\" content=\"index, follow, max-snippet:-1, max-image-preview:large, max-video-preview:-1\" \/>\n<link rel=\"canonical\" href=\"https:\/\/easyliferobo.com\/de\/product\/deerc-rc-car-24-ghz-ferngesteuertes-offroad-auto-fuer-kinder-anfaenger-gelaendegaengiger-rc-truck-rock-crawler-mit-2-wiederaufladbaren-batterien-ferngesteuerter-monstertruck-fuer-jungen-maedchen\/\" \/>\n<meta property=\"og:locale\" content=\"de_DE\" \/>\n<meta property=\"og:type\" content=\"article\" \/>\n<meta property=\"og:title\" content=\"DEERC RC-Car, 2,4 GHz ferngesteuertes Offroad-Auto f\u00fcr Kinder\/Anf\u00e4nger, gel\u00e4ndeg\u00e4ngiger RC-Truck Rock Crawler mit 2 wiederaufladbaren Batterien, ferngesteuerter Monstertruck f\u00fcr Jungen, M\u00e4dchen - EasyLifeBro\" \/>\n<meta property=\"og:description\" content=\"Entdecken Sie smarte Roboter f\u00fcr Zuhause, Garten, Bildung und Sicherheit. Vergleichen Sie Saugroboter, Rasenm\u00e4hroboter, KI-Begleitroboter und mehr bei EasyLifeRobo.\" \/>\n<meta property=\"og:url\" content=\"https:\/\/easyliferobo.com\/de\/product\/deerc-rc-car-24-ghz-ferngesteuertes-offroad-auto-fuer-kinder-anfaenger-gelaendegaengiger-rc-truck-rock-crawler-mit-2-wiederaufladbaren-batterien-ferngesteuerter-monstertruck-fuer-jungen-maedchen\/\" \/>\n<meta property=\"og:site_name\" content=\"EasyLifeBro\" \/>\n<meta property=\"article:modified_time\" content=\"2026-02-27T07:22:06+00:00\" \/>\n<meta property=\"og:image\" content=\"https:\/\/images-na.ssl-images-amazon.com\/images\/G\/01\/x-locale\/common\/grey-pixel.gif\" \/>\n<meta name=\"twitter:card\" content=\"summary_large_image\" \/>\n<meta name=\"twitter:label1\" content=\"Gesch\u00e4tzte Lesezeit\" \/>\n\t<meta name=\"twitter:data1\" content=\"1\u00a0Minute\" \/>\n<script type=\"application\/ld+json\" class=\"yoast-schema-graph\">{\"@context\":\"https:\/\/schema.org\",\"@graph\":[{\"@type\":\"WebPage\",\"@id\":\"https:\/\/easyliferobo.com\/de\/product\/deerc-rc-car-24-ghz-ferngesteuertes-offroad-auto-fuer-kinder-anfaenger-gelaendegaengiger-rc-truck-rock-crawler-mit-2-wiederaufladbaren-batterien-ferngesteuerter-monstertruck-fuer-jungen-maedchen\/\",\"url\":\"https:\/\/easyliferobo.com\/de\/product\/deerc-rc-car-24-ghz-ferngesteuertes-offroad-auto-fuer-kinder-anfaenger-gelaendegaengiger-rc-truck-rock-crawler-mit-2-wiederaufladbaren-batterien-ferngesteuerter-monstertruck-fuer-jungen-maedchen\/\",\"name\":\"DEERC RC-Car, 2,4 GHz ferngesteuertes Offroad-Auto f\u00fcr Kinder\/Anf\u00e4nger, gel\u00e4ndeg\u00e4ngiger RC-Truck Rock Crawler mit 2 wiederaufladbaren Batterien, ferngesteuerter Monstertruck f\u00fcr Jungen, M\u00e4dchen - EasyLifeBro\",\"isPartOf\":{\"@id\":\"https:\/\/easyliferobo.com\/de\/#website\"},\"primaryImageOfPage\":{\"@id\":\"https:\/\/easyliferobo.com\/de\/product\/deerc-rc-car-24-ghz-ferngesteuertes-offroad-auto-fuer-kinder-anfaenger-gelaendegaengiger-rc-truck-rock-crawler-mit-2-wiederaufladbaren-batterien-ferngesteuerter-monstertruck-fuer-jungen-maedchen\/#primaryimage\"},\"image\":{\"@id\":\"https:\/\/easyliferobo.com\/de\/product\/deerc-rc-car-24-ghz-ferngesteuertes-offroad-auto-fuer-kinder-anfaenger-gelaendegaengiger-rc-truck-rock-crawler-mit-2-wiederaufladbaren-batterien-ferngesteuerter-monstertruck-fuer-jungen-maedchen\/#primaryimage\"},\"thumbnailUrl\":\"https:\/\/easyliferobo.com\/de\/wp-content\/uploads\/2026\/02\/71uK-0hKKoL._AC_SL1500_.jpg\",\"datePublished\":\"2026-02-27T07:21:52+00:00\",\"dateModified\":\"2026-02-27T07:22:06+00:00\",\"description\":\"Entdecken Sie smarte Roboter f\u00fcr Zuhause, Garten, Bildung und Sicherheit. Vergleichen Sie Saugroboter, Rasenm\u00e4hroboter, KI-Begleitroboter und mehr bei EasyLifeRobo.\",\"breadcrumb\":{\"@id\":\"https:\/\/easyliferobo.com\/de\/product\/deerc-rc-car-24-ghz-ferngesteuertes-offroad-auto-fuer-kinder-anfaenger-gelaendegaengiger-rc-truck-rock-crawler-mit-2-wiederaufladbaren-batterien-ferngesteuerter-monstertruck-fuer-jungen-maedchen\/#breadcrumb\"},\"inLanguage\":\"de\",\"potentialAction\":[{\"@type\":\"ReadAction\",\"target\":[\"https:\/\/easyliferobo.com\/de\/product\/deerc-rc-car-24-ghz-ferngesteuertes-offroad-auto-fuer-kinder-anfaenger-gelaendegaengiger-rc-truck-rock-crawler-mit-2-wiederaufladbaren-batterien-ferngesteuerter-monstertruck-fuer-jungen-maedchen\/\"]}]},{\"@type\":\"ImageObject\",\"inLanguage\":\"de\",\"@id\":\"https:\/\/easyliferobo.com\/de\/product\/deerc-rc-car-24-ghz-ferngesteuertes-offroad-auto-fuer-kinder-anfaenger-gelaendegaengiger-rc-truck-rock-crawler-mit-2-wiederaufladbaren-batterien-ferngesteuerter-monstertruck-fuer-jungen-maedchen\/#primaryimage\",\"url\":\"https:\/\/easyliferobo.com\/de\/wp-content\/uploads\/2026\/02\/71uK-0hKKoL._AC_SL1500_.jpg\",\"contentUrl\":\"https:\/\/easyliferobo.com\/de\/wp-content\/uploads\/2026\/02\/71uK-0hKKoL._AC_SL1500_.jpg\",\"width\":1500,\"height\":1458},{\"@type\":\"BreadcrumbList\",\"@id\":\"https:\/\/easyliferobo.com\/de\/product\/deerc-rc-car-24-ghz-ferngesteuertes-offroad-auto-fuer-kinder-anfaenger-gelaendegaengiger-rc-truck-rock-crawler-mit-2-wiederaufladbaren-batterien-ferngesteuerter-monstertruck-fuer-jungen-maedchen\/#breadcrumb\",\"itemListElement\":[{\"@type\":\"ListItem\",\"position\":1,\"name\":\"Home\",\"item\":\"https:\/\/easyliferobo.com\/de\/\"},{\"@type\":\"ListItem\",\"position\":2,\"name\":\"Shop\",\"item\":\"https:\/\/easyliferobo.com\/de\/shop\/\"},{\"@type\":\"ListItem\",\"position\":3,\"name\":\"DEERC RC-Car, 2,4 GHz ferngesteuert...\"}]},{\"@type\":\"WebSite\",\"@id\":\"https:\/\/easyliferobo.com\/de\/#website\",\"url\":\"https:\/\/easyliferobo.com\/de\/\",\"name\":\"EasyLifeBro\",\"description\":\"Smarte Roboter f\u00fcr Zuhause, Garten &amp; Bildung\",\"publisher\":{\"@id\":\"https:\/\/easyliferobo.com\/de\/#organization\"},\"potentialAction\":[{\"@type\":\"SearchAction\",\"target\":{\"@type\":\"EntryPoint\",\"urlTemplate\":\"https:\/\/easyliferobo.com\/de\/?s={search_term_string}\"},\"query-input\":{\"@type\":\"PropertyValueSpecification\",\"valueRequired\":true,\"valueName\":\"search_term_string\"}}],\"inLanguage\":\"de\"},{\"@type\":\"Organization\",\"@id\":\"https:\/\/easyliferobo.com\/de\/#organization\",\"name\":\"EasyLifeBro\",\"url\":\"https:\/\/easyliferobo.com\/de\/\",\"logo\":{\"@type\":\"ImageObject\",\"inLanguage\":\"de\",\"@id\":\"https:\/\/easyliferobo.com\/de\/#\/schema\/logo\/image\/\",\"url\":\"https:\/\/easyliferobo.com\/de\/wp-content\/uploads\/2026\/02\/Screenshot-2026-02-22-at-2.25.03-PM.png\",\"contentUrl\":\"https:\/\/easyliferobo.com\/de\/wp-content\/uploads\/2026\/02\/Screenshot-2026-02-22-at-2.25.03-PM.png\",\"width\":1858,\"height\":430,\"caption\":\"EasyLifeBro\"},\"image\":{\"@id\":\"https:\/\/easyliferobo.com\/de\/#\/schema\/logo\/image\/\"}}]}<\/script>\n<!-- \/ Yoast SEO plugin. -->","yoast_head_json":{"title":"DEERC RC-Car, 2,4 GHz ferngesteuertes Offroad-Auto f\u00fcr Kinder\/Anf\u00e4nger, gel\u00e4ndeg\u00e4ngiger RC-Truck Rock Crawler mit 2 wiederaufladbaren Batterien, ferngesteuerter Monstertruck f\u00fcr Jungen, M\u00e4dchen - EasyLifeBro","description":"Entdecken Sie smarte Roboter f\u00fcr Zuhause, Garten, Bildung und Sicherheit. Vergleichen Sie Saugroboter, Rasenm\u00e4hroboter, KI-Begleitroboter und mehr bei EasyLifeRobo.","robots":{"index":"index","follow":"follow","max-snippet":"max-snippet:-1","max-image-preview":"max-image-preview:large","max-video-preview":"max-video-preview:-1"},"canonical":"https:\/\/easyliferobo.com\/de\/product\/deerc-rc-car-24-ghz-ferngesteuertes-offroad-auto-fuer-kinder-anfaenger-gelaendegaengiger-rc-truck-rock-crawler-mit-2-wiederaufladbaren-batterien-ferngesteuerter-monstertruck-fuer-jungen-maedchen\/","og_locale":"de_DE","og_type":"article","og_title":"DEERC RC-Car, 2,4 GHz ferngesteuertes Offroad-Auto f\u00fcr Kinder\/Anf\u00e4nger, gel\u00e4ndeg\u00e4ngiger RC-Truck Rock Crawler mit 2 wiederaufladbaren Batterien, ferngesteuerter Monstertruck f\u00fcr Jungen, M\u00e4dchen - EasyLifeBro","og_description":"Entdecken Sie smarte Roboter f\u00fcr Zuhause, Garten, Bildung und Sicherheit. Vergleichen Sie Saugroboter, Rasenm\u00e4hroboter, KI-Begleitroboter und mehr bei EasyLifeRobo.","og_url":"https:\/\/easyliferobo.com\/de\/product\/deerc-rc-car-24-ghz-ferngesteuertes-offroad-auto-fuer-kinder-anfaenger-gelaendegaengiger-rc-truck-rock-crawler-mit-2-wiederaufladbaren-batterien-ferngesteuerter-monstertruck-fuer-jungen-maedchen\/","og_site_name":"EasyLifeBro","article_modified_time":"2026-02-27T07:22:06+00:00","og_image":[{"url":"https:\/\/images-na.ssl-images-amazon.com\/images\/G\/01\/x-locale\/common\/grey-pixel.gif","type":"","width":"","height":""}],"twitter_card":"summary_large_image","twitter_misc":{"Gesch\u00e4tzte Lesezeit":"1\u00a0Minute"},"schema":{"@context":"https:\/\/schema.org","@graph":[{"@type":"WebPage","@id":"https:\/\/easyliferobo.com\/de\/product\/deerc-rc-car-24-ghz-ferngesteuertes-offroad-auto-fuer-kinder-anfaenger-gelaendegaengiger-rc-truck-rock-crawler-mit-2-wiederaufladbaren-batterien-ferngesteuerter-monstertruck-fuer-jungen-maedchen\/","url":"https:\/\/easyliferobo.com\/de\/product\/deerc-rc-car-24-ghz-ferngesteuertes-offroad-auto-fuer-kinder-anfaenger-gelaendegaengiger-rc-truck-rock-crawler-mit-2-wiederaufladbaren-batterien-ferngesteuerter-monstertruck-fuer-jungen-maedchen\/","name":"DEERC RC-Car, 2,4 GHz ferngesteuertes Offroad-Auto f\u00fcr Kinder\/Anf\u00e4nger, gel\u00e4ndeg\u00e4ngiger RC-Truck Rock Crawler mit 2 wiederaufladbaren Batterien, ferngesteuerter Monstertruck f\u00fcr Jungen, M\u00e4dchen - EasyLifeBro","isPartOf":{"@id":"https:\/\/easyliferobo.com\/de\/#website"},"primaryImageOfPage":{"@id":"https:\/\/easyliferobo.com\/de\/product\/deerc-rc-car-24-ghz-ferngesteuertes-offroad-auto-fuer-kinder-anfaenger-gelaendegaengiger-rc-truck-rock-crawler-mit-2-wiederaufladbaren-batterien-ferngesteuerter-monstertruck-fuer-jungen-maedchen\/#primaryimage"},"image":{"@id":"https:\/\/easyliferobo.com\/de\/product\/deerc-rc-car-24-ghz-ferngesteuertes-offroad-auto-fuer-kinder-anfaenger-gelaendegaengiger-rc-truck-rock-crawler-mit-2-wiederaufladbaren-batterien-ferngesteuerter-monstertruck-fuer-jungen-maedchen\/#primaryimage"},"thumbnailUrl":"https:\/\/easyliferobo.com\/de\/wp-content\/uploads\/2026\/02\/71uK-0hKKoL._AC_SL1500_.jpg","datePublished":"2026-02-27T07:21:52+00:00","dateModified":"2026-02-27T07:22:06+00:00","description":"Entdecken Sie smarte Roboter f\u00fcr Zuhause, Garten, Bildung und Sicherheit. Vergleichen Sie Saugroboter, Rasenm\u00e4hroboter, KI-Begleitroboter und mehr bei EasyLifeRobo.","breadcrumb":{"@id":"https:\/\/easyliferobo.com\/de\/product\/deerc-rc-car-24-ghz-ferngesteuertes-offroad-auto-fuer-kinder-anfaenger-gelaendegaengiger-rc-truck-rock-crawler-mit-2-wiederaufladbaren-batterien-ferngesteuerter-monstertruck-fuer-jungen-maedchen\/#breadcrumb"},"inLanguage":"de","potentialAction":[{"@type":"ReadAction","target":["https:\/\/easyliferobo.com\/de\/product\/deerc-rc-car-24-ghz-ferngesteuertes-offroad-auto-fuer-kinder-anfaenger-gelaendegaengiger-rc-truck-rock-crawler-mit-2-wiederaufladbaren-batterien-ferngesteuerter-monstertruck-fuer-jungen-maedchen\/"]}]},{"@type":"ImageObject","inLanguage":"de","@id":"https:\/\/easyliferobo.com\/de\/product\/deerc-rc-car-24-ghz-ferngesteuertes-offroad-auto-fuer-kinder-anfaenger-gelaendegaengiger-rc-truck-rock-crawler-mit-2-wiederaufladbaren-batterien-ferngesteuerter-monstertruck-fuer-jungen-maedchen\/#primaryimage","url":"https:\/\/easyliferobo.com\/de\/wp-content\/uploads\/2026\/02\/71uK-0hKKoL._AC_SL1500_.jpg","contentUrl":"https:\/\/easyliferobo.com\/de\/wp-content\/uploads\/2026\/02\/71uK-0hKKoL._AC_SL1500_.jpg","width":1500,"height":1458},{"@type":"BreadcrumbList","@id":"https:\/\/easyliferobo.com\/de\/product\/deerc-rc-car-24-ghz-ferngesteuertes-offroad-auto-fuer-kinder-anfaenger-gelaendegaengiger-rc-truck-rock-crawler-mit-2-wiederaufladbaren-batterien-ferngesteuerter-monstertruck-fuer-jungen-maedchen\/#breadcrumb","itemListElement":[{"@type":"ListItem","position":1,"name":"Home","item":"https:\/\/easyliferobo.com\/de\/"},{"@type":"ListItem","position":2,"name":"Shop","item":"https:\/\/easyliferobo.com\/de\/shop\/"},{"@type":"ListItem","position":3,"name":"DEERC RC-Car, 2,4 GHz ferngesteuert..."}]},{"@type":"WebSite","@id":"https:\/\/easyliferobo.com\/de\/#website","url":"https:\/\/easyliferobo.com\/de\/","name":"EasyLifeBro","description":"Smarte Roboter f\u00fcr Zuhause, Garten &amp; Bildung","publisher":{"@id":"https:\/\/easyliferobo.com\/de\/#organization"},"potentialAction":[{"@type":"SearchAction","target":{"@type":"EntryPoint","urlTemplate":"https:\/\/easyliferobo.com\/de\/?s={search_term_string}"},"query-input":{"@type":"PropertyValueSpecification","valueRequired":true,"valueName":"search_term_string"}}],"inLanguage":"de"},{"@type":"Organization","@id":"https:\/\/easyliferobo.com\/de\/#organization","name":"EasyLifeBro","url":"https:\/\/easyliferobo.com\/de\/","logo":{"@type":"ImageObject","inLanguage":"de","@id":"https:\/\/easyliferobo.com\/de\/#\/schema\/logo\/image\/","url":"https:\/\/easyliferobo.com\/de\/wp-content\/uploads\/2026\/02\/Screenshot-2026-02-22-at-2.25.03-PM.png","contentUrl":"https:\/\/easyliferobo.com\/de\/wp-content\/uploads\/2026\/02\/Screenshot-2026-02-22-at-2.25.03-PM.png","width":1858,"height":430,"caption":"EasyLifeBro"},"image":{"@id":"https:\/\/easyliferobo.com\/de\/#\/schema\/logo\/image\/"}}]}},"_links":{"self":[{"href":"https:\/\/easyliferobo.com\/de\/wp-json\/wp\/v2\/product\/3581","targetHints":{"allow":["GET"]}}],"collection":[{"href":"https:\/\/easyliferobo.com\/de\/wp-json\/wp\/v2\/product"}],"about":[{"href":"https:\/\/easyliferobo.com\/de\/wp-json\/wp\/v2\/types\/product"}],"replies":[{"embeddable":true,"href":"https:\/\/easyliferobo.com\/de\/wp-json\/wp\/v2\/comments?post=3581"}],"wp:featuredmedia":[{"embeddable":true,"href":"https:\/\/easyliferobo.com\/de\/wp-json\/wp\/v2\/media\/3582"}],"wp:attachment":[{"href":"https:\/\/easyliferobo.com\/de\/wp-json\/wp\/v2\/media?parent=3581"}],"wp:term":[{"taxonomy":"store","embeddable":true,"href":"https:\/\/easyliferobo.com\/de\/wp-json\/wp\/v2\/store?post=3581"},{"taxonomy":"product_brand","embeddable":true,"href":"https:\/\/easyliferobo.com\/de\/wp-json\/wp\/v2\/product_brand?post=3581"},{"taxonomy":"product_cat","embeddable":true,"href":"https:\/\/easyliferobo.com\/de\/wp-json\/wp\/v2\/product_cat?post=3581"},{"taxonomy":"product_tag","embeddable":true,"href":"https:\/\/easyliferobo.com\/de\/wp-json\/wp\/v2\/product_tag?post=3581"}],"curies":[{"name":"wp","href":"https:\/\/api.w.org\/{rel}","templated":true}]}}