
{"id":3571,"date":"2026-02-27T07:20:38","date_gmt":"2026-02-27T07:20:38","guid":{"rendered":"https:\/\/easyliferobo.com\/de\/product\/hutt-ddc56-fensterputzroboter-doppelstrahl-mit-ultraschall-spruehfunktion-elektrische-fensterputzer-fernbedienung-mit-doppeltem-wassertanktank-fensterkantenerkennung\/"},"modified":"2026-02-27T07:20:57","modified_gmt":"2026-02-27T07:20:57","slug":"hutt-ddc56-fensterputzroboter-doppelstrahl-mit-ultraschall-spruehfunktion-elektrische-fensterputzer-fernbedienung-mit-doppeltem-wassertanktank-fensterkantenerkennung","status":"publish","type":"product","link":"https:\/\/easyliferobo.com\/de\/product\/hutt-ddc56-fensterputzroboter-doppelstrahl-mit-ultraschall-spruehfunktion-elektrische-fensterputzer-fernbedienung-mit-doppeltem-wassertanktank-fensterkantenerkennung\/","title":{"rendered":"HUTT DDC56 Fensterputzroboter Doppe..."},"content":{"rendered":"<p>\n                                             Von der Marke   <\/p>\n<p>                                              <img decoding=\"async\" alt=\"Aplus-Inhaltsbild\" src=\"https:\/\/images-na.ssl-images-amazon.com\/images\/G\/01\/x-locale\/common\/grey-pixel.gif\" class=\"a-lazy-loaded\" data-src=\"https:\/\/m.media-amazon.com\/images\/S\/aplus-media-library-service-media\/788c1a38-772d-468d-92f8-bc1dbbedca15.__CR0,0,1464,625_PT0_SX1464_V1___.jpg\"><img decoding=\"async\" alt=\"Aplus-Inhaltsbild\" src=\"https:\/\/m.media-amazon.com\/images\/S\/aplus-media-library-service-media\/788c1a38-772d-468d-92f8-bc1dbbedca15.__CR0,0,1464,625_PT0_SX1464_V1___.jpg\">  <\/p>\n<p>                                              <img decoding=\"async\" alt=\"\" src=\"https:\/\/images-na.ssl-images-amazon.com\/images\/G\/01\/x-locale\/common\/grey-pixel.gif\" class=\"a-lazy-loaded\" data-src=\"https:\/\/m.media-amazon.com\/images\/S\/aplus-media-library-service-media\/e051fb45-6328-43a8-83f8-ae54a9a48fdc.__CR0,0,315,145_PT0_SX315_V1___.jpg\"><img decoding=\"async\" alt=\"\" src=\"https:\/\/m.media-amazon.com\/images\/S\/aplus-media-library-service-media\/e051fb45-6328-43a8-83f8-ae54a9a48fdc.__CR0,0,315,145_PT0_SX315_V1___.jpg\">  <\/p>\n<h3>  HUTT \u2013 Intelligente Fensterpflege <\/h3>\n<p>  Wir bei HUTT glauben, dass ein sauberes Fenster ein frischer Start in den Tag ist. Seit unserer Gr\u00fcndung im Jahr 2018 entwickeln wir intelligente L\u00f6sungen f\u00fcr die Fensterreinigung \u2013 mit patentierter Technologie und anwenderorientiertem Design. Mit \u00fcber 100 Patenten, eigener Forschung und moderner Fertigung bieten wir smarte, sichere und m\u00fchelose Reinigung \u2013 f\u00fcr mehr Licht, Klarheit und Komfort im Alltag. <\/p>\n<h3>  HUTT Bestseller <\/h3>\n<p class=\"apm-brand-story-stores-link\">\n<p>Intelligente Saugkraftanpassung, automatische Schmutzerkennung: Fensterputzroboter kann den Verschmutzungsgrad auf Glas erkennen und die Saugleistung automatisch entsprechend der Schmutzmenge anpassen. Bei hartn\u00e4ckigen Flecken wird die Saugkraft erh\u00f6ht, um eine gr\u00fcndliche Reinigung zu gew\u00e4hrleisten. Bei leichteren Flecken reinigt es sanft, um die Oberfl\u00e4che zu sch\u00fctzen.<br \/>Ultraschall-Doppelwasserspr\u00fchsystem: W\u00e4hrend des Reinigungsvorgangs verspr\u00fcht der Fensterputzroboter mittels intelligenter D\u00fcsen feinen Wassernebel in beide Richtungen und sorgt so daf\u00fcr, dass jeder Bereich der Glasoberfl\u00e4che gr\u00fcndlich befeuchtet wird. Dies ist besonders effektiv bei hartn\u00e4ckigen Flecken und starken Staubablagerungen.<br \/>Rotationsreinigungssystem: HUTT DDC56 verf\u00fcgt \u00fcber ein einzigartiges Doppellinsendesign, das Fenster durch rotierende Reibung reinigt. Im Gegensatz zu anderen Maschinen kann es in Kombination mit einem hocheffizienten Saugsystem Flecken kraftvoll entfernen und eine gr\u00fcndlichere Reinigung gew\u00e4hrleisten.<br \/>Mehrfacher Sicherheitsschutz und USV: Der elektrische Fensterreiniger wird \u00fcber ein Stromkabel mit Strom versorgt und ist mit einem Sicherheitskabel ausgestattet, das daf\u00fcr sorgt, dass das Ger\u00e4t auch bei einem versehentlichen Sturz nicht zu Boden f\u00e4llt. Dar\u00fcber hinaus sorgt die integrierte unterbrechungsfreie Stromversorgung f\u00fcr zus\u00e4tzlichen Schutz bei Stromausf\u00e4llen.<br \/>Intelligente Kantenerkennung: Nach der Aktivierung plant der elektrische Fensterputzroboter intelligent den Reinigungsweg. Ausgestattet mit hochpr\u00e4zisen Kopplungssensoren erkennt er Kanten und Hindernisse pr\u00e4zise und erledigt die rahmenlose Fensterreinigung m\u00fchelos. Nach Abschluss der Reinigung kehrt der Roboter in seine Ausgangsposition zur\u00fcck.<br \/>Lieferumfang: 1 x Fensterputzroboter DDC56, 1 x 6 m Netzteil, 1 x 5 m Sicherheitsseil, 6 Wischmopps, 1 x Fernbedienung, 1 x Flasche, 1 x Bedienungsanleitung.<br \/>Zum erneuten Reinigen etwas Glasreiniger oder Alkohol auf die Pads auftragen (ca. 10 Spr\u00fchst\u00f6\u00dfe) \u2013 die Scheibe wird deutlich sauberer und kratzerfrei.<\/p>\n<p>[ad_2]<\/p>\n","protected":false},"excerpt":{"rendered":"<p>Von der Marke HUTT \u2013 Intelligente Fensterpflege Wir bei HUTT glauben, dass ein sauberes Fenster ein frischer Start in den Tag ist. Seit unserer Gr\u00fcndung im Jahr 2018 entwickeln wir intelligente L\u00f6sungen f\u00fcr die Fensterreinigung \u2013 mit patentierter Technologie und anwenderorientiertem Design. Mit \u00fcber 100 Patenten, eigener Forschung und moderner Fertigung bieten wir smarte, sichere [&hellip;]<\/p>\n","protected":false},"featured_media":3572,"comment_status":"open","ping_status":"closed","template":"","meta":{"_aipt_faq_data":""},"store":[],"product_brand":[429],"product_cat":[90],"product_tag":[333],"class_list":{"0":"post-3571","1":"product","2":"type-product","3":"status-publish","4":"has-post-thumbnail","6":"product_brand-hutt","7":"product_cat-tanz-musikroboter","8":"product_tag-batteriebetriebene-tanz-musikroboter","10":"first","11":"instock","12":"shipping-taxable","13":"product-type-external"},"yoast_head":"<!-- This site is optimized with the Yoast SEO plugin v27.4 - https:\/\/yoast.com\/product\/yoast-seo-wordpress\/ -->\n<title>HUTT DDC56 Fensterputzroboter Doppelstrahl mit Ultraschall-Spr\u00fchfunktion, elektrische Fensterputzer-Fernbedienung mit doppeltem Wassertanktank, Fensterkantenerkennung - EasyLifeBro<\/title>\n<meta name=\"description\" content=\"Entdecken Sie smarte Roboter f\u00fcr Zuhause, Garten, Bildung und Sicherheit. Vergleichen Sie Saugroboter, Rasenm\u00e4hroboter, KI-Begleitroboter und mehr bei EasyLifeRobo.\" \/>\n<meta name=\"robots\" content=\"index, follow, max-snippet:-1, max-image-preview:large, max-video-preview:-1\" \/>\n<link rel=\"canonical\" href=\"https:\/\/easyliferobo.com\/de\/product\/hutt-ddc56-fensterputzroboter-doppelstrahl-mit-ultraschall-spruehfunktion-elektrische-fensterputzer-fernbedienung-mit-doppeltem-wassertanktank-fensterkantenerkennung\/\" \/>\n<meta property=\"og:locale\" content=\"de_DE\" \/>\n<meta property=\"og:type\" content=\"article\" \/>\n<meta property=\"og:title\" content=\"HUTT DDC56 Fensterputzroboter Doppelstrahl mit Ultraschall-Spr\u00fchfunktion, elektrische Fensterputzer-Fernbedienung mit doppeltem Wassertanktank, Fensterkantenerkennung - EasyLifeBro\" \/>\n<meta property=\"og:description\" content=\"Entdecken Sie smarte Roboter f\u00fcr Zuhause, Garten, Bildung und Sicherheit. Vergleichen Sie Saugroboter, Rasenm\u00e4hroboter, KI-Begleitroboter und mehr bei EasyLifeRobo.\" \/>\n<meta property=\"og:url\" content=\"https:\/\/easyliferobo.com\/de\/product\/hutt-ddc56-fensterputzroboter-doppelstrahl-mit-ultraschall-spruehfunktion-elektrische-fensterputzer-fernbedienung-mit-doppeltem-wassertanktank-fensterkantenerkennung\/\" \/>\n<meta property=\"og:site_name\" content=\"EasyLifeBro\" \/>\n<meta property=\"article:modified_time\" content=\"2026-02-27T07:20:57+00:00\" \/>\n<meta property=\"og:image\" content=\"https:\/\/images-na.ssl-images-amazon.com\/images\/G\/01\/x-locale\/common\/grey-pixel.gif\" \/>\n<meta name=\"twitter:card\" content=\"summary_large_image\" \/>\n<meta name=\"twitter:label1\" content=\"Gesch\u00e4tzte Lesezeit\" \/>\n\t<meta name=\"twitter:data1\" content=\"2\u00a0Minuten\" \/>\n<script type=\"application\/ld+json\" class=\"yoast-schema-graph\">{\"@context\":\"https:\\\/\\\/schema.org\",\"@graph\":[{\"@type\":\"WebPage\",\"@id\":\"https:\\\/\\\/easyliferobo.com\\\/de\\\/product\\\/hutt-ddc56-fensterputzroboter-doppelstrahl-mit-ultraschall-spruehfunktion-elektrische-fensterputzer-fernbedienung-mit-doppeltem-wassertanktank-fensterkantenerkennung\\\/\",\"url\":\"https:\\\/\\\/easyliferobo.com\\\/de\\\/product\\\/hutt-ddc56-fensterputzroboter-doppelstrahl-mit-ultraschall-spruehfunktion-elektrische-fensterputzer-fernbedienung-mit-doppeltem-wassertanktank-fensterkantenerkennung\\\/\",\"name\":\"HUTT DDC56 Fensterputzroboter Doppelstrahl mit Ultraschall-Spr\u00fchfunktion, elektrische Fensterputzer-Fernbedienung mit doppeltem Wassertanktank, Fensterkantenerkennung - EasyLifeBro\",\"isPartOf\":{\"@id\":\"https:\\\/\\\/easyliferobo.com\\\/de\\\/#website\"},\"primaryImageOfPage\":{\"@id\":\"https:\\\/\\\/easyliferobo.com\\\/de\\\/product\\\/hutt-ddc56-fensterputzroboter-doppelstrahl-mit-ultraschall-spruehfunktion-elektrische-fensterputzer-fernbedienung-mit-doppeltem-wassertanktank-fensterkantenerkennung\\\/#primaryimage\"},\"image\":{\"@id\":\"https:\\\/\\\/easyliferobo.com\\\/de\\\/product\\\/hutt-ddc56-fensterputzroboter-doppelstrahl-mit-ultraschall-spruehfunktion-elektrische-fensterputzer-fernbedienung-mit-doppeltem-wassertanktank-fensterkantenerkennung\\\/#primaryimage\"},\"thumbnailUrl\":\"https:\\\/\\\/easyliferobo.com\\\/de\\\/wp-content\\\/uploads\\\/2026\\\/02\\\/71l2qRpO4wL._AC_SL1500_.jpg\",\"datePublished\":\"2026-02-27T07:20:38+00:00\",\"dateModified\":\"2026-02-27T07:20:57+00:00\",\"description\":\"Entdecken Sie smarte Roboter f\u00fcr Zuhause, Garten, Bildung und Sicherheit. Vergleichen Sie Saugroboter, Rasenm\u00e4hroboter, KI-Begleitroboter und mehr bei EasyLifeRobo.\",\"breadcrumb\":{\"@id\":\"https:\\\/\\\/easyliferobo.com\\\/de\\\/product\\\/hutt-ddc56-fensterputzroboter-doppelstrahl-mit-ultraschall-spruehfunktion-elektrische-fensterputzer-fernbedienung-mit-doppeltem-wassertanktank-fensterkantenerkennung\\\/#breadcrumb\"},\"inLanguage\":\"de\",\"potentialAction\":[{\"@type\":\"ReadAction\",\"target\":[\"https:\\\/\\\/easyliferobo.com\\\/de\\\/product\\\/hutt-ddc56-fensterputzroboter-doppelstrahl-mit-ultraschall-spruehfunktion-elektrische-fensterputzer-fernbedienung-mit-doppeltem-wassertanktank-fensterkantenerkennung\\\/\"]}]},{\"@type\":\"ImageObject\",\"inLanguage\":\"de\",\"@id\":\"https:\\\/\\\/easyliferobo.com\\\/de\\\/product\\\/hutt-ddc56-fensterputzroboter-doppelstrahl-mit-ultraschall-spruehfunktion-elektrische-fensterputzer-fernbedienung-mit-doppeltem-wassertanktank-fensterkantenerkennung\\\/#primaryimage\",\"url\":\"https:\\\/\\\/easyliferobo.com\\\/de\\\/wp-content\\\/uploads\\\/2026\\\/02\\\/71l2qRpO4wL._AC_SL1500_.jpg\",\"contentUrl\":\"https:\\\/\\\/easyliferobo.com\\\/de\\\/wp-content\\\/uploads\\\/2026\\\/02\\\/71l2qRpO4wL._AC_SL1500_.jpg\",\"width\":1455,\"height\":1500},{\"@type\":\"BreadcrumbList\",\"@id\":\"https:\\\/\\\/easyliferobo.com\\\/de\\\/product\\\/hutt-ddc56-fensterputzroboter-doppelstrahl-mit-ultraschall-spruehfunktion-elektrische-fensterputzer-fernbedienung-mit-doppeltem-wassertanktank-fensterkantenerkennung\\\/#breadcrumb\",\"itemListElement\":[{\"@type\":\"ListItem\",\"position\":1,\"name\":\"Home\",\"item\":\"https:\\\/\\\/easyliferobo.com\\\/de\\\/\"},{\"@type\":\"ListItem\",\"position\":2,\"name\":\"Shop\",\"item\":\"https:\\\/\\\/easyliferobo.com\\\/de\\\/shop\\\/\"},{\"@type\":\"ListItem\",\"position\":3,\"name\":\"HUTT DDC56 Fensterputzroboter Doppe...\"}]},{\"@type\":\"WebSite\",\"@id\":\"https:\\\/\\\/easyliferobo.com\\\/de\\\/#website\",\"url\":\"https:\\\/\\\/easyliferobo.com\\\/de\\\/\",\"name\":\"EasyLifeBro\",\"description\":\"Smarte Roboter f\u00fcr Zuhause, Garten &amp; Bildung\",\"publisher\":{\"@id\":\"https:\\\/\\\/easyliferobo.com\\\/de\\\/#organization\"},\"potentialAction\":[{\"@type\":\"SearchAction\",\"target\":{\"@type\":\"EntryPoint\",\"urlTemplate\":\"https:\\\/\\\/easyliferobo.com\\\/de\\\/?s={search_term_string}\"},\"query-input\":{\"@type\":\"PropertyValueSpecification\",\"valueRequired\":true,\"valueName\":\"search_term_string\"}}],\"inLanguage\":\"de\"},{\"@type\":\"Organization\",\"@id\":\"https:\\\/\\\/easyliferobo.com\\\/de\\\/#organization\",\"name\":\"EasyLifeBro\",\"url\":\"https:\\\/\\\/easyliferobo.com\\\/de\\\/\",\"logo\":{\"@type\":\"ImageObject\",\"inLanguage\":\"de\",\"@id\":\"https:\\\/\\\/easyliferobo.com\\\/de\\\/#\\\/schema\\\/logo\\\/image\\\/\",\"url\":\"https:\\\/\\\/easyliferobo.com\\\/de\\\/wp-content\\\/uploads\\\/2026\\\/02\\\/Screenshot-2026-02-22-at-2.25.03-PM.png\",\"contentUrl\":\"https:\\\/\\\/easyliferobo.com\\\/de\\\/wp-content\\\/uploads\\\/2026\\\/02\\\/Screenshot-2026-02-22-at-2.25.03-PM.png\",\"width\":1858,\"height\":430,\"caption\":\"EasyLifeBro\"},\"image\":{\"@id\":\"https:\\\/\\\/easyliferobo.com\\\/de\\\/#\\\/schema\\\/logo\\\/image\\\/\"}}]}<\/script>\n<!-- \/ Yoast SEO plugin. -->","yoast_head_json":{"title":"HUTT DDC56 Fensterputzroboter Doppelstrahl mit Ultraschall-Spr\u00fchfunktion, elektrische Fensterputzer-Fernbedienung mit doppeltem Wassertanktank, Fensterkantenerkennung - EasyLifeBro","description":"Entdecken Sie smarte Roboter f\u00fcr Zuhause, Garten, Bildung und Sicherheit. Vergleichen Sie Saugroboter, Rasenm\u00e4hroboter, KI-Begleitroboter und mehr bei EasyLifeRobo.","robots":{"index":"index","follow":"follow","max-snippet":"max-snippet:-1","max-image-preview":"max-image-preview:large","max-video-preview":"max-video-preview:-1"},"canonical":"https:\/\/easyliferobo.com\/de\/product\/hutt-ddc56-fensterputzroboter-doppelstrahl-mit-ultraschall-spruehfunktion-elektrische-fensterputzer-fernbedienung-mit-doppeltem-wassertanktank-fensterkantenerkennung\/","og_locale":"de_DE","og_type":"article","og_title":"HUTT DDC56 Fensterputzroboter Doppelstrahl mit Ultraschall-Spr\u00fchfunktion, elektrische Fensterputzer-Fernbedienung mit doppeltem Wassertanktank, Fensterkantenerkennung - EasyLifeBro","og_description":"Entdecken Sie smarte Roboter f\u00fcr Zuhause, Garten, Bildung und Sicherheit. Vergleichen Sie Saugroboter, Rasenm\u00e4hroboter, KI-Begleitroboter und mehr bei EasyLifeRobo.","og_url":"https:\/\/easyliferobo.com\/de\/product\/hutt-ddc56-fensterputzroboter-doppelstrahl-mit-ultraschall-spruehfunktion-elektrische-fensterputzer-fernbedienung-mit-doppeltem-wassertanktank-fensterkantenerkennung\/","og_site_name":"EasyLifeBro","article_modified_time":"2026-02-27T07:20:57+00:00","og_image":[{"url":"https:\/\/images-na.ssl-images-amazon.com\/images\/G\/01\/x-locale\/common\/grey-pixel.gif","type":"","width":"","height":""}],"twitter_card":"summary_large_image","twitter_misc":{"Gesch\u00e4tzte Lesezeit":"2\u00a0Minuten"},"schema":{"@context":"https:\/\/schema.org","@graph":[{"@type":"WebPage","@id":"https:\/\/easyliferobo.com\/de\/product\/hutt-ddc56-fensterputzroboter-doppelstrahl-mit-ultraschall-spruehfunktion-elektrische-fensterputzer-fernbedienung-mit-doppeltem-wassertanktank-fensterkantenerkennung\/","url":"https:\/\/easyliferobo.com\/de\/product\/hutt-ddc56-fensterputzroboter-doppelstrahl-mit-ultraschall-spruehfunktion-elektrische-fensterputzer-fernbedienung-mit-doppeltem-wassertanktank-fensterkantenerkennung\/","name":"HUTT DDC56 Fensterputzroboter Doppelstrahl mit Ultraschall-Spr\u00fchfunktion, elektrische Fensterputzer-Fernbedienung mit doppeltem Wassertanktank, Fensterkantenerkennung - EasyLifeBro","isPartOf":{"@id":"https:\/\/easyliferobo.com\/de\/#website"},"primaryImageOfPage":{"@id":"https:\/\/easyliferobo.com\/de\/product\/hutt-ddc56-fensterputzroboter-doppelstrahl-mit-ultraschall-spruehfunktion-elektrische-fensterputzer-fernbedienung-mit-doppeltem-wassertanktank-fensterkantenerkennung\/#primaryimage"},"image":{"@id":"https:\/\/easyliferobo.com\/de\/product\/hutt-ddc56-fensterputzroboter-doppelstrahl-mit-ultraschall-spruehfunktion-elektrische-fensterputzer-fernbedienung-mit-doppeltem-wassertanktank-fensterkantenerkennung\/#primaryimage"},"thumbnailUrl":"https:\/\/easyliferobo.com\/de\/wp-content\/uploads\/2026\/02\/71l2qRpO4wL._AC_SL1500_.jpg","datePublished":"2026-02-27T07:20:38+00:00","dateModified":"2026-02-27T07:20:57+00:00","description":"Entdecken Sie smarte Roboter f\u00fcr Zuhause, Garten, Bildung und Sicherheit. Vergleichen Sie Saugroboter, Rasenm\u00e4hroboter, KI-Begleitroboter und mehr bei EasyLifeRobo.","breadcrumb":{"@id":"https:\/\/easyliferobo.com\/de\/product\/hutt-ddc56-fensterputzroboter-doppelstrahl-mit-ultraschall-spruehfunktion-elektrische-fensterputzer-fernbedienung-mit-doppeltem-wassertanktank-fensterkantenerkennung\/#breadcrumb"},"inLanguage":"de","potentialAction":[{"@type":"ReadAction","target":["https:\/\/easyliferobo.com\/de\/product\/hutt-ddc56-fensterputzroboter-doppelstrahl-mit-ultraschall-spruehfunktion-elektrische-fensterputzer-fernbedienung-mit-doppeltem-wassertanktank-fensterkantenerkennung\/"]}]},{"@type":"ImageObject","inLanguage":"de","@id":"https:\/\/easyliferobo.com\/de\/product\/hutt-ddc56-fensterputzroboter-doppelstrahl-mit-ultraschall-spruehfunktion-elektrische-fensterputzer-fernbedienung-mit-doppeltem-wassertanktank-fensterkantenerkennung\/#primaryimage","url":"https:\/\/easyliferobo.com\/de\/wp-content\/uploads\/2026\/02\/71l2qRpO4wL._AC_SL1500_.jpg","contentUrl":"https:\/\/easyliferobo.com\/de\/wp-content\/uploads\/2026\/02\/71l2qRpO4wL._AC_SL1500_.jpg","width":1455,"height":1500},{"@type":"BreadcrumbList","@id":"https:\/\/easyliferobo.com\/de\/product\/hutt-ddc56-fensterputzroboter-doppelstrahl-mit-ultraschall-spruehfunktion-elektrische-fensterputzer-fernbedienung-mit-doppeltem-wassertanktank-fensterkantenerkennung\/#breadcrumb","itemListElement":[{"@type":"ListItem","position":1,"name":"Home","item":"https:\/\/easyliferobo.com\/de\/"},{"@type":"ListItem","position":2,"name":"Shop","item":"https:\/\/easyliferobo.com\/de\/shop\/"},{"@type":"ListItem","position":3,"name":"HUTT DDC56 Fensterputzroboter Doppe..."}]},{"@type":"WebSite","@id":"https:\/\/easyliferobo.com\/de\/#website","url":"https:\/\/easyliferobo.com\/de\/","name":"EasyLifeBro","description":"Smarte Roboter f\u00fcr Zuhause, Garten &amp; Bildung","publisher":{"@id":"https:\/\/easyliferobo.com\/de\/#organization"},"potentialAction":[{"@type":"SearchAction","target":{"@type":"EntryPoint","urlTemplate":"https:\/\/easyliferobo.com\/de\/?s={search_term_string}"},"query-input":{"@type":"PropertyValueSpecification","valueRequired":true,"valueName":"search_term_string"}}],"inLanguage":"de"},{"@type":"Organization","@id":"https:\/\/easyliferobo.com\/de\/#organization","name":"EasyLifeBro","url":"https:\/\/easyliferobo.com\/de\/","logo":{"@type":"ImageObject","inLanguage":"de","@id":"https:\/\/easyliferobo.com\/de\/#\/schema\/logo\/image\/","url":"https:\/\/easyliferobo.com\/de\/wp-content\/uploads\/2026\/02\/Screenshot-2026-02-22-at-2.25.03-PM.png","contentUrl":"https:\/\/easyliferobo.com\/de\/wp-content\/uploads\/2026\/02\/Screenshot-2026-02-22-at-2.25.03-PM.png","width":1858,"height":430,"caption":"EasyLifeBro"},"image":{"@id":"https:\/\/easyliferobo.com\/de\/#\/schema\/logo\/image\/"}}]}},"_links":{"self":[{"href":"https:\/\/easyliferobo.com\/de\/wp-json\/wp\/v2\/product\/3571","targetHints":{"allow":["GET"]}}],"collection":[{"href":"https:\/\/easyliferobo.com\/de\/wp-json\/wp\/v2\/product"}],"about":[{"href":"https:\/\/easyliferobo.com\/de\/wp-json\/wp\/v2\/types\/product"}],"replies":[{"embeddable":true,"href":"https:\/\/easyliferobo.com\/de\/wp-json\/wp\/v2\/comments?post=3571"}],"wp:featuredmedia":[{"embeddable":true,"href":"https:\/\/easyliferobo.com\/de\/wp-json\/wp\/v2\/media\/3572"}],"wp:attachment":[{"href":"https:\/\/easyliferobo.com\/de\/wp-json\/wp\/v2\/media?parent=3571"}],"wp:term":[{"taxonomy":"store","embeddable":true,"href":"https:\/\/easyliferobo.com\/de\/wp-json\/wp\/v2\/store?post=3571"},{"taxonomy":"product_brand","embeddable":true,"href":"https:\/\/easyliferobo.com\/de\/wp-json\/wp\/v2\/product_brand?post=3571"},{"taxonomy":"product_cat","embeddable":true,"href":"https:\/\/easyliferobo.com\/de\/wp-json\/wp\/v2\/product_cat?post=3571"},{"taxonomy":"product_tag","embeddable":true,"href":"https:\/\/easyliferobo.com\/de\/wp-json\/wp\/v2\/product_tag?post=3571"}],"curies":[{"name":"wp","href":"https:\/\/api.w.org\/{rel}","templated":true}]}}