
{"id":3564,"date":"2026-02-27T07:19:27","date_gmt":"2026-02-27T07:19:27","guid":{"rendered":"https:\/\/easyliferobo.com\/de\/product\/100-magnetplaettchen-stem-bauspielzeug-mit-2-autos-sensorische-magnetbausteine-fuer-kleinkinder-und-kinder-vorschul-montessori-spielzeuggeschenke-fuer-jungen-und-maedchen-ab-3-jahr\/"},"modified":"2026-02-27T07:19:39","modified_gmt":"2026-02-27T07:19:39","slug":"100-magnetplaettchen-stem-bauspielzeug-mit-2-autos-sensorische-magnetbausteine-fuer-kleinkinder-und-kinder-vorschul-montessori-spielzeuggeschenke-fuer-jungen-und-maedchen-ab-3-jahr","status":"publish","type":"product","link":"https:\/\/easyliferobo.com\/de\/product\/100-magnetplaettchen-stem-bauspielzeug-mit-2-autos-sensorische-magnetbausteine-fuer-kleinkinder-und-kinder-vorschul-montessori-spielzeuggeschenke-fuer-jungen-und-maedchen-ab-3-jahr\/","title":{"rendered":"100 Magnetpl\u00e4ttchen STEM-Bauspielz..."},"content":{"rendered":"<p>\n                                             Von der Marke   <\/p>\n<p>                                              <img decoding=\"async\" alt=\"Buntes Klassenzimmer-Banner mit der Aufschrift \u201eZur\u00fcck zur Schule\u201c. Text mit Bildern im Cartoon-Stil von Bildungsmaterialien und einer strahlenden Sonne vor einem blauen Himmelshintergrund.\" src=\"https:\/\/images-na.ssl-images-amazon.com\/images\/G\/01\/x-locale\/common\/grey-pixel.gif\" class=\"a-lazy-loaded\" data-src=\"https:\/\/m.media-amazon.com\/images\/S\/aplus-media-library-service-media\/8587138e-1e07-470f-8843-228889d66379.__CR0,0,1464,625_PT0_SX1464_V1___.jpg\"><img decoding=\"async\" alt=\"Buntes Klassenzimmer-Banner mit der Aufschrift \u201eZur\u00fcck zur Schule\u201c. Text mit Bildern im Cartoon-Stil von Bildungsmaterialien und einer strahlenden Sonne vor einem blauen Himmelshintergrund.\" src=\"https:\/\/m.media-amazon.com\/images\/S\/aplus-media-library-service-media\/8587138e-1e07-470f-8843-228889d66379.__CR0,0,1464,625_PT0_SX1464_V1___.jpg\">  <\/p>\n<h3>  Magnetische Fliesen <\/h3>\n<h3>  Dinosaurierspielzeug <\/h3>\n<h3>  Fliesen Stra\u00dfen der Stadt <\/h3>\n<h3>  Coodoo Lernspielzeug <\/h3>\n<p>                                              <img decoding=\"async\" alt=\"Kinderspielzimmer mit Holzregalen mit B\u00fcchern, Spielzeug und Lehrmaterialien. An den W\u00e4nden sichtbare Fotogirlanden und geometrische Formen.\" src=\"https:\/\/images-na.ssl-images-amazon.com\/images\/G\/01\/x-locale\/common\/grey-pixel.gif\" class=\"a-lazy-loaded\" data-src=\"https:\/\/m.media-amazon.com\/images\/S\/aplus-media-library-service-media\/7ab86895-b467-4cf1-a534-62d8caf35b32.__CR1,0,1079,1350_PT0_SX362_V1___.jpg\"><img decoding=\"async\" alt=\"Kinderspielzimmer mit Holzregalen mit B\u00fcchern, Spielzeug und Lehrmaterialien. An den W\u00e4nden sichtbare Fotogirlanden und geometrische Formen.\" src=\"https:\/\/m.media-amazon.com\/images\/S\/aplus-media-library-service-media\/7ab86895-b467-4cf1-a534-62d8caf35b32.__CR1,0,1079,1350_PT0_SX362_V1___.jpg\">  <\/p>\n<p>                                              <img decoding=\"async\" alt=\"Bunte magnetische Buchstaben und Formen auf einer K\u00fchlschrankt\u00fcr aus Edelstahl, mit der Hand eines Kindes, die nach ihnen greift, um damit zu interagieren.\" src=\"https:\/\/images-na.ssl-images-amazon.com\/images\/G\/01\/x-locale\/common\/grey-pixel.gif\" class=\"a-lazy-loaded\" data-src=\"https:\/\/m.media-amazon.com\/images\/S\/aplus-media-library-service-media\/b0506d2f-a97e-4475-bf35-71acfeb5f373.__CR0,94,1284,1607_PT0_SX362_V1___.jpg\"><img decoding=\"async\" alt=\"Bunte magnetische Buchstaben und Formen auf einer K\u00fchlschrankt\u00fcr aus Edelstahl, mit der Hand eines Kindes, die nach ihnen greift, um damit zu interagieren.\" src=\"https:\/\/m.media-amazon.com\/images\/S\/aplus-media-library-service-media\/b0506d2f-a97e-4475-bf35-71acfeb5f373.__CR0,94,1284,1607_PT0_SX362_V1___.jpg\">  <\/p>\n<p>                                              <img decoding=\"async\" alt=\"Lernspielzeugset mit zwei Tabletts. Auf einem sind W\u00f6rter und Figuren eingepr\u00e4gt, auf dem anderen befinden sich bunte Buchstabenbl\u00f6cke auf einem Bett aus Regenbogenstreuseln.\" src=\"https:\/\/images-na.ssl-images-amazon.com\/images\/G\/01\/x-locale\/common\/grey-pixel.gif\" class=\"a-lazy-loaded\" data-src=\"https:\/\/m.media-amazon.com\/images\/S\/aplus-media-library-service-media\/3c9dddb9-f74d-4ddb-8e21-26a585854cb3.__CR85,0,674,843_PT0_SX362_V1___.jpg\"><img decoding=\"async\" alt=\"Lernspielzeugset mit zwei Tabletts. Auf einem sind W\u00f6rter und Figuren eingepr\u00e4gt, auf dem anderen befinden sich bunte Buchstabenbl\u00f6cke auf einem Bett aus Regenbogenstreuseln.\" src=\"https:\/\/m.media-amazon.com\/images\/S\/aplus-media-library-service-media\/3c9dddb9-f74d-4ddb-8e21-26a585854cb3.__CR85,0,674,843_PT0_SX362_V1___.jpg\">  <\/p>\n<p>                                              <img decoding=\"async\" alt=\"Bunte geometrische Formen und Bausteine \u200b\u200bsind auf einer hellen Oberfl\u00e4che verstreut, wobei die H\u00e4nde einer Person sichtbar sind, die mit den Teilen interagiert.\" src=\"https:\/\/images-na.ssl-images-amazon.com\/images\/G\/01\/x-locale\/common\/grey-pixel.gif\" class=\"a-lazy-loaded\" data-src=\"https:\/\/m.media-amazon.com\/images\/S\/aplus-media-library-service-media\/064ba6e8-421a-4144-90fd-742c1f5d8737.__CR22,0,2981,3730_PT0_SX362_V1___.jpg\"><img decoding=\"async\" alt=\"Bunte geometrische Formen und Bausteine, die auf einer hellen Oberfl\u00e4che verstreut sind, wobei die H\u00e4nde einer Person sichtbar sind, die mit den Teilen interagiert.\" src=\"https:\/\/m.media-amazon.com\/images\/S\/aplus-media-library-service-media\/064ba6e8-421a-4144-90fd-742c1f5d8737.__CR22,0,2981,3730_PT0_SX362_V1___.jpg\">  <\/p>\n<p>                                              <img decoding=\"async\" alt=\"Kind im orangefarbenen Kapuzenpullover spielt mit bunten, durchscheinenden Plastikgeb\u00e4udeformen, darunter H\u00e4user und B\u00e4ume.\" src=\"https:\/\/images-na.ssl-images-amazon.com\/images\/G\/01\/x-locale\/common\/grey-pixel.gif\" class=\"a-lazy-loaded\" data-src=\"https:\/\/m.media-amazon.com\/images\/S\/aplus-media-library-service-media\/ab9765e4-9657-4605-aecb-32982a9b06a6.__CR0,166,1125,1408_PT0_SX362_V1___.jpg\"><img decoding=\"async\" alt=\"Kind im orangefarbenen Kapuzenpullover spielt mit bunten, durchscheinenden Plastikgeb\u00e4udeformen, darunter H\u00e4user und B\u00e4ume.\" src=\"https:\/\/m.media-amazon.com\/images\/S\/aplus-media-library-service-media\/ab9765e4-9657-4605-aecb-32982a9b06a6.__CR0,166,1125,1408_PT0_SX362_V1___.jpg\">  <\/p>\n<p>                                              <img decoding=\"async\" alt=\"Bunte, durchscheinende magnetische Baufliesen in verschiedenen Formen und Farben, darunter gr\u00fcne, rote, gelbe und blaue St\u00fccke, die auf dem Boden angeordnet sind.\" src=\"https:\/\/images-na.ssl-images-amazon.com\/images\/G\/01\/x-locale\/common\/grey-pixel.gif\" class=\"a-lazy-loaded\" data-src=\"https:\/\/m.media-amazon.com\/images\/S\/aplus-media-library-service-media\/3c83d780-8eff-4b36-a2c1-abc20d7fc21e.__CR0,146,1125,1408_PT0_SX362_V1___.jpg\"><img decoding=\"async\" alt=\"Bunte, durchscheinende magnetische Baufliesen in verschiedenen Formen und Farben, darunter gr\u00fcne, rote, gelbe und blaue St\u00fccke, die auf dem Boden angeordnet sind.\" src=\"https:\/\/m.media-amazon.com\/images\/S\/aplus-media-library-service-media\/3c83d780-8eff-4b36-a2c1-abc20d7fc21e.__CR0,146,1125,1408_PT0_SX362_V1___.jpg\">  <\/p>\n<p>                                              <img decoding=\"async\" alt=\"Zwei Kinder sitzen auf einer hellen Oberfl\u00e4che und spielen mit bunten magnetischen Bauspielzeugen in Form von H\u00e4usern. Die Spielzeuge haben transparente Platten und geometrische Muster.\" src=\"https:\/\/images-na.ssl-images-amazon.com\/images\/G\/01\/x-locale\/common\/grey-pixel.gif\" class=\"a-lazy-loaded\" data-src=\"https:\/\/m.media-amazon.com\/images\/S\/aplus-media-library-service-media\/49368ece-1ad7-4122-a934-36ae101b58d7.__CR86,174,1396,1747_PT0_SX362_V1___.jpeg\"><img decoding=\"async\" alt=\"Zwei Kinder sitzen auf einer hellen Oberfl\u00e4che und spielen mit bunten magnetischen Bauspielzeugen in Form von H\u00e4usern. Die Spielzeuge haben transparente Platten und geometrische Muster.\" src=\"https:\/\/m.media-amazon.com\/images\/S\/aplus-media-library-service-media\/49368ece-1ad7-4122-a934-36ae101b58d7.__CR86,174,1396,1747_PT0_SX362_V1___.jpeg\">  <\/p>\n<p>                                              <img decoding=\"async\" alt=\"Spielzeug\" src=\"https:\/\/images-na.ssl-images-amazon.com\/images\/G\/01\/x-locale\/common\/grey-pixel.gif\" class=\"a-lazy-loaded\" data-src=\"https:\/\/m.media-amazon.com\/images\/S\/aplus-media-library-service-media\/951fcb2d-fe10-44e4-b713-1374eb250672.__CR957,0,2182,2730_PT0_SX362_V1___.jpg\"><img decoding=\"async\" alt=\"Spielzeug\" src=\"https:\/\/m.media-amazon.com\/images\/S\/aplus-media-library-service-media\/951fcb2d-fe10-44e4-b713-1374eb250672.__CR957,0,2182,2730_PT0_SX362_V1___.jpg\">  <\/p>\n<p>100-teiliges magnetisches Baustein-Set: Mit unserem 100-teiligen magnetischen Baustein-Set k\u00f6nnen Kinder ihre Fantasie voll entfalten. Vom kleinen Haus bis zum gro\u00dfen Schloss \u2013 alles ist m\u00f6glich! Im Set sind au\u00dferdem zwei Magnetfahrzeuge enthalten, die Bauprojekten noch mehr Leben einhauchen. Ein vielseitiges Spielzeug f\u00fcr kleine Baumeister, das stundenlangen Spielspa\u00df garantiert<br \/>Sicher und kompatibel: Die magnetischen Bausteine \u200b\u200bvon Coodoo bestehen aus hochwertigem ABS-Kunststoff in Lebensmittelqualit\u00e4t. Abgerundete Ecken und glatte Oberfl\u00e4chen sorgen f\u00fcr maximale Sicherheit beim Spielen. Dank der robusten Verarbeitung sind die Bausteine \u200b\u200bbruchsicher und kindersicher. Sie sind mit allen g\u00e4ngigen Magnetbaus\u00e4tzen kompatibel, sodass Kinder ihre Bauwelten nach Belieben erweitern k\u00f6nnen. Je mehr Teile, desto gr\u00f6\u00dfer der Spa\u00df<br \/>STEM Montessori- und Sinnesspielzeug: Coodoo-Magnetfliesen verbinden Spa\u00df mit Bildung. Sie f\u00f6rdern wichtige F\u00e4higkeiten wie r\u00e4umliches Denken, Feinmotorik und Probleml\u00f6sungsf\u00e4higkeiten. Gleichzeitig regen sie die Kreativit\u00e4t an und unterst\u00fctzen die Entwicklung durch sensorisches Spielen. Perfekt f\u00fcr den Einstieg in die Welt der Mathematik, Technik und Naturwissenschaften \u2013 spielerisch und kindgerecht<br \/>P\u00c4DAGOGISCHE WERKZEUGE Ob als Heimbesch\u00e4ftigung oder als Lehrmittel im Klassenzimmer, dieses Magnetset ist ein Muss f\u00fcr jeden, der kreatives und lehrreiches Spielzeug sch\u00e4tzt. Es ist ideal f\u00fcr Vorschulen, Kinderg\u00e4rten und Grundschulen und begeistert Kinder, Eltern und Erzieher gleicherma\u00dfen<br \/>TOLLES GESCHENK Ob zum Geburtstag, zu Weihnachten oder zum Schulanfang, dieses magnetische Spielzeug ist ein ideales Geschenk, das Kinderaugen zum Strahlen bringt. Geeignet f\u00fcr Jungen und M\u00e4dchen ab 3 Jahren, bietet es unz\u00e4hlige M\u00f6glichkeiten zum Bauen und Entdecken. Schenken Sie Bildung und Spa\u00df in einem Set<\/p>\n<p>[ad_2]<\/p>\n","protected":false},"excerpt":{"rendered":"<p>Von der Marke Magnetische Fliesen Dinosaurierspielzeug Fliesen Stra\u00dfen der Stadt Coodoo Lernspielzeug 100-teiliges magnetisches Baustein-Set: Mit unserem 100-teiligen magnetischen Baustein-Set k\u00f6nnen Kinder ihre Fantasie voll entfalten. Vom kleinen Haus bis zum gro\u00dfen Schloss \u2013 alles ist m\u00f6glich! Im Set sind au\u00dferdem zwei Magnetfahrzeuge enthalten, die Bauprojekten noch mehr Leben einhauchen. Ein vielseitiges Spielzeug f\u00fcr kleine [&hellip;]<\/p>\n","protected":false},"featured_media":3565,"comment_status":"open","ping_status":"closed","template":"","meta":{"_aipt_faq_data":""},"store":[],"product_brand":[332],"product_cat":[91],"product_tag":[331],"class_list":{"0":"post-3564","1":"product","2":"type-product","3":"status-publish","4":"has-post-thumbnail","6":"product_brand-coodoo","7":"product_cat-programmierbares-spielzeug","8":"product_tag-programmierbares-spielzeug-lernspielzeug","10":"first","11":"instock","12":"sale","13":"shipping-taxable","14":"product-type-external"},"yoast_head":"<!-- This site is optimized with the Yoast SEO plugin v27.0 - https:\/\/yoast.com\/product\/yoast-seo-wordpress\/ -->\n<title>100 Magnetpl\u00e4ttchen STEM-Bauspielzeug mit 2 Autos, sensorische Magnetbausteine \u200b\u200bf\u00fcr Kleinkinder und Kinder, Vorschul-Montessori-Spielzeuggeschenke f\u00fcr Jungen und M\u00e4dchen ab 3 Jahren - EasyLifeBro<\/title>\n<meta name=\"description\" content=\"Entdecken Sie smarte Roboter f\u00fcr Zuhause, Garten, Bildung und Sicherheit. Vergleichen Sie Saugroboter, Rasenm\u00e4hroboter, KI-Begleitroboter und mehr bei EasyLifeRobo.\" \/>\n<meta name=\"robots\" content=\"index, follow, max-snippet:-1, max-image-preview:large, max-video-preview:-1\" \/>\n<link rel=\"canonical\" href=\"https:\/\/easyliferobo.com\/de\/product\/100-magnetplaettchen-stem-bauspielzeug-mit-2-autos-sensorische-magnetbausteine-fuer-kleinkinder-und-kinder-vorschul-montessori-spielzeuggeschenke-fuer-jungen-und-maedchen-ab-3-jahr\/\" \/>\n<meta property=\"og:locale\" content=\"de_DE\" \/>\n<meta property=\"og:type\" content=\"article\" \/>\n<meta property=\"og:title\" content=\"100 Magnetpl\u00e4ttchen STEM-Bauspielzeug mit 2 Autos, sensorische Magnetbausteine \u200b\u200bf\u00fcr Kleinkinder und Kinder, Vorschul-Montessori-Spielzeuggeschenke f\u00fcr Jungen und M\u00e4dchen ab 3 Jahren - EasyLifeBro\" \/>\n<meta property=\"og:description\" content=\"Entdecken Sie smarte Roboter f\u00fcr Zuhause, Garten, Bildung und Sicherheit. Vergleichen Sie Saugroboter, Rasenm\u00e4hroboter, KI-Begleitroboter und mehr bei EasyLifeRobo.\" \/>\n<meta property=\"og:url\" content=\"https:\/\/easyliferobo.com\/de\/product\/100-magnetplaettchen-stem-bauspielzeug-mit-2-autos-sensorische-magnetbausteine-fuer-kleinkinder-und-kinder-vorschul-montessori-spielzeuggeschenke-fuer-jungen-und-maedchen-ab-3-jahr\/\" \/>\n<meta property=\"og:site_name\" content=\"EasyLifeBro\" \/>\n<meta property=\"article:modified_time\" content=\"2026-02-27T07:19:39+00:00\" \/>\n<meta property=\"og:image\" content=\"https:\/\/images-na.ssl-images-amazon.com\/images\/G\/01\/x-locale\/common\/grey-pixel.gif\" \/>\n<meta name=\"twitter:card\" content=\"summary_large_image\" \/>\n<meta name=\"twitter:label1\" content=\"Gesch\u00e4tzte Lesezeit\" \/>\n\t<meta name=\"twitter:data1\" content=\"1\u00a0Minute\" \/>\n<script type=\"application\/ld+json\" class=\"yoast-schema-graph\">{\"@context\":\"https:\/\/schema.org\",\"@graph\":[{\"@type\":\"WebPage\",\"@id\":\"https:\/\/easyliferobo.com\/de\/product\/100-magnetplaettchen-stem-bauspielzeug-mit-2-autos-sensorische-magnetbausteine-fuer-kleinkinder-und-kinder-vorschul-montessori-spielzeuggeschenke-fuer-jungen-und-maedchen-ab-3-jahr\/\",\"url\":\"https:\/\/easyliferobo.com\/de\/product\/100-magnetplaettchen-stem-bauspielzeug-mit-2-autos-sensorische-magnetbausteine-fuer-kleinkinder-und-kinder-vorschul-montessori-spielzeuggeschenke-fuer-jungen-und-maedchen-ab-3-jahr\/\",\"name\":\"100 Magnetpl\u00e4ttchen STEM-Bauspielzeug mit 2 Autos, sensorische Magnetbausteine \u200b\u200bf\u00fcr Kleinkinder und Kinder, Vorschul-Montessori-Spielzeuggeschenke f\u00fcr Jungen und M\u00e4dchen ab 3 Jahren - EasyLifeBro\",\"isPartOf\":{\"@id\":\"https:\/\/easyliferobo.com\/de\/#website\"},\"primaryImageOfPage\":{\"@id\":\"https:\/\/easyliferobo.com\/de\/product\/100-magnetplaettchen-stem-bauspielzeug-mit-2-autos-sensorische-magnetbausteine-fuer-kleinkinder-und-kinder-vorschul-montessori-spielzeuggeschenke-fuer-jungen-und-maedchen-ab-3-jahr\/#primaryimage\"},\"image\":{\"@id\":\"https:\/\/easyliferobo.com\/de\/product\/100-magnetplaettchen-stem-bauspielzeug-mit-2-autos-sensorische-magnetbausteine-fuer-kleinkinder-und-kinder-vorschul-montessori-spielzeuggeschenke-fuer-jungen-und-maedchen-ab-3-jahr\/#primaryimage\"},\"thumbnailUrl\":\"https:\/\/easyliferobo.com\/de\/wp-content\/uploads\/2026\/02\/81Soa784XoL._AC_SL1500_.jpg\",\"datePublished\":\"2026-02-27T07:19:27+00:00\",\"dateModified\":\"2026-02-27T07:19:39+00:00\",\"description\":\"Entdecken Sie smarte Roboter f\u00fcr Zuhause, Garten, Bildung und Sicherheit. Vergleichen Sie Saugroboter, Rasenm\u00e4hroboter, KI-Begleitroboter und mehr bei EasyLifeRobo.\",\"breadcrumb\":{\"@id\":\"https:\/\/easyliferobo.com\/de\/product\/100-magnetplaettchen-stem-bauspielzeug-mit-2-autos-sensorische-magnetbausteine-fuer-kleinkinder-und-kinder-vorschul-montessori-spielzeuggeschenke-fuer-jungen-und-maedchen-ab-3-jahr\/#breadcrumb\"},\"inLanguage\":\"de\",\"potentialAction\":[{\"@type\":\"ReadAction\",\"target\":[\"https:\/\/easyliferobo.com\/de\/product\/100-magnetplaettchen-stem-bauspielzeug-mit-2-autos-sensorische-magnetbausteine-fuer-kleinkinder-und-kinder-vorschul-montessori-spielzeuggeschenke-fuer-jungen-und-maedchen-ab-3-jahr\/\"]}]},{\"@type\":\"ImageObject\",\"inLanguage\":\"de\",\"@id\":\"https:\/\/easyliferobo.com\/de\/product\/100-magnetplaettchen-stem-bauspielzeug-mit-2-autos-sensorische-magnetbausteine-fuer-kleinkinder-und-kinder-vorschul-montessori-spielzeuggeschenke-fuer-jungen-und-maedchen-ab-3-jahr\/#primaryimage\",\"url\":\"https:\/\/easyliferobo.com\/de\/wp-content\/uploads\/2026\/02\/81Soa784XoL._AC_SL1500_.jpg\",\"contentUrl\":\"https:\/\/easyliferobo.com\/de\/wp-content\/uploads\/2026\/02\/81Soa784XoL._AC_SL1500_.jpg\",\"width\":1488,\"height\":1500},{\"@type\":\"BreadcrumbList\",\"@id\":\"https:\/\/easyliferobo.com\/de\/product\/100-magnetplaettchen-stem-bauspielzeug-mit-2-autos-sensorische-magnetbausteine-fuer-kleinkinder-und-kinder-vorschul-montessori-spielzeuggeschenke-fuer-jungen-und-maedchen-ab-3-jahr\/#breadcrumb\",\"itemListElement\":[{\"@type\":\"ListItem\",\"position\":1,\"name\":\"Home\",\"item\":\"https:\/\/easyliferobo.com\/de\/\"},{\"@type\":\"ListItem\",\"position\":2,\"name\":\"Shop\",\"item\":\"https:\/\/easyliferobo.com\/de\/shop\/\"},{\"@type\":\"ListItem\",\"position\":3,\"name\":\"100 Magnetpl\u00e4ttchen STEM-Bauspielz...\"}]},{\"@type\":\"WebSite\",\"@id\":\"https:\/\/easyliferobo.com\/de\/#website\",\"url\":\"https:\/\/easyliferobo.com\/de\/\",\"name\":\"EasyLifeBro\",\"description\":\"Smarte Roboter f\u00fcr Zuhause, Garten &amp; Bildung\",\"publisher\":{\"@id\":\"https:\/\/easyliferobo.com\/de\/#organization\"},\"potentialAction\":[{\"@type\":\"SearchAction\",\"target\":{\"@type\":\"EntryPoint\",\"urlTemplate\":\"https:\/\/easyliferobo.com\/de\/?s={search_term_string}\"},\"query-input\":{\"@type\":\"PropertyValueSpecification\",\"valueRequired\":true,\"valueName\":\"search_term_string\"}}],\"inLanguage\":\"de\"},{\"@type\":\"Organization\",\"@id\":\"https:\/\/easyliferobo.com\/de\/#organization\",\"name\":\"EasyLifeBro\",\"url\":\"https:\/\/easyliferobo.com\/de\/\",\"logo\":{\"@type\":\"ImageObject\",\"inLanguage\":\"de\",\"@id\":\"https:\/\/easyliferobo.com\/de\/#\/schema\/logo\/image\/\",\"url\":\"https:\/\/easyliferobo.com\/de\/wp-content\/uploads\/2026\/02\/Screenshot-2026-02-22-at-2.25.03-PM.png\",\"contentUrl\":\"https:\/\/easyliferobo.com\/de\/wp-content\/uploads\/2026\/02\/Screenshot-2026-02-22-at-2.25.03-PM.png\",\"width\":1858,\"height\":430,\"caption\":\"EasyLifeBro\"},\"image\":{\"@id\":\"https:\/\/easyliferobo.com\/de\/#\/schema\/logo\/image\/\"}}]}<\/script>\n<!-- \/ Yoast SEO plugin. -->","yoast_head_json":{"title":"100 Magnetpl\u00e4ttchen STEM-Bauspielzeug mit 2 Autos, sensorische Magnetbausteine \u200b\u200bf\u00fcr Kleinkinder und Kinder, Vorschul-Montessori-Spielzeuggeschenke f\u00fcr Jungen und M\u00e4dchen ab 3 Jahren - EasyLifeBro","description":"Entdecken Sie smarte Roboter f\u00fcr Zuhause, Garten, Bildung und Sicherheit. Vergleichen Sie Saugroboter, Rasenm\u00e4hroboter, KI-Begleitroboter und mehr bei EasyLifeRobo.","robots":{"index":"index","follow":"follow","max-snippet":"max-snippet:-1","max-image-preview":"max-image-preview:large","max-video-preview":"max-video-preview:-1"},"canonical":"https:\/\/easyliferobo.com\/de\/product\/100-magnetplaettchen-stem-bauspielzeug-mit-2-autos-sensorische-magnetbausteine-fuer-kleinkinder-und-kinder-vorschul-montessori-spielzeuggeschenke-fuer-jungen-und-maedchen-ab-3-jahr\/","og_locale":"de_DE","og_type":"article","og_title":"100 Magnetpl\u00e4ttchen STEM-Bauspielzeug mit 2 Autos, sensorische Magnetbausteine \u200b\u200bf\u00fcr Kleinkinder und Kinder, Vorschul-Montessori-Spielzeuggeschenke f\u00fcr Jungen und M\u00e4dchen ab 3 Jahren - EasyLifeBro","og_description":"Entdecken Sie smarte Roboter f\u00fcr Zuhause, Garten, Bildung und Sicherheit. Vergleichen Sie Saugroboter, Rasenm\u00e4hroboter, KI-Begleitroboter und mehr bei EasyLifeRobo.","og_url":"https:\/\/easyliferobo.com\/de\/product\/100-magnetplaettchen-stem-bauspielzeug-mit-2-autos-sensorische-magnetbausteine-fuer-kleinkinder-und-kinder-vorschul-montessori-spielzeuggeschenke-fuer-jungen-und-maedchen-ab-3-jahr\/","og_site_name":"EasyLifeBro","article_modified_time":"2026-02-27T07:19:39+00:00","og_image":[{"url":"https:\/\/images-na.ssl-images-amazon.com\/images\/G\/01\/x-locale\/common\/grey-pixel.gif","type":"","width":"","height":""}],"twitter_card":"summary_large_image","twitter_misc":{"Gesch\u00e4tzte Lesezeit":"1\u00a0Minute"},"schema":{"@context":"https:\/\/schema.org","@graph":[{"@type":"WebPage","@id":"https:\/\/easyliferobo.com\/de\/product\/100-magnetplaettchen-stem-bauspielzeug-mit-2-autos-sensorische-magnetbausteine-fuer-kleinkinder-und-kinder-vorschul-montessori-spielzeuggeschenke-fuer-jungen-und-maedchen-ab-3-jahr\/","url":"https:\/\/easyliferobo.com\/de\/product\/100-magnetplaettchen-stem-bauspielzeug-mit-2-autos-sensorische-magnetbausteine-fuer-kleinkinder-und-kinder-vorschul-montessori-spielzeuggeschenke-fuer-jungen-und-maedchen-ab-3-jahr\/","name":"100 Magnetpl\u00e4ttchen STEM-Bauspielzeug mit 2 Autos, sensorische Magnetbausteine \u200b\u200bf\u00fcr Kleinkinder und Kinder, Vorschul-Montessori-Spielzeuggeschenke f\u00fcr Jungen und M\u00e4dchen ab 3 Jahren - EasyLifeBro","isPartOf":{"@id":"https:\/\/easyliferobo.com\/de\/#website"},"primaryImageOfPage":{"@id":"https:\/\/easyliferobo.com\/de\/product\/100-magnetplaettchen-stem-bauspielzeug-mit-2-autos-sensorische-magnetbausteine-fuer-kleinkinder-und-kinder-vorschul-montessori-spielzeuggeschenke-fuer-jungen-und-maedchen-ab-3-jahr\/#primaryimage"},"image":{"@id":"https:\/\/easyliferobo.com\/de\/product\/100-magnetplaettchen-stem-bauspielzeug-mit-2-autos-sensorische-magnetbausteine-fuer-kleinkinder-und-kinder-vorschul-montessori-spielzeuggeschenke-fuer-jungen-und-maedchen-ab-3-jahr\/#primaryimage"},"thumbnailUrl":"https:\/\/easyliferobo.com\/de\/wp-content\/uploads\/2026\/02\/81Soa784XoL._AC_SL1500_.jpg","datePublished":"2026-02-27T07:19:27+00:00","dateModified":"2026-02-27T07:19:39+00:00","description":"Entdecken Sie smarte Roboter f\u00fcr Zuhause, Garten, Bildung und Sicherheit. Vergleichen Sie Saugroboter, Rasenm\u00e4hroboter, KI-Begleitroboter und mehr bei EasyLifeRobo.","breadcrumb":{"@id":"https:\/\/easyliferobo.com\/de\/product\/100-magnetplaettchen-stem-bauspielzeug-mit-2-autos-sensorische-magnetbausteine-fuer-kleinkinder-und-kinder-vorschul-montessori-spielzeuggeschenke-fuer-jungen-und-maedchen-ab-3-jahr\/#breadcrumb"},"inLanguage":"de","potentialAction":[{"@type":"ReadAction","target":["https:\/\/easyliferobo.com\/de\/product\/100-magnetplaettchen-stem-bauspielzeug-mit-2-autos-sensorische-magnetbausteine-fuer-kleinkinder-und-kinder-vorschul-montessori-spielzeuggeschenke-fuer-jungen-und-maedchen-ab-3-jahr\/"]}]},{"@type":"ImageObject","inLanguage":"de","@id":"https:\/\/easyliferobo.com\/de\/product\/100-magnetplaettchen-stem-bauspielzeug-mit-2-autos-sensorische-magnetbausteine-fuer-kleinkinder-und-kinder-vorschul-montessori-spielzeuggeschenke-fuer-jungen-und-maedchen-ab-3-jahr\/#primaryimage","url":"https:\/\/easyliferobo.com\/de\/wp-content\/uploads\/2026\/02\/81Soa784XoL._AC_SL1500_.jpg","contentUrl":"https:\/\/easyliferobo.com\/de\/wp-content\/uploads\/2026\/02\/81Soa784XoL._AC_SL1500_.jpg","width":1488,"height":1500},{"@type":"BreadcrumbList","@id":"https:\/\/easyliferobo.com\/de\/product\/100-magnetplaettchen-stem-bauspielzeug-mit-2-autos-sensorische-magnetbausteine-fuer-kleinkinder-und-kinder-vorschul-montessori-spielzeuggeschenke-fuer-jungen-und-maedchen-ab-3-jahr\/#breadcrumb","itemListElement":[{"@type":"ListItem","position":1,"name":"Home","item":"https:\/\/easyliferobo.com\/de\/"},{"@type":"ListItem","position":2,"name":"Shop","item":"https:\/\/easyliferobo.com\/de\/shop\/"},{"@type":"ListItem","position":3,"name":"100 Magnetpl\u00e4ttchen STEM-Bauspielz..."}]},{"@type":"WebSite","@id":"https:\/\/easyliferobo.com\/de\/#website","url":"https:\/\/easyliferobo.com\/de\/","name":"EasyLifeBro","description":"Smarte Roboter f\u00fcr Zuhause, Garten &amp; Bildung","publisher":{"@id":"https:\/\/easyliferobo.com\/de\/#organization"},"potentialAction":[{"@type":"SearchAction","target":{"@type":"EntryPoint","urlTemplate":"https:\/\/easyliferobo.com\/de\/?s={search_term_string}"},"query-input":{"@type":"PropertyValueSpecification","valueRequired":true,"valueName":"search_term_string"}}],"inLanguage":"de"},{"@type":"Organization","@id":"https:\/\/easyliferobo.com\/de\/#organization","name":"EasyLifeBro","url":"https:\/\/easyliferobo.com\/de\/","logo":{"@type":"ImageObject","inLanguage":"de","@id":"https:\/\/easyliferobo.com\/de\/#\/schema\/logo\/image\/","url":"https:\/\/easyliferobo.com\/de\/wp-content\/uploads\/2026\/02\/Screenshot-2026-02-22-at-2.25.03-PM.png","contentUrl":"https:\/\/easyliferobo.com\/de\/wp-content\/uploads\/2026\/02\/Screenshot-2026-02-22-at-2.25.03-PM.png","width":1858,"height":430,"caption":"EasyLifeBro"},"image":{"@id":"https:\/\/easyliferobo.com\/de\/#\/schema\/logo\/image\/"}}]}},"_links":{"self":[{"href":"https:\/\/easyliferobo.com\/de\/wp-json\/wp\/v2\/product\/3564","targetHints":{"allow":["GET"]}}],"collection":[{"href":"https:\/\/easyliferobo.com\/de\/wp-json\/wp\/v2\/product"}],"about":[{"href":"https:\/\/easyliferobo.com\/de\/wp-json\/wp\/v2\/types\/product"}],"replies":[{"embeddable":true,"href":"https:\/\/easyliferobo.com\/de\/wp-json\/wp\/v2\/comments?post=3564"}],"wp:featuredmedia":[{"embeddable":true,"href":"https:\/\/easyliferobo.com\/de\/wp-json\/wp\/v2\/media\/3565"}],"wp:attachment":[{"href":"https:\/\/easyliferobo.com\/de\/wp-json\/wp\/v2\/media?parent=3564"}],"wp:term":[{"taxonomy":"store","embeddable":true,"href":"https:\/\/easyliferobo.com\/de\/wp-json\/wp\/v2\/store?post=3564"},{"taxonomy":"product_brand","embeddable":true,"href":"https:\/\/easyliferobo.com\/de\/wp-json\/wp\/v2\/product_brand?post=3564"},{"taxonomy":"product_cat","embeddable":true,"href":"https:\/\/easyliferobo.com\/de\/wp-json\/wp\/v2\/product_cat?post=3564"},{"taxonomy":"product_tag","embeddable":true,"href":"https:\/\/easyliferobo.com\/de\/wp-json\/wp\/v2\/product_tag?post=3564"}],"curies":[{"name":"wp","href":"https:\/\/api.w.org\/{rel}","templated":true}]}}