
{"id":3557,"date":"2026-02-27T07:18:17","date_gmt":"2026-02-27T07:18:17","guid":{"rendered":"https:\/\/easyliferobo.com\/de\/product\/roboterspielzeug-fuer-kinder-begleitroboter-mit-bunter-lichtprojektion-tanzen-singen-und-gehen-fuer-alter-4-12-jahre-als-geburtstagsgeschenk-2\/"},"modified":"2026-02-27T07:18:28","modified_gmt":"2026-02-27T07:18:28","slug":"roboterspielzeug-fuer-kinder-begleitroboter-mit-bunter-lichtprojektion-tanzen-singen-und-gehen-fuer-alter-4-12-jahre-als-geburtstagsgeschenk-2","status":"publish","type":"product","link":"https:\/\/easyliferobo.com\/de\/product\/roboterspielzeug-fuer-kinder-begleitroboter-mit-bunter-lichtprojektion-tanzen-singen-und-gehen-fuer-alter-4-12-jahre-als-geburtstagsgeschenk-2\/","title":{"rendered":"Roboterspielzeug f\u00fcr Kinder, Begle..."},"content":{"rendered":"<p>\n                                             Von der Marke   <\/p>\n<p>                                              <img decoding=\"async\" alt=\"\" src=\"https:\/\/images-na.ssl-images-amazon.com\/images\/G\/01\/x-locale\/common\/grey-pixel.gif\" class=\"a-lazy-loaded\" data-src=\"https:\/\/m.media-amazon.com\/images\/S\/aplus-media-library-service-media\/41dea70e-5825-424f-ab8d-4e186ecb8d3a.__CR0,99,1464,625_PT0_SX1464_V1___.png\"><img decoding=\"async\" alt=\"\" src=\"https:\/\/m.media-amazon.com\/images\/S\/aplus-media-library-service-media\/41dea70e-5825-424f-ab8d-4e186ecb8d3a.__CR0,99,1464,625_PT0_SX1464_V1___.png\">  <\/p>\n<h3>  YATOSEEN-SPIELZEUG <\/h3>\n<p>  Machen Sie Ihr Leben besser <\/p>\n<p>                                              <img decoding=\"async\" alt=\"\" src=\"https:\/\/images-na.ssl-images-amazon.com\/images\/G\/01\/x-locale\/common\/grey-pixel.gif\" class=\"a-lazy-loaded\" data-src=\"https:\/\/m.media-amazon.com\/images\/S\/aplus-media-library-service-media\/c17cbd5c-5c58-4623-af31-04e431217409.__CR0,0,630,290_PT0_SX315_V1___.jpg\"><img decoding=\"async\" alt=\"\" src=\"https:\/\/m.media-amazon.com\/images\/S\/aplus-media-library-service-media\/c17cbd5c-5c58-4623-af31-04e431217409.__CR0,0,630,290_PT0_SX315_V1___.jpg\">  <\/p>\n<p>  Das Yatosee-Spielzeug widmet sich der Schaffung von Gl\u00fcck f\u00fcr Kinder und Erwachsene. Yatosee ist eine Marke, die sich haupts\u00e4chlich auf Stimmungslichter, Spielzeug und Haushaltswaren konzentriert <\/p>\n<h3>  YATOSEEN-Spielzeug <\/h3>\n<p class=\"apm-brand-story-stores-link\">\n<h3>  YATOSEEN-Spielzeug <\/h3>\n<p class=\"apm-brand-story-stores-link\">\n<h3>  YATOSEEN-Spielzeug <\/h3>\n<p class=\"apm-brand-story-stores-link\">\n<h3>  YATOSEEN Montessori-Spielzeug <\/h3>\n<p class=\"apm-brand-story-stores-link\">\n<h3>  YATOSEEN Spielzeugset <\/h3>\n<p class=\"apm-brand-story-stores-link\">\n<h3>  YATOSEEN-Spielzeug <\/h3>\n<p class=\"apm-brand-story-stores-link\">\n<p>Tanzender Roboter: Dieser Roboter kann tanzen und sich zu den 5 enthaltenen Musikmelodien hin und her bewegen. Die Musik und der Tanz des Roboters k\u00f6nnen die Neugier und Aufmerksamkeit von S\u00e4uglingen und Kleinkindern wecken und eine st\u00e4rkere Interaktion mit Kindern erm\u00f6glichen, was die beste Wahl f\u00fcr die Begleitung von Kindern ist<br \/>Bunte Ausdruckslichter: Das Gesicht des Roboters verf\u00fcgt \u00fcber eine bunte Leuchtanzeige und der Gesichtsausdruck zeigt 7 verschiedene Lichtfarben mit dem Klang von Musik. Bunte Farben und ein s\u00fc\u00dfer L\u00e4cheln-Ausdruck werden das Kind dazu bringen, es zu lieben<br \/>Lebendiger und flexibler sechsbeiniger Roboter: Der Roboter verf\u00fcgt \u00fcber ein Kopflicht, ein Bauchlicht, ein Bodenprojektionslicht sowie einen Schalter und einen Batterieschacht im Kopf. Nachdem Sie 3 AA-Batterien (nicht im Lieferumfang enthalten) eingelegt haben, schalten Sie einfach den Schalter ein und seine Arme schwingen mit den flexiblen sechs F\u00fc\u00dfen, um zu rennen und zu tanzen, dazu gute Musik, wodurch der Roboter lebendiger, lustiger und niedlicher aussieht!<br \/>Sicher und ungiftig: Der Tanzroboter f\u00fcr Kinder besteht aus hochwertigem ABS-Kunststoff, ist ungiftig und geschmacksneutral. Der Roboterk\u00f6rper hat eine abgerundete Kurve und keine scharfen Teile, um ein Verkratzen des Babys zu vermeiden. Das Material ist verschlei\u00dffest, nicht leicht zu besch\u00e4digen und hat eine lange Lebensdauer<br \/>Hochwertiges Kindergeschenk: Dieser sechsbeinige Lichttanzroboter eignet sich f\u00fcr eine Vielzahl von Anl\u00e4ssen, wie Kindergeburtstagsfeiern, Outdoor-Aktivit\u00e4ten, Familientreffenaktivit\u00e4ten. Dieser Roboter kann die fr\u00f6hliche Atmosph\u00e4re der Szene effektiv verbessern und ist das perfekte Geschenk f\u00fcr Kinder<\/p>\n<p>[ad_2]<\/p>\n","protected":false},"excerpt":{"rendered":"<p>Von der Marke YATOSEEN-SPIELZEUG Machen Sie Ihr Leben besser Das Yatosee-Spielzeug widmet sich der Schaffung von Gl\u00fcck f\u00fcr Kinder und Erwachsene. Yatosee ist eine Marke, die sich haupts\u00e4chlich auf Stimmungslichter, Spielzeug und Haushaltswaren konzentriert YATOSEEN-Spielzeug YATOSEEN-Spielzeug YATOSEEN-Spielzeug YATOSEEN Montessori-Spielzeug YATOSEEN Spielzeugset YATOSEEN-Spielzeug Tanzender Roboter: Dieser Roboter kann tanzen und sich zu den 5 enthaltenen Musikmelodien [&hellip;]<\/p>\n","protected":false},"featured_media":3558,"comment_status":"open","ping_status":"closed","template":"","meta":{"_aipt_faq_data":""},"store":[],"product_brand":[],"product_cat":[93],"product_tag":[330],"class_list":{"0":"post-3557","1":"product","2":"type-product","3":"status-publish","4":"has-post-thumbnail","6":"product_cat-soziale-begleitroboter","7":"product_tag-soziale-begleitroboter-mit-sprachsteuerung","9":"first","10":"instock","11":"shipping-taxable","12":"product-type-external"},"yoast_head":"<!-- This site is optimized with the Yoast SEO plugin v27.4 - https:\/\/yoast.com\/product\/yoast-seo-wordpress\/ -->\n<title>Roboterspielzeug f\u00fcr Kinder, Begleitroboter mit bunter Lichtprojektion, Tanzen, Singen und Gehen, f\u00fcr Alter 4\u201312 Jahre als Geburtstagsgeschenk - EasyLifeBro<\/title>\n<meta name=\"description\" content=\"Entdecken Sie smarte Roboter f\u00fcr Zuhause, Garten, Bildung und Sicherheit. Vergleichen Sie Saugroboter, Rasenm\u00e4hroboter, KI-Begleitroboter und mehr bei EasyLifeRobo.\" \/>\n<meta name=\"robots\" content=\"index, follow, max-snippet:-1, max-image-preview:large, max-video-preview:-1\" \/>\n<link rel=\"canonical\" href=\"https:\/\/easyliferobo.com\/de\/product\/roboterspielzeug-fuer-kinder-begleitroboter-mit-bunter-lichtprojektion-tanzen-singen-und-gehen-fuer-alter-4-12-jahre-als-geburtstagsgeschenk-2\/\" \/>\n<meta property=\"og:locale\" content=\"de_DE\" \/>\n<meta property=\"og:type\" content=\"article\" \/>\n<meta property=\"og:title\" content=\"Roboterspielzeug f\u00fcr Kinder, Begleitroboter mit bunter Lichtprojektion, Tanzen, Singen und Gehen, f\u00fcr Alter 4\u201312 Jahre als Geburtstagsgeschenk - EasyLifeBro\" \/>\n<meta property=\"og:description\" content=\"Entdecken Sie smarte Roboter f\u00fcr Zuhause, Garten, Bildung und Sicherheit. Vergleichen Sie Saugroboter, Rasenm\u00e4hroboter, KI-Begleitroboter und mehr bei EasyLifeRobo.\" \/>\n<meta property=\"og:url\" content=\"https:\/\/easyliferobo.com\/de\/product\/roboterspielzeug-fuer-kinder-begleitroboter-mit-bunter-lichtprojektion-tanzen-singen-und-gehen-fuer-alter-4-12-jahre-als-geburtstagsgeschenk-2\/\" \/>\n<meta property=\"og:site_name\" content=\"EasyLifeBro\" \/>\n<meta property=\"article:modified_time\" content=\"2026-02-27T07:18:28+00:00\" \/>\n<meta property=\"og:image\" content=\"https:\/\/images-na.ssl-images-amazon.com\/images\/G\/01\/x-locale\/common\/grey-pixel.gif\" \/>\n<meta name=\"twitter:card\" content=\"summary_large_image\" \/>\n<meta name=\"twitter:label1\" content=\"Gesch\u00e4tzte Lesezeit\" \/>\n\t<meta name=\"twitter:data1\" content=\"1\u00a0Minute\" \/>\n<script type=\"application\/ld+json\" class=\"yoast-schema-graph\">{\"@context\":\"https:\\\/\\\/schema.org\",\"@graph\":[{\"@type\":\"WebPage\",\"@id\":\"https:\\\/\\\/easyliferobo.com\\\/de\\\/product\\\/roboterspielzeug-fuer-kinder-begleitroboter-mit-bunter-lichtprojektion-tanzen-singen-und-gehen-fuer-alter-4-12-jahre-als-geburtstagsgeschenk-2\\\/\",\"url\":\"https:\\\/\\\/easyliferobo.com\\\/de\\\/product\\\/roboterspielzeug-fuer-kinder-begleitroboter-mit-bunter-lichtprojektion-tanzen-singen-und-gehen-fuer-alter-4-12-jahre-als-geburtstagsgeschenk-2\\\/\",\"name\":\"Roboterspielzeug f\u00fcr Kinder, Begleitroboter mit bunter Lichtprojektion, Tanzen, Singen und Gehen, f\u00fcr Alter 4\u201312 Jahre als Geburtstagsgeschenk - EasyLifeBro\",\"isPartOf\":{\"@id\":\"https:\\\/\\\/easyliferobo.com\\\/de\\\/#website\"},\"primaryImageOfPage\":{\"@id\":\"https:\\\/\\\/easyliferobo.com\\\/de\\\/product\\\/roboterspielzeug-fuer-kinder-begleitroboter-mit-bunter-lichtprojektion-tanzen-singen-und-gehen-fuer-alter-4-12-jahre-als-geburtstagsgeschenk-2\\\/#primaryimage\"},\"image\":{\"@id\":\"https:\\\/\\\/easyliferobo.com\\\/de\\\/product\\\/roboterspielzeug-fuer-kinder-begleitroboter-mit-bunter-lichtprojektion-tanzen-singen-und-gehen-fuer-alter-4-12-jahre-als-geburtstagsgeschenk-2\\\/#primaryimage\"},\"thumbnailUrl\":\"https:\\\/\\\/easyliferobo.com\\\/de\\\/wp-content\\\/uploads\\\/2026\\\/02\\\/71yJpeMQmZL._AC_SL1500_.jpg\",\"datePublished\":\"2026-02-27T07:18:17+00:00\",\"dateModified\":\"2026-02-27T07:18:28+00:00\",\"description\":\"Entdecken Sie smarte Roboter f\u00fcr Zuhause, Garten, Bildung und Sicherheit. Vergleichen Sie Saugroboter, Rasenm\u00e4hroboter, KI-Begleitroboter und mehr bei EasyLifeRobo.\",\"breadcrumb\":{\"@id\":\"https:\\\/\\\/easyliferobo.com\\\/de\\\/product\\\/roboterspielzeug-fuer-kinder-begleitroboter-mit-bunter-lichtprojektion-tanzen-singen-und-gehen-fuer-alter-4-12-jahre-als-geburtstagsgeschenk-2\\\/#breadcrumb\"},\"inLanguage\":\"de\",\"potentialAction\":[{\"@type\":\"ReadAction\",\"target\":[\"https:\\\/\\\/easyliferobo.com\\\/de\\\/product\\\/roboterspielzeug-fuer-kinder-begleitroboter-mit-bunter-lichtprojektion-tanzen-singen-und-gehen-fuer-alter-4-12-jahre-als-geburtstagsgeschenk-2\\\/\"]}]},{\"@type\":\"ImageObject\",\"inLanguage\":\"de\",\"@id\":\"https:\\\/\\\/easyliferobo.com\\\/de\\\/product\\\/roboterspielzeug-fuer-kinder-begleitroboter-mit-bunter-lichtprojektion-tanzen-singen-und-gehen-fuer-alter-4-12-jahre-als-geburtstagsgeschenk-2\\\/#primaryimage\",\"url\":\"https:\\\/\\\/easyliferobo.com\\\/de\\\/wp-content\\\/uploads\\\/2026\\\/02\\\/71yJpeMQmZL._AC_SL1500_.jpg\",\"contentUrl\":\"https:\\\/\\\/easyliferobo.com\\\/de\\\/wp-content\\\/uploads\\\/2026\\\/02\\\/71yJpeMQmZL._AC_SL1500_.jpg\",\"width\":1176,\"height\":1500},{\"@type\":\"BreadcrumbList\",\"@id\":\"https:\\\/\\\/easyliferobo.com\\\/de\\\/product\\\/roboterspielzeug-fuer-kinder-begleitroboter-mit-bunter-lichtprojektion-tanzen-singen-und-gehen-fuer-alter-4-12-jahre-als-geburtstagsgeschenk-2\\\/#breadcrumb\",\"itemListElement\":[{\"@type\":\"ListItem\",\"position\":1,\"name\":\"Home\",\"item\":\"https:\\\/\\\/easyliferobo.com\\\/de\\\/\"},{\"@type\":\"ListItem\",\"position\":2,\"name\":\"Shop\",\"item\":\"https:\\\/\\\/easyliferobo.com\\\/de\\\/shop\\\/\"},{\"@type\":\"ListItem\",\"position\":3,\"name\":\"Roboterspielzeug f\u00fcr Kinder, Begle...\"}]},{\"@type\":\"WebSite\",\"@id\":\"https:\\\/\\\/easyliferobo.com\\\/de\\\/#website\",\"url\":\"https:\\\/\\\/easyliferobo.com\\\/de\\\/\",\"name\":\"EasyLifeBro\",\"description\":\"Smarte Roboter f\u00fcr Zuhause, Garten &amp; Bildung\",\"publisher\":{\"@id\":\"https:\\\/\\\/easyliferobo.com\\\/de\\\/#organization\"},\"potentialAction\":[{\"@type\":\"SearchAction\",\"target\":{\"@type\":\"EntryPoint\",\"urlTemplate\":\"https:\\\/\\\/easyliferobo.com\\\/de\\\/?s={search_term_string}\"},\"query-input\":{\"@type\":\"PropertyValueSpecification\",\"valueRequired\":true,\"valueName\":\"search_term_string\"}}],\"inLanguage\":\"de\"},{\"@type\":\"Organization\",\"@id\":\"https:\\\/\\\/easyliferobo.com\\\/de\\\/#organization\",\"name\":\"EasyLifeBro\",\"url\":\"https:\\\/\\\/easyliferobo.com\\\/de\\\/\",\"logo\":{\"@type\":\"ImageObject\",\"inLanguage\":\"de\",\"@id\":\"https:\\\/\\\/easyliferobo.com\\\/de\\\/#\\\/schema\\\/logo\\\/image\\\/\",\"url\":\"https:\\\/\\\/easyliferobo.com\\\/de\\\/wp-content\\\/uploads\\\/2026\\\/02\\\/Screenshot-2026-02-22-at-2.25.03-PM.png\",\"contentUrl\":\"https:\\\/\\\/easyliferobo.com\\\/de\\\/wp-content\\\/uploads\\\/2026\\\/02\\\/Screenshot-2026-02-22-at-2.25.03-PM.png\",\"width\":1858,\"height\":430,\"caption\":\"EasyLifeBro\"},\"image\":{\"@id\":\"https:\\\/\\\/easyliferobo.com\\\/de\\\/#\\\/schema\\\/logo\\\/image\\\/\"}}]}<\/script>\n<!-- \/ Yoast SEO plugin. -->","yoast_head_json":{"title":"Roboterspielzeug f\u00fcr Kinder, Begleitroboter mit bunter Lichtprojektion, Tanzen, Singen und Gehen, f\u00fcr Alter 4\u201312 Jahre als Geburtstagsgeschenk - EasyLifeBro","description":"Entdecken Sie smarte Roboter f\u00fcr Zuhause, Garten, Bildung und Sicherheit. Vergleichen Sie Saugroboter, Rasenm\u00e4hroboter, KI-Begleitroboter und mehr bei EasyLifeRobo.","robots":{"index":"index","follow":"follow","max-snippet":"max-snippet:-1","max-image-preview":"max-image-preview:large","max-video-preview":"max-video-preview:-1"},"canonical":"https:\/\/easyliferobo.com\/de\/product\/roboterspielzeug-fuer-kinder-begleitroboter-mit-bunter-lichtprojektion-tanzen-singen-und-gehen-fuer-alter-4-12-jahre-als-geburtstagsgeschenk-2\/","og_locale":"de_DE","og_type":"article","og_title":"Roboterspielzeug f\u00fcr Kinder, Begleitroboter mit bunter Lichtprojektion, Tanzen, Singen und Gehen, f\u00fcr Alter 4\u201312 Jahre als Geburtstagsgeschenk - EasyLifeBro","og_description":"Entdecken Sie smarte Roboter f\u00fcr Zuhause, Garten, Bildung und Sicherheit. Vergleichen Sie Saugroboter, Rasenm\u00e4hroboter, KI-Begleitroboter und mehr bei EasyLifeRobo.","og_url":"https:\/\/easyliferobo.com\/de\/product\/roboterspielzeug-fuer-kinder-begleitroboter-mit-bunter-lichtprojektion-tanzen-singen-und-gehen-fuer-alter-4-12-jahre-als-geburtstagsgeschenk-2\/","og_site_name":"EasyLifeBro","article_modified_time":"2026-02-27T07:18:28+00:00","og_image":[{"url":"https:\/\/images-na.ssl-images-amazon.com\/images\/G\/01\/x-locale\/common\/grey-pixel.gif","type":"","width":"","height":""}],"twitter_card":"summary_large_image","twitter_misc":{"Gesch\u00e4tzte Lesezeit":"1\u00a0Minute"},"schema":{"@context":"https:\/\/schema.org","@graph":[{"@type":"WebPage","@id":"https:\/\/easyliferobo.com\/de\/product\/roboterspielzeug-fuer-kinder-begleitroboter-mit-bunter-lichtprojektion-tanzen-singen-und-gehen-fuer-alter-4-12-jahre-als-geburtstagsgeschenk-2\/","url":"https:\/\/easyliferobo.com\/de\/product\/roboterspielzeug-fuer-kinder-begleitroboter-mit-bunter-lichtprojektion-tanzen-singen-und-gehen-fuer-alter-4-12-jahre-als-geburtstagsgeschenk-2\/","name":"Roboterspielzeug f\u00fcr Kinder, Begleitroboter mit bunter Lichtprojektion, Tanzen, Singen und Gehen, f\u00fcr Alter 4\u201312 Jahre als Geburtstagsgeschenk - EasyLifeBro","isPartOf":{"@id":"https:\/\/easyliferobo.com\/de\/#website"},"primaryImageOfPage":{"@id":"https:\/\/easyliferobo.com\/de\/product\/roboterspielzeug-fuer-kinder-begleitroboter-mit-bunter-lichtprojektion-tanzen-singen-und-gehen-fuer-alter-4-12-jahre-als-geburtstagsgeschenk-2\/#primaryimage"},"image":{"@id":"https:\/\/easyliferobo.com\/de\/product\/roboterspielzeug-fuer-kinder-begleitroboter-mit-bunter-lichtprojektion-tanzen-singen-und-gehen-fuer-alter-4-12-jahre-als-geburtstagsgeschenk-2\/#primaryimage"},"thumbnailUrl":"https:\/\/easyliferobo.com\/de\/wp-content\/uploads\/2026\/02\/71yJpeMQmZL._AC_SL1500_.jpg","datePublished":"2026-02-27T07:18:17+00:00","dateModified":"2026-02-27T07:18:28+00:00","description":"Entdecken Sie smarte Roboter f\u00fcr Zuhause, Garten, Bildung und Sicherheit. Vergleichen Sie Saugroboter, Rasenm\u00e4hroboter, KI-Begleitroboter und mehr bei EasyLifeRobo.","breadcrumb":{"@id":"https:\/\/easyliferobo.com\/de\/product\/roboterspielzeug-fuer-kinder-begleitroboter-mit-bunter-lichtprojektion-tanzen-singen-und-gehen-fuer-alter-4-12-jahre-als-geburtstagsgeschenk-2\/#breadcrumb"},"inLanguage":"de","potentialAction":[{"@type":"ReadAction","target":["https:\/\/easyliferobo.com\/de\/product\/roboterspielzeug-fuer-kinder-begleitroboter-mit-bunter-lichtprojektion-tanzen-singen-und-gehen-fuer-alter-4-12-jahre-als-geburtstagsgeschenk-2\/"]}]},{"@type":"ImageObject","inLanguage":"de","@id":"https:\/\/easyliferobo.com\/de\/product\/roboterspielzeug-fuer-kinder-begleitroboter-mit-bunter-lichtprojektion-tanzen-singen-und-gehen-fuer-alter-4-12-jahre-als-geburtstagsgeschenk-2\/#primaryimage","url":"https:\/\/easyliferobo.com\/de\/wp-content\/uploads\/2026\/02\/71yJpeMQmZL._AC_SL1500_.jpg","contentUrl":"https:\/\/easyliferobo.com\/de\/wp-content\/uploads\/2026\/02\/71yJpeMQmZL._AC_SL1500_.jpg","width":1176,"height":1500},{"@type":"BreadcrumbList","@id":"https:\/\/easyliferobo.com\/de\/product\/roboterspielzeug-fuer-kinder-begleitroboter-mit-bunter-lichtprojektion-tanzen-singen-und-gehen-fuer-alter-4-12-jahre-als-geburtstagsgeschenk-2\/#breadcrumb","itemListElement":[{"@type":"ListItem","position":1,"name":"Home","item":"https:\/\/easyliferobo.com\/de\/"},{"@type":"ListItem","position":2,"name":"Shop","item":"https:\/\/easyliferobo.com\/de\/shop\/"},{"@type":"ListItem","position":3,"name":"Roboterspielzeug f\u00fcr Kinder, Begle..."}]},{"@type":"WebSite","@id":"https:\/\/easyliferobo.com\/de\/#website","url":"https:\/\/easyliferobo.com\/de\/","name":"EasyLifeBro","description":"Smarte Roboter f\u00fcr Zuhause, Garten &amp; Bildung","publisher":{"@id":"https:\/\/easyliferobo.com\/de\/#organization"},"potentialAction":[{"@type":"SearchAction","target":{"@type":"EntryPoint","urlTemplate":"https:\/\/easyliferobo.com\/de\/?s={search_term_string}"},"query-input":{"@type":"PropertyValueSpecification","valueRequired":true,"valueName":"search_term_string"}}],"inLanguage":"de"},{"@type":"Organization","@id":"https:\/\/easyliferobo.com\/de\/#organization","name":"EasyLifeBro","url":"https:\/\/easyliferobo.com\/de\/","logo":{"@type":"ImageObject","inLanguage":"de","@id":"https:\/\/easyliferobo.com\/de\/#\/schema\/logo\/image\/","url":"https:\/\/easyliferobo.com\/de\/wp-content\/uploads\/2026\/02\/Screenshot-2026-02-22-at-2.25.03-PM.png","contentUrl":"https:\/\/easyliferobo.com\/de\/wp-content\/uploads\/2026\/02\/Screenshot-2026-02-22-at-2.25.03-PM.png","width":1858,"height":430,"caption":"EasyLifeBro"},"image":{"@id":"https:\/\/easyliferobo.com\/de\/#\/schema\/logo\/image\/"}}]}},"_links":{"self":[{"href":"https:\/\/easyliferobo.com\/de\/wp-json\/wp\/v2\/product\/3557","targetHints":{"allow":["GET"]}}],"collection":[{"href":"https:\/\/easyliferobo.com\/de\/wp-json\/wp\/v2\/product"}],"about":[{"href":"https:\/\/easyliferobo.com\/de\/wp-json\/wp\/v2\/types\/product"}],"replies":[{"embeddable":true,"href":"https:\/\/easyliferobo.com\/de\/wp-json\/wp\/v2\/comments?post=3557"}],"wp:featuredmedia":[{"embeddable":true,"href":"https:\/\/easyliferobo.com\/de\/wp-json\/wp\/v2\/media\/3558"}],"wp:attachment":[{"href":"https:\/\/easyliferobo.com\/de\/wp-json\/wp\/v2\/media?parent=3557"}],"wp:term":[{"taxonomy":"store","embeddable":true,"href":"https:\/\/easyliferobo.com\/de\/wp-json\/wp\/v2\/store?post=3557"},{"taxonomy":"product_brand","embeddable":true,"href":"https:\/\/easyliferobo.com\/de\/wp-json\/wp\/v2\/product_brand?post=3557"},{"taxonomy":"product_cat","embeddable":true,"href":"https:\/\/easyliferobo.com\/de\/wp-json\/wp\/v2\/product_cat?post=3557"},{"taxonomy":"product_tag","embeddable":true,"href":"https:\/\/easyliferobo.com\/de\/wp-json\/wp\/v2\/product_tag?post=3557"}],"curies":[{"name":"wp","href":"https:\/\/api.w.org\/{rel}","templated":true}]}}