
{"id":3549,"date":"2026-02-27T07:17:10","date_gmt":"2026-02-27T07:17:10","guid":{"rendered":"https:\/\/easyliferobo.com\/de\/product\/roboterfisch-4-stueck-robofisch-elektrischer-fisch-mit-leuchtendem-elektronischem-haustierfisch-katzenspielzeug-elektrisches-schwimmendes-fischspielzeug-fuer-poolspielzeug-batteriebetrieben\/"},"modified":"2026-02-27T07:17:22","modified_gmt":"2026-02-27T07:17:22","slug":"roboterfisch-4-stueck-robofisch-elektrischer-fisch-mit-leuchtendem-elektronischem-haustierfisch-katzenspielzeug-elektrisches-schwimmendes-fischspielzeug-fuer-poolspielzeug-batteriebetrieben","status":"publish","type":"product","link":"https:\/\/easyliferobo.com\/de\/product\/roboterfisch-4-stueck-robofisch-elektrischer-fisch-mit-leuchtendem-elektronischem-haustierfisch-katzenspielzeug-elektrisches-schwimmendes-fischspielzeug-fuer-poolspielzeug-batteriebetrieben\/","title":{"rendered":"Roboterfisch, 4 St\u00fcck, Robofisch, ..."},"content":{"rendered":"<p>    <span>1. Roboterfisch ist ein interessantes elektronisches Haustierspielzeug mit bionischem Design, das real und interessant ist und auch eine attraktivere Spielzeugauswahl f\u00fcr Katzen bietet. <\/span><br \/><span>2. Die Gl\u00fchbirne verf\u00fcgt \u00fcber ein sicheres Niederspannungsdesign. Die Kombination aus brillantem Licht und der intelligenten Schwimmhaltung schwimmender Fischspielzeuge bietet Katzen ein besseres Unterhaltungserlebnis. <\/span><br \/><span>2. Schwimmendes Fischspielzeug kann den Wasserfluss intelligent erfassen und den Schwimmmodus automatisch aktivieren. Wenn ein Fisch ins Wasser gelegt wird, startet der Sensor automatisch und treibt den Motor an, um die Schwimmhaltung des Fisches zu simulieren. <\/span><br \/><span>4. Robo Fish Badespielzeug elektrisch ist ein ideales Geschenk f\u00fcr Geburtstage, Feiertage oder andere besondere Anl\u00e4sse. <\/span><br \/><span>Hinweis: Bitte stellen Sie vor der Verwendung sicher, dass das wasserdichte Pad und die Schrauben festgezogen sind. Nehmen Sie den Robo-Fisch nach dem Gebrauch aus dem Wasser und entnehmen Sie den Akku zum Trocknen. <\/span><br \/><span>Spezifikation <\/span><br \/><span>Material: Kunststoff. <\/span><br \/><span>Gewicht: 18g <\/span><br \/><span>Farbe: mehrfarbig. <\/span><br \/><span>Packungsgr\u00f6\u00dfe: 18 * 12 * 3 cm <\/span><br \/><span>Stromversorgung: 2 x Knopfbatterien AG13. <\/span><br \/><span>Packliste <\/span><br \/><span>4 x schwimmender Fisch mit Gl\u00fchen. <\/span><br \/><span>2 Batterien. <\/span><br \/><span>Benachrichtigung: <\/span><br \/><span>1. Die Produktgr\u00f6\u00dfe wird manuell gemessen, es k\u00f6nnen Fehler auftreten. Bitte beziehen Sie sich auf das tats\u00e4chliche Produkt. <\/span><br \/><span>2. Produktfotos werden bei nat\u00fcrlichem Licht aufgenommen. Es kann zu Farbunterschieden kommen, bitte beziehen Sie sich auf das tats\u00e4chliche Produkt. <\/span><br \/>Simulationsdesign: Robo-Fische nehmen ein stark simuliertes Fisch-Aussehen an und simulieren das Auf- und Abschwimmen des Fisches, schwimmende Fische mit leuchtendem Licht, genau wie ein echter Fisch. Die feine Fischschuppenstruktur und die realistische Fischflossenform von Roboterfischen k\u00f6nnen die Neugier und den Entdeckungsdrang der Katze wirkungsvoll anregen.<br \/>Leuchtendes Design: Roboterfisch verf\u00fcgt \u00fcber ein integriertes LED-Licht. Wenn der Fisch im Wasser schwimmt, strahlt sein K\u00f6rper ein sanftes Licht aus, das einen vertr\u00e4umten visuellen Effekt erzeugt. Besonders nachts oder in einer schwach beleuchteten Umgebung ist der Leuchteffekt von Katzenspielzeug elektrisch klarer, was die Attraktivit\u00e4t und den Spa\u00df des Spielzeugs erh\u00f6ht und die Aufmerksamkeit von Katzen auf sich ziehen kann.<br \/>Sicheres Material: Roboterfisch besteht aus hochwertigem, geruchlosem und umweltfreundlichem ABS-Kunststoff mit glatter Oberfl\u00e4che und ohne scharfe Ecken, sodass er von Katzen sicher verwendet werden kann. Dar\u00fcber hinaus verf\u00fcgt das elektrische Katzenspielzeug \u00fcber eine stabile Struktur und kann nicht so leicht besch\u00e4digt werden. Die elektrische weiche Schwanzflosse des Robo-Fisch-Badespielzeugs ist f\u00fcr den Langzeitgebrauch abnehmbar.<br \/>Batteriesensor: Auf beiden Seiten des elektrischen Fisches mit Leuchtmittel befinden sich zwei schwarze Punkte (das Wasser muss die beiden schwarzen Punkte des Fisches bedecken). Sobald der Fisch im Wasser liegt, beginnt er automatisch zu schwimmen und mit dem Schwanz zu wedeln, was realistisch und interessant ist. Robo Fish wird mit 2 Knopfbatterien betrieben und verf\u00fcgt \u00fcber einen eingebauten Sensor. Wenn der Fisch das Wasser verl\u00e4sst, wird der Betrieb automatisch auf Stromsparen umgestellt.<br \/>Poolspielzeug: Robo Fish eignet sich nicht nur f\u00fcr die Badewanne, sondern kann auch als Katzenspielzeug oder Hundespielzeug verwendet werden. Cat Interactive kann im Wasser spielen und seinen eigenen Wasserpark gestalten. Die Schwimmbahnen der Roboterfischbadewanne sind reichhaltig und abwechslungsreich, was die Aufmerksamkeit von Katzen effektiv auf sich ziehen kann.<\/p>\n<p>[ad_2]<\/p>\n","protected":false},"excerpt":{"rendered":"<p>1. Roboterfisch ist ein interessantes elektronisches Haustierspielzeug mit bionischem Design, das real und interessant ist und auch eine attraktivere Spielzeugauswahl f\u00fcr Katzen bietet. 2. Die Gl\u00fchbirne verf\u00fcgt \u00fcber ein sicheres Niederspannungsdesign. Die Kombination aus brillantem Licht und der intelligenten Schwimmhaltung schwimmender Fischspielzeuge bietet Katzen ein besseres Unterhaltungserlebnis. 2. Schwimmendes Fischspielzeug kann den Wasserfluss intelligent erfassen [&hellip;]<\/p>\n","protected":false},"featured_media":3550,"comment_status":"open","ping_status":"closed","template":"","meta":{"_aipt_faq_data":""},"store":[],"product_brand":[],"product_cat":[94],"product_tag":[329],"class_list":{"0":"post-3549","1":"product","2":"type-product","3":"status-publish","4":"has-post-thumbnail","6":"product_cat-roboter-haustiere","7":"product_tag-batterie-betriebene-roboter-haustiere","9":"first","10":"instock","11":"shipping-taxable","12":"product-type-external"},"yoast_head":"<!-- This site is optimized with the Yoast SEO plugin v27.0 - https:\/\/yoast.com\/product\/yoast-seo-wordpress\/ -->\n<title>Roboterfisch, 4 St\u00fcck, Robofisch, elektrischer Fisch mit leuchtendem, elektronischem Haustierfisch, Katzenspielzeug, elektrisches, schwimmendes Fischspielzeug f\u00fcr Poolspielzeug, batteriebetrieben - EasyLifeBro<\/title>\n<meta name=\"description\" content=\"Entdecken Sie smarte Roboter f\u00fcr Zuhause, Garten, Bildung und Sicherheit. Vergleichen Sie Saugroboter, Rasenm\u00e4hroboter, KI-Begleitroboter und mehr bei EasyLifeRobo.\" \/>\n<meta name=\"robots\" content=\"index, follow, max-snippet:-1, max-image-preview:large, max-video-preview:-1\" \/>\n<link rel=\"canonical\" href=\"https:\/\/easyliferobo.com\/de\/product\/roboterfisch-4-stueck-robofisch-elektrischer-fisch-mit-leuchtendem-elektronischem-haustierfisch-katzenspielzeug-elektrisches-schwimmendes-fischspielzeug-fuer-poolspielzeug-batteriebetrieben\/\" \/>\n<meta property=\"og:locale\" content=\"de_DE\" \/>\n<meta property=\"og:type\" content=\"article\" \/>\n<meta property=\"og:title\" content=\"Roboterfisch, 4 St\u00fcck, Robofisch, elektrischer Fisch mit leuchtendem, elektronischem Haustierfisch, Katzenspielzeug, elektrisches, schwimmendes Fischspielzeug f\u00fcr Poolspielzeug, batteriebetrieben - EasyLifeBro\" \/>\n<meta property=\"og:description\" content=\"Entdecken Sie smarte Roboter f\u00fcr Zuhause, Garten, Bildung und Sicherheit. Vergleichen Sie Saugroboter, Rasenm\u00e4hroboter, KI-Begleitroboter und mehr bei EasyLifeRobo.\" \/>\n<meta property=\"og:url\" content=\"https:\/\/easyliferobo.com\/de\/product\/roboterfisch-4-stueck-robofisch-elektrischer-fisch-mit-leuchtendem-elektronischem-haustierfisch-katzenspielzeug-elektrisches-schwimmendes-fischspielzeug-fuer-poolspielzeug-batteriebetrieben\/\" \/>\n<meta property=\"og:site_name\" content=\"EasyLifeBro\" \/>\n<meta property=\"article:modified_time\" content=\"2026-02-27T07:17:22+00:00\" \/>\n<meta name=\"twitter:card\" content=\"summary_large_image\" \/>\n<meta name=\"twitter:label1\" content=\"Gesch\u00e4tzte Lesezeit\" \/>\n\t<meta name=\"twitter:data1\" content=\"2\u00a0Minuten\" \/>\n<script type=\"application\/ld+json\" class=\"yoast-schema-graph\">{\"@context\":\"https:\/\/schema.org\",\"@graph\":[{\"@type\":\"WebPage\",\"@id\":\"https:\/\/easyliferobo.com\/de\/product\/roboterfisch-4-stueck-robofisch-elektrischer-fisch-mit-leuchtendem-elektronischem-haustierfisch-katzenspielzeug-elektrisches-schwimmendes-fischspielzeug-fuer-poolspielzeug-batteriebetrieben\/\",\"url\":\"https:\/\/easyliferobo.com\/de\/product\/roboterfisch-4-stueck-robofisch-elektrischer-fisch-mit-leuchtendem-elektronischem-haustierfisch-katzenspielzeug-elektrisches-schwimmendes-fischspielzeug-fuer-poolspielzeug-batteriebetrieben\/\",\"name\":\"Roboterfisch, 4 St\u00fcck, Robofisch, elektrischer Fisch mit leuchtendem, elektronischem Haustierfisch, Katzenspielzeug, elektrisches, schwimmendes Fischspielzeug f\u00fcr Poolspielzeug, batteriebetrieben - EasyLifeBro\",\"isPartOf\":{\"@id\":\"https:\/\/easyliferobo.com\/de\/#website\"},\"primaryImageOfPage\":{\"@id\":\"https:\/\/easyliferobo.com\/de\/product\/roboterfisch-4-stueck-robofisch-elektrischer-fisch-mit-leuchtendem-elektronischem-haustierfisch-katzenspielzeug-elektrisches-schwimmendes-fischspielzeug-fuer-poolspielzeug-batteriebetrieben\/#primaryimage\"},\"image\":{\"@id\":\"https:\/\/easyliferobo.com\/de\/product\/roboterfisch-4-stueck-robofisch-elektrischer-fisch-mit-leuchtendem-elektronischem-haustierfisch-katzenspielzeug-elektrisches-schwimmendes-fischspielzeug-fuer-poolspielzeug-batteriebetrieben\/#primaryimage\"},\"thumbnailUrl\":\"https:\/\/easyliferobo.com\/de\/wp-content\/uploads\/2026\/02\/61bn-4EqGPL._AC_SL1000_.jpg\",\"datePublished\":\"2026-02-27T07:17:10+00:00\",\"dateModified\":\"2026-02-27T07:17:22+00:00\",\"description\":\"Entdecken Sie smarte Roboter f\u00fcr Zuhause, Garten, Bildung und Sicherheit. Vergleichen Sie Saugroboter, Rasenm\u00e4hroboter, KI-Begleitroboter und mehr bei EasyLifeRobo.\",\"breadcrumb\":{\"@id\":\"https:\/\/easyliferobo.com\/de\/product\/roboterfisch-4-stueck-robofisch-elektrischer-fisch-mit-leuchtendem-elektronischem-haustierfisch-katzenspielzeug-elektrisches-schwimmendes-fischspielzeug-fuer-poolspielzeug-batteriebetrieben\/#breadcrumb\"},\"inLanguage\":\"de\",\"potentialAction\":[{\"@type\":\"ReadAction\",\"target\":[\"https:\/\/easyliferobo.com\/de\/product\/roboterfisch-4-stueck-robofisch-elektrischer-fisch-mit-leuchtendem-elektronischem-haustierfisch-katzenspielzeug-elektrisches-schwimmendes-fischspielzeug-fuer-poolspielzeug-batteriebetrieben\/\"]}]},{\"@type\":\"ImageObject\",\"inLanguage\":\"de\",\"@id\":\"https:\/\/easyliferobo.com\/de\/product\/roboterfisch-4-stueck-robofisch-elektrischer-fisch-mit-leuchtendem-elektronischem-haustierfisch-katzenspielzeug-elektrisches-schwimmendes-fischspielzeug-fuer-poolspielzeug-batteriebetrieben\/#primaryimage\",\"url\":\"https:\/\/easyliferobo.com\/de\/wp-content\/uploads\/2026\/02\/61bn-4EqGPL._AC_SL1000_.jpg\",\"contentUrl\":\"https:\/\/easyliferobo.com\/de\/wp-content\/uploads\/2026\/02\/61bn-4EqGPL._AC_SL1000_.jpg\",\"width\":985,\"height\":984},{\"@type\":\"BreadcrumbList\",\"@id\":\"https:\/\/easyliferobo.com\/de\/product\/roboterfisch-4-stueck-robofisch-elektrischer-fisch-mit-leuchtendem-elektronischem-haustierfisch-katzenspielzeug-elektrisches-schwimmendes-fischspielzeug-fuer-poolspielzeug-batteriebetrieben\/#breadcrumb\",\"itemListElement\":[{\"@type\":\"ListItem\",\"position\":1,\"name\":\"Home\",\"item\":\"https:\/\/easyliferobo.com\/de\/\"},{\"@type\":\"ListItem\",\"position\":2,\"name\":\"Shop\",\"item\":\"https:\/\/easyliferobo.com\/de\/shop\/\"},{\"@type\":\"ListItem\",\"position\":3,\"name\":\"Roboterfisch, 4 St\u00fcck, Robofisch, ...\"}]},{\"@type\":\"WebSite\",\"@id\":\"https:\/\/easyliferobo.com\/de\/#website\",\"url\":\"https:\/\/easyliferobo.com\/de\/\",\"name\":\"EasyLifeBro\",\"description\":\"Smarte Roboter f\u00fcr Zuhause, Garten &amp; Bildung\",\"publisher\":{\"@id\":\"https:\/\/easyliferobo.com\/de\/#organization\"},\"potentialAction\":[{\"@type\":\"SearchAction\",\"target\":{\"@type\":\"EntryPoint\",\"urlTemplate\":\"https:\/\/easyliferobo.com\/de\/?s={search_term_string}\"},\"query-input\":{\"@type\":\"PropertyValueSpecification\",\"valueRequired\":true,\"valueName\":\"search_term_string\"}}],\"inLanguage\":\"de\"},{\"@type\":\"Organization\",\"@id\":\"https:\/\/easyliferobo.com\/de\/#organization\",\"name\":\"EasyLifeBro\",\"url\":\"https:\/\/easyliferobo.com\/de\/\",\"logo\":{\"@type\":\"ImageObject\",\"inLanguage\":\"de\",\"@id\":\"https:\/\/easyliferobo.com\/de\/#\/schema\/logo\/image\/\",\"url\":\"https:\/\/easyliferobo.com\/de\/wp-content\/uploads\/2026\/02\/Screenshot-2026-02-22-at-2.25.03-PM.png\",\"contentUrl\":\"https:\/\/easyliferobo.com\/de\/wp-content\/uploads\/2026\/02\/Screenshot-2026-02-22-at-2.25.03-PM.png\",\"width\":1858,\"height\":430,\"caption\":\"EasyLifeBro\"},\"image\":{\"@id\":\"https:\/\/easyliferobo.com\/de\/#\/schema\/logo\/image\/\"}}]}<\/script>\n<!-- \/ Yoast SEO plugin. -->","yoast_head_json":{"title":"Roboterfisch, 4 St\u00fcck, Robofisch, elektrischer Fisch mit leuchtendem, elektronischem Haustierfisch, Katzenspielzeug, elektrisches, schwimmendes Fischspielzeug f\u00fcr Poolspielzeug, batteriebetrieben - EasyLifeBro","description":"Entdecken Sie smarte Roboter f\u00fcr Zuhause, Garten, Bildung und Sicherheit. Vergleichen Sie Saugroboter, Rasenm\u00e4hroboter, KI-Begleitroboter und mehr bei EasyLifeRobo.","robots":{"index":"index","follow":"follow","max-snippet":"max-snippet:-1","max-image-preview":"max-image-preview:large","max-video-preview":"max-video-preview:-1"},"canonical":"https:\/\/easyliferobo.com\/de\/product\/roboterfisch-4-stueck-robofisch-elektrischer-fisch-mit-leuchtendem-elektronischem-haustierfisch-katzenspielzeug-elektrisches-schwimmendes-fischspielzeug-fuer-poolspielzeug-batteriebetrieben\/","og_locale":"de_DE","og_type":"article","og_title":"Roboterfisch, 4 St\u00fcck, Robofisch, elektrischer Fisch mit leuchtendem, elektronischem Haustierfisch, Katzenspielzeug, elektrisches, schwimmendes Fischspielzeug f\u00fcr Poolspielzeug, batteriebetrieben - EasyLifeBro","og_description":"Entdecken Sie smarte Roboter f\u00fcr Zuhause, Garten, Bildung und Sicherheit. Vergleichen Sie Saugroboter, Rasenm\u00e4hroboter, KI-Begleitroboter und mehr bei EasyLifeRobo.","og_url":"https:\/\/easyliferobo.com\/de\/product\/roboterfisch-4-stueck-robofisch-elektrischer-fisch-mit-leuchtendem-elektronischem-haustierfisch-katzenspielzeug-elektrisches-schwimmendes-fischspielzeug-fuer-poolspielzeug-batteriebetrieben\/","og_site_name":"EasyLifeBro","article_modified_time":"2026-02-27T07:17:22+00:00","twitter_card":"summary_large_image","twitter_misc":{"Gesch\u00e4tzte Lesezeit":"2\u00a0Minuten"},"schema":{"@context":"https:\/\/schema.org","@graph":[{"@type":"WebPage","@id":"https:\/\/easyliferobo.com\/de\/product\/roboterfisch-4-stueck-robofisch-elektrischer-fisch-mit-leuchtendem-elektronischem-haustierfisch-katzenspielzeug-elektrisches-schwimmendes-fischspielzeug-fuer-poolspielzeug-batteriebetrieben\/","url":"https:\/\/easyliferobo.com\/de\/product\/roboterfisch-4-stueck-robofisch-elektrischer-fisch-mit-leuchtendem-elektronischem-haustierfisch-katzenspielzeug-elektrisches-schwimmendes-fischspielzeug-fuer-poolspielzeug-batteriebetrieben\/","name":"Roboterfisch, 4 St\u00fcck, Robofisch, elektrischer Fisch mit leuchtendem, elektronischem Haustierfisch, Katzenspielzeug, elektrisches, schwimmendes Fischspielzeug f\u00fcr Poolspielzeug, batteriebetrieben - EasyLifeBro","isPartOf":{"@id":"https:\/\/easyliferobo.com\/de\/#website"},"primaryImageOfPage":{"@id":"https:\/\/easyliferobo.com\/de\/product\/roboterfisch-4-stueck-robofisch-elektrischer-fisch-mit-leuchtendem-elektronischem-haustierfisch-katzenspielzeug-elektrisches-schwimmendes-fischspielzeug-fuer-poolspielzeug-batteriebetrieben\/#primaryimage"},"image":{"@id":"https:\/\/easyliferobo.com\/de\/product\/roboterfisch-4-stueck-robofisch-elektrischer-fisch-mit-leuchtendem-elektronischem-haustierfisch-katzenspielzeug-elektrisches-schwimmendes-fischspielzeug-fuer-poolspielzeug-batteriebetrieben\/#primaryimage"},"thumbnailUrl":"https:\/\/easyliferobo.com\/de\/wp-content\/uploads\/2026\/02\/61bn-4EqGPL._AC_SL1000_.jpg","datePublished":"2026-02-27T07:17:10+00:00","dateModified":"2026-02-27T07:17:22+00:00","description":"Entdecken Sie smarte Roboter f\u00fcr Zuhause, Garten, Bildung und Sicherheit. Vergleichen Sie Saugroboter, Rasenm\u00e4hroboter, KI-Begleitroboter und mehr bei EasyLifeRobo.","breadcrumb":{"@id":"https:\/\/easyliferobo.com\/de\/product\/roboterfisch-4-stueck-robofisch-elektrischer-fisch-mit-leuchtendem-elektronischem-haustierfisch-katzenspielzeug-elektrisches-schwimmendes-fischspielzeug-fuer-poolspielzeug-batteriebetrieben\/#breadcrumb"},"inLanguage":"de","potentialAction":[{"@type":"ReadAction","target":["https:\/\/easyliferobo.com\/de\/product\/roboterfisch-4-stueck-robofisch-elektrischer-fisch-mit-leuchtendem-elektronischem-haustierfisch-katzenspielzeug-elektrisches-schwimmendes-fischspielzeug-fuer-poolspielzeug-batteriebetrieben\/"]}]},{"@type":"ImageObject","inLanguage":"de","@id":"https:\/\/easyliferobo.com\/de\/product\/roboterfisch-4-stueck-robofisch-elektrischer-fisch-mit-leuchtendem-elektronischem-haustierfisch-katzenspielzeug-elektrisches-schwimmendes-fischspielzeug-fuer-poolspielzeug-batteriebetrieben\/#primaryimage","url":"https:\/\/easyliferobo.com\/de\/wp-content\/uploads\/2026\/02\/61bn-4EqGPL._AC_SL1000_.jpg","contentUrl":"https:\/\/easyliferobo.com\/de\/wp-content\/uploads\/2026\/02\/61bn-4EqGPL._AC_SL1000_.jpg","width":985,"height":984},{"@type":"BreadcrumbList","@id":"https:\/\/easyliferobo.com\/de\/product\/roboterfisch-4-stueck-robofisch-elektrischer-fisch-mit-leuchtendem-elektronischem-haustierfisch-katzenspielzeug-elektrisches-schwimmendes-fischspielzeug-fuer-poolspielzeug-batteriebetrieben\/#breadcrumb","itemListElement":[{"@type":"ListItem","position":1,"name":"Home","item":"https:\/\/easyliferobo.com\/de\/"},{"@type":"ListItem","position":2,"name":"Shop","item":"https:\/\/easyliferobo.com\/de\/shop\/"},{"@type":"ListItem","position":3,"name":"Roboterfisch, 4 St\u00fcck, Robofisch, ..."}]},{"@type":"WebSite","@id":"https:\/\/easyliferobo.com\/de\/#website","url":"https:\/\/easyliferobo.com\/de\/","name":"EasyLifeBro","description":"Smarte Roboter f\u00fcr Zuhause, Garten &amp; Bildung","publisher":{"@id":"https:\/\/easyliferobo.com\/de\/#organization"},"potentialAction":[{"@type":"SearchAction","target":{"@type":"EntryPoint","urlTemplate":"https:\/\/easyliferobo.com\/de\/?s={search_term_string}"},"query-input":{"@type":"PropertyValueSpecification","valueRequired":true,"valueName":"search_term_string"}}],"inLanguage":"de"},{"@type":"Organization","@id":"https:\/\/easyliferobo.com\/de\/#organization","name":"EasyLifeBro","url":"https:\/\/easyliferobo.com\/de\/","logo":{"@type":"ImageObject","inLanguage":"de","@id":"https:\/\/easyliferobo.com\/de\/#\/schema\/logo\/image\/","url":"https:\/\/easyliferobo.com\/de\/wp-content\/uploads\/2026\/02\/Screenshot-2026-02-22-at-2.25.03-PM.png","contentUrl":"https:\/\/easyliferobo.com\/de\/wp-content\/uploads\/2026\/02\/Screenshot-2026-02-22-at-2.25.03-PM.png","width":1858,"height":430,"caption":"EasyLifeBro"},"image":{"@id":"https:\/\/easyliferobo.com\/de\/#\/schema\/logo\/image\/"}}]}},"_links":{"self":[{"href":"https:\/\/easyliferobo.com\/de\/wp-json\/wp\/v2\/product\/3549","targetHints":{"allow":["GET"]}}],"collection":[{"href":"https:\/\/easyliferobo.com\/de\/wp-json\/wp\/v2\/product"}],"about":[{"href":"https:\/\/easyliferobo.com\/de\/wp-json\/wp\/v2\/types\/product"}],"replies":[{"embeddable":true,"href":"https:\/\/easyliferobo.com\/de\/wp-json\/wp\/v2\/comments?post=3549"}],"wp:featuredmedia":[{"embeddable":true,"href":"https:\/\/easyliferobo.com\/de\/wp-json\/wp\/v2\/media\/3550"}],"wp:attachment":[{"href":"https:\/\/easyliferobo.com\/de\/wp-json\/wp\/v2\/media?parent=3549"}],"wp:term":[{"taxonomy":"store","embeddable":true,"href":"https:\/\/easyliferobo.com\/de\/wp-json\/wp\/v2\/store?post=3549"},{"taxonomy":"product_brand","embeddable":true,"href":"https:\/\/easyliferobo.com\/de\/wp-json\/wp\/v2\/product_brand?post=3549"},{"taxonomy":"product_cat","embeddable":true,"href":"https:\/\/easyliferobo.com\/de\/wp-json\/wp\/v2\/product_cat?post=3549"},{"taxonomy":"product_tag","embeddable":true,"href":"https:\/\/easyliferobo.com\/de\/wp-json\/wp\/v2\/product_tag?post=3549"}],"curies":[{"name":"wp","href":"https:\/\/api.w.org\/{rel}","templated":true}]}}