
{"id":3545,"date":"2026-02-27T07:15:19","date_gmt":"2026-02-27T07:15:19","guid":{"rendered":"https:\/\/easyliferobo.com\/de\/product\/2wd-robot-smart-car-education-starter-kit-diy-elektronik\/"},"modified":"2026-02-27T07:15:24","modified_gmt":"2026-02-27T07:15:24","slug":"2wd-robot-smart-car-education-starter-kit-diy-elektronik","status":"publish","type":"product","link":"https:\/\/easyliferobo.com\/de\/product\/2wd-robot-smart-car-education-starter-kit-diy-elektronik\/","title":{"rendered":"2WD Robot Smart Car Education Start..."},"content":{"rendered":"<p>\n                                             Produktbeschreibung   <\/p>\n<p>                                                         <img decoding=\"async\" alt=\"Yourdroid-Logo\" src=\"https:\/\/images-na.ssl-images-amazon.com\/images\/G\/01\/x-locale\/common\/grey-pixel.gif\" class=\"a-lazy-loaded\" data-src=\"https:\/\/m.media-amazon.com\/images\/S\/aplus-media-library-service-media\/017bfbdc-a88c-49b2-9739-910417f02058.__CR0,0,600,180_PT0_SX600_V1___.jpg\"><img decoding=\"async\" alt=\"Yourdroid-Logo\" src=\"https:\/\/m.media-amazon.com\/images\/S\/aplus-media-library-service-media\/017bfbdc-a88c-49b2-9739-910417f02058.__CR0,0,600,180_PT0_SX600_V1___.jpg\">      <\/p>\n<p>                                                  <img decoding=\"async\" alt=\"2WD-Roboter-Smart-Car\" src=\"https:\/\/images-na.ssl-images-amazon.com\/images\/G\/01\/x-locale\/common\/grey-pixel.gif\" class=\"a-lazy-loaded\" data-src=\"https:\/\/m.media-amazon.com\/images\/S\/aplus-media-library-service-media\/c29926ef-bc42-4b29-b21f-35bf4c3b1297.__CR0,15,970,300_PT0_SX970_V1___.jpg\"><img decoding=\"async\" alt=\"2WD-Roboter-Smart-Car\" src=\"https:\/\/m.media-amazon.com\/images\/S\/aplus-media-library-service-media\/c29926ef-bc42-4b29-b21f-35bf4c3b1297.__CR0,15,970,300_PT0_SX970_V1___.jpg\">  <\/p>\n<h3>  2WD-Roboter-Smart-Car-Arduino-Kit <\/h3>\n<p>  Die einzelnen Komponenten wie R\u00e4der, Fahrwerk, Motoren, Motortreiber, Sensoren und ein Arduino als Steuereinheit sind gut aufeinander abgestimmt und lassen sich einfach \u00fcber die Arduino IDE programmieren. <\/p>\n<p>                                                      <img decoding=\"async\" alt=\"2WD Smart Car\" src=\"https:\/\/images-na.ssl-images-amazon.com\/images\/G\/01\/x-locale\/common\/grey-pixel.gif\" class=\"a-spacing-mini a-lazy-loaded\" data-src=\"https:\/\/m.media-amazon.com\/images\/S\/aplus-media-library-service-media\/9388a07c-4520-4e09-9093-63a287dbcf9b.__CR0,0,300,300_PT0_SX300_V1___.jpg\"><img decoding=\"async\" alt=\"2WD Smart Car\" src=\"https:\/\/m.media-amazon.com\/images\/S\/aplus-media-library-service-media\/9388a07c-4520-4e09-9093-63a287dbcf9b.__CR0,0,300,300_PT0_SX300_V1___.jpg\">  <\/p>\n<h3 class=\"a-spacing-mini\">  Roboterbausatz f\u00fcr ein intelligentes Auto <\/h3>\n<p>                                           Arduino-gesteuert                                     <\/p>\n<p class=\"a-spacing-base\"> Die einzelnen Komponenten wie R\u00e4der, Fahrwerk, Motoren, Motortreiber, Sensoren und ein Arduino als Steuereinheit sind gut aufeinander abgestimmt und lassen sich einfach \u00fcber die Arduino IDE programmieren. <\/p>\n<p class=\"a-spacing-base\">  Das Roboterset ist mit einem Ultraschall-Abstandssensor ausgestattet, um Hindernissen auszuweichen und bietet eine erweiterbare Basis f\u00fcr ein Bluetooth-gesteuertes Auto oder einen Linienverfolgungsroboter. <\/p>\n<p class=\"a-spacing-base\">  Das Kit richtet sich an Heimwerker, die keine Angst davor haben, ihrer Fantasie freien Lauf zu lassen. Aus diesem Grund verzichten wir auf eine ausf\u00fchrliche Anleitung, da diese Basis den Aufbau unterschiedlicher Roboter erm\u00f6glicht und der Kreativit\u00e4t keine Grenzen gesetzt werden sollen. <\/p>\n<p class=\"a-spacing-base\">  Wenn Sie einfach loslegen m\u00f6chten, anstatt zu basteln, finden Sie z. B. Anleitungen zum Bau eines intelligenten 2WD-Autos, eines Hindernisvermeiders oder eines Linefollower-Roboters aus diesem Bausatz. <\/p>\n<p>                                           Empfohlenes Werkzeug                                     <\/p>\n<p class=\"a-spacing-base\"> Kleiner Kreuzschlitzschraubendreher, Seitenschneider, Hei\u00dfklebepistole, L\u00f6tkolben <\/p>\n<p class=\"a-spacing-base\">  Mit deutscher Anleitung. <\/p>\n<p>                                                         Im Lieferumfang enthaltene Teile: UNO R3-Board, 2 R\u00e4der mit Reifen, 2 Getriebemotoren und Servomotor, Acryl-Chassis, Servomotor und Motortreiber, Ultraschallsensor mit Halterung, USB-Kabel und Batteriehalter, verschiedene Schrauben und Muttern zur Montage       <\/p>\n<h3 class=\"a-spacing-small\"> Alles inklusive <\/h3>\n<p class=\"apm-text-center\">\n                                                      <img decoding=\"async\" alt=\"St\u00fcckliste\" src=\"https:\/\/images-na.ssl-images-amazon.com\/images\/G\/01\/x-locale\/common\/grey-pixel.gif\" class=\"a-spacing-mini a-lazy-loaded\" data-src=\"https:\/\/m.media-amazon.com\/images\/S\/aplus-media-library-service-media\/3de63795-213e-495f-94a1-676d24cc1806.__CR0,0,300,300_PT0_SX300_V1___.jpg\"><img decoding=\"async\" alt=\"St\u00fcckliste\" src=\"https:\/\/m.media-amazon.com\/images\/S\/aplus-media-library-service-media\/3de63795-213e-495f-94a1-676d24cc1806.__CR0,0,300,300_PT0_SX300_V1___.jpg\">  <\/p>\n<p>                                                    Vielseitiges Set                                       <\/p>\n<p> Enth\u00e4lt alle notwendigen Komponenten wie Fahrwerk, Motoren, R\u00e4der, Uno-Board und Sensoren f\u00fcr ein komplettes Roboterauto. <\/p>\n<p class=\"apm-text-center\">\n                                                      <img decoding=\"async\" alt=\"Kit Weihnachten R3 ATMega328P CH340Gachtsbaum, L\u00f6ten\" src=\"https:\/\/images-na.ssl-images-amazon.com\/images\/G\/01\/x-locale\/common\/grey-pixel.gif\" class=\"a-spacing-mini a-lazy-loaded\" data-src=\"https:\/\/m.media-amazon.com\/images\/S\/aplus-media-library-service-media\/2f54f077-b23e-4a8d-a2ce-0cf8087ce369.__CR0,0,300,300_PT0_SX300_V1___.jpg\"><img decoding=\"async\" alt=\"Kit Weihnachten R3 ATMega328P CH340Gachtsbaum, L\u00f6ten\" src=\"https:\/\/m.media-amazon.com\/images\/S\/aplus-media-library-service-media\/2f54f077-b23e-4a8d-a2ce-0cf8087ce369.__CR0,0,300,300_PT0_SX300_V1___.jpg\">  <\/p>\n<p>                                                    Robustes Design                                       <\/p>\n<p> Hochwertige Materialien und klare Anweisungen sorgen f\u00fcr ein langlebiges Roboterauto f\u00fcr zahlreiche Experimente und Anwendungen. <\/p>\n<p class=\"apm-text-center\">\n                                                      <img decoding=\"async\" alt=\"Ultraschallsensor\" src=\"https:\/\/images-na.ssl-images-amazon.com\/images\/G\/01\/x-locale\/common\/grey-pixel.gif\" class=\"a-spacing-mini a-lazy-loaded\" data-src=\"https:\/\/m.media-amazon.com\/images\/S\/aplus-media-library-service-media\/580d1979-271f-4b55-b6ab-69f65de4c2cf.__CR0,0,300,300_PT0_SX300_V1___.jpg\"><img decoding=\"async\" alt=\"Ultraschallsensor\" src=\"https:\/\/m.media-amazon.com\/images\/S\/aplus-media-library-service-media\/580d1979-271f-4b55-b6ab-69f65de4c2cf.__CR0,0,300,300_PT0_SX300_V1___.jpg\">  <\/p>\n<p>                                                    Spa\u00df und Bildung vereint                                       <\/p>\n<p> F\u00f6rdert Kreativit\u00e4t, logisches Denken und technisches Verst\u00e4ndnis \u2013 perfekt f\u00fcr junge T\u00fcftler und Technikbegeisterte. <\/p>\n<p>                                                                             <img decoding=\"async\" alt=\"2 WD Smart Auto\" src=\"https:\/\/images-na.ssl-images-amazon.com\/images\/G\/01\/x-locale\/common\/grey-pixel.gif\" class=\"a-spacing-base a-lazy-loaded\" data-src=\"https:\/\/m.media-amazon.com\/images\/S\/aplus-media-library-service-media\/5777601b-da19-4f39-ae1c-f6b6150978c2.__CR0,0,970,600_PT0_SX970_V1___.jpg\"><img decoding=\"async\" alt=\"2 WD Smart Auto\" src=\"https:\/\/m.media-amazon.com\/images\/S\/aplus-media-library-service-media\/5777601b-da19-4f39-ae1c-f6b6150978c2.__CR0,0,970,600_PT0_SX970_V1___.jpg\">                                         <\/p>\n<h3 class=\"a-spacing-mini\">  Schritt f\u00fcr Schritt <\/h3>\n<p class=\"a-spacing-base\">  F\u00fcr das Arduino-kompatible Board ben\u00f6tigen Sie den CH340G-Chiptreiber <\/p>\n<p class=\"a-spacing-base\">  Nach diesen einfachen Schritten kann das Board normal verwendet werden: <\/p>\n<p class=\"a-spacing-base\">  Entfernen Sie das Ausrufezeichen Ger\u00e4t im Ger\u00e4temanager. Installieren Sie den Treiber: Treiber-Download f\u00fcr den verwendeten CH340-Chip. Schlie\u00dfen Sie das Ger\u00e4t erneut an. Anschlie\u00dfend muss es korrekt erkannt und unter Ports als \u201eUSB Serial CH340\u201c angezeigt werden. Dann k\u00f6nnen Sie das Ger\u00e4t unter der Arduino IDE verwenden <\/p>\n<h3 class=\"a-size-extra-large a-spacing-base a-text-center\">  Technische Details: <\/h3>\n<p>                                                        Produkttyp: Elektronikbausatz, Text, Text, Text, Text, Text                     <\/p>\n<p>LERNFREUNDLICHES STEM-PROJEKT Ideal f\u00fcr Anf\u00e4nger und Fortgeschrittene, um Mikrocontroller-Programmierung, Robotik und Elektronik praktisch zu erlernen.<br \/>Vielseitiger Bausatz: Enth\u00e4lt alle notwendigen Komponenten wie Fahrwerk, Motoren, R\u00e4der, UNO-Board und Sensoren f\u00fcr ein komplettes Roboterauto.<br \/>ERWEITERBARE PLATTFORM Leicht erweiterbar mit zus\u00e4tzlichen Sensoren oder Modulen f\u00fcr unbegrenzte Projektm\u00f6glichkeiten und kontinuierliches Lernen.<br \/>LANGLEBIGES DESIGN Hochwertige Materialien und klare Anweisungen sorgen f\u00fcr ein langlebiges Roboterauto f\u00fcr zahlreiche Experimente und Anwendungen.<br \/>Spa\u00df und Bildung vereint: F\u00f6rdert Kreativit\u00e4t, logisches Denken und technisches Verst\u00e4ndnis \u2013 perfekt f\u00fcr junge T\u00fcftler und Technikbegeisterte.<\/p>\n<p>[ad_2]<\/p>\n","protected":false},"excerpt":{"rendered":"<p>Produktbeschreibung 2WD-Roboter-Smart-Car-Arduino-Kit Die einzelnen Komponenten wie R\u00e4der, Fahrwerk, Motoren, Motortreiber, Sensoren und ein Arduino als Steuereinheit sind gut aufeinander abgestimmt und lassen sich einfach \u00fcber die Arduino IDE programmieren. Roboterbausatz f\u00fcr ein intelligentes Auto Arduino-gesteuert Die einzelnen Komponenten wie R\u00e4der, Fahrwerk, Motoren, Motortreiber, Sensoren und ein Arduino als Steuereinheit sind gut aufeinander abgestimmt und lassen [&hellip;]<\/p>\n","protected":false},"featured_media":3546,"comment_status":"open","ping_status":"closed","template":"","meta":{"_aipt_faq_data":""},"store":[],"product_brand":[],"product_cat":[95],"product_tag":[327],"class_list":{"0":"post-3545","1":"product","2":"type-product","3":"status-publish","4":"has-post-thumbnail","6":"product_cat-sprachgesteuerte-roboter","7":"product_tag-sprachgesteuerte-roboter-diy-bausatz","9":"first","10":"instock","11":"shipping-taxable","12":"product-type-external"},"yoast_head":"<!-- This site is optimized with the Yoast SEO plugin v27.4 - https:\/\/yoast.com\/product\/yoast-seo-wordpress\/ -->\n<title>2WD Robot Smart Car Education Starter Kit DIY Elektronik - EasyLifeBro<\/title>\n<meta name=\"description\" content=\"Entdecken Sie smarte Roboter f\u00fcr Zuhause, Garten, Bildung und Sicherheit. Vergleichen Sie Saugroboter, Rasenm\u00e4hroboter, KI-Begleitroboter und mehr bei EasyLifeRobo.\" \/>\n<meta name=\"robots\" content=\"index, follow, max-snippet:-1, max-image-preview:large, max-video-preview:-1\" \/>\n<link rel=\"canonical\" href=\"https:\/\/easyliferobo.com\/de\/product\/2wd-robot-smart-car-education-starter-kit-diy-elektronik\/\" \/>\n<meta property=\"og:locale\" content=\"de_DE\" \/>\n<meta property=\"og:type\" content=\"article\" \/>\n<meta property=\"og:title\" content=\"2WD Robot Smart Car Education Starter Kit DIY Elektronik - EasyLifeBro\" \/>\n<meta property=\"og:description\" content=\"Entdecken Sie smarte Roboter f\u00fcr Zuhause, Garten, Bildung und Sicherheit. Vergleichen Sie Saugroboter, Rasenm\u00e4hroboter, KI-Begleitroboter und mehr bei EasyLifeRobo.\" \/>\n<meta property=\"og:url\" content=\"https:\/\/easyliferobo.com\/de\/product\/2wd-robot-smart-car-education-starter-kit-diy-elektronik\/\" \/>\n<meta property=\"og:site_name\" content=\"EasyLifeBro\" \/>\n<meta property=\"article:modified_time\" content=\"2026-02-27T07:15:24+00:00\" \/>\n<meta property=\"og:image\" content=\"https:\/\/images-na.ssl-images-amazon.com\/images\/G\/01\/x-locale\/common\/grey-pixel.gif\" \/>\n<meta name=\"twitter:card\" content=\"summary_large_image\" \/>\n<meta name=\"twitter:label1\" content=\"Gesch\u00e4tzte Lesezeit\" \/>\n\t<meta name=\"twitter:data1\" content=\"2\u00a0Minuten\" \/>\n<script type=\"application\/ld+json\" class=\"yoast-schema-graph\">{\"@context\":\"https:\\\/\\\/schema.org\",\"@graph\":[{\"@type\":\"WebPage\",\"@id\":\"https:\\\/\\\/easyliferobo.com\\\/de\\\/product\\\/2wd-robot-smart-car-education-starter-kit-diy-elektronik\\\/\",\"url\":\"https:\\\/\\\/easyliferobo.com\\\/de\\\/product\\\/2wd-robot-smart-car-education-starter-kit-diy-elektronik\\\/\",\"name\":\"2WD Robot Smart Car Education Starter Kit DIY Elektronik - EasyLifeBro\",\"isPartOf\":{\"@id\":\"https:\\\/\\\/easyliferobo.com\\\/de\\\/#website\"},\"primaryImageOfPage\":{\"@id\":\"https:\\\/\\\/easyliferobo.com\\\/de\\\/product\\\/2wd-robot-smart-car-education-starter-kit-diy-elektronik\\\/#primaryimage\"},\"image\":{\"@id\":\"https:\\\/\\\/easyliferobo.com\\\/de\\\/product\\\/2wd-robot-smart-car-education-starter-kit-diy-elektronik\\\/#primaryimage\"},\"thumbnailUrl\":\"https:\\\/\\\/easyliferobo.com\\\/de\\\/wp-content\\\/uploads\\\/2026\\\/02\\\/61l9YdmDvL._AC_SL1000_.jpg\",\"datePublished\":\"2026-02-27T07:15:19+00:00\",\"dateModified\":\"2026-02-27T07:15:24+00:00\",\"description\":\"Entdecken Sie smarte Roboter f\u00fcr Zuhause, Garten, Bildung und Sicherheit. Vergleichen Sie Saugroboter, Rasenm\u00e4hroboter, KI-Begleitroboter und mehr bei EasyLifeRobo.\",\"breadcrumb\":{\"@id\":\"https:\\\/\\\/easyliferobo.com\\\/de\\\/product\\\/2wd-robot-smart-car-education-starter-kit-diy-elektronik\\\/#breadcrumb\"},\"inLanguage\":\"de\",\"potentialAction\":[{\"@type\":\"ReadAction\",\"target\":[\"https:\\\/\\\/easyliferobo.com\\\/de\\\/product\\\/2wd-robot-smart-car-education-starter-kit-diy-elektronik\\\/\"]}]},{\"@type\":\"ImageObject\",\"inLanguage\":\"de\",\"@id\":\"https:\\\/\\\/easyliferobo.com\\\/de\\\/product\\\/2wd-robot-smart-car-education-starter-kit-diy-elektronik\\\/#primaryimage\",\"url\":\"https:\\\/\\\/easyliferobo.com\\\/de\\\/wp-content\\\/uploads\\\/2026\\\/02\\\/61l9YdmDvL._AC_SL1000_.jpg\",\"contentUrl\":\"https:\\\/\\\/easyliferobo.com\\\/de\\\/wp-content\\\/uploads\\\/2026\\\/02\\\/61l9YdmDvL._AC_SL1000_.jpg\",\"width\":976,\"height\":700},{\"@type\":\"BreadcrumbList\",\"@id\":\"https:\\\/\\\/easyliferobo.com\\\/de\\\/product\\\/2wd-robot-smart-car-education-starter-kit-diy-elektronik\\\/#breadcrumb\",\"itemListElement\":[{\"@type\":\"ListItem\",\"position\":1,\"name\":\"Home\",\"item\":\"https:\\\/\\\/easyliferobo.com\\\/de\\\/\"},{\"@type\":\"ListItem\",\"position\":2,\"name\":\"Shop\",\"item\":\"https:\\\/\\\/easyliferobo.com\\\/de\\\/shop\\\/\"},{\"@type\":\"ListItem\",\"position\":3,\"name\":\"2WD Robot Smart Car Education Start...\"}]},{\"@type\":\"WebSite\",\"@id\":\"https:\\\/\\\/easyliferobo.com\\\/de\\\/#website\",\"url\":\"https:\\\/\\\/easyliferobo.com\\\/de\\\/\",\"name\":\"EasyLifeBro\",\"description\":\"Smarte Roboter f\u00fcr Zuhause, Garten &amp; Bildung\",\"publisher\":{\"@id\":\"https:\\\/\\\/easyliferobo.com\\\/de\\\/#organization\"},\"potentialAction\":[{\"@type\":\"SearchAction\",\"target\":{\"@type\":\"EntryPoint\",\"urlTemplate\":\"https:\\\/\\\/easyliferobo.com\\\/de\\\/?s={search_term_string}\"},\"query-input\":{\"@type\":\"PropertyValueSpecification\",\"valueRequired\":true,\"valueName\":\"search_term_string\"}}],\"inLanguage\":\"de\"},{\"@type\":\"Organization\",\"@id\":\"https:\\\/\\\/easyliferobo.com\\\/de\\\/#organization\",\"name\":\"EasyLifeBro\",\"url\":\"https:\\\/\\\/easyliferobo.com\\\/de\\\/\",\"logo\":{\"@type\":\"ImageObject\",\"inLanguage\":\"de\",\"@id\":\"https:\\\/\\\/easyliferobo.com\\\/de\\\/#\\\/schema\\\/logo\\\/image\\\/\",\"url\":\"https:\\\/\\\/easyliferobo.com\\\/de\\\/wp-content\\\/uploads\\\/2026\\\/02\\\/Screenshot-2026-02-22-at-2.25.03-PM.png\",\"contentUrl\":\"https:\\\/\\\/easyliferobo.com\\\/de\\\/wp-content\\\/uploads\\\/2026\\\/02\\\/Screenshot-2026-02-22-at-2.25.03-PM.png\",\"width\":1858,\"height\":430,\"caption\":\"EasyLifeBro\"},\"image\":{\"@id\":\"https:\\\/\\\/easyliferobo.com\\\/de\\\/#\\\/schema\\\/logo\\\/image\\\/\"}}]}<\/script>\n<!-- \/ Yoast SEO plugin. -->","yoast_head_json":{"title":"2WD Robot Smart Car Education Starter Kit DIY Elektronik - EasyLifeBro","description":"Entdecken Sie smarte Roboter f\u00fcr Zuhause, Garten, Bildung und Sicherheit. Vergleichen Sie Saugroboter, Rasenm\u00e4hroboter, KI-Begleitroboter und mehr bei EasyLifeRobo.","robots":{"index":"index","follow":"follow","max-snippet":"max-snippet:-1","max-image-preview":"max-image-preview:large","max-video-preview":"max-video-preview:-1"},"canonical":"https:\/\/easyliferobo.com\/de\/product\/2wd-robot-smart-car-education-starter-kit-diy-elektronik\/","og_locale":"de_DE","og_type":"article","og_title":"2WD Robot Smart Car Education Starter Kit DIY Elektronik - EasyLifeBro","og_description":"Entdecken Sie smarte Roboter f\u00fcr Zuhause, Garten, Bildung und Sicherheit. Vergleichen Sie Saugroboter, Rasenm\u00e4hroboter, KI-Begleitroboter und mehr bei EasyLifeRobo.","og_url":"https:\/\/easyliferobo.com\/de\/product\/2wd-robot-smart-car-education-starter-kit-diy-elektronik\/","og_site_name":"EasyLifeBro","article_modified_time":"2026-02-27T07:15:24+00:00","og_image":[{"url":"https:\/\/images-na.ssl-images-amazon.com\/images\/G\/01\/x-locale\/common\/grey-pixel.gif","type":"","width":"","height":""}],"twitter_card":"summary_large_image","twitter_misc":{"Gesch\u00e4tzte Lesezeit":"2\u00a0Minuten"},"schema":{"@context":"https:\/\/schema.org","@graph":[{"@type":"WebPage","@id":"https:\/\/easyliferobo.com\/de\/product\/2wd-robot-smart-car-education-starter-kit-diy-elektronik\/","url":"https:\/\/easyliferobo.com\/de\/product\/2wd-robot-smart-car-education-starter-kit-diy-elektronik\/","name":"2WD Robot Smart Car Education Starter Kit DIY Elektronik - EasyLifeBro","isPartOf":{"@id":"https:\/\/easyliferobo.com\/de\/#website"},"primaryImageOfPage":{"@id":"https:\/\/easyliferobo.com\/de\/product\/2wd-robot-smart-car-education-starter-kit-diy-elektronik\/#primaryimage"},"image":{"@id":"https:\/\/easyliferobo.com\/de\/product\/2wd-robot-smart-car-education-starter-kit-diy-elektronik\/#primaryimage"},"thumbnailUrl":"https:\/\/easyliferobo.com\/de\/wp-content\/uploads\/2026\/02\/61l9YdmDvL._AC_SL1000_.jpg","datePublished":"2026-02-27T07:15:19+00:00","dateModified":"2026-02-27T07:15:24+00:00","description":"Entdecken Sie smarte Roboter f\u00fcr Zuhause, Garten, Bildung und Sicherheit. Vergleichen Sie Saugroboter, Rasenm\u00e4hroboter, KI-Begleitroboter und mehr bei EasyLifeRobo.","breadcrumb":{"@id":"https:\/\/easyliferobo.com\/de\/product\/2wd-robot-smart-car-education-starter-kit-diy-elektronik\/#breadcrumb"},"inLanguage":"de","potentialAction":[{"@type":"ReadAction","target":["https:\/\/easyliferobo.com\/de\/product\/2wd-robot-smart-car-education-starter-kit-diy-elektronik\/"]}]},{"@type":"ImageObject","inLanguage":"de","@id":"https:\/\/easyliferobo.com\/de\/product\/2wd-robot-smart-car-education-starter-kit-diy-elektronik\/#primaryimage","url":"https:\/\/easyliferobo.com\/de\/wp-content\/uploads\/2026\/02\/61l9YdmDvL._AC_SL1000_.jpg","contentUrl":"https:\/\/easyliferobo.com\/de\/wp-content\/uploads\/2026\/02\/61l9YdmDvL._AC_SL1000_.jpg","width":976,"height":700},{"@type":"BreadcrumbList","@id":"https:\/\/easyliferobo.com\/de\/product\/2wd-robot-smart-car-education-starter-kit-diy-elektronik\/#breadcrumb","itemListElement":[{"@type":"ListItem","position":1,"name":"Home","item":"https:\/\/easyliferobo.com\/de\/"},{"@type":"ListItem","position":2,"name":"Shop","item":"https:\/\/easyliferobo.com\/de\/shop\/"},{"@type":"ListItem","position":3,"name":"2WD Robot Smart Car Education Start..."}]},{"@type":"WebSite","@id":"https:\/\/easyliferobo.com\/de\/#website","url":"https:\/\/easyliferobo.com\/de\/","name":"EasyLifeBro","description":"Smarte Roboter f\u00fcr Zuhause, Garten &amp; Bildung","publisher":{"@id":"https:\/\/easyliferobo.com\/de\/#organization"},"potentialAction":[{"@type":"SearchAction","target":{"@type":"EntryPoint","urlTemplate":"https:\/\/easyliferobo.com\/de\/?s={search_term_string}"},"query-input":{"@type":"PropertyValueSpecification","valueRequired":true,"valueName":"search_term_string"}}],"inLanguage":"de"},{"@type":"Organization","@id":"https:\/\/easyliferobo.com\/de\/#organization","name":"EasyLifeBro","url":"https:\/\/easyliferobo.com\/de\/","logo":{"@type":"ImageObject","inLanguage":"de","@id":"https:\/\/easyliferobo.com\/de\/#\/schema\/logo\/image\/","url":"https:\/\/easyliferobo.com\/de\/wp-content\/uploads\/2026\/02\/Screenshot-2026-02-22-at-2.25.03-PM.png","contentUrl":"https:\/\/easyliferobo.com\/de\/wp-content\/uploads\/2026\/02\/Screenshot-2026-02-22-at-2.25.03-PM.png","width":1858,"height":430,"caption":"EasyLifeBro"},"image":{"@id":"https:\/\/easyliferobo.com\/de\/#\/schema\/logo\/image\/"}}]}},"_links":{"self":[{"href":"https:\/\/easyliferobo.com\/de\/wp-json\/wp\/v2\/product\/3545","targetHints":{"allow":["GET"]}}],"collection":[{"href":"https:\/\/easyliferobo.com\/de\/wp-json\/wp\/v2\/product"}],"about":[{"href":"https:\/\/easyliferobo.com\/de\/wp-json\/wp\/v2\/types\/product"}],"replies":[{"embeddable":true,"href":"https:\/\/easyliferobo.com\/de\/wp-json\/wp\/v2\/comments?post=3545"}],"wp:featuredmedia":[{"embeddable":true,"href":"https:\/\/easyliferobo.com\/de\/wp-json\/wp\/v2\/media\/3546"}],"wp:attachment":[{"href":"https:\/\/easyliferobo.com\/de\/wp-json\/wp\/v2\/media?parent=3545"}],"wp:term":[{"taxonomy":"store","embeddable":true,"href":"https:\/\/easyliferobo.com\/de\/wp-json\/wp\/v2\/store?post=3545"},{"taxonomy":"product_brand","embeddable":true,"href":"https:\/\/easyliferobo.com\/de\/wp-json\/wp\/v2\/product_brand?post=3545"},{"taxonomy":"product_cat","embeddable":true,"href":"https:\/\/easyliferobo.com\/de\/wp-json\/wp\/v2\/product_cat?post=3545"},{"taxonomy":"product_tag","embeddable":true,"href":"https:\/\/easyliferobo.com\/de\/wp-json\/wp\/v2\/product_tag?post=3545"}],"curies":[{"name":"wp","href":"https:\/\/api.w.org\/{rel}","templated":true}]}}