
{"id":354,"date":"2026-02-22T09:30:43","date_gmt":"2026-02-22T09:30:43","guid":{"rendered":"https:\/\/easyliferobo.com\/de\/product\/worx-wa0953-landroid-all-terrain-raeder-fuer-weichen-boden-und-feuchten-rasen\/"},"modified":"2026-02-22T09:30:52","modified_gmt":"2026-02-22T09:30:52","slug":"worx-wa0953-landroid-all-terrain-raeder-fuer-weichen-boden-und-feuchten-rasen","status":"publish","type":"product","link":"https:\/\/easyliferobo.com\/de\/product\/worx-wa0953-landroid-all-terrain-raeder-fuer-weichen-boden-und-feuchten-rasen\/","title":{"rendered":"Worx WA0953 Landroid All-Terrain-R?..."},"content":{"rendered":"<p>\n                                             Vom Hersteller   <\/p>\n<p>                                                  <img decoding=\"async\" alt=\"Pattex Repair Extreme \" src=\"https:\/\/images-na.ssl-images-amazon.com\/images\/G\/01\/x-locale\/common\/grey-pixel.gif\" class=\"a-lazy-loaded\" data-src=\"https:\/\/m.media-amazon.com\/images\/S\/aplus-media\/sota\/84bd00b3-0cd8-4131-98db-47e8296644ce.__CR0,0,300,300_PT0_SX300_V1___.jpg\"><img decoding=\"async\" alt=\"Pattex Repair Extreme \" src=\"https:\/\/m.media-amazon.com\/images\/S\/aplus-media\/sota\/84bd00b3-0cd8-4131-98db-47e8296644ce.__CR0,0,300,300_PT0_SX300_V1___.jpg\">  <\/p>\n<h3 class=\"a-spacing-mini\">  Worx WA0953 Landroid-R\u00e4der All-Terrain \u2013 f\u00fcr weichen Untergrund und feuchten Rasen <\/h3>\n<p>  Die Worx Landroid All-Terrain-R\u00e4der helfen beim Rasenm\u00e4hen auf weichem Untergrund oder feuchtem Gras, begeistern mit verbesserten Fahreigenschaften und optimieren den Grip auf dem Rasen \u2013 damit der Rasen auch in schwierigem Gel\u00e4nde stets gepflegt bleibt. <\/p>\n<p>                                                         <img decoding=\"async\" alt=\"A\" src=\"https:\/\/images-na.ssl-images-amazon.com\/images\/G\/01\/x-locale\/common\/grey-pixel.gif\" class=\"a-lazy-loaded\" data-src=\"https:\/\/m.media-amazon.com\/images\/S\/aplus-media\/sota\/337ba0e3-3f3b-4090-bad8-20a1bd9e2f4c.__CR0,0,600,180_PT0_SX600_V1___.jpg\"><img decoding=\"async\" alt=\"A\" src=\"https:\/\/m.media-amazon.com\/images\/S\/aplus-media\/sota\/337ba0e3-3f3b-4090-bad8-20a1bd9e2f4c.__CR0,0,600,180_PT0_SX600_V1___.jpg\">      <\/p>\n<p>                                                                             <img decoding=\"async\" alt=\"A\" src=\"https:\/\/images-na.ssl-images-amazon.com\/images\/G\/01\/x-locale\/common\/grey-pixel.gif\" class=\"a-spacing-base a-lazy-loaded\" data-src=\"https:\/\/m.media-amazon.com\/images\/S\/aplus-media\/sota\/c59b7a0b-6762-496d-87ab-1c93d7e3522d.__CR0,0,970,600_PT0_SX970_V1___.jpg\"><img decoding=\"async\" alt=\"A\" src=\"https:\/\/m.media-amazon.com\/images\/S\/aplus-media\/sota\/c59b7a0b-6762-496d-87ab-1c93d7e3522d.__CR0,0,970,600_PT0_SX970_V1___.jpg\">                                                                       <\/p>\n<p>                                                                             <img decoding=\"async\" alt=\"A\" src=\"https:\/\/images-na.ssl-images-amazon.com\/images\/G\/01\/x-locale\/common\/grey-pixel.gif\" class=\"a-spacing-base a-lazy-loaded\" data-src=\"https:\/\/m.media-amazon.com\/images\/S\/aplus-media\/sota\/0eff9016-d776-456f-b9d1-96d5a0bf6539.__CR0,0,970,600_PT0_SX970_V1___.jpg\"><img decoding=\"async\" alt=\"A\" src=\"https:\/\/m.media-amazon.com\/images\/S\/aplus-media\/sota\/0eff9016-d776-456f-b9d1-96d5a0bf6539.__CR0,0,970,600_PT0_SX970_V1___.jpg\">                                                                    <\/p>\n<p>                                                                             <img decoding=\"async\" alt=\"A\" src=\"https:\/\/images-na.ssl-images-amazon.com\/images\/G\/01\/x-locale\/common\/grey-pixel.gif\" class=\"a-spacing-base a-lazy-loaded\" data-src=\"https:\/\/m.media-amazon.com\/images\/S\/aplus-media\/sota\/6e0a7fc4-497f-4891-9126-b2e3795115cf.__CR0,0,970,600_PT0_SX970_V1___.jpg\"><img decoding=\"async\" alt=\"A\" src=\"https:\/\/m.media-amazon.com\/images\/S\/aplus-media\/sota\/6e0a7fc4-497f-4891-9126-b2e3795115cf.__CR0,0,970,600_PT0_SX970_V1___.jpg\">                                         <\/p>\n<h3 class=\"a-spacing-mini\">  Worx \u2013 eine Marke der Positec-Gruppe <\/h3>\n<p class=\"a-spacing-base\">  Positec steht f\u00fcr \u201ePositive Technology\u201c \u2013 und der Name ist Programm: Innovative L\u00f6sungen, die originelle Ideen herausfordern und sowohl Profis, Heimwerkern als auch begeisterten G\u00e4rtnern einen echten Mehrwert bei der Umsetzung ihrer Projekte bringen \u2013 und das international! Ob bei Ihren Gartenger\u00e4ten, Elektrowerkzeugen oder M\u00e4h- und Rasenrobotern, POSITEC setzt bei allen Produkten auf Nachhaltigkeit, Innovation und Kundenorientierung und hilft dabei, Projekte schneller und intelligenter abzuwickeln und zu arbeiten. <\/p>\n<p>Auf jedem Untergrund unterwegs: Die Worx-All-Terrain-R\u00e4der verbessern den Grip auf dem Rasen, insbesondere wenn der Boden durchn\u00e4sst oder das Gras noch nass ist<br \/>Selbst Steigungen von bis zu 22\u00b0 bzw. 40 Prozent bew\u00e4ltigen die R\u00e4der im Handumdrehen \u2013 f\u00fcr eine effiziente Rasenpflege<br \/>Einfache Montage: L\u00f6sen Sie die Radkappen und Schrauben der alten R\u00e4der und nehmen Sie die R\u00e4der ab. Schrauben der neuen R\u00e4der festziehen und Nabendeckel aufstecken \u2013 fertig!<br \/>Geeignet f\u00fcr Worx WR130E, WR141E, WR142E, WR143E, 165E und WR167E Landroid Roboterm\u00e4her<br \/>Lieferumfang: Worx WA0953 Landroid All-Terrain-R\u00e4der (2 R\u00e4der). Verbessert die Haftung auf dem Rasen und hilft, Steigungen von bis zu 20\u00b0 bzw. 40 % zu bew\u00e4ltigen<\/p>\n<p>[ad_2]<\/p>\n","protected":false},"excerpt":{"rendered":"<p>Vom Hersteller Worx WA0953 Landroid-R\u00e4der All-Terrain \u2013 f\u00fcr weichen Untergrund und feuchten Rasen Die Worx Landroid All-Terrain-R\u00e4der helfen beim Rasenm\u00e4hen auf weichem Untergrund oder feuchtem Gras, begeistern mit verbesserten Fahreigenschaften und optimieren den Grip auf dem Rasen \u2013 damit der Rasen auch in schwierigem Gel\u00e4nde stets gepflegt bleibt. Worx \u2013 eine Marke der Positec-Gruppe Positec [&hellip;]<\/p>\n","protected":false},"featured_media":355,"comment_status":"open","ping_status":"closed","template":"","meta":{"_aipt_faq_data":""},"store":[],"product_brand":[135],"product_cat":[84],"product_tag":[137],"class_list":{"0":"post-354","1":"product","2":"type-product","3":"status-publish","4":"has-post-thumbnail","6":"product_brand-worx","7":"product_cat-rasenroboter-fuer-grosse-flaechen","8":"product_tag-rasenroboter-fuer-grosse-flaechen-mit-gps","10":"first","11":"instock","12":"sale","13":"shipping-taxable","14":"product-type-external"},"yoast_head":"<!-- This site is optimized with the Yoast SEO plugin v27.4 - https:\/\/yoast.com\/product\/yoast-seo-wordpress\/ -->\n<title>Worx WA0953 Landroid All-Terrain-R\u00e4der \u2013 f\u00fcr weichen Boden und feuchten Rasen - EasyLifeBro<\/title>\n<meta name=\"description\" content=\"Entdecken Sie smarte Roboter f\u00fcr Zuhause, Garten, Bildung und Sicherheit. Vergleichen Sie Saugroboter, Rasenm\u00e4hroboter, KI-Begleitroboter und mehr bei EasyLifeRobo.\" \/>\n<meta name=\"robots\" content=\"index, follow, max-snippet:-1, max-image-preview:large, max-video-preview:-1\" \/>\n<link rel=\"canonical\" href=\"https:\/\/easyliferobo.com\/de\/product\/worx-wa0953-landroid-all-terrain-raeder-fuer-weichen-boden-und-feuchten-rasen\/\" \/>\n<meta property=\"og:locale\" content=\"de_DE\" \/>\n<meta property=\"og:type\" content=\"article\" \/>\n<meta property=\"og:title\" content=\"Worx WA0953 Landroid All-Terrain-R\u00e4der \u2013 f\u00fcr weichen Boden und feuchten Rasen - EasyLifeBro\" \/>\n<meta property=\"og:description\" content=\"Entdecken Sie smarte Roboter f\u00fcr Zuhause, Garten, Bildung und Sicherheit. Vergleichen Sie Saugroboter, Rasenm\u00e4hroboter, KI-Begleitroboter und mehr bei EasyLifeRobo.\" \/>\n<meta property=\"og:url\" content=\"https:\/\/easyliferobo.com\/de\/product\/worx-wa0953-landroid-all-terrain-raeder-fuer-weichen-boden-und-feuchten-rasen\/\" \/>\n<meta property=\"og:site_name\" content=\"EasyLifeBro\" \/>\n<meta property=\"article:modified_time\" content=\"2026-02-22T09:30:52+00:00\" \/>\n<meta property=\"og:image\" content=\"https:\/\/easyliferobo.com\/de\/wp-content\/uploads\/2026\/02\/818KxgTazwL._AC_SL1500_.jpg\" \/>\n\t<meta property=\"og:image:width\" content=\"1456\" \/>\n\t<meta property=\"og:image:height\" content=\"1500\" \/>\n\t<meta property=\"og:image:type\" content=\"image\/jpeg\" \/>\n<meta name=\"twitter:card\" content=\"summary_large_image\" \/>\n<meta name=\"twitter:label1\" content=\"Gesch\u00e4tzte Lesezeit\" \/>\n\t<meta name=\"twitter:data1\" content=\"1\u00a0Minute\" \/>\n<script type=\"application\/ld+json\" class=\"yoast-schema-graph\">{\"@context\":\"https:\\\/\\\/schema.org\",\"@graph\":[{\"@type\":\"WebPage\",\"@id\":\"https:\\\/\\\/easyliferobo.com\\\/de\\\/product\\\/worx-wa0953-landroid-all-terrain-raeder-fuer-weichen-boden-und-feuchten-rasen\\\/\",\"url\":\"https:\\\/\\\/easyliferobo.com\\\/de\\\/product\\\/worx-wa0953-landroid-all-terrain-raeder-fuer-weichen-boden-und-feuchten-rasen\\\/\",\"name\":\"Worx WA0953 Landroid All-Terrain-R\u00e4der \u2013 f\u00fcr weichen Boden und feuchten Rasen - EasyLifeBro\",\"isPartOf\":{\"@id\":\"https:\\\/\\\/easyliferobo.com\\\/de\\\/#website\"},\"primaryImageOfPage\":{\"@id\":\"https:\\\/\\\/easyliferobo.com\\\/de\\\/product\\\/worx-wa0953-landroid-all-terrain-raeder-fuer-weichen-boden-und-feuchten-rasen\\\/#primaryimage\"},\"image\":{\"@id\":\"https:\\\/\\\/easyliferobo.com\\\/de\\\/product\\\/worx-wa0953-landroid-all-terrain-raeder-fuer-weichen-boden-und-feuchten-rasen\\\/#primaryimage\"},\"thumbnailUrl\":\"https:\\\/\\\/easyliferobo.com\\\/de\\\/wp-content\\\/uploads\\\/2026\\\/02\\\/818KxgTazwL._AC_SL1500_.jpg\",\"datePublished\":\"2026-02-22T09:30:43+00:00\",\"dateModified\":\"2026-02-22T09:30:52+00:00\",\"description\":\"Entdecken Sie smarte Roboter f\u00fcr Zuhause, Garten, Bildung und Sicherheit. Vergleichen Sie Saugroboter, Rasenm\u00e4hroboter, KI-Begleitroboter und mehr bei EasyLifeRobo.\",\"breadcrumb\":{\"@id\":\"https:\\\/\\\/easyliferobo.com\\\/de\\\/product\\\/worx-wa0953-landroid-all-terrain-raeder-fuer-weichen-boden-und-feuchten-rasen\\\/#breadcrumb\"},\"inLanguage\":\"de\",\"potentialAction\":[{\"@type\":\"ReadAction\",\"target\":[\"https:\\\/\\\/easyliferobo.com\\\/de\\\/product\\\/worx-wa0953-landroid-all-terrain-raeder-fuer-weichen-boden-und-feuchten-rasen\\\/\"]}]},{\"@type\":\"ImageObject\",\"inLanguage\":\"de\",\"@id\":\"https:\\\/\\\/easyliferobo.com\\\/de\\\/product\\\/worx-wa0953-landroid-all-terrain-raeder-fuer-weichen-boden-und-feuchten-rasen\\\/#primaryimage\",\"url\":\"https:\\\/\\\/easyliferobo.com\\\/de\\\/wp-content\\\/uploads\\\/2026\\\/02\\\/818KxgTazwL._AC_SL1500_.jpg\",\"contentUrl\":\"https:\\\/\\\/easyliferobo.com\\\/de\\\/wp-content\\\/uploads\\\/2026\\\/02\\\/818KxgTazwL._AC_SL1500_.jpg\",\"width\":1456,\"height\":1500},{\"@type\":\"BreadcrumbList\",\"@id\":\"https:\\\/\\\/easyliferobo.com\\\/de\\\/product\\\/worx-wa0953-landroid-all-terrain-raeder-fuer-weichen-boden-und-feuchten-rasen\\\/#breadcrumb\",\"itemListElement\":[{\"@type\":\"ListItem\",\"position\":1,\"name\":\"Home\",\"item\":\"https:\\\/\\\/easyliferobo.com\\\/de\\\/\"},{\"@type\":\"ListItem\",\"position\":2,\"name\":\"Shop\",\"item\":\"https:\\\/\\\/easyliferobo.com\\\/de\\\/shop\\\/\"},{\"@type\":\"ListItem\",\"position\":3,\"name\":\"Worx WA0953 Landroid All-Terrain-R\u00e4der \u2013 f\u00fcr weichen Boden und feuchten Rasen\"}]},{\"@type\":\"WebSite\",\"@id\":\"https:\\\/\\\/easyliferobo.com\\\/de\\\/#website\",\"url\":\"https:\\\/\\\/easyliferobo.com\\\/de\\\/\",\"name\":\"EasyLifeBro\",\"description\":\"Smarte Roboter f\u00fcr Zuhause, Garten &amp; Bildung\",\"publisher\":{\"@id\":\"https:\\\/\\\/easyliferobo.com\\\/de\\\/#organization\"},\"potentialAction\":[{\"@type\":\"SearchAction\",\"target\":{\"@type\":\"EntryPoint\",\"urlTemplate\":\"https:\\\/\\\/easyliferobo.com\\\/de\\\/?s={search_term_string}\"},\"query-input\":{\"@type\":\"PropertyValueSpecification\",\"valueRequired\":true,\"valueName\":\"search_term_string\"}}],\"inLanguage\":\"de\"},{\"@type\":\"Organization\",\"@id\":\"https:\\\/\\\/easyliferobo.com\\\/de\\\/#organization\",\"name\":\"EasyLifeBro\",\"url\":\"https:\\\/\\\/easyliferobo.com\\\/de\\\/\",\"logo\":{\"@type\":\"ImageObject\",\"inLanguage\":\"de\",\"@id\":\"https:\\\/\\\/easyliferobo.com\\\/de\\\/#\\\/schema\\\/logo\\\/image\\\/\",\"url\":\"https:\\\/\\\/easyliferobo.com\\\/de\\\/wp-content\\\/uploads\\\/2026\\\/02\\\/Screenshot-2026-02-22-at-2.25.03-PM.png\",\"contentUrl\":\"https:\\\/\\\/easyliferobo.com\\\/de\\\/wp-content\\\/uploads\\\/2026\\\/02\\\/Screenshot-2026-02-22-at-2.25.03-PM.png\",\"width\":1858,\"height\":430,\"caption\":\"EasyLifeBro\"},\"image\":{\"@id\":\"https:\\\/\\\/easyliferobo.com\\\/de\\\/#\\\/schema\\\/logo\\\/image\\\/\"}}]}<\/script>\n<!-- \/ Yoast SEO plugin. -->","yoast_head_json":{"title":"Worx WA0953 Landroid All-Terrain-R\u00e4der \u2013 f\u00fcr weichen Boden und feuchten Rasen - EasyLifeBro","description":"Entdecken Sie smarte Roboter f\u00fcr Zuhause, Garten, Bildung und Sicherheit. Vergleichen Sie Saugroboter, Rasenm\u00e4hroboter, KI-Begleitroboter und mehr bei EasyLifeRobo.","robots":{"index":"index","follow":"follow","max-snippet":"max-snippet:-1","max-image-preview":"max-image-preview:large","max-video-preview":"max-video-preview:-1"},"canonical":"https:\/\/easyliferobo.com\/de\/product\/worx-wa0953-landroid-all-terrain-raeder-fuer-weichen-boden-und-feuchten-rasen\/","og_locale":"de_DE","og_type":"article","og_title":"Worx WA0953 Landroid All-Terrain-R\u00e4der \u2013 f\u00fcr weichen Boden und feuchten Rasen - EasyLifeBro","og_description":"Entdecken Sie smarte Roboter f\u00fcr Zuhause, Garten, Bildung und Sicherheit. Vergleichen Sie Saugroboter, Rasenm\u00e4hroboter, KI-Begleitroboter und mehr bei EasyLifeRobo.","og_url":"https:\/\/easyliferobo.com\/de\/product\/worx-wa0953-landroid-all-terrain-raeder-fuer-weichen-boden-und-feuchten-rasen\/","og_site_name":"EasyLifeBro","article_modified_time":"2026-02-22T09:30:52+00:00","og_image":[{"width":1456,"height":1500,"url":"https:\/\/easyliferobo.com\/de\/wp-content\/uploads\/2026\/02\/818KxgTazwL._AC_SL1500_.jpg","type":"image\/jpeg"}],"twitter_card":"summary_large_image","twitter_misc":{"Gesch\u00e4tzte Lesezeit":"1\u00a0Minute"},"schema":{"@context":"https:\/\/schema.org","@graph":[{"@type":"WebPage","@id":"https:\/\/easyliferobo.com\/de\/product\/worx-wa0953-landroid-all-terrain-raeder-fuer-weichen-boden-und-feuchten-rasen\/","url":"https:\/\/easyliferobo.com\/de\/product\/worx-wa0953-landroid-all-terrain-raeder-fuer-weichen-boden-und-feuchten-rasen\/","name":"Worx WA0953 Landroid All-Terrain-R\u00e4der \u2013 f\u00fcr weichen Boden und feuchten Rasen - EasyLifeBro","isPartOf":{"@id":"https:\/\/easyliferobo.com\/de\/#website"},"primaryImageOfPage":{"@id":"https:\/\/easyliferobo.com\/de\/product\/worx-wa0953-landroid-all-terrain-raeder-fuer-weichen-boden-und-feuchten-rasen\/#primaryimage"},"image":{"@id":"https:\/\/easyliferobo.com\/de\/product\/worx-wa0953-landroid-all-terrain-raeder-fuer-weichen-boden-und-feuchten-rasen\/#primaryimage"},"thumbnailUrl":"https:\/\/easyliferobo.com\/de\/wp-content\/uploads\/2026\/02\/818KxgTazwL._AC_SL1500_.jpg","datePublished":"2026-02-22T09:30:43+00:00","dateModified":"2026-02-22T09:30:52+00:00","description":"Entdecken Sie smarte Roboter f\u00fcr Zuhause, Garten, Bildung und Sicherheit. Vergleichen Sie Saugroboter, Rasenm\u00e4hroboter, KI-Begleitroboter und mehr bei EasyLifeRobo.","breadcrumb":{"@id":"https:\/\/easyliferobo.com\/de\/product\/worx-wa0953-landroid-all-terrain-raeder-fuer-weichen-boden-und-feuchten-rasen\/#breadcrumb"},"inLanguage":"de","potentialAction":[{"@type":"ReadAction","target":["https:\/\/easyliferobo.com\/de\/product\/worx-wa0953-landroid-all-terrain-raeder-fuer-weichen-boden-und-feuchten-rasen\/"]}]},{"@type":"ImageObject","inLanguage":"de","@id":"https:\/\/easyliferobo.com\/de\/product\/worx-wa0953-landroid-all-terrain-raeder-fuer-weichen-boden-und-feuchten-rasen\/#primaryimage","url":"https:\/\/easyliferobo.com\/de\/wp-content\/uploads\/2026\/02\/818KxgTazwL._AC_SL1500_.jpg","contentUrl":"https:\/\/easyliferobo.com\/de\/wp-content\/uploads\/2026\/02\/818KxgTazwL._AC_SL1500_.jpg","width":1456,"height":1500},{"@type":"BreadcrumbList","@id":"https:\/\/easyliferobo.com\/de\/product\/worx-wa0953-landroid-all-terrain-raeder-fuer-weichen-boden-und-feuchten-rasen\/#breadcrumb","itemListElement":[{"@type":"ListItem","position":1,"name":"Home","item":"https:\/\/easyliferobo.com\/de\/"},{"@type":"ListItem","position":2,"name":"Shop","item":"https:\/\/easyliferobo.com\/de\/shop\/"},{"@type":"ListItem","position":3,"name":"Worx WA0953 Landroid All-Terrain-R\u00e4der \u2013 f\u00fcr weichen Boden und feuchten Rasen"}]},{"@type":"WebSite","@id":"https:\/\/easyliferobo.com\/de\/#website","url":"https:\/\/easyliferobo.com\/de\/","name":"EasyLifeBro","description":"Smarte Roboter f\u00fcr Zuhause, Garten &amp; Bildung","publisher":{"@id":"https:\/\/easyliferobo.com\/de\/#organization"},"potentialAction":[{"@type":"SearchAction","target":{"@type":"EntryPoint","urlTemplate":"https:\/\/easyliferobo.com\/de\/?s={search_term_string}"},"query-input":{"@type":"PropertyValueSpecification","valueRequired":true,"valueName":"search_term_string"}}],"inLanguage":"de"},{"@type":"Organization","@id":"https:\/\/easyliferobo.com\/de\/#organization","name":"EasyLifeBro","url":"https:\/\/easyliferobo.com\/de\/","logo":{"@type":"ImageObject","inLanguage":"de","@id":"https:\/\/easyliferobo.com\/de\/#\/schema\/logo\/image\/","url":"https:\/\/easyliferobo.com\/de\/wp-content\/uploads\/2026\/02\/Screenshot-2026-02-22-at-2.25.03-PM.png","contentUrl":"https:\/\/easyliferobo.com\/de\/wp-content\/uploads\/2026\/02\/Screenshot-2026-02-22-at-2.25.03-PM.png","width":1858,"height":430,"caption":"EasyLifeBro"},"image":{"@id":"https:\/\/easyliferobo.com\/de\/#\/schema\/logo\/image\/"}}]}},"_links":{"self":[{"href":"https:\/\/easyliferobo.com\/de\/wp-json\/wp\/v2\/product\/354","targetHints":{"allow":["GET"]}}],"collection":[{"href":"https:\/\/easyliferobo.com\/de\/wp-json\/wp\/v2\/product"}],"about":[{"href":"https:\/\/easyliferobo.com\/de\/wp-json\/wp\/v2\/types\/product"}],"replies":[{"embeddable":true,"href":"https:\/\/easyliferobo.com\/de\/wp-json\/wp\/v2\/comments?post=354"}],"wp:featuredmedia":[{"embeddable":true,"href":"https:\/\/easyliferobo.com\/de\/wp-json\/wp\/v2\/media\/355"}],"wp:attachment":[{"href":"https:\/\/easyliferobo.com\/de\/wp-json\/wp\/v2\/media?parent=354"}],"wp:term":[{"taxonomy":"store","embeddable":true,"href":"https:\/\/easyliferobo.com\/de\/wp-json\/wp\/v2\/store?post=354"},{"taxonomy":"product_brand","embeddable":true,"href":"https:\/\/easyliferobo.com\/de\/wp-json\/wp\/v2\/product_brand?post=354"},{"taxonomy":"product_cat","embeddable":true,"href":"https:\/\/easyliferobo.com\/de\/wp-json\/wp\/v2\/product_cat?post=354"},{"taxonomy":"product_tag","embeddable":true,"href":"https:\/\/easyliferobo.com\/de\/wp-json\/wp\/v2\/product_tag?post=354"}],"curies":[{"name":"wp","href":"https:\/\/api.w.org\/{rel}","templated":true}]}}