
{"id":3535,"date":"2026-02-27T07:14:08","date_gmt":"2026-02-27T07:14:08","guid":{"rendered":"https:\/\/easyliferobo.com\/de\/product\/intelligenter-sprechender-roboter-intelligenter-sprechender-roboter-fuer-kinder-intelligentes-interaktives-roboterspielzeug-sprechende-roboter-haustierelernspielzeug-mit-beruehrungssensor\/"},"modified":"2026-02-27T07:14:28","modified_gmt":"2026-02-27T07:14:28","slug":"intelligenter-sprechender-roboter-intelligenter-sprechender-roboter-fuer-kinder-intelligentes-interaktives-roboterspielzeug-sprechende-roboter-haustierelernspielzeug-mit-beruehrungssensor","status":"publish","type":"product","link":"https:\/\/easyliferobo.com\/de\/product\/intelligenter-sprechender-roboter-intelligenter-sprechender-roboter-fuer-kinder-intelligentes-interaktives-roboterspielzeug-sprechende-roboter-haustierelernspielzeug-mit-beruehrungssensor\/","title":{"rendered":"Intelligenter sprechender Roboter, ..."},"content":{"rendered":"<p>\n                                             Produktbeschreibung   <\/p>\n<p>                                                      <img decoding=\"async\" alt=\"Sprachgesteuerter intelligenter Roboter, Roboterspielzeug f\u00fcr Kinder\" src=\"https:\/\/images-na.ssl-images-amazon.com\/images\/G\/01\/x-locale\/common\/grey-pixel.gif\" class=\"a-spacing-mini a-lazy-loaded\" data-src=\"https:\/\/m.media-amazon.com\/images\/S\/aplus-media-library-service-media\/10568820-ae4a-4a2a-8bf1-dc5a055f56f8.__CR0,0,1600,1600_PT0_SX300_V1___.jpg\"><img decoding=\"async\" alt=\"Sprachgesteuerter intelligenter Roboter, Roboterspielzeug f\u00fcr Kinder\" src=\"https:\/\/m.media-amazon.com\/images\/S\/aplus-media-library-service-media\/10568820-ae4a-4a2a-8bf1-dc5a055f56f8.__CR0,0,1600,1600_PT0_SX300_V1___.jpg\">  <\/p>\n<h3 class=\"a-spacing-mini\">  Sprachgesteuerter intelligenter Roboter, Roboterspielzeug f\u00fcr Kinder <\/h3>\n<p>                                           Vielseitige Anwendungen                                     <\/p>\n<p class=\"a-spacing-base\"> Geben Sie Ihrem Kind mit diesem Roboterspielzeug f\u00fcr Kinder einen idealen Lernpartner. Mit Ber\u00fchrungssensor und Multifunktionsfunktionen kann es mit Sprachsteuerung singen, tanzen und S\u00e4tze wiederholen. Stimulieren Sie den Entdecker- und Lerndrang Ihres Kindes durch interaktives Spielen <\/p>\n<p>                                           Reichhaltige Dynamik                                     <\/p>\n<p class=\"a-spacing-base\"> Unsere Roboterspielzeuge f\u00fcr Kinder zeichnen sich durch ein einzigartiges und unwiderstehliches Aussehen aus, das die Aufmerksamkeit jedes Kindes auf sich zieht. Mit ihrer kleinen und niedlichen Form werden diese Spielzeuge Ihre Kinder mit Sicherheit verzaubern und f\u00fcr stundenlangen, intensiven Spielspa\u00df sorgen <\/p>\n<p>                                                         Spezifikationen Produktname: Intelligenter sprechender Roboter f\u00fcr Kinder Produktmaterial: ABS Produktgr\u00f6\u00dfe: ca. 11 x 10 x 11,5 cm Energie: 3 AA-Batterien (nicht im Lieferumfang enthalten) Eigenschaften: Singen, Tanzen, Sprachsteuerung       <\/p>\n<p> Lernen Sie den intelligenten sprechenden Roboter kennen! Mit seiner kleinen und niedlichen Form kann dieser Roboter singen, tanzen und wiederholen. Mit Ber\u00fchrungserkennung, Sprachsteuerung und manuellen Tasten ist es das perfekte technische Spielzeug, um Neugier und Entdeckungen zu befriedigen. <\/p>\n<p>  Produktspezifikationen: <\/p>\n<p>  Produktname: Intelligenter sprechender Roboter f\u00fcr Kinder <\/p>\n<p>  Produktmaterial: ABS <\/p>\n<p>  Produktgr\u00f6\u00dfe: ca. 11 x 10 x 11,5 cm <\/p>\n<p>  Energie: 3 AA-Batterien (nicht im Lieferumfang enthalten) <\/p>\n<p>  Features: Singen, Tanzen, Sprachsteuerung <\/p>\n<p>  Funktionen: <\/p>\n<p>  1. Spielmodus: Spieler k\u00f6nnen eine Tierkarte ausw\u00e4hlen und in ihren H\u00e4nden halten. Der Roboter wird Ihnen einige Fragen stellen. Solange Sie wahrheitsgem\u00e4\u00df antworten, kann der Roboter wissen, welches Tier Sie halten. Der Roboter gibt Ihnen mit entsprechenden Aktionen und Ausdr\u00fccken R\u00fcckmeldung, ob Sie richtig oder falsch antworten; <\/p>\n<p>  2. Ber\u00fchrungserkennungsmodus: Der Roboter verf\u00fcgt \u00fcber drei Ber\u00fchrungspunkte, n\u00e4mlich vorne sowie links und rechts oben am Kopf; Durch leichtes Ber\u00fchren der linken und rechten Ber\u00fchrungspunkte kann der Roboter so gesteuert werden, dass er sich vorw\u00e4rts und r\u00fcckw\u00e4rts bewegt sowie nach links und rechts dreht. Durch langes Dr\u00fccken kann die Lautst\u00e4rke angepasst werden. Durch leichtes Ber\u00fchren des vorderen Ber\u00fchrungspunkts des Roboters werden verschiedene Aktionen ausgef\u00fchrt und unterschiedliche Ger\u00e4usche erzeugt. <\/p>\n<p>  3. Sprachwiederholungsmodus: Dr\u00fccken Sie lange auf den vorderen Ber\u00fchrungspunkt oben auf dem Kopf des Roboters, um in den Sprachwiederholungsmodus zu gelangen, und der Roboter wiederholt jeden Satz, den Sie sagen. <\/p>\n<p>  Packliste: <\/p>\n<p>  1 x intelligenter sprechender Roboter f\u00fcr Kinder <\/p>\n<p>  Hinweis: <\/p>\n<p>  Aufgrund unterschiedlicher Beleuchtungs- und Bildschirmeinstellungen kann die Farbe des Artikels geringf\u00fcgig vom Bild abweichen. <\/p>\n<p>  Bitte erlauben Sie aufgrund unterschiedlicher manueller Messungen einen Gr\u00f6\u00dfenunterschied von 1-2 cm. <\/p>\n<p>Sprachsteuerung: Mit der F\u00e4higkeit zu singen, zu tanzen und Befehle zu wiederholen, ist dieses Roboterspielzeug f\u00fcr Kinder ein idealer interaktiver Lernpartner. Ausgestattet mit Touch-Sensor-Technologie und Multifunktionsfunktionen weckt es die Lust der Kinder, spielerisch zu erkunden und zu lernen<br \/>Reichhaltige Dynamik: Unsere Roboterspielzeuge f\u00fcr Kinder zeichnen sich durch ein einzigartiges und unwiderstehliches Aussehen aus, das die Aufmerksamkeit jedes Kindes auf sich zieht. Mit ihrer kleinen und niedlichen Form werden diese Spielzeuge Ihre Kinder mit Sicherheit verzaubern und f\u00fcr stundenlangen, intensiven Spielspa\u00df sorgen<br \/>Einfache Einrichtung: Mit mehreren Bedienm\u00f6glichkeiten, einschlie\u00dflich Ber\u00fchrungserkennung, Sprachsteuerung und manuellen Tasten, bietet dieses Roboterspielzeug Kindern ab 3 Jahren ein m\u00fcheloses und unterhaltsames Erlebnis. Es f\u00f6rdert das Engagement und die Interaktion und eignet sich hervorragend f\u00fcr interaktives Spielen<br \/>Hochwertiges Material: Hergestellt aus hochwertigen Materialien mit einer glatten Gummih\u00fclle, ist dieses Roboterspielzeug weich und dennoch sturzsicher und sorgt f\u00fcr dauerhafte Leistung und Sicherheit<br \/>Ausgezeichnetes Geschenk: Dieses Spielzeug ist ein ausgezeichnetes Geschenk f\u00fcr Kinder. Es f\u00f6rdert die intellektuelle und emotionale Entwicklung und ist somit ein ideales Geschenk f\u00fcr Feiertage und Geburtstage, w\u00e4hrend es gleichzeitig ihre Neugier und ihren Entdeckungsdrang befriedigt<\/p>\n<p>[ad_2]<\/p>\n","protected":false},"excerpt":{"rendered":"<p>Produktbeschreibung Sprachgesteuerter intelligenter Roboter, Roboterspielzeug f\u00fcr Kinder Vielseitige Anwendungen Geben Sie Ihrem Kind mit diesem Roboterspielzeug f\u00fcr Kinder einen idealen Lernpartner. Mit Ber\u00fchrungssensor und Multifunktionsfunktionen kann es mit Sprachsteuerung singen, tanzen und S\u00e4tze wiederholen. Stimulieren Sie den Entdecker- und Lerndrang Ihres Kindes durch interaktives Spielen Reichhaltige Dynamik Unsere Roboterspielzeuge f\u00fcr Kinder zeichnen sich durch ein [&hellip;]<\/p>\n","protected":false},"featured_media":3536,"comment_status":"open","ping_status":"closed","template":"","meta":{"_aipt_faq_data":""},"store":[],"product_brand":[],"product_cat":[96],"product_tag":[326],"class_list":{"0":"post-3535","1":"product","2":"type-product","3":"status-publish","4":"has-post-thumbnail","6":"product_cat-senioren-begleitroboter","7":"product_tag-senioren-begleitroboter-mit-erinnerungsfunktion","9":"first","10":"instock","11":"shipping-taxable","12":"product-type-external"},"yoast_head":"<!-- This site is optimized with the Yoast SEO plugin v27.4 - https:\/\/yoast.com\/product\/yoast-seo-wordpress\/ -->\n<title>Intelligenter sprechender Roboter, Intelligenter sprechender Roboter f\u00fcr Kinder - Intelligentes interaktives Roboterspielzeug, sprechende Roboter-Haustiere,Lernspielzeug mit Ber\u00fchrungssensor, - EasyLifeBro<\/title>\n<meta name=\"description\" content=\"Entdecken Sie smarte Roboter f\u00fcr Zuhause, Garten, Bildung und Sicherheit. Vergleichen Sie Saugroboter, Rasenm\u00e4hroboter, KI-Begleitroboter und mehr bei EasyLifeRobo.\" \/>\n<meta name=\"robots\" content=\"index, follow, max-snippet:-1, max-image-preview:large, max-video-preview:-1\" \/>\n<link rel=\"canonical\" href=\"https:\/\/easyliferobo.com\/de\/product\/intelligenter-sprechender-roboter-intelligenter-sprechender-roboter-fuer-kinder-intelligentes-interaktives-roboterspielzeug-sprechende-roboter-haustierelernspielzeug-mit-beruehrungssensor\/\" \/>\n<meta property=\"og:locale\" content=\"de_DE\" \/>\n<meta property=\"og:type\" content=\"article\" \/>\n<meta property=\"og:title\" content=\"Intelligenter sprechender Roboter, Intelligenter sprechender Roboter f\u00fcr Kinder - Intelligentes interaktives Roboterspielzeug, sprechende Roboter-Haustiere,Lernspielzeug mit Ber\u00fchrungssensor, - EasyLifeBro\" \/>\n<meta property=\"og:description\" content=\"Entdecken Sie smarte Roboter f\u00fcr Zuhause, Garten, Bildung und Sicherheit. Vergleichen Sie Saugroboter, Rasenm\u00e4hroboter, KI-Begleitroboter und mehr bei EasyLifeRobo.\" \/>\n<meta property=\"og:url\" content=\"https:\/\/easyliferobo.com\/de\/product\/intelligenter-sprechender-roboter-intelligenter-sprechender-roboter-fuer-kinder-intelligentes-interaktives-roboterspielzeug-sprechende-roboter-haustierelernspielzeug-mit-beruehrungssensor\/\" \/>\n<meta property=\"og:site_name\" content=\"EasyLifeBro\" \/>\n<meta property=\"article:modified_time\" content=\"2026-02-27T07:14:28+00:00\" \/>\n<meta property=\"og:image\" content=\"https:\/\/images-na.ssl-images-amazon.com\/images\/G\/01\/x-locale\/common\/grey-pixel.gif\" \/>\n<meta name=\"twitter:card\" content=\"summary_large_image\" \/>\n<meta name=\"twitter:label1\" content=\"Gesch\u00e4tzte Lesezeit\" \/>\n\t<meta name=\"twitter:data1\" content=\"3\u00a0Minuten\" \/>\n<script type=\"application\/ld+json\" class=\"yoast-schema-graph\">{\"@context\":\"https:\\\/\\\/schema.org\",\"@graph\":[{\"@type\":\"WebPage\",\"@id\":\"https:\\\/\\\/easyliferobo.com\\\/de\\\/product\\\/intelligenter-sprechender-roboter-intelligenter-sprechender-roboter-fuer-kinder-intelligentes-interaktives-roboterspielzeug-sprechende-roboter-haustierelernspielzeug-mit-beruehrungssensor\\\/\",\"url\":\"https:\\\/\\\/easyliferobo.com\\\/de\\\/product\\\/intelligenter-sprechender-roboter-intelligenter-sprechender-roboter-fuer-kinder-intelligentes-interaktives-roboterspielzeug-sprechende-roboter-haustierelernspielzeug-mit-beruehrungssensor\\\/\",\"name\":\"Intelligenter sprechender Roboter, Intelligenter sprechender Roboter f\u00fcr Kinder - Intelligentes interaktives Roboterspielzeug, sprechende Roboter-Haustiere,Lernspielzeug mit Ber\u00fchrungssensor, - EasyLifeBro\",\"isPartOf\":{\"@id\":\"https:\\\/\\\/easyliferobo.com\\\/de\\\/#website\"},\"primaryImageOfPage\":{\"@id\":\"https:\\\/\\\/easyliferobo.com\\\/de\\\/product\\\/intelligenter-sprechender-roboter-intelligenter-sprechender-roboter-fuer-kinder-intelligentes-interaktives-roboterspielzeug-sprechende-roboter-haustierelernspielzeug-mit-beruehrungssensor\\\/#primaryimage\"},\"image\":{\"@id\":\"https:\\\/\\\/easyliferobo.com\\\/de\\\/product\\\/intelligenter-sprechender-roboter-intelligenter-sprechender-roboter-fuer-kinder-intelligentes-interaktives-roboterspielzeug-sprechende-roboter-haustierelernspielzeug-mit-beruehrungssensor\\\/#primaryimage\"},\"thumbnailUrl\":\"https:\\\/\\\/easyliferobo.com\\\/de\\\/wp-content\\\/uploads\\\/2026\\\/02\\\/61fELxGRFmL._AC_SL1500_.jpg\",\"datePublished\":\"2026-02-27T07:14:08+00:00\",\"dateModified\":\"2026-02-27T07:14:28+00:00\",\"description\":\"Entdecken Sie smarte Roboter f\u00fcr Zuhause, Garten, Bildung und Sicherheit. Vergleichen Sie Saugroboter, Rasenm\u00e4hroboter, KI-Begleitroboter und mehr bei EasyLifeRobo.\",\"breadcrumb\":{\"@id\":\"https:\\\/\\\/easyliferobo.com\\\/de\\\/product\\\/intelligenter-sprechender-roboter-intelligenter-sprechender-roboter-fuer-kinder-intelligentes-interaktives-roboterspielzeug-sprechende-roboter-haustierelernspielzeug-mit-beruehrungssensor\\\/#breadcrumb\"},\"inLanguage\":\"de\",\"potentialAction\":[{\"@type\":\"ReadAction\",\"target\":[\"https:\\\/\\\/easyliferobo.com\\\/de\\\/product\\\/intelligenter-sprechender-roboter-intelligenter-sprechender-roboter-fuer-kinder-intelligentes-interaktives-roboterspielzeug-sprechende-roboter-haustierelernspielzeug-mit-beruehrungssensor\\\/\"]}]},{\"@type\":\"ImageObject\",\"inLanguage\":\"de\",\"@id\":\"https:\\\/\\\/easyliferobo.com\\\/de\\\/product\\\/intelligenter-sprechender-roboter-intelligenter-sprechender-roboter-fuer-kinder-intelligentes-interaktives-roboterspielzeug-sprechende-roboter-haustierelernspielzeug-mit-beruehrungssensor\\\/#primaryimage\",\"url\":\"https:\\\/\\\/easyliferobo.com\\\/de\\\/wp-content\\\/uploads\\\/2026\\\/02\\\/61fELxGRFmL._AC_SL1500_.jpg\",\"contentUrl\":\"https:\\\/\\\/easyliferobo.com\\\/de\\\/wp-content\\\/uploads\\\/2026\\\/02\\\/61fELxGRFmL._AC_SL1500_.jpg\",\"width\":1458,\"height\":1467},{\"@type\":\"BreadcrumbList\",\"@id\":\"https:\\\/\\\/easyliferobo.com\\\/de\\\/product\\\/intelligenter-sprechender-roboter-intelligenter-sprechender-roboter-fuer-kinder-intelligentes-interaktives-roboterspielzeug-sprechende-roboter-haustierelernspielzeug-mit-beruehrungssensor\\\/#breadcrumb\",\"itemListElement\":[{\"@type\":\"ListItem\",\"position\":1,\"name\":\"Home\",\"item\":\"https:\\\/\\\/easyliferobo.com\\\/de\\\/\"},{\"@type\":\"ListItem\",\"position\":2,\"name\":\"Shop\",\"item\":\"https:\\\/\\\/easyliferobo.com\\\/de\\\/shop\\\/\"},{\"@type\":\"ListItem\",\"position\":3,\"name\":\"Intelligenter sprechender Roboter, ...\"}]},{\"@type\":\"WebSite\",\"@id\":\"https:\\\/\\\/easyliferobo.com\\\/de\\\/#website\",\"url\":\"https:\\\/\\\/easyliferobo.com\\\/de\\\/\",\"name\":\"EasyLifeBro\",\"description\":\"Smarte Roboter f\u00fcr Zuhause, Garten &amp; Bildung\",\"publisher\":{\"@id\":\"https:\\\/\\\/easyliferobo.com\\\/de\\\/#organization\"},\"potentialAction\":[{\"@type\":\"SearchAction\",\"target\":{\"@type\":\"EntryPoint\",\"urlTemplate\":\"https:\\\/\\\/easyliferobo.com\\\/de\\\/?s={search_term_string}\"},\"query-input\":{\"@type\":\"PropertyValueSpecification\",\"valueRequired\":true,\"valueName\":\"search_term_string\"}}],\"inLanguage\":\"de\"},{\"@type\":\"Organization\",\"@id\":\"https:\\\/\\\/easyliferobo.com\\\/de\\\/#organization\",\"name\":\"EasyLifeBro\",\"url\":\"https:\\\/\\\/easyliferobo.com\\\/de\\\/\",\"logo\":{\"@type\":\"ImageObject\",\"inLanguage\":\"de\",\"@id\":\"https:\\\/\\\/easyliferobo.com\\\/de\\\/#\\\/schema\\\/logo\\\/image\\\/\",\"url\":\"https:\\\/\\\/easyliferobo.com\\\/de\\\/wp-content\\\/uploads\\\/2026\\\/02\\\/Screenshot-2026-02-22-at-2.25.03-PM.png\",\"contentUrl\":\"https:\\\/\\\/easyliferobo.com\\\/de\\\/wp-content\\\/uploads\\\/2026\\\/02\\\/Screenshot-2026-02-22-at-2.25.03-PM.png\",\"width\":1858,\"height\":430,\"caption\":\"EasyLifeBro\"},\"image\":{\"@id\":\"https:\\\/\\\/easyliferobo.com\\\/de\\\/#\\\/schema\\\/logo\\\/image\\\/\"}}]}<\/script>\n<!-- \/ Yoast SEO plugin. -->","yoast_head_json":{"title":"Intelligenter sprechender Roboter, Intelligenter sprechender Roboter f\u00fcr Kinder - Intelligentes interaktives Roboterspielzeug, sprechende Roboter-Haustiere,Lernspielzeug mit Ber\u00fchrungssensor, - EasyLifeBro","description":"Entdecken Sie smarte Roboter f\u00fcr Zuhause, Garten, Bildung und Sicherheit. Vergleichen Sie Saugroboter, Rasenm\u00e4hroboter, KI-Begleitroboter und mehr bei EasyLifeRobo.","robots":{"index":"index","follow":"follow","max-snippet":"max-snippet:-1","max-image-preview":"max-image-preview:large","max-video-preview":"max-video-preview:-1"},"canonical":"https:\/\/easyliferobo.com\/de\/product\/intelligenter-sprechender-roboter-intelligenter-sprechender-roboter-fuer-kinder-intelligentes-interaktives-roboterspielzeug-sprechende-roboter-haustierelernspielzeug-mit-beruehrungssensor\/","og_locale":"de_DE","og_type":"article","og_title":"Intelligenter sprechender Roboter, Intelligenter sprechender Roboter f\u00fcr Kinder - Intelligentes interaktives Roboterspielzeug, sprechende Roboter-Haustiere,Lernspielzeug mit Ber\u00fchrungssensor, - EasyLifeBro","og_description":"Entdecken Sie smarte Roboter f\u00fcr Zuhause, Garten, Bildung und Sicherheit. Vergleichen Sie Saugroboter, Rasenm\u00e4hroboter, KI-Begleitroboter und mehr bei EasyLifeRobo.","og_url":"https:\/\/easyliferobo.com\/de\/product\/intelligenter-sprechender-roboter-intelligenter-sprechender-roboter-fuer-kinder-intelligentes-interaktives-roboterspielzeug-sprechende-roboter-haustierelernspielzeug-mit-beruehrungssensor\/","og_site_name":"EasyLifeBro","article_modified_time":"2026-02-27T07:14:28+00:00","og_image":[{"url":"https:\/\/images-na.ssl-images-amazon.com\/images\/G\/01\/x-locale\/common\/grey-pixel.gif","type":"","width":"","height":""}],"twitter_card":"summary_large_image","twitter_misc":{"Gesch\u00e4tzte Lesezeit":"3\u00a0Minuten"},"schema":{"@context":"https:\/\/schema.org","@graph":[{"@type":"WebPage","@id":"https:\/\/easyliferobo.com\/de\/product\/intelligenter-sprechender-roboter-intelligenter-sprechender-roboter-fuer-kinder-intelligentes-interaktives-roboterspielzeug-sprechende-roboter-haustierelernspielzeug-mit-beruehrungssensor\/","url":"https:\/\/easyliferobo.com\/de\/product\/intelligenter-sprechender-roboter-intelligenter-sprechender-roboter-fuer-kinder-intelligentes-interaktives-roboterspielzeug-sprechende-roboter-haustierelernspielzeug-mit-beruehrungssensor\/","name":"Intelligenter sprechender Roboter, Intelligenter sprechender Roboter f\u00fcr Kinder - Intelligentes interaktives Roboterspielzeug, sprechende Roboter-Haustiere,Lernspielzeug mit Ber\u00fchrungssensor, - EasyLifeBro","isPartOf":{"@id":"https:\/\/easyliferobo.com\/de\/#website"},"primaryImageOfPage":{"@id":"https:\/\/easyliferobo.com\/de\/product\/intelligenter-sprechender-roboter-intelligenter-sprechender-roboter-fuer-kinder-intelligentes-interaktives-roboterspielzeug-sprechende-roboter-haustierelernspielzeug-mit-beruehrungssensor\/#primaryimage"},"image":{"@id":"https:\/\/easyliferobo.com\/de\/product\/intelligenter-sprechender-roboter-intelligenter-sprechender-roboter-fuer-kinder-intelligentes-interaktives-roboterspielzeug-sprechende-roboter-haustierelernspielzeug-mit-beruehrungssensor\/#primaryimage"},"thumbnailUrl":"https:\/\/easyliferobo.com\/de\/wp-content\/uploads\/2026\/02\/61fELxGRFmL._AC_SL1500_.jpg","datePublished":"2026-02-27T07:14:08+00:00","dateModified":"2026-02-27T07:14:28+00:00","description":"Entdecken Sie smarte Roboter f\u00fcr Zuhause, Garten, Bildung und Sicherheit. Vergleichen Sie Saugroboter, Rasenm\u00e4hroboter, KI-Begleitroboter und mehr bei EasyLifeRobo.","breadcrumb":{"@id":"https:\/\/easyliferobo.com\/de\/product\/intelligenter-sprechender-roboter-intelligenter-sprechender-roboter-fuer-kinder-intelligentes-interaktives-roboterspielzeug-sprechende-roboter-haustierelernspielzeug-mit-beruehrungssensor\/#breadcrumb"},"inLanguage":"de","potentialAction":[{"@type":"ReadAction","target":["https:\/\/easyliferobo.com\/de\/product\/intelligenter-sprechender-roboter-intelligenter-sprechender-roboter-fuer-kinder-intelligentes-interaktives-roboterspielzeug-sprechende-roboter-haustierelernspielzeug-mit-beruehrungssensor\/"]}]},{"@type":"ImageObject","inLanguage":"de","@id":"https:\/\/easyliferobo.com\/de\/product\/intelligenter-sprechender-roboter-intelligenter-sprechender-roboter-fuer-kinder-intelligentes-interaktives-roboterspielzeug-sprechende-roboter-haustierelernspielzeug-mit-beruehrungssensor\/#primaryimage","url":"https:\/\/easyliferobo.com\/de\/wp-content\/uploads\/2026\/02\/61fELxGRFmL._AC_SL1500_.jpg","contentUrl":"https:\/\/easyliferobo.com\/de\/wp-content\/uploads\/2026\/02\/61fELxGRFmL._AC_SL1500_.jpg","width":1458,"height":1467},{"@type":"BreadcrumbList","@id":"https:\/\/easyliferobo.com\/de\/product\/intelligenter-sprechender-roboter-intelligenter-sprechender-roboter-fuer-kinder-intelligentes-interaktives-roboterspielzeug-sprechende-roboter-haustierelernspielzeug-mit-beruehrungssensor\/#breadcrumb","itemListElement":[{"@type":"ListItem","position":1,"name":"Home","item":"https:\/\/easyliferobo.com\/de\/"},{"@type":"ListItem","position":2,"name":"Shop","item":"https:\/\/easyliferobo.com\/de\/shop\/"},{"@type":"ListItem","position":3,"name":"Intelligenter sprechender Roboter, ..."}]},{"@type":"WebSite","@id":"https:\/\/easyliferobo.com\/de\/#website","url":"https:\/\/easyliferobo.com\/de\/","name":"EasyLifeBro","description":"Smarte Roboter f\u00fcr Zuhause, Garten &amp; Bildung","publisher":{"@id":"https:\/\/easyliferobo.com\/de\/#organization"},"potentialAction":[{"@type":"SearchAction","target":{"@type":"EntryPoint","urlTemplate":"https:\/\/easyliferobo.com\/de\/?s={search_term_string}"},"query-input":{"@type":"PropertyValueSpecification","valueRequired":true,"valueName":"search_term_string"}}],"inLanguage":"de"},{"@type":"Organization","@id":"https:\/\/easyliferobo.com\/de\/#organization","name":"EasyLifeBro","url":"https:\/\/easyliferobo.com\/de\/","logo":{"@type":"ImageObject","inLanguage":"de","@id":"https:\/\/easyliferobo.com\/de\/#\/schema\/logo\/image\/","url":"https:\/\/easyliferobo.com\/de\/wp-content\/uploads\/2026\/02\/Screenshot-2026-02-22-at-2.25.03-PM.png","contentUrl":"https:\/\/easyliferobo.com\/de\/wp-content\/uploads\/2026\/02\/Screenshot-2026-02-22-at-2.25.03-PM.png","width":1858,"height":430,"caption":"EasyLifeBro"},"image":{"@id":"https:\/\/easyliferobo.com\/de\/#\/schema\/logo\/image\/"}}]}},"_links":{"self":[{"href":"https:\/\/easyliferobo.com\/de\/wp-json\/wp\/v2\/product\/3535","targetHints":{"allow":["GET"]}}],"collection":[{"href":"https:\/\/easyliferobo.com\/de\/wp-json\/wp\/v2\/product"}],"about":[{"href":"https:\/\/easyliferobo.com\/de\/wp-json\/wp\/v2\/types\/product"}],"replies":[{"embeddable":true,"href":"https:\/\/easyliferobo.com\/de\/wp-json\/wp\/v2\/comments?post=3535"}],"wp:featuredmedia":[{"embeddable":true,"href":"https:\/\/easyliferobo.com\/de\/wp-json\/wp\/v2\/media\/3536"}],"wp:attachment":[{"href":"https:\/\/easyliferobo.com\/de\/wp-json\/wp\/v2\/media?parent=3535"}],"wp:term":[{"taxonomy":"store","embeddable":true,"href":"https:\/\/easyliferobo.com\/de\/wp-json\/wp\/v2\/store?post=3535"},{"taxonomy":"product_brand","embeddable":true,"href":"https:\/\/easyliferobo.com\/de\/wp-json\/wp\/v2\/product_brand?post=3535"},{"taxonomy":"product_cat","embeddable":true,"href":"https:\/\/easyliferobo.com\/de\/wp-json\/wp\/v2\/product_cat?post=3535"},{"taxonomy":"product_tag","embeddable":true,"href":"https:\/\/easyliferobo.com\/de\/wp-json\/wp\/v2\/product_tag?post=3535"}],"curies":[{"name":"wp","href":"https:\/\/api.w.org\/{rel}","templated":true}]}}