
{"id":3511,"date":"2026-02-27T07:10:53","date_gmt":"2026-02-27T07:10:53","guid":{"rendered":"https:\/\/easyliferobo.com\/de\/product\/kfz-werkzeug-profi-mit-greifer-mit-grosser-reichweite-hebelwerkzeug-kfz-montagekissen-und-faeustling-notfallset-zum-oeffnen-von-autotueren-und-fenstern\/"},"modified":"2026-02-27T07:11:07","modified_gmt":"2026-02-27T07:11:07","slug":"kfz-werkzeug-profi-mit-greifer-mit-grosser-reichweite-hebelwerkzeug-kfz-montagekissen-und-faeustling-notfallset-zum-oeffnen-von-autotueren-und-fenstern","status":"publish","type":"product","link":"https:\/\/easyliferobo.com\/de\/product\/kfz-werkzeug-profi-mit-greifer-mit-grosser-reichweite-hebelwerkzeug-kfz-montagekissen-und-faeustling-notfallset-zum-oeffnen-von-autotueren-und-fenstern\/","title":{"rendered":"Kfz-Werkzeug Profi mit Greifer mit ..."},"content":{"rendered":"<p>    <span>SWAWIS Multifunktionales Kfz-Werkzeugset Professional <\/span><br \/><span>Dieses Notfallset hilft Ihnen nicht nur, schwierige Probleme bei der Autoreparatur flexibel und effizient zu l\u00f6sen, sondern erm\u00f6glicht Ihnen auch, den Spa\u00df am Heimwerken zu genie\u00dfen und gleichzeitig Kosten zu sparen und die Effizienz zu steigern. <\/span><br \/><span>Langstreckengreifer <\/span><br \/><span>Der 5-teilige Langarmgreifer l\u00e4sst sich je nach Bedarf in verschiedenen Gr\u00f6\u00dfen zusammenbauen und eignet sich f\u00fcr alle Arten von Arbeiten auf engstem Raum. Ausgestattet mit rutschfesten Gummihandschuhen f\u00fcr eine bessere Pr\u00e4zisionskontrolle und zur Vermeidung von Kratzern an den H\u00e4nden w\u00e4hrend des Betriebs. <\/span><br \/><span>Luftkissenheber. <\/span><br \/><span>Mit Handpumpe zum schnellen Aufpumpen und Druckentlastungsknopf zum Entl\u00fcften. Hergestellt aus hochwertigem TPU-Material, um Zuverl\u00e4ssigkeit und Haltbarkeit im Langzeitgebrauch zu gew\u00e4hrleisten. <\/span><br \/><span>Hebelwerkzeugwagen. <\/span><br \/><span>Das Set enth\u00e4lt 5 verschiedene Gr\u00f6\u00dfen und Formen von Hebelwerkzeugen, hergestellt aus PP, kratzfest, hinterl\u00e4sst keine Kratzer oder Besch\u00e4digungen. <\/span><br \/><span>Lieferumfang <\/span><br \/><span>6 x Ferngreifer <\/span><br \/><span>5 x Hebelwerkzeug. <\/span><br \/><span>2 x Montagepads. <\/span><br \/><span>1 * Handschuh <\/span><br \/><span>1 x Greifwerkzeug. <\/span><br \/><span>1 * Tragetasche <\/span><br \/>Multifunktionales Auto-Werkzeug: Das Auto-Werkzeug-Set enth\u00e4lt 6 x Greifer mit gro\u00dfer Reichweite, 5 x Hebelwerkzeug Auto, 2 x Montagepads, 1 x Handschuh, 1 x Greifwerkzeug, 1 x Tragetasche. Wird f\u00fcr h\u00e4ufige Arbeiten bei der Autoreparatur verwendet, z. B. zum Entriegeln von T\u00fcren, zum Ersetzen von Innenverkleidungen, zum Reifenwechsel usw.<br \/>Hochwertiges Montagekissen: Entworfen mit doppelseitigem TPU-Luftkeilmaterial, sind die Kanten speziell behandelt, um verschlei\u00dffester zu sein, mit einem glatten Aussehen, das keine Kratzer hinterl\u00e4sst und Belastungen von bis zu 150 kg standh\u00e4lt, was Zuverl\u00e4ssigkeit und Haltbarkeit bei Langzeitgebrauch gew\u00e4hrleistet. Hinweis: Nicht zu viel aufpumpen, um Sch\u00e4den am Hebekissen oder Ventil zu vermeiden.<br \/>Auto-Hebelwerkzeug: Das Hebelwerkzeug besteht aus PP-Material, das kratzfest und lackschonend ist, ohne Sch\u00e4den zu verursachen. Dank seines ergonomischen Designs ist das Auto-Demontagewerkzeug m\u00fchelos zu verwenden und verbessert zudem die Effizienz der Demontage, wodurch es sich ideal f\u00fcr die Demontage von Innen- und Au\u00dfenverkleidungen von Autos eignet.<br \/>Langstreckengreifer Der Greifer mit gro\u00dfer Reichweite besteht aus langlebigem Edelstahl, der sich nicht verbiegt oder bricht, und verf\u00fcgt \u00fcber eine weiche Gummischutzbeschichtung an der Spitze, um sicherzustellen, dass er bei der Verwendung keine Kratzer oder Sch\u00e4den an Fahrzeugoberfl\u00e4chen verursacht. Der Langarmgreifer kann in verschiedenen Gr\u00f6\u00dfen zusammengebaut werden, um unterschiedlichen Anforderungen gerecht zu werden. Geeignet f\u00fcr alle Arten von engen R\u00e4umen.<br \/>KUNDENDIENST Wir sind bestrebt, eine 100-prozentige Zufriedenheitsgarantie zu geben. Sollten bei der Verwendung von Autowerkzeugen Probleme auftreten, k\u00f6nnen Sie uns gerne per E-Mail kontaktieren, um sicherzustellen, dass Sie eine zufriedenstellende L\u00f6sung erhalten.<\/p>\n<p>[ad_2]<\/p>\n","protected":false},"excerpt":{"rendered":"<p>SWAWIS Multifunktionales Kfz-Werkzeugset Professional Dieses Notfallset hilft Ihnen nicht nur, schwierige Probleme bei der Autoreparatur flexibel und effizient zu l\u00f6sen, sondern erm\u00f6glicht Ihnen auch, den Spa\u00df am Heimwerken zu genie\u00dfen und gleichzeitig Kosten zu sparen und die Effizienz zu steigern. Langstreckengreifer Der 5-teilige Langarmgreifer l\u00e4sst sich je nach Bedarf in verschiedenen Gr\u00f6\u00dfen zusammenbauen und eignet [&hellip;]<\/p>\n","protected":false},"featured_media":3512,"comment_status":"open","ping_status":"closed","template":"","meta":{"_aipt_faq_data":""},"store":[],"product_brand":[],"product_cat":[100],"product_tag":[322],"class_list":{"0":"post-3511","1":"product","2":"type-product","3":"status-publish","4":"has-post-thumbnail","6":"product_cat-greifer-zubehoer","7":"product_tag-greifer-zubehoer-montagekits","9":"first","10":"instock","11":"shipping-taxable","12":"product-type-external"},"yoast_head":"<!-- This site is optimized with the Yoast SEO plugin v27.4 - https:\/\/yoast.com\/product\/yoast-seo-wordpress\/ -->\n<title>Kfz-Werkzeug Profi mit Greifer mit gro\u00dfer Reichweite, Hebelwerkzeug, Kfz-Montagekissen und F\u00e4ustling-Notfallset zum \u00d6ffnen von Autot\u00fcren und -fenstern - EasyLifeBro<\/title>\n<meta name=\"description\" content=\"Entdecken Sie smarte Roboter f\u00fcr Zuhause, Garten, Bildung und Sicherheit. Vergleichen Sie Saugroboter, Rasenm\u00e4hroboter, KI-Begleitroboter und mehr bei EasyLifeRobo.\" \/>\n<meta name=\"robots\" content=\"index, follow, max-snippet:-1, max-image-preview:large, max-video-preview:-1\" \/>\n<link rel=\"canonical\" href=\"https:\/\/easyliferobo.com\/de\/product\/kfz-werkzeug-profi-mit-greifer-mit-grosser-reichweite-hebelwerkzeug-kfz-montagekissen-und-faeustling-notfallset-zum-oeffnen-von-autotueren-und-fenstern\/\" \/>\n<meta property=\"og:locale\" content=\"de_DE\" \/>\n<meta property=\"og:type\" content=\"article\" \/>\n<meta property=\"og:title\" content=\"Kfz-Werkzeug Profi mit Greifer mit gro\u00dfer Reichweite, Hebelwerkzeug, Kfz-Montagekissen und F\u00e4ustling-Notfallset zum \u00d6ffnen von Autot\u00fcren und -fenstern - EasyLifeBro\" \/>\n<meta property=\"og:description\" content=\"Entdecken Sie smarte Roboter f\u00fcr Zuhause, Garten, Bildung und Sicherheit. Vergleichen Sie Saugroboter, Rasenm\u00e4hroboter, KI-Begleitroboter und mehr bei EasyLifeRobo.\" \/>\n<meta property=\"og:url\" content=\"https:\/\/easyliferobo.com\/de\/product\/kfz-werkzeug-profi-mit-greifer-mit-grosser-reichweite-hebelwerkzeug-kfz-montagekissen-und-faeustling-notfallset-zum-oeffnen-von-autotueren-und-fenstern\/\" \/>\n<meta property=\"og:site_name\" content=\"EasyLifeBro\" \/>\n<meta property=\"article:modified_time\" content=\"2026-02-27T07:11:07+00:00\" \/>\n<meta name=\"twitter:card\" content=\"summary_large_image\" \/>\n<meta name=\"twitter:label1\" content=\"Gesch\u00e4tzte Lesezeit\" \/>\n\t<meta name=\"twitter:data1\" content=\"2\u00a0Minuten\" \/>\n<script type=\"application\/ld+json\" class=\"yoast-schema-graph\">{\"@context\":\"https:\\\/\\\/schema.org\",\"@graph\":[{\"@type\":\"WebPage\",\"@id\":\"https:\\\/\\\/easyliferobo.com\\\/de\\\/product\\\/kfz-werkzeug-profi-mit-greifer-mit-grosser-reichweite-hebelwerkzeug-kfz-montagekissen-und-faeustling-notfallset-zum-oeffnen-von-autotueren-und-fenstern\\\/\",\"url\":\"https:\\\/\\\/easyliferobo.com\\\/de\\\/product\\\/kfz-werkzeug-profi-mit-greifer-mit-grosser-reichweite-hebelwerkzeug-kfz-montagekissen-und-faeustling-notfallset-zum-oeffnen-von-autotueren-und-fenstern\\\/\",\"name\":\"Kfz-Werkzeug Profi mit Greifer mit gro\u00dfer Reichweite, Hebelwerkzeug, Kfz-Montagekissen und F\u00e4ustling-Notfallset zum \u00d6ffnen von Autot\u00fcren und -fenstern - EasyLifeBro\",\"isPartOf\":{\"@id\":\"https:\\\/\\\/easyliferobo.com\\\/de\\\/#website\"},\"primaryImageOfPage\":{\"@id\":\"https:\\\/\\\/easyliferobo.com\\\/de\\\/product\\\/kfz-werkzeug-profi-mit-greifer-mit-grosser-reichweite-hebelwerkzeug-kfz-montagekissen-und-faeustling-notfallset-zum-oeffnen-von-autotueren-und-fenstern\\\/#primaryimage\"},\"image\":{\"@id\":\"https:\\\/\\\/easyliferobo.com\\\/de\\\/product\\\/kfz-werkzeug-profi-mit-greifer-mit-grosser-reichweite-hebelwerkzeug-kfz-montagekissen-und-faeustling-notfallset-zum-oeffnen-von-autotueren-und-fenstern\\\/#primaryimage\"},\"thumbnailUrl\":\"https:\\\/\\\/easyliferobo.com\\\/de\\\/wp-content\\\/uploads\\\/2026\\\/02\\\/71TjzLFLA-L._AC_SL1500_.jpg\",\"datePublished\":\"2026-02-27T07:10:53+00:00\",\"dateModified\":\"2026-02-27T07:11:07+00:00\",\"description\":\"Entdecken Sie smarte Roboter f\u00fcr Zuhause, Garten, Bildung und Sicherheit. Vergleichen Sie Saugroboter, Rasenm\u00e4hroboter, KI-Begleitroboter und mehr bei EasyLifeRobo.\",\"breadcrumb\":{\"@id\":\"https:\\\/\\\/easyliferobo.com\\\/de\\\/product\\\/kfz-werkzeug-profi-mit-greifer-mit-grosser-reichweite-hebelwerkzeug-kfz-montagekissen-und-faeustling-notfallset-zum-oeffnen-von-autotueren-und-fenstern\\\/#breadcrumb\"},\"inLanguage\":\"de\",\"potentialAction\":[{\"@type\":\"ReadAction\",\"target\":[\"https:\\\/\\\/easyliferobo.com\\\/de\\\/product\\\/kfz-werkzeug-profi-mit-greifer-mit-grosser-reichweite-hebelwerkzeug-kfz-montagekissen-und-faeustling-notfallset-zum-oeffnen-von-autotueren-und-fenstern\\\/\"]}]},{\"@type\":\"ImageObject\",\"inLanguage\":\"de\",\"@id\":\"https:\\\/\\\/easyliferobo.com\\\/de\\\/product\\\/kfz-werkzeug-profi-mit-greifer-mit-grosser-reichweite-hebelwerkzeug-kfz-montagekissen-und-faeustling-notfallset-zum-oeffnen-von-autotueren-und-fenstern\\\/#primaryimage\",\"url\":\"https:\\\/\\\/easyliferobo.com\\\/de\\\/wp-content\\\/uploads\\\/2026\\\/02\\\/71TjzLFLA-L._AC_SL1500_.jpg\",\"contentUrl\":\"https:\\\/\\\/easyliferobo.com\\\/de\\\/wp-content\\\/uploads\\\/2026\\\/02\\\/71TjzLFLA-L._AC_SL1500_.jpg\",\"width\":1500,\"height\":1489},{\"@type\":\"BreadcrumbList\",\"@id\":\"https:\\\/\\\/easyliferobo.com\\\/de\\\/product\\\/kfz-werkzeug-profi-mit-greifer-mit-grosser-reichweite-hebelwerkzeug-kfz-montagekissen-und-faeustling-notfallset-zum-oeffnen-von-autotueren-und-fenstern\\\/#breadcrumb\",\"itemListElement\":[{\"@type\":\"ListItem\",\"position\":1,\"name\":\"Home\",\"item\":\"https:\\\/\\\/easyliferobo.com\\\/de\\\/\"},{\"@type\":\"ListItem\",\"position\":2,\"name\":\"Shop\",\"item\":\"https:\\\/\\\/easyliferobo.com\\\/de\\\/shop\\\/\"},{\"@type\":\"ListItem\",\"position\":3,\"name\":\"Kfz-Werkzeug Profi mit Greifer mit ...\"}]},{\"@type\":\"WebSite\",\"@id\":\"https:\\\/\\\/easyliferobo.com\\\/de\\\/#website\",\"url\":\"https:\\\/\\\/easyliferobo.com\\\/de\\\/\",\"name\":\"EasyLifeBro\",\"description\":\"Smarte Roboter f\u00fcr Zuhause, Garten &amp; Bildung\",\"publisher\":{\"@id\":\"https:\\\/\\\/easyliferobo.com\\\/de\\\/#organization\"},\"potentialAction\":[{\"@type\":\"SearchAction\",\"target\":{\"@type\":\"EntryPoint\",\"urlTemplate\":\"https:\\\/\\\/easyliferobo.com\\\/de\\\/?s={search_term_string}\"},\"query-input\":{\"@type\":\"PropertyValueSpecification\",\"valueRequired\":true,\"valueName\":\"search_term_string\"}}],\"inLanguage\":\"de\"},{\"@type\":\"Organization\",\"@id\":\"https:\\\/\\\/easyliferobo.com\\\/de\\\/#organization\",\"name\":\"EasyLifeBro\",\"url\":\"https:\\\/\\\/easyliferobo.com\\\/de\\\/\",\"logo\":{\"@type\":\"ImageObject\",\"inLanguage\":\"de\",\"@id\":\"https:\\\/\\\/easyliferobo.com\\\/de\\\/#\\\/schema\\\/logo\\\/image\\\/\",\"url\":\"https:\\\/\\\/easyliferobo.com\\\/de\\\/wp-content\\\/uploads\\\/2026\\\/02\\\/Screenshot-2026-02-22-at-2.25.03-PM.png\",\"contentUrl\":\"https:\\\/\\\/easyliferobo.com\\\/de\\\/wp-content\\\/uploads\\\/2026\\\/02\\\/Screenshot-2026-02-22-at-2.25.03-PM.png\",\"width\":1858,\"height\":430,\"caption\":\"EasyLifeBro\"},\"image\":{\"@id\":\"https:\\\/\\\/easyliferobo.com\\\/de\\\/#\\\/schema\\\/logo\\\/image\\\/\"}}]}<\/script>\n<!-- \/ Yoast SEO plugin. -->","yoast_head_json":{"title":"Kfz-Werkzeug Profi mit Greifer mit gro\u00dfer Reichweite, Hebelwerkzeug, Kfz-Montagekissen und F\u00e4ustling-Notfallset zum \u00d6ffnen von Autot\u00fcren und -fenstern - EasyLifeBro","description":"Entdecken Sie smarte Roboter f\u00fcr Zuhause, Garten, Bildung und Sicherheit. Vergleichen Sie Saugroboter, Rasenm\u00e4hroboter, KI-Begleitroboter und mehr bei EasyLifeRobo.","robots":{"index":"index","follow":"follow","max-snippet":"max-snippet:-1","max-image-preview":"max-image-preview:large","max-video-preview":"max-video-preview:-1"},"canonical":"https:\/\/easyliferobo.com\/de\/product\/kfz-werkzeug-profi-mit-greifer-mit-grosser-reichweite-hebelwerkzeug-kfz-montagekissen-und-faeustling-notfallset-zum-oeffnen-von-autotueren-und-fenstern\/","og_locale":"de_DE","og_type":"article","og_title":"Kfz-Werkzeug Profi mit Greifer mit gro\u00dfer Reichweite, Hebelwerkzeug, Kfz-Montagekissen und F\u00e4ustling-Notfallset zum \u00d6ffnen von Autot\u00fcren und -fenstern - EasyLifeBro","og_description":"Entdecken Sie smarte Roboter f\u00fcr Zuhause, Garten, Bildung und Sicherheit. Vergleichen Sie Saugroboter, Rasenm\u00e4hroboter, KI-Begleitroboter und mehr bei EasyLifeRobo.","og_url":"https:\/\/easyliferobo.com\/de\/product\/kfz-werkzeug-profi-mit-greifer-mit-grosser-reichweite-hebelwerkzeug-kfz-montagekissen-und-faeustling-notfallset-zum-oeffnen-von-autotueren-und-fenstern\/","og_site_name":"EasyLifeBro","article_modified_time":"2026-02-27T07:11:07+00:00","twitter_card":"summary_large_image","twitter_misc":{"Gesch\u00e4tzte Lesezeit":"2\u00a0Minuten"},"schema":{"@context":"https:\/\/schema.org","@graph":[{"@type":"WebPage","@id":"https:\/\/easyliferobo.com\/de\/product\/kfz-werkzeug-profi-mit-greifer-mit-grosser-reichweite-hebelwerkzeug-kfz-montagekissen-und-faeustling-notfallset-zum-oeffnen-von-autotueren-und-fenstern\/","url":"https:\/\/easyliferobo.com\/de\/product\/kfz-werkzeug-profi-mit-greifer-mit-grosser-reichweite-hebelwerkzeug-kfz-montagekissen-und-faeustling-notfallset-zum-oeffnen-von-autotueren-und-fenstern\/","name":"Kfz-Werkzeug Profi mit Greifer mit gro\u00dfer Reichweite, Hebelwerkzeug, Kfz-Montagekissen und F\u00e4ustling-Notfallset zum \u00d6ffnen von Autot\u00fcren und -fenstern - EasyLifeBro","isPartOf":{"@id":"https:\/\/easyliferobo.com\/de\/#website"},"primaryImageOfPage":{"@id":"https:\/\/easyliferobo.com\/de\/product\/kfz-werkzeug-profi-mit-greifer-mit-grosser-reichweite-hebelwerkzeug-kfz-montagekissen-und-faeustling-notfallset-zum-oeffnen-von-autotueren-und-fenstern\/#primaryimage"},"image":{"@id":"https:\/\/easyliferobo.com\/de\/product\/kfz-werkzeug-profi-mit-greifer-mit-grosser-reichweite-hebelwerkzeug-kfz-montagekissen-und-faeustling-notfallset-zum-oeffnen-von-autotueren-und-fenstern\/#primaryimage"},"thumbnailUrl":"https:\/\/easyliferobo.com\/de\/wp-content\/uploads\/2026\/02\/71TjzLFLA-L._AC_SL1500_.jpg","datePublished":"2026-02-27T07:10:53+00:00","dateModified":"2026-02-27T07:11:07+00:00","description":"Entdecken Sie smarte Roboter f\u00fcr Zuhause, Garten, Bildung und Sicherheit. Vergleichen Sie Saugroboter, Rasenm\u00e4hroboter, KI-Begleitroboter und mehr bei EasyLifeRobo.","breadcrumb":{"@id":"https:\/\/easyliferobo.com\/de\/product\/kfz-werkzeug-profi-mit-greifer-mit-grosser-reichweite-hebelwerkzeug-kfz-montagekissen-und-faeustling-notfallset-zum-oeffnen-von-autotueren-und-fenstern\/#breadcrumb"},"inLanguage":"de","potentialAction":[{"@type":"ReadAction","target":["https:\/\/easyliferobo.com\/de\/product\/kfz-werkzeug-profi-mit-greifer-mit-grosser-reichweite-hebelwerkzeug-kfz-montagekissen-und-faeustling-notfallset-zum-oeffnen-von-autotueren-und-fenstern\/"]}]},{"@type":"ImageObject","inLanguage":"de","@id":"https:\/\/easyliferobo.com\/de\/product\/kfz-werkzeug-profi-mit-greifer-mit-grosser-reichweite-hebelwerkzeug-kfz-montagekissen-und-faeustling-notfallset-zum-oeffnen-von-autotueren-und-fenstern\/#primaryimage","url":"https:\/\/easyliferobo.com\/de\/wp-content\/uploads\/2026\/02\/71TjzLFLA-L._AC_SL1500_.jpg","contentUrl":"https:\/\/easyliferobo.com\/de\/wp-content\/uploads\/2026\/02\/71TjzLFLA-L._AC_SL1500_.jpg","width":1500,"height":1489},{"@type":"BreadcrumbList","@id":"https:\/\/easyliferobo.com\/de\/product\/kfz-werkzeug-profi-mit-greifer-mit-grosser-reichweite-hebelwerkzeug-kfz-montagekissen-und-faeustling-notfallset-zum-oeffnen-von-autotueren-und-fenstern\/#breadcrumb","itemListElement":[{"@type":"ListItem","position":1,"name":"Home","item":"https:\/\/easyliferobo.com\/de\/"},{"@type":"ListItem","position":2,"name":"Shop","item":"https:\/\/easyliferobo.com\/de\/shop\/"},{"@type":"ListItem","position":3,"name":"Kfz-Werkzeug Profi mit Greifer mit ..."}]},{"@type":"WebSite","@id":"https:\/\/easyliferobo.com\/de\/#website","url":"https:\/\/easyliferobo.com\/de\/","name":"EasyLifeBro","description":"Smarte Roboter f\u00fcr Zuhause, Garten &amp; Bildung","publisher":{"@id":"https:\/\/easyliferobo.com\/de\/#organization"},"potentialAction":[{"@type":"SearchAction","target":{"@type":"EntryPoint","urlTemplate":"https:\/\/easyliferobo.com\/de\/?s={search_term_string}"},"query-input":{"@type":"PropertyValueSpecification","valueRequired":true,"valueName":"search_term_string"}}],"inLanguage":"de"},{"@type":"Organization","@id":"https:\/\/easyliferobo.com\/de\/#organization","name":"EasyLifeBro","url":"https:\/\/easyliferobo.com\/de\/","logo":{"@type":"ImageObject","inLanguage":"de","@id":"https:\/\/easyliferobo.com\/de\/#\/schema\/logo\/image\/","url":"https:\/\/easyliferobo.com\/de\/wp-content\/uploads\/2026\/02\/Screenshot-2026-02-22-at-2.25.03-PM.png","contentUrl":"https:\/\/easyliferobo.com\/de\/wp-content\/uploads\/2026\/02\/Screenshot-2026-02-22-at-2.25.03-PM.png","width":1858,"height":430,"caption":"EasyLifeBro"},"image":{"@id":"https:\/\/easyliferobo.com\/de\/#\/schema\/logo\/image\/"}}]}},"_links":{"self":[{"href":"https:\/\/easyliferobo.com\/de\/wp-json\/wp\/v2\/product\/3511","targetHints":{"allow":["GET"]}}],"collection":[{"href":"https:\/\/easyliferobo.com\/de\/wp-json\/wp\/v2\/product"}],"about":[{"href":"https:\/\/easyliferobo.com\/de\/wp-json\/wp\/v2\/types\/product"}],"replies":[{"embeddable":true,"href":"https:\/\/easyliferobo.com\/de\/wp-json\/wp\/v2\/comments?post=3511"}],"wp:featuredmedia":[{"embeddable":true,"href":"https:\/\/easyliferobo.com\/de\/wp-json\/wp\/v2\/media\/3512"}],"wp:attachment":[{"href":"https:\/\/easyliferobo.com\/de\/wp-json\/wp\/v2\/media?parent=3511"}],"wp:term":[{"taxonomy":"store","embeddable":true,"href":"https:\/\/easyliferobo.com\/de\/wp-json\/wp\/v2\/store?post=3511"},{"taxonomy":"product_brand","embeddable":true,"href":"https:\/\/easyliferobo.com\/de\/wp-json\/wp\/v2\/product_brand?post=3511"},{"taxonomy":"product_cat","embeddable":true,"href":"https:\/\/easyliferobo.com\/de\/wp-json\/wp\/v2\/product_cat?post=3511"},{"taxonomy":"product_tag","embeddable":true,"href":"https:\/\/easyliferobo.com\/de\/wp-json\/wp\/v2\/product_tag?post=3511"}],"curies":[{"name":"wp","href":"https:\/\/api.w.org\/{rel}","templated":true}]}}