
{"id":3503,"date":"2026-02-27T07:09:39","date_gmt":"2026-02-27T07:09:39","guid":{"rendered":"https:\/\/easyliferobo.com\/de\/product\/ampel-diy-loetset-elektoloter-led-ampelsystem-loetprojekte-mit-ton-stem-ampel-elektronikbausatz-fuer-zuhause-und-schule\/"},"modified":"2026-02-27T07:09:54","modified_gmt":"2026-02-27T07:09:54","slug":"ampel-diy-loetset-elektoloter-led-ampelsystem-loetprojekte-mit-ton-stem-ampel-elektronikbausatz-fuer-zuhause-und-schule","status":"publish","type":"product","link":"https:\/\/easyliferobo.com\/de\/product\/ampel-diy-loetset-elektoloter-led-ampelsystem-loetprojekte-mit-ton-stem-ampel-elektronikbausatz-fuer-zuhause-und-schule\/","title":{"rendered":"Ampel-DIY-L\u00f6tset, ElektoLoter LED-..."},"content":{"rendered":"<p>\n                                             Von der Marke   <\/p>\n<p>                                              <img decoding=\"async\" alt=\"H\u00e4nde arbeiten mit elektronischen Bauteilen auf einer dunklen Oberfl\u00e4che. Leiterplatten, Dr\u00e4hte und Pr\u00fcfger\u00e4te sichtbar. Die Person scheint elektronische Komponenten zusammenzubauen oder zu testen.\" src=\"https:\/\/images-na.ssl-images-amazon.com\/images\/G\/01\/x-locale\/common\/grey-pixel.gif\" class=\"a-lazy-loaded\" data-src=\"https:\/\/m.media-amazon.com\/images\/S\/aplus-media-library-service-media\/34ea6d5e-1be2-4ca5-b860-764f22bfe80c.__CR0,0,1464,625_PT0_SX1464_V1___.jpg\"><img decoding=\"async\" alt=\"H\u00e4nde arbeiten mit elektronischen Bauteilen auf einer dunklen Oberfl\u00e4che. Leiterplatten, Dr\u00e4hte und Pr\u00fcfger\u00e4te sichtbar. Die Person scheint elektronische Komponenten zusammenzubauen oder zu testen.\" src=\"https:\/\/m.media-amazon.com\/images\/S\/aplus-media-library-service-media\/34ea6d5e-1be2-4ca5-b860-764f22bfe80c.__CR0,0,1464,625_PT0_SX1464_V1___.jpg\">  <\/p>\n<h3>  Lustiges DIY-L\u00f6tset <\/h3>\n<p class=\"apm-brand-story-stores-link\">\n<h3>  Praktisches DIY-L\u00f6tset <\/h3>\n<p class=\"apm-brand-story-stores-link\">\n<p>Ampelsimulationsset: Dieses DIY-Elektronikset enth\u00e4lt rote, gelbe und gr\u00fcne LEDs, um einen echten Ampelzyklus an einer Kreuzung zu simulieren. Ein integrierter Lichtsensor schaltet bei Dunkelheit automatisch eine wei\u00dfe LED ein \u2013 wie eine Stra\u00dfenlaterne in der D\u00e4mmerung. Ideal f\u00fcr Jugendliche, um spielerisch Ampeln, Verkehrssicherheit und Grundelektronik zu erlernen.<br \/>Modi und Zeitsteuerung: Das Kit bietet automatische und manuelle Lichtumschaltung. Im Automatikmodus wechseln die LEDs selbstst\u00e4ndig entsprechend der Ampelreihenfolge. Im manuellen Modus k\u00f6nnen Sie die Beleuchtung per Knopfdruck steuern. \u00dcber DIP-Schalter k\u00f6nnen Sie zwischen 15, 30, 45 und 60 Sekunden Schaltzeit w\u00e4hlen \u2013 perfekt f\u00fcr Unterricht, Pr\u00e4sentationen oder Experimente.<br \/>Interaktives Lernerlebnis: Die Platine ist mit Fahrspuren und Zebrastreifen bedruckt und simuliert eine echte Kreuzung. Beim Wechsel von Rot auf Gr\u00fcn ert\u00f6nt ein akustisches Signal. Zwei mitgelieferte Miniautos reagieren auf die Lichtsignale und verst\u00e4rken den Realismus. Dadurch entsteht ein vollst\u00e4ndiges Verkehrsszenario mit aktiver Beteiligung der Lernenden.<br \/>STEM-Lernset zum L\u00f6ten: Der \u00fcbersichtlich beschriftete Schaltplan erleichtert den L\u00f6tvorgang und f\u00f6rdert das praktische Lernen. Das Kit ist ideal f\u00fcr die Vermittlung grundlegender mechanischer und elektronischer Prinzipien und unterst\u00fctzt den MINT-Unterricht sowie Experimente zur Hinderniserkennung. Geeignet f\u00fcr alle Erfahrungsstufen \u2013 vom Anf\u00e4nger bis zum Fortgeschrittenen.<br \/>Farbiges Handbuch in Papierform: Das Set enth\u00e4lt ein gedrucktes, farbiges Handbuch mit klaren Schritten und Abbildungen. Dies macht die Installation einfach und stressfrei. Obwohl der Bausatz f\u00fcr Anf\u00e4nger geeignet ist, werden f\u00fcr das beste Ergebnis Grundkenntnisse in Elektronik, L\u00f6ten und praktische F\u00e4higkeiten empfohlen.<\/p>\n<p>[ad_2]<\/p>\n","protected":false},"excerpt":{"rendered":"<p>Von der Marke Lustiges DIY-L\u00f6tset Praktisches DIY-L\u00f6tset Ampelsimulationsset: Dieses DIY-Elektronikset enth\u00e4lt rote, gelbe und gr\u00fcne LEDs, um einen echten Ampelzyklus an einer Kreuzung zu simulieren. Ein integrierter Lichtsensor schaltet bei Dunkelheit automatisch eine wei\u00dfe LED ein \u2013 wie eine Stra\u00dfenlaterne in der D\u00e4mmerung. Ideal f\u00fcr Jugendliche, um spielerisch Ampeln, Verkehrssicherheit und Grundelektronik zu erlernen.Modi und [&hellip;]<\/p>\n","protected":false},"featured_media":3504,"comment_status":"open","ping_status":"closed","template":"","meta":{"_aipt_faq_data":""},"store":[],"product_brand":[434],"product_cat":[101],"product_tag":[320],"class_list":{"0":"post-3503","1":"product","2":"type-product","3":"status-publish","4":"has-post-thumbnail","6":"product_brand-elektoloter","7":"product_cat-diy-automatisierungskits","8":"product_tag-diy-automatisierungskits-fuer-beleuchtung","10":"first","11":"instock","12":"sale","13":"shipping-taxable","14":"product-type-external"},"yoast_head":"<!-- This site is optimized with the Yoast SEO plugin v27.0 - https:\/\/yoast.com\/product\/yoast-seo-wordpress\/ -->\n<title>Ampel-DIY-L\u00f6tset, ElektoLoter LED-Ampelsystem-L\u00f6tprojekte mit Ton, STEM-Ampel-Elektronikbausatz f\u00fcr Zuhause und Schule - EasyLifeBro<\/title>\n<meta name=\"description\" content=\"Entdecken Sie smarte Roboter f\u00fcr Zuhause, Garten, Bildung und Sicherheit. Vergleichen Sie Saugroboter, Rasenm\u00e4hroboter, KI-Begleitroboter und mehr bei EasyLifeRobo.\" \/>\n<meta name=\"robots\" content=\"index, follow, max-snippet:-1, max-image-preview:large, max-video-preview:-1\" \/>\n<link rel=\"canonical\" href=\"https:\/\/easyliferobo.com\/de\/product\/ampel-diy-loetset-elektoloter-led-ampelsystem-loetprojekte-mit-ton-stem-ampel-elektronikbausatz-fuer-zuhause-und-schule\/\" \/>\n<meta property=\"og:locale\" content=\"de_DE\" \/>\n<meta property=\"og:type\" content=\"article\" \/>\n<meta property=\"og:title\" content=\"Ampel-DIY-L\u00f6tset, ElektoLoter LED-Ampelsystem-L\u00f6tprojekte mit Ton, STEM-Ampel-Elektronikbausatz f\u00fcr Zuhause und Schule - EasyLifeBro\" \/>\n<meta property=\"og:description\" content=\"Entdecken Sie smarte Roboter f\u00fcr Zuhause, Garten, Bildung und Sicherheit. Vergleichen Sie Saugroboter, Rasenm\u00e4hroboter, KI-Begleitroboter und mehr bei EasyLifeRobo.\" \/>\n<meta property=\"og:url\" content=\"https:\/\/easyliferobo.com\/de\/product\/ampel-diy-loetset-elektoloter-led-ampelsystem-loetprojekte-mit-ton-stem-ampel-elektronikbausatz-fuer-zuhause-und-schule\/\" \/>\n<meta property=\"og:site_name\" content=\"EasyLifeBro\" \/>\n<meta property=\"article:modified_time\" content=\"2026-02-27T07:09:54+00:00\" \/>\n<meta property=\"og:image\" content=\"https:\/\/images-na.ssl-images-amazon.com\/images\/G\/01\/x-locale\/common\/grey-pixel.gif\" \/>\n<meta name=\"twitter:card\" content=\"summary_large_image\" \/>\n<meta name=\"twitter:label1\" content=\"Gesch\u00e4tzte Lesezeit\" \/>\n\t<meta name=\"twitter:data1\" content=\"1\u00a0Minute\" \/>\n<script type=\"application\/ld+json\" class=\"yoast-schema-graph\">{\"@context\":\"https:\/\/schema.org\",\"@graph\":[{\"@type\":\"WebPage\",\"@id\":\"https:\/\/easyliferobo.com\/de\/product\/ampel-diy-loetset-elektoloter-led-ampelsystem-loetprojekte-mit-ton-stem-ampel-elektronikbausatz-fuer-zuhause-und-schule\/\",\"url\":\"https:\/\/easyliferobo.com\/de\/product\/ampel-diy-loetset-elektoloter-led-ampelsystem-loetprojekte-mit-ton-stem-ampel-elektronikbausatz-fuer-zuhause-und-schule\/\",\"name\":\"Ampel-DIY-L\u00f6tset, ElektoLoter LED-Ampelsystem-L\u00f6tprojekte mit Ton, STEM-Ampel-Elektronikbausatz f\u00fcr Zuhause und Schule - EasyLifeBro\",\"isPartOf\":{\"@id\":\"https:\/\/easyliferobo.com\/de\/#website\"},\"primaryImageOfPage\":{\"@id\":\"https:\/\/easyliferobo.com\/de\/product\/ampel-diy-loetset-elektoloter-led-ampelsystem-loetprojekte-mit-ton-stem-ampel-elektronikbausatz-fuer-zuhause-und-schule\/#primaryimage\"},\"image\":{\"@id\":\"https:\/\/easyliferobo.com\/de\/product\/ampel-diy-loetset-elektoloter-led-ampelsystem-loetprojekte-mit-ton-stem-ampel-elektronikbausatz-fuer-zuhause-und-schule\/#primaryimage\"},\"thumbnailUrl\":\"https:\/\/easyliferobo.com\/de\/wp-content\/uploads\/2026\/02\/71Ioi8rydgL._AC_SL1500_.jpg\",\"datePublished\":\"2026-02-27T07:09:39+00:00\",\"dateModified\":\"2026-02-27T07:09:54+00:00\",\"description\":\"Entdecken Sie smarte Roboter f\u00fcr Zuhause, Garten, Bildung und Sicherheit. Vergleichen Sie Saugroboter, Rasenm\u00e4hroboter, KI-Begleitroboter und mehr bei EasyLifeRobo.\",\"breadcrumb\":{\"@id\":\"https:\/\/easyliferobo.com\/de\/product\/ampel-diy-loetset-elektoloter-led-ampelsystem-loetprojekte-mit-ton-stem-ampel-elektronikbausatz-fuer-zuhause-und-schule\/#breadcrumb\"},\"inLanguage\":\"de\",\"potentialAction\":[{\"@type\":\"ReadAction\",\"target\":[\"https:\/\/easyliferobo.com\/de\/product\/ampel-diy-loetset-elektoloter-led-ampelsystem-loetprojekte-mit-ton-stem-ampel-elektronikbausatz-fuer-zuhause-und-schule\/\"]}]},{\"@type\":\"ImageObject\",\"inLanguage\":\"de\",\"@id\":\"https:\/\/easyliferobo.com\/de\/product\/ampel-diy-loetset-elektoloter-led-ampelsystem-loetprojekte-mit-ton-stem-ampel-elektronikbausatz-fuer-zuhause-und-schule\/#primaryimage\",\"url\":\"https:\/\/easyliferobo.com\/de\/wp-content\/uploads\/2026\/02\/71Ioi8rydgL._AC_SL1500_.jpg\",\"contentUrl\":\"https:\/\/easyliferobo.com\/de\/wp-content\/uploads\/2026\/02\/71Ioi8rydgL._AC_SL1500_.jpg\",\"width\":1500,\"height\":1217},{\"@type\":\"BreadcrumbList\",\"@id\":\"https:\/\/easyliferobo.com\/de\/product\/ampel-diy-loetset-elektoloter-led-ampelsystem-loetprojekte-mit-ton-stem-ampel-elektronikbausatz-fuer-zuhause-und-schule\/#breadcrumb\",\"itemListElement\":[{\"@type\":\"ListItem\",\"position\":1,\"name\":\"Home\",\"item\":\"https:\/\/easyliferobo.com\/de\/\"},{\"@type\":\"ListItem\",\"position\":2,\"name\":\"Shop\",\"item\":\"https:\/\/easyliferobo.com\/de\/shop\/\"},{\"@type\":\"ListItem\",\"position\":3,\"name\":\"Ampel-DIY-L\u00f6tset, ElektoLoter LED-...\"}]},{\"@type\":\"WebSite\",\"@id\":\"https:\/\/easyliferobo.com\/de\/#website\",\"url\":\"https:\/\/easyliferobo.com\/de\/\",\"name\":\"EasyLifeBro\",\"description\":\"Smarte Roboter f\u00fcr Zuhause, Garten &amp; Bildung\",\"publisher\":{\"@id\":\"https:\/\/easyliferobo.com\/de\/#organization\"},\"potentialAction\":[{\"@type\":\"SearchAction\",\"target\":{\"@type\":\"EntryPoint\",\"urlTemplate\":\"https:\/\/easyliferobo.com\/de\/?s={search_term_string}\"},\"query-input\":{\"@type\":\"PropertyValueSpecification\",\"valueRequired\":true,\"valueName\":\"search_term_string\"}}],\"inLanguage\":\"de\"},{\"@type\":\"Organization\",\"@id\":\"https:\/\/easyliferobo.com\/de\/#organization\",\"name\":\"EasyLifeBro\",\"url\":\"https:\/\/easyliferobo.com\/de\/\",\"logo\":{\"@type\":\"ImageObject\",\"inLanguage\":\"de\",\"@id\":\"https:\/\/easyliferobo.com\/de\/#\/schema\/logo\/image\/\",\"url\":\"https:\/\/easyliferobo.com\/de\/wp-content\/uploads\/2026\/02\/Screenshot-2026-02-22-at-2.25.03-PM.png\",\"contentUrl\":\"https:\/\/easyliferobo.com\/de\/wp-content\/uploads\/2026\/02\/Screenshot-2026-02-22-at-2.25.03-PM.png\",\"width\":1858,\"height\":430,\"caption\":\"EasyLifeBro\"},\"image\":{\"@id\":\"https:\/\/easyliferobo.com\/de\/#\/schema\/logo\/image\/\"}}]}<\/script>\n<!-- \/ Yoast SEO plugin. -->","yoast_head_json":{"title":"Ampel-DIY-L\u00f6tset, ElektoLoter LED-Ampelsystem-L\u00f6tprojekte mit Ton, STEM-Ampel-Elektronikbausatz f\u00fcr Zuhause und Schule - EasyLifeBro","description":"Entdecken Sie smarte Roboter f\u00fcr Zuhause, Garten, Bildung und Sicherheit. Vergleichen Sie Saugroboter, Rasenm\u00e4hroboter, KI-Begleitroboter und mehr bei EasyLifeRobo.","robots":{"index":"index","follow":"follow","max-snippet":"max-snippet:-1","max-image-preview":"max-image-preview:large","max-video-preview":"max-video-preview:-1"},"canonical":"https:\/\/easyliferobo.com\/de\/product\/ampel-diy-loetset-elektoloter-led-ampelsystem-loetprojekte-mit-ton-stem-ampel-elektronikbausatz-fuer-zuhause-und-schule\/","og_locale":"de_DE","og_type":"article","og_title":"Ampel-DIY-L\u00f6tset, ElektoLoter LED-Ampelsystem-L\u00f6tprojekte mit Ton, STEM-Ampel-Elektronikbausatz f\u00fcr Zuhause und Schule - EasyLifeBro","og_description":"Entdecken Sie smarte Roboter f\u00fcr Zuhause, Garten, Bildung und Sicherheit. Vergleichen Sie Saugroboter, Rasenm\u00e4hroboter, KI-Begleitroboter und mehr bei EasyLifeRobo.","og_url":"https:\/\/easyliferobo.com\/de\/product\/ampel-diy-loetset-elektoloter-led-ampelsystem-loetprojekte-mit-ton-stem-ampel-elektronikbausatz-fuer-zuhause-und-schule\/","og_site_name":"EasyLifeBro","article_modified_time":"2026-02-27T07:09:54+00:00","og_image":[{"url":"https:\/\/images-na.ssl-images-amazon.com\/images\/G\/01\/x-locale\/common\/grey-pixel.gif","type":"","width":"","height":""}],"twitter_card":"summary_large_image","twitter_misc":{"Gesch\u00e4tzte Lesezeit":"1\u00a0Minute"},"schema":{"@context":"https:\/\/schema.org","@graph":[{"@type":"WebPage","@id":"https:\/\/easyliferobo.com\/de\/product\/ampel-diy-loetset-elektoloter-led-ampelsystem-loetprojekte-mit-ton-stem-ampel-elektronikbausatz-fuer-zuhause-und-schule\/","url":"https:\/\/easyliferobo.com\/de\/product\/ampel-diy-loetset-elektoloter-led-ampelsystem-loetprojekte-mit-ton-stem-ampel-elektronikbausatz-fuer-zuhause-und-schule\/","name":"Ampel-DIY-L\u00f6tset, ElektoLoter LED-Ampelsystem-L\u00f6tprojekte mit Ton, STEM-Ampel-Elektronikbausatz f\u00fcr Zuhause und Schule - EasyLifeBro","isPartOf":{"@id":"https:\/\/easyliferobo.com\/de\/#website"},"primaryImageOfPage":{"@id":"https:\/\/easyliferobo.com\/de\/product\/ampel-diy-loetset-elektoloter-led-ampelsystem-loetprojekte-mit-ton-stem-ampel-elektronikbausatz-fuer-zuhause-und-schule\/#primaryimage"},"image":{"@id":"https:\/\/easyliferobo.com\/de\/product\/ampel-diy-loetset-elektoloter-led-ampelsystem-loetprojekte-mit-ton-stem-ampel-elektronikbausatz-fuer-zuhause-und-schule\/#primaryimage"},"thumbnailUrl":"https:\/\/easyliferobo.com\/de\/wp-content\/uploads\/2026\/02\/71Ioi8rydgL._AC_SL1500_.jpg","datePublished":"2026-02-27T07:09:39+00:00","dateModified":"2026-02-27T07:09:54+00:00","description":"Entdecken Sie smarte Roboter f\u00fcr Zuhause, Garten, Bildung und Sicherheit. Vergleichen Sie Saugroboter, Rasenm\u00e4hroboter, KI-Begleitroboter und mehr bei EasyLifeRobo.","breadcrumb":{"@id":"https:\/\/easyliferobo.com\/de\/product\/ampel-diy-loetset-elektoloter-led-ampelsystem-loetprojekte-mit-ton-stem-ampel-elektronikbausatz-fuer-zuhause-und-schule\/#breadcrumb"},"inLanguage":"de","potentialAction":[{"@type":"ReadAction","target":["https:\/\/easyliferobo.com\/de\/product\/ampel-diy-loetset-elektoloter-led-ampelsystem-loetprojekte-mit-ton-stem-ampel-elektronikbausatz-fuer-zuhause-und-schule\/"]}]},{"@type":"ImageObject","inLanguage":"de","@id":"https:\/\/easyliferobo.com\/de\/product\/ampel-diy-loetset-elektoloter-led-ampelsystem-loetprojekte-mit-ton-stem-ampel-elektronikbausatz-fuer-zuhause-und-schule\/#primaryimage","url":"https:\/\/easyliferobo.com\/de\/wp-content\/uploads\/2026\/02\/71Ioi8rydgL._AC_SL1500_.jpg","contentUrl":"https:\/\/easyliferobo.com\/de\/wp-content\/uploads\/2026\/02\/71Ioi8rydgL._AC_SL1500_.jpg","width":1500,"height":1217},{"@type":"BreadcrumbList","@id":"https:\/\/easyliferobo.com\/de\/product\/ampel-diy-loetset-elektoloter-led-ampelsystem-loetprojekte-mit-ton-stem-ampel-elektronikbausatz-fuer-zuhause-und-schule\/#breadcrumb","itemListElement":[{"@type":"ListItem","position":1,"name":"Home","item":"https:\/\/easyliferobo.com\/de\/"},{"@type":"ListItem","position":2,"name":"Shop","item":"https:\/\/easyliferobo.com\/de\/shop\/"},{"@type":"ListItem","position":3,"name":"Ampel-DIY-L\u00f6tset, ElektoLoter LED-..."}]},{"@type":"WebSite","@id":"https:\/\/easyliferobo.com\/de\/#website","url":"https:\/\/easyliferobo.com\/de\/","name":"EasyLifeBro","description":"Smarte Roboter f\u00fcr Zuhause, Garten &amp; Bildung","publisher":{"@id":"https:\/\/easyliferobo.com\/de\/#organization"},"potentialAction":[{"@type":"SearchAction","target":{"@type":"EntryPoint","urlTemplate":"https:\/\/easyliferobo.com\/de\/?s={search_term_string}"},"query-input":{"@type":"PropertyValueSpecification","valueRequired":true,"valueName":"search_term_string"}}],"inLanguage":"de"},{"@type":"Organization","@id":"https:\/\/easyliferobo.com\/de\/#organization","name":"EasyLifeBro","url":"https:\/\/easyliferobo.com\/de\/","logo":{"@type":"ImageObject","inLanguage":"de","@id":"https:\/\/easyliferobo.com\/de\/#\/schema\/logo\/image\/","url":"https:\/\/easyliferobo.com\/de\/wp-content\/uploads\/2026\/02\/Screenshot-2026-02-22-at-2.25.03-PM.png","contentUrl":"https:\/\/easyliferobo.com\/de\/wp-content\/uploads\/2026\/02\/Screenshot-2026-02-22-at-2.25.03-PM.png","width":1858,"height":430,"caption":"EasyLifeBro"},"image":{"@id":"https:\/\/easyliferobo.com\/de\/#\/schema\/logo\/image\/"}}]}},"_links":{"self":[{"href":"https:\/\/easyliferobo.com\/de\/wp-json\/wp\/v2\/product\/3503","targetHints":{"allow":["GET"]}}],"collection":[{"href":"https:\/\/easyliferobo.com\/de\/wp-json\/wp\/v2\/product"}],"about":[{"href":"https:\/\/easyliferobo.com\/de\/wp-json\/wp\/v2\/types\/product"}],"replies":[{"embeddable":true,"href":"https:\/\/easyliferobo.com\/de\/wp-json\/wp\/v2\/comments?post=3503"}],"wp:featuredmedia":[{"embeddable":true,"href":"https:\/\/easyliferobo.com\/de\/wp-json\/wp\/v2\/media\/3504"}],"wp:attachment":[{"href":"https:\/\/easyliferobo.com\/de\/wp-json\/wp\/v2\/media?parent=3503"}],"wp:term":[{"taxonomy":"store","embeddable":true,"href":"https:\/\/easyliferobo.com\/de\/wp-json\/wp\/v2\/store?post=3503"},{"taxonomy":"product_brand","embeddable":true,"href":"https:\/\/easyliferobo.com\/de\/wp-json\/wp\/v2\/product_brand?post=3503"},{"taxonomy":"product_cat","embeddable":true,"href":"https:\/\/easyliferobo.com\/de\/wp-json\/wp\/v2\/product_cat?post=3503"},{"taxonomy":"product_tag","embeddable":true,"href":"https:\/\/easyliferobo.com\/de\/wp-json\/wp\/v2\/product_tag?post=3503"}],"curies":[{"name":"wp","href":"https:\/\/api.w.org\/{rel}","templated":true}]}}