
{"id":3485,"date":"2026-02-27T07:07:32","date_gmt":"2026-02-27T07:07:32","guid":{"rendered":"https:\/\/easyliferobo.com\/de\/product\/37-v-lipo-usb-ladegeraete-fuer-uav-fpv-drone-ersatzteile-37-v-ladegeraet-racing-drone-37-v-ladekabel-lipo-ladegeraet\/"},"modified":"2026-02-27T07:07:49","modified_gmt":"2026-02-27T07:07:49","slug":"37-v-lipo-usb-ladegeraete-fuer-uav-fpv-drone-ersatzteile-37-v-ladegeraet-racing-drone-37-v-ladekabel-lipo-ladegeraet","status":"publish","type":"product","link":"https:\/\/easyliferobo.com\/de\/product\/37-v-lipo-usb-ladegeraete-fuer-uav-fpv-drone-ersatzteile-37-v-ladegeraet-racing-drone-37-v-ladekabel-lipo-ladegeraet\/","title":{"rendered":"3,7 V Lipo USB Ladeger\u00e4te f\u00fcr UAV..."},"content":{"rendered":"<p>\n                                             Produktbeschreibung   <\/p>\n<p>                                                                             <img decoding=\"async\" alt=\"Der Text lautet \u201eHOCHLEISTUNG\u201c, \u201eOptimiertes LSB-Ladeger\u00e4t\u201c, \u201eUniversal Kompatibel\u201c, \u201eIntegrierter Schutz\u201c, \u201eStandard XH2.54\u201c. Produktfotos des Ladeger\u00e4ts mit technischen Spezifikationen und Schnittstellenanschl\u00fcssen.\" src=\"https:\/\/images-na.ssl-images-amazon.com\/images\/G\/01\/x-locale\/common\/grey-pixel.gif\" class=\"a-spacing-base a-lazy-loaded\" data-src=\"https:\/\/m.media-amazon.com\/images\/S\/aplus-media-library-service-media\/c38d1ecf-1bd3-4f4a-8fd1-d1b6a27ba4af.__CR0,84,2400,1485_PT0_SX970_V1___.png\"><img decoding=\"async\" alt=\"Der Text lautet \u201eHOCHLEISTUNG\u201c, \u201eOptimiertes LSB-Ladeger\u00e4t\u201c, \u201eUniversal Kompatibel\u201c, \u201eIntegrierter Schutz\u201c, \u201eStandard XH2.54\u201c. Produktfotos des Ladeger\u00e4ts mit technischen Spezifikationen und Schnittstellenanschl\u00fcssen.\" src=\"https:\/\/m.media-amazon.com\/images\/S\/aplus-media-library-service-media\/c38d1ecf-1bd3-4f4a-8fd1-d1b6a27ba4af.__CR0,84,2400,1485_PT0_SX970_V1___.png\">                                                                    <\/p>\n<p>                                                                             <img decoding=\"async\" alt=\"Aplus-Inhaltsbild\" src=\"https:\/\/images-na.ssl-images-amazon.com\/images\/G\/01\/x-locale\/common\/grey-pixel.gif\" class=\"a-spacing-base a-lazy-loaded\" data-src=\"https:\/\/m.media-amazon.com\/images\/S\/aplus-media-library-service-media\/7087d844-8644-4757-bc08-b31939d6c877.__CR0,154,2400,1485_PT0_SX970_V1___.png\"><img decoding=\"async\" alt=\"Aplus-Inhaltsbild\" src=\"https:\/\/m.media-amazon.com\/images\/S\/aplus-media-library-service-media\/7087d844-8644-4757-bc08-b31939d6c877.__CR0,154,2400,1485_PT0_SX970_V1___.png\">                                                                    <\/p>\n<p>                                                                             <img decoding=\"async\" alt=\"Der Text lautet \u201e3,7V LEISTUNG\u201c. Zeigt schwarze USB-Ger\u00e4te oder Ladeger\u00e4te vor einem dunklen strukturierten Hintergrund mit technischen Spezifikationen.\" src=\"https:\/\/images-na.ssl-images-amazon.com\/images\/G\/01\/x-locale\/common\/grey-pixel.gif\" class=\"a-spacing-base a-lazy-loaded\" data-src=\"https:\/\/m.media-amazon.com\/images\/S\/aplus-media-library-service-media\/41750db7-cd59-47b7-8413-150a7e732830.__CR0,154,2400,1485_PT0_SX970_V1___.png\"><img decoding=\"async\" alt=\"Der Text lautet \u201e3,7V LEISTUNG\u201c. Zeigt schwarze USB-Ger\u00e4te oder Ladeger\u00e4te vor einem dunklen strukturierten Hintergrund mit technischen Spezifikationen.\" src=\"https:\/\/m.media-amazon.com\/images\/S\/aplus-media-library-service-media\/41750db7-cd59-47b7-8413-150a7e732830.__CR0,154,2400,1485_PT0_SX970_V1___.png\">                                                                    <\/p>\n<p>                                                                             <img decoding=\"async\" alt=\"Aplus-Inhaltsbild\" src=\"https:\/\/images-na.ssl-images-amazon.com\/images\/G\/01\/x-locale\/common\/grey-pixel.gif\" class=\"a-spacing-base a-lazy-loaded\" data-src=\"https:\/\/m.media-amazon.com\/images\/S\/aplus-media-library-service-media\/c2af5499-2cb6-492c-997c-33b58bfd5935.__CR0,154,2400,1485_PT0_SX970_V1___.png\"><img decoding=\"async\" alt=\"Aplus-Inhaltsbild\" src=\"https:\/\/m.media-amazon.com\/images\/S\/aplus-media-library-service-media\/c2af5499-2cb6-492c-997c-33b58bfd5935.__CR0,154,2400,1485_PT0_SX970_V1___.png\">                                                                    <\/p>\n<p>                                                                             <img decoding=\"async\" alt=\"Aplus-Inhaltsbild\" src=\"https:\/\/images-na.ssl-images-amazon.com\/images\/G\/01\/x-locale\/common\/grey-pixel.gif\" class=\"a-spacing-base a-lazy-loaded\" data-src=\"https:\/\/m.media-amazon.com\/images\/S\/aplus-media-library-service-media\/494e01f7-dad2-476a-afb9-8c7a693fdaac.__CR0,217,2048,1267_PT0_SX970_V1___.png\"><img decoding=\"async\" alt=\"Aplus-Inhaltsbild\" src=\"https:\/\/m.media-amazon.com\/images\/S\/aplus-media-library-service-media\/494e01f7-dad2-476a-afb9-8c7a693fdaac.__CR0,217,2048,1267_PT0_SX970_V1___.png\">                                                                    <\/p>\n<p>                                                                             <img decoding=\"async\" alt=\"Aplus-Inhaltsbild\" src=\"https:\/\/images-na.ssl-images-amazon.com\/images\/G\/01\/x-locale\/common\/grey-pixel.gif\" class=\"a-spacing-base a-lazy-loaded\" data-src=\"https:\/\/m.media-amazon.com\/images\/S\/aplus-media-library-service-media\/f86cfcbc-46f7-4ac8-88e3-e8f0e1448655.__CR0,657,2048,1267_PT0_SX970_V1___.png\"><img decoding=\"async\" alt=\"Aplus-Inhaltsbild\" src=\"https:\/\/m.media-amazon.com\/images\/S\/aplus-media-library-service-media\/f86cfcbc-46f7-4ac8-88e3-e8f0e1448655.__CR0,657,2048,1267_PT0_SX970_V1___.png\">                                                                    <\/p>\n<p>                                                                             <img decoding=\"async\" alt=\"Der Text lautet \u201eAKKUTYP\u201c. Mehrere Bilder zeigen die Einrichtung des kabellosen Ladens mit Laptops und Ger\u00e4ten, einschlie\u00dflich eines blauen technischen Diagramms der Batteriekomponente.\" src=\"https:\/\/images-na.ssl-images-amazon.com\/images\/G\/01\/x-locale\/common\/grey-pixel.gif\" class=\"a-spacing-base a-lazy-loaded\" data-src=\"https:\/\/m.media-amazon.com\/images\/S\/aplus-media-library-service-media\/1287ea5a-43a9-4d12-b06e-180d65d54e8d.__CR0,652,2048,1267_PT0_SX970_V1___.png\"><img decoding=\"async\" alt=\"Der Text lautet \u201eAKKUTYP\u201c. Mehrere Bilder zeigen die Einrichtung des kabellosen Ladens mit Laptops und Ger\u00e4ten, einschlie\u00dflich eines blauen technischen Diagramms der Batteriekomponente.\" src=\"https:\/\/m.media-amazon.com\/images\/S\/aplus-media-library-service-media\/1287ea5a-43a9-4d12-b06e-180d65d54e8d.__CR0,652,2048,1267_PT0_SX970_V1___.png\">                                                                    <\/p>\n<p>3,7 V 500 mAh wiederaufladbares Lithium-Polymer-Ladeger\u00e4t<br \/>3,7-V-Ladeger\u00e4t mit XH2.54-Anschluss, passend f\u00fcr die meisten 3,7-V-Ladeger\u00e4te f\u00fcr Quadrocopter-Boote, Drohnen und LKWs.<br \/>Einfache LED-Anzeigen zeigen an, dass sich Ihr Ger\u00e4t automatisch ausschaltet, wenn es vollst\u00e4ndig aufgeladen ist.<br \/>Interner Ladeausgang mit Umkehrstecker zum Schutz, intelligente Last zum Schutz, Vermeidung von \u00dcberlaststrom und Spannungseingang, um Sch\u00e4den zu verursachen.<br \/>Der Stecker verf\u00fcgt \u00fcber ein Schnappdesign, das sicher und dicht ist und ein Aufladen ohne Leckage erm\u00f6glicht.<\/p>\n<p>[ad_2]<\/p>\n","protected":false},"excerpt":{"rendered":"<p>Produktbeschreibung 3,7 V 500 mAh wiederaufladbares Lithium-Polymer-Ladeger\u00e4t3,7-V-Ladeger\u00e4t mit XH2.54-Anschluss, passend f\u00fcr die meisten 3,7-V-Ladeger\u00e4te f\u00fcr Quadrocopter-Boote, Drohnen und LKWs.Einfache LED-Anzeigen zeigen an, dass sich Ihr Ger\u00e4t automatisch ausschaltet, wenn es vollst\u00e4ndig aufgeladen ist.Interner Ladeausgang mit Umkehrstecker zum Schutz, intelligente Last zum Schutz, Vermeidung von \u00dcberlaststrom und Spannungseingang, um Sch\u00e4den zu verursachen.Der Stecker verf\u00fcgt \u00fcber ein [&hellip;]<\/p>\n","protected":false},"featured_media":3486,"comment_status":"open","ping_status":"closed","template":"","meta":{"_aipt_faq_data":""},"store":[],"product_brand":[432],"product_cat":[104],"product_tag":[317],"class_list":{"0":"post-3485","1":"product","2":"type-product","3":"status-publish","4":"has-post-thumbnail","6":"product_brand-limtula","7":"product_cat-fpv-drohnen","8":"product_tag-fpv-drohnen-ersatzteile","10":"first","11":"instock","12":"shipping-taxable","13":"product-type-external"},"yoast_head":"<!-- This site is optimized with the Yoast SEO plugin v27.4 - https:\/\/yoast.com\/product\/yoast-seo-wordpress\/ -->\n<title>3,7 V Lipo USB Ladeger\u00e4te f\u00fcr UAV FPV Drone Ersatzteile 3,7 V Ladeger\u00e4t Racing Drone 3,7 V Ladekabel Lipo Ladeger\u00e4t - EasyLifeBro<\/title>\n<meta name=\"description\" content=\"Entdecken Sie smarte Roboter f\u00fcr Zuhause, Garten, Bildung und Sicherheit. Vergleichen Sie Saugroboter, Rasenm\u00e4hroboter, KI-Begleitroboter und mehr bei EasyLifeRobo.\" \/>\n<meta name=\"robots\" content=\"index, follow, max-snippet:-1, max-image-preview:large, max-video-preview:-1\" \/>\n<link rel=\"canonical\" href=\"https:\/\/easyliferobo.com\/de\/product\/37-v-lipo-usb-ladegeraete-fuer-uav-fpv-drone-ersatzteile-37-v-ladegeraet-racing-drone-37-v-ladekabel-lipo-ladegeraet\/\" \/>\n<meta property=\"og:locale\" content=\"de_DE\" \/>\n<meta property=\"og:type\" content=\"article\" \/>\n<meta property=\"og:title\" content=\"3,7 V Lipo USB Ladeger\u00e4te f\u00fcr UAV FPV Drone Ersatzteile 3,7 V Ladeger\u00e4t Racing Drone 3,7 V Ladekabel Lipo Ladeger\u00e4t - EasyLifeBro\" \/>\n<meta property=\"og:description\" content=\"Entdecken Sie smarte Roboter f\u00fcr Zuhause, Garten, Bildung und Sicherheit. Vergleichen Sie Saugroboter, Rasenm\u00e4hroboter, KI-Begleitroboter und mehr bei EasyLifeRobo.\" \/>\n<meta property=\"og:url\" content=\"https:\/\/easyliferobo.com\/de\/product\/37-v-lipo-usb-ladegeraete-fuer-uav-fpv-drone-ersatzteile-37-v-ladegeraet-racing-drone-37-v-ladekabel-lipo-ladegeraet\/\" \/>\n<meta property=\"og:site_name\" content=\"EasyLifeBro\" \/>\n<meta property=\"article:modified_time\" content=\"2026-02-27T07:07:49+00:00\" \/>\n<meta property=\"og:image\" content=\"https:\/\/images-na.ssl-images-amazon.com\/images\/G\/01\/x-locale\/common\/grey-pixel.gif\" \/>\n<meta name=\"twitter:card\" content=\"summary_large_image\" \/>\n<script type=\"application\/ld+json\" class=\"yoast-schema-graph\">{\"@context\":\"https:\\\/\\\/schema.org\",\"@graph\":[{\"@type\":\"WebPage\",\"@id\":\"https:\\\/\\\/easyliferobo.com\\\/de\\\/product\\\/37-v-lipo-usb-ladegeraete-fuer-uav-fpv-drone-ersatzteile-37-v-ladegeraet-racing-drone-37-v-ladekabel-lipo-ladegeraet\\\/\",\"url\":\"https:\\\/\\\/easyliferobo.com\\\/de\\\/product\\\/37-v-lipo-usb-ladegeraete-fuer-uav-fpv-drone-ersatzteile-37-v-ladegeraet-racing-drone-37-v-ladekabel-lipo-ladegeraet\\\/\",\"name\":\"3,7 V Lipo USB Ladeger\u00e4te f\u00fcr UAV FPV Drone Ersatzteile 3,7 V Ladeger\u00e4t Racing Drone 3,7 V Ladekabel Lipo Ladeger\u00e4t - EasyLifeBro\",\"isPartOf\":{\"@id\":\"https:\\\/\\\/easyliferobo.com\\\/de\\\/#website\"},\"primaryImageOfPage\":{\"@id\":\"https:\\\/\\\/easyliferobo.com\\\/de\\\/product\\\/37-v-lipo-usb-ladegeraete-fuer-uav-fpv-drone-ersatzteile-37-v-ladegeraet-racing-drone-37-v-ladekabel-lipo-ladegeraet\\\/#primaryimage\"},\"image\":{\"@id\":\"https:\\\/\\\/easyliferobo.com\\\/de\\\/product\\\/37-v-lipo-usb-ladegeraete-fuer-uav-fpv-drone-ersatzteile-37-v-ladegeraet-racing-drone-37-v-ladekabel-lipo-ladegeraet\\\/#primaryimage\"},\"thumbnailUrl\":\"https:\\\/\\\/easyliferobo.com\\\/de\\\/wp-content\\\/uploads\\\/2026\\\/02\\\/51U-tkCo3LL._AC_SL1500_.jpg\",\"datePublished\":\"2026-02-27T07:07:32+00:00\",\"dateModified\":\"2026-02-27T07:07:49+00:00\",\"description\":\"Entdecken Sie smarte Roboter f\u00fcr Zuhause, Garten, Bildung und Sicherheit. Vergleichen Sie Saugroboter, Rasenm\u00e4hroboter, KI-Begleitroboter und mehr bei EasyLifeRobo.\",\"breadcrumb\":{\"@id\":\"https:\\\/\\\/easyliferobo.com\\\/de\\\/product\\\/37-v-lipo-usb-ladegeraete-fuer-uav-fpv-drone-ersatzteile-37-v-ladegeraet-racing-drone-37-v-ladekabel-lipo-ladegeraet\\\/#breadcrumb\"},\"inLanguage\":\"de\",\"potentialAction\":[{\"@type\":\"ReadAction\",\"target\":[\"https:\\\/\\\/easyliferobo.com\\\/de\\\/product\\\/37-v-lipo-usb-ladegeraete-fuer-uav-fpv-drone-ersatzteile-37-v-ladegeraet-racing-drone-37-v-ladekabel-lipo-ladegeraet\\\/\"]}]},{\"@type\":\"ImageObject\",\"inLanguage\":\"de\",\"@id\":\"https:\\\/\\\/easyliferobo.com\\\/de\\\/product\\\/37-v-lipo-usb-ladegeraete-fuer-uav-fpv-drone-ersatzteile-37-v-ladegeraet-racing-drone-37-v-ladekabel-lipo-ladegeraet\\\/#primaryimage\",\"url\":\"https:\\\/\\\/easyliferobo.com\\\/de\\\/wp-content\\\/uploads\\\/2026\\\/02\\\/51U-tkCo3LL._AC_SL1500_.jpg\",\"contentUrl\":\"https:\\\/\\\/easyliferobo.com\\\/de\\\/wp-content\\\/uploads\\\/2026\\\/02\\\/51U-tkCo3LL._AC_SL1500_.jpg\",\"width\":632,\"height\":1491},{\"@type\":\"BreadcrumbList\",\"@id\":\"https:\\\/\\\/easyliferobo.com\\\/de\\\/product\\\/37-v-lipo-usb-ladegeraete-fuer-uav-fpv-drone-ersatzteile-37-v-ladegeraet-racing-drone-37-v-ladekabel-lipo-ladegeraet\\\/#breadcrumb\",\"itemListElement\":[{\"@type\":\"ListItem\",\"position\":1,\"name\":\"Home\",\"item\":\"https:\\\/\\\/easyliferobo.com\\\/de\\\/\"},{\"@type\":\"ListItem\",\"position\":2,\"name\":\"Shop\",\"item\":\"https:\\\/\\\/easyliferobo.com\\\/de\\\/shop\\\/\"},{\"@type\":\"ListItem\",\"position\":3,\"name\":\"3,7 V Lipo USB Ladeger\u00e4te f\u00fcr UAV...\"}]},{\"@type\":\"WebSite\",\"@id\":\"https:\\\/\\\/easyliferobo.com\\\/de\\\/#website\",\"url\":\"https:\\\/\\\/easyliferobo.com\\\/de\\\/\",\"name\":\"EasyLifeBro\",\"description\":\"Smarte Roboter f\u00fcr Zuhause, Garten &amp; Bildung\",\"publisher\":{\"@id\":\"https:\\\/\\\/easyliferobo.com\\\/de\\\/#organization\"},\"potentialAction\":[{\"@type\":\"SearchAction\",\"target\":{\"@type\":\"EntryPoint\",\"urlTemplate\":\"https:\\\/\\\/easyliferobo.com\\\/de\\\/?s={search_term_string}\"},\"query-input\":{\"@type\":\"PropertyValueSpecification\",\"valueRequired\":true,\"valueName\":\"search_term_string\"}}],\"inLanguage\":\"de\"},{\"@type\":\"Organization\",\"@id\":\"https:\\\/\\\/easyliferobo.com\\\/de\\\/#organization\",\"name\":\"EasyLifeBro\",\"url\":\"https:\\\/\\\/easyliferobo.com\\\/de\\\/\",\"logo\":{\"@type\":\"ImageObject\",\"inLanguage\":\"de\",\"@id\":\"https:\\\/\\\/easyliferobo.com\\\/de\\\/#\\\/schema\\\/logo\\\/image\\\/\",\"url\":\"https:\\\/\\\/easyliferobo.com\\\/de\\\/wp-content\\\/uploads\\\/2026\\\/02\\\/Screenshot-2026-02-22-at-2.25.03-PM.png\",\"contentUrl\":\"https:\\\/\\\/easyliferobo.com\\\/de\\\/wp-content\\\/uploads\\\/2026\\\/02\\\/Screenshot-2026-02-22-at-2.25.03-PM.png\",\"width\":1858,\"height\":430,\"caption\":\"EasyLifeBro\"},\"image\":{\"@id\":\"https:\\\/\\\/easyliferobo.com\\\/de\\\/#\\\/schema\\\/logo\\\/image\\\/\"}}]}<\/script>\n<!-- \/ Yoast SEO plugin. -->","yoast_head_json":{"title":"3,7 V Lipo USB Ladeger\u00e4te f\u00fcr UAV FPV Drone Ersatzteile 3,7 V Ladeger\u00e4t Racing Drone 3,7 V Ladekabel Lipo Ladeger\u00e4t - EasyLifeBro","description":"Entdecken Sie smarte Roboter f\u00fcr Zuhause, Garten, Bildung und Sicherheit. Vergleichen Sie Saugroboter, Rasenm\u00e4hroboter, KI-Begleitroboter und mehr bei EasyLifeRobo.","robots":{"index":"index","follow":"follow","max-snippet":"max-snippet:-1","max-image-preview":"max-image-preview:large","max-video-preview":"max-video-preview:-1"},"canonical":"https:\/\/easyliferobo.com\/de\/product\/37-v-lipo-usb-ladegeraete-fuer-uav-fpv-drone-ersatzteile-37-v-ladegeraet-racing-drone-37-v-ladekabel-lipo-ladegeraet\/","og_locale":"de_DE","og_type":"article","og_title":"3,7 V Lipo USB Ladeger\u00e4te f\u00fcr UAV FPV Drone Ersatzteile 3,7 V Ladeger\u00e4t Racing Drone 3,7 V Ladekabel Lipo Ladeger\u00e4t - EasyLifeBro","og_description":"Entdecken Sie smarte Roboter f\u00fcr Zuhause, Garten, Bildung und Sicherheit. Vergleichen Sie Saugroboter, Rasenm\u00e4hroboter, KI-Begleitroboter und mehr bei EasyLifeRobo.","og_url":"https:\/\/easyliferobo.com\/de\/product\/37-v-lipo-usb-ladegeraete-fuer-uav-fpv-drone-ersatzteile-37-v-ladegeraet-racing-drone-37-v-ladekabel-lipo-ladegeraet\/","og_site_name":"EasyLifeBro","article_modified_time":"2026-02-27T07:07:49+00:00","og_image":[{"url":"https:\/\/images-na.ssl-images-amazon.com\/images\/G\/01\/x-locale\/common\/grey-pixel.gif","type":"","width":"","height":""}],"twitter_card":"summary_large_image","schema":{"@context":"https:\/\/schema.org","@graph":[{"@type":"WebPage","@id":"https:\/\/easyliferobo.com\/de\/product\/37-v-lipo-usb-ladegeraete-fuer-uav-fpv-drone-ersatzteile-37-v-ladegeraet-racing-drone-37-v-ladekabel-lipo-ladegeraet\/","url":"https:\/\/easyliferobo.com\/de\/product\/37-v-lipo-usb-ladegeraete-fuer-uav-fpv-drone-ersatzteile-37-v-ladegeraet-racing-drone-37-v-ladekabel-lipo-ladegeraet\/","name":"3,7 V Lipo USB Ladeger\u00e4te f\u00fcr UAV FPV Drone Ersatzteile 3,7 V Ladeger\u00e4t Racing Drone 3,7 V Ladekabel Lipo Ladeger\u00e4t - EasyLifeBro","isPartOf":{"@id":"https:\/\/easyliferobo.com\/de\/#website"},"primaryImageOfPage":{"@id":"https:\/\/easyliferobo.com\/de\/product\/37-v-lipo-usb-ladegeraete-fuer-uav-fpv-drone-ersatzteile-37-v-ladegeraet-racing-drone-37-v-ladekabel-lipo-ladegeraet\/#primaryimage"},"image":{"@id":"https:\/\/easyliferobo.com\/de\/product\/37-v-lipo-usb-ladegeraete-fuer-uav-fpv-drone-ersatzteile-37-v-ladegeraet-racing-drone-37-v-ladekabel-lipo-ladegeraet\/#primaryimage"},"thumbnailUrl":"https:\/\/easyliferobo.com\/de\/wp-content\/uploads\/2026\/02\/51U-tkCo3LL._AC_SL1500_.jpg","datePublished":"2026-02-27T07:07:32+00:00","dateModified":"2026-02-27T07:07:49+00:00","description":"Entdecken Sie smarte Roboter f\u00fcr Zuhause, Garten, Bildung und Sicherheit. Vergleichen Sie Saugroboter, Rasenm\u00e4hroboter, KI-Begleitroboter und mehr bei EasyLifeRobo.","breadcrumb":{"@id":"https:\/\/easyliferobo.com\/de\/product\/37-v-lipo-usb-ladegeraete-fuer-uav-fpv-drone-ersatzteile-37-v-ladegeraet-racing-drone-37-v-ladekabel-lipo-ladegeraet\/#breadcrumb"},"inLanguage":"de","potentialAction":[{"@type":"ReadAction","target":["https:\/\/easyliferobo.com\/de\/product\/37-v-lipo-usb-ladegeraete-fuer-uav-fpv-drone-ersatzteile-37-v-ladegeraet-racing-drone-37-v-ladekabel-lipo-ladegeraet\/"]}]},{"@type":"ImageObject","inLanguage":"de","@id":"https:\/\/easyliferobo.com\/de\/product\/37-v-lipo-usb-ladegeraete-fuer-uav-fpv-drone-ersatzteile-37-v-ladegeraet-racing-drone-37-v-ladekabel-lipo-ladegeraet\/#primaryimage","url":"https:\/\/easyliferobo.com\/de\/wp-content\/uploads\/2026\/02\/51U-tkCo3LL._AC_SL1500_.jpg","contentUrl":"https:\/\/easyliferobo.com\/de\/wp-content\/uploads\/2026\/02\/51U-tkCo3LL._AC_SL1500_.jpg","width":632,"height":1491},{"@type":"BreadcrumbList","@id":"https:\/\/easyliferobo.com\/de\/product\/37-v-lipo-usb-ladegeraete-fuer-uav-fpv-drone-ersatzteile-37-v-ladegeraet-racing-drone-37-v-ladekabel-lipo-ladegeraet\/#breadcrumb","itemListElement":[{"@type":"ListItem","position":1,"name":"Home","item":"https:\/\/easyliferobo.com\/de\/"},{"@type":"ListItem","position":2,"name":"Shop","item":"https:\/\/easyliferobo.com\/de\/shop\/"},{"@type":"ListItem","position":3,"name":"3,7 V Lipo USB Ladeger\u00e4te f\u00fcr UAV..."}]},{"@type":"WebSite","@id":"https:\/\/easyliferobo.com\/de\/#website","url":"https:\/\/easyliferobo.com\/de\/","name":"EasyLifeBro","description":"Smarte Roboter f\u00fcr Zuhause, Garten &amp; Bildung","publisher":{"@id":"https:\/\/easyliferobo.com\/de\/#organization"},"potentialAction":[{"@type":"SearchAction","target":{"@type":"EntryPoint","urlTemplate":"https:\/\/easyliferobo.com\/de\/?s={search_term_string}"},"query-input":{"@type":"PropertyValueSpecification","valueRequired":true,"valueName":"search_term_string"}}],"inLanguage":"de"},{"@type":"Organization","@id":"https:\/\/easyliferobo.com\/de\/#organization","name":"EasyLifeBro","url":"https:\/\/easyliferobo.com\/de\/","logo":{"@type":"ImageObject","inLanguage":"de","@id":"https:\/\/easyliferobo.com\/de\/#\/schema\/logo\/image\/","url":"https:\/\/easyliferobo.com\/de\/wp-content\/uploads\/2026\/02\/Screenshot-2026-02-22-at-2.25.03-PM.png","contentUrl":"https:\/\/easyliferobo.com\/de\/wp-content\/uploads\/2026\/02\/Screenshot-2026-02-22-at-2.25.03-PM.png","width":1858,"height":430,"caption":"EasyLifeBro"},"image":{"@id":"https:\/\/easyliferobo.com\/de\/#\/schema\/logo\/image\/"}}]}},"_links":{"self":[{"href":"https:\/\/easyliferobo.com\/de\/wp-json\/wp\/v2\/product\/3485","targetHints":{"allow":["GET"]}}],"collection":[{"href":"https:\/\/easyliferobo.com\/de\/wp-json\/wp\/v2\/product"}],"about":[{"href":"https:\/\/easyliferobo.com\/de\/wp-json\/wp\/v2\/types\/product"}],"replies":[{"embeddable":true,"href":"https:\/\/easyliferobo.com\/de\/wp-json\/wp\/v2\/comments?post=3485"}],"wp:featuredmedia":[{"embeddable":true,"href":"https:\/\/easyliferobo.com\/de\/wp-json\/wp\/v2\/media\/3486"}],"wp:attachment":[{"href":"https:\/\/easyliferobo.com\/de\/wp-json\/wp\/v2\/media?parent=3485"}],"wp:term":[{"taxonomy":"store","embeddable":true,"href":"https:\/\/easyliferobo.com\/de\/wp-json\/wp\/v2\/store?post=3485"},{"taxonomy":"product_brand","embeddable":true,"href":"https:\/\/easyliferobo.com\/de\/wp-json\/wp\/v2\/product_brand?post=3485"},{"taxonomy":"product_cat","embeddable":true,"href":"https:\/\/easyliferobo.com\/de\/wp-json\/wp\/v2\/product_cat?post=3485"},{"taxonomy":"product_tag","embeddable":true,"href":"https:\/\/easyliferobo.com\/de\/wp-json\/wp\/v2\/product_tag?post=3485"}],"curies":[{"name":"wp","href":"https:\/\/api.w.org\/{rel}","templated":true}]}}