
{"id":3476,"date":"2026-02-27T07:05:00","date_gmt":"2026-02-27T07:05:00","guid":{"rendered":"https:\/\/easyliferobo.com\/de\/product\/mobile-robotik-eine-praktische-einfuehrung-deutsche-ausgabe\/"},"modified":"2026-02-27T07:05:02","modified_gmt":"2026-02-27T07:05:02","slug":"mobile-robotik-eine-praktische-einfuehrung-deutsche-ausgabe","status":"publish","type":"product","link":"https:\/\/easyliferobo.com\/de\/product\/mobile-robotik-eine-praktische-einfuehrung-deutsche-ausgabe\/","title":{"rendered":"Mobile Robotik: Eine praktische Ein..."},"content":{"rendered":"<p>  Unter Verwendung von Informationen und Skalierung als zentrale Themen erkl\u00e4rt diese umfassende Umfrage, wie reale Probleme bei der astronomischen Datenanalyse mithilfe eines modernen Arsenals leistungsstarker Techniken gel\u00f6st werden k\u00f6nnen. Die Berichterstattung umfasst Kapitel oder Anh\u00e4nge zu folgenden Themen: Erkennung und Filterung; Bildkomprimierung; Analysemethoden f\u00fcr Mehrkanal-, Mehrskalen- und Katalogdaten; Wavelets-Transformationen, Picard-Iteration und Softwaretools.    <br \/>Herausgeber \u200f : \u200e Springer       <br \/> Erscheinungsdatum \u200f : \u200e 25. April 2002       <br \/> Auflage \u200f : \u200e 2002       <br \/> Sprache \u200f : \u200e Deutsch   <br \/> Druckl\u00e4nge \u200f : \u200e 280 Seiten       <br \/> ISBN-10 \u200f : \u200e 3540428585       <br \/> ISBN-13 \u200f : 978-3540428589       <br \/> Abmessungen \u200f : \u200e 15,49 x 1,63 x 23,5 cm       <br \/>       Bestseller-Rang: 2.307.589 in B\u00fcchern (siehe Top 100 in B\u00fcchern) 1.257 in Fertigung und Betriebstechnik 4.877 in Elektrotechnik und Elektronik (B\u00fccher) 5.845 in K\u00fcnstliche Intelligenz (KI)      <br \/>[ad_2]<\/p>\n","protected":false},"excerpt":{"rendered":"<p>Unter Verwendung von Informationen und Skalierung als zentrale Themen erkl\u00e4rt diese umfassende Umfrage, wie reale Probleme bei der astronomischen Datenanalyse mithilfe eines modernen Arsenals leistungsstarker Techniken gel\u00f6st werden k\u00f6nnen. Die Berichterstattung umfasst Kapitel oder Anh\u00e4nge zu folgenden Themen: Erkennung und Filterung; Bildkomprimierung; Analysemethoden f\u00fcr Mehrkanal-, Mehrskalen- und Katalogdaten; Wavelets-Transformationen, Picard-Iteration und Softwaretools. Herausgeber \u200f : [&hellip;]<\/p>\n","protected":false},"featured_media":3477,"comment_status":"open","ping_status":"closed","template":"","meta":{"_aipt_faq_data":""},"store":[],"product_brand":[],"product_cat":[106],"product_tag":[315],"class_list":{"0":"post-3476","1":"product","2":"type-product","3":"status-publish","4":"has-post-thumbnail","6":"product_cat-autonome-mobile-roboter","7":"product_tag-autonome-mobile-roboter-steuerung","9":"first","10":"instock","11":"shipping-taxable","12":"product-type-external"},"yoast_head":"<!-- This site is optimized with the Yoast SEO plugin v27.0 - https:\/\/yoast.com\/product\/yoast-seo-wordpress\/ -->\n<title>Mobile Robotik: Eine praktische Einf\u00fchrung (Deutsche Ausgabe) - EasyLifeBro<\/title>\n<meta name=\"description\" content=\"Entdecken Sie smarte Roboter f\u00fcr Zuhause, Garten, Bildung und Sicherheit. Vergleichen Sie Saugroboter, Rasenm\u00e4hroboter, KI-Begleitroboter und mehr bei EasyLifeRobo.\" \/>\n<meta name=\"robots\" content=\"index, follow, max-snippet:-1, max-image-preview:large, max-video-preview:-1\" \/>\n<link rel=\"canonical\" href=\"https:\/\/easyliferobo.com\/de\/product\/mobile-robotik-eine-praktische-einfuehrung-deutsche-ausgabe\/\" \/>\n<meta property=\"og:locale\" content=\"de_DE\" \/>\n<meta property=\"og:type\" content=\"article\" \/>\n<meta property=\"og:title\" content=\"Mobile Robotik: Eine praktische Einf\u00fchrung (Deutsche Ausgabe) - EasyLifeBro\" \/>\n<meta property=\"og:description\" content=\"Entdecken Sie smarte Roboter f\u00fcr Zuhause, Garten, Bildung und Sicherheit. Vergleichen Sie Saugroboter, Rasenm\u00e4hroboter, KI-Begleitroboter und mehr bei EasyLifeRobo.\" \/>\n<meta property=\"og:url\" content=\"https:\/\/easyliferobo.com\/de\/product\/mobile-robotik-eine-praktische-einfuehrung-deutsche-ausgabe\/\" \/>\n<meta property=\"og:site_name\" content=\"EasyLifeBro\" \/>\n<meta property=\"article:modified_time\" content=\"2026-02-27T07:05:02+00:00\" \/>\n<meta name=\"twitter:card\" content=\"summary_large_image\" \/>\n<script type=\"application\/ld+json\" class=\"yoast-schema-graph\">{\"@context\":\"https:\/\/schema.org\",\"@graph\":[{\"@type\":\"WebPage\",\"@id\":\"https:\/\/easyliferobo.com\/de\/product\/mobile-robotik-eine-praktische-einfuehrung-deutsche-ausgabe\/\",\"url\":\"https:\/\/easyliferobo.com\/de\/product\/mobile-robotik-eine-praktische-einfuehrung-deutsche-ausgabe\/\",\"name\":\"Mobile Robotik: Eine praktische Einf\u00fchrung (Deutsche Ausgabe) - EasyLifeBro\",\"isPartOf\":{\"@id\":\"https:\/\/easyliferobo.com\/de\/#website\"},\"primaryImageOfPage\":{\"@id\":\"https:\/\/easyliferobo.com\/de\/product\/mobile-robotik-eine-praktische-einfuehrung-deutsche-ausgabe\/#primaryimage\"},\"image\":{\"@id\":\"https:\/\/easyliferobo.com\/de\/product\/mobile-robotik-eine-praktische-einfuehrung-deutsche-ausgabe\/#primaryimage\"},\"thumbnailUrl\":\"https:\/\/easyliferobo.com\/de\/wp-content\/uploads\/2026\/02\/51E82KbxXaL._SL1252_.jpg\",\"datePublished\":\"2026-02-27T07:05:00+00:00\",\"dateModified\":\"2026-02-27T07:05:02+00:00\",\"description\":\"Entdecken Sie smarte Roboter f\u00fcr Zuhause, Garten, Bildung und Sicherheit. Vergleichen Sie Saugroboter, Rasenm\u00e4hroboter, KI-Begleitroboter und mehr bei EasyLifeRobo.\",\"breadcrumb\":{\"@id\":\"https:\/\/easyliferobo.com\/de\/product\/mobile-robotik-eine-praktische-einfuehrung-deutsche-ausgabe\/#breadcrumb\"},\"inLanguage\":\"de\",\"potentialAction\":[{\"@type\":\"ReadAction\",\"target\":[\"https:\/\/easyliferobo.com\/de\/product\/mobile-robotik-eine-praktische-einfuehrung-deutsche-ausgabe\/\"]}]},{\"@type\":\"ImageObject\",\"inLanguage\":\"de\",\"@id\":\"https:\/\/easyliferobo.com\/de\/product\/mobile-robotik-eine-praktische-einfuehrung-deutsche-ausgabe\/#primaryimage\",\"url\":\"https:\/\/easyliferobo.com\/de\/wp-content\/uploads\/2026\/02\/51E82KbxXaL._SL1252_.jpg\",\"contentUrl\":\"https:\/\/easyliferobo.com\/de\/wp-content\/uploads\/2026\/02\/51E82KbxXaL._SL1252_.jpg\",\"width\":827,\"height\":1252},{\"@type\":\"BreadcrumbList\",\"@id\":\"https:\/\/easyliferobo.com\/de\/product\/mobile-robotik-eine-praktische-einfuehrung-deutsche-ausgabe\/#breadcrumb\",\"itemListElement\":[{\"@type\":\"ListItem\",\"position\":1,\"name\":\"Home\",\"item\":\"https:\/\/easyliferobo.com\/de\/\"},{\"@type\":\"ListItem\",\"position\":2,\"name\":\"Shop\",\"item\":\"https:\/\/easyliferobo.com\/de\/shop\/\"},{\"@type\":\"ListItem\",\"position\":3,\"name\":\"Mobile Robotik: Eine praktische Ein...\"}]},{\"@type\":\"WebSite\",\"@id\":\"https:\/\/easyliferobo.com\/de\/#website\",\"url\":\"https:\/\/easyliferobo.com\/de\/\",\"name\":\"EasyLifeBro\",\"description\":\"Smarte Roboter f\u00fcr Zuhause, Garten &amp; Bildung\",\"publisher\":{\"@id\":\"https:\/\/easyliferobo.com\/de\/#organization\"},\"potentialAction\":[{\"@type\":\"SearchAction\",\"target\":{\"@type\":\"EntryPoint\",\"urlTemplate\":\"https:\/\/easyliferobo.com\/de\/?s={search_term_string}\"},\"query-input\":{\"@type\":\"PropertyValueSpecification\",\"valueRequired\":true,\"valueName\":\"search_term_string\"}}],\"inLanguage\":\"de\"},{\"@type\":\"Organization\",\"@id\":\"https:\/\/easyliferobo.com\/de\/#organization\",\"name\":\"EasyLifeBro\",\"url\":\"https:\/\/easyliferobo.com\/de\/\",\"logo\":{\"@type\":\"ImageObject\",\"inLanguage\":\"de\",\"@id\":\"https:\/\/easyliferobo.com\/de\/#\/schema\/logo\/image\/\",\"url\":\"https:\/\/easyliferobo.com\/de\/wp-content\/uploads\/2026\/02\/Screenshot-2026-02-22-at-2.25.03-PM.png\",\"contentUrl\":\"https:\/\/easyliferobo.com\/de\/wp-content\/uploads\/2026\/02\/Screenshot-2026-02-22-at-2.25.03-PM.png\",\"width\":1858,\"height\":430,\"caption\":\"EasyLifeBro\"},\"image\":{\"@id\":\"https:\/\/easyliferobo.com\/de\/#\/schema\/logo\/image\/\"}}]}<\/script>\n<!-- \/ Yoast SEO plugin. -->","yoast_head_json":{"title":"Mobile Robotik: Eine praktische Einf\u00fchrung (Deutsche Ausgabe) - EasyLifeBro","description":"Entdecken Sie smarte Roboter f\u00fcr Zuhause, Garten, Bildung und Sicherheit. Vergleichen Sie Saugroboter, Rasenm\u00e4hroboter, KI-Begleitroboter und mehr bei EasyLifeRobo.","robots":{"index":"index","follow":"follow","max-snippet":"max-snippet:-1","max-image-preview":"max-image-preview:large","max-video-preview":"max-video-preview:-1"},"canonical":"https:\/\/easyliferobo.com\/de\/product\/mobile-robotik-eine-praktische-einfuehrung-deutsche-ausgabe\/","og_locale":"de_DE","og_type":"article","og_title":"Mobile Robotik: Eine praktische Einf\u00fchrung (Deutsche Ausgabe) - EasyLifeBro","og_description":"Entdecken Sie smarte Roboter f\u00fcr Zuhause, Garten, Bildung und Sicherheit. Vergleichen Sie Saugroboter, Rasenm\u00e4hroboter, KI-Begleitroboter und mehr bei EasyLifeRobo.","og_url":"https:\/\/easyliferobo.com\/de\/product\/mobile-robotik-eine-praktische-einfuehrung-deutsche-ausgabe\/","og_site_name":"EasyLifeBro","article_modified_time":"2026-02-27T07:05:02+00:00","twitter_card":"summary_large_image","schema":{"@context":"https:\/\/schema.org","@graph":[{"@type":"WebPage","@id":"https:\/\/easyliferobo.com\/de\/product\/mobile-robotik-eine-praktische-einfuehrung-deutsche-ausgabe\/","url":"https:\/\/easyliferobo.com\/de\/product\/mobile-robotik-eine-praktische-einfuehrung-deutsche-ausgabe\/","name":"Mobile Robotik: Eine praktische Einf\u00fchrung (Deutsche Ausgabe) - EasyLifeBro","isPartOf":{"@id":"https:\/\/easyliferobo.com\/de\/#website"},"primaryImageOfPage":{"@id":"https:\/\/easyliferobo.com\/de\/product\/mobile-robotik-eine-praktische-einfuehrung-deutsche-ausgabe\/#primaryimage"},"image":{"@id":"https:\/\/easyliferobo.com\/de\/product\/mobile-robotik-eine-praktische-einfuehrung-deutsche-ausgabe\/#primaryimage"},"thumbnailUrl":"https:\/\/easyliferobo.com\/de\/wp-content\/uploads\/2026\/02\/51E82KbxXaL._SL1252_.jpg","datePublished":"2026-02-27T07:05:00+00:00","dateModified":"2026-02-27T07:05:02+00:00","description":"Entdecken Sie smarte Roboter f\u00fcr Zuhause, Garten, Bildung und Sicherheit. Vergleichen Sie Saugroboter, Rasenm\u00e4hroboter, KI-Begleitroboter und mehr bei EasyLifeRobo.","breadcrumb":{"@id":"https:\/\/easyliferobo.com\/de\/product\/mobile-robotik-eine-praktische-einfuehrung-deutsche-ausgabe\/#breadcrumb"},"inLanguage":"de","potentialAction":[{"@type":"ReadAction","target":["https:\/\/easyliferobo.com\/de\/product\/mobile-robotik-eine-praktische-einfuehrung-deutsche-ausgabe\/"]}]},{"@type":"ImageObject","inLanguage":"de","@id":"https:\/\/easyliferobo.com\/de\/product\/mobile-robotik-eine-praktische-einfuehrung-deutsche-ausgabe\/#primaryimage","url":"https:\/\/easyliferobo.com\/de\/wp-content\/uploads\/2026\/02\/51E82KbxXaL._SL1252_.jpg","contentUrl":"https:\/\/easyliferobo.com\/de\/wp-content\/uploads\/2026\/02\/51E82KbxXaL._SL1252_.jpg","width":827,"height":1252},{"@type":"BreadcrumbList","@id":"https:\/\/easyliferobo.com\/de\/product\/mobile-robotik-eine-praktische-einfuehrung-deutsche-ausgabe\/#breadcrumb","itemListElement":[{"@type":"ListItem","position":1,"name":"Home","item":"https:\/\/easyliferobo.com\/de\/"},{"@type":"ListItem","position":2,"name":"Shop","item":"https:\/\/easyliferobo.com\/de\/shop\/"},{"@type":"ListItem","position":3,"name":"Mobile Robotik: Eine praktische Ein..."}]},{"@type":"WebSite","@id":"https:\/\/easyliferobo.com\/de\/#website","url":"https:\/\/easyliferobo.com\/de\/","name":"EasyLifeBro","description":"Smarte Roboter f\u00fcr Zuhause, Garten &amp; Bildung","publisher":{"@id":"https:\/\/easyliferobo.com\/de\/#organization"},"potentialAction":[{"@type":"SearchAction","target":{"@type":"EntryPoint","urlTemplate":"https:\/\/easyliferobo.com\/de\/?s={search_term_string}"},"query-input":{"@type":"PropertyValueSpecification","valueRequired":true,"valueName":"search_term_string"}}],"inLanguage":"de"},{"@type":"Organization","@id":"https:\/\/easyliferobo.com\/de\/#organization","name":"EasyLifeBro","url":"https:\/\/easyliferobo.com\/de\/","logo":{"@type":"ImageObject","inLanguage":"de","@id":"https:\/\/easyliferobo.com\/de\/#\/schema\/logo\/image\/","url":"https:\/\/easyliferobo.com\/de\/wp-content\/uploads\/2026\/02\/Screenshot-2026-02-22-at-2.25.03-PM.png","contentUrl":"https:\/\/easyliferobo.com\/de\/wp-content\/uploads\/2026\/02\/Screenshot-2026-02-22-at-2.25.03-PM.png","width":1858,"height":430,"caption":"EasyLifeBro"},"image":{"@id":"https:\/\/easyliferobo.com\/de\/#\/schema\/logo\/image\/"}}]}},"_links":{"self":[{"href":"https:\/\/easyliferobo.com\/de\/wp-json\/wp\/v2\/product\/3476","targetHints":{"allow":["GET"]}}],"collection":[{"href":"https:\/\/easyliferobo.com\/de\/wp-json\/wp\/v2\/product"}],"about":[{"href":"https:\/\/easyliferobo.com\/de\/wp-json\/wp\/v2\/types\/product"}],"replies":[{"embeddable":true,"href":"https:\/\/easyliferobo.com\/de\/wp-json\/wp\/v2\/comments?post=3476"}],"wp:featuredmedia":[{"embeddable":true,"href":"https:\/\/easyliferobo.com\/de\/wp-json\/wp\/v2\/media\/3477"}],"wp:attachment":[{"href":"https:\/\/easyliferobo.com\/de\/wp-json\/wp\/v2\/media?parent=3476"}],"wp:term":[{"taxonomy":"store","embeddable":true,"href":"https:\/\/easyliferobo.com\/de\/wp-json\/wp\/v2\/store?post=3476"},{"taxonomy":"product_brand","embeddable":true,"href":"https:\/\/easyliferobo.com\/de\/wp-json\/wp\/v2\/product_brand?post=3476"},{"taxonomy":"product_cat","embeddable":true,"href":"https:\/\/easyliferobo.com\/de\/wp-json\/wp\/v2\/product_cat?post=3476"},{"taxonomy":"product_tag","embeddable":true,"href":"https:\/\/easyliferobo.com\/de\/wp-json\/wp\/v2\/product_tag?post=3476"}],"curies":[{"name":"wp","href":"https:\/\/api.w.org\/{rel}","templated":true}]}}