
{"id":3474,"date":"2026-02-27T07:03:46","date_gmt":"2026-02-27T07:03:46","guid":{"rendered":"https:\/\/easyliferobo.com\/de\/product\/assessments-in-der-rehabilitation-band-1-neurologie-4-vollstaendig-ueberarbeitete-und-erweiterte-auflage\/"},"modified":"2026-02-27T07:03:48","modified_gmt":"2026-02-27T07:03:48","slug":"assessments-in-der-rehabilitation-band-1-neurologie-4-vollstaendig-ueberarbeitete-und-erweiterte-auflage","status":"publish","type":"product","link":"https:\/\/easyliferobo.com\/de\/product\/assessments-in-der-rehabilitation-band-1-neurologie-4-vollstaendig-ueberarbeitete-und-erweiterte-auflage\/","title":{"rendered":"Assessments in der Rehabilitation: ..."},"content":{"rendered":"<p>  Das Fachbuch der Assessments f\u00fcr die Therapie- und Pflegeberufe in der Neurorehabilitation! Nach Band 2 (Bewegungsapparat) im vergangenen Jahr erscheint nun auch der Band 1 (Neurologie) der Autorengruppe der Interessengemeinschaft Physiotherapie Rehabilitation (IGPTR) neu und macht die Serie der Assessments in der Rehabilitation wieder komplett. Die neue vierte Auflage ist \u00fcberarbeitet und erg\u00e4nzt. Unver\u00e4ndert geblieben ist der Ansatz der Autoren, ausgew\u00e4hlte Assessments anhand wissenschaftlicher Kriterien zu beurteilen und zu beschreiben, erg\u00e4nzt durch Empfehlungen zur Verwendung in den Bereichen Diagnose und Behandlungsergebnis. Die drei B\u00e4nde der Assessments der Rehabilitation dienen allen Therapie- und Pflegeberufen (Physiotherapie, Ergotherapie, Logop\u00e4die, Pflege, Heilp\u00e4dagogik, Medizin) f\u00fcr ihre professionelle Bedarfserhebung und Verlaufsmessung beim Klienten. Sie stellen das notwendige Wissen f\u00fcr die Auswahl des Assessments zum jeweiligen Zweck bereit. Die klinische Relevanz der Assessments zeigt, ob diese die Behandlungsziele der Rehabilitation erfassen: den betroffenen Menschen eine bestm\u00f6gliche Funktionsf\u00e4higkeit zu erm\u00f6glichen, im Dienst der sozialen Teilhabe. Inhalt und Struktur der Assessments der Rehabilitation orientieren sich an der Praxis der Therapie- und Pflegeberufe. Die Tests sind so beschrieben, dass der Leser sie sofort anwenden kann. Fragebogen sind m\u00f6glichst in der deutschen validierten Form wiedergegeben. Die Autorengruppe hat neben einer kritischen Durchsicht und \u00dcberarbeitung wesentliche Inhalte erg\u00e4nzt bzw. erneuert. \u00dcber einen Link auf der Homepage des Hogrefe Verlags sind die Manuale sowie die Erfassungsformulare und Fragebogen f\u00fcr den Einsatz in der t\u00e4glichen Praxis sowie Instructionvideos abrufbar.    <br \/>Herausgeber \u200f : \u200e Hogrefe AG       <br \/> Erscheinungsdatum \u200f : \u200e 11. November 2019       <br \/> Auflage \u200f : \u200e 4. Aktualisierte und erg\u00e4nzte Auflage 2020       <br \/> Sprache \u200f : \u200e Deutsch   <br \/> Druckl\u00e4nge \u200f : \u200e 720 Seiten       <br \/> ISBN-10 \u200f : \u200e 3456858892       <br \/> ISBN-13 \u200f : \u200e 978-3456858890       <br \/> Abmessungen \u200f : \u200e 17,1 x 4 x 23,8 cm       <br \/>       Bestseller-Rang: 86.491 in B\u00fcchern (siehe Top 100 in B\u00fcchern) 28 in Physikalische Medizin und Rehabilitation 49 in Leitf\u00e4den zu Sprachst\u00f6rungen 68 in Familie und Lebensstil Ergotherapie      <br \/>  Kundenrezensionen: 4,1 4,1 von 5 Sternen (10) var dpAcrHasRegisteredArcLinkClickAction; P.when(&#8218;A&#8216;, &#8218;ready&#8216;).execute(function(A) { if (dpAcrHasRegisteredArcLinkClickAction !== true) { dpAcrHasRegisteredArcLinkClickAction = true; A.declarative( &#8218;acrLink-click-metrics&#8216;, &#8218;click&#8216;, { &#8222;allowLinkDefault&#8220;: true }, function (event) { if (window.ue) { ue.count(&#8222;acrLinkClickCount&#8220;, (ue.count(&#8222;acrLinkClickCount&#8220;) || 0) + 1 } } }); P.when(&#8218;A&#8216;, &#8218;cf&#8216;).execute(function(A) { A.declarative(&#8218;acrStarsLink-click-metrics&#8216;, &#8218;click&#8216;, { &#8222;allowLinkDefault&#8220; : true }, function(event){ if(window.ue) { ue.count(&#8222;acrStarsLinkWithPopoverClickCount&#8220;, (ue.count(&#8222;acrStarsLinkWithPopoverClickCount&#8220;) || 0) + 1); } }); });                          <br \/>[ad_2]<\/p>\n","protected":false},"excerpt":{"rendered":"<p>Das Fachbuch der Assessments f\u00fcr die Therapie- und Pflegeberufe in der Neurorehabilitation! Nach Band 2 (Bewegungsapparat) im vergangenen Jahr erscheint nun auch der Band 1 (Neurologie) der Autorengruppe der Interessengemeinschaft Physiotherapie Rehabilitation (IGPTR) neu und macht die Serie der Assessments in der Rehabilitation wieder komplett. Die neue vierte Auflage ist \u00fcberarbeitet und erg\u00e4nzt. Unver\u00e4ndert geblieben [&hellip;]<\/p>\n","protected":false},"featured_media":3475,"comment_status":"open","ping_status":"closed","template":"","meta":{"_aipt_faq_data":""},"store":[],"product_brand":[],"product_cat":[108],"product_tag":[358],"class_list":{"0":"post-3474","1":"product","2":"type-product","3":"status-publish","4":"has-post-thumbnail","6":"product_cat-rehabilitationsroboter","7":"product_tag-rehabilitationsroboter-neurologie","9":"first","10":"instock","11":"shipping-taxable","12":"product-type-external"},"yoast_head":"<!-- This site is optimized with the Yoast SEO plugin v27.4 - https:\/\/yoast.com\/product\/yoast-seo-wordpress\/ -->\n<title>Assessments in der Rehabilitation: Band 1: Neurologie. 4., vollst\u00e4ndig \u00fcberarbeitete und erweiterte Auflage - EasyLifeBro<\/title>\n<meta name=\"description\" content=\"Entdecken Sie smarte Roboter f\u00fcr Zuhause, Garten, Bildung und Sicherheit. Vergleichen Sie Saugroboter, Rasenm\u00e4hroboter, KI-Begleitroboter und mehr bei EasyLifeRobo.\" \/>\n<meta name=\"robots\" content=\"index, follow, max-snippet:-1, max-image-preview:large, max-video-preview:-1\" \/>\n<link rel=\"canonical\" href=\"https:\/\/easyliferobo.com\/de\/product\/assessments-in-der-rehabilitation-band-1-neurologie-4-vollstaendig-ueberarbeitete-und-erweiterte-auflage\/\" \/>\n<meta property=\"og:locale\" content=\"de_DE\" \/>\n<meta property=\"og:type\" content=\"article\" \/>\n<meta property=\"og:title\" content=\"Assessments in der Rehabilitation: Band 1: Neurologie. 4., vollst\u00e4ndig \u00fcberarbeitete und erweiterte Auflage - EasyLifeBro\" \/>\n<meta property=\"og:description\" content=\"Entdecken Sie smarte Roboter f\u00fcr Zuhause, Garten, Bildung und Sicherheit. Vergleichen Sie Saugroboter, Rasenm\u00e4hroboter, KI-Begleitroboter und mehr bei EasyLifeRobo.\" \/>\n<meta property=\"og:url\" content=\"https:\/\/easyliferobo.com\/de\/product\/assessments-in-der-rehabilitation-band-1-neurologie-4-vollstaendig-ueberarbeitete-und-erweiterte-auflage\/\" \/>\n<meta property=\"og:site_name\" content=\"EasyLifeBro\" \/>\n<meta property=\"article:modified_time\" content=\"2026-02-27T07:03:48+00:00\" \/>\n<meta name=\"twitter:card\" content=\"summary_large_image\" \/>\n<meta name=\"twitter:label1\" content=\"Gesch\u00e4tzte Lesezeit\" \/>\n\t<meta name=\"twitter:data1\" content=\"2\u00a0Minuten\" \/>\n<script type=\"application\/ld+json\" class=\"yoast-schema-graph\">{\"@context\":\"https:\\\/\\\/schema.org\",\"@graph\":[{\"@type\":\"WebPage\",\"@id\":\"https:\\\/\\\/easyliferobo.com\\\/de\\\/product\\\/assessments-in-der-rehabilitation-band-1-neurologie-4-vollstaendig-ueberarbeitete-und-erweiterte-auflage\\\/\",\"url\":\"https:\\\/\\\/easyliferobo.com\\\/de\\\/product\\\/assessments-in-der-rehabilitation-band-1-neurologie-4-vollstaendig-ueberarbeitete-und-erweiterte-auflage\\\/\",\"name\":\"Assessments in der Rehabilitation: Band 1: Neurologie. 4., vollst\u00e4ndig \u00fcberarbeitete und erweiterte Auflage - EasyLifeBro\",\"isPartOf\":{\"@id\":\"https:\\\/\\\/easyliferobo.com\\\/de\\\/#website\"},\"primaryImageOfPage\":{\"@id\":\"https:\\\/\\\/easyliferobo.com\\\/de\\\/product\\\/assessments-in-der-rehabilitation-band-1-neurologie-4-vollstaendig-ueberarbeitete-und-erweiterte-auflage\\\/#primaryimage\"},\"image\":{\"@id\":\"https:\\\/\\\/easyliferobo.com\\\/de\\\/product\\\/assessments-in-der-rehabilitation-band-1-neurologie-4-vollstaendig-ueberarbeitete-und-erweiterte-auflage\\\/#primaryimage\"},\"thumbnailUrl\":\"https:\\\/\\\/easyliferobo.com\\\/de\\\/wp-content\\\/uploads\\\/2026\\\/02\\\/717utO2wYFL._SL1500_.jpg\",\"datePublished\":\"2026-02-27T07:03:46+00:00\",\"dateModified\":\"2026-02-27T07:03:48+00:00\",\"description\":\"Entdecken Sie smarte Roboter f\u00fcr Zuhause, Garten, Bildung und Sicherheit. Vergleichen Sie Saugroboter, Rasenm\u00e4hroboter, KI-Begleitroboter und mehr bei EasyLifeRobo.\",\"breadcrumb\":{\"@id\":\"https:\\\/\\\/easyliferobo.com\\\/de\\\/product\\\/assessments-in-der-rehabilitation-band-1-neurologie-4-vollstaendig-ueberarbeitete-und-erweiterte-auflage\\\/#breadcrumb\"},\"inLanguage\":\"de\",\"potentialAction\":[{\"@type\":\"ReadAction\",\"target\":[\"https:\\\/\\\/easyliferobo.com\\\/de\\\/product\\\/assessments-in-der-rehabilitation-band-1-neurologie-4-vollstaendig-ueberarbeitete-und-erweiterte-auflage\\\/\"]}]},{\"@type\":\"ImageObject\",\"inLanguage\":\"de\",\"@id\":\"https:\\\/\\\/easyliferobo.com\\\/de\\\/product\\\/assessments-in-der-rehabilitation-band-1-neurologie-4-vollstaendig-ueberarbeitete-und-erweiterte-auflage\\\/#primaryimage\",\"url\":\"https:\\\/\\\/easyliferobo.com\\\/de\\\/wp-content\\\/uploads\\\/2026\\\/02\\\/717utO2wYFL._SL1500_.jpg\",\"contentUrl\":\"https:\\\/\\\/easyliferobo.com\\\/de\\\/wp-content\\\/uploads\\\/2026\\\/02\\\/717utO2wYFL._SL1500_.jpg\",\"width\":1033,\"height\":1500},{\"@type\":\"BreadcrumbList\",\"@id\":\"https:\\\/\\\/easyliferobo.com\\\/de\\\/product\\\/assessments-in-der-rehabilitation-band-1-neurologie-4-vollstaendig-ueberarbeitete-und-erweiterte-auflage\\\/#breadcrumb\",\"itemListElement\":[{\"@type\":\"ListItem\",\"position\":1,\"name\":\"Home\",\"item\":\"https:\\\/\\\/easyliferobo.com\\\/de\\\/\"},{\"@type\":\"ListItem\",\"position\":2,\"name\":\"Shop\",\"item\":\"https:\\\/\\\/easyliferobo.com\\\/de\\\/shop\\\/\"},{\"@type\":\"ListItem\",\"position\":3,\"name\":\"Assessments in der Rehabilitation: ...\"}]},{\"@type\":\"WebSite\",\"@id\":\"https:\\\/\\\/easyliferobo.com\\\/de\\\/#website\",\"url\":\"https:\\\/\\\/easyliferobo.com\\\/de\\\/\",\"name\":\"EasyLifeBro\",\"description\":\"Smarte Roboter f\u00fcr Zuhause, Garten &amp; Bildung\",\"publisher\":{\"@id\":\"https:\\\/\\\/easyliferobo.com\\\/de\\\/#organization\"},\"potentialAction\":[{\"@type\":\"SearchAction\",\"target\":{\"@type\":\"EntryPoint\",\"urlTemplate\":\"https:\\\/\\\/easyliferobo.com\\\/de\\\/?s={search_term_string}\"},\"query-input\":{\"@type\":\"PropertyValueSpecification\",\"valueRequired\":true,\"valueName\":\"search_term_string\"}}],\"inLanguage\":\"de\"},{\"@type\":\"Organization\",\"@id\":\"https:\\\/\\\/easyliferobo.com\\\/de\\\/#organization\",\"name\":\"EasyLifeBro\",\"url\":\"https:\\\/\\\/easyliferobo.com\\\/de\\\/\",\"logo\":{\"@type\":\"ImageObject\",\"inLanguage\":\"de\",\"@id\":\"https:\\\/\\\/easyliferobo.com\\\/de\\\/#\\\/schema\\\/logo\\\/image\\\/\",\"url\":\"https:\\\/\\\/easyliferobo.com\\\/de\\\/wp-content\\\/uploads\\\/2026\\\/02\\\/Screenshot-2026-02-22-at-2.25.03-PM.png\",\"contentUrl\":\"https:\\\/\\\/easyliferobo.com\\\/de\\\/wp-content\\\/uploads\\\/2026\\\/02\\\/Screenshot-2026-02-22-at-2.25.03-PM.png\",\"width\":1858,\"height\":430,\"caption\":\"EasyLifeBro\"},\"image\":{\"@id\":\"https:\\\/\\\/easyliferobo.com\\\/de\\\/#\\\/schema\\\/logo\\\/image\\\/\"}}]}<\/script>\n<!-- \/ Yoast SEO plugin. -->","yoast_head_json":{"title":"Assessments in der Rehabilitation: Band 1: Neurologie. 4., vollst\u00e4ndig \u00fcberarbeitete und erweiterte Auflage - EasyLifeBro","description":"Entdecken Sie smarte Roboter f\u00fcr Zuhause, Garten, Bildung und Sicherheit. Vergleichen Sie Saugroboter, Rasenm\u00e4hroboter, KI-Begleitroboter und mehr bei EasyLifeRobo.","robots":{"index":"index","follow":"follow","max-snippet":"max-snippet:-1","max-image-preview":"max-image-preview:large","max-video-preview":"max-video-preview:-1"},"canonical":"https:\/\/easyliferobo.com\/de\/product\/assessments-in-der-rehabilitation-band-1-neurologie-4-vollstaendig-ueberarbeitete-und-erweiterte-auflage\/","og_locale":"de_DE","og_type":"article","og_title":"Assessments in der Rehabilitation: Band 1: Neurologie. 4., vollst\u00e4ndig \u00fcberarbeitete und erweiterte Auflage - EasyLifeBro","og_description":"Entdecken Sie smarte Roboter f\u00fcr Zuhause, Garten, Bildung und Sicherheit. Vergleichen Sie Saugroboter, Rasenm\u00e4hroboter, KI-Begleitroboter und mehr bei EasyLifeRobo.","og_url":"https:\/\/easyliferobo.com\/de\/product\/assessments-in-der-rehabilitation-band-1-neurologie-4-vollstaendig-ueberarbeitete-und-erweiterte-auflage\/","og_site_name":"EasyLifeBro","article_modified_time":"2026-02-27T07:03:48+00:00","twitter_card":"summary_large_image","twitter_misc":{"Gesch\u00e4tzte Lesezeit":"2\u00a0Minuten"},"schema":{"@context":"https:\/\/schema.org","@graph":[{"@type":"WebPage","@id":"https:\/\/easyliferobo.com\/de\/product\/assessments-in-der-rehabilitation-band-1-neurologie-4-vollstaendig-ueberarbeitete-und-erweiterte-auflage\/","url":"https:\/\/easyliferobo.com\/de\/product\/assessments-in-der-rehabilitation-band-1-neurologie-4-vollstaendig-ueberarbeitete-und-erweiterte-auflage\/","name":"Assessments in der Rehabilitation: Band 1: Neurologie. 4., vollst\u00e4ndig \u00fcberarbeitete und erweiterte Auflage - EasyLifeBro","isPartOf":{"@id":"https:\/\/easyliferobo.com\/de\/#website"},"primaryImageOfPage":{"@id":"https:\/\/easyliferobo.com\/de\/product\/assessments-in-der-rehabilitation-band-1-neurologie-4-vollstaendig-ueberarbeitete-und-erweiterte-auflage\/#primaryimage"},"image":{"@id":"https:\/\/easyliferobo.com\/de\/product\/assessments-in-der-rehabilitation-band-1-neurologie-4-vollstaendig-ueberarbeitete-und-erweiterte-auflage\/#primaryimage"},"thumbnailUrl":"https:\/\/easyliferobo.com\/de\/wp-content\/uploads\/2026\/02\/717utO2wYFL._SL1500_.jpg","datePublished":"2026-02-27T07:03:46+00:00","dateModified":"2026-02-27T07:03:48+00:00","description":"Entdecken Sie smarte Roboter f\u00fcr Zuhause, Garten, Bildung und Sicherheit. Vergleichen Sie Saugroboter, Rasenm\u00e4hroboter, KI-Begleitroboter und mehr bei EasyLifeRobo.","breadcrumb":{"@id":"https:\/\/easyliferobo.com\/de\/product\/assessments-in-der-rehabilitation-band-1-neurologie-4-vollstaendig-ueberarbeitete-und-erweiterte-auflage\/#breadcrumb"},"inLanguage":"de","potentialAction":[{"@type":"ReadAction","target":["https:\/\/easyliferobo.com\/de\/product\/assessments-in-der-rehabilitation-band-1-neurologie-4-vollstaendig-ueberarbeitete-und-erweiterte-auflage\/"]}]},{"@type":"ImageObject","inLanguage":"de","@id":"https:\/\/easyliferobo.com\/de\/product\/assessments-in-der-rehabilitation-band-1-neurologie-4-vollstaendig-ueberarbeitete-und-erweiterte-auflage\/#primaryimage","url":"https:\/\/easyliferobo.com\/de\/wp-content\/uploads\/2026\/02\/717utO2wYFL._SL1500_.jpg","contentUrl":"https:\/\/easyliferobo.com\/de\/wp-content\/uploads\/2026\/02\/717utO2wYFL._SL1500_.jpg","width":1033,"height":1500},{"@type":"BreadcrumbList","@id":"https:\/\/easyliferobo.com\/de\/product\/assessments-in-der-rehabilitation-band-1-neurologie-4-vollstaendig-ueberarbeitete-und-erweiterte-auflage\/#breadcrumb","itemListElement":[{"@type":"ListItem","position":1,"name":"Home","item":"https:\/\/easyliferobo.com\/de\/"},{"@type":"ListItem","position":2,"name":"Shop","item":"https:\/\/easyliferobo.com\/de\/shop\/"},{"@type":"ListItem","position":3,"name":"Assessments in der Rehabilitation: ..."}]},{"@type":"WebSite","@id":"https:\/\/easyliferobo.com\/de\/#website","url":"https:\/\/easyliferobo.com\/de\/","name":"EasyLifeBro","description":"Smarte Roboter f\u00fcr Zuhause, Garten &amp; Bildung","publisher":{"@id":"https:\/\/easyliferobo.com\/de\/#organization"},"potentialAction":[{"@type":"SearchAction","target":{"@type":"EntryPoint","urlTemplate":"https:\/\/easyliferobo.com\/de\/?s={search_term_string}"},"query-input":{"@type":"PropertyValueSpecification","valueRequired":true,"valueName":"search_term_string"}}],"inLanguage":"de"},{"@type":"Organization","@id":"https:\/\/easyliferobo.com\/de\/#organization","name":"EasyLifeBro","url":"https:\/\/easyliferobo.com\/de\/","logo":{"@type":"ImageObject","inLanguage":"de","@id":"https:\/\/easyliferobo.com\/de\/#\/schema\/logo\/image\/","url":"https:\/\/easyliferobo.com\/de\/wp-content\/uploads\/2026\/02\/Screenshot-2026-02-22-at-2.25.03-PM.png","contentUrl":"https:\/\/easyliferobo.com\/de\/wp-content\/uploads\/2026\/02\/Screenshot-2026-02-22-at-2.25.03-PM.png","width":1858,"height":430,"caption":"EasyLifeBro"},"image":{"@id":"https:\/\/easyliferobo.com\/de\/#\/schema\/logo\/image\/"}}]}},"_links":{"self":[{"href":"https:\/\/easyliferobo.com\/de\/wp-json\/wp\/v2\/product\/3474","targetHints":{"allow":["GET"]}}],"collection":[{"href":"https:\/\/easyliferobo.com\/de\/wp-json\/wp\/v2\/product"}],"about":[{"href":"https:\/\/easyliferobo.com\/de\/wp-json\/wp\/v2\/types\/product"}],"replies":[{"embeddable":true,"href":"https:\/\/easyliferobo.com\/de\/wp-json\/wp\/v2\/comments?post=3474"}],"wp:featuredmedia":[{"embeddable":true,"href":"https:\/\/easyliferobo.com\/de\/wp-json\/wp\/v2\/media\/3475"}],"wp:attachment":[{"href":"https:\/\/easyliferobo.com\/de\/wp-json\/wp\/v2\/media?parent=3474"}],"wp:term":[{"taxonomy":"store","embeddable":true,"href":"https:\/\/easyliferobo.com\/de\/wp-json\/wp\/v2\/store?post=3474"},{"taxonomy":"product_brand","embeddable":true,"href":"https:\/\/easyliferobo.com\/de\/wp-json\/wp\/v2\/product_brand?post=3474"},{"taxonomy":"product_cat","embeddable":true,"href":"https:\/\/easyliferobo.com\/de\/wp-json\/wp\/v2\/product_cat?post=3474"},{"taxonomy":"product_tag","embeddable":true,"href":"https:\/\/easyliferobo.com\/de\/wp-json\/wp\/v2\/product_tag?post=3474"}],"curies":[{"name":"wp","href":"https:\/\/api.w.org\/{rel}","templated":true}]}}