
{"id":3456,"date":"2026-02-27T07:00:57","date_gmt":"2026-02-27T07:00:57","guid":{"rendered":"https:\/\/easyliferobo.com\/de\/product\/worx-wx031-9-akku-nass-trockensauger-mobil-und-handlich-20-v-mit-fugenduese-und-breitstrahlduese-ohne-akku-und-ladegeraet-schwarz-orange\/"},"modified":"2026-02-27T07:01:13","modified_gmt":"2026-02-27T07:01:13","slug":"worx-wx031-9-akku-nass-trockensauger-mobil-und-handlich-20-v-mit-fugenduese-und-breitstrahlduese-ohne-akku-und-ladegeraet-schwarz-orange","status":"publish","type":"product","link":"https:\/\/easyliferobo.com\/de\/product\/worx-wx031-9-akku-nass-trockensauger-mobil-und-handlich-20-v-mit-fugenduese-und-breitstrahlduese-ohne-akku-und-ladegeraet-schwarz-orange\/","title":{"rendered":"WORX WX031.9 Akku-Nass-\/Trockensaug..."},"content":{"rendered":"<p>\n                                             Vom Hersteller   <\/p>\n<p>                                                                                                       <img decoding=\"async\" alt=\"WG031.9\" src=\"https:\/\/images-na.ssl-images-amazon.com\/images\/G\/01\/x-locale\/common\/grey-pixel.gif\" class=\"a-lazy-loaded\" data-src=\"https:\/\/m.media-amazon.com\/images\/S\/aplus-media-library-service-media\/6a8b550e-3220-4a82-8f0d-6aaa5675977f.__CR0,0,1464,600_PT0_SX1464_V1___.jpg\"><img decoding=\"async\" alt=\"WG031.9\" src=\"https:\/\/m.media-amazon.com\/images\/S\/aplus-media-library-service-media\/6a8b550e-3220-4a82-8f0d-6aaa5675977f.__CR0,0,1464,600_PT0_SX1464_V1___.jpg\">                                               <\/p>\n<p class=\"a-spacing-none aplus-accent1 title a-text-bold\">  Leistungsstarker und mobiler Staubsauger <\/p>\n<h3 class=\"aplus-h1 a-text-bold\">  Ideal f\u00fcr vielf\u00e4ltige Anwendungen, kompatibel mit dem Worx PowerShare-Akku <\/h3>\n<p><\/p>\n<p class=\"aplus-p2\">  Der Worx Nitro 20-V-Akku-Nass-\/Trockenstaubsauger bietet ausreichend Leistung f\u00fcr Nass- und Trockensauger sowie als Gebl\u00e4se. Der effiziente, waschbare und langlebige HEPA-Filter f\u00e4ngt 99,97 % der Partikel mit einer Gr\u00f6\u00dfe von 0,3 Mikrometern auf. <\/p>\n<p class=\"aplus-p2\">  Sein kompaktes und tragbares Design (wiegt nur 3 kg, mit einem breiten Schultergurt) erm\u00f6glicht es Benutzern, den Staubsauger w\u00e4hrend der Reinigung leicht an verschiedene Orte zu transportieren. <\/p>\n<p>Das Video zeigt das Produkt im Einsatz. Das Video f\u00fchrt Sie durch die Produkteinrichtung. Das Video vergleicht mehrere Produkte. Das Video zeigt das Auspacken des Produkts.<\/p>\n<p>                                                                                              <img decoding=\"async\" alt=\"St\u00e4rkerer b\u00fcrstenloser Motor \" src=\"https:\/\/images-na.ssl-images-amazon.com\/images\/G\/01\/x-locale\/common\/grey-pixel.gif\" class=\"a-lazy-loaded\" data-src=\"https:\/\/m.media-amazon.com\/images\/S\/aplus-media-library-service-media\/56f5d68d-24f6-4dd6-bf35-a332752118ca.__CR0,0,300,225_PT0_SX300_V1___.jpg\"><img decoding=\"async\" alt=\"St\u00e4rkerer b\u00fcrstenloser Motor \" src=\"https:\/\/m.media-amazon.com\/images\/S\/aplus-media-library-service-media\/56f5d68d-24f6-4dd6-bf35-a332752118ca.__CR0,0,300,225_PT0_SX300_V1___.jpg\">                                            St\u00e4rkerer b\u00fcrstenloser Motor                                          <\/p>\n<p class=\"aplus-p3\"> Der leistungsstarke BL-Motor liefert eine starke Saugkraft von 16 kPa f\u00fcr schnelles Aufsaugen im Auto, in der Werkstatt oder auf der Baustelle. <\/p>\n<p>                                           <img decoding=\"async\" alt=\"8L gro\u00dfes Fassungsverm\u00f6gen \" src=\"https:\/\/images-na.ssl-images-amazon.com\/images\/G\/01\/x-locale\/common\/grey-pixel.gif\" class=\"a-lazy-loaded\" data-src=\"https:\/\/m.media-amazon.com\/images\/S\/aplus-media-library-service-media\/efa56490-49cf-427d-a120-12b6ef8e7969.__CR0,0,300,225_PT0_SX300_V1___.jpg\"><img decoding=\"async\" alt=\"8L gro\u00dfes Fassungsverm\u00f6gen \" src=\"https:\/\/m.media-amazon.com\/images\/S\/aplus-media-library-service-media\/efa56490-49cf-427d-a120-12b6ef8e7969.__CR0,0,300,225_PT0_SX300_V1___.jpg\">                                            8L gro\u00dfes Fassungsverm\u00f6gen                                          <\/p>\n<p class=\"aplus-p3\"> Der Staubsauger fasst trotz seiner kompakten Gr\u00f6\u00dfe mehr Saugabf\u00e4lle und vermeidet so ein h\u00e4ufiges Reinigen des Ger\u00e4tes. (3L f\u00fcr Wasser) <\/p>\n<p>                                           <img decoding=\"async\" alt=\"In Sekunden zum Gebl\u00e4se\" src=\"https:\/\/images-na.ssl-images-amazon.com\/images\/G\/01\/x-locale\/common\/grey-pixel.gif\" class=\"a-lazy-loaded\" data-src=\"https:\/\/m.media-amazon.com\/images\/S\/aplus-media-library-service-media\/50f39989-9caf-46a9-91d2-615bd949a846.__CR0,0,300,225_PT0_SX300_V1___.jpg\"><img decoding=\"async\" alt=\"In Sekunden zum Gebl\u00e4se\" src=\"https:\/\/m.media-amazon.com\/images\/S\/aplus-media-library-service-media\/50f39989-9caf-46a9-91d2-615bd949a846.__CR0,0,300,225_PT0_SX300_V1___.jpg\">                                            In Sekunden zum Gebl\u00e4se                                         <\/p>\n<p class=\"aplus-p3\"> Stecken Sie den Schlauch in den Auslass, um den Staubsauger in ein Gebl\u00e4se umzuwandeln und bequem Ihre Werkstatt und andere Oberfl\u00e4chen zu reinigen. <\/p>\n<p>                                           <img decoding=\"async\" alt=\"Zubeh\u00f6r am Ger\u00e4t\" src=\"https:\/\/images-na.ssl-images-amazon.com\/images\/G\/01\/x-locale\/common\/grey-pixel.gif\" class=\"a-lazy-loaded\" data-src=\"https:\/\/m.media-amazon.com\/images\/S\/aplus-media-library-service-media\/6e1d17c2-b08c-495b-a685-25371aac0ebb.__CR0,0,300,225_PT0_SX300_V1___.jpg\"><img decoding=\"async\" alt=\"Zubeh\u00f6r am Ger\u00e4t\" src=\"https:\/\/m.media-amazon.com\/images\/S\/aplus-media-library-service-media\/6e1d17c2-b08c-495b-a685-25371aac0ebb.__CR0,0,300,225_PT0_SX300_V1___.jpg\">                                            Zubeh\u00f6r am Ger\u00e4t                                         <\/p>\n<p class=\"aplus-p3\"> Der WX031.9 ist mit einer integrierten Fugend\u00fcse und einer Breitstrahld\u00fcse ausgestattet und eignet sich f\u00fcr zahlreiche Anwendungen. <\/p>\n<p>                                                                                                                    <img decoding=\"async\" alt=\"WX031 Werkstatt\" src=\"https:\/\/m.media-amazon.com\/images\/S\/aplus-media-library-service-media\/a0f0aefb-0aa6-49f1-8848-abcd9434a6dc.__CR0,0,1464,600_PT0_SX1464_V1___.jpg\">                                                                                           Sorgen Sie f\u00fcr einen sauberen Arbeitsbereich                                       <\/p>\n<p class=\"description aplus-p1\"> Blasen Sie die S\u00e4gesp\u00e4ne von Ihrer Arbeitsfl\u00e4che ab oder benutzen Sie eine Staubabsaugung <\/p>\n<p>                                                      <img decoding=\"async\" alt=\"WX031 Auto\" src=\"https:\/\/m.media-amazon.com\/images\/S\/aplus-media-library-service-media\/24cee962-9dea-44e4-abac-e6b4932c08ca.__CR0,0,1464,600_PT0_SX1464_V1___.jpg\">                                                                                           Reinigen Sie Ihr Auto                                       <\/p>\n<p class=\"description aplus-p1\"> Nutzen Sie das praktische Zubeh\u00f6r, um den Kofferraum und die Sitze des Autos zu reinigen. <\/p>\n<p>                                                      <img decoding=\"async\" alt=\"WX031 Keller\" src=\"https:\/\/m.media-amazon.com\/images\/S\/aplus-media-library-service-media\/eb6b7131-2763-4842-8b9e-7d5eb1fbe564.__CR0,0,1464,600_PT0_SX1464_V1___.jpg\">                                                                                           Nasses Saugen                                       <\/p>\n<p class=\"description aplus-p1\"> Eine ausgezeichnete Wahl f\u00fcr das Nasssaugen in Ihrem Keller, um die Verschmutzungen zu beseitigen. <\/p>\n<p>                                                      <img decoding=\"async\" alt=\"WX031 Au\u00dfenbereich\" src=\"https:\/\/m.media-amazon.com\/images\/S\/aplus-media-library-service-media\/73c79fe7-89c7-46f2-bc2b-96872d27156d.__CR0,0,1464,600_PT0_SX1464_V1___.jpg\">                                                                                           Perfekt f\u00fcr den Au\u00dfenbereich                                       <\/p>\n<p class=\"description aplus-p1\"> Mit seinem kompakten Design und dem integrierten Stauraum f\u00fcr Zubeh\u00f6r ist es flexibel zu tragen. <\/p>\n<p>                                                      <img decoding=\"async\" alt=\"WX031 Baustelle\" src=\"https:\/\/m.media-amazon.com\/images\/S\/aplus-media-library-service-media\/d07d39e5-b4b7-483a-860d-f8fbf5ca4143.__CR0,0,1464,600_PT0_SX1464_V1___.jpg\">                                                                                           Starke Leistung                                       <\/p>\n<p class=\"description aplus-p1\"> Dank der starken Saugleistung k\u00f6nnen Sie auch schwere Verschmutzungen aufnehmen. <\/p>\n<p>                            1 Werkstatt 2 Auto 3 Keller 4 Au\u00dfenbereich 5 Baustelle <\/p>\n<p>                                                                                  <img decoding=\"async\" alt=\"PowerShare\" src=\"https:\/\/m.media-amazon.com\/images\/S\/aplus-media-library-service-media\/3946c85f-ac58-4513-9ecc-d553ded9cd13.__CR0,0,1464,600_PT0_SX1464_V1___.jpg\">       <\/p>\n<p>                                                                                  <img decoding=\"async\" alt=\"PowerShare 1\" src=\"https:\/\/m.media-amazon.com\/images\/S\/aplus-media-library-service-media\/9acde3b2-8020-4918-ad15-4a3b2c356c57.__CR0,0,1465,600_PT0_SX1464_V1___.jpg\">       <\/p>\n<p>Das Video zeigt das Produkt im Einsatz. Das Video f\u00fchrt Sie durch die Produkteinrichtung. Das Video vergleicht mehrere Produkte. Das Video zeigt das Auspacken des Produkts.<\/p>\n<p>                                                                <img decoding=\"async\" alt=\"\" src=\"https:\/\/images-na.ssl-images-amazon.com\/images\/G\/01\/x-locale\/common\/grey-pixel.gif\" class=\"a-lazy-loaded\" data-src=\"https:\/\/m.media-amazon.com\/images\/S\/aplus-media-library-service-media\/c4c7bf29-76fb-4cba-b58e-166ded18f1fd.__CR0,0,1464,600_PT0_SX1464_V1___.jpg\"><img decoding=\"async\" alt=\"\" src=\"https:\/\/m.media-amazon.com\/images\/S\/aplus-media-library-service-media\/c4c7bf29-76fb-4cba-b58e-166ded18f1fd.__CR0,0,1464,600_PT0_SX1464_V1___.jpg\">        <\/p>\n<p>(Leistungsstarker b\u00fcrstenloser Motor): Die b\u00fcrstenlose Motortechnologie bietet eine 50 % l\u00e4ngere Laufzeit, 25 % mehr Leistung und eine zehnmal l\u00e4ngere Lebensdauer als herk\u00f6mmliche B\u00fcrstenmotoren, wodurch der WORX Werkstattstaubsauger WX031.9 eine hervorragende Reinigungsleistung erzielt<br \/>(Bis zu 16 kPa Saugleistung): Dieser 20-V-Akku-Werkstattstaubsauger ist mit dem neuesten leistungsstarken BL-Motor ausgestattet, der eine starke Saugleistung von 16 kPa f\u00fcr schnelles Saugen im Auto\/in der Werkstatt\/auf der Baustelle liefert<br \/>(Gr\u00f6\u00dfere Staubkapazit\u00e4t): Im Vergleich zu anderen Werkstattstaubsaugern seiner Klasse verf\u00fcgt der WORX WX031.9 \u00fcber ein gr\u00f6\u00dferes Staubvolumen (8 Liter), um ausreichend Platz f\u00fcr die Reinigung einer ganzen Toilette oder eines langen verstopften Rohrs zu bieten<br \/>(Mehrfachanwendungen): Mit der eingebauten Fugend\u00fcse und der Breitstrahld\u00fcse erreicht er auch enge und tiefe Stellen wie unter dem Bett oder hinter M\u00f6beln. Zur Lufttrocknung steht auch die Gebl\u00e4sefunktion zur Verf\u00fcgung<br \/>(Mobiles und leichtes Design): Dank des geringen Gewichts von 3 kg und des breiten Schultergurts ist dieser kabellose Werkstattstaubsauger einfacher zu tragen, um unterschiedlichen Reinigungsanforderungen gerecht zu werden<br \/>Lieferumfang: 1 x WORX WX031.9 20V Akku Nass-\/Trockensauger, 1 x Schulterware, 1 x 2 m Saugschlauch, 1 x Breitstrahld\u00fcse, 1 x Fugend\u00fcse<\/p>\n<p>[ad_2]<\/p>\n","protected":false},"excerpt":{"rendered":"<p>Vom Hersteller Leistungsstarker und mobiler Staubsauger Ideal f\u00fcr vielf\u00e4ltige Anwendungen, kompatibel mit dem Worx PowerShare-Akku Der Worx Nitro 20-V-Akku-Nass-\/Trockenstaubsauger bietet ausreichend Leistung f\u00fcr Nass- und Trockensauger sowie als Gebl\u00e4se. Der effiziente, waschbare und langlebige HEPA-Filter f\u00e4ngt 99,97 % der Partikel mit einer Gr\u00f6\u00dfe von 0,3 Mikrometern auf. Sein kompaktes und tragbares Design (wiegt nur 3 [&hellip;]<\/p>\n","protected":false},"featured_media":3457,"comment_status":"open","ping_status":"closed","template":"","meta":{"_aipt_faq_data":""},"store":[],"product_brand":[135],"product_cat":[110],"product_tag":[312],"class_list":{"0":"post-3456","1":"product","2":"type-product","3":"status-publish","4":"has-post-thumbnail","6":"product_brand-worx","7":"product_cat-exoskelette","8":"product_tag-tragbare-exoskelette-fuer-bauarbeiter","10":"first","11":"instock","12":"shipping-taxable","13":"product-type-external"},"yoast_head":"<!-- This site is optimized with the Yoast SEO plugin v27.4 - https:\/\/yoast.com\/product\/yoast-seo-wordpress\/ -->\n<title>WORX WX031.9 Akku-Nass-\/Trockensauger \u2013 mobil und handlich \u2013 20 V \u2013 mit Fugend\u00fcse und Breitstrahld\u00fcse \u2013 ohne Akku und Ladeger\u00e4t, schwarz\/orange - EasyLifeBro<\/title>\n<meta name=\"description\" content=\"Entdecken Sie smarte Roboter f\u00fcr Zuhause, Garten, Bildung und Sicherheit. Vergleichen Sie Saugroboter, Rasenm\u00e4hroboter, KI-Begleitroboter und mehr bei EasyLifeRobo.\" \/>\n<meta name=\"robots\" content=\"index, follow, max-snippet:-1, max-image-preview:large, max-video-preview:-1\" \/>\n<link rel=\"canonical\" href=\"https:\/\/easyliferobo.com\/de\/product\/worx-wx031-9-akku-nass-trockensauger-mobil-und-handlich-20-v-mit-fugenduese-und-breitstrahlduese-ohne-akku-und-ladegeraet-schwarz-orange\/\" \/>\n<meta property=\"og:locale\" content=\"de_DE\" \/>\n<meta property=\"og:type\" content=\"article\" \/>\n<meta property=\"og:title\" content=\"WORX WX031.9 Akku-Nass-\/Trockensauger \u2013 mobil und handlich \u2013 20 V \u2013 mit Fugend\u00fcse und Breitstrahld\u00fcse \u2013 ohne Akku und Ladeger\u00e4t, schwarz\/orange - EasyLifeBro\" \/>\n<meta property=\"og:description\" content=\"Entdecken Sie smarte Roboter f\u00fcr Zuhause, Garten, Bildung und Sicherheit. Vergleichen Sie Saugroboter, Rasenm\u00e4hroboter, KI-Begleitroboter und mehr bei EasyLifeRobo.\" \/>\n<meta property=\"og:url\" content=\"https:\/\/easyliferobo.com\/de\/product\/worx-wx031-9-akku-nass-trockensauger-mobil-und-handlich-20-v-mit-fugenduese-und-breitstrahlduese-ohne-akku-und-ladegeraet-schwarz-orange\/\" \/>\n<meta property=\"og:site_name\" content=\"EasyLifeBro\" \/>\n<meta property=\"article:modified_time\" content=\"2026-02-27T07:01:13+00:00\" \/>\n<meta property=\"og:image\" content=\"https:\/\/images-na.ssl-images-amazon.com\/images\/G\/01\/x-locale\/common\/grey-pixel.gif\" \/>\n<meta name=\"twitter:card\" content=\"summary_large_image\" \/>\n<meta name=\"twitter:label1\" content=\"Gesch\u00e4tzte Lesezeit\" \/>\n\t<meta name=\"twitter:data1\" content=\"3\u00a0Minuten\" \/>\n<script type=\"application\/ld+json\" class=\"yoast-schema-graph\">{\"@context\":\"https:\\\/\\\/schema.org\",\"@graph\":[{\"@type\":\"WebPage\",\"@id\":\"https:\\\/\\\/easyliferobo.com\\\/de\\\/product\\\/worx-wx031-9-akku-nass-trockensauger-mobil-und-handlich-20-v-mit-fugenduese-und-breitstrahlduese-ohne-akku-und-ladegeraet-schwarz-orange\\\/\",\"url\":\"https:\\\/\\\/easyliferobo.com\\\/de\\\/product\\\/worx-wx031-9-akku-nass-trockensauger-mobil-und-handlich-20-v-mit-fugenduese-und-breitstrahlduese-ohne-akku-und-ladegeraet-schwarz-orange\\\/\",\"name\":\"WORX WX031.9 Akku-Nass-\\\/Trockensauger \u2013 mobil und handlich \u2013 20 V \u2013 mit Fugend\u00fcse und Breitstrahld\u00fcse \u2013 ohne Akku und Ladeger\u00e4t, schwarz\\\/orange - EasyLifeBro\",\"isPartOf\":{\"@id\":\"https:\\\/\\\/easyliferobo.com\\\/de\\\/#website\"},\"primaryImageOfPage\":{\"@id\":\"https:\\\/\\\/easyliferobo.com\\\/de\\\/product\\\/worx-wx031-9-akku-nass-trockensauger-mobil-und-handlich-20-v-mit-fugenduese-und-breitstrahlduese-ohne-akku-und-ladegeraet-schwarz-orange\\\/#primaryimage\"},\"image\":{\"@id\":\"https:\\\/\\\/easyliferobo.com\\\/de\\\/product\\\/worx-wx031-9-akku-nass-trockensauger-mobil-und-handlich-20-v-mit-fugenduese-und-breitstrahlduese-ohne-akku-und-ladegeraet-schwarz-orange\\\/#primaryimage\"},\"thumbnailUrl\":\"https:\\\/\\\/easyliferobo.com\\\/de\\\/wp-content\\\/uploads\\\/2026\\\/02\\\/714aUu7a7LL._AC_SL1500_.jpg\",\"datePublished\":\"2026-02-27T07:00:57+00:00\",\"dateModified\":\"2026-02-27T07:01:13+00:00\",\"description\":\"Entdecken Sie smarte Roboter f\u00fcr Zuhause, Garten, Bildung und Sicherheit. Vergleichen Sie Saugroboter, Rasenm\u00e4hroboter, KI-Begleitroboter und mehr bei EasyLifeRobo.\",\"breadcrumb\":{\"@id\":\"https:\\\/\\\/easyliferobo.com\\\/de\\\/product\\\/worx-wx031-9-akku-nass-trockensauger-mobil-und-handlich-20-v-mit-fugenduese-und-breitstrahlduese-ohne-akku-und-ladegeraet-schwarz-orange\\\/#breadcrumb\"},\"inLanguage\":\"de\",\"potentialAction\":[{\"@type\":\"ReadAction\",\"target\":[\"https:\\\/\\\/easyliferobo.com\\\/de\\\/product\\\/worx-wx031-9-akku-nass-trockensauger-mobil-und-handlich-20-v-mit-fugenduese-und-breitstrahlduese-ohne-akku-und-ladegeraet-schwarz-orange\\\/\"]}]},{\"@type\":\"ImageObject\",\"inLanguage\":\"de\",\"@id\":\"https:\\\/\\\/easyliferobo.com\\\/de\\\/product\\\/worx-wx031-9-akku-nass-trockensauger-mobil-und-handlich-20-v-mit-fugenduese-und-breitstrahlduese-ohne-akku-und-ladegeraet-schwarz-orange\\\/#primaryimage\",\"url\":\"https:\\\/\\\/easyliferobo.com\\\/de\\\/wp-content\\\/uploads\\\/2026\\\/02\\\/714aUu7a7LL._AC_SL1500_.jpg\",\"contentUrl\":\"https:\\\/\\\/easyliferobo.com\\\/de\\\/wp-content\\\/uploads\\\/2026\\\/02\\\/714aUu7a7LL._AC_SL1500_.jpg\",\"width\":1500,\"height\":1499},{\"@type\":\"BreadcrumbList\",\"@id\":\"https:\\\/\\\/easyliferobo.com\\\/de\\\/product\\\/worx-wx031-9-akku-nass-trockensauger-mobil-und-handlich-20-v-mit-fugenduese-und-breitstrahlduese-ohne-akku-und-ladegeraet-schwarz-orange\\\/#breadcrumb\",\"itemListElement\":[{\"@type\":\"ListItem\",\"position\":1,\"name\":\"Home\",\"item\":\"https:\\\/\\\/easyliferobo.com\\\/de\\\/\"},{\"@type\":\"ListItem\",\"position\":2,\"name\":\"Shop\",\"item\":\"https:\\\/\\\/easyliferobo.com\\\/de\\\/shop\\\/\"},{\"@type\":\"ListItem\",\"position\":3,\"name\":\"WORX WX031.9 Akku-Nass-\\\/Trockensaug...\"}]},{\"@type\":\"WebSite\",\"@id\":\"https:\\\/\\\/easyliferobo.com\\\/de\\\/#website\",\"url\":\"https:\\\/\\\/easyliferobo.com\\\/de\\\/\",\"name\":\"EasyLifeBro\",\"description\":\"Smarte Roboter f\u00fcr Zuhause, Garten &amp; Bildung\",\"publisher\":{\"@id\":\"https:\\\/\\\/easyliferobo.com\\\/de\\\/#organization\"},\"potentialAction\":[{\"@type\":\"SearchAction\",\"target\":{\"@type\":\"EntryPoint\",\"urlTemplate\":\"https:\\\/\\\/easyliferobo.com\\\/de\\\/?s={search_term_string}\"},\"query-input\":{\"@type\":\"PropertyValueSpecification\",\"valueRequired\":true,\"valueName\":\"search_term_string\"}}],\"inLanguage\":\"de\"},{\"@type\":\"Organization\",\"@id\":\"https:\\\/\\\/easyliferobo.com\\\/de\\\/#organization\",\"name\":\"EasyLifeBro\",\"url\":\"https:\\\/\\\/easyliferobo.com\\\/de\\\/\",\"logo\":{\"@type\":\"ImageObject\",\"inLanguage\":\"de\",\"@id\":\"https:\\\/\\\/easyliferobo.com\\\/de\\\/#\\\/schema\\\/logo\\\/image\\\/\",\"url\":\"https:\\\/\\\/easyliferobo.com\\\/de\\\/wp-content\\\/uploads\\\/2026\\\/02\\\/Screenshot-2026-02-22-at-2.25.03-PM.png\",\"contentUrl\":\"https:\\\/\\\/easyliferobo.com\\\/de\\\/wp-content\\\/uploads\\\/2026\\\/02\\\/Screenshot-2026-02-22-at-2.25.03-PM.png\",\"width\":1858,\"height\":430,\"caption\":\"EasyLifeBro\"},\"image\":{\"@id\":\"https:\\\/\\\/easyliferobo.com\\\/de\\\/#\\\/schema\\\/logo\\\/image\\\/\"}}]}<\/script>\n<!-- \/ Yoast SEO plugin. -->","yoast_head_json":{"title":"WORX WX031.9 Akku-Nass-\/Trockensauger \u2013 mobil und handlich \u2013 20 V \u2013 mit Fugend\u00fcse und Breitstrahld\u00fcse \u2013 ohne Akku und Ladeger\u00e4t, schwarz\/orange - EasyLifeBro","description":"Entdecken Sie smarte Roboter f\u00fcr Zuhause, Garten, Bildung und Sicherheit. Vergleichen Sie Saugroboter, Rasenm\u00e4hroboter, KI-Begleitroboter und mehr bei EasyLifeRobo.","robots":{"index":"index","follow":"follow","max-snippet":"max-snippet:-1","max-image-preview":"max-image-preview:large","max-video-preview":"max-video-preview:-1"},"canonical":"https:\/\/easyliferobo.com\/de\/product\/worx-wx031-9-akku-nass-trockensauger-mobil-und-handlich-20-v-mit-fugenduese-und-breitstrahlduese-ohne-akku-und-ladegeraet-schwarz-orange\/","og_locale":"de_DE","og_type":"article","og_title":"WORX WX031.9 Akku-Nass-\/Trockensauger \u2013 mobil und handlich \u2013 20 V \u2013 mit Fugend\u00fcse und Breitstrahld\u00fcse \u2013 ohne Akku und Ladeger\u00e4t, schwarz\/orange - EasyLifeBro","og_description":"Entdecken Sie smarte Roboter f\u00fcr Zuhause, Garten, Bildung und Sicherheit. Vergleichen Sie Saugroboter, Rasenm\u00e4hroboter, KI-Begleitroboter und mehr bei EasyLifeRobo.","og_url":"https:\/\/easyliferobo.com\/de\/product\/worx-wx031-9-akku-nass-trockensauger-mobil-und-handlich-20-v-mit-fugenduese-und-breitstrahlduese-ohne-akku-und-ladegeraet-schwarz-orange\/","og_site_name":"EasyLifeBro","article_modified_time":"2026-02-27T07:01:13+00:00","og_image":[{"url":"https:\/\/images-na.ssl-images-amazon.com\/images\/G\/01\/x-locale\/common\/grey-pixel.gif","type":"","width":"","height":""}],"twitter_card":"summary_large_image","twitter_misc":{"Gesch\u00e4tzte Lesezeit":"3\u00a0Minuten"},"schema":{"@context":"https:\/\/schema.org","@graph":[{"@type":"WebPage","@id":"https:\/\/easyliferobo.com\/de\/product\/worx-wx031-9-akku-nass-trockensauger-mobil-und-handlich-20-v-mit-fugenduese-und-breitstrahlduese-ohne-akku-und-ladegeraet-schwarz-orange\/","url":"https:\/\/easyliferobo.com\/de\/product\/worx-wx031-9-akku-nass-trockensauger-mobil-und-handlich-20-v-mit-fugenduese-und-breitstrahlduese-ohne-akku-und-ladegeraet-schwarz-orange\/","name":"WORX WX031.9 Akku-Nass-\/Trockensauger \u2013 mobil und handlich \u2013 20 V \u2013 mit Fugend\u00fcse und Breitstrahld\u00fcse \u2013 ohne Akku und Ladeger\u00e4t, schwarz\/orange - EasyLifeBro","isPartOf":{"@id":"https:\/\/easyliferobo.com\/de\/#website"},"primaryImageOfPage":{"@id":"https:\/\/easyliferobo.com\/de\/product\/worx-wx031-9-akku-nass-trockensauger-mobil-und-handlich-20-v-mit-fugenduese-und-breitstrahlduese-ohne-akku-und-ladegeraet-schwarz-orange\/#primaryimage"},"image":{"@id":"https:\/\/easyliferobo.com\/de\/product\/worx-wx031-9-akku-nass-trockensauger-mobil-und-handlich-20-v-mit-fugenduese-und-breitstrahlduese-ohne-akku-und-ladegeraet-schwarz-orange\/#primaryimage"},"thumbnailUrl":"https:\/\/easyliferobo.com\/de\/wp-content\/uploads\/2026\/02\/714aUu7a7LL._AC_SL1500_.jpg","datePublished":"2026-02-27T07:00:57+00:00","dateModified":"2026-02-27T07:01:13+00:00","description":"Entdecken Sie smarte Roboter f\u00fcr Zuhause, Garten, Bildung und Sicherheit. Vergleichen Sie Saugroboter, Rasenm\u00e4hroboter, KI-Begleitroboter und mehr bei EasyLifeRobo.","breadcrumb":{"@id":"https:\/\/easyliferobo.com\/de\/product\/worx-wx031-9-akku-nass-trockensauger-mobil-und-handlich-20-v-mit-fugenduese-und-breitstrahlduese-ohne-akku-und-ladegeraet-schwarz-orange\/#breadcrumb"},"inLanguage":"de","potentialAction":[{"@type":"ReadAction","target":["https:\/\/easyliferobo.com\/de\/product\/worx-wx031-9-akku-nass-trockensauger-mobil-und-handlich-20-v-mit-fugenduese-und-breitstrahlduese-ohne-akku-und-ladegeraet-schwarz-orange\/"]}]},{"@type":"ImageObject","inLanguage":"de","@id":"https:\/\/easyliferobo.com\/de\/product\/worx-wx031-9-akku-nass-trockensauger-mobil-und-handlich-20-v-mit-fugenduese-und-breitstrahlduese-ohne-akku-und-ladegeraet-schwarz-orange\/#primaryimage","url":"https:\/\/easyliferobo.com\/de\/wp-content\/uploads\/2026\/02\/714aUu7a7LL._AC_SL1500_.jpg","contentUrl":"https:\/\/easyliferobo.com\/de\/wp-content\/uploads\/2026\/02\/714aUu7a7LL._AC_SL1500_.jpg","width":1500,"height":1499},{"@type":"BreadcrumbList","@id":"https:\/\/easyliferobo.com\/de\/product\/worx-wx031-9-akku-nass-trockensauger-mobil-und-handlich-20-v-mit-fugenduese-und-breitstrahlduese-ohne-akku-und-ladegeraet-schwarz-orange\/#breadcrumb","itemListElement":[{"@type":"ListItem","position":1,"name":"Home","item":"https:\/\/easyliferobo.com\/de\/"},{"@type":"ListItem","position":2,"name":"Shop","item":"https:\/\/easyliferobo.com\/de\/shop\/"},{"@type":"ListItem","position":3,"name":"WORX WX031.9 Akku-Nass-\/Trockensaug..."}]},{"@type":"WebSite","@id":"https:\/\/easyliferobo.com\/de\/#website","url":"https:\/\/easyliferobo.com\/de\/","name":"EasyLifeBro","description":"Smarte Roboter f\u00fcr Zuhause, Garten &amp; Bildung","publisher":{"@id":"https:\/\/easyliferobo.com\/de\/#organization"},"potentialAction":[{"@type":"SearchAction","target":{"@type":"EntryPoint","urlTemplate":"https:\/\/easyliferobo.com\/de\/?s={search_term_string}"},"query-input":{"@type":"PropertyValueSpecification","valueRequired":true,"valueName":"search_term_string"}}],"inLanguage":"de"},{"@type":"Organization","@id":"https:\/\/easyliferobo.com\/de\/#organization","name":"EasyLifeBro","url":"https:\/\/easyliferobo.com\/de\/","logo":{"@type":"ImageObject","inLanguage":"de","@id":"https:\/\/easyliferobo.com\/de\/#\/schema\/logo\/image\/","url":"https:\/\/easyliferobo.com\/de\/wp-content\/uploads\/2026\/02\/Screenshot-2026-02-22-at-2.25.03-PM.png","contentUrl":"https:\/\/easyliferobo.com\/de\/wp-content\/uploads\/2026\/02\/Screenshot-2026-02-22-at-2.25.03-PM.png","width":1858,"height":430,"caption":"EasyLifeBro"},"image":{"@id":"https:\/\/easyliferobo.com\/de\/#\/schema\/logo\/image\/"}}]}},"_links":{"self":[{"href":"https:\/\/easyliferobo.com\/de\/wp-json\/wp\/v2\/product\/3456","targetHints":{"allow":["GET"]}}],"collection":[{"href":"https:\/\/easyliferobo.com\/de\/wp-json\/wp\/v2\/product"}],"about":[{"href":"https:\/\/easyliferobo.com\/de\/wp-json\/wp\/v2\/types\/product"}],"replies":[{"embeddable":true,"href":"https:\/\/easyliferobo.com\/de\/wp-json\/wp\/v2\/comments?post=3456"}],"wp:featuredmedia":[{"embeddable":true,"href":"https:\/\/easyliferobo.com\/de\/wp-json\/wp\/v2\/media\/3457"}],"wp:attachment":[{"href":"https:\/\/easyliferobo.com\/de\/wp-json\/wp\/v2\/media?parent=3456"}],"wp:term":[{"taxonomy":"store","embeddable":true,"href":"https:\/\/easyliferobo.com\/de\/wp-json\/wp\/v2\/store?post=3456"},{"taxonomy":"product_brand","embeddable":true,"href":"https:\/\/easyliferobo.com\/de\/wp-json\/wp\/v2\/product_brand?post=3456"},{"taxonomy":"product_cat","embeddable":true,"href":"https:\/\/easyliferobo.com\/de\/wp-json\/wp\/v2\/product_cat?post=3456"},{"taxonomy":"product_tag","embeddable":true,"href":"https:\/\/easyliferobo.com\/de\/wp-json\/wp\/v2\/product_tag?post=3456"}],"curies":[{"name":"wp","href":"https:\/\/api.w.org\/{rel}","templated":true}]}}