
{"id":344,"date":"2026-02-22T09:29:21","date_gmt":"2026-02-22T09:29:21","guid":{"rendered":"https:\/\/easyliferobo.com\/de\/product\/worx-wa0810-garage-fuer-maehroboter-klappbares-vordach-fuer-alle-landroid-s-m-und-l-modelle-nicht-fuer-vision-schutz-vor-wind-laub-regen-und-sonnenschutz-einfache\/"},"modified":"2026-02-22T23:35:39","modified_gmt":"2026-02-22T23:35:39","slug":"worx-wa0810-garage-fuer-maehroboter-klappbares-vordach-fuer-alle-landroid-s-m-und-l-modelle-nicht-fuer-vision-schutz-vor-wind-laub-regen-und-sonnenschutz-einfache","status":"publish","type":"product","link":"https:\/\/easyliferobo.com\/de\/product\/worx-wa0810-garage-fuer-maehroboter-klappbares-vordach-fuer-alle-landroid-s-m-und-l-modelle-nicht-fuer-vision-schutz-vor-wind-laub-regen-und-sonnenschutz-einfache\/","title":{"rendered":"WORX WA0810 Garage f\u00fcr M\u00e4hroboter..."},"content":{"rendered":"<p>\n                                             Vom Hersteller   <\/p>\n<p>                                                                                                       <img decoding=\"async\" alt=\"Landroid Zubeh\u00f6r\" src=\"https:\/\/images-na.ssl-images-amazon.com\/images\/G\/01\/x-locale\/common\/grey-pixel.gif\" class=\"a-lazy-loaded\" data-src=\"https:\/\/m.media-amazon.com\/images\/S\/aplus-media-library-service-media\/c5d01a86-cbcf-49c2-a6dd-8fdb2c25f95e.__CR0,0,1465,600_PT0_SX1464_V1___.png\"><img decoding=\"async\" alt=\"Landroid Zubeh\u00f6r\" src=\"https:\/\/m.media-amazon.com\/images\/S\/aplus-media-library-service-media\/c5d01a86-cbcf-49c2-a6dd-8fdb2c25f95e.__CR0,0,1465,600_PT0_SX1464_V1___.png\">                                               <\/p>\n<p>                                                                                                       <img decoding=\"async\" alt=\"Machen Sie den Landroid zu Ihrem Landroid\" src=\"https:\/\/images-na.ssl-images-amazon.com\/images\/G\/01\/x-locale\/common\/grey-pixel.gif\" class=\"a-lazy-loaded\" data-src=\"https:\/\/m.media-amazon.com\/images\/S\/aplus-media-library-service-media\/0fa3729c-9a96-44b0-854c-9980f00068f0.__CR0,0,1465,600_PT0_SX1464_V1___.png\"><img decoding=\"async\" alt=\"Machen Sie den Landroid zu Ihrem Landroid\" src=\"https:\/\/m.media-amazon.com\/images\/S\/aplus-media-library-service-media\/0fa3729c-9a96-44b0-854c-9980f00068f0.__CR0,0,1465,600_PT0_SX1464_V1___.png\">                                               <\/p>\n<p>                                                                                                                    <img decoding=\"async\" alt=\"ACS\" src=\"https:\/\/m.media-amazon.com\/images\/S\/aplus-media-library-service-media\/648fe810-3dfe-4b90-9d73-234dda493ac3.__CR0,0,1465,600_PT0_SX1464_V1___.png\">                                                    <img decoding=\"async\" alt=\"Funkverbindung\" src=\"https:\/\/m.media-amazon.com\/images\/S\/aplus-media-library-service-media\/516a73f1-b6d7-4950-8eac-67f61382f445.__CR0,0,1465,600_PT0_SX1464_V1___.png\">                                                    <img decoding=\"async\" alt=\"Finde meinen Landroid\" src=\"https:\/\/m.media-amazon.com\/images\/S\/aplus-media-library-service-media\/17f9e74c-0014-4d80-a9fa-f1a0dc69e6b5.__CR0,0,1465,600_PT0_SX1464_V1___.png\">                                                    <img decoding=\"async\" alt=\"Tabu\" src=\"https:\/\/m.media-amazon.com\/images\/S\/aplus-media-library-service-media\/75dcda8c-b0c7-481c-b33d-8e1a28d2988d.__CR0,0,1465,600_PT0_SX1464_V1___.png\">                                                    <img decoding=\"async\" alt=\"Hoher Alarm\" src=\"https:\/\/m.media-amazon.com\/images\/S\/aplus-media-library-service-media\/cd258f08-70e9-465d-be19-2ce833969d87.__CR0,0,1465,600_PT0_SX1464_V1___.png\"><br \/>\n                            1 Hinderniss-Vermeidung 2 Funknetz-Verst\u00e4rker 3 Schutz vor Diebstahl 4 Bereich-Abgrenzung 5 W\u00e4chter im Garten <\/p>\n<p>                                                                                  <img decoding=\"async\" alt=\"Garage\" src=\"https:\/\/m.media-amazon.com\/images\/S\/aplus-media-library-service-media\/81125bcd-790a-4678-9a71-d29e83519a7b.__CR0,0,1465,600_PT0_SX1464_V1___.png\">       <\/p>\n<p>                                                                                  <img decoding=\"async\" alt=\"Landroid Rad\" src=\"https:\/\/m.media-amazon.com\/images\/S\/aplus-media-library-service-media\/7f5df1c4-4e11-4143-a3ff-e6ed862e77f7.__CR0,0,1465,600_PT0_SX1464_V1___.png\">       <\/p>\n<p>                                                                                  <img decoding=\"async\" alt=\"Landroid Ersatzmesser\" src=\"https:\/\/m.media-amazon.com\/images\/S\/aplus-media-library-service-media\/4f808064-3540-4c98-9e9c-a5e125057c68.__CR0,0,1465,600_PT0_SX1464_V1___.png\">       <\/p>\n<p>                                                                                  <img decoding=\"async\" alt=\"Landroid Abgrenzungskabel &amp; N\u00e4gel\" src=\"https:\/\/m.media-amazon.com\/images\/S\/aplus-media-library-service-media\/e1bef03d-e9f4-48ed-a480-79063eb2667f.__CR0,0,1465,600_PT0_SX1464_V1___.png\">       <\/p>\n<p>                                                                                                       <img decoding=\"async\" alt=\"PowerShare\" src=\"https:\/\/images-na.ssl-images-amazon.com\/images\/G\/01\/x-locale\/common\/grey-pixel.gif\" class=\"a-lazy-loaded\" data-src=\"https:\/\/m.media-amazon.com\/images\/S\/aplus-media-library-service-media\/073371ce-c3c1-4e82-a04e-e2964497c31a.__CR1,0,1464,600_PT0_SX1464_V1___.png\"><img decoding=\"async\" alt=\"PowerShare\" src=\"https:\/\/m.media-amazon.com\/images\/S\/aplus-media-library-service-media\/073371ce-c3c1-4e82-a04e-e2964497c31a.__CR1,0,1464,600_PT0_SX1464_V1___.png\">                                               <\/p>\n<p>Erh\u00f6ht die Lebensdauer des M\u00e4hroboters: Nach getaner Arbeit im Garten kann der Landroid M\u00e4hroboter samt Ladestation in dieser Garage vor Sonne und Regen gesch\u00fctzt werden<br \/>Die \u00fcberdachte Garage sorgt daf\u00fcr, dass weder starker Wind noch direkte Sonneneinstrahlung dem M\u00e4hroboter etwas anhaben k\u00f6nnen \u2013 so haben Sie lange Freude an Ihrem flei\u00dfigen Gartenhelfer<br \/>Dank des modernen und schlichten Designs passt die Garage in jede Garteneinrichtung. Der Deckel kann angehoben werden, um jederzeit Zugriff auf das Bedienfeld zu haben<br \/>Die Worx Rasenm\u00e4hergarage aus Metall und Kunststoff l\u00e4sst sich schnell und einfach montieren und sorgt f\u00fcr einen sicheren und stabilen Halt<br \/>Lieferumfang: 1 x WORX WA0810 M\u00e4hroboter-Garage \/ inkl. Montageanleitung \/ Ma\u00dfe: 39,4 cm x 54,8 cm x 68,8 cm (B x T x H).<\/p>\n<p>[ad_2]<\/p>\n","protected":false},"excerpt":{"rendered":"<p>Vom Hersteller 1 Hinderniss-Vermeidung 2 Funknetz-Verst\u00e4rker 3 Schutz vor Diebstahl 4 Bereich-Abgrenzung 5 W\u00e4chter im Garten Erh\u00f6ht die Lebensdauer des M\u00e4hroboters: Nach getaner Arbeit im Garten kann der Landroid M\u00e4hroboter samt Ladestation in dieser Garage vor Sonne und Regen gesch\u00fctzt werdenDie \u00fcberdachte Garage sorgt daf\u00fcr, dass weder starker Wind noch direkte Sonneneinstrahlung dem M\u00e4hroboter etwas [&hellip;]<\/p>\n","protected":false},"featured_media":345,"comment_status":"open","ping_status":"closed","template":"","meta":{"_aipt_faq_data":""},"store":[],"product_brand":[135],"product_cat":[85],"product_tag":[136],"class_list":{"0":"post-344","1":"product","2":"type-product","3":"status-publish","4":"has-post-thumbnail","6":"product_brand-worx","7":"product_cat-gps-rasenroboter","8":"product_tag-gps-rasenroboter-mit-begrenzungsdraht","10":"first","11":"instock","12":"sale","13":"shipping-taxable","14":"product-type-external"},"yoast_head":"<!-- This site is optimized with the Yoast SEO plugin v27.0 - https:\/\/yoast.com\/product\/yoast-seo-wordpress\/ -->\n<title>WORX WA0810 Garage f\u00fcr M\u00e4hroboter \u2013 klappbares Vordach f\u00fcr alle Landroid S-, M- und L-Modelle (nicht f\u00fcr Vision) \u2013 Schutz vor Wind, Laub, Regen und Sonnenschutz \u2013 einfache Montage - EasyLifeBro<\/title>\n<meta name=\"description\" content=\"Entdecken Sie smarte Roboter f\u00fcr Zuhause, Garten, Bildung und Sicherheit. Vergleichen Sie Saugroboter, Rasenm\u00e4hroboter, KI-Begleitroboter und mehr bei EasyLifeRobo.\" \/>\n<meta name=\"robots\" content=\"index, follow, max-snippet:-1, max-image-preview:large, max-video-preview:-1\" \/>\n<link rel=\"canonical\" href=\"https:\/\/easyliferobo.com\/de\/product\/worx-wa0810-garage-fuer-maehroboter-klappbares-vordach-fuer-alle-landroid-s-m-und-l-modelle-nicht-fuer-vision-schutz-vor-wind-laub-regen-und-sonnenschutz-einfache\/\" \/>\n<meta property=\"og:locale\" content=\"de_DE\" \/>\n<meta property=\"og:type\" content=\"article\" \/>\n<meta property=\"og:title\" content=\"WORX WA0810 Garage f\u00fcr M\u00e4hroboter \u2013 klappbares Vordach f\u00fcr alle Landroid S-, M- und L-Modelle (nicht f\u00fcr Vision) \u2013 Schutz vor Wind, Laub, Regen und Sonnenschutz \u2013 einfache Montage - EasyLifeBro\" \/>\n<meta property=\"og:description\" content=\"Entdecken Sie smarte Roboter f\u00fcr Zuhause, Garten, Bildung und Sicherheit. Vergleichen Sie Saugroboter, Rasenm\u00e4hroboter, KI-Begleitroboter und mehr bei EasyLifeRobo.\" \/>\n<meta property=\"og:url\" content=\"https:\/\/easyliferobo.com\/de\/product\/worx-wa0810-garage-fuer-maehroboter-klappbares-vordach-fuer-alle-landroid-s-m-und-l-modelle-nicht-fuer-vision-schutz-vor-wind-laub-regen-und-sonnenschutz-einfache\/\" \/>\n<meta property=\"og:site_name\" content=\"EasyLifeBro\" \/>\n<meta property=\"article:modified_time\" content=\"2026-02-22T23:35:39+00:00\" \/>\n<meta property=\"og:image\" content=\"https:\/\/easyliferobo.com\/de\/wp-content\/uploads\/2026\/02\/71Q6gXcj1ML._AC_SL1500_.jpg\" \/>\n\t<meta property=\"og:image:width\" content=\"1500\" \/>\n\t<meta property=\"og:image:height\" content=\"1017\" \/>\n\t<meta property=\"og:image:type\" content=\"image\/jpeg\" \/>\n<meta name=\"twitter:card\" content=\"summary_large_image\" \/>\n<meta name=\"twitter:label1\" content=\"Gesch\u00e4tzte Lesezeit\" \/>\n\t<meta name=\"twitter:data1\" content=\"1\u00a0Minute\" \/>\n<script type=\"application\/ld+json\" class=\"yoast-schema-graph\">{\"@context\":\"https:\/\/schema.org\",\"@graph\":[{\"@type\":\"WebPage\",\"@id\":\"https:\/\/easyliferobo.com\/de\/product\/worx-wa0810-garage-fuer-maehroboter-klappbares-vordach-fuer-alle-landroid-s-m-und-l-modelle-nicht-fuer-vision-schutz-vor-wind-laub-regen-und-sonnenschutz-einfache\/\",\"url\":\"https:\/\/easyliferobo.com\/de\/product\/worx-wa0810-garage-fuer-maehroboter-klappbares-vordach-fuer-alle-landroid-s-m-und-l-modelle-nicht-fuer-vision-schutz-vor-wind-laub-regen-und-sonnenschutz-einfache\/\",\"name\":\"WORX WA0810 Garage f\u00fcr M\u00e4hroboter \u2013 klappbares Vordach f\u00fcr alle Landroid S-, M- und L-Modelle (nicht f\u00fcr Vision) \u2013 Schutz vor Wind, Laub, Regen und Sonnenschutz \u2013 einfache Montage - EasyLifeBro\",\"isPartOf\":{\"@id\":\"https:\/\/easyliferobo.com\/de\/#website\"},\"primaryImageOfPage\":{\"@id\":\"https:\/\/easyliferobo.com\/de\/product\/worx-wa0810-garage-fuer-maehroboter-klappbares-vordach-fuer-alle-landroid-s-m-und-l-modelle-nicht-fuer-vision-schutz-vor-wind-laub-regen-und-sonnenschutz-einfache\/#primaryimage\"},\"image\":{\"@id\":\"https:\/\/easyliferobo.com\/de\/product\/worx-wa0810-garage-fuer-maehroboter-klappbares-vordach-fuer-alle-landroid-s-m-und-l-modelle-nicht-fuer-vision-schutz-vor-wind-laub-regen-und-sonnenschutz-einfache\/#primaryimage\"},\"thumbnailUrl\":\"https:\/\/easyliferobo.com\/de\/wp-content\/uploads\/2026\/02\/71Q6gXcj1ML._AC_SL1500_.jpg\",\"datePublished\":\"2026-02-22T09:29:21+00:00\",\"dateModified\":\"2026-02-22T23:35:39+00:00\",\"description\":\"Entdecken Sie smarte Roboter f\u00fcr Zuhause, Garten, Bildung und Sicherheit. Vergleichen Sie Saugroboter, Rasenm\u00e4hroboter, KI-Begleitroboter und mehr bei EasyLifeRobo.\",\"breadcrumb\":{\"@id\":\"https:\/\/easyliferobo.com\/de\/product\/worx-wa0810-garage-fuer-maehroboter-klappbares-vordach-fuer-alle-landroid-s-m-und-l-modelle-nicht-fuer-vision-schutz-vor-wind-laub-regen-und-sonnenschutz-einfache\/#breadcrumb\"},\"inLanguage\":\"de\",\"potentialAction\":[{\"@type\":\"ReadAction\",\"target\":[\"https:\/\/easyliferobo.com\/de\/product\/worx-wa0810-garage-fuer-maehroboter-klappbares-vordach-fuer-alle-landroid-s-m-und-l-modelle-nicht-fuer-vision-schutz-vor-wind-laub-regen-und-sonnenschutz-einfache\/\"]}]},{\"@type\":\"ImageObject\",\"inLanguage\":\"de\",\"@id\":\"https:\/\/easyliferobo.com\/de\/product\/worx-wa0810-garage-fuer-maehroboter-klappbares-vordach-fuer-alle-landroid-s-m-und-l-modelle-nicht-fuer-vision-schutz-vor-wind-laub-regen-und-sonnenschutz-einfache\/#primaryimage\",\"url\":\"https:\/\/easyliferobo.com\/de\/wp-content\/uploads\/2026\/02\/71Q6gXcj1ML._AC_SL1500_.jpg\",\"contentUrl\":\"https:\/\/easyliferobo.com\/de\/wp-content\/uploads\/2026\/02\/71Q6gXcj1ML._AC_SL1500_.jpg\",\"width\":1500,\"height\":1017},{\"@type\":\"BreadcrumbList\",\"@id\":\"https:\/\/easyliferobo.com\/de\/product\/worx-wa0810-garage-fuer-maehroboter-klappbares-vordach-fuer-alle-landroid-s-m-und-l-modelle-nicht-fuer-vision-schutz-vor-wind-laub-regen-und-sonnenschutz-einfache\/#breadcrumb\",\"itemListElement\":[{\"@type\":\"ListItem\",\"position\":1,\"name\":\"Home\",\"item\":\"https:\/\/easyliferobo.com\/de\/\"},{\"@type\":\"ListItem\",\"position\":2,\"name\":\"Shop\",\"item\":\"https:\/\/easyliferobo.com\/de\/shop\/\"},{\"@type\":\"ListItem\",\"position\":3,\"name\":\"WORX WA0810 Garage f\u00fcr M\u00e4hroboter...\"}]},{\"@type\":\"WebSite\",\"@id\":\"https:\/\/easyliferobo.com\/de\/#website\",\"url\":\"https:\/\/easyliferobo.com\/de\/\",\"name\":\"EasyLifeBro\",\"description\":\"Smarte Roboter f\u00fcr Zuhause, Garten &amp; Bildung\",\"publisher\":{\"@id\":\"https:\/\/easyliferobo.com\/de\/#organization\"},\"potentialAction\":[{\"@type\":\"SearchAction\",\"target\":{\"@type\":\"EntryPoint\",\"urlTemplate\":\"https:\/\/easyliferobo.com\/de\/?s={search_term_string}\"},\"query-input\":{\"@type\":\"PropertyValueSpecification\",\"valueRequired\":true,\"valueName\":\"search_term_string\"}}],\"inLanguage\":\"de\"},{\"@type\":\"Organization\",\"@id\":\"https:\/\/easyliferobo.com\/de\/#organization\",\"name\":\"EasyLifeBro\",\"url\":\"https:\/\/easyliferobo.com\/de\/\",\"logo\":{\"@type\":\"ImageObject\",\"inLanguage\":\"de\",\"@id\":\"https:\/\/easyliferobo.com\/de\/#\/schema\/logo\/image\/\",\"url\":\"https:\/\/easyliferobo.com\/de\/wp-content\/uploads\/2026\/02\/Screenshot-2026-02-22-at-2.25.03-PM.png\",\"contentUrl\":\"https:\/\/easyliferobo.com\/de\/wp-content\/uploads\/2026\/02\/Screenshot-2026-02-22-at-2.25.03-PM.png\",\"width\":1858,\"height\":430,\"caption\":\"EasyLifeBro\"},\"image\":{\"@id\":\"https:\/\/easyliferobo.com\/de\/#\/schema\/logo\/image\/\"}}]}<\/script>\n<!-- \/ Yoast SEO plugin. -->","yoast_head_json":{"title":"WORX WA0810 Garage f\u00fcr M\u00e4hroboter \u2013 klappbares Vordach f\u00fcr alle Landroid S-, M- und L-Modelle (nicht f\u00fcr Vision) \u2013 Schutz vor Wind, Laub, Regen und Sonnenschutz \u2013 einfache Montage - EasyLifeBro","description":"Entdecken Sie smarte Roboter f\u00fcr Zuhause, Garten, Bildung und Sicherheit. Vergleichen Sie Saugroboter, Rasenm\u00e4hroboter, KI-Begleitroboter und mehr bei EasyLifeRobo.","robots":{"index":"index","follow":"follow","max-snippet":"max-snippet:-1","max-image-preview":"max-image-preview:large","max-video-preview":"max-video-preview:-1"},"canonical":"https:\/\/easyliferobo.com\/de\/product\/worx-wa0810-garage-fuer-maehroboter-klappbares-vordach-fuer-alle-landroid-s-m-und-l-modelle-nicht-fuer-vision-schutz-vor-wind-laub-regen-und-sonnenschutz-einfache\/","og_locale":"de_DE","og_type":"article","og_title":"WORX WA0810 Garage f\u00fcr M\u00e4hroboter \u2013 klappbares Vordach f\u00fcr alle Landroid S-, M- und L-Modelle (nicht f\u00fcr Vision) \u2013 Schutz vor Wind, Laub, Regen und Sonnenschutz \u2013 einfache Montage - EasyLifeBro","og_description":"Entdecken Sie smarte Roboter f\u00fcr Zuhause, Garten, Bildung und Sicherheit. Vergleichen Sie Saugroboter, Rasenm\u00e4hroboter, KI-Begleitroboter und mehr bei EasyLifeRobo.","og_url":"https:\/\/easyliferobo.com\/de\/product\/worx-wa0810-garage-fuer-maehroboter-klappbares-vordach-fuer-alle-landroid-s-m-und-l-modelle-nicht-fuer-vision-schutz-vor-wind-laub-regen-und-sonnenschutz-einfache\/","og_site_name":"EasyLifeBro","article_modified_time":"2026-02-22T23:35:39+00:00","og_image":[{"width":1500,"height":1017,"url":"https:\/\/easyliferobo.com\/de\/wp-content\/uploads\/2026\/02\/71Q6gXcj1ML._AC_SL1500_.jpg","type":"image\/jpeg"}],"twitter_card":"summary_large_image","twitter_misc":{"Gesch\u00e4tzte Lesezeit":"1\u00a0Minute"},"schema":{"@context":"https:\/\/schema.org","@graph":[{"@type":"WebPage","@id":"https:\/\/easyliferobo.com\/de\/product\/worx-wa0810-garage-fuer-maehroboter-klappbares-vordach-fuer-alle-landroid-s-m-und-l-modelle-nicht-fuer-vision-schutz-vor-wind-laub-regen-und-sonnenschutz-einfache\/","url":"https:\/\/easyliferobo.com\/de\/product\/worx-wa0810-garage-fuer-maehroboter-klappbares-vordach-fuer-alle-landroid-s-m-und-l-modelle-nicht-fuer-vision-schutz-vor-wind-laub-regen-und-sonnenschutz-einfache\/","name":"WORX WA0810 Garage f\u00fcr M\u00e4hroboter \u2013 klappbares Vordach f\u00fcr alle Landroid S-, M- und L-Modelle (nicht f\u00fcr Vision) \u2013 Schutz vor Wind, Laub, Regen und Sonnenschutz \u2013 einfache Montage - EasyLifeBro","isPartOf":{"@id":"https:\/\/easyliferobo.com\/de\/#website"},"primaryImageOfPage":{"@id":"https:\/\/easyliferobo.com\/de\/product\/worx-wa0810-garage-fuer-maehroboter-klappbares-vordach-fuer-alle-landroid-s-m-und-l-modelle-nicht-fuer-vision-schutz-vor-wind-laub-regen-und-sonnenschutz-einfache\/#primaryimage"},"image":{"@id":"https:\/\/easyliferobo.com\/de\/product\/worx-wa0810-garage-fuer-maehroboter-klappbares-vordach-fuer-alle-landroid-s-m-und-l-modelle-nicht-fuer-vision-schutz-vor-wind-laub-regen-und-sonnenschutz-einfache\/#primaryimage"},"thumbnailUrl":"https:\/\/easyliferobo.com\/de\/wp-content\/uploads\/2026\/02\/71Q6gXcj1ML._AC_SL1500_.jpg","datePublished":"2026-02-22T09:29:21+00:00","dateModified":"2026-02-22T23:35:39+00:00","description":"Entdecken Sie smarte Roboter f\u00fcr Zuhause, Garten, Bildung und Sicherheit. Vergleichen Sie Saugroboter, Rasenm\u00e4hroboter, KI-Begleitroboter und mehr bei EasyLifeRobo.","breadcrumb":{"@id":"https:\/\/easyliferobo.com\/de\/product\/worx-wa0810-garage-fuer-maehroboter-klappbares-vordach-fuer-alle-landroid-s-m-und-l-modelle-nicht-fuer-vision-schutz-vor-wind-laub-regen-und-sonnenschutz-einfache\/#breadcrumb"},"inLanguage":"de","potentialAction":[{"@type":"ReadAction","target":["https:\/\/easyliferobo.com\/de\/product\/worx-wa0810-garage-fuer-maehroboter-klappbares-vordach-fuer-alle-landroid-s-m-und-l-modelle-nicht-fuer-vision-schutz-vor-wind-laub-regen-und-sonnenschutz-einfache\/"]}]},{"@type":"ImageObject","inLanguage":"de","@id":"https:\/\/easyliferobo.com\/de\/product\/worx-wa0810-garage-fuer-maehroboter-klappbares-vordach-fuer-alle-landroid-s-m-und-l-modelle-nicht-fuer-vision-schutz-vor-wind-laub-regen-und-sonnenschutz-einfache\/#primaryimage","url":"https:\/\/easyliferobo.com\/de\/wp-content\/uploads\/2026\/02\/71Q6gXcj1ML._AC_SL1500_.jpg","contentUrl":"https:\/\/easyliferobo.com\/de\/wp-content\/uploads\/2026\/02\/71Q6gXcj1ML._AC_SL1500_.jpg","width":1500,"height":1017},{"@type":"BreadcrumbList","@id":"https:\/\/easyliferobo.com\/de\/product\/worx-wa0810-garage-fuer-maehroboter-klappbares-vordach-fuer-alle-landroid-s-m-und-l-modelle-nicht-fuer-vision-schutz-vor-wind-laub-regen-und-sonnenschutz-einfache\/#breadcrumb","itemListElement":[{"@type":"ListItem","position":1,"name":"Home","item":"https:\/\/easyliferobo.com\/de\/"},{"@type":"ListItem","position":2,"name":"Shop","item":"https:\/\/easyliferobo.com\/de\/shop\/"},{"@type":"ListItem","position":3,"name":"WORX WA0810 Garage f\u00fcr M\u00e4hroboter..."}]},{"@type":"WebSite","@id":"https:\/\/easyliferobo.com\/de\/#website","url":"https:\/\/easyliferobo.com\/de\/","name":"EasyLifeBro","description":"Smarte Roboter f\u00fcr Zuhause, Garten &amp; Bildung","publisher":{"@id":"https:\/\/easyliferobo.com\/de\/#organization"},"potentialAction":[{"@type":"SearchAction","target":{"@type":"EntryPoint","urlTemplate":"https:\/\/easyliferobo.com\/de\/?s={search_term_string}"},"query-input":{"@type":"PropertyValueSpecification","valueRequired":true,"valueName":"search_term_string"}}],"inLanguage":"de"},{"@type":"Organization","@id":"https:\/\/easyliferobo.com\/de\/#organization","name":"EasyLifeBro","url":"https:\/\/easyliferobo.com\/de\/","logo":{"@type":"ImageObject","inLanguage":"de","@id":"https:\/\/easyliferobo.com\/de\/#\/schema\/logo\/image\/","url":"https:\/\/easyliferobo.com\/de\/wp-content\/uploads\/2026\/02\/Screenshot-2026-02-22-at-2.25.03-PM.png","contentUrl":"https:\/\/easyliferobo.com\/de\/wp-content\/uploads\/2026\/02\/Screenshot-2026-02-22-at-2.25.03-PM.png","width":1858,"height":430,"caption":"EasyLifeBro"},"image":{"@id":"https:\/\/easyliferobo.com\/de\/#\/schema\/logo\/image\/"}}]}},"_links":{"self":[{"href":"https:\/\/easyliferobo.com\/de\/wp-json\/wp\/v2\/product\/344","targetHints":{"allow":["GET"]}}],"collection":[{"href":"https:\/\/easyliferobo.com\/de\/wp-json\/wp\/v2\/product"}],"about":[{"href":"https:\/\/easyliferobo.com\/de\/wp-json\/wp\/v2\/types\/product"}],"replies":[{"embeddable":true,"href":"https:\/\/easyliferobo.com\/de\/wp-json\/wp\/v2\/comments?post=344"}],"wp:featuredmedia":[{"embeddable":true,"href":"https:\/\/easyliferobo.com\/de\/wp-json\/wp\/v2\/media\/345"}],"wp:attachment":[{"href":"https:\/\/easyliferobo.com\/de\/wp-json\/wp\/v2\/media?parent=344"}],"wp:term":[{"taxonomy":"store","embeddable":true,"href":"https:\/\/easyliferobo.com\/de\/wp-json\/wp\/v2\/store?post=344"},{"taxonomy":"product_brand","embeddable":true,"href":"https:\/\/easyliferobo.com\/de\/wp-json\/wp\/v2\/product_brand?post=344"},{"taxonomy":"product_cat","embeddable":true,"href":"https:\/\/easyliferobo.com\/de\/wp-json\/wp\/v2\/product_cat?post=344"},{"taxonomy":"product_tag","embeddable":true,"href":"https:\/\/easyliferobo.com\/de\/wp-json\/wp\/v2\/product_tag?post=344"}],"curies":[{"name":"wp","href":"https:\/\/api.w.org\/{rel}","templated":true}]}}