
{"id":3437,"date":"2026-02-27T06:58:25","date_gmt":"2026-02-27T06:58:25","guid":{"rendered":"https:\/\/easyliferobo.com\/de\/product\/sunseeker-s4-maehroboter-ohne-begrenzungskabel-1000-m%c2%b2-360-3d-lidar-ai-car-mapping-setup-freier-rasenmaeherroboter-app-steuerung-42-steigung\/"},"modified":"2026-02-27T06:58:44","modified_gmt":"2026-02-27T06:58:44","slug":"sunseeker-s4-maehroboter-ohne-begrenzungskabel-1000-m%c2%b2-360-3d-lidar-ai-car-mapping-setup-freier-rasenmaeherroboter-app-steuerung-42-steigung","status":"publish","type":"product","link":"https:\/\/easyliferobo.com\/de\/product\/sunseeker-s4-maehroboter-ohne-begrenzungskabel-1000-m%c2%b2-360-3d-lidar-ai-car-mapping-setup-freier-rasenmaeherroboter-app-steuerung-42-steigung\/","title":{"rendered":"Sunseeker S4 M\u00e4hroboter ohne Begre..."},"content":{"rendered":"<p>\n                                             Vom Hersteller   <\/p>\n<p>                                                                             <img decoding=\"async\" alt=\"Aplus-Inhaltsbild\" src=\"https:\/\/images-na.ssl-images-amazon.com\/images\/G\/01\/x-locale\/common\/grey-pixel.gif\" class=\"a-spacing-base a-lazy-loaded\" data-src=\"https:\/\/m.media-amazon.com\/images\/S\/aplus-media-library-service-media\/2f481297-4591-40a2-b7e5-217b514d9e03.__CR0,0,970,600_PT0_SX970_V1___.jpg\"><img decoding=\"async\" alt=\"Aplus-Inhaltsbild\" src=\"https:\/\/m.media-amazon.com\/images\/S\/aplus-media-library-service-media\/2f481297-4591-40a2-b7e5-217b514d9e03.__CR0,0,970,600_PT0_SX970_V1___.jpg\">                                                                    <\/p>\n<p>                                                                             <img decoding=\"async\" alt=\"Aplus-Inhaltsbild\" src=\"https:\/\/images-na.ssl-images-amazon.com\/images\/G\/01\/x-locale\/common\/grey-pixel.gif\" class=\"a-spacing-base a-lazy-loaded\" data-src=\"https:\/\/m.media-amazon.com\/images\/S\/aplus-media-library-service-media\/d53bf270-27f3-4eef-9934-a72133c5ce0f.__CR0,0,970,600_PT0_SX970_V1___.jpg\"><img decoding=\"async\" alt=\"Aplus-Inhaltsbild\" src=\"https:\/\/m.media-amazon.com\/images\/S\/aplus-media-library-service-media\/d53bf270-27f3-4eef-9934-a72133c5ce0f.__CR0,0,970,600_PT0_SX970_V1___.jpg\">                                                                    <\/p>\n<p>                                                                             <img decoding=\"async\" alt=\"Der Text lautet \u201eIPX4 wasserdicht\u201c. und \u201eRegensensor &amp;\u201c Automatische R\u00fcckkehr&#39;. Serie von Au\u00dfenfotos, die einen Roboter-Rasenm\u00e4her im Einsatz bei verschiedenen Wetterbedingungen und Landschaften zeigen.\" src=\"https:\/\/images-na.ssl-images-amazon.com\/images\/G\/01\/x-locale\/common\/grey-pixel.gif\" class=\"a-spacing-base a-lazy-loaded\" data-src=\"https:\/\/m.media-amazon.com\/images\/S\/aplus-media-library-service-media\/778da429-c3ba-416d-9164-343cd2d6a73a.__CR0,0,970,600_PT0_SX970_V1___.jpg\"><img decoding=\"async\" alt=\"Der Text lautet \u201eIPX4 wasserdicht\u201c. und \u201eRegensensor &amp;\u201c Automatische R\u00fcckkehr&#39;. Serie von Au\u00dfenfotos, die einen Roboter-Rasenm\u00e4her im Einsatz bei verschiedenen Wetterbedingungen und Landschaften zeigen.\" src=\"https:\/\/m.media-amazon.com\/images\/S\/aplus-media-library-service-media\/778da429-c3ba-416d-9164-343cd2d6a73a.__CR0,0,970,600_PT0_SX970_V1___.jpg\">                                                                    <\/p>\n<p>                                                                             <img decoding=\"async\" alt=\"Der Text lautet \u201e\u00dcber uns\u201c. mit Unternehmensstatistiken: \u201e\u00fcber 2.300 Mitarbeiter\u201c, \u201e11 weltweite Niederlassungen\u201c, \u201e4 Zertifikate\/ISO\u201c, \u201e\u00fcber 600 Produktpatente\u201c. auf orangefarbenem und schwarzem Hintergrund.\" src=\"https:\/\/images-na.ssl-images-amazon.com\/images\/G\/01\/x-locale\/common\/grey-pixel.gif\" class=\"a-spacing-base a-lazy-loaded\" data-src=\"https:\/\/m.media-amazon.com\/images\/S\/aplus-media-library-service-media\/2bae776b-edf3-457b-96e9-9870d236b8f8.__CR0,0,970,600_PT0_SX970_V1___.jpg\"><img decoding=\"async\" alt=\"Der Text lautet \u201e\u00dcber uns\u201c. mit Unternehmensstatistiken: \u201e\u00fcber 2.300 Mitarbeiter\u201c, \u201e11 weltweite Niederlassungen\u201c, \u201e4 Zertifikate\/ISO\u201c, \u201e\u00fcber 600 Produktpatente\u201c. auf orangefarbenem und schwarzem Hintergrund.\" src=\"https:\/\/m.media-amazon.com\/images\/S\/aplus-media-library-service-media\/2bae776b-edf3-457b-96e9-9870d236b8f8.__CR0,0,970,600_PT0_SX970_V1___.jpg\">                                                                    <\/p>\n<p>                         Zum Warenkorb hinzuf\u00fcgen Zum Warenkorb hinzuf\u00fcgen Zum Warenkorb hinzuf\u00fcgen Zum Warenkorb hinzuf\u00fcgen Zum Warenkorb hinzuf\u00fcgen Zum Warenkorb hinzuf\u00fcgen Preis 999,99 \u20ac 999,99 \u20ac 1.699,00 \u20ac 1.699,00 \u20ac 899,00 \u20ac 899,00 \u20ac 599,00 \u20ac 599,00 \u20ac 799,00 \u20ac 799,00 \u20ac 1.006,11 \u20ac 1.006,11 \u20ac Max. M\u00e4hbereich 1000\u33a1 1600\u33a1 800\u33a1 300\u33a1 600\u33a1 1000\u33a1 Schnittbreite 18 cm 20 cm 18 cm 16 cm 18 cm 18 cm Schnitth\u00f6he 20\u201360 mm 20\u201360 mm 20\u201360 mm 20\u201350 mm 20\u201360 mm 20\u201360 mm max. Neigungsf\u00e4higkeit 42 % 60 % 30 % 27 % 42 % 42 % Batteriekapazit\u00e4t 4,0 Ah 5,0 Ah 4,0 Ah 2,0 Ah 2,5 Ah 4,0 Ah Positionierung und Navigation Vision AI + 360\u00b0 3D LiDAR (monokular) RTK+Vision AI (binokular) RTK + Vision AI (monokular) Vision AI (monokular) Vision AI (binokular) Vision AI (binokular) Multizonen 100 80 60 Keine 3 3 Nachtmodus \u2713 keine Daten keine Daten keine Daten keine Daten keine Daten Schutzstufe (Maschine) IPX6 IPX5 IPX5 IPX5 IPX5 IPX5 Alexa oder Google Home \u2713 \u2713 \u2713 \u2713 \u2713 \u2713 \u2713<\/p>\n<p>Hochsensible Wahrnehmung und stabile Navigation: Durch die Kombination von 360\u00b0 3D LiDAR mit Vision AI scannt der Sunseeker S4 M\u00e4hroboter kontinuierlich Ihren Rasen und erstellt hochpr\u00e4zise 3D-Karten. Der S4-Rasenroboter navigiert auch in Bereichen mit schwachem Signal pr\u00e4zise und erreicht sicher jeden Winkel Ihres Gartens<br \/>RADAR-gest\u00fctztes Automapping und startklar: Ausgestattet mit Radar-basiertem KI-Automapping erkennt der Rasenm\u00e4herroboter S4 pr\u00e4zise seine Umgebung und erstellt selbstst\u00e4ndig eine stabile Rasenkarte \u2013 ohne Begrenzungskabel, Basisstation oder aufw\u00e4ndige Installationen. Einfach einschalten und m\u00e4hen \u2013 f\u00fcr m\u00fchelose Rasenpflege vom ersten Tag an<br \/>Intelligente Pfadplanung und 100-Zonen-Steuerung: Mit der intelligenten U-f\u00f6rmigen Pfadplanung verwaltet der Sunseeker S4 bis zu 100 M\u00e4hzonen \u2013 passen Sie die M\u00e4hpl\u00e4ne f\u00fcr Vorg\u00e4rten, Hinterg\u00e4rten oder mehrere Rasenfl\u00e4chen an. Effizient, pr\u00e4zise und auf die Struktur Ihres Gartens zugeschnitten, liefert dieser M\u00e4hroboter S4 bei jedem Einsatz gleichm\u00e4\u00dfig gepflegte Ergebnisse<br \/>Erweiterte 360+-Hindernispr\u00e4vention: Die Frontkamera des Rasenm\u00e4herroboters S4 erkennt \u00fcber 360 Hindernisse wie Blumenbeete, B\u00e4ume, Haustiere und Haushaltsgegenst\u00e4nde f\u00fcr eine fl\u00fcssige Navigation und pr\u00e4zises Ausweichen. Ohne st\u00e4ndige Aufsicht \u2013 genie\u00dfen Sie mit S4 ein sorgenfreies, vollautomatisches M\u00e4herlebnis<br \/>Perfekter Schnitt f\u00fcr 1000\u33a1-Rasen: Mit 20\u201360 mm Schwimmm\u00e4her und 42 % Steigf\u00e4higkeit passt sich der S4 Rasenm\u00e4herroboter nahtlos an unebenes Gel\u00e4nde, Steigungen und Unebenheiten an. Der Sunseeker S4 sorgt f\u00fcr gleichm\u00e4\u00dfige, saubere Schnittergebnisse auf Rasenfl\u00e4chen bis zu 1000 m\u00b2 und bew\u00e4ltigt anspruchsvolle Gartenbereiche m\u00fchelos<br \/>Smarte App-Steuerung und Heimintegration: Steuern Sie den Rasenroboter S4 per App fern, passen Sie M\u00e4hpl\u00e4ne, Wege und Zonen flexibel an und verwalten Sie mehrere M\u00e4hkarten. Der S4 ist mit f\u00fchrenden Smart-Home-Systemen wie Alexa und Google Home kompatibel und unterst\u00fctzt auch die Sprachsteuerung \u2013 so wird die moderne Rasenpflege intelligenter, einfacher und vollst\u00e4ndig unter Ihrer Kontrolle<br \/>LOKALER KUNDENDIENST, REPARATURZENTRUM UND 3 JAHRE GARANTIE: Erhalten Sie lokalen Support, ein regionales Reparaturzentrum und eine 3-Jahres-Garantie f\u00fcr absolute Sicherheit. Unser Serviceteam bietet professionelle Beratung, schnelle Fehlerbehebung sowie deutsch- und englischsprachigen Kundenservice \u2013 zuverl\u00e4ssig, transparent und kundenorientiert<\/p>\n<p>[ad_2]<\/p>\n","protected":false},"excerpt":{"rendered":"<p>Vom Hersteller Zum Warenkorb hinzuf\u00fcgen Zum Warenkorb hinzuf\u00fcgen Zum Warenkorb hinzuf\u00fcgen Zum Warenkorb hinzuf\u00fcgen Zum Warenkorb hinzuf\u00fcgen Zum Warenkorb hinzuf\u00fcgen Preis 999,99 \u20ac 999,99 \u20ac 1.699,00 \u20ac 1.699,00 \u20ac 899,00 \u20ac 899,00 \u20ac 599,00 \u20ac 599,00 \u20ac 799,00 \u20ac 799,00 \u20ac 1.006,11 \u20ac 1.006,11 \u20ac Max. M\u00e4hbereich 1000\u33a1 1600\u33a1 800\u33a1 300\u33a1 600\u33a1 1000\u33a1 Schnittbreite 18 [&hellip;]<\/p>\n","protected":false},"featured_media":3438,"comment_status":"open","ping_status":"closed","template":"","meta":{"_aipt_faq_data":""},"store":[],"product_brand":[287],"product_cat":[113],"product_tag":[310],"class_list":{"0":"post-3437","1":"product","2":"type-product","3":"status-publish","4":"has-post-thumbnail","6":"product_brand-sunseeker","7":"product_cat-ueberwachungsroboter","8":"product_tag-kabellose-ueberwachungsroboter-fuer-firma","10":"first","11":"instock","12":"sale","13":"shipping-taxable","14":"product-type-external"},"yoast_head":"<!-- This site is optimized with the Yoast SEO plugin v27.4 - https:\/\/yoast.com\/product\/yoast-seo-wordpress\/ -->\n<title>Sunseeker S4 M\u00e4hroboter ohne Begrenzungskabel, 1000 m\u00b2, 360\u00b0 3D LiDAR, AI Car Mapping, Setup-freier Rasenm\u00e4herroboter, App-Steuerung, 42 % Steigung - EasyLifeBro<\/title>\n<meta name=\"description\" content=\"Entdecken Sie smarte Roboter f\u00fcr Zuhause, Garten, Bildung und Sicherheit. Vergleichen Sie Saugroboter, Rasenm\u00e4hroboter, KI-Begleitroboter und mehr bei EasyLifeRobo.\" \/>\n<meta name=\"robots\" content=\"index, follow, max-snippet:-1, max-image-preview:large, max-video-preview:-1\" \/>\n<link rel=\"canonical\" href=\"https:\/\/easyliferobo.com\/de\/product\/sunseeker-s4-maehroboter-ohne-begrenzungskabel-1000-m\u00b2-360-3d-lidar-ai-car-mapping-setup-freier-rasenmaeherroboter-app-steuerung-42-steigung\/\" \/>\n<meta property=\"og:locale\" content=\"de_DE\" \/>\n<meta property=\"og:type\" content=\"article\" \/>\n<meta property=\"og:title\" content=\"Sunseeker S4 M\u00e4hroboter ohne Begrenzungskabel, 1000 m\u00b2, 360\u00b0 3D LiDAR, AI Car Mapping, Setup-freier Rasenm\u00e4herroboter, App-Steuerung, 42 % Steigung - EasyLifeBro\" \/>\n<meta property=\"og:description\" content=\"Entdecken Sie smarte Roboter f\u00fcr Zuhause, Garten, Bildung und Sicherheit. Vergleichen Sie Saugroboter, Rasenm\u00e4hroboter, KI-Begleitroboter und mehr bei EasyLifeRobo.\" \/>\n<meta property=\"og:url\" content=\"https:\/\/easyliferobo.com\/de\/product\/sunseeker-s4-maehroboter-ohne-begrenzungskabel-1000-m\u00b2-360-3d-lidar-ai-car-mapping-setup-freier-rasenmaeherroboter-app-steuerung-42-steigung\/\" \/>\n<meta property=\"og:site_name\" content=\"EasyLifeBro\" \/>\n<meta property=\"article:modified_time\" content=\"2026-02-27T06:58:44+00:00\" \/>\n<meta property=\"og:image\" content=\"https:\/\/images-na.ssl-images-amazon.com\/images\/G\/01\/x-locale\/common\/grey-pixel.gif\" \/>\n<meta name=\"twitter:card\" content=\"summary_large_image\" \/>\n<meta name=\"twitter:label1\" content=\"Gesch\u00e4tzte Lesezeit\" \/>\n\t<meta name=\"twitter:data1\" content=\"2\u00a0Minuten\" \/>\n<script type=\"application\/ld+json\" class=\"yoast-schema-graph\">{\"@context\":\"https:\\\/\\\/schema.org\",\"@graph\":[{\"@type\":\"WebPage\",\"@id\":\"https:\\\/\\\/easyliferobo.com\\\/de\\\/product\\\/sunseeker-s4-maehroboter-ohne-begrenzungskabel-1000-m%c2%b2-360-3d-lidar-ai-car-mapping-setup-freier-rasenmaeherroboter-app-steuerung-42-steigung\\\/\",\"url\":\"https:\\\/\\\/easyliferobo.com\\\/de\\\/product\\\/sunseeker-s4-maehroboter-ohne-begrenzungskabel-1000-m%c2%b2-360-3d-lidar-ai-car-mapping-setup-freier-rasenmaeherroboter-app-steuerung-42-steigung\\\/\",\"name\":\"Sunseeker S4 M\u00e4hroboter ohne Begrenzungskabel, 1000 m\u00b2, 360\u00b0 3D LiDAR, AI Car Mapping, Setup-freier Rasenm\u00e4herroboter, App-Steuerung, 42 % Steigung - EasyLifeBro\",\"isPartOf\":{\"@id\":\"https:\\\/\\\/easyliferobo.com\\\/de\\\/#website\"},\"primaryImageOfPage\":{\"@id\":\"https:\\\/\\\/easyliferobo.com\\\/de\\\/product\\\/sunseeker-s4-maehroboter-ohne-begrenzungskabel-1000-m%c2%b2-360-3d-lidar-ai-car-mapping-setup-freier-rasenmaeherroboter-app-steuerung-42-steigung\\\/#primaryimage\"},\"image\":{\"@id\":\"https:\\\/\\\/easyliferobo.com\\\/de\\\/product\\\/sunseeker-s4-maehroboter-ohne-begrenzungskabel-1000-m%c2%b2-360-3d-lidar-ai-car-mapping-setup-freier-rasenmaeherroboter-app-steuerung-42-steigung\\\/#primaryimage\"},\"thumbnailUrl\":\"https:\\\/\\\/easyliferobo.com\\\/de\\\/wp-content\\\/uploads\\\/2026\\\/02\\\/61WpogvKkML._AC_SL1500_.jpg\",\"datePublished\":\"2026-02-27T06:58:25+00:00\",\"dateModified\":\"2026-02-27T06:58:44+00:00\",\"description\":\"Entdecken Sie smarte Roboter f\u00fcr Zuhause, Garten, Bildung und Sicherheit. Vergleichen Sie Saugroboter, Rasenm\u00e4hroboter, KI-Begleitroboter und mehr bei EasyLifeRobo.\",\"breadcrumb\":{\"@id\":\"https:\\\/\\\/easyliferobo.com\\\/de\\\/product\\\/sunseeker-s4-maehroboter-ohne-begrenzungskabel-1000-m%c2%b2-360-3d-lidar-ai-car-mapping-setup-freier-rasenmaeherroboter-app-steuerung-42-steigung\\\/#breadcrumb\"},\"inLanguage\":\"de\",\"potentialAction\":[{\"@type\":\"ReadAction\",\"target\":[\"https:\\\/\\\/easyliferobo.com\\\/de\\\/product\\\/sunseeker-s4-maehroboter-ohne-begrenzungskabel-1000-m%c2%b2-360-3d-lidar-ai-car-mapping-setup-freier-rasenmaeherroboter-app-steuerung-42-steigung\\\/\"]}]},{\"@type\":\"ImageObject\",\"inLanguage\":\"de\",\"@id\":\"https:\\\/\\\/easyliferobo.com\\\/de\\\/product\\\/sunseeker-s4-maehroboter-ohne-begrenzungskabel-1000-m%c2%b2-360-3d-lidar-ai-car-mapping-setup-freier-rasenmaeherroboter-app-steuerung-42-steigung\\\/#primaryimage\",\"url\":\"https:\\\/\\\/easyliferobo.com\\\/de\\\/wp-content\\\/uploads\\\/2026\\\/02\\\/61WpogvKkML._AC_SL1500_.jpg\",\"contentUrl\":\"https:\\\/\\\/easyliferobo.com\\\/de\\\/wp-content\\\/uploads\\\/2026\\\/02\\\/61WpogvKkML._AC_SL1500_.jpg\",\"width\":1500,\"height\":896},{\"@type\":\"BreadcrumbList\",\"@id\":\"https:\\\/\\\/easyliferobo.com\\\/de\\\/product\\\/sunseeker-s4-maehroboter-ohne-begrenzungskabel-1000-m%c2%b2-360-3d-lidar-ai-car-mapping-setup-freier-rasenmaeherroboter-app-steuerung-42-steigung\\\/#breadcrumb\",\"itemListElement\":[{\"@type\":\"ListItem\",\"position\":1,\"name\":\"Home\",\"item\":\"https:\\\/\\\/easyliferobo.com\\\/de\\\/\"},{\"@type\":\"ListItem\",\"position\":2,\"name\":\"Shop\",\"item\":\"https:\\\/\\\/easyliferobo.com\\\/de\\\/shop\\\/\"},{\"@type\":\"ListItem\",\"position\":3,\"name\":\"Sunseeker S4 M\u00e4hroboter ohne Begre...\"}]},{\"@type\":\"WebSite\",\"@id\":\"https:\\\/\\\/easyliferobo.com\\\/de\\\/#website\",\"url\":\"https:\\\/\\\/easyliferobo.com\\\/de\\\/\",\"name\":\"EasyLifeBro\",\"description\":\"Smarte Roboter f\u00fcr Zuhause, Garten &amp; Bildung\",\"publisher\":{\"@id\":\"https:\\\/\\\/easyliferobo.com\\\/de\\\/#organization\"},\"potentialAction\":[{\"@type\":\"SearchAction\",\"target\":{\"@type\":\"EntryPoint\",\"urlTemplate\":\"https:\\\/\\\/easyliferobo.com\\\/de\\\/?s={search_term_string}\"},\"query-input\":{\"@type\":\"PropertyValueSpecification\",\"valueRequired\":true,\"valueName\":\"search_term_string\"}}],\"inLanguage\":\"de\"},{\"@type\":\"Organization\",\"@id\":\"https:\\\/\\\/easyliferobo.com\\\/de\\\/#organization\",\"name\":\"EasyLifeBro\",\"url\":\"https:\\\/\\\/easyliferobo.com\\\/de\\\/\",\"logo\":{\"@type\":\"ImageObject\",\"inLanguage\":\"de\",\"@id\":\"https:\\\/\\\/easyliferobo.com\\\/de\\\/#\\\/schema\\\/logo\\\/image\\\/\",\"url\":\"https:\\\/\\\/easyliferobo.com\\\/de\\\/wp-content\\\/uploads\\\/2026\\\/02\\\/Screenshot-2026-02-22-at-2.25.03-PM.png\",\"contentUrl\":\"https:\\\/\\\/easyliferobo.com\\\/de\\\/wp-content\\\/uploads\\\/2026\\\/02\\\/Screenshot-2026-02-22-at-2.25.03-PM.png\",\"width\":1858,\"height\":430,\"caption\":\"EasyLifeBro\"},\"image\":{\"@id\":\"https:\\\/\\\/easyliferobo.com\\\/de\\\/#\\\/schema\\\/logo\\\/image\\\/\"}}]}<\/script>\n<!-- \/ Yoast SEO plugin. -->","yoast_head_json":{"title":"Sunseeker S4 M\u00e4hroboter ohne Begrenzungskabel, 1000 m\u00b2, 360\u00b0 3D LiDAR, AI Car Mapping, Setup-freier Rasenm\u00e4herroboter, App-Steuerung, 42 % Steigung - EasyLifeBro","description":"Entdecken Sie smarte Roboter f\u00fcr Zuhause, Garten, Bildung und Sicherheit. Vergleichen Sie Saugroboter, Rasenm\u00e4hroboter, KI-Begleitroboter und mehr bei EasyLifeRobo.","robots":{"index":"index","follow":"follow","max-snippet":"max-snippet:-1","max-image-preview":"max-image-preview:large","max-video-preview":"max-video-preview:-1"},"canonical":"https:\/\/easyliferobo.com\/de\/product\/sunseeker-s4-maehroboter-ohne-begrenzungskabel-1000-m\u00b2-360-3d-lidar-ai-car-mapping-setup-freier-rasenmaeherroboter-app-steuerung-42-steigung\/","og_locale":"de_DE","og_type":"article","og_title":"Sunseeker S4 M\u00e4hroboter ohne Begrenzungskabel, 1000 m\u00b2, 360\u00b0 3D LiDAR, AI Car Mapping, Setup-freier Rasenm\u00e4herroboter, App-Steuerung, 42 % Steigung - EasyLifeBro","og_description":"Entdecken Sie smarte Roboter f\u00fcr Zuhause, Garten, Bildung und Sicherheit. Vergleichen Sie Saugroboter, Rasenm\u00e4hroboter, KI-Begleitroboter und mehr bei EasyLifeRobo.","og_url":"https:\/\/easyliferobo.com\/de\/product\/sunseeker-s4-maehroboter-ohne-begrenzungskabel-1000-m\u00b2-360-3d-lidar-ai-car-mapping-setup-freier-rasenmaeherroboter-app-steuerung-42-steigung\/","og_site_name":"EasyLifeBro","article_modified_time":"2026-02-27T06:58:44+00:00","og_image":[{"url":"https:\/\/images-na.ssl-images-amazon.com\/images\/G\/01\/x-locale\/common\/grey-pixel.gif","type":"","width":"","height":""}],"twitter_card":"summary_large_image","twitter_misc":{"Gesch\u00e4tzte Lesezeit":"2\u00a0Minuten"},"schema":{"@context":"https:\/\/schema.org","@graph":[{"@type":"WebPage","@id":"https:\/\/easyliferobo.com\/de\/product\/sunseeker-s4-maehroboter-ohne-begrenzungskabel-1000-m%c2%b2-360-3d-lidar-ai-car-mapping-setup-freier-rasenmaeherroboter-app-steuerung-42-steigung\/","url":"https:\/\/easyliferobo.com\/de\/product\/sunseeker-s4-maehroboter-ohne-begrenzungskabel-1000-m%c2%b2-360-3d-lidar-ai-car-mapping-setup-freier-rasenmaeherroboter-app-steuerung-42-steigung\/","name":"Sunseeker S4 M\u00e4hroboter ohne Begrenzungskabel, 1000 m\u00b2, 360\u00b0 3D LiDAR, AI Car Mapping, Setup-freier Rasenm\u00e4herroboter, App-Steuerung, 42 % Steigung - EasyLifeBro","isPartOf":{"@id":"https:\/\/easyliferobo.com\/de\/#website"},"primaryImageOfPage":{"@id":"https:\/\/easyliferobo.com\/de\/product\/sunseeker-s4-maehroboter-ohne-begrenzungskabel-1000-m%c2%b2-360-3d-lidar-ai-car-mapping-setup-freier-rasenmaeherroboter-app-steuerung-42-steigung\/#primaryimage"},"image":{"@id":"https:\/\/easyliferobo.com\/de\/product\/sunseeker-s4-maehroboter-ohne-begrenzungskabel-1000-m%c2%b2-360-3d-lidar-ai-car-mapping-setup-freier-rasenmaeherroboter-app-steuerung-42-steigung\/#primaryimage"},"thumbnailUrl":"https:\/\/easyliferobo.com\/de\/wp-content\/uploads\/2026\/02\/61WpogvKkML._AC_SL1500_.jpg","datePublished":"2026-02-27T06:58:25+00:00","dateModified":"2026-02-27T06:58:44+00:00","description":"Entdecken Sie smarte Roboter f\u00fcr Zuhause, Garten, Bildung und Sicherheit. Vergleichen Sie Saugroboter, Rasenm\u00e4hroboter, KI-Begleitroboter und mehr bei EasyLifeRobo.","breadcrumb":{"@id":"https:\/\/easyliferobo.com\/de\/product\/sunseeker-s4-maehroboter-ohne-begrenzungskabel-1000-m%c2%b2-360-3d-lidar-ai-car-mapping-setup-freier-rasenmaeherroboter-app-steuerung-42-steigung\/#breadcrumb"},"inLanguage":"de","potentialAction":[{"@type":"ReadAction","target":["https:\/\/easyliferobo.com\/de\/product\/sunseeker-s4-maehroboter-ohne-begrenzungskabel-1000-m%c2%b2-360-3d-lidar-ai-car-mapping-setup-freier-rasenmaeherroboter-app-steuerung-42-steigung\/"]}]},{"@type":"ImageObject","inLanguage":"de","@id":"https:\/\/easyliferobo.com\/de\/product\/sunseeker-s4-maehroboter-ohne-begrenzungskabel-1000-m%c2%b2-360-3d-lidar-ai-car-mapping-setup-freier-rasenmaeherroboter-app-steuerung-42-steigung\/#primaryimage","url":"https:\/\/easyliferobo.com\/de\/wp-content\/uploads\/2026\/02\/61WpogvKkML._AC_SL1500_.jpg","contentUrl":"https:\/\/easyliferobo.com\/de\/wp-content\/uploads\/2026\/02\/61WpogvKkML._AC_SL1500_.jpg","width":1500,"height":896},{"@type":"BreadcrumbList","@id":"https:\/\/easyliferobo.com\/de\/product\/sunseeker-s4-maehroboter-ohne-begrenzungskabel-1000-m%c2%b2-360-3d-lidar-ai-car-mapping-setup-freier-rasenmaeherroboter-app-steuerung-42-steigung\/#breadcrumb","itemListElement":[{"@type":"ListItem","position":1,"name":"Home","item":"https:\/\/easyliferobo.com\/de\/"},{"@type":"ListItem","position":2,"name":"Shop","item":"https:\/\/easyliferobo.com\/de\/shop\/"},{"@type":"ListItem","position":3,"name":"Sunseeker S4 M\u00e4hroboter ohne Begre..."}]},{"@type":"WebSite","@id":"https:\/\/easyliferobo.com\/de\/#website","url":"https:\/\/easyliferobo.com\/de\/","name":"EasyLifeBro","description":"Smarte Roboter f\u00fcr Zuhause, Garten &amp; Bildung","publisher":{"@id":"https:\/\/easyliferobo.com\/de\/#organization"},"potentialAction":[{"@type":"SearchAction","target":{"@type":"EntryPoint","urlTemplate":"https:\/\/easyliferobo.com\/de\/?s={search_term_string}"},"query-input":{"@type":"PropertyValueSpecification","valueRequired":true,"valueName":"search_term_string"}}],"inLanguage":"de"},{"@type":"Organization","@id":"https:\/\/easyliferobo.com\/de\/#organization","name":"EasyLifeBro","url":"https:\/\/easyliferobo.com\/de\/","logo":{"@type":"ImageObject","inLanguage":"de","@id":"https:\/\/easyliferobo.com\/de\/#\/schema\/logo\/image\/","url":"https:\/\/easyliferobo.com\/de\/wp-content\/uploads\/2026\/02\/Screenshot-2026-02-22-at-2.25.03-PM.png","contentUrl":"https:\/\/easyliferobo.com\/de\/wp-content\/uploads\/2026\/02\/Screenshot-2026-02-22-at-2.25.03-PM.png","width":1858,"height":430,"caption":"EasyLifeBro"},"image":{"@id":"https:\/\/easyliferobo.com\/de\/#\/schema\/logo\/image\/"}}]}},"_links":{"self":[{"href":"https:\/\/easyliferobo.com\/de\/wp-json\/wp\/v2\/product\/3437","targetHints":{"allow":["GET"]}}],"collection":[{"href":"https:\/\/easyliferobo.com\/de\/wp-json\/wp\/v2\/product"}],"about":[{"href":"https:\/\/easyliferobo.com\/de\/wp-json\/wp\/v2\/types\/product"}],"replies":[{"embeddable":true,"href":"https:\/\/easyliferobo.com\/de\/wp-json\/wp\/v2\/comments?post=3437"}],"wp:featuredmedia":[{"embeddable":true,"href":"https:\/\/easyliferobo.com\/de\/wp-json\/wp\/v2\/media\/3438"}],"wp:attachment":[{"href":"https:\/\/easyliferobo.com\/de\/wp-json\/wp\/v2\/media?parent=3437"}],"wp:term":[{"taxonomy":"store","embeddable":true,"href":"https:\/\/easyliferobo.com\/de\/wp-json\/wp\/v2\/store?post=3437"},{"taxonomy":"product_brand","embeddable":true,"href":"https:\/\/easyliferobo.com\/de\/wp-json\/wp\/v2\/product_brand?post=3437"},{"taxonomy":"product_cat","embeddable":true,"href":"https:\/\/easyliferobo.com\/de\/wp-json\/wp\/v2\/product_cat?post=3437"},{"taxonomy":"product_tag","embeddable":true,"href":"https:\/\/easyliferobo.com\/de\/wp-json\/wp\/v2\/product_tag?post=3437"}],"curies":[{"name":"wp","href":"https:\/\/api.w.org\/{rel}","templated":true}]}}