
{"id":3424,"date":"2026-02-27T06:55:55","date_gmt":"2026-02-27T06:55:55","guid":{"rendered":"https:\/\/easyliferobo.com\/de\/product\/edurino-figur-loewe-meine-gefuehle-ab-4-jahren-inklusive-app-fuehlen-und-benennen-sie-ihre-eigenen-gefuehle-gefuehle-anderer-erkennen-gefuehle-ausdruecken\/"},"modified":"2026-02-27T06:56:06","modified_gmt":"2026-02-27T06:56:06","slug":"edurino-figur-loewe-meine-gefuehle-ab-4-jahren-inklusive-app-fuehlen-und-benennen-sie-ihre-eigenen-gefuehle-gefuehle-anderer-erkennen-gefuehle-ausdruecken","status":"publish","type":"product","link":"https:\/\/easyliferobo.com\/de\/product\/edurino-figur-loewe-meine-gefuehle-ab-4-jahren-inklusive-app-fuehlen-und-benennen-sie-ihre-eigenen-gefuehle-gefuehle-anderer-erkennen-gefuehle-ausdruecken\/","title":{"rendered":"Edurino Figur L\u00f6we Meine Gef\u00fchle ..."},"content":{"rendered":"<p>\n                                             Produktbeschreibung   <\/p>\n<p>                                                                             <img decoding=\"async\" alt=\"Kind nutzt ein digitales Lernger\u00e4t mit Stift und Figuren. Orangefarbenes Banner mit Edurino-Logo. Text erw\u00e4hnt digitale Lernspiele mit Stift und Figuren.\" src=\"https:\/\/images-na.ssl-images-amazon.com\/images\/G\/01\/x-locale\/common\/grey-pixel.gif\" class=\"a-spacing-base a-lazy-loaded\" data-src=\"https:\/\/m.media-amazon.com\/images\/S\/aplus-media-library-service-media\/f18c976c-6ef7-4fbc-9cd9-2c2c0bee5e4d.__CR0,0,1280,792_PT0_SX970_V1___.png\"><img decoding=\"async\" alt=\"Kind nutzt ein digitales Lernger\u00e4t mit Stift und Figuren. Orangefarbenes Banner mit Edurino-Logo. Text erw\u00e4hnt digitale Lernspiele mit Stift und Figuren.\" src=\"https:\/\/m.media-amazon.com\/images\/S\/aplus-media-library-service-media\/f18c976c-6ef7-4fbc-9cd9-2c2c0bee5e4d.__CR0,0,1280,792_PT0_SX970_V1___.png\">                                                                    <\/p>\n<p>                                                                             <img decoding=\"async\" alt=\"P\u00e4dagogisches emotionales Lernmaterial f\u00fcr Kinder mit buntem Text \u201eLeo Meine Gef\u00fchle\u201c und Emotionssymbole im Emoji-Stil.\" src=\"https:\/\/images-na.ssl-images-amazon.com\/images\/G\/01\/x-locale\/common\/grey-pixel.gif\" class=\"a-spacing-base a-lazy-loaded\" data-src=\"https:\/\/m.media-amazon.com\/images\/S\/aplus-media-library-service-media\/1d2e2778-670b-486d-98db-5f0f4b23cef7.__CR0,0,1280,792_PT0_SX970_V1___.png\"><img decoding=\"async\" alt=\"P\u00e4dagogisches emotionales Lernmaterial f\u00fcr Kinder mit buntem Text \u201eLeo Meine Gef\u00fchle\u201c und Emotionssymbole im Emoji-Stil.\" src=\"https:\/\/m.media-amazon.com\/images\/S\/aplus-media-library-service-media\/1d2e2778-670b-486d-98db-5f0f4b23cef7.__CR0,0,1280,792_PT0_SX970_V1___.png\">                                                                    <\/p>\n<p>                                                                             <img decoding=\"async\" alt=\"Produktinformationsgrafik zur EDURINO Lern-App und Leo-Leopard-Figur. Zu den Details geh\u00f6ren Offline-Spiele, \u00fcber 20 Lernspiele, Emotionslektionen und Expertenentwicklung.\" src=\"https:\/\/images-na.ssl-images-amazon.com\/images\/G\/01\/x-locale\/common\/grey-pixel.gif\" class=\"a-spacing-base a-lazy-loaded\" data-src=\"https:\/\/m.media-amazon.com\/images\/S\/aplus-media-library-service-media\/8056f8a8-c61d-44d8-8bdf-45664eb80fe0.__CR0,0,1280,792_PT0_SX970_V1___.png\"><img decoding=\"async\" alt=\"Produktinformationsgrafik zur EDURINO Lern-App und Leo-Leopard-Figur. Zu den Details geh\u00f6ren Offline-Spiele, \u00fcber 20 Lernspiele, Emotionslektionen und Expertenentwicklung.\" src=\"https:\/\/m.media-amazon.com\/images\/S\/aplus-media-library-service-media\/8056f8a8-c61d-44d8-8bdf-45664eb80fe0.__CR0,0,1280,792_PT0_SX970_V1___.png\">                                                                    <\/p>\n<p>                                                                             <img decoding=\"async\" alt=\"P\u00e4dagogische Infografik auf Deutsch \u00fcber das Lernen von Emotionen. Blauer Hintergrund mit Cartoon-Tierfiguren und Text, der Konzepte der emotionalen Intelligenz beschreibt.\" src=\"https:\/\/images-na.ssl-images-amazon.com\/images\/G\/01\/x-locale\/common\/grey-pixel.gif\" class=\"a-spacing-base a-lazy-loaded\" data-src=\"https:\/\/m.media-amazon.com\/images\/S\/aplus-media-library-service-media\/115353bc-1342-4378-a682-1a6c36160bd7.__CR0,0,1280,792_PT0_SX970_V1___.png\"><img decoding=\"async\" alt=\"P\u00e4dagogische Infografik auf Deutsch \u00fcber das Lernen von Emotionen. Blauer Hintergrund mit Cartoon-Tierfiguren und Text, der Konzepte der emotionalen Intelligenz beschreibt.\" src=\"https:\/\/m.media-amazon.com\/images\/S\/aplus-media-library-service-media\/115353bc-1342-4378-a682-1a6c36160bd7.__CR0,0,1280,792_PT0_SX970_V1___.png\">                                                                    <\/p>\n<p>                                                                             <img decoding=\"async\" alt=\"Infografik zur Erl\u00e4uterung der Funktionalit\u00e4t der Edurino-App. Zeigt die Kompatibilit\u00e4t mit iOS\/Android, Anweisungen zur Tablet-Interaktion und die Verwendung des Stifts f\u00fcr ein optimales Erlebnis an.\" src=\"https:\/\/images-na.ssl-images-amazon.com\/images\/G\/01\/x-locale\/common\/grey-pixel.gif\" class=\"a-spacing-base a-lazy-loaded\" data-src=\"https:\/\/m.media-amazon.com\/images\/S\/aplus-media-library-service-media\/8d06acf1-13df-463e-b657-7aab70259902.__CR0,0,1280,792_PT0_SX970_V1___.png\"><img decoding=\"async\" alt=\"Infografik zur Erl\u00e4uterung der Funktionalit\u00e4t der Edurino-App. Zeigt die Kompatibilit\u00e4t mit iOS\/Android, Anweisungen zur Tablet-Interaktion und die Verwendung des Stifts f\u00fcr ein optimales Erlebnis an.\" src=\"https:\/\/m.media-amazon.com\/images\/S\/aplus-media-library-service-media\/8d06acf1-13df-463e-b657-7aab70259902.__CR0,0,1280,792_PT0_SX970_V1___.png\">                                                                    <\/p>\n<p>                                                                             <img decoding=\"async\" alt=\"Auf dem Smartphone angezeigte mobile App-Schnittstelle, die digitale Lernfunktionen f\u00fcr Kinder demonstriert, mit orangefarbenen und blauen Designelementen.\" src=\"https:\/\/images-na.ssl-images-amazon.com\/images\/G\/01\/x-locale\/common\/grey-pixel.gif\" class=\"a-spacing-base a-lazy-loaded\" data-src=\"https:\/\/m.media-amazon.com\/images\/S\/aplus-media-library-service-media\/8f475064-cd7e-4e1c-b9a1-5b16f900866c.__CR0,0,1280,792_PT0_SX970_V1___.png\"><img decoding=\"async\" alt=\"Auf dem Smartphone angezeigte mobile App-Schnittstelle, die digitale Lernfunktionen f\u00fcr Kinder demonstriert, mit orangefarbenen und blauen Designelementen.\" src=\"https:\/\/m.media-amazon.com\/images\/S\/aplus-media-library-service-media\/8f475064-cd7e-4e1c-b9a1-5b16f900866c.__CR0,0,1280,792_PT0_SX970_V1___.png\">                                                                    <\/p>\n<p>\ufe0f Spielerisch lernen \u2013 mit der L\u00f6we-Figur mehr \u00fcber die eigenen Gef\u00fchle und die Gef\u00fchle anderer erfahren.<br \/>\ufe0f Ideal f\u00fcr Kinder ab 4 Jahren \u2013 die innovativen und digitalen Lernspiele sind ideal f\u00fcr M\u00e4dchen und Jungen ab 4 Jahren \u2013 spannende Geschichten regen das Bewusstsein f\u00fcr unterschiedliche Gef\u00fchle sowie Bew\u00e4ltigungsstrategien an.<br \/>\ufe0f Neueste Lernmethoden \u2013 spannende Missionen und spannende Abenteuer f\u00f6rdern Spa\u00df und Begeisterung<br \/>\ufe0f H\u00f6chste Kompatibilit\u00e4t \u2013 Unsere Eurino-App f\u00fcr digitales Lernspiel unterst\u00fctzt alle g\u00e4ngigen Betriebssysteme. F\u00fcr das beste Spielerlebnis empfehlen wir iOS 15+ (min. 3GB RAM), Android 10+ (min. 3GB RAM) sowie Amazon Fire Tablets HD 10 (2021), HD 10+ (2021) und Fire Max 11 (2023).<br \/>\ufe0f Maximaler Lernerfolg \u2013 \u200b\u200bDank der engen Zusammenarbeit mit P\u00e4dagogen und Experten entwickeln wir bei EDURINO spielerische Lerninhalte, um die Bildschirmzeiten sinnvoll zu nutzen.<\/p>\n<p>[ad_2]<\/p>\n","protected":false},"excerpt":{"rendered":"<p>Produktbeschreibung \ufe0f Spielerisch lernen \u2013 mit der L\u00f6we-Figur mehr \u00fcber die eigenen Gef\u00fchle und die Gef\u00fchle anderer erfahren.\ufe0f Ideal f\u00fcr Kinder ab 4 Jahren \u2013 die innovativen und digitalen Lernspiele sind ideal f\u00fcr M\u00e4dchen und Jungen ab 4 Jahren \u2013 spannende Geschichten regen das Bewusstsein f\u00fcr unterschiedliche Gef\u00fchle sowie Bew\u00e4ltigungsstrategien an.\ufe0f Neueste Lernmethoden \u2013 spannende [&hellip;]<\/p>\n","protected":false},"featured_media":3425,"comment_status":"open","ping_status":"closed","template":"","meta":{"_aipt_faq_data":""},"store":[],"product_brand":[],"product_cat":[115],"product_tag":[257],"class_list":{"0":"post-3424","1":"product","2":"type-product","3":"status-publish","4":"has-post-thumbnail","6":"product_cat-patrouillenroboter","7":"product_tag-intelligente-patrouillenroboter-systeme","9":"first","10":"instock","11":"sale","12":"shipping-taxable","13":"product-type-external"},"yoast_head":"<!-- This site is optimized with the Yoast SEO plugin v27.4 - https:\/\/yoast.com\/product\/yoast-seo-wordpress\/ -->\n<title>Edurino Figur L\u00f6we Meine Gef\u00fchle ab 4 Jahren inklusive App | F\u00fchlen und benennen Sie Ihre eigenen Gef\u00fchle | Gef\u00fchle anderer erkennen | Gef\u00fchle ausdr\u00fccken - EasyLifeBro<\/title>\n<meta name=\"description\" content=\"Entdecken Sie smarte Roboter f\u00fcr Zuhause, Garten, Bildung und Sicherheit. Vergleichen Sie Saugroboter, Rasenm\u00e4hroboter, KI-Begleitroboter und mehr bei EasyLifeRobo.\" \/>\n<meta name=\"robots\" content=\"index, follow, max-snippet:-1, max-image-preview:large, max-video-preview:-1\" \/>\n<link rel=\"canonical\" href=\"https:\/\/easyliferobo.com\/de\/product\/edurino-figur-loewe-meine-gefuehle-ab-4-jahren-inklusive-app-fuehlen-und-benennen-sie-ihre-eigenen-gefuehle-gefuehle-anderer-erkennen-gefuehle-ausdruecken\/\" \/>\n<meta property=\"og:locale\" content=\"de_DE\" \/>\n<meta property=\"og:type\" content=\"article\" \/>\n<meta property=\"og:title\" content=\"Edurino Figur L\u00f6we Meine Gef\u00fchle ab 4 Jahren inklusive App | F\u00fchlen und benennen Sie Ihre eigenen Gef\u00fchle | Gef\u00fchle anderer erkennen | Gef\u00fchle ausdr\u00fccken - EasyLifeBro\" \/>\n<meta property=\"og:description\" content=\"Entdecken Sie smarte Roboter f\u00fcr Zuhause, Garten, Bildung und Sicherheit. Vergleichen Sie Saugroboter, Rasenm\u00e4hroboter, KI-Begleitroboter und mehr bei EasyLifeRobo.\" \/>\n<meta property=\"og:url\" content=\"https:\/\/easyliferobo.com\/de\/product\/edurino-figur-loewe-meine-gefuehle-ab-4-jahren-inklusive-app-fuehlen-und-benennen-sie-ihre-eigenen-gefuehle-gefuehle-anderer-erkennen-gefuehle-ausdruecken\/\" \/>\n<meta property=\"og:site_name\" content=\"EasyLifeBro\" \/>\n<meta property=\"article:modified_time\" content=\"2026-02-27T06:56:06+00:00\" \/>\n<meta property=\"og:image\" content=\"https:\/\/images-na.ssl-images-amazon.com\/images\/G\/01\/x-locale\/common\/grey-pixel.gif\" \/>\n<meta name=\"twitter:card\" content=\"summary_large_image\" \/>\n<meta name=\"twitter:label1\" content=\"Gesch\u00e4tzte Lesezeit\" \/>\n\t<meta name=\"twitter:data1\" content=\"1\u00a0Minute\" \/>\n<script type=\"application\/ld+json\" class=\"yoast-schema-graph\">{\"@context\":\"https:\\\/\\\/schema.org\",\"@graph\":[{\"@type\":\"WebPage\",\"@id\":\"https:\\\/\\\/easyliferobo.com\\\/de\\\/product\\\/edurino-figur-loewe-meine-gefuehle-ab-4-jahren-inklusive-app-fuehlen-und-benennen-sie-ihre-eigenen-gefuehle-gefuehle-anderer-erkennen-gefuehle-ausdruecken\\\/\",\"url\":\"https:\\\/\\\/easyliferobo.com\\\/de\\\/product\\\/edurino-figur-loewe-meine-gefuehle-ab-4-jahren-inklusive-app-fuehlen-und-benennen-sie-ihre-eigenen-gefuehle-gefuehle-anderer-erkennen-gefuehle-ausdruecken\\\/\",\"name\":\"Edurino Figur L\u00f6we Meine Gef\u00fchle ab 4 Jahren inklusive App | F\u00fchlen und benennen Sie Ihre eigenen Gef\u00fchle | Gef\u00fchle anderer erkennen | Gef\u00fchle ausdr\u00fccken - EasyLifeBro\",\"isPartOf\":{\"@id\":\"https:\\\/\\\/easyliferobo.com\\\/de\\\/#website\"},\"primaryImageOfPage\":{\"@id\":\"https:\\\/\\\/easyliferobo.com\\\/de\\\/product\\\/edurino-figur-loewe-meine-gefuehle-ab-4-jahren-inklusive-app-fuehlen-und-benennen-sie-ihre-eigenen-gefuehle-gefuehle-anderer-erkennen-gefuehle-ausdruecken\\\/#primaryimage\"},\"image\":{\"@id\":\"https:\\\/\\\/easyliferobo.com\\\/de\\\/product\\\/edurino-figur-loewe-meine-gefuehle-ab-4-jahren-inklusive-app-fuehlen-und-benennen-sie-ihre-eigenen-gefuehle-gefuehle-anderer-erkennen-gefuehle-ausdruecken\\\/#primaryimage\"},\"thumbnailUrl\":\"https:\\\/\\\/easyliferobo.com\\\/de\\\/wp-content\\\/uploads\\\/2026\\\/02\\\/61P9kjCO9WL._AC_SL1350_.jpg\",\"datePublished\":\"2026-02-27T06:55:55+00:00\",\"dateModified\":\"2026-02-27T06:56:06+00:00\",\"description\":\"Entdecken Sie smarte Roboter f\u00fcr Zuhause, Garten, Bildung und Sicherheit. Vergleichen Sie Saugroboter, Rasenm\u00e4hroboter, KI-Begleitroboter und mehr bei EasyLifeRobo.\",\"breadcrumb\":{\"@id\":\"https:\\\/\\\/easyliferobo.com\\\/de\\\/product\\\/edurino-figur-loewe-meine-gefuehle-ab-4-jahren-inklusive-app-fuehlen-und-benennen-sie-ihre-eigenen-gefuehle-gefuehle-anderer-erkennen-gefuehle-ausdruecken\\\/#breadcrumb\"},\"inLanguage\":\"de\",\"potentialAction\":[{\"@type\":\"ReadAction\",\"target\":[\"https:\\\/\\\/easyliferobo.com\\\/de\\\/product\\\/edurino-figur-loewe-meine-gefuehle-ab-4-jahren-inklusive-app-fuehlen-und-benennen-sie-ihre-eigenen-gefuehle-gefuehle-anderer-erkennen-gefuehle-ausdruecken\\\/\"]}]},{\"@type\":\"ImageObject\",\"inLanguage\":\"de\",\"@id\":\"https:\\\/\\\/easyliferobo.com\\\/de\\\/product\\\/edurino-figur-loewe-meine-gefuehle-ab-4-jahren-inklusive-app-fuehlen-und-benennen-sie-ihre-eigenen-gefuehle-gefuehle-anderer-erkennen-gefuehle-ausdruecken\\\/#primaryimage\",\"url\":\"https:\\\/\\\/easyliferobo.com\\\/de\\\/wp-content\\\/uploads\\\/2026\\\/02\\\/61P9kjCO9WL._AC_SL1350_.jpg\",\"contentUrl\":\"https:\\\/\\\/easyliferobo.com\\\/de\\\/wp-content\\\/uploads\\\/2026\\\/02\\\/61P9kjCO9WL._AC_SL1350_.jpg\",\"width\":974,\"height\":1261},{\"@type\":\"BreadcrumbList\",\"@id\":\"https:\\\/\\\/easyliferobo.com\\\/de\\\/product\\\/edurino-figur-loewe-meine-gefuehle-ab-4-jahren-inklusive-app-fuehlen-und-benennen-sie-ihre-eigenen-gefuehle-gefuehle-anderer-erkennen-gefuehle-ausdruecken\\\/#breadcrumb\",\"itemListElement\":[{\"@type\":\"ListItem\",\"position\":1,\"name\":\"Home\",\"item\":\"https:\\\/\\\/easyliferobo.com\\\/de\\\/\"},{\"@type\":\"ListItem\",\"position\":2,\"name\":\"Shop\",\"item\":\"https:\\\/\\\/easyliferobo.com\\\/de\\\/shop\\\/\"},{\"@type\":\"ListItem\",\"position\":3,\"name\":\"Edurino Figur L\u00f6we Meine Gef\u00fchle ...\"}]},{\"@type\":\"WebSite\",\"@id\":\"https:\\\/\\\/easyliferobo.com\\\/de\\\/#website\",\"url\":\"https:\\\/\\\/easyliferobo.com\\\/de\\\/\",\"name\":\"EasyLifeBro\",\"description\":\"Smarte Roboter f\u00fcr Zuhause, Garten &amp; Bildung\",\"publisher\":{\"@id\":\"https:\\\/\\\/easyliferobo.com\\\/de\\\/#organization\"},\"potentialAction\":[{\"@type\":\"SearchAction\",\"target\":{\"@type\":\"EntryPoint\",\"urlTemplate\":\"https:\\\/\\\/easyliferobo.com\\\/de\\\/?s={search_term_string}\"},\"query-input\":{\"@type\":\"PropertyValueSpecification\",\"valueRequired\":true,\"valueName\":\"search_term_string\"}}],\"inLanguage\":\"de\"},{\"@type\":\"Organization\",\"@id\":\"https:\\\/\\\/easyliferobo.com\\\/de\\\/#organization\",\"name\":\"EasyLifeBro\",\"url\":\"https:\\\/\\\/easyliferobo.com\\\/de\\\/\",\"logo\":{\"@type\":\"ImageObject\",\"inLanguage\":\"de\",\"@id\":\"https:\\\/\\\/easyliferobo.com\\\/de\\\/#\\\/schema\\\/logo\\\/image\\\/\",\"url\":\"https:\\\/\\\/easyliferobo.com\\\/de\\\/wp-content\\\/uploads\\\/2026\\\/02\\\/Screenshot-2026-02-22-at-2.25.03-PM.png\",\"contentUrl\":\"https:\\\/\\\/easyliferobo.com\\\/de\\\/wp-content\\\/uploads\\\/2026\\\/02\\\/Screenshot-2026-02-22-at-2.25.03-PM.png\",\"width\":1858,\"height\":430,\"caption\":\"EasyLifeBro\"},\"image\":{\"@id\":\"https:\\\/\\\/easyliferobo.com\\\/de\\\/#\\\/schema\\\/logo\\\/image\\\/\"}}]}<\/script>\n<!-- \/ Yoast SEO plugin. -->","yoast_head_json":{"title":"Edurino Figur L\u00f6we Meine Gef\u00fchle ab 4 Jahren inklusive App | F\u00fchlen und benennen Sie Ihre eigenen Gef\u00fchle | Gef\u00fchle anderer erkennen | Gef\u00fchle ausdr\u00fccken - EasyLifeBro","description":"Entdecken Sie smarte Roboter f\u00fcr Zuhause, Garten, Bildung und Sicherheit. Vergleichen Sie Saugroboter, Rasenm\u00e4hroboter, KI-Begleitroboter und mehr bei EasyLifeRobo.","robots":{"index":"index","follow":"follow","max-snippet":"max-snippet:-1","max-image-preview":"max-image-preview:large","max-video-preview":"max-video-preview:-1"},"canonical":"https:\/\/easyliferobo.com\/de\/product\/edurino-figur-loewe-meine-gefuehle-ab-4-jahren-inklusive-app-fuehlen-und-benennen-sie-ihre-eigenen-gefuehle-gefuehle-anderer-erkennen-gefuehle-ausdruecken\/","og_locale":"de_DE","og_type":"article","og_title":"Edurino Figur L\u00f6we Meine Gef\u00fchle ab 4 Jahren inklusive App | F\u00fchlen und benennen Sie Ihre eigenen Gef\u00fchle | Gef\u00fchle anderer erkennen | Gef\u00fchle ausdr\u00fccken - EasyLifeBro","og_description":"Entdecken Sie smarte Roboter f\u00fcr Zuhause, Garten, Bildung und Sicherheit. Vergleichen Sie Saugroboter, Rasenm\u00e4hroboter, KI-Begleitroboter und mehr bei EasyLifeRobo.","og_url":"https:\/\/easyliferobo.com\/de\/product\/edurino-figur-loewe-meine-gefuehle-ab-4-jahren-inklusive-app-fuehlen-und-benennen-sie-ihre-eigenen-gefuehle-gefuehle-anderer-erkennen-gefuehle-ausdruecken\/","og_site_name":"EasyLifeBro","article_modified_time":"2026-02-27T06:56:06+00:00","og_image":[{"url":"https:\/\/images-na.ssl-images-amazon.com\/images\/G\/01\/x-locale\/common\/grey-pixel.gif","type":"","width":"","height":""}],"twitter_card":"summary_large_image","twitter_misc":{"Gesch\u00e4tzte Lesezeit":"1\u00a0Minute"},"schema":{"@context":"https:\/\/schema.org","@graph":[{"@type":"WebPage","@id":"https:\/\/easyliferobo.com\/de\/product\/edurino-figur-loewe-meine-gefuehle-ab-4-jahren-inklusive-app-fuehlen-und-benennen-sie-ihre-eigenen-gefuehle-gefuehle-anderer-erkennen-gefuehle-ausdruecken\/","url":"https:\/\/easyliferobo.com\/de\/product\/edurino-figur-loewe-meine-gefuehle-ab-4-jahren-inklusive-app-fuehlen-und-benennen-sie-ihre-eigenen-gefuehle-gefuehle-anderer-erkennen-gefuehle-ausdruecken\/","name":"Edurino Figur L\u00f6we Meine Gef\u00fchle ab 4 Jahren inklusive App | F\u00fchlen und benennen Sie Ihre eigenen Gef\u00fchle | Gef\u00fchle anderer erkennen | Gef\u00fchle ausdr\u00fccken - EasyLifeBro","isPartOf":{"@id":"https:\/\/easyliferobo.com\/de\/#website"},"primaryImageOfPage":{"@id":"https:\/\/easyliferobo.com\/de\/product\/edurino-figur-loewe-meine-gefuehle-ab-4-jahren-inklusive-app-fuehlen-und-benennen-sie-ihre-eigenen-gefuehle-gefuehle-anderer-erkennen-gefuehle-ausdruecken\/#primaryimage"},"image":{"@id":"https:\/\/easyliferobo.com\/de\/product\/edurino-figur-loewe-meine-gefuehle-ab-4-jahren-inklusive-app-fuehlen-und-benennen-sie-ihre-eigenen-gefuehle-gefuehle-anderer-erkennen-gefuehle-ausdruecken\/#primaryimage"},"thumbnailUrl":"https:\/\/easyliferobo.com\/de\/wp-content\/uploads\/2026\/02\/61P9kjCO9WL._AC_SL1350_.jpg","datePublished":"2026-02-27T06:55:55+00:00","dateModified":"2026-02-27T06:56:06+00:00","description":"Entdecken Sie smarte Roboter f\u00fcr Zuhause, Garten, Bildung und Sicherheit. Vergleichen Sie Saugroboter, Rasenm\u00e4hroboter, KI-Begleitroboter und mehr bei EasyLifeRobo.","breadcrumb":{"@id":"https:\/\/easyliferobo.com\/de\/product\/edurino-figur-loewe-meine-gefuehle-ab-4-jahren-inklusive-app-fuehlen-und-benennen-sie-ihre-eigenen-gefuehle-gefuehle-anderer-erkennen-gefuehle-ausdruecken\/#breadcrumb"},"inLanguage":"de","potentialAction":[{"@type":"ReadAction","target":["https:\/\/easyliferobo.com\/de\/product\/edurino-figur-loewe-meine-gefuehle-ab-4-jahren-inklusive-app-fuehlen-und-benennen-sie-ihre-eigenen-gefuehle-gefuehle-anderer-erkennen-gefuehle-ausdruecken\/"]}]},{"@type":"ImageObject","inLanguage":"de","@id":"https:\/\/easyliferobo.com\/de\/product\/edurino-figur-loewe-meine-gefuehle-ab-4-jahren-inklusive-app-fuehlen-und-benennen-sie-ihre-eigenen-gefuehle-gefuehle-anderer-erkennen-gefuehle-ausdruecken\/#primaryimage","url":"https:\/\/easyliferobo.com\/de\/wp-content\/uploads\/2026\/02\/61P9kjCO9WL._AC_SL1350_.jpg","contentUrl":"https:\/\/easyliferobo.com\/de\/wp-content\/uploads\/2026\/02\/61P9kjCO9WL._AC_SL1350_.jpg","width":974,"height":1261},{"@type":"BreadcrumbList","@id":"https:\/\/easyliferobo.com\/de\/product\/edurino-figur-loewe-meine-gefuehle-ab-4-jahren-inklusive-app-fuehlen-und-benennen-sie-ihre-eigenen-gefuehle-gefuehle-anderer-erkennen-gefuehle-ausdruecken\/#breadcrumb","itemListElement":[{"@type":"ListItem","position":1,"name":"Home","item":"https:\/\/easyliferobo.com\/de\/"},{"@type":"ListItem","position":2,"name":"Shop","item":"https:\/\/easyliferobo.com\/de\/shop\/"},{"@type":"ListItem","position":3,"name":"Edurino Figur L\u00f6we Meine Gef\u00fchle ..."}]},{"@type":"WebSite","@id":"https:\/\/easyliferobo.com\/de\/#website","url":"https:\/\/easyliferobo.com\/de\/","name":"EasyLifeBro","description":"Smarte Roboter f\u00fcr Zuhause, Garten &amp; Bildung","publisher":{"@id":"https:\/\/easyliferobo.com\/de\/#organization"},"potentialAction":[{"@type":"SearchAction","target":{"@type":"EntryPoint","urlTemplate":"https:\/\/easyliferobo.com\/de\/?s={search_term_string}"},"query-input":{"@type":"PropertyValueSpecification","valueRequired":true,"valueName":"search_term_string"}}],"inLanguage":"de"},{"@type":"Organization","@id":"https:\/\/easyliferobo.com\/de\/#organization","name":"EasyLifeBro","url":"https:\/\/easyliferobo.com\/de\/","logo":{"@type":"ImageObject","inLanguage":"de","@id":"https:\/\/easyliferobo.com\/de\/#\/schema\/logo\/image\/","url":"https:\/\/easyliferobo.com\/de\/wp-content\/uploads\/2026\/02\/Screenshot-2026-02-22-at-2.25.03-PM.png","contentUrl":"https:\/\/easyliferobo.com\/de\/wp-content\/uploads\/2026\/02\/Screenshot-2026-02-22-at-2.25.03-PM.png","width":1858,"height":430,"caption":"EasyLifeBro"},"image":{"@id":"https:\/\/easyliferobo.com\/de\/#\/schema\/logo\/image\/"}}]}},"_links":{"self":[{"href":"https:\/\/easyliferobo.com\/de\/wp-json\/wp\/v2\/product\/3424","targetHints":{"allow":["GET"]}}],"collection":[{"href":"https:\/\/easyliferobo.com\/de\/wp-json\/wp\/v2\/product"}],"about":[{"href":"https:\/\/easyliferobo.com\/de\/wp-json\/wp\/v2\/types\/product"}],"replies":[{"embeddable":true,"href":"https:\/\/easyliferobo.com\/de\/wp-json\/wp\/v2\/comments?post=3424"}],"wp:featuredmedia":[{"embeddable":true,"href":"https:\/\/easyliferobo.com\/de\/wp-json\/wp\/v2\/media\/3425"}],"wp:attachment":[{"href":"https:\/\/easyliferobo.com\/de\/wp-json\/wp\/v2\/media?parent=3424"}],"wp:term":[{"taxonomy":"store","embeddable":true,"href":"https:\/\/easyliferobo.com\/de\/wp-json\/wp\/v2\/store?post=3424"},{"taxonomy":"product_brand","embeddable":true,"href":"https:\/\/easyliferobo.com\/de\/wp-json\/wp\/v2\/product_brand?post=3424"},{"taxonomy":"product_cat","embeddable":true,"href":"https:\/\/easyliferobo.com\/de\/wp-json\/wp\/v2\/product_cat?post=3424"},{"taxonomy":"product_tag","embeddable":true,"href":"https:\/\/easyliferobo.com\/de\/wp-json\/wp\/v2\/product_tag?post=3424"}],"curies":[{"name":"wp","href":"https:\/\/api.w.org\/{rel}","templated":true}]}}