
{"id":3415,"date":"2026-02-27T06:54:43","date_gmt":"2026-02-27T06:54:43","guid":{"rendered":"https:\/\/easyliferobo.com\/de\/product\/wuuk-ueberwachungskamera-fuer-den-aussenbereich-akku-solar-set-2k-wlan-kamera-outdoor-home-kit-32-g-lokaler-speicher-kompatibel-mit-alexa-google-home-8-kamera-kompatibel-mit-24-g-5-g-wlan-int\/"},"modified":"2026-02-27T06:54:58","modified_gmt":"2026-02-27T06:54:58","slug":"wuuk-ueberwachungskamera-fuer-den-aussenbereich-akku-solar-set-2k-wlan-kamera-outdoor-home-kit-32-g-lokaler-speicher-kompatibel-mit-alexa-google-home-8-kamera-kompatibel-mit-24-g-5-g-wlan-int","status":"publish","type":"product","link":"https:\/\/easyliferobo.com\/de\/product\/wuuk-ueberwachungskamera-fuer-den-aussenbereich-akku-solar-set-2k-wlan-kamera-outdoor-home-kit-32-g-lokaler-speicher-kompatibel-mit-alexa-google-home-8-kamera-kompatibel-mit-24-g-5-g-wlan-int\/","title":{"rendered":"WUUK \u00dcberwachungskamera f\u00fcr den A..."},"content":{"rendered":"<p>\n                                             Von der Marke   <\/p>\n<p>                                              <img decoding=\"async\" alt=\"Au\u00dfen\u00fcberwachungskamera WLAN\" src=\"https:\/\/images-na.ssl-images-amazon.com\/images\/G\/01\/x-locale\/common\/grey-pixel.gif\" class=\"a-lazy-loaded\" data-src=\"https:\/\/m.media-amazon.com\/images\/S\/aplus-media-library-service-media\/74977bfa-29aa-4fe5-825e-87ca171f2d58.__CR0,0,1464,625_PT0_SX1464_V1___.jpg\"><img decoding=\"async\" alt=\"Au\u00dfen\u00fcberwachungskamera WLAN\" src=\"https:\/\/m.media-amazon.com\/images\/S\/aplus-media-library-service-media\/74977bfa-29aa-4fe5-825e-87ca171f2d58.__CR0,0,1464,625_PT0_SX1464_V1___.jpg\">  <\/p>\n<p>                                              <img decoding=\"async\" alt=\"\" src=\"https:\/\/images-na.ssl-images-amazon.com\/images\/G\/01\/x-locale\/common\/grey-pixel.gif\" class=\"a-lazy-loaded\" data-src=\"https:\/\/m.media-amazon.com\/images\/S\/aplus-media-library-service-media\/42b9288d-1394-4ca3-b12d-b4bda5bdbf70.__CR0,0,315,145_PT0_SX315_V1___.jpg\"><img decoding=\"async\" alt=\"\" src=\"https:\/\/m.media-amazon.com\/images\/S\/aplus-media-library-service-media\/42b9288d-1394-4ca3-b12d-b4bda5bdbf70.__CR0,0,315,145_PT0_SX315_V1___.jpg\">  <\/p>\n<p>  Das WUUK-Labor wurde 2019 gegr\u00fcndet. Wir sind bestrebt, mehr Familien benutzerfreundliche, hochwertige Sicherheitsl\u00f6sungen anzubieten. Einfach zu bedienen, schnell zu installieren, sicher und langlebig, der Benutzer steht im Mittelpunkt \u2013 das ist das WUUK-Produkterlebnis, das wir Ihnen versprechen. <\/p>\n<p>                                              <img decoding=\"async\" alt=\"\" src=\"https:\/\/images-na.ssl-images-amazon.com\/images\/G\/01\/x-locale\/common\/grey-pixel.gif\" class=\"a-lazy-loaded\" data-src=\"https:\/\/m.media-amazon.com\/images\/S\/aplus-media-library-service-media\/8cbac9a2-aeb5-4182-b320-b0b0343f01e4.__CR361,71,678,848_PT0_SX362_V1___.jpg\"><img decoding=\"async\" alt=\"\" src=\"https:\/\/m.media-amazon.com\/images\/S\/aplus-media-library-service-media\/8cbac9a2-aeb5-4182-b320-b0b0343f01e4.__CR361,71,678,848_PT0_SX362_V1___.jpg\">  <\/p>\n<h3>  Warum Smart HomeBase? <\/h3>\n<p>  Integrierte 32 GB, keine monatliche Geb\u00fchr. Schlie\u00dfen Sie bis zu 8 Ger\u00e4te an. Bietet ein stabileres und st\u00e4rkeres Signal als herk\u00f6mmliche WLAN-Kameras. <\/p>\n<p>                                              <img decoding=\"async\" alt=\"\" src=\"https:\/\/images-na.ssl-images-amazon.com\/images\/G\/01\/x-locale\/common\/grey-pixel.gif\" class=\"a-lazy-loaded\" data-src=\"https:\/\/m.media-amazon.com\/images\/S\/aplus-media-library-service-media\/f8e345fb-e1d6-4248-a4e2-996ce890ef81.__CR0,151,1464,674_PT0_SX315_V1___.jpg\"><img decoding=\"async\" alt=\"\" src=\"https:\/\/m.media-amazon.com\/images\/S\/aplus-media-library-service-media\/f8e345fb-e1d6-4248-a4e2-996ce890ef81.__CR0,151,1464,674_PT0_SX315_V1___.jpg\">  <\/p>\n<p>  WUUK Smart HomeBase <\/p>\n<p>  Unterst\u00fctzt bis zu 8 Wuuk-Kameraverbindungen. Ger\u00e4t inklusive T\u00fcrklingeln\/drahtlosen Batteriekameras. Ob drinnen, drau\u00dfen oder vor der Veranda, die intelligente Basisstation kann Ihre Sicherheitsbed\u00fcrfnisse zu Hause problemlos erf\u00fcllen und spart Ihnen gleichzeitig viel Geld. <\/p>\n<h3>  WUUK-Heimsicherheitssystem <\/h3>\n<p class=\"apm-brand-story-stores-link\">\n<p>                                              <img decoding=\"async\" alt=\"  Video-T\u00fcrklingel mit Kamera\" src=\"https:\/\/images-na.ssl-images-amazon.com\/images\/G\/01\/x-locale\/common\/grey-pixel.gif\" class=\"a-lazy-loaded\" data-src=\"https:\/\/m.media-amazon.com\/images\/S\/aplus-media-library-service-media\/b014cf2a-1655-4b5f-8ee4-0d3b88407d21.__CR0,0,362,453_PT0_SX362_V1___.jpeg\"><img decoding=\"async\" alt=\"  Video-T\u00fcrklingel mit Kamera\" src=\"https:\/\/m.media-amazon.com\/images\/S\/aplus-media-library-service-media\/b014cf2a-1655-4b5f-8ee4-0d3b88407d21.__CR0,0,362,453_PT0_SX362_V1___.jpeg\">  <\/p>\n<p>                                              <img decoding=\"async\" alt=\"Drahtlose \u00dcberwachungskamera f\u00fcr den Au\u00dfenbereich, WLAN\" src=\"https:\/\/images-na.ssl-images-amazon.com\/images\/G\/01\/x-locale\/common\/grey-pixel.gif\" class=\"a-lazy-loaded\" data-src=\"https:\/\/m.media-amazon.com\/images\/S\/aplus-media-library-service-media\/257c0a09-2585-4ab1-bc88-8a0b3e966a31.__CR0,0,362,453_PT0_SX362_V1___.jpg\"><img decoding=\"async\" alt=\"Drahtlose \u00dcberwachungskamera f\u00fcr den Au\u00dfenbereich, WLAN\" src=\"https:\/\/m.media-amazon.com\/images\/S\/aplus-media-library-service-media\/257c0a09-2585-4ab1-bc88-8a0b3e966a31.__CR0,0,362,453_PT0_SX362_V1___.jpg\">  <\/p>\n<p>F\u00fcr immer Strom: Ausgestattet mit Solarmodulen und einer gr\u00f6\u00dferen Batteriekapazit\u00e4t, ununterbrochen solarbetrieben, m\u00fcssen die Kameras nicht innerhalb eines Jahres zum Aufladen abgenommen werden.<br \/>Kein Abonnement erforderlich: WUUK Smart HomeBase verf\u00fcgt dauerhaft \u00fcber 32 GB verschl\u00fcsselten Speicherplatz, der alle Ereignisaufzeichnungen speichern kann (ca. 6 Monate LoopRecording). Kein Abonnement erforderlich. Gleichzeitig wird die WLAN-Stabilit\u00e4t erheblich verbessert, wodurch h\u00e4ufige Verbindungsabbr\u00fcche der Kamera entfallen.<br \/>2K-QHD-Bildqualit\u00e4t und Farbnachtsicht: 65 % h\u00f6here Aufl\u00f6sung als 1080P. Ausgestattet mit einem 135\u00b0-Weitwinkelobjektiv, um den besten \u00dcberwachungseffekt zu gew\u00e4hrleisten. Der eingebaute Scheinwerfer hilft bei der Erfassung farbiger Nachtsichtdetails bei Nacht und warnt vor Eindringlingen.<br \/>Tun Sie nur die richtigen Dinge: Die Genauigkeit der Erkennung humanoider Bewegungen erreicht 98 %. Durch die Einstellung des Alarmbereichs und der Empfindlichkeitsstufe verhindern Sie, dass Fehlalarme Ihr Leben und Ihre Arbeitszeit in Anspruch nehmen.<br \/>Schutz bei Tag und Nacht: Die verbesserte wasserdichte Struktur und die wasserdichte ABS-Abdeckung k\u00f6nnen das Eindringen von Regenwasser extrem blockieren. Stellen Sie den normalen Betrieb der Kamera sicher, egal ob Regen oder Sonnenschein, hei\u00df oder kalt.<\/p>\n<p>[ad_2]<\/p>\n","protected":false},"excerpt":{"rendered":"<p>Von der Marke Das WUUK-Labor wurde 2019 gegr\u00fcndet. Wir sind bestrebt, mehr Familien benutzerfreundliche, hochwertige Sicherheitsl\u00f6sungen anzubieten. Einfach zu bedienen, schnell zu installieren, sicher und langlebig, der Benutzer steht im Mittelpunkt \u2013 das ist das WUUK-Produkterlebnis, das wir Ihnen versprechen. Warum Smart HomeBase? Integrierte 32 GB, keine monatliche Geb\u00fchr. Schlie\u00dfen Sie bis zu 8 Ger\u00e4te [&hellip;]<\/p>\n","protected":false},"featured_media":3416,"comment_status":"open","ping_status":"closed","template":"","meta":{"_aipt_faq_data":""},"store":[],"product_brand":[154],"product_cat":[116],"product_tag":[152],"class_list":{"0":"post-3415","1":"product","2":"type-product","3":"status-publish","4":"has-post-thumbnail","6":"product_brand-wuuk","7":"product_cat-innen-aussen-sicherheitsroboter","8":"product_tag-innen-aussen-sicherheitsroboter-mit-kamera","10":"first","11":"instock","12":"sale","13":"shipping-taxable","14":"product-type-external"},"yoast_head":"<!-- This site is optimized with the Yoast SEO plugin v27.0 - https:\/\/yoast.com\/product\/yoast-seo-wordpress\/ -->\n<title>WUUK \u00dcberwachungskamera f\u00fcr den Au\u00dfenbereich, Akku, Solar-Set, 2K-WLAN-Kamera, Outdoor-Home-Kit, 32 G lokaler Speicher, kompatibel mit Alexa\/Google Home\/8 Kamera, kompatibel mit 2,4 G\/5 G WLAN, intelligente Erkennung - EasyLifeBro<\/title>\n<meta name=\"description\" content=\"Entdecken Sie smarte Roboter f\u00fcr Zuhause, Garten, Bildung und Sicherheit. Vergleichen Sie Saugroboter, Rasenm\u00e4hroboter, KI-Begleitroboter und mehr bei EasyLifeRobo.\" \/>\n<meta name=\"robots\" content=\"index, follow, max-snippet:-1, max-image-preview:large, max-video-preview:-1\" \/>\n<link rel=\"canonical\" href=\"https:\/\/easyliferobo.com\/de\/product\/wuuk-ueberwachungskamera-fuer-den-aussenbereich-akku-solar-set-2k-wlan-kamera-outdoor-home-kit-32-g-lokaler-speicher-kompatibel-mit-alexa-google-home-8-kamera-kompatibel-mit-24-g-5-g-wlan-int\/\" \/>\n<meta property=\"og:locale\" content=\"de_DE\" \/>\n<meta property=\"og:type\" content=\"article\" \/>\n<meta property=\"og:title\" content=\"WUUK \u00dcberwachungskamera f\u00fcr den Au\u00dfenbereich, Akku, Solar-Set, 2K-WLAN-Kamera, Outdoor-Home-Kit, 32 G lokaler Speicher, kompatibel mit Alexa\/Google Home\/8 Kamera, kompatibel mit 2,4 G\/5 G WLAN, intelligente Erkennung - EasyLifeBro\" \/>\n<meta property=\"og:description\" content=\"Entdecken Sie smarte Roboter f\u00fcr Zuhause, Garten, Bildung und Sicherheit. Vergleichen Sie Saugroboter, Rasenm\u00e4hroboter, KI-Begleitroboter und mehr bei EasyLifeRobo.\" \/>\n<meta property=\"og:url\" content=\"https:\/\/easyliferobo.com\/de\/product\/wuuk-ueberwachungskamera-fuer-den-aussenbereich-akku-solar-set-2k-wlan-kamera-outdoor-home-kit-32-g-lokaler-speicher-kompatibel-mit-alexa-google-home-8-kamera-kompatibel-mit-24-g-5-g-wlan-int\/\" \/>\n<meta property=\"og:site_name\" content=\"EasyLifeBro\" \/>\n<meta property=\"article:modified_time\" content=\"2026-02-27T06:54:58+00:00\" \/>\n<meta property=\"og:image\" content=\"https:\/\/images-na.ssl-images-amazon.com\/images\/G\/01\/x-locale\/common\/grey-pixel.gif\" \/>\n<meta name=\"twitter:card\" content=\"summary_large_image\" \/>\n<meta name=\"twitter:label1\" content=\"Gesch\u00e4tzte Lesezeit\" \/>\n\t<meta name=\"twitter:data1\" content=\"1\u00a0Minute\" \/>\n<script type=\"application\/ld+json\" class=\"yoast-schema-graph\">{\"@context\":\"https:\/\/schema.org\",\"@graph\":[{\"@type\":\"WebPage\",\"@id\":\"https:\/\/easyliferobo.com\/de\/product\/wuuk-ueberwachungskamera-fuer-den-aussenbereich-akku-solar-set-2k-wlan-kamera-outdoor-home-kit-32-g-lokaler-speicher-kompatibel-mit-alexa-google-home-8-kamera-kompatibel-mit-24-g-5-g-wlan-int\/\",\"url\":\"https:\/\/easyliferobo.com\/de\/product\/wuuk-ueberwachungskamera-fuer-den-aussenbereich-akku-solar-set-2k-wlan-kamera-outdoor-home-kit-32-g-lokaler-speicher-kompatibel-mit-alexa-google-home-8-kamera-kompatibel-mit-24-g-5-g-wlan-int\/\",\"name\":\"WUUK \u00dcberwachungskamera f\u00fcr den Au\u00dfenbereich, Akku, Solar-Set, 2K-WLAN-Kamera, Outdoor-Home-Kit, 32 G lokaler Speicher, kompatibel mit Alexa\/Google Home\/8 Kamera, kompatibel mit 2,4 G\/5 G WLAN, intelligente Erkennung - EasyLifeBro\",\"isPartOf\":{\"@id\":\"https:\/\/easyliferobo.com\/de\/#website\"},\"primaryImageOfPage\":{\"@id\":\"https:\/\/easyliferobo.com\/de\/product\/wuuk-ueberwachungskamera-fuer-den-aussenbereich-akku-solar-set-2k-wlan-kamera-outdoor-home-kit-32-g-lokaler-speicher-kompatibel-mit-alexa-google-home-8-kamera-kompatibel-mit-24-g-5-g-wlan-int\/#primaryimage\"},\"image\":{\"@id\":\"https:\/\/easyliferobo.com\/de\/product\/wuuk-ueberwachungskamera-fuer-den-aussenbereich-akku-solar-set-2k-wlan-kamera-outdoor-home-kit-32-g-lokaler-speicher-kompatibel-mit-alexa-google-home-8-kamera-kompatibel-mit-24-g-5-g-wlan-int\/#primaryimage\"},\"thumbnailUrl\":\"https:\/\/easyliferobo.com\/de\/wp-content\/uploads\/2026\/02\/611jV755VL._AC_SL1500_.jpg\",\"datePublished\":\"2026-02-27T06:54:43+00:00\",\"dateModified\":\"2026-02-27T06:54:58+00:00\",\"description\":\"Entdecken Sie smarte Roboter f\u00fcr Zuhause, Garten, Bildung und Sicherheit. Vergleichen Sie Saugroboter, Rasenm\u00e4hroboter, KI-Begleitroboter und mehr bei EasyLifeRobo.\",\"breadcrumb\":{\"@id\":\"https:\/\/easyliferobo.com\/de\/product\/wuuk-ueberwachungskamera-fuer-den-aussenbereich-akku-solar-set-2k-wlan-kamera-outdoor-home-kit-32-g-lokaler-speicher-kompatibel-mit-alexa-google-home-8-kamera-kompatibel-mit-24-g-5-g-wlan-int\/#breadcrumb\"},\"inLanguage\":\"de\",\"potentialAction\":[{\"@type\":\"ReadAction\",\"target\":[\"https:\/\/easyliferobo.com\/de\/product\/wuuk-ueberwachungskamera-fuer-den-aussenbereich-akku-solar-set-2k-wlan-kamera-outdoor-home-kit-32-g-lokaler-speicher-kompatibel-mit-alexa-google-home-8-kamera-kompatibel-mit-24-g-5-g-wlan-int\/\"]}]},{\"@type\":\"ImageObject\",\"inLanguage\":\"de\",\"@id\":\"https:\/\/easyliferobo.com\/de\/product\/wuuk-ueberwachungskamera-fuer-den-aussenbereich-akku-solar-set-2k-wlan-kamera-outdoor-home-kit-32-g-lokaler-speicher-kompatibel-mit-alexa-google-home-8-kamera-kompatibel-mit-24-g-5-g-wlan-int\/#primaryimage\",\"url\":\"https:\/\/easyliferobo.com\/de\/wp-content\/uploads\/2026\/02\/611jV755VL._AC_SL1500_.jpg\",\"contentUrl\":\"https:\/\/easyliferobo.com\/de\/wp-content\/uploads\/2026\/02\/611jV755VL._AC_SL1500_.jpg\",\"width\":1333,\"height\":1498},{\"@type\":\"BreadcrumbList\",\"@id\":\"https:\/\/easyliferobo.com\/de\/product\/wuuk-ueberwachungskamera-fuer-den-aussenbereich-akku-solar-set-2k-wlan-kamera-outdoor-home-kit-32-g-lokaler-speicher-kompatibel-mit-alexa-google-home-8-kamera-kompatibel-mit-24-g-5-g-wlan-int\/#breadcrumb\",\"itemListElement\":[{\"@type\":\"ListItem\",\"position\":1,\"name\":\"Home\",\"item\":\"https:\/\/easyliferobo.com\/de\/\"},{\"@type\":\"ListItem\",\"position\":2,\"name\":\"Shop\",\"item\":\"https:\/\/easyliferobo.com\/de\/shop\/\"},{\"@type\":\"ListItem\",\"position\":3,\"name\":\"WUUK \u00dcberwachungskamera f\u00fcr den A...\"}]},{\"@type\":\"WebSite\",\"@id\":\"https:\/\/easyliferobo.com\/de\/#website\",\"url\":\"https:\/\/easyliferobo.com\/de\/\",\"name\":\"EasyLifeBro\",\"description\":\"Smarte Roboter f\u00fcr Zuhause, Garten &amp; Bildung\",\"publisher\":{\"@id\":\"https:\/\/easyliferobo.com\/de\/#organization\"},\"potentialAction\":[{\"@type\":\"SearchAction\",\"target\":{\"@type\":\"EntryPoint\",\"urlTemplate\":\"https:\/\/easyliferobo.com\/de\/?s={search_term_string}\"},\"query-input\":{\"@type\":\"PropertyValueSpecification\",\"valueRequired\":true,\"valueName\":\"search_term_string\"}}],\"inLanguage\":\"de\"},{\"@type\":\"Organization\",\"@id\":\"https:\/\/easyliferobo.com\/de\/#organization\",\"name\":\"EasyLifeBro\",\"url\":\"https:\/\/easyliferobo.com\/de\/\",\"logo\":{\"@type\":\"ImageObject\",\"inLanguage\":\"de\",\"@id\":\"https:\/\/easyliferobo.com\/de\/#\/schema\/logo\/image\/\",\"url\":\"https:\/\/easyliferobo.com\/de\/wp-content\/uploads\/2026\/02\/Screenshot-2026-02-22-at-2.25.03-PM.png\",\"contentUrl\":\"https:\/\/easyliferobo.com\/de\/wp-content\/uploads\/2026\/02\/Screenshot-2026-02-22-at-2.25.03-PM.png\",\"width\":1858,\"height\":430,\"caption\":\"EasyLifeBro\"},\"image\":{\"@id\":\"https:\/\/easyliferobo.com\/de\/#\/schema\/logo\/image\/\"}}]}<\/script>\n<!-- \/ Yoast SEO plugin. -->","yoast_head_json":{"title":"WUUK \u00dcberwachungskamera f\u00fcr den Au\u00dfenbereich, Akku, Solar-Set, 2K-WLAN-Kamera, Outdoor-Home-Kit, 32 G lokaler Speicher, kompatibel mit Alexa\/Google Home\/8 Kamera, kompatibel mit 2,4 G\/5 G WLAN, intelligente Erkennung - EasyLifeBro","description":"Entdecken Sie smarte Roboter f\u00fcr Zuhause, Garten, Bildung und Sicherheit. Vergleichen Sie Saugroboter, Rasenm\u00e4hroboter, KI-Begleitroboter und mehr bei EasyLifeRobo.","robots":{"index":"index","follow":"follow","max-snippet":"max-snippet:-1","max-image-preview":"max-image-preview:large","max-video-preview":"max-video-preview:-1"},"canonical":"https:\/\/easyliferobo.com\/de\/product\/wuuk-ueberwachungskamera-fuer-den-aussenbereich-akku-solar-set-2k-wlan-kamera-outdoor-home-kit-32-g-lokaler-speicher-kompatibel-mit-alexa-google-home-8-kamera-kompatibel-mit-24-g-5-g-wlan-int\/","og_locale":"de_DE","og_type":"article","og_title":"WUUK \u00dcberwachungskamera f\u00fcr den Au\u00dfenbereich, Akku, Solar-Set, 2K-WLAN-Kamera, Outdoor-Home-Kit, 32 G lokaler Speicher, kompatibel mit Alexa\/Google Home\/8 Kamera, kompatibel mit 2,4 G\/5 G WLAN, intelligente Erkennung - EasyLifeBro","og_description":"Entdecken Sie smarte Roboter f\u00fcr Zuhause, Garten, Bildung und Sicherheit. Vergleichen Sie Saugroboter, Rasenm\u00e4hroboter, KI-Begleitroboter und mehr bei EasyLifeRobo.","og_url":"https:\/\/easyliferobo.com\/de\/product\/wuuk-ueberwachungskamera-fuer-den-aussenbereich-akku-solar-set-2k-wlan-kamera-outdoor-home-kit-32-g-lokaler-speicher-kompatibel-mit-alexa-google-home-8-kamera-kompatibel-mit-24-g-5-g-wlan-int\/","og_site_name":"EasyLifeBro","article_modified_time":"2026-02-27T06:54:58+00:00","og_image":[{"url":"https:\/\/images-na.ssl-images-amazon.com\/images\/G\/01\/x-locale\/common\/grey-pixel.gif","type":"","width":"","height":""}],"twitter_card":"summary_large_image","twitter_misc":{"Gesch\u00e4tzte Lesezeit":"1\u00a0Minute"},"schema":{"@context":"https:\/\/schema.org","@graph":[{"@type":"WebPage","@id":"https:\/\/easyliferobo.com\/de\/product\/wuuk-ueberwachungskamera-fuer-den-aussenbereich-akku-solar-set-2k-wlan-kamera-outdoor-home-kit-32-g-lokaler-speicher-kompatibel-mit-alexa-google-home-8-kamera-kompatibel-mit-24-g-5-g-wlan-int\/","url":"https:\/\/easyliferobo.com\/de\/product\/wuuk-ueberwachungskamera-fuer-den-aussenbereich-akku-solar-set-2k-wlan-kamera-outdoor-home-kit-32-g-lokaler-speicher-kompatibel-mit-alexa-google-home-8-kamera-kompatibel-mit-24-g-5-g-wlan-int\/","name":"WUUK \u00dcberwachungskamera f\u00fcr den Au\u00dfenbereich, Akku, Solar-Set, 2K-WLAN-Kamera, Outdoor-Home-Kit, 32 G lokaler Speicher, kompatibel mit Alexa\/Google Home\/8 Kamera, kompatibel mit 2,4 G\/5 G WLAN, intelligente Erkennung - EasyLifeBro","isPartOf":{"@id":"https:\/\/easyliferobo.com\/de\/#website"},"primaryImageOfPage":{"@id":"https:\/\/easyliferobo.com\/de\/product\/wuuk-ueberwachungskamera-fuer-den-aussenbereich-akku-solar-set-2k-wlan-kamera-outdoor-home-kit-32-g-lokaler-speicher-kompatibel-mit-alexa-google-home-8-kamera-kompatibel-mit-24-g-5-g-wlan-int\/#primaryimage"},"image":{"@id":"https:\/\/easyliferobo.com\/de\/product\/wuuk-ueberwachungskamera-fuer-den-aussenbereich-akku-solar-set-2k-wlan-kamera-outdoor-home-kit-32-g-lokaler-speicher-kompatibel-mit-alexa-google-home-8-kamera-kompatibel-mit-24-g-5-g-wlan-int\/#primaryimage"},"thumbnailUrl":"https:\/\/easyliferobo.com\/de\/wp-content\/uploads\/2026\/02\/611jV755VL._AC_SL1500_.jpg","datePublished":"2026-02-27T06:54:43+00:00","dateModified":"2026-02-27T06:54:58+00:00","description":"Entdecken Sie smarte Roboter f\u00fcr Zuhause, Garten, Bildung und Sicherheit. Vergleichen Sie Saugroboter, Rasenm\u00e4hroboter, KI-Begleitroboter und mehr bei EasyLifeRobo.","breadcrumb":{"@id":"https:\/\/easyliferobo.com\/de\/product\/wuuk-ueberwachungskamera-fuer-den-aussenbereich-akku-solar-set-2k-wlan-kamera-outdoor-home-kit-32-g-lokaler-speicher-kompatibel-mit-alexa-google-home-8-kamera-kompatibel-mit-24-g-5-g-wlan-int\/#breadcrumb"},"inLanguage":"de","potentialAction":[{"@type":"ReadAction","target":["https:\/\/easyliferobo.com\/de\/product\/wuuk-ueberwachungskamera-fuer-den-aussenbereich-akku-solar-set-2k-wlan-kamera-outdoor-home-kit-32-g-lokaler-speicher-kompatibel-mit-alexa-google-home-8-kamera-kompatibel-mit-24-g-5-g-wlan-int\/"]}]},{"@type":"ImageObject","inLanguage":"de","@id":"https:\/\/easyliferobo.com\/de\/product\/wuuk-ueberwachungskamera-fuer-den-aussenbereich-akku-solar-set-2k-wlan-kamera-outdoor-home-kit-32-g-lokaler-speicher-kompatibel-mit-alexa-google-home-8-kamera-kompatibel-mit-24-g-5-g-wlan-int\/#primaryimage","url":"https:\/\/easyliferobo.com\/de\/wp-content\/uploads\/2026\/02\/611jV755VL._AC_SL1500_.jpg","contentUrl":"https:\/\/easyliferobo.com\/de\/wp-content\/uploads\/2026\/02\/611jV755VL._AC_SL1500_.jpg","width":1333,"height":1498},{"@type":"BreadcrumbList","@id":"https:\/\/easyliferobo.com\/de\/product\/wuuk-ueberwachungskamera-fuer-den-aussenbereich-akku-solar-set-2k-wlan-kamera-outdoor-home-kit-32-g-lokaler-speicher-kompatibel-mit-alexa-google-home-8-kamera-kompatibel-mit-24-g-5-g-wlan-int\/#breadcrumb","itemListElement":[{"@type":"ListItem","position":1,"name":"Home","item":"https:\/\/easyliferobo.com\/de\/"},{"@type":"ListItem","position":2,"name":"Shop","item":"https:\/\/easyliferobo.com\/de\/shop\/"},{"@type":"ListItem","position":3,"name":"WUUK \u00dcberwachungskamera f\u00fcr den A..."}]},{"@type":"WebSite","@id":"https:\/\/easyliferobo.com\/de\/#website","url":"https:\/\/easyliferobo.com\/de\/","name":"EasyLifeBro","description":"Smarte Roboter f\u00fcr Zuhause, Garten &amp; Bildung","publisher":{"@id":"https:\/\/easyliferobo.com\/de\/#organization"},"potentialAction":[{"@type":"SearchAction","target":{"@type":"EntryPoint","urlTemplate":"https:\/\/easyliferobo.com\/de\/?s={search_term_string}"},"query-input":{"@type":"PropertyValueSpecification","valueRequired":true,"valueName":"search_term_string"}}],"inLanguage":"de"},{"@type":"Organization","@id":"https:\/\/easyliferobo.com\/de\/#organization","name":"EasyLifeBro","url":"https:\/\/easyliferobo.com\/de\/","logo":{"@type":"ImageObject","inLanguage":"de","@id":"https:\/\/easyliferobo.com\/de\/#\/schema\/logo\/image\/","url":"https:\/\/easyliferobo.com\/de\/wp-content\/uploads\/2026\/02\/Screenshot-2026-02-22-at-2.25.03-PM.png","contentUrl":"https:\/\/easyliferobo.com\/de\/wp-content\/uploads\/2026\/02\/Screenshot-2026-02-22-at-2.25.03-PM.png","width":1858,"height":430,"caption":"EasyLifeBro"},"image":{"@id":"https:\/\/easyliferobo.com\/de\/#\/schema\/logo\/image\/"}}]}},"_links":{"self":[{"href":"https:\/\/easyliferobo.com\/de\/wp-json\/wp\/v2\/product\/3415","targetHints":{"allow":["GET"]}}],"collection":[{"href":"https:\/\/easyliferobo.com\/de\/wp-json\/wp\/v2\/product"}],"about":[{"href":"https:\/\/easyliferobo.com\/de\/wp-json\/wp\/v2\/types\/product"}],"replies":[{"embeddable":true,"href":"https:\/\/easyliferobo.com\/de\/wp-json\/wp\/v2\/comments?post=3415"}],"wp:featuredmedia":[{"embeddable":true,"href":"https:\/\/easyliferobo.com\/de\/wp-json\/wp\/v2\/media\/3416"}],"wp:attachment":[{"href":"https:\/\/easyliferobo.com\/de\/wp-json\/wp\/v2\/media?parent=3415"}],"wp:term":[{"taxonomy":"store","embeddable":true,"href":"https:\/\/easyliferobo.com\/de\/wp-json\/wp\/v2\/store?post=3415"},{"taxonomy":"product_brand","embeddable":true,"href":"https:\/\/easyliferobo.com\/de\/wp-json\/wp\/v2\/product_brand?post=3415"},{"taxonomy":"product_cat","embeddable":true,"href":"https:\/\/easyliferobo.com\/de\/wp-json\/wp\/v2\/product_cat?post=3415"},{"taxonomy":"product_tag","embeddable":true,"href":"https:\/\/easyliferobo.com\/de\/wp-json\/wp\/v2\/product_tag?post=3415"}],"curies":[{"name":"wp","href":"https:\/\/api.w.org\/{rel}","templated":true}]}}