
{"id":3405,"date":"2026-02-27T06:53:40","date_gmt":"2026-02-27T06:53:40","guid":{"rendered":"https:\/\/easyliferobo.com\/de\/product\/fafeicy-fensterputzroboter-intelligentes-leistungsstarkes-2800-pa-saugwasserspruehsystem-3-reinigungsmodi-automatische-eckenerkennung-fuer-das-home-office-weisses-abs-1161-x-571-eu-stecker\/"},"modified":"2026-02-27T06:53:58","modified_gmt":"2026-02-27T06:53:58","slug":"fafeicy-fensterputzroboter-intelligentes-leistungsstarkes-2800-pa-saugwasserspruehsystem-3-reinigungsmodi-automatische-eckenerkennung-fuer-das-home-office-weisses-abs-1161-x-571-eu-stecker","status":"publish","type":"product","link":"https:\/\/easyliferobo.com\/de\/product\/fafeicy-fensterputzroboter-intelligentes-leistungsstarkes-2800-pa-saugwasserspruehsystem-3-reinigungsmodi-automatische-eckenerkennung-fuer-das-home-office-weisses-abs-1161-x-571-eu-stecker\/","title":{"rendered":"Fafeicy Fensterputzroboter, intelli..."},"content":{"rendered":"<p>    <span>Spezifikationen: <br \/>Artikel: Fensterputzroboter. <br \/>Material: ABS <br \/>Hauptfarbe: Wei\u00df. <br \/>Nennleistung: 72 W. <br \/>Batteriekapazit\u00e4t: 500 mAh. <br \/>Saugleistung: 2800 Pa. <br \/>USV-Abschaltschutzzeit: 20 Minuten <br \/>Steuermodus: Infrarot-Fernbedienung. <br \/>L\u00e4rm: 65-70 dB <br \/>Grenzwerterkennung: Automatisch <br \/>Absturzsicherung: USVUnterbrechungsfreie Stromversorgung\/Sicherheitsseil <br \/>Reinigungsmodi: 3 Typen <br \/>Spr\u00fchmodus: Manuell\/Automatisch <br \/>Fassungsverm\u00f6gen des Wassertanks: 50 ml. <br \/>Gr\u00f6\u00dfe: 29,5 x 14,5 x 6,2 cm. <br \/>Paketliste: <br \/>1 x Fensterputzroboter <br \/>10 x Wischt\u00fccher. <br \/>1 * Adapter <br \/>1 * Fernbedienung <br \/>4 x Reinigungsringe. <br \/>1 * Wasserflasche <br \/>2 x Fernbedienungsbatterien. <br \/>1 * Sicherheitsseil <br \/>1 x Bedienungsanleitung. <br \/><\/span>    <br \/>Menschen\u00e4hnliche Reinigungsbewegungen und Sicherheitsfunktionen: Der Roboter ahmt menschliche Reinigungsmuster nach und f\u00fchrt sorgf\u00e4ltiges Schrubben f\u00fcr gl\u00e4nzende Ergebnisse durch. Ausgestattet mit einem USV-Abschaltschutz und einem Sicherungsseil sorgt es f\u00fcr einen unterbrechungsfreien Betrieb, beugt Unf\u00e4llen vor und sorgt so f\u00fcr Sicherheit beim Reinigen.<br \/>Intelligente Reinigung mit 2800 Pa Saugkraft: Erleben Sie kraftvolle Reinigung mit der Saugst\u00e4rke von 2800 Pa des Fensterputzroboters und entfernen Sie m\u00fchelos hartn\u00e4ckigen Schmutz von Fenstern. Sein fortschrittlicher Motor sorgt f\u00fcr eine gr\u00fcndliche Reinigung bei gleichzeitiger Beibehaltung der Energieeffizienz und sorgt daf\u00fcr, dass Ihre Fenster makellos und streifenfrei bleiben.<br \/>3 intelligente Reinigungsmodi und automatische Eckenerkennung: Navigieren Sie m\u00fchelos mit 3 intelligenten Reinigungsmodi, die sich an unterschiedliche Fenstergr\u00f6\u00dfen und -formen anpassen. Die intelligenten Eckenerkennungssensoren des Roboters sorgen daf\u00fcr, dass keine Stelle \u00fcbersehen wird, und verhindern gleichzeitig St\u00fcrze, was ihn f\u00fcr alle Fenstertypen sicher und effizient macht.<br \/>One-Touch-Bedienung und gro\u00dfer Wassertank: Vereinfachen Sie Ihre Reinigungsroutine mit der Ein-\/Aus-Startfunktion. Der 50-ml-Wassertank reduziert h\u00e4ufiges Nachf\u00fcllen und Sie k\u00f6nnen zwischen manuellen und automatischen Spr\u00fchmodi w\u00e4hlen, um ein individuelles Reinigungserlebnis zu erhalten, das auf Ihre Bed\u00fcrfnisse zugeschnitten ist.<br \/>Breites Wasserspr\u00fchsystem f\u00fcr hervorragende Reinigung: Genie\u00dfen Sie eine umfassende Fensterabdeckung mit dem 2-Wasserspr\u00fchsystem, das eine gleichm\u00e4\u00dfige Benetzung vor der Reinigung gew\u00e4hrleistet. Der gr\u00f6\u00dfere Spr\u00fchbereich entfernt effektiv Schmutz und Ablagerungen und sorgt f\u00fcr eine gr\u00fcndliche Reinigung ohne manuelles Schrubben.<\/p>\n<p>[ad_2]<\/p>\n","protected":false},"excerpt":{"rendered":"<p>Spezifikationen: Artikel: Fensterputzroboter. Material: ABS Hauptfarbe: Wei\u00df. Nennleistung: 72 W. Batteriekapazit\u00e4t: 500 mAh. Saugleistung: 2800 Pa. USV-Abschaltschutzzeit: 20 Minuten Steuermodus: Infrarot-Fernbedienung. L\u00e4rm: 65-70 dB Grenzwerterkennung: Automatisch Absturzsicherung: USVUnterbrechungsfreie Stromversorgung\/Sicherheitsseil Reinigungsmodi: 3 Typen Spr\u00fchmodus: Manuell\/Automatisch Fassungsverm\u00f6gen des Wassertanks: 50 ml. Gr\u00f6\u00dfe: 29,5 x 14,5 x 6,2 cm. Paketliste: 1 x Fensterputzroboter 10 x Wischt\u00fccher. 1 * [&hellip;]<\/p>\n","protected":false},"featured_media":3406,"comment_status":"open","ping_status":"closed","template":"","meta":{"_aipt_faq_data":""},"store":[],"product_brand":[430],"product_cat":[28],"product_tag":[118],"class_list":{"0":"post-3405","1":"product","2":"type-product","3":"status-publish","4":"has-post-thumbnail","6":"product_brand-fafeicy","7":"product_cat-trending","8":"product_tag-fensterreinigungsroboter-automatisch","10":"first","11":"instock","12":"shipping-taxable","13":"product-type-external"},"yoast_head":"<!-- This site is optimized with the Yoast SEO plugin v27.4 - https:\/\/yoast.com\/product\/yoast-seo-wordpress\/ -->\n<title>Fafeicy Fensterputzroboter, intelligentes, leistungsstarkes 2800-PA-Saugwasserspr\u00fchsystem, 3 Reinigungsmodi, automatische Eckenerkennung f\u00fcr das Home Office, wei\u00dfes ABS, 11,61 x 5,71 (EU-Stecker) - EasyLifeBro<\/title>\n<meta name=\"description\" content=\"Entdecken Sie smarte Roboter f\u00fcr Zuhause, Garten, Bildung und Sicherheit. Vergleichen Sie Saugroboter, Rasenm\u00e4hroboter, KI-Begleitroboter und mehr bei EasyLifeRobo.\" \/>\n<meta name=\"robots\" content=\"index, follow, max-snippet:-1, max-image-preview:large, max-video-preview:-1\" \/>\n<link rel=\"canonical\" href=\"https:\/\/easyliferobo.com\/de\/product\/fafeicy-fensterputzroboter-intelligentes-leistungsstarkes-2800-pa-saugwasserspruehsystem-3-reinigungsmodi-automatische-eckenerkennung-fuer-das-home-office-weisses-abs-1161-x-571-eu-stecker\/\" \/>\n<meta property=\"og:locale\" content=\"de_DE\" \/>\n<meta property=\"og:type\" content=\"article\" \/>\n<meta property=\"og:title\" content=\"Fafeicy Fensterputzroboter, intelligentes, leistungsstarkes 2800-PA-Saugwasserspr\u00fchsystem, 3 Reinigungsmodi, automatische Eckenerkennung f\u00fcr das Home Office, wei\u00dfes ABS, 11,61 x 5,71 (EU-Stecker) - EasyLifeBro\" \/>\n<meta property=\"og:description\" content=\"Entdecken Sie smarte Roboter f\u00fcr Zuhause, Garten, Bildung und Sicherheit. Vergleichen Sie Saugroboter, Rasenm\u00e4hroboter, KI-Begleitroboter und mehr bei EasyLifeRobo.\" \/>\n<meta property=\"og:url\" content=\"https:\/\/easyliferobo.com\/de\/product\/fafeicy-fensterputzroboter-intelligentes-leistungsstarkes-2800-pa-saugwasserspruehsystem-3-reinigungsmodi-automatische-eckenerkennung-fuer-das-home-office-weisses-abs-1161-x-571-eu-stecker\/\" \/>\n<meta property=\"og:site_name\" content=\"EasyLifeBro\" \/>\n<meta property=\"article:modified_time\" content=\"2026-02-27T06:53:58+00:00\" \/>\n<meta name=\"twitter:card\" content=\"summary_large_image\" \/>\n<meta name=\"twitter:label1\" content=\"Gesch\u00e4tzte Lesezeit\" \/>\n\t<meta name=\"twitter:data1\" content=\"2\u00a0Minuten\" \/>\n<script type=\"application\/ld+json\" class=\"yoast-schema-graph\">{\"@context\":\"https:\\\/\\\/schema.org\",\"@graph\":[{\"@type\":\"WebPage\",\"@id\":\"https:\\\/\\\/easyliferobo.com\\\/de\\\/product\\\/fafeicy-fensterputzroboter-intelligentes-leistungsstarkes-2800-pa-saugwasserspruehsystem-3-reinigungsmodi-automatische-eckenerkennung-fuer-das-home-office-weisses-abs-1161-x-571-eu-stecker\\\/\",\"url\":\"https:\\\/\\\/easyliferobo.com\\\/de\\\/product\\\/fafeicy-fensterputzroboter-intelligentes-leistungsstarkes-2800-pa-saugwasserspruehsystem-3-reinigungsmodi-automatische-eckenerkennung-fuer-das-home-office-weisses-abs-1161-x-571-eu-stecker\\\/\",\"name\":\"Fafeicy Fensterputzroboter, intelligentes, leistungsstarkes 2800-PA-Saugwasserspr\u00fchsystem, 3 Reinigungsmodi, automatische Eckenerkennung f\u00fcr das Home Office, wei\u00dfes ABS, 11,61 x 5,71 (EU-Stecker) - EasyLifeBro\",\"isPartOf\":{\"@id\":\"https:\\\/\\\/easyliferobo.com\\\/de\\\/#website\"},\"primaryImageOfPage\":{\"@id\":\"https:\\\/\\\/easyliferobo.com\\\/de\\\/product\\\/fafeicy-fensterputzroboter-intelligentes-leistungsstarkes-2800-pa-saugwasserspruehsystem-3-reinigungsmodi-automatische-eckenerkennung-fuer-das-home-office-weisses-abs-1161-x-571-eu-stecker\\\/#primaryimage\"},\"image\":{\"@id\":\"https:\\\/\\\/easyliferobo.com\\\/de\\\/product\\\/fafeicy-fensterputzroboter-intelligentes-leistungsstarkes-2800-pa-saugwasserspruehsystem-3-reinigungsmodi-automatische-eckenerkennung-fuer-das-home-office-weisses-abs-1161-x-571-eu-stecker\\\/#primaryimage\"},\"thumbnailUrl\":\"https:\\\/\\\/easyliferobo.com\\\/de\\\/wp-content\\\/uploads\\\/2026\\\/02\\\/71anai06zHL._AC_SL1500_.jpg\",\"datePublished\":\"2026-02-27T06:53:40+00:00\",\"dateModified\":\"2026-02-27T06:53:58+00:00\",\"description\":\"Entdecken Sie smarte Roboter f\u00fcr Zuhause, Garten, Bildung und Sicherheit. Vergleichen Sie Saugroboter, Rasenm\u00e4hroboter, KI-Begleitroboter und mehr bei EasyLifeRobo.\",\"breadcrumb\":{\"@id\":\"https:\\\/\\\/easyliferobo.com\\\/de\\\/product\\\/fafeicy-fensterputzroboter-intelligentes-leistungsstarkes-2800-pa-saugwasserspruehsystem-3-reinigungsmodi-automatische-eckenerkennung-fuer-das-home-office-weisses-abs-1161-x-571-eu-stecker\\\/#breadcrumb\"},\"inLanguage\":\"de\",\"potentialAction\":[{\"@type\":\"ReadAction\",\"target\":[\"https:\\\/\\\/easyliferobo.com\\\/de\\\/product\\\/fafeicy-fensterputzroboter-intelligentes-leistungsstarkes-2800-pa-saugwasserspruehsystem-3-reinigungsmodi-automatische-eckenerkennung-fuer-das-home-office-weisses-abs-1161-x-571-eu-stecker\\\/\"]}]},{\"@type\":\"ImageObject\",\"inLanguage\":\"de\",\"@id\":\"https:\\\/\\\/easyliferobo.com\\\/de\\\/product\\\/fafeicy-fensterputzroboter-intelligentes-leistungsstarkes-2800-pa-saugwasserspruehsystem-3-reinigungsmodi-automatische-eckenerkennung-fuer-das-home-office-weisses-abs-1161-x-571-eu-stecker\\\/#primaryimage\",\"url\":\"https:\\\/\\\/easyliferobo.com\\\/de\\\/wp-content\\\/uploads\\\/2026\\\/02\\\/71anai06zHL._AC_SL1500_.jpg\",\"contentUrl\":\"https:\\\/\\\/easyliferobo.com\\\/de\\\/wp-content\\\/uploads\\\/2026\\\/02\\\/71anai06zHL._AC_SL1500_.jpg\",\"width\":1429,\"height\":1457},{\"@type\":\"BreadcrumbList\",\"@id\":\"https:\\\/\\\/easyliferobo.com\\\/de\\\/product\\\/fafeicy-fensterputzroboter-intelligentes-leistungsstarkes-2800-pa-saugwasserspruehsystem-3-reinigungsmodi-automatische-eckenerkennung-fuer-das-home-office-weisses-abs-1161-x-571-eu-stecker\\\/#breadcrumb\",\"itemListElement\":[{\"@type\":\"ListItem\",\"position\":1,\"name\":\"Home\",\"item\":\"https:\\\/\\\/easyliferobo.com\\\/de\\\/\"},{\"@type\":\"ListItem\",\"position\":2,\"name\":\"Shop\",\"item\":\"https:\\\/\\\/easyliferobo.com\\\/de\\\/shop\\\/\"},{\"@type\":\"ListItem\",\"position\":3,\"name\":\"Fafeicy Fensterputzroboter, intelli...\"}]},{\"@type\":\"WebSite\",\"@id\":\"https:\\\/\\\/easyliferobo.com\\\/de\\\/#website\",\"url\":\"https:\\\/\\\/easyliferobo.com\\\/de\\\/\",\"name\":\"EasyLifeBro\",\"description\":\"Smarte Roboter f\u00fcr Zuhause, Garten &amp; Bildung\",\"publisher\":{\"@id\":\"https:\\\/\\\/easyliferobo.com\\\/de\\\/#organization\"},\"potentialAction\":[{\"@type\":\"SearchAction\",\"target\":{\"@type\":\"EntryPoint\",\"urlTemplate\":\"https:\\\/\\\/easyliferobo.com\\\/de\\\/?s={search_term_string}\"},\"query-input\":{\"@type\":\"PropertyValueSpecification\",\"valueRequired\":true,\"valueName\":\"search_term_string\"}}],\"inLanguage\":\"de\"},{\"@type\":\"Organization\",\"@id\":\"https:\\\/\\\/easyliferobo.com\\\/de\\\/#organization\",\"name\":\"EasyLifeBro\",\"url\":\"https:\\\/\\\/easyliferobo.com\\\/de\\\/\",\"logo\":{\"@type\":\"ImageObject\",\"inLanguage\":\"de\",\"@id\":\"https:\\\/\\\/easyliferobo.com\\\/de\\\/#\\\/schema\\\/logo\\\/image\\\/\",\"url\":\"https:\\\/\\\/easyliferobo.com\\\/de\\\/wp-content\\\/uploads\\\/2026\\\/02\\\/Screenshot-2026-02-22-at-2.25.03-PM.png\",\"contentUrl\":\"https:\\\/\\\/easyliferobo.com\\\/de\\\/wp-content\\\/uploads\\\/2026\\\/02\\\/Screenshot-2026-02-22-at-2.25.03-PM.png\",\"width\":1858,\"height\":430,\"caption\":\"EasyLifeBro\"},\"image\":{\"@id\":\"https:\\\/\\\/easyliferobo.com\\\/de\\\/#\\\/schema\\\/logo\\\/image\\\/\"}}]}<\/script>\n<!-- \/ Yoast SEO plugin. -->","yoast_head_json":{"title":"Fafeicy Fensterputzroboter, intelligentes, leistungsstarkes 2800-PA-Saugwasserspr\u00fchsystem, 3 Reinigungsmodi, automatische Eckenerkennung f\u00fcr das Home Office, wei\u00dfes ABS, 11,61 x 5,71 (EU-Stecker) - EasyLifeBro","description":"Entdecken Sie smarte Roboter f\u00fcr Zuhause, Garten, Bildung und Sicherheit. Vergleichen Sie Saugroboter, Rasenm\u00e4hroboter, KI-Begleitroboter und mehr bei EasyLifeRobo.","robots":{"index":"index","follow":"follow","max-snippet":"max-snippet:-1","max-image-preview":"max-image-preview:large","max-video-preview":"max-video-preview:-1"},"canonical":"https:\/\/easyliferobo.com\/de\/product\/fafeicy-fensterputzroboter-intelligentes-leistungsstarkes-2800-pa-saugwasserspruehsystem-3-reinigungsmodi-automatische-eckenerkennung-fuer-das-home-office-weisses-abs-1161-x-571-eu-stecker\/","og_locale":"de_DE","og_type":"article","og_title":"Fafeicy Fensterputzroboter, intelligentes, leistungsstarkes 2800-PA-Saugwasserspr\u00fchsystem, 3 Reinigungsmodi, automatische Eckenerkennung f\u00fcr das Home Office, wei\u00dfes ABS, 11,61 x 5,71 (EU-Stecker) - EasyLifeBro","og_description":"Entdecken Sie smarte Roboter f\u00fcr Zuhause, Garten, Bildung und Sicherheit. Vergleichen Sie Saugroboter, Rasenm\u00e4hroboter, KI-Begleitroboter und mehr bei EasyLifeRobo.","og_url":"https:\/\/easyliferobo.com\/de\/product\/fafeicy-fensterputzroboter-intelligentes-leistungsstarkes-2800-pa-saugwasserspruehsystem-3-reinigungsmodi-automatische-eckenerkennung-fuer-das-home-office-weisses-abs-1161-x-571-eu-stecker\/","og_site_name":"EasyLifeBro","article_modified_time":"2026-02-27T06:53:58+00:00","twitter_card":"summary_large_image","twitter_misc":{"Gesch\u00e4tzte Lesezeit":"2\u00a0Minuten"},"schema":{"@context":"https:\/\/schema.org","@graph":[{"@type":"WebPage","@id":"https:\/\/easyliferobo.com\/de\/product\/fafeicy-fensterputzroboter-intelligentes-leistungsstarkes-2800-pa-saugwasserspruehsystem-3-reinigungsmodi-automatische-eckenerkennung-fuer-das-home-office-weisses-abs-1161-x-571-eu-stecker\/","url":"https:\/\/easyliferobo.com\/de\/product\/fafeicy-fensterputzroboter-intelligentes-leistungsstarkes-2800-pa-saugwasserspruehsystem-3-reinigungsmodi-automatische-eckenerkennung-fuer-das-home-office-weisses-abs-1161-x-571-eu-stecker\/","name":"Fafeicy Fensterputzroboter, intelligentes, leistungsstarkes 2800-PA-Saugwasserspr\u00fchsystem, 3 Reinigungsmodi, automatische Eckenerkennung f\u00fcr das Home Office, wei\u00dfes ABS, 11,61 x 5,71 (EU-Stecker) - EasyLifeBro","isPartOf":{"@id":"https:\/\/easyliferobo.com\/de\/#website"},"primaryImageOfPage":{"@id":"https:\/\/easyliferobo.com\/de\/product\/fafeicy-fensterputzroboter-intelligentes-leistungsstarkes-2800-pa-saugwasserspruehsystem-3-reinigungsmodi-automatische-eckenerkennung-fuer-das-home-office-weisses-abs-1161-x-571-eu-stecker\/#primaryimage"},"image":{"@id":"https:\/\/easyliferobo.com\/de\/product\/fafeicy-fensterputzroboter-intelligentes-leistungsstarkes-2800-pa-saugwasserspruehsystem-3-reinigungsmodi-automatische-eckenerkennung-fuer-das-home-office-weisses-abs-1161-x-571-eu-stecker\/#primaryimage"},"thumbnailUrl":"https:\/\/easyliferobo.com\/de\/wp-content\/uploads\/2026\/02\/71anai06zHL._AC_SL1500_.jpg","datePublished":"2026-02-27T06:53:40+00:00","dateModified":"2026-02-27T06:53:58+00:00","description":"Entdecken Sie smarte Roboter f\u00fcr Zuhause, Garten, Bildung und Sicherheit. Vergleichen Sie Saugroboter, Rasenm\u00e4hroboter, KI-Begleitroboter und mehr bei EasyLifeRobo.","breadcrumb":{"@id":"https:\/\/easyliferobo.com\/de\/product\/fafeicy-fensterputzroboter-intelligentes-leistungsstarkes-2800-pa-saugwasserspruehsystem-3-reinigungsmodi-automatische-eckenerkennung-fuer-das-home-office-weisses-abs-1161-x-571-eu-stecker\/#breadcrumb"},"inLanguage":"de","potentialAction":[{"@type":"ReadAction","target":["https:\/\/easyliferobo.com\/de\/product\/fafeicy-fensterputzroboter-intelligentes-leistungsstarkes-2800-pa-saugwasserspruehsystem-3-reinigungsmodi-automatische-eckenerkennung-fuer-das-home-office-weisses-abs-1161-x-571-eu-stecker\/"]}]},{"@type":"ImageObject","inLanguage":"de","@id":"https:\/\/easyliferobo.com\/de\/product\/fafeicy-fensterputzroboter-intelligentes-leistungsstarkes-2800-pa-saugwasserspruehsystem-3-reinigungsmodi-automatische-eckenerkennung-fuer-das-home-office-weisses-abs-1161-x-571-eu-stecker\/#primaryimage","url":"https:\/\/easyliferobo.com\/de\/wp-content\/uploads\/2026\/02\/71anai06zHL._AC_SL1500_.jpg","contentUrl":"https:\/\/easyliferobo.com\/de\/wp-content\/uploads\/2026\/02\/71anai06zHL._AC_SL1500_.jpg","width":1429,"height":1457},{"@type":"BreadcrumbList","@id":"https:\/\/easyliferobo.com\/de\/product\/fafeicy-fensterputzroboter-intelligentes-leistungsstarkes-2800-pa-saugwasserspruehsystem-3-reinigungsmodi-automatische-eckenerkennung-fuer-das-home-office-weisses-abs-1161-x-571-eu-stecker\/#breadcrumb","itemListElement":[{"@type":"ListItem","position":1,"name":"Home","item":"https:\/\/easyliferobo.com\/de\/"},{"@type":"ListItem","position":2,"name":"Shop","item":"https:\/\/easyliferobo.com\/de\/shop\/"},{"@type":"ListItem","position":3,"name":"Fafeicy Fensterputzroboter, intelli..."}]},{"@type":"WebSite","@id":"https:\/\/easyliferobo.com\/de\/#website","url":"https:\/\/easyliferobo.com\/de\/","name":"EasyLifeBro","description":"Smarte Roboter f\u00fcr Zuhause, Garten &amp; Bildung","publisher":{"@id":"https:\/\/easyliferobo.com\/de\/#organization"},"potentialAction":[{"@type":"SearchAction","target":{"@type":"EntryPoint","urlTemplate":"https:\/\/easyliferobo.com\/de\/?s={search_term_string}"},"query-input":{"@type":"PropertyValueSpecification","valueRequired":true,"valueName":"search_term_string"}}],"inLanguage":"de"},{"@type":"Organization","@id":"https:\/\/easyliferobo.com\/de\/#organization","name":"EasyLifeBro","url":"https:\/\/easyliferobo.com\/de\/","logo":{"@type":"ImageObject","inLanguage":"de","@id":"https:\/\/easyliferobo.com\/de\/#\/schema\/logo\/image\/","url":"https:\/\/easyliferobo.com\/de\/wp-content\/uploads\/2026\/02\/Screenshot-2026-02-22-at-2.25.03-PM.png","contentUrl":"https:\/\/easyliferobo.com\/de\/wp-content\/uploads\/2026\/02\/Screenshot-2026-02-22-at-2.25.03-PM.png","width":1858,"height":430,"caption":"EasyLifeBro"},"image":{"@id":"https:\/\/easyliferobo.com\/de\/#\/schema\/logo\/image\/"}}]}},"_links":{"self":[{"href":"https:\/\/easyliferobo.com\/de\/wp-json\/wp\/v2\/product\/3405","targetHints":{"allow":["GET"]}}],"collection":[{"href":"https:\/\/easyliferobo.com\/de\/wp-json\/wp\/v2\/product"}],"about":[{"href":"https:\/\/easyliferobo.com\/de\/wp-json\/wp\/v2\/types\/product"}],"replies":[{"embeddable":true,"href":"https:\/\/easyliferobo.com\/de\/wp-json\/wp\/v2\/comments?post=3405"}],"wp:featuredmedia":[{"embeddable":true,"href":"https:\/\/easyliferobo.com\/de\/wp-json\/wp\/v2\/media\/3406"}],"wp:attachment":[{"href":"https:\/\/easyliferobo.com\/de\/wp-json\/wp\/v2\/media?parent=3405"}],"wp:term":[{"taxonomy":"store","embeddable":true,"href":"https:\/\/easyliferobo.com\/de\/wp-json\/wp\/v2\/store?post=3405"},{"taxonomy":"product_brand","embeddable":true,"href":"https:\/\/easyliferobo.com\/de\/wp-json\/wp\/v2\/product_brand?post=3405"},{"taxonomy":"product_cat","embeddable":true,"href":"https:\/\/easyliferobo.com\/de\/wp-json\/wp\/v2\/product_cat?post=3405"},{"taxonomy":"product_tag","embeddable":true,"href":"https:\/\/easyliferobo.com\/de\/wp-json\/wp\/v2\/product_tag?post=3405"}],"curies":[{"name":"wp","href":"https:\/\/api.w.org\/{rel}","templated":true}]}}