
{"id":3395,"date":"2026-02-27T06:52:32","date_gmt":"2026-02-27T06:52:32","guid":{"rendered":"https:\/\/easyliferobo.com\/de\/product\/eufy-c10-saugroboter-mit-automatischer-saugstation-73-cm-ultraflaches-design-teppichreinigung-ausziehbare-seitenbuerste-fuer-ecken-automatische-entleerung-punktlaser-infrarot-navigation\/"},"modified":"2026-02-27T06:52:47","modified_gmt":"2026-02-27T06:52:47","slug":"eufy-c10-saugroboter-mit-automatischer-saugstation-73-cm-ultraflaches-design-teppichreinigung-ausziehbare-seitenbuerste-fuer-ecken-automatische-entleerung-punktlaser-infrarot-navigation","status":"publish","type":"product","link":"https:\/\/easyliferobo.com\/de\/product\/eufy-c10-saugroboter-mit-automatischer-saugstation-73-cm-ultraflaches-design-teppichreinigung-ausziehbare-seitenbuerste-fuer-ecken-automatische-entleerung-punktlaser-infrarot-navigation\/","title":{"rendered":"eufy C10 Saugroboter mit automatisc..."},"content":{"rendered":"<p>\n                                             Produktbeschreibung   <\/p>\n<p>                                                                                                       <img decoding=\"async\" alt=\"Roboter-Staubsauger mit elegantem grauem Design. Zu den Funktionen geh\u00f6ren eine automatische Entleerung nach 60 Tagen, eine innovative Eckreinigung und eine starke Saugkraft. Das Bild zeigt das Ger\u00e4t in Wohnzimmereinstellung\" src=\"https:\/\/images-na.ssl-images-amazon.com\/images\/G\/01\/x-locale\/common\/grey-pixel.gif\" class=\"a-lazy-loaded\" data-src=\"https:\/\/m.media-amazon.com\/images\/S\/aplus-media-library-service-media\/792860e1-1697-4bcf-842f-bbb7fe62bc91.__CR0,0,1464,600_PT0_SX1464_V1___.jpg\"><img decoding=\"async\" alt=\"Roboter-Staubsauger mit elegantem grauem Design. Zu den Funktionen geh\u00f6ren eine automatische Entleerung nach 60 Tagen, eine innovative Eckreinigung und eine starke Saugkraft. Das Bild zeigt das Ger\u00e4t in Wohnzimmereinstellung\" src=\"https:\/\/m.media-amazon.com\/images\/S\/aplus-media-library-service-media\/792860e1-1697-4bcf-842f-bbb7fe62bc91.__CR0,0,1464,600_PT0_SX1464_V1___.jpg\">                                               <\/p>\n<p>                                                                                                              <img decoding=\"async\" alt=\"Kompakter grauer Roboterstaubsauger mit Ladestation. Zu den aufgef\u00fchrten Produktmerkmalen geh\u00f6ren systematische Reinigung, automatische Schmutzerkennung und pr\u00e4zise Navigation f\u00fcr eine effiziente Hausreinigung\" src=\"https:\/\/m.media-amazon.com\/images\/S\/aplus-media-library-service-media\/3f3441f9-90ba-45f1-9ddb-5fadac5fbe31.__CR0,0,1464,600_PT0_SX1464_V1___.jpg\">                                                    <img decoding=\"async\" alt=\"Runder Roboterstaubsauger auf Holzboden mit verstreuten Tr\u00fcmmern. Der Text hebt die Saugkraft von 4.000 Pa hervor. Die Symbole zeigen, dass es Haare, Kr\u00fcmel und Staub reinigt\" src=\"https:\/\/m.media-amazon.com\/images\/S\/aplus-media-library-service-media\/34d54ee5-fa26-491c-8654-4ca4feb5e1f2.__CR0,0,1464,600_PT0_SX1464_V1___.jpg\"><br \/>\n                            1 Neues Upgrade 2 4.000 Saugkraft <\/p>\n<p>                                                                                                                <img decoding=\"async\" alt=\"Schlanker Roboterstaubsauger, der unter K\u00fcchenschr\u00e4nken funktioniert. Das Ger\u00e4t hat ein flaches Design f\u00fcr den Zugang zu engen R\u00e4umen. Der Text hebt die maximale Reinigungsleistung hervor.\" src=\"https:\/\/m.media-amazon.com\/images\/S\/aplus-media-library-service-media\/7f97611c-e416-42e4-9b02-3bc230e66151.__CR0,0,1464,600_PT0_SX1464_V1___.jpg\">                                                    <img decoding=\"async\" alt=\"Grauer Roboterstaubsauger, teilweise sichtbar unter Holzm\u00f6beln. Im Text auf Deutsch wird bis zur letzten Ecke geputzt. Das Ger\u00e4t sieht schlank aus und hat eine abgerundete Form.\" src=\"https:\/\/m.media-amazon.com\/images\/S\/aplus-media-library-service-media\/b9c96a60-769c-4936-81fc-4240736802ae.__CR0,0,1464,600_PT0_SX1464_V1___.jpg\">                                                    <img decoding=\"async\" alt=\"Roboterstaubsauger auf Hartholzboden in der N\u00e4he des Bettes mit schlafender Person. Die Texteinmischung auf Deutsch beschreibt den leisen Betrieb und die Reinigungseffizienz\" src=\"https:\/\/m.media-amazon.com\/images\/S\/aplus-media-library-service-media\/8a31fe55-802d-4fa1-be16-38caeb740d39.__CR0,0,1464,600_PT0_SX1464_V1___.jpg\"><br \/>\n                            1 7,2 cm Ultraschlank 2 CornerRover Arm 3 Leise Reinigung <\/p>\n<p>                                                                                                              <img decoding=\"async\" alt=\"Kompakter schwarzer Roboterstaubsauger mit Digitalanzeige \u201e60 TAGE\u201c. Das Ger\u00e4t steht auf einem Holzboden in der N\u00e4he einer wei\u00dfen Fu\u00dfleiste und verf\u00fcgt \u00fcber eine automatische Entleerungsfunktion\" src=\"https:\/\/m.media-amazon.com\/images\/S\/aplus-media-library-service-media\/32917094-5dd5-4cd2-acc3-2efdc817a36a.__CR0,0,1464,600_PT0_SX1464_V1___.jpg\">                                                    <img decoding=\"async\" alt=\"Roboter-Staubsauger auf Teppich neben Hund. Rundes Ger\u00e4t mit sichtbaren B\u00fcrsten. Das eingef\u00fcgte Bild zeigt die \u201ePro-Detangle-KAMM\u201c-Funktion. Der deutsche Text betont\" src=\"https:\/\/m.media-amazon.com\/images\/S\/aplus-media-library-service-media\/83245611-dd35-4b83-bbc1-ef7b9eaa6c78.__CR0,0,1464,600_PT0_SX1464_V1___.jpg\"><br \/>\n                            1 Automatische Entleerung 2 Auto-Entwurffunktion <\/p>\n<p>                                                                                                                    <img decoding=\"async\" alt=\"Smartphone-Bildschirm mit dem Eufy-Logo. Der nebenstehende Text listet intelligente Reinigungsfunktionen auf: Kartenerwollung, Reinigung nach Zeitplan, No-Go-Zonen, Mehrmalige Reinigung, Saugleistung,\" src=\"https:\/\/m.media-amazon.com\/images\/S\/aplus-media-library-service-media\/d7b9a2f1-f60e-4feb-a7a7-437e239b79fd.__CR0,0,1464,600_PT0_SX1464_V1___.jpg\">                                                    <img decoding=\"async\" alt=\"Smartphone in der Hand mit farbenfroher App-Oberfl\u00e4che mit Balkendiagrammen. Der deutsche Text oben weist auf eine vielschichtige, m\u00fchelose Datenorganisationsfunktion hin\" src=\"https:\/\/m.media-amazon.com\/images\/S\/aplus-media-library-service-media\/64e94e43-d156-491f-8fe5-3e0f7578e4df.__CR0,0,1464,600_PT0_SX1464_V1___.jpg\">                                                    <img decoding=\"async\" alt=\"Zusammengesetztes Bild, das einen Roboterstaubsauger in einer K\u00fcche und einem Schlafzimmer zeigt, auf dem ein Smartphone eine Reinigungs-App-Oberfl\u00e4che angezeigt wird. Der Staubsauger scheint anpassbare Reinigungsmodi f\u00fcr verschiedene R\u00e4ume zu bieten\" src=\"https:\/\/m.media-amazon.com\/images\/S\/aplus-media-library-service-media\/eaf67597-e0fe-4ee2-aaf2-ff63a7c1ac27.__CR0,0,1464,600_PT0_SX1464_V1___.jpg\">                                                    <img decoding=\"async\" alt=\"Roboter-Staubsauger auf Holzboden neben Teppich. Das Smartphone zeigt den Grundriss an. Texteinblendung auf Deutsch. Die Laserprojektion des Ger\u00e4ts weist auf erweiterte Navigationsfunktionen hin\" src=\"https:\/\/m.media-amazon.com\/images\/S\/aplus-media-library-service-media\/c3a3952d-1bac-4041-8ded-2fab228c3478.__CR0,0,1464,600_PT0_SX1464_V1___.jpg\">                                                    <img decoding=\"async\" alt=\"Roboter-Staubsauger auf dem Boden mit digitalem Overlay, auf dem eine Sperrzone zu sehen ist. Wohnzimmereinrichtung mit Person auf der Couch im Hintergrund. Der Text erw\u00e4hnt kluge Empfehlungen f\u00fcr Sperrzonen\" src=\"https:\/\/m.media-amazon.com\/images\/S\/aplus-media-library-service-media\/283cf667-bff9-492a-963f-b5c32ab4fee4.__CR0,0,1464,600_PT0_SX1464_V1___.jpg\"><br \/>\n                            1 Erweiterte App-Steuerung 2 Kartenverwaltung 3 Individuelle Reinigung 4 Pr\u00e4zise Navigation 5 No-Go-Zone <\/p>\n<p>                                                                                                                    <img decoding=\"async\" alt=\"Bild mit vier Panels, das die Funktionen des Roboterstaubsaugers zeigt: einstellbare Saugleistung, automatische Wiederaufnahme des Ladevorgangs, 20 mm Hindernisabstand und 120 Minuten Laufzeit. Demonstriert die Bodenreinigungs\" src=\"https:\/\/m.media-amazon.com\/images\/S\/aplus-media-library-service-media\/e0528bbb-bbc8-471a-8c54-13bad9d5da03.__CR0,0,1464,600_PT0_SX1464_V1___.jpg\">                                                    <img decoding=\"async\" alt=\"Zwei graue zylindrische Ger\u00e4te auf einer Holzoberfl\u00e4che. Das gr\u00f6\u00dfere ist 270 mm hoch, w\u00e4hrend das kleinere 96 mm hoch ist. Die Abmessungen f\u00fcr beide sind in deutschem Text angegeben\" src=\"https:\/\/m.media-amazon.com\/images\/S\/aplus-media-library-service-media\/058200c2-f55f-461f-8549-8d574bfdd3d8.__CR0,0,1464,600_PT0_SX1464_V1___.jpg\">                                                    <img decoding=\"async\" alt=\"Roboter-Staubsauger-Kit inklusive Ladestation, Vakuumeinheit, Fernbedienung und Dokumentation. Deutscher Text \u201eLieferumfang\u201c sichtbar mit nummerierter Komponentenliste\" src=\"https:\/\/m.media-amazon.com\/images\/S\/aplus-media-library-service-media\/28587130-4bb0-4af3-b460-95104b71630c.__CR0,0,1464,600_PT0_SX1464_V1___.jpg\">                                                    <img decoding=\"async\" alt=\"Aplus-Inhaltsbild\" src=\"https:\/\/m.media-amazon.com\/images\/S\/aplus-media-library-service-media\/03812146-8bb7-4827-b3c3-4aaa22755cd3.__CR0,0,1464,600_PT0_SX1464_V1___.jpg\">                                                    <img decoding=\"async\" alt=\"Aplus-Inhaltsbild\" src=\"https:\/\/m.media-amazon.com\/images\/S\/aplus-media-library-service-media\/32f480c3-48aa-42ca-86bf-3c6636e67886.__CR0,0,1464,600_PT0_SX1464_V1___.jpg\"><br \/>\n                            1 Weitere Funktionen 2 Abmessungen 3 Lieferumfang 4 FAQs 5 FAQs <\/p>\n<p>Ultraflaches Design: Mit einer H\u00f6he von nur 7,3 cm gleitet der C10 m\u00fchelos unter Betten, Schr\u00e4nken und anderen M\u00f6beln. Dadurch erreicht es auch schwer zug\u00e4ngliche Stellen und reduziert den Aufwand f\u00fcr die manuelle Reinigung.<br \/>Starke Saugkraft f\u00fcr Tierhaare und mehr: Die 4.000 Pa Saugkraft und die Walzenb\u00fcrste entfernen zuverl\u00e4ssig Tierhaare, Schmutz und Kr\u00fcmel. * *Die Leistung kann je nach Bodenart und Verschmutzungsgrad variieren.<br \/>Gr\u00fcndliche Reinigung bis in die Ecken: Die ausziehbare Seitenb\u00fcrste erreicht Ecken und Kanten und sorgt so f\u00fcr eine optimale Reinigungswirkung.<br \/>Automatische Absaugstation: Der C10 entleert seinen Staubbeh\u00e4lter vollautomatisch in den gro\u00dfz\u00fcgigen 3-Liter-Staubbeutel der Station, der nur alle 60 Tage gewechselt werden muss.<br \/>Pr\u00e4zise Navigation mit smarter Technik: Dank Punktlaser und Multi-Infrarot-Technologie navigiert der C10 effizient, umgeht Hindernisse und sorgt selbstst\u00e4ndig f\u00fcr eine gr\u00fcndliche Reinigung.<\/p>\n<p>[ad_2]<\/p>\n","protected":false},"excerpt":{"rendered":"<p>Produktbeschreibung 1 Neues Upgrade 2 4.000 Saugkraft 1 7,2 cm Ultraschlank 2 CornerRover Arm 3 Leise Reinigung 1 Automatische Entleerung 2 Auto-Entwurffunktion 1 Erweiterte App-Steuerung 2 Kartenverwaltung 3 Individuelle Reinigung 4 Pr\u00e4zise Navigation 5 No-Go-Zone 1 Weitere Funktionen 2 Abmessungen 3 Lieferumfang 4 FAQs 5 FAQs Ultraflaches Design: Mit einer H\u00f6he von nur 7,3 cm [&hellip;]<\/p>\n","protected":false},"featured_media":3396,"comment_status":"open","ping_status":"closed","template":"","meta":{"_aipt_faq_data":""},"store":[],"product_brand":[185],"product_cat":[72],"product_tag":[305],"class_list":{"0":"post-3395","1":"product","2":"type-product","3":"status-publish","4":"has-post-thumbnail","6":"product_brand-eufy","7":"product_cat-saugroboter","8":"product_tag-saugroboter-leise-und-effizient","10":"first","11":"instock","12":"sale","13":"shipping-taxable","14":"product-type-external"},"yoast_head":"<!-- This site is optimized with the Yoast SEO plugin v27.4 - https:\/\/yoast.com\/product\/yoast-seo-wordpress\/ -->\n<title>eufy C10 Saugroboter mit automatischer Saugstation, 7,3 cm ultraflaches Design, Teppichreinigung, ausziehbare Seitenb\u00fcrste f\u00fcr Ecken, automatische Entleerung, Punktlaser &amp; Infrarot-Navigation - EasyLifeBro<\/title>\n<meta name=\"description\" content=\"Entdecken Sie smarte Roboter f\u00fcr Zuhause, Garten, Bildung und Sicherheit. Vergleichen Sie Saugroboter, Rasenm\u00e4hroboter, KI-Begleitroboter und mehr bei EasyLifeRobo.\" \/>\n<meta name=\"robots\" content=\"index, follow, max-snippet:-1, max-image-preview:large, max-video-preview:-1\" \/>\n<link rel=\"canonical\" href=\"https:\/\/easyliferobo.com\/de\/product\/eufy-c10-saugroboter-mit-automatischer-saugstation-73-cm-ultraflaches-design-teppichreinigung-ausziehbare-seitenbuerste-fuer-ecken-automatische-entleerung-punktlaser-infrarot-navigation\/\" \/>\n<meta property=\"og:locale\" content=\"de_DE\" \/>\n<meta property=\"og:type\" content=\"article\" \/>\n<meta property=\"og:title\" content=\"eufy C10 Saugroboter mit automatischer Saugstation, 7,3 cm ultraflaches Design, Teppichreinigung, ausziehbare Seitenb\u00fcrste f\u00fcr Ecken, automatische Entleerung, Punktlaser &amp; Infrarot-Navigation - EasyLifeBro\" \/>\n<meta property=\"og:description\" content=\"Entdecken Sie smarte Roboter f\u00fcr Zuhause, Garten, Bildung und Sicherheit. Vergleichen Sie Saugroboter, Rasenm\u00e4hroboter, KI-Begleitroboter und mehr bei EasyLifeRobo.\" \/>\n<meta property=\"og:url\" content=\"https:\/\/easyliferobo.com\/de\/product\/eufy-c10-saugroboter-mit-automatischer-saugstation-73-cm-ultraflaches-design-teppichreinigung-ausziehbare-seitenbuerste-fuer-ecken-automatische-entleerung-punktlaser-infrarot-navigation\/\" \/>\n<meta property=\"og:site_name\" content=\"EasyLifeBro\" \/>\n<meta property=\"article:modified_time\" content=\"2026-02-27T06:52:47+00:00\" \/>\n<meta property=\"og:image\" content=\"https:\/\/images-na.ssl-images-amazon.com\/images\/G\/01\/x-locale\/common\/grey-pixel.gif\" \/>\n<meta name=\"twitter:card\" content=\"summary_large_image\" \/>\n<meta name=\"twitter:label1\" content=\"Gesch\u00e4tzte Lesezeit\" \/>\n\t<meta name=\"twitter:data1\" content=\"1\u00a0Minute\" \/>\n<script type=\"application\/ld+json\" class=\"yoast-schema-graph\">{\"@context\":\"https:\\\/\\\/schema.org\",\"@graph\":[{\"@type\":\"WebPage\",\"@id\":\"https:\\\/\\\/easyliferobo.com\\\/de\\\/product\\\/eufy-c10-saugroboter-mit-automatischer-saugstation-73-cm-ultraflaches-design-teppichreinigung-ausziehbare-seitenbuerste-fuer-ecken-automatische-entleerung-punktlaser-infrarot-navigation\\\/\",\"url\":\"https:\\\/\\\/easyliferobo.com\\\/de\\\/product\\\/eufy-c10-saugroboter-mit-automatischer-saugstation-73-cm-ultraflaches-design-teppichreinigung-ausziehbare-seitenbuerste-fuer-ecken-automatische-entleerung-punktlaser-infrarot-navigation\\\/\",\"name\":\"eufy C10 Saugroboter mit automatischer Saugstation, 7,3 cm ultraflaches Design, Teppichreinigung, ausziehbare Seitenb\u00fcrste f\u00fcr Ecken, automatische Entleerung, Punktlaser & Infrarot-Navigation - EasyLifeBro\",\"isPartOf\":{\"@id\":\"https:\\\/\\\/easyliferobo.com\\\/de\\\/#website\"},\"primaryImageOfPage\":{\"@id\":\"https:\\\/\\\/easyliferobo.com\\\/de\\\/product\\\/eufy-c10-saugroboter-mit-automatischer-saugstation-73-cm-ultraflaches-design-teppichreinigung-ausziehbare-seitenbuerste-fuer-ecken-automatische-entleerung-punktlaser-infrarot-navigation\\\/#primaryimage\"},\"image\":{\"@id\":\"https:\\\/\\\/easyliferobo.com\\\/de\\\/product\\\/eufy-c10-saugroboter-mit-automatischer-saugstation-73-cm-ultraflaches-design-teppichreinigung-ausziehbare-seitenbuerste-fuer-ecken-automatische-entleerung-punktlaser-infrarot-navigation\\\/#primaryimage\"},\"thumbnailUrl\":\"https:\\\/\\\/easyliferobo.com\\\/de\\\/wp-content\\\/uploads\\\/2026\\\/02\\\/61KSD1j4SVL._AC_SL1500_.jpg\",\"datePublished\":\"2026-02-27T06:52:32+00:00\",\"dateModified\":\"2026-02-27T06:52:47+00:00\",\"description\":\"Entdecken Sie smarte Roboter f\u00fcr Zuhause, Garten, Bildung und Sicherheit. Vergleichen Sie Saugroboter, Rasenm\u00e4hroboter, KI-Begleitroboter und mehr bei EasyLifeRobo.\",\"breadcrumb\":{\"@id\":\"https:\\\/\\\/easyliferobo.com\\\/de\\\/product\\\/eufy-c10-saugroboter-mit-automatischer-saugstation-73-cm-ultraflaches-design-teppichreinigung-ausziehbare-seitenbuerste-fuer-ecken-automatische-entleerung-punktlaser-infrarot-navigation\\\/#breadcrumb\"},\"inLanguage\":\"de\",\"potentialAction\":[{\"@type\":\"ReadAction\",\"target\":[\"https:\\\/\\\/easyliferobo.com\\\/de\\\/product\\\/eufy-c10-saugroboter-mit-automatischer-saugstation-73-cm-ultraflaches-design-teppichreinigung-ausziehbare-seitenbuerste-fuer-ecken-automatische-entleerung-punktlaser-infrarot-navigation\\\/\"]}]},{\"@type\":\"ImageObject\",\"inLanguage\":\"de\",\"@id\":\"https:\\\/\\\/easyliferobo.com\\\/de\\\/product\\\/eufy-c10-saugroboter-mit-automatischer-saugstation-73-cm-ultraflaches-design-teppichreinigung-ausziehbare-seitenbuerste-fuer-ecken-automatische-entleerung-punktlaser-infrarot-navigation\\\/#primaryimage\",\"url\":\"https:\\\/\\\/easyliferobo.com\\\/de\\\/wp-content\\\/uploads\\\/2026\\\/02\\\/61KSD1j4SVL._AC_SL1500_.jpg\",\"contentUrl\":\"https:\\\/\\\/easyliferobo.com\\\/de\\\/wp-content\\\/uploads\\\/2026\\\/02\\\/61KSD1j4SVL._AC_SL1500_.jpg\",\"width\":1419,\"height\":1287},{\"@type\":\"BreadcrumbList\",\"@id\":\"https:\\\/\\\/easyliferobo.com\\\/de\\\/product\\\/eufy-c10-saugroboter-mit-automatischer-saugstation-73-cm-ultraflaches-design-teppichreinigung-ausziehbare-seitenbuerste-fuer-ecken-automatische-entleerung-punktlaser-infrarot-navigation\\\/#breadcrumb\",\"itemListElement\":[{\"@type\":\"ListItem\",\"position\":1,\"name\":\"Home\",\"item\":\"https:\\\/\\\/easyliferobo.com\\\/de\\\/\"},{\"@type\":\"ListItem\",\"position\":2,\"name\":\"Shop\",\"item\":\"https:\\\/\\\/easyliferobo.com\\\/de\\\/shop\\\/\"},{\"@type\":\"ListItem\",\"position\":3,\"name\":\"eufy C10 Saugroboter mit automatisc...\"}]},{\"@type\":\"WebSite\",\"@id\":\"https:\\\/\\\/easyliferobo.com\\\/de\\\/#website\",\"url\":\"https:\\\/\\\/easyliferobo.com\\\/de\\\/\",\"name\":\"EasyLifeBro\",\"description\":\"Smarte Roboter f\u00fcr Zuhause, Garten &amp; Bildung\",\"publisher\":{\"@id\":\"https:\\\/\\\/easyliferobo.com\\\/de\\\/#organization\"},\"potentialAction\":[{\"@type\":\"SearchAction\",\"target\":{\"@type\":\"EntryPoint\",\"urlTemplate\":\"https:\\\/\\\/easyliferobo.com\\\/de\\\/?s={search_term_string}\"},\"query-input\":{\"@type\":\"PropertyValueSpecification\",\"valueRequired\":true,\"valueName\":\"search_term_string\"}}],\"inLanguage\":\"de\"},{\"@type\":\"Organization\",\"@id\":\"https:\\\/\\\/easyliferobo.com\\\/de\\\/#organization\",\"name\":\"EasyLifeBro\",\"url\":\"https:\\\/\\\/easyliferobo.com\\\/de\\\/\",\"logo\":{\"@type\":\"ImageObject\",\"inLanguage\":\"de\",\"@id\":\"https:\\\/\\\/easyliferobo.com\\\/de\\\/#\\\/schema\\\/logo\\\/image\\\/\",\"url\":\"https:\\\/\\\/easyliferobo.com\\\/de\\\/wp-content\\\/uploads\\\/2026\\\/02\\\/Screenshot-2026-02-22-at-2.25.03-PM.png\",\"contentUrl\":\"https:\\\/\\\/easyliferobo.com\\\/de\\\/wp-content\\\/uploads\\\/2026\\\/02\\\/Screenshot-2026-02-22-at-2.25.03-PM.png\",\"width\":1858,\"height\":430,\"caption\":\"EasyLifeBro\"},\"image\":{\"@id\":\"https:\\\/\\\/easyliferobo.com\\\/de\\\/#\\\/schema\\\/logo\\\/image\\\/\"}}]}<\/script>\n<!-- \/ Yoast SEO plugin. -->","yoast_head_json":{"title":"eufy C10 Saugroboter mit automatischer Saugstation, 7,3 cm ultraflaches Design, Teppichreinigung, ausziehbare Seitenb\u00fcrste f\u00fcr Ecken, automatische Entleerung, Punktlaser & Infrarot-Navigation - EasyLifeBro","description":"Entdecken Sie smarte Roboter f\u00fcr Zuhause, Garten, Bildung und Sicherheit. Vergleichen Sie Saugroboter, Rasenm\u00e4hroboter, KI-Begleitroboter und mehr bei EasyLifeRobo.","robots":{"index":"index","follow":"follow","max-snippet":"max-snippet:-1","max-image-preview":"max-image-preview:large","max-video-preview":"max-video-preview:-1"},"canonical":"https:\/\/easyliferobo.com\/de\/product\/eufy-c10-saugroboter-mit-automatischer-saugstation-73-cm-ultraflaches-design-teppichreinigung-ausziehbare-seitenbuerste-fuer-ecken-automatische-entleerung-punktlaser-infrarot-navigation\/","og_locale":"de_DE","og_type":"article","og_title":"eufy C10 Saugroboter mit automatischer Saugstation, 7,3 cm ultraflaches Design, Teppichreinigung, ausziehbare Seitenb\u00fcrste f\u00fcr Ecken, automatische Entleerung, Punktlaser & Infrarot-Navigation - EasyLifeBro","og_description":"Entdecken Sie smarte Roboter f\u00fcr Zuhause, Garten, Bildung und Sicherheit. Vergleichen Sie Saugroboter, Rasenm\u00e4hroboter, KI-Begleitroboter und mehr bei EasyLifeRobo.","og_url":"https:\/\/easyliferobo.com\/de\/product\/eufy-c10-saugroboter-mit-automatischer-saugstation-73-cm-ultraflaches-design-teppichreinigung-ausziehbare-seitenbuerste-fuer-ecken-automatische-entleerung-punktlaser-infrarot-navigation\/","og_site_name":"EasyLifeBro","article_modified_time":"2026-02-27T06:52:47+00:00","og_image":[{"url":"https:\/\/images-na.ssl-images-amazon.com\/images\/G\/01\/x-locale\/common\/grey-pixel.gif","type":"","width":"","height":""}],"twitter_card":"summary_large_image","twitter_misc":{"Gesch\u00e4tzte Lesezeit":"1\u00a0Minute"},"schema":{"@context":"https:\/\/schema.org","@graph":[{"@type":"WebPage","@id":"https:\/\/easyliferobo.com\/de\/product\/eufy-c10-saugroboter-mit-automatischer-saugstation-73-cm-ultraflaches-design-teppichreinigung-ausziehbare-seitenbuerste-fuer-ecken-automatische-entleerung-punktlaser-infrarot-navigation\/","url":"https:\/\/easyliferobo.com\/de\/product\/eufy-c10-saugroboter-mit-automatischer-saugstation-73-cm-ultraflaches-design-teppichreinigung-ausziehbare-seitenbuerste-fuer-ecken-automatische-entleerung-punktlaser-infrarot-navigation\/","name":"eufy C10 Saugroboter mit automatischer Saugstation, 7,3 cm ultraflaches Design, Teppichreinigung, ausziehbare Seitenb\u00fcrste f\u00fcr Ecken, automatische Entleerung, Punktlaser & Infrarot-Navigation - EasyLifeBro","isPartOf":{"@id":"https:\/\/easyliferobo.com\/de\/#website"},"primaryImageOfPage":{"@id":"https:\/\/easyliferobo.com\/de\/product\/eufy-c10-saugroboter-mit-automatischer-saugstation-73-cm-ultraflaches-design-teppichreinigung-ausziehbare-seitenbuerste-fuer-ecken-automatische-entleerung-punktlaser-infrarot-navigation\/#primaryimage"},"image":{"@id":"https:\/\/easyliferobo.com\/de\/product\/eufy-c10-saugroboter-mit-automatischer-saugstation-73-cm-ultraflaches-design-teppichreinigung-ausziehbare-seitenbuerste-fuer-ecken-automatische-entleerung-punktlaser-infrarot-navigation\/#primaryimage"},"thumbnailUrl":"https:\/\/easyliferobo.com\/de\/wp-content\/uploads\/2026\/02\/61KSD1j4SVL._AC_SL1500_.jpg","datePublished":"2026-02-27T06:52:32+00:00","dateModified":"2026-02-27T06:52:47+00:00","description":"Entdecken Sie smarte Roboter f\u00fcr Zuhause, Garten, Bildung und Sicherheit. Vergleichen Sie Saugroboter, Rasenm\u00e4hroboter, KI-Begleitroboter und mehr bei EasyLifeRobo.","breadcrumb":{"@id":"https:\/\/easyliferobo.com\/de\/product\/eufy-c10-saugroboter-mit-automatischer-saugstation-73-cm-ultraflaches-design-teppichreinigung-ausziehbare-seitenbuerste-fuer-ecken-automatische-entleerung-punktlaser-infrarot-navigation\/#breadcrumb"},"inLanguage":"de","potentialAction":[{"@type":"ReadAction","target":["https:\/\/easyliferobo.com\/de\/product\/eufy-c10-saugroboter-mit-automatischer-saugstation-73-cm-ultraflaches-design-teppichreinigung-ausziehbare-seitenbuerste-fuer-ecken-automatische-entleerung-punktlaser-infrarot-navigation\/"]}]},{"@type":"ImageObject","inLanguage":"de","@id":"https:\/\/easyliferobo.com\/de\/product\/eufy-c10-saugroboter-mit-automatischer-saugstation-73-cm-ultraflaches-design-teppichreinigung-ausziehbare-seitenbuerste-fuer-ecken-automatische-entleerung-punktlaser-infrarot-navigation\/#primaryimage","url":"https:\/\/easyliferobo.com\/de\/wp-content\/uploads\/2026\/02\/61KSD1j4SVL._AC_SL1500_.jpg","contentUrl":"https:\/\/easyliferobo.com\/de\/wp-content\/uploads\/2026\/02\/61KSD1j4SVL._AC_SL1500_.jpg","width":1419,"height":1287},{"@type":"BreadcrumbList","@id":"https:\/\/easyliferobo.com\/de\/product\/eufy-c10-saugroboter-mit-automatischer-saugstation-73-cm-ultraflaches-design-teppichreinigung-ausziehbare-seitenbuerste-fuer-ecken-automatische-entleerung-punktlaser-infrarot-navigation\/#breadcrumb","itemListElement":[{"@type":"ListItem","position":1,"name":"Home","item":"https:\/\/easyliferobo.com\/de\/"},{"@type":"ListItem","position":2,"name":"Shop","item":"https:\/\/easyliferobo.com\/de\/shop\/"},{"@type":"ListItem","position":3,"name":"eufy C10 Saugroboter mit automatisc..."}]},{"@type":"WebSite","@id":"https:\/\/easyliferobo.com\/de\/#website","url":"https:\/\/easyliferobo.com\/de\/","name":"EasyLifeBro","description":"Smarte Roboter f\u00fcr Zuhause, Garten &amp; Bildung","publisher":{"@id":"https:\/\/easyliferobo.com\/de\/#organization"},"potentialAction":[{"@type":"SearchAction","target":{"@type":"EntryPoint","urlTemplate":"https:\/\/easyliferobo.com\/de\/?s={search_term_string}"},"query-input":{"@type":"PropertyValueSpecification","valueRequired":true,"valueName":"search_term_string"}}],"inLanguage":"de"},{"@type":"Organization","@id":"https:\/\/easyliferobo.com\/de\/#organization","name":"EasyLifeBro","url":"https:\/\/easyliferobo.com\/de\/","logo":{"@type":"ImageObject","inLanguage":"de","@id":"https:\/\/easyliferobo.com\/de\/#\/schema\/logo\/image\/","url":"https:\/\/easyliferobo.com\/de\/wp-content\/uploads\/2026\/02\/Screenshot-2026-02-22-at-2.25.03-PM.png","contentUrl":"https:\/\/easyliferobo.com\/de\/wp-content\/uploads\/2026\/02\/Screenshot-2026-02-22-at-2.25.03-PM.png","width":1858,"height":430,"caption":"EasyLifeBro"},"image":{"@id":"https:\/\/easyliferobo.com\/de\/#\/schema\/logo\/image\/"}}]}},"_links":{"self":[{"href":"https:\/\/easyliferobo.com\/de\/wp-json\/wp\/v2\/product\/3395","targetHints":{"allow":["GET"]}}],"collection":[{"href":"https:\/\/easyliferobo.com\/de\/wp-json\/wp\/v2\/product"}],"about":[{"href":"https:\/\/easyliferobo.com\/de\/wp-json\/wp\/v2\/types\/product"}],"replies":[{"embeddable":true,"href":"https:\/\/easyliferobo.com\/de\/wp-json\/wp\/v2\/comments?post=3395"}],"wp:featuredmedia":[{"embeddable":true,"href":"https:\/\/easyliferobo.com\/de\/wp-json\/wp\/v2\/media\/3396"}],"wp:attachment":[{"href":"https:\/\/easyliferobo.com\/de\/wp-json\/wp\/v2\/media?parent=3395"}],"wp:term":[{"taxonomy":"store","embeddable":true,"href":"https:\/\/easyliferobo.com\/de\/wp-json\/wp\/v2\/store?post=3395"},{"taxonomy":"product_brand","embeddable":true,"href":"https:\/\/easyliferobo.com\/de\/wp-json\/wp\/v2\/product_brand?post=3395"},{"taxonomy":"product_cat","embeddable":true,"href":"https:\/\/easyliferobo.com\/de\/wp-json\/wp\/v2\/product_cat?post=3395"},{"taxonomy":"product_tag","embeddable":true,"href":"https:\/\/easyliferobo.com\/de\/wp-json\/wp\/v2\/product_tag?post=3395"}],"curies":[{"name":"wp","href":"https:\/\/api.w.org\/{rel}","templated":true}]}}