
{"id":3374,"date":"2026-02-27T06:49:58","date_gmt":"2026-02-27T06:49:58","guid":{"rendered":"https:\/\/easyliferobo.com\/de\/product\/hutt-s7-fensterputzroboter-mit-aktiver-spruehfunktion-5500-pa-saugleistung-3d-schwimmpad-automatischer-fensterreiniger-elektrisch-mit-80-ml-tank-mehrfachschutz-8-x-reinigungstuecher-transport\/"},"modified":"2026-02-27T06:50:17","modified_gmt":"2026-02-27T06:50:17","slug":"hutt-s7-fensterputzroboter-mit-aktiver-spruehfunktion-5500-pa-saugleistung-3d-schwimmpad-automatischer-fensterreiniger-elektrisch-mit-80-ml-tank-mehrfachschutz-8-x-reinigungstuecher-transport","status":"publish","type":"product","link":"https:\/\/easyliferobo.com\/de\/product\/hutt-s7-fensterputzroboter-mit-aktiver-spruehfunktion-5500-pa-saugleistung-3d-schwimmpad-automatischer-fensterreiniger-elektrisch-mit-80-ml-tank-mehrfachschutz-8-x-reinigungstuecher-transport\/","title":{"rendered":"Hutt S7 Fensterputzroboter mit akti..."},"content":{"rendered":"<p>\n                                             Von der Marke   <\/p>\n<p>                                              <img decoding=\"async\" alt=\"Aplus-Inhaltsbild\" src=\"https:\/\/images-na.ssl-images-amazon.com\/images\/G\/01\/x-locale\/common\/grey-pixel.gif\" class=\"a-lazy-loaded\" data-src=\"https:\/\/m.media-amazon.com\/images\/S\/aplus-media-library-service-media\/788c1a38-772d-468d-92f8-bc1dbbedca15.__CR0,0,1464,625_PT0_SX1464_V1___.jpg\"><img decoding=\"async\" alt=\"Aplus-Inhaltsbild\" src=\"https:\/\/m.media-amazon.com\/images\/S\/aplus-media-library-service-media\/788c1a38-772d-468d-92f8-bc1dbbedca15.__CR0,0,1464,625_PT0_SX1464_V1___.jpg\">  <\/p>\n<p>                                              <img decoding=\"async\" alt=\"\" src=\"https:\/\/images-na.ssl-images-amazon.com\/images\/G\/01\/x-locale\/common\/grey-pixel.gif\" class=\"a-lazy-loaded\" data-src=\"https:\/\/m.media-amazon.com\/images\/S\/aplus-media-library-service-media\/e051fb45-6328-43a8-83f8-ae54a9a48fdc.__CR0,0,315,145_PT0_SX315_V1___.jpg\"><img decoding=\"async\" alt=\"\" src=\"https:\/\/m.media-amazon.com\/images\/S\/aplus-media-library-service-media\/e051fb45-6328-43a8-83f8-ae54a9a48fdc.__CR0,0,315,145_PT0_SX315_V1___.jpg\">  <\/p>\n<h3>  HUTT \u2013 Intelligente Fensterpflege <\/h3>\n<p>  Wir bei HUTT glauben, dass ein sauberes Fenster ein frischer Start in den Tag ist. Seit unserer Gr\u00fcndung im Jahr 2018 entwickeln wir intelligente L\u00f6sungen f\u00fcr die Fensterreinigung \u2013 mit patentierter Technologie und anwenderorientiertem Design. Mit \u00fcber 100 Patenten, eigener Forschung und moderner Fertigung bieten wir smarte, sichere und m\u00fchelose Reinigung \u2013 f\u00fcr mehr Licht, Klarheit und Komfort im Alltag. <\/p>\n<h3>  HUTT Bestseller <\/h3>\n<p class=\"apm-brand-story-stores-link\">\n<p>Stabile Haftung durch patentierte 3D-Scheiben mit Federung: Gefederte Pads und ein nach innen geneigtes Chassis sorgen f\u00fcr stabile Saugkraft und gr\u00fcndliche Kantenreinigung. Auf die nasse Scheibe kann der elektrische Fensterreiniger sicher klettern und die Saugleistung (bis zu 5500 Pa) je nach Verschmutzungsgrad intelligent anpassen.<br \/>HydroJet-Spr\u00fchtechnologie: mit pumpenbetriebenem Breitstrahl und 80 ml sichtbarem Tank. Der Fensterputzroboter kann Wasser pr\u00e4zise spr\u00fchen, mit einer hohen Spr\u00fchmenge von 2000 mg\/min. Mit jeder vollen Wassermenge k\u00f6nnen Sie bis zu 60 m\u00b2 reinigen \u2013 f\u00fcr eine vollst\u00e4ndige und gr\u00fcndliche Reinigung.<br \/>Einfache Ein-Klick-Steuerung: Dieser Fensterreiniger nutzt die HUTT SLAM 4.0-Navigation f\u00fcr vollautomatische Reinigung, intelligente Kantenerkennung, Autonavigation und R\u00fcckgabe. \ufe0f Vor dem ersten Gebrauch muss es vollst\u00e4ndig aufgeladen werden (3 Stunden Ladezeit).<br \/>Mehrfacher Sicherheitsschutz: Automatische Anpassung der Saugkraft mit Hutthink 5.0, starke Saugkraft + sofortige Luftdruckauffrischung in 0,04 Sekunden, der Fensterputzroboter h\u00e4lt auch bei starkem Wind fest. Der eingebaute Notakku h\u00e4lt bei einem pl\u00f6tzlichen Stromausfall 25 Minuten und das Sicherungsseil verhindert ein Herunterfallen.<br \/>All-in-One-Aufbewahrungsbox: HUTT S7 Fensterputzroboter 1 x Aufbewahrungsbox, 1 x Fernbedienung x 1, Reinigungst\u00fccher x 8, Adapter x 1, Sicherheitsseil x 1, Netzkabel x 1, Ersatzd\u00fcsen x 4, leere Flasche x 1, Netzteil x 1<br \/>Tipps: Spr\u00fchen Sie ein paar Tropfen Fensterreiniger oder Alkohol auf das Reinigungspad, um eine effektivere Reinigungswirkung zu erzielen<\/p>\n<p>[ad_2]<\/p>\n","protected":false},"excerpt":{"rendered":"<p>Von der Marke HUTT \u2013 Intelligente Fensterpflege Wir bei HUTT glauben, dass ein sauberes Fenster ein frischer Start in den Tag ist. Seit unserer Gr\u00fcndung im Jahr 2018 entwickeln wir intelligente L\u00f6sungen f\u00fcr die Fensterreinigung \u2013 mit patentierter Technologie und anwenderorientiertem Design. Mit \u00fcber 100 Patenten, eigener Forschung und moderner Fertigung bieten wir smarte, sichere [&hellip;]<\/p>\n","protected":false},"featured_media":3375,"comment_status":"open","ping_status":"closed","template":"","meta":{"_aipt_faq_data":""},"store":[],"product_brand":[429],"product_cat":[74],"product_tag":[302],"class_list":{"0":"post-3374","1":"product","2":"type-product","3":"status-publish","4":"has-post-thumbnail","6":"product_brand-hutt","7":"product_cat-fensterreinigungsroboter","8":"product_tag-fensterreinigungsroboter-mit-fernbedienung","10":"first","11":"instock","12":"shipping-taxable","13":"product-type-external"},"yoast_head":"<!-- This site is optimized with the Yoast SEO plugin v27.4 - https:\/\/yoast.com\/product\/yoast-seo-wordpress\/ -->\n<title>Hutt S7 Fensterputzroboter mit aktiver Spr\u00fchfunktion, 5500 Pa Saugleistung, 3D-Schwimmpad, automatischer Fensterreiniger elektrisch mit 80 ml Tank, Mehrfachschutz, 8 x Reinigungst\u00fccher, Transport - EasyLifeBro<\/title>\n<meta name=\"description\" content=\"Entdecken Sie smarte Roboter f\u00fcr Zuhause, Garten, Bildung und Sicherheit. Vergleichen Sie Saugroboter, Rasenm\u00e4hroboter, KI-Begleitroboter und mehr bei EasyLifeRobo.\" \/>\n<meta name=\"robots\" content=\"index, follow, max-snippet:-1, max-image-preview:large, max-video-preview:-1\" \/>\n<link rel=\"canonical\" href=\"https:\/\/easyliferobo.com\/de\/product\/hutt-s7-fensterputzroboter-mit-aktiver-spruehfunktion-5500-pa-saugleistung-3d-schwimmpad-automatischer-fensterreiniger-elektrisch-mit-80-ml-tank-mehrfachschutz-8-x-reinigungstuecher-transport\/\" \/>\n<meta property=\"og:locale\" content=\"de_DE\" \/>\n<meta property=\"og:type\" content=\"article\" \/>\n<meta property=\"og:title\" content=\"Hutt S7 Fensterputzroboter mit aktiver Spr\u00fchfunktion, 5500 Pa Saugleistung, 3D-Schwimmpad, automatischer Fensterreiniger elektrisch mit 80 ml Tank, Mehrfachschutz, 8 x Reinigungst\u00fccher, Transport - EasyLifeBro\" \/>\n<meta property=\"og:description\" content=\"Entdecken Sie smarte Roboter f\u00fcr Zuhause, Garten, Bildung und Sicherheit. Vergleichen Sie Saugroboter, Rasenm\u00e4hroboter, KI-Begleitroboter und mehr bei EasyLifeRobo.\" \/>\n<meta property=\"og:url\" content=\"https:\/\/easyliferobo.com\/de\/product\/hutt-s7-fensterputzroboter-mit-aktiver-spruehfunktion-5500-pa-saugleistung-3d-schwimmpad-automatischer-fensterreiniger-elektrisch-mit-80-ml-tank-mehrfachschutz-8-x-reinigungstuecher-transport\/\" \/>\n<meta property=\"og:site_name\" content=\"EasyLifeBro\" \/>\n<meta property=\"article:modified_time\" content=\"2026-02-27T06:50:17+00:00\" \/>\n<meta property=\"og:image\" content=\"https:\/\/images-na.ssl-images-amazon.com\/images\/G\/01\/x-locale\/common\/grey-pixel.gif\" \/>\n<meta name=\"twitter:card\" content=\"summary_large_image\" \/>\n<meta name=\"twitter:label1\" content=\"Gesch\u00e4tzte Lesezeit\" \/>\n\t<meta name=\"twitter:data1\" content=\"1\u00a0Minute\" \/>\n<script type=\"application\/ld+json\" class=\"yoast-schema-graph\">{\"@context\":\"https:\\\/\\\/schema.org\",\"@graph\":[{\"@type\":\"WebPage\",\"@id\":\"https:\\\/\\\/easyliferobo.com\\\/de\\\/product\\\/hutt-s7-fensterputzroboter-mit-aktiver-spruehfunktion-5500-pa-saugleistung-3d-schwimmpad-automatischer-fensterreiniger-elektrisch-mit-80-ml-tank-mehrfachschutz-8-x-reinigungstuecher-transport\\\/\",\"url\":\"https:\\\/\\\/easyliferobo.com\\\/de\\\/product\\\/hutt-s7-fensterputzroboter-mit-aktiver-spruehfunktion-5500-pa-saugleistung-3d-schwimmpad-automatischer-fensterreiniger-elektrisch-mit-80-ml-tank-mehrfachschutz-8-x-reinigungstuecher-transport\\\/\",\"name\":\"Hutt S7 Fensterputzroboter mit aktiver Spr\u00fchfunktion, 5500 Pa Saugleistung, 3D-Schwimmpad, automatischer Fensterreiniger elektrisch mit 80 ml Tank, Mehrfachschutz, 8 x Reinigungst\u00fccher, Transport - EasyLifeBro\",\"isPartOf\":{\"@id\":\"https:\\\/\\\/easyliferobo.com\\\/de\\\/#website\"},\"primaryImageOfPage\":{\"@id\":\"https:\\\/\\\/easyliferobo.com\\\/de\\\/product\\\/hutt-s7-fensterputzroboter-mit-aktiver-spruehfunktion-5500-pa-saugleistung-3d-schwimmpad-automatischer-fensterreiniger-elektrisch-mit-80-ml-tank-mehrfachschutz-8-x-reinigungstuecher-transport\\\/#primaryimage\"},\"image\":{\"@id\":\"https:\\\/\\\/easyliferobo.com\\\/de\\\/product\\\/hutt-s7-fensterputzroboter-mit-aktiver-spruehfunktion-5500-pa-saugleistung-3d-schwimmpad-automatischer-fensterreiniger-elektrisch-mit-80-ml-tank-mehrfachschutz-8-x-reinigungstuecher-transport\\\/#primaryimage\"},\"thumbnailUrl\":\"https:\\\/\\\/easyliferobo.com\\\/de\\\/wp-content\\\/uploads\\\/2026\\\/02\\\/71FhDLam4HL._AC_SL1500_.jpg\",\"datePublished\":\"2026-02-27T06:49:58+00:00\",\"dateModified\":\"2026-02-27T06:50:17+00:00\",\"description\":\"Entdecken Sie smarte Roboter f\u00fcr Zuhause, Garten, Bildung und Sicherheit. Vergleichen Sie Saugroboter, Rasenm\u00e4hroboter, KI-Begleitroboter und mehr bei EasyLifeRobo.\",\"breadcrumb\":{\"@id\":\"https:\\\/\\\/easyliferobo.com\\\/de\\\/product\\\/hutt-s7-fensterputzroboter-mit-aktiver-spruehfunktion-5500-pa-saugleistung-3d-schwimmpad-automatischer-fensterreiniger-elektrisch-mit-80-ml-tank-mehrfachschutz-8-x-reinigungstuecher-transport\\\/#breadcrumb\"},\"inLanguage\":\"de\",\"potentialAction\":[{\"@type\":\"ReadAction\",\"target\":[\"https:\\\/\\\/easyliferobo.com\\\/de\\\/product\\\/hutt-s7-fensterputzroboter-mit-aktiver-spruehfunktion-5500-pa-saugleistung-3d-schwimmpad-automatischer-fensterreiniger-elektrisch-mit-80-ml-tank-mehrfachschutz-8-x-reinigungstuecher-transport\\\/\"]}]},{\"@type\":\"ImageObject\",\"inLanguage\":\"de\",\"@id\":\"https:\\\/\\\/easyliferobo.com\\\/de\\\/product\\\/hutt-s7-fensterputzroboter-mit-aktiver-spruehfunktion-5500-pa-saugleistung-3d-schwimmpad-automatischer-fensterreiniger-elektrisch-mit-80-ml-tank-mehrfachschutz-8-x-reinigungstuecher-transport\\\/#primaryimage\",\"url\":\"https:\\\/\\\/easyliferobo.com\\\/de\\\/wp-content\\\/uploads\\\/2026\\\/02\\\/71FhDLam4HL._AC_SL1500_.jpg\",\"contentUrl\":\"https:\\\/\\\/easyliferobo.com\\\/de\\\/wp-content\\\/uploads\\\/2026\\\/02\\\/71FhDLam4HL._AC_SL1500_.jpg\",\"width\":1500,\"height\":1445},{\"@type\":\"BreadcrumbList\",\"@id\":\"https:\\\/\\\/easyliferobo.com\\\/de\\\/product\\\/hutt-s7-fensterputzroboter-mit-aktiver-spruehfunktion-5500-pa-saugleistung-3d-schwimmpad-automatischer-fensterreiniger-elektrisch-mit-80-ml-tank-mehrfachschutz-8-x-reinigungstuecher-transport\\\/#breadcrumb\",\"itemListElement\":[{\"@type\":\"ListItem\",\"position\":1,\"name\":\"Home\",\"item\":\"https:\\\/\\\/easyliferobo.com\\\/de\\\/\"},{\"@type\":\"ListItem\",\"position\":2,\"name\":\"Shop\",\"item\":\"https:\\\/\\\/easyliferobo.com\\\/de\\\/shop\\\/\"},{\"@type\":\"ListItem\",\"position\":3,\"name\":\"Hutt S7 Fensterputzroboter mit akti...\"}]},{\"@type\":\"WebSite\",\"@id\":\"https:\\\/\\\/easyliferobo.com\\\/de\\\/#website\",\"url\":\"https:\\\/\\\/easyliferobo.com\\\/de\\\/\",\"name\":\"EasyLifeBro\",\"description\":\"Smarte Roboter f\u00fcr Zuhause, Garten &amp; Bildung\",\"publisher\":{\"@id\":\"https:\\\/\\\/easyliferobo.com\\\/de\\\/#organization\"},\"potentialAction\":[{\"@type\":\"SearchAction\",\"target\":{\"@type\":\"EntryPoint\",\"urlTemplate\":\"https:\\\/\\\/easyliferobo.com\\\/de\\\/?s={search_term_string}\"},\"query-input\":{\"@type\":\"PropertyValueSpecification\",\"valueRequired\":true,\"valueName\":\"search_term_string\"}}],\"inLanguage\":\"de\"},{\"@type\":\"Organization\",\"@id\":\"https:\\\/\\\/easyliferobo.com\\\/de\\\/#organization\",\"name\":\"EasyLifeBro\",\"url\":\"https:\\\/\\\/easyliferobo.com\\\/de\\\/\",\"logo\":{\"@type\":\"ImageObject\",\"inLanguage\":\"de\",\"@id\":\"https:\\\/\\\/easyliferobo.com\\\/de\\\/#\\\/schema\\\/logo\\\/image\\\/\",\"url\":\"https:\\\/\\\/easyliferobo.com\\\/de\\\/wp-content\\\/uploads\\\/2026\\\/02\\\/Screenshot-2026-02-22-at-2.25.03-PM.png\",\"contentUrl\":\"https:\\\/\\\/easyliferobo.com\\\/de\\\/wp-content\\\/uploads\\\/2026\\\/02\\\/Screenshot-2026-02-22-at-2.25.03-PM.png\",\"width\":1858,\"height\":430,\"caption\":\"EasyLifeBro\"},\"image\":{\"@id\":\"https:\\\/\\\/easyliferobo.com\\\/de\\\/#\\\/schema\\\/logo\\\/image\\\/\"}}]}<\/script>\n<!-- \/ Yoast SEO plugin. -->","yoast_head_json":{"title":"Hutt S7 Fensterputzroboter mit aktiver Spr\u00fchfunktion, 5500 Pa Saugleistung, 3D-Schwimmpad, automatischer Fensterreiniger elektrisch mit 80 ml Tank, Mehrfachschutz, 8 x Reinigungst\u00fccher, Transport - EasyLifeBro","description":"Entdecken Sie smarte Roboter f\u00fcr Zuhause, Garten, Bildung und Sicherheit. Vergleichen Sie Saugroboter, Rasenm\u00e4hroboter, KI-Begleitroboter und mehr bei EasyLifeRobo.","robots":{"index":"index","follow":"follow","max-snippet":"max-snippet:-1","max-image-preview":"max-image-preview:large","max-video-preview":"max-video-preview:-1"},"canonical":"https:\/\/easyliferobo.com\/de\/product\/hutt-s7-fensterputzroboter-mit-aktiver-spruehfunktion-5500-pa-saugleistung-3d-schwimmpad-automatischer-fensterreiniger-elektrisch-mit-80-ml-tank-mehrfachschutz-8-x-reinigungstuecher-transport\/","og_locale":"de_DE","og_type":"article","og_title":"Hutt S7 Fensterputzroboter mit aktiver Spr\u00fchfunktion, 5500 Pa Saugleistung, 3D-Schwimmpad, automatischer Fensterreiniger elektrisch mit 80 ml Tank, Mehrfachschutz, 8 x Reinigungst\u00fccher, Transport - EasyLifeBro","og_description":"Entdecken Sie smarte Roboter f\u00fcr Zuhause, Garten, Bildung und Sicherheit. Vergleichen Sie Saugroboter, Rasenm\u00e4hroboter, KI-Begleitroboter und mehr bei EasyLifeRobo.","og_url":"https:\/\/easyliferobo.com\/de\/product\/hutt-s7-fensterputzroboter-mit-aktiver-spruehfunktion-5500-pa-saugleistung-3d-schwimmpad-automatischer-fensterreiniger-elektrisch-mit-80-ml-tank-mehrfachschutz-8-x-reinigungstuecher-transport\/","og_site_name":"EasyLifeBro","article_modified_time":"2026-02-27T06:50:17+00:00","og_image":[{"url":"https:\/\/images-na.ssl-images-amazon.com\/images\/G\/01\/x-locale\/common\/grey-pixel.gif","type":"","width":"","height":""}],"twitter_card":"summary_large_image","twitter_misc":{"Gesch\u00e4tzte Lesezeit":"1\u00a0Minute"},"schema":{"@context":"https:\/\/schema.org","@graph":[{"@type":"WebPage","@id":"https:\/\/easyliferobo.com\/de\/product\/hutt-s7-fensterputzroboter-mit-aktiver-spruehfunktion-5500-pa-saugleistung-3d-schwimmpad-automatischer-fensterreiniger-elektrisch-mit-80-ml-tank-mehrfachschutz-8-x-reinigungstuecher-transport\/","url":"https:\/\/easyliferobo.com\/de\/product\/hutt-s7-fensterputzroboter-mit-aktiver-spruehfunktion-5500-pa-saugleistung-3d-schwimmpad-automatischer-fensterreiniger-elektrisch-mit-80-ml-tank-mehrfachschutz-8-x-reinigungstuecher-transport\/","name":"Hutt S7 Fensterputzroboter mit aktiver Spr\u00fchfunktion, 5500 Pa Saugleistung, 3D-Schwimmpad, automatischer Fensterreiniger elektrisch mit 80 ml Tank, Mehrfachschutz, 8 x Reinigungst\u00fccher, Transport - EasyLifeBro","isPartOf":{"@id":"https:\/\/easyliferobo.com\/de\/#website"},"primaryImageOfPage":{"@id":"https:\/\/easyliferobo.com\/de\/product\/hutt-s7-fensterputzroboter-mit-aktiver-spruehfunktion-5500-pa-saugleistung-3d-schwimmpad-automatischer-fensterreiniger-elektrisch-mit-80-ml-tank-mehrfachschutz-8-x-reinigungstuecher-transport\/#primaryimage"},"image":{"@id":"https:\/\/easyliferobo.com\/de\/product\/hutt-s7-fensterputzroboter-mit-aktiver-spruehfunktion-5500-pa-saugleistung-3d-schwimmpad-automatischer-fensterreiniger-elektrisch-mit-80-ml-tank-mehrfachschutz-8-x-reinigungstuecher-transport\/#primaryimage"},"thumbnailUrl":"https:\/\/easyliferobo.com\/de\/wp-content\/uploads\/2026\/02\/71FhDLam4HL._AC_SL1500_.jpg","datePublished":"2026-02-27T06:49:58+00:00","dateModified":"2026-02-27T06:50:17+00:00","description":"Entdecken Sie smarte Roboter f\u00fcr Zuhause, Garten, Bildung und Sicherheit. Vergleichen Sie Saugroboter, Rasenm\u00e4hroboter, KI-Begleitroboter und mehr bei EasyLifeRobo.","breadcrumb":{"@id":"https:\/\/easyliferobo.com\/de\/product\/hutt-s7-fensterputzroboter-mit-aktiver-spruehfunktion-5500-pa-saugleistung-3d-schwimmpad-automatischer-fensterreiniger-elektrisch-mit-80-ml-tank-mehrfachschutz-8-x-reinigungstuecher-transport\/#breadcrumb"},"inLanguage":"de","potentialAction":[{"@type":"ReadAction","target":["https:\/\/easyliferobo.com\/de\/product\/hutt-s7-fensterputzroboter-mit-aktiver-spruehfunktion-5500-pa-saugleistung-3d-schwimmpad-automatischer-fensterreiniger-elektrisch-mit-80-ml-tank-mehrfachschutz-8-x-reinigungstuecher-transport\/"]}]},{"@type":"ImageObject","inLanguage":"de","@id":"https:\/\/easyliferobo.com\/de\/product\/hutt-s7-fensterputzroboter-mit-aktiver-spruehfunktion-5500-pa-saugleistung-3d-schwimmpad-automatischer-fensterreiniger-elektrisch-mit-80-ml-tank-mehrfachschutz-8-x-reinigungstuecher-transport\/#primaryimage","url":"https:\/\/easyliferobo.com\/de\/wp-content\/uploads\/2026\/02\/71FhDLam4HL._AC_SL1500_.jpg","contentUrl":"https:\/\/easyliferobo.com\/de\/wp-content\/uploads\/2026\/02\/71FhDLam4HL._AC_SL1500_.jpg","width":1500,"height":1445},{"@type":"BreadcrumbList","@id":"https:\/\/easyliferobo.com\/de\/product\/hutt-s7-fensterputzroboter-mit-aktiver-spruehfunktion-5500-pa-saugleistung-3d-schwimmpad-automatischer-fensterreiniger-elektrisch-mit-80-ml-tank-mehrfachschutz-8-x-reinigungstuecher-transport\/#breadcrumb","itemListElement":[{"@type":"ListItem","position":1,"name":"Home","item":"https:\/\/easyliferobo.com\/de\/"},{"@type":"ListItem","position":2,"name":"Shop","item":"https:\/\/easyliferobo.com\/de\/shop\/"},{"@type":"ListItem","position":3,"name":"Hutt S7 Fensterputzroboter mit akti..."}]},{"@type":"WebSite","@id":"https:\/\/easyliferobo.com\/de\/#website","url":"https:\/\/easyliferobo.com\/de\/","name":"EasyLifeBro","description":"Smarte Roboter f\u00fcr Zuhause, Garten &amp; Bildung","publisher":{"@id":"https:\/\/easyliferobo.com\/de\/#organization"},"potentialAction":[{"@type":"SearchAction","target":{"@type":"EntryPoint","urlTemplate":"https:\/\/easyliferobo.com\/de\/?s={search_term_string}"},"query-input":{"@type":"PropertyValueSpecification","valueRequired":true,"valueName":"search_term_string"}}],"inLanguage":"de"},{"@type":"Organization","@id":"https:\/\/easyliferobo.com\/de\/#organization","name":"EasyLifeBro","url":"https:\/\/easyliferobo.com\/de\/","logo":{"@type":"ImageObject","inLanguage":"de","@id":"https:\/\/easyliferobo.com\/de\/#\/schema\/logo\/image\/","url":"https:\/\/easyliferobo.com\/de\/wp-content\/uploads\/2026\/02\/Screenshot-2026-02-22-at-2.25.03-PM.png","contentUrl":"https:\/\/easyliferobo.com\/de\/wp-content\/uploads\/2026\/02\/Screenshot-2026-02-22-at-2.25.03-PM.png","width":1858,"height":430,"caption":"EasyLifeBro"},"image":{"@id":"https:\/\/easyliferobo.com\/de\/#\/schema\/logo\/image\/"}}]}},"_links":{"self":[{"href":"https:\/\/easyliferobo.com\/de\/wp-json\/wp\/v2\/product\/3374","targetHints":{"allow":["GET"]}}],"collection":[{"href":"https:\/\/easyliferobo.com\/de\/wp-json\/wp\/v2\/product"}],"about":[{"href":"https:\/\/easyliferobo.com\/de\/wp-json\/wp\/v2\/types\/product"}],"replies":[{"embeddable":true,"href":"https:\/\/easyliferobo.com\/de\/wp-json\/wp\/v2\/comments?post=3374"}],"wp:featuredmedia":[{"embeddable":true,"href":"https:\/\/easyliferobo.com\/de\/wp-json\/wp\/v2\/media\/3375"}],"wp:attachment":[{"href":"https:\/\/easyliferobo.com\/de\/wp-json\/wp\/v2\/media?parent=3374"}],"wp:term":[{"taxonomy":"store","embeddable":true,"href":"https:\/\/easyliferobo.com\/de\/wp-json\/wp\/v2\/store?post=3374"},{"taxonomy":"product_brand","embeddable":true,"href":"https:\/\/easyliferobo.com\/de\/wp-json\/wp\/v2\/product_brand?post=3374"},{"taxonomy":"product_cat","embeddable":true,"href":"https:\/\/easyliferobo.com\/de\/wp-json\/wp\/v2\/product_cat?post=3374"},{"taxonomy":"product_tag","embeddable":true,"href":"https:\/\/easyliferobo.com\/de\/wp-json\/wp\/v2\/product_tag?post=3374"}],"curies":[{"name":"wp","href":"https:\/\/api.w.org\/{rel}","templated":true}]}}