
{"id":3366,"date":"2026-02-27T06:48:44","date_gmt":"2026-02-27T06:48:44","guid":{"rendered":"https:\/\/easyliferobo.com\/de\/product\/aiper-scuba-s1-poolroboter-boden-und-wand-kabelloser-poolsauger-mit-wandklettern-intelligente-navigation-2-0-150-minuten-batterielaufzeit-poolreiniger-fuer-eingelassene-pools-bis-zu-150%e3%8e%a1\/"},"modified":"2026-02-27T06:48:59","modified_gmt":"2026-02-27T06:48:59","slug":"aiper-scuba-s1-poolroboter-boden-und-wand-kabelloser-poolsauger-mit-wandklettern-intelligente-navigation-2-0-150-minuten-batterielaufzeit-poolreiniger-fuer-eingelassene-pools-bis-zu-150%e3%8e%a1","status":"publish","type":"product","link":"https:\/\/easyliferobo.com\/de\/product\/aiper-scuba-s1-poolroboter-boden-und-wand-kabelloser-poolsauger-mit-wandklettern-intelligente-navigation-2-0-150-minuten-batterielaufzeit-poolreiniger-fuer-eingelassene-pools-bis-zu-150%e3%8e%a1\/","title":{"rendered":"AIPER Scuba S1 Poolroboter Boden un..."},"content":{"rendered":"<p>\n                                             Von der Marke   <\/p>\n<p>                                              <img decoding=\"async\" alt=\"Aplus-Inhaltsbild\" src=\"https:\/\/images-na.ssl-images-amazon.com\/images\/G\/01\/x-locale\/common\/grey-pixel.gif\" class=\"a-lazy-loaded\" data-src=\"https:\/\/m.media-amazon.com\/images\/S\/aplus-media-library-service-media\/670364c6-3614-49df-b56b-6bf3bcb765f5.__CR0,0,1464,625_PT0_SX1464_V1___.jpg\"><img decoding=\"async\" alt=\"Aplus-Inhaltsbild\" src=\"https:\/\/m.media-amazon.com\/images\/S\/aplus-media-library-service-media\/670364c6-3614-49df-b56b-6bf3bcb765f5.__CR0,0,1464,625_PT0_SX1464_V1___.jpg\">  <\/p>\n<p>                                              <img decoding=\"async\" alt=\"Aplus-Inhaltsbild\" src=\"https:\/\/images-na.ssl-images-amazon.com\/images\/G\/01\/x-locale\/common\/grey-pixel.gif\" class=\"a-lazy-loaded\" data-src=\"https:\/\/m.media-amazon.com\/images\/S\/aplus-media-library-service-media\/420c071e-73fb-43e4-8ed5-419fe30f57bd.__CR0,0,362,453_PT0_SX362_V1___.jpg\"><img decoding=\"async\" alt=\"Aplus-Inhaltsbild\" src=\"https:\/\/m.media-amazon.com\/images\/S\/aplus-media-library-service-media\/420c071e-73fb-43e4-8ed5-419fe30f57bd.__CR0,0,362,453_PT0_SX362_V1___.jpg\">  <\/p>\n<h3>  Neue Produkte und Upgrades 2025 <\/h3>\n<p class=\"apm-brand-story-stores-link\">\n<h3>  Wand und Boden des Poolroboters <\/h3>\n<p class=\"apm-brand-story-stores-link\">\n<h3>  Kabelloser Poolroboter <\/h3>\n<p class=\"apm-brand-story-stores-link\">\n<p>                                              <img decoding=\"async\" alt=\"2025\" src=\"https:\/\/images-na.ssl-images-amazon.com\/images\/G\/01\/x-locale\/common\/grey-pixel.gif\" class=\"a-lazy-loaded\" data-src=\"https:\/\/m.media-amazon.com\/images\/S\/aplus-media-library-service-media\/5c4fec6c-dfcf-4fe1-9578-db72fd2eaae9.__CR0,0,362,453_PT0_SX362_V1___.jpg\"><img decoding=\"async\" alt=\"2025\" src=\"https:\/\/m.media-amazon.com\/images\/S\/aplus-media-library-service-media\/5c4fec6c-dfcf-4fe1-9578-db72fd2eaae9.__CR0,0,362,453_PT0_SX362_V1___.jpg\">  <\/p>\n<p>                                              <img decoding=\"async\" alt=\"Hellblaue rechteckige Karte mit Aiper-Logo und deutschem Text. Erw\u00e4hnt intelligente Reinigung und die M\u00f6glichkeit, den Urlaub nach Hause zu bringen, und schl\u00e4gt ein Unternehmen f\u00fcr Reinigungsprodukte vor.\" src=\"https:\/\/images-na.ssl-images-amazon.com\/images\/G\/01\/x-locale\/common\/grey-pixel.gif\" class=\"a-lazy-loaded\" data-src=\"https:\/\/m.media-amazon.com\/images\/S\/aplus-media-library-service-media\/18062f38-c6cb-4ad5-84bb-5096f5994312.__CR0,0,362,453_PT0_SX362_V1___.jpg\"><img decoding=\"async\" alt=\"Hellblaue rechteckige Karte mit Aiper-Logo und deutschem Text. Erw\u00e4hnt intelligente Reinigung und die M\u00f6glichkeit, den Urlaub nach Hause zu bringen, und schl\u00e4gt ein Unternehmen f\u00fcr Reinigungsprodukte vor.\" src=\"https:\/\/m.media-amazon.com\/images\/S\/aplus-media-library-service-media\/18062f38-c6cb-4ad5-84bb-5096f5994312.__CR0,0,362,453_PT0_SX362_V1___.jpg\">  <\/p>\n<p>                                              <img decoding=\"async\" alt=\"Infografik mit Unternehmensstatistiken: \u00fcber 500 Patente, \u00fcber 6.000 Gesch\u00e4fte, \u00fcber 1,5 Millionen Kunden und umweltfreundliche L\u00f6sungen, mit einfachen Symbolen f\u00fcr jede Kategorie.\" src=\"https:\/\/images-na.ssl-images-amazon.com\/images\/G\/01\/x-locale\/common\/grey-pixel.gif\" class=\"a-lazy-loaded\" data-src=\"https:\/\/m.media-amazon.com\/images\/S\/aplus-media-library-service-media\/473e84aa-8325-4124-9c35-a71aed48e143.__CR0,0,362,453_PT0_SX362_V1___.jpg\"><img decoding=\"async\" alt=\"Infografik mit Unternehmensstatistiken: \u00fcber 500 Patente, \u00fcber 6.000 Gesch\u00e4fte, \u00fcber 1,5 Millionen Kunden und umweltfreundliche L\u00f6sungen, mit einfachen Symbolen f\u00fcr jede Kategorie.\" src=\"https:\/\/m.media-amazon.com\/images\/S\/aplus-media-library-service-media\/473e84aa-8325-4124-9c35-a71aed48e143.__CR0,0,362,453_PT0_SX362_V1___.jpg\">  <\/p>\n<p>                                              <img decoding=\"async\" alt=\"Aiper-Logo mit Slogan \u201eBring Vacation Home\u201c. Liste der Markenmerkmale, einschlie\u00dflich Qualit\u00e4tssicherung, offizielle Garantie, 24-Stunden-Kundendienst und EU-Reparaturzentrum.\" src=\"https:\/\/images-na.ssl-images-amazon.com\/images\/G\/01\/x-locale\/common\/grey-pixel.gif\" class=\"a-lazy-loaded\" data-src=\"https:\/\/m.media-amazon.com\/images\/S\/aplus-media-library-service-media\/81902618-ae3f-464f-848d-b89568b2c9bb.__CR0,0,362,453_PT0_SX362_V1___.jpg\"><img decoding=\"async\" alt=\"Aiper-Logo mit Slogan \u201eBring Vacation Home\u201c. Liste der Markenmerkmale, einschlie\u00dflich Qualit\u00e4tssicherung, offizielle Garantie, 24-Stunden-Kundendienst und EU-Reparaturzentrum.\" src=\"https:\/\/m.media-amazon.com\/images\/S\/aplus-media-library-service-media\/81902618-ae3f-464f-848d-b89568b2c9bb.__CR0,0,362,453_PT0_SX362_V1___.jpg\">  <\/p>\n<p>                                              <img decoding=\"async\" alt=\"Professionelles Sport-Werbebild, das Baseball-Trikots vor beleuchtetem Fahrzeughintergrund mit blauen Lichteffekten zeigt. Der Text weist auf die Zugeh\u00f6rigkeit zu den Arizona Diamondbacks hin.\" src=\"https:\/\/images-na.ssl-images-amazon.com\/images\/G\/01\/x-locale\/common\/grey-pixel.gif\" class=\"a-lazy-loaded\" data-src=\"https:\/\/m.media-amazon.com\/images\/S\/aplus-media-library-service-media\/a481c630-0b09-462b-b5a4-1ab4ddef450c.__CR0,0,362,453_PT0_SX362_V1___.jpg\"><img decoding=\"async\" alt=\"Professionelles Sport-Werbebild, das Baseball-Trikots vor beleuchtetem Fahrzeughintergrund mit blauen Lichteffekten zeigt. Der Text weist auf die Zugeh\u00f6rigkeit zu den Arizona Diamondbacks hin.\" src=\"https:\/\/m.media-amazon.com\/images\/S\/aplus-media-library-service-media\/a481c630-0b09-462b-b5a4-1ab4ddef450c.__CR0,0,362,453_PT0_SX362_V1___.jpg\">  <\/p>\n<p>Optimale Reinigungsleistung: Erleben Sie die Reinigungskraft des Scuba S1 Poolroboters mit seiner starken Saugkraft und dynamischen B\u00fcrstf\u00e4higkeit. Ein ultimativer Poolstaubsauger f\u00fcr den Poolboden, die W\u00e4nde und die Wasserlinie. Der gro\u00dfz\u00fcgig dimensionierte Filterkorb f\u00e4ngt sowohl gro\u00dfe Ablagerungen als auch feine Partikel effizient ein und sorgt so f\u00fcr kristallklares Wasser und ein makelloses Poolerlebnis.<br \/>WavePath-Navigation 2.0: Wir haben die WavePath-Navigation auf ein v\u00f6llig neues Niveau gehoben, indem wir die Reinigungspfade des Bodens und der Wand des kabellosen Poolroboters so optimiert haben, dass sie den gesamten Pool abdecken und gleichzeitig die Reinigungszeit minimieren. Der intelligente Pfad vermeidet unn\u00f6tige \u00dcberschneidungen und Auslassungen.<br \/>Kette f\u00fcr \u00fcberlegene Mobilit\u00e4t: Ausgestattet mit langlebigen Raupenketten verf\u00fcgt der Aiper Scuba S1 automatische Poolreiniger-Bodenreiniger f\u00fcr Einbaubecken \u00fcber hervorragende F\u00e4higkeiten und bew\u00e4ltigt m\u00fchelos Abfl\u00fcsse, Treppen, Ecken und anderes unebenes Gel\u00e4nde. Die Raupenketten sorgen f\u00fcr Stabilit\u00e4t, verhindern ein Verrutschen und sorgen daf\u00fcr, dass Ihr Poolroboter-Akku m\u00fchelos den gesamten Pool reinigt.<br \/>Vier Reinigungsmodi: Auto, Eco, nur Boden, nur Wand \u2013 diese vier Reinigungsmodi des Aiper Poolsaugers erm\u00f6glichen es Ihnen, die Reinigungsaufgabe zu erledigen, die zu Ihrem Pool passt. Der Automatikmodus kombiniert Wand-, Wasserlinien- und Bodenreinigung f\u00fcr eine umfassende Reinigung Ihres gesamten Pools. Der Eco-Modus erm\u00f6glicht eine problemlose regelm\u00e4\u00dfige Reinigung alle 48 Stunden, 45 Minuten lang, eine ganze Woche lang.<br \/>Alle Arten von Pools: Lernen Sie den kabellosen Poolroboter Scuba S1 kennen, Ihre ultimative L\u00f6sung f\u00fcr die Poolreinigung. Ganz gleich, ob Sie einen runden, nierenf\u00f6rmigen, rechteckigen oder einzigartig geformten Pool besitzen \u2013 der Poolsauger Scuba S1 besteht aus Vinyl, Beton, Fliesen oder Glasfaser und reinigt m\u00fchelos alle Arten von Pools bis zu 150\u33a1.<br \/>Kaufen Sie mit Vertrauen: F\u00fcr den Boden und die W\u00e4nde des kabellosen Poolroboters Scuba S1 gilt eine Garantie von 2 Jahren. Tauchen Sie sorglos in die Poolpflege ein und seien Sie versichert, dass Ihre Investition durch unser Qualit\u00e4tsversprechen abgesichert ist.<\/p>\n<p>[ad_2]<\/p>\n","protected":false},"excerpt":{"rendered":"<p>Von der Marke Neue Produkte und Upgrades 2025 Wand und Boden des Poolroboters Kabelloser Poolroboter Optimale Reinigungsleistung: Erleben Sie die Reinigungskraft des Scuba S1 Poolroboters mit seiner starken Saugkraft und dynamischen B\u00fcrstf\u00e4higkeit. Ein ultimativer Poolstaubsauger f\u00fcr den Poolboden, die W\u00e4nde und die Wasserlinie. Der gro\u00dfz\u00fcgig dimensionierte Filterkorb f\u00e4ngt sowohl gro\u00dfe Ablagerungen als auch feine Partikel [&hellip;]<\/p>\n","protected":false},"featured_media":3367,"comment_status":"open","ping_status":"closed","template":"","meta":{"_aipt_faq_data":""},"store":[],"product_brand":[389],"product_cat":[75],"product_tag":[300],"class_list":{"0":"post-3366","1":"product","2":"type-product","3":"status-publish","4":"has-post-thumbnail","6":"product_brand-aiper","7":"product_cat-poolroboter","8":"product_tag-poolroboter-kabellos","10":"first","11":"instock","12":"shipping-taxable","13":"product-type-external"},"yoast_head":"<!-- This site is optimized with the Yoast SEO plugin v27.0 - https:\/\/yoast.com\/product\/yoast-seo-wordpress\/ -->\n<title>AIPER Scuba S1 Poolroboter Boden und Wand, Kabelloser Poolsauger mit Wandklettern, Intelligente Navigation 2.0, 150 Minuten Batterielaufzeit, Poolreiniger f\u00fcr eingelassene Pools bis zu 150\u33a1 - EasyLifeBro<\/title>\n<meta name=\"description\" content=\"Entdecken Sie smarte Roboter f\u00fcr Zuhause, Garten, Bildung und Sicherheit. Vergleichen Sie Saugroboter, Rasenm\u00e4hroboter, KI-Begleitroboter und mehr bei EasyLifeRobo.\" \/>\n<meta name=\"robots\" content=\"index, follow, max-snippet:-1, max-image-preview:large, max-video-preview:-1\" \/>\n<link rel=\"canonical\" href=\"https:\/\/easyliferobo.com\/de\/product\/aiper-scuba-s1-poolroboter-boden-und-wand-kabelloser-poolsauger-mit-wandklettern-intelligente-navigation-2-0-150-minuten-batterielaufzeit-poolreiniger-fuer-eingelassene-pools-bis-zu-150\u33a1\/\" \/>\n<meta property=\"og:locale\" content=\"de_DE\" \/>\n<meta property=\"og:type\" content=\"article\" \/>\n<meta property=\"og:title\" content=\"AIPER Scuba S1 Poolroboter Boden und Wand, Kabelloser Poolsauger mit Wandklettern, Intelligente Navigation 2.0, 150 Minuten Batterielaufzeit, Poolreiniger f\u00fcr eingelassene Pools bis zu 150\u33a1 - EasyLifeBro\" \/>\n<meta property=\"og:description\" content=\"Entdecken Sie smarte Roboter f\u00fcr Zuhause, Garten, Bildung und Sicherheit. Vergleichen Sie Saugroboter, Rasenm\u00e4hroboter, KI-Begleitroboter und mehr bei EasyLifeRobo.\" \/>\n<meta property=\"og:url\" content=\"https:\/\/easyliferobo.com\/de\/product\/aiper-scuba-s1-poolroboter-boden-und-wand-kabelloser-poolsauger-mit-wandklettern-intelligente-navigation-2-0-150-minuten-batterielaufzeit-poolreiniger-fuer-eingelassene-pools-bis-zu-150\u33a1\/\" \/>\n<meta property=\"og:site_name\" content=\"EasyLifeBro\" \/>\n<meta property=\"article:modified_time\" content=\"2026-02-27T06:48:59+00:00\" \/>\n<meta property=\"og:image\" content=\"https:\/\/images-na.ssl-images-amazon.com\/images\/G\/01\/x-locale\/common\/grey-pixel.gif\" \/>\n<meta name=\"twitter:card\" content=\"summary_large_image\" \/>\n<meta name=\"twitter:label1\" content=\"Gesch\u00e4tzte Lesezeit\" \/>\n\t<meta name=\"twitter:data1\" content=\"2\u00a0Minuten\" \/>\n<script type=\"application\/ld+json\" class=\"yoast-schema-graph\">{\"@context\":\"https:\/\/schema.org\",\"@graph\":[{\"@type\":\"WebPage\",\"@id\":\"https:\/\/easyliferobo.com\/de\/product\/aiper-scuba-s1-poolroboter-boden-und-wand-kabelloser-poolsauger-mit-wandklettern-intelligente-navigation-2-0-150-minuten-batterielaufzeit-poolreiniger-fuer-eingelassene-pools-bis-zu-150%e3%8e%a1\/\",\"url\":\"https:\/\/easyliferobo.com\/de\/product\/aiper-scuba-s1-poolroboter-boden-und-wand-kabelloser-poolsauger-mit-wandklettern-intelligente-navigation-2-0-150-minuten-batterielaufzeit-poolreiniger-fuer-eingelassene-pools-bis-zu-150%e3%8e%a1\/\",\"name\":\"AIPER Scuba S1 Poolroboter Boden und Wand, Kabelloser Poolsauger mit Wandklettern, Intelligente Navigation 2.0, 150 Minuten Batterielaufzeit, Poolreiniger f\u00fcr eingelassene Pools bis zu 150\u33a1 - EasyLifeBro\",\"isPartOf\":{\"@id\":\"https:\/\/easyliferobo.com\/de\/#website\"},\"primaryImageOfPage\":{\"@id\":\"https:\/\/easyliferobo.com\/de\/product\/aiper-scuba-s1-poolroboter-boden-und-wand-kabelloser-poolsauger-mit-wandklettern-intelligente-navigation-2-0-150-minuten-batterielaufzeit-poolreiniger-fuer-eingelassene-pools-bis-zu-150%e3%8e%a1\/#primaryimage\"},\"image\":{\"@id\":\"https:\/\/easyliferobo.com\/de\/product\/aiper-scuba-s1-poolroboter-boden-und-wand-kabelloser-poolsauger-mit-wandklettern-intelligente-navigation-2-0-150-minuten-batterielaufzeit-poolreiniger-fuer-eingelassene-pools-bis-zu-150%e3%8e%a1\/#primaryimage\"},\"thumbnailUrl\":\"https:\/\/easyliferobo.com\/de\/wp-content\/uploads\/2026\/02\/615v7m73fEL._AC_SL1500_.jpg\",\"datePublished\":\"2026-02-27T06:48:44+00:00\",\"dateModified\":\"2026-02-27T06:48:59+00:00\",\"description\":\"Entdecken Sie smarte Roboter f\u00fcr Zuhause, Garten, Bildung und Sicherheit. Vergleichen Sie Saugroboter, Rasenm\u00e4hroboter, KI-Begleitroboter und mehr bei EasyLifeRobo.\",\"breadcrumb\":{\"@id\":\"https:\/\/easyliferobo.com\/de\/product\/aiper-scuba-s1-poolroboter-boden-und-wand-kabelloser-poolsauger-mit-wandklettern-intelligente-navigation-2-0-150-minuten-batterielaufzeit-poolreiniger-fuer-eingelassene-pools-bis-zu-150%e3%8e%a1\/#breadcrumb\"},\"inLanguage\":\"de\",\"potentialAction\":[{\"@type\":\"ReadAction\",\"target\":[\"https:\/\/easyliferobo.com\/de\/product\/aiper-scuba-s1-poolroboter-boden-und-wand-kabelloser-poolsauger-mit-wandklettern-intelligente-navigation-2-0-150-minuten-batterielaufzeit-poolreiniger-fuer-eingelassene-pools-bis-zu-150%e3%8e%a1\/\"]}]},{\"@type\":\"ImageObject\",\"inLanguage\":\"de\",\"@id\":\"https:\/\/easyliferobo.com\/de\/product\/aiper-scuba-s1-poolroboter-boden-und-wand-kabelloser-poolsauger-mit-wandklettern-intelligente-navigation-2-0-150-minuten-batterielaufzeit-poolreiniger-fuer-eingelassene-pools-bis-zu-150%e3%8e%a1\/#primaryimage\",\"url\":\"https:\/\/easyliferobo.com\/de\/wp-content\/uploads\/2026\/02\/615v7m73fEL._AC_SL1500_.jpg\",\"contentUrl\":\"https:\/\/easyliferobo.com\/de\/wp-content\/uploads\/2026\/02\/615v7m73fEL._AC_SL1500_.jpg\",\"width\":1500,\"height\":1114},{\"@type\":\"BreadcrumbList\",\"@id\":\"https:\/\/easyliferobo.com\/de\/product\/aiper-scuba-s1-poolroboter-boden-und-wand-kabelloser-poolsauger-mit-wandklettern-intelligente-navigation-2-0-150-minuten-batterielaufzeit-poolreiniger-fuer-eingelassene-pools-bis-zu-150%e3%8e%a1\/#breadcrumb\",\"itemListElement\":[{\"@type\":\"ListItem\",\"position\":1,\"name\":\"Home\",\"item\":\"https:\/\/easyliferobo.com\/de\/\"},{\"@type\":\"ListItem\",\"position\":2,\"name\":\"Shop\",\"item\":\"https:\/\/easyliferobo.com\/de\/shop\/\"},{\"@type\":\"ListItem\",\"position\":3,\"name\":\"AIPER Scuba S1 Poolroboter Boden un...\"}]},{\"@type\":\"WebSite\",\"@id\":\"https:\/\/easyliferobo.com\/de\/#website\",\"url\":\"https:\/\/easyliferobo.com\/de\/\",\"name\":\"EasyLifeBro\",\"description\":\"Smarte Roboter f\u00fcr Zuhause, Garten &amp; Bildung\",\"publisher\":{\"@id\":\"https:\/\/easyliferobo.com\/de\/#organization\"},\"potentialAction\":[{\"@type\":\"SearchAction\",\"target\":{\"@type\":\"EntryPoint\",\"urlTemplate\":\"https:\/\/easyliferobo.com\/de\/?s={search_term_string}\"},\"query-input\":{\"@type\":\"PropertyValueSpecification\",\"valueRequired\":true,\"valueName\":\"search_term_string\"}}],\"inLanguage\":\"de\"},{\"@type\":\"Organization\",\"@id\":\"https:\/\/easyliferobo.com\/de\/#organization\",\"name\":\"EasyLifeBro\",\"url\":\"https:\/\/easyliferobo.com\/de\/\",\"logo\":{\"@type\":\"ImageObject\",\"inLanguage\":\"de\",\"@id\":\"https:\/\/easyliferobo.com\/de\/#\/schema\/logo\/image\/\",\"url\":\"https:\/\/easyliferobo.com\/de\/wp-content\/uploads\/2026\/02\/Screenshot-2026-02-22-at-2.25.03-PM.png\",\"contentUrl\":\"https:\/\/easyliferobo.com\/de\/wp-content\/uploads\/2026\/02\/Screenshot-2026-02-22-at-2.25.03-PM.png\",\"width\":1858,\"height\":430,\"caption\":\"EasyLifeBro\"},\"image\":{\"@id\":\"https:\/\/easyliferobo.com\/de\/#\/schema\/logo\/image\/\"}}]}<\/script>\n<!-- \/ Yoast SEO plugin. -->","yoast_head_json":{"title":"AIPER Scuba S1 Poolroboter Boden und Wand, Kabelloser Poolsauger mit Wandklettern, Intelligente Navigation 2.0, 150 Minuten Batterielaufzeit, Poolreiniger f\u00fcr eingelassene Pools bis zu 150\u33a1 - EasyLifeBro","description":"Entdecken Sie smarte Roboter f\u00fcr Zuhause, Garten, Bildung und Sicherheit. Vergleichen Sie Saugroboter, Rasenm\u00e4hroboter, KI-Begleitroboter und mehr bei EasyLifeRobo.","robots":{"index":"index","follow":"follow","max-snippet":"max-snippet:-1","max-image-preview":"max-image-preview:large","max-video-preview":"max-video-preview:-1"},"canonical":"https:\/\/easyliferobo.com\/de\/product\/aiper-scuba-s1-poolroboter-boden-und-wand-kabelloser-poolsauger-mit-wandklettern-intelligente-navigation-2-0-150-minuten-batterielaufzeit-poolreiniger-fuer-eingelassene-pools-bis-zu-150\u33a1\/","og_locale":"de_DE","og_type":"article","og_title":"AIPER Scuba S1 Poolroboter Boden und Wand, Kabelloser Poolsauger mit Wandklettern, Intelligente Navigation 2.0, 150 Minuten Batterielaufzeit, Poolreiniger f\u00fcr eingelassene Pools bis zu 150\u33a1 - EasyLifeBro","og_description":"Entdecken Sie smarte Roboter f\u00fcr Zuhause, Garten, Bildung und Sicherheit. Vergleichen Sie Saugroboter, Rasenm\u00e4hroboter, KI-Begleitroboter und mehr bei EasyLifeRobo.","og_url":"https:\/\/easyliferobo.com\/de\/product\/aiper-scuba-s1-poolroboter-boden-und-wand-kabelloser-poolsauger-mit-wandklettern-intelligente-navigation-2-0-150-minuten-batterielaufzeit-poolreiniger-fuer-eingelassene-pools-bis-zu-150\u33a1\/","og_site_name":"EasyLifeBro","article_modified_time":"2026-02-27T06:48:59+00:00","og_image":[{"url":"https:\/\/images-na.ssl-images-amazon.com\/images\/G\/01\/x-locale\/common\/grey-pixel.gif","type":"","width":"","height":""}],"twitter_card":"summary_large_image","twitter_misc":{"Gesch\u00e4tzte Lesezeit":"2\u00a0Minuten"},"schema":{"@context":"https:\/\/schema.org","@graph":[{"@type":"WebPage","@id":"https:\/\/easyliferobo.com\/de\/product\/aiper-scuba-s1-poolroboter-boden-und-wand-kabelloser-poolsauger-mit-wandklettern-intelligente-navigation-2-0-150-minuten-batterielaufzeit-poolreiniger-fuer-eingelassene-pools-bis-zu-150%e3%8e%a1\/","url":"https:\/\/easyliferobo.com\/de\/product\/aiper-scuba-s1-poolroboter-boden-und-wand-kabelloser-poolsauger-mit-wandklettern-intelligente-navigation-2-0-150-minuten-batterielaufzeit-poolreiniger-fuer-eingelassene-pools-bis-zu-150%e3%8e%a1\/","name":"AIPER Scuba S1 Poolroboter Boden und Wand, Kabelloser Poolsauger mit Wandklettern, Intelligente Navigation 2.0, 150 Minuten Batterielaufzeit, Poolreiniger f\u00fcr eingelassene Pools bis zu 150\u33a1 - EasyLifeBro","isPartOf":{"@id":"https:\/\/easyliferobo.com\/de\/#website"},"primaryImageOfPage":{"@id":"https:\/\/easyliferobo.com\/de\/product\/aiper-scuba-s1-poolroboter-boden-und-wand-kabelloser-poolsauger-mit-wandklettern-intelligente-navigation-2-0-150-minuten-batterielaufzeit-poolreiniger-fuer-eingelassene-pools-bis-zu-150%e3%8e%a1\/#primaryimage"},"image":{"@id":"https:\/\/easyliferobo.com\/de\/product\/aiper-scuba-s1-poolroboter-boden-und-wand-kabelloser-poolsauger-mit-wandklettern-intelligente-navigation-2-0-150-minuten-batterielaufzeit-poolreiniger-fuer-eingelassene-pools-bis-zu-150%e3%8e%a1\/#primaryimage"},"thumbnailUrl":"https:\/\/easyliferobo.com\/de\/wp-content\/uploads\/2026\/02\/615v7m73fEL._AC_SL1500_.jpg","datePublished":"2026-02-27T06:48:44+00:00","dateModified":"2026-02-27T06:48:59+00:00","description":"Entdecken Sie smarte Roboter f\u00fcr Zuhause, Garten, Bildung und Sicherheit. Vergleichen Sie Saugroboter, Rasenm\u00e4hroboter, KI-Begleitroboter und mehr bei EasyLifeRobo.","breadcrumb":{"@id":"https:\/\/easyliferobo.com\/de\/product\/aiper-scuba-s1-poolroboter-boden-und-wand-kabelloser-poolsauger-mit-wandklettern-intelligente-navigation-2-0-150-minuten-batterielaufzeit-poolreiniger-fuer-eingelassene-pools-bis-zu-150%e3%8e%a1\/#breadcrumb"},"inLanguage":"de","potentialAction":[{"@type":"ReadAction","target":["https:\/\/easyliferobo.com\/de\/product\/aiper-scuba-s1-poolroboter-boden-und-wand-kabelloser-poolsauger-mit-wandklettern-intelligente-navigation-2-0-150-minuten-batterielaufzeit-poolreiniger-fuer-eingelassene-pools-bis-zu-150%e3%8e%a1\/"]}]},{"@type":"ImageObject","inLanguage":"de","@id":"https:\/\/easyliferobo.com\/de\/product\/aiper-scuba-s1-poolroboter-boden-und-wand-kabelloser-poolsauger-mit-wandklettern-intelligente-navigation-2-0-150-minuten-batterielaufzeit-poolreiniger-fuer-eingelassene-pools-bis-zu-150%e3%8e%a1\/#primaryimage","url":"https:\/\/easyliferobo.com\/de\/wp-content\/uploads\/2026\/02\/615v7m73fEL._AC_SL1500_.jpg","contentUrl":"https:\/\/easyliferobo.com\/de\/wp-content\/uploads\/2026\/02\/615v7m73fEL._AC_SL1500_.jpg","width":1500,"height":1114},{"@type":"BreadcrumbList","@id":"https:\/\/easyliferobo.com\/de\/product\/aiper-scuba-s1-poolroboter-boden-und-wand-kabelloser-poolsauger-mit-wandklettern-intelligente-navigation-2-0-150-minuten-batterielaufzeit-poolreiniger-fuer-eingelassene-pools-bis-zu-150%e3%8e%a1\/#breadcrumb","itemListElement":[{"@type":"ListItem","position":1,"name":"Home","item":"https:\/\/easyliferobo.com\/de\/"},{"@type":"ListItem","position":2,"name":"Shop","item":"https:\/\/easyliferobo.com\/de\/shop\/"},{"@type":"ListItem","position":3,"name":"AIPER Scuba S1 Poolroboter Boden un..."}]},{"@type":"WebSite","@id":"https:\/\/easyliferobo.com\/de\/#website","url":"https:\/\/easyliferobo.com\/de\/","name":"EasyLifeBro","description":"Smarte Roboter f\u00fcr Zuhause, Garten &amp; Bildung","publisher":{"@id":"https:\/\/easyliferobo.com\/de\/#organization"},"potentialAction":[{"@type":"SearchAction","target":{"@type":"EntryPoint","urlTemplate":"https:\/\/easyliferobo.com\/de\/?s={search_term_string}"},"query-input":{"@type":"PropertyValueSpecification","valueRequired":true,"valueName":"search_term_string"}}],"inLanguage":"de"},{"@type":"Organization","@id":"https:\/\/easyliferobo.com\/de\/#organization","name":"EasyLifeBro","url":"https:\/\/easyliferobo.com\/de\/","logo":{"@type":"ImageObject","inLanguage":"de","@id":"https:\/\/easyliferobo.com\/de\/#\/schema\/logo\/image\/","url":"https:\/\/easyliferobo.com\/de\/wp-content\/uploads\/2026\/02\/Screenshot-2026-02-22-at-2.25.03-PM.png","contentUrl":"https:\/\/easyliferobo.com\/de\/wp-content\/uploads\/2026\/02\/Screenshot-2026-02-22-at-2.25.03-PM.png","width":1858,"height":430,"caption":"EasyLifeBro"},"image":{"@id":"https:\/\/easyliferobo.com\/de\/#\/schema\/logo\/image\/"}}]}},"_links":{"self":[{"href":"https:\/\/easyliferobo.com\/de\/wp-json\/wp\/v2\/product\/3366","targetHints":{"allow":["GET"]}}],"collection":[{"href":"https:\/\/easyliferobo.com\/de\/wp-json\/wp\/v2\/product"}],"about":[{"href":"https:\/\/easyliferobo.com\/de\/wp-json\/wp\/v2\/types\/product"}],"replies":[{"embeddable":true,"href":"https:\/\/easyliferobo.com\/de\/wp-json\/wp\/v2\/comments?post=3366"}],"wp:featuredmedia":[{"embeddable":true,"href":"https:\/\/easyliferobo.com\/de\/wp-json\/wp\/v2\/media\/3367"}],"wp:attachment":[{"href":"https:\/\/easyliferobo.com\/de\/wp-json\/wp\/v2\/media?parent=3366"}],"wp:term":[{"taxonomy":"store","embeddable":true,"href":"https:\/\/easyliferobo.com\/de\/wp-json\/wp\/v2\/store?post=3366"},{"taxonomy":"product_brand","embeddable":true,"href":"https:\/\/easyliferobo.com\/de\/wp-json\/wp\/v2\/product_brand?post=3366"},{"taxonomy":"product_cat","embeddable":true,"href":"https:\/\/easyliferobo.com\/de\/wp-json\/wp\/v2\/product_cat?post=3366"},{"taxonomy":"product_tag","embeddable":true,"href":"https:\/\/easyliferobo.com\/de\/wp-json\/wp\/v2\/product_tag?post=3366"}],"curies":[{"name":"wp","href":"https:\/\/api.w.org\/{rel}","templated":true}]}}