
{"id":3355,"date":"2026-02-27T06:47:40","date_gmt":"2026-02-27T06:47:40","guid":{"rendered":"https:\/\/easyliferobo.com\/de\/product\/lefant-m3-max-saugroboter-mit-wischfunktion-anti-tangle-20-000-pa-saugkraft-vermeidung-von-hindernissen-multi-etagen-kartierung-lidar-navigation-wlan-24g-5g-app-und-alexa-210-min-max\/"},"modified":"2026-02-27T06:47:57","modified_gmt":"2026-02-27T06:47:57","slug":"lefant-m3-max-saugroboter-mit-wischfunktion-anti-tangle-20-000-pa-saugkraft-vermeidung-von-hindernissen-multi-etagen-kartierung-lidar-navigation-wlan-24g-5g-app-und-alexa-210-min-max","status":"publish","type":"product","link":"https:\/\/easyliferobo.com\/de\/product\/lefant-m3-max-saugroboter-mit-wischfunktion-anti-tangle-20-000-pa-saugkraft-vermeidung-von-hindernissen-multi-etagen-kartierung-lidar-navigation-wlan-24g-5g-app-und-alexa-210-min-max\/","title":{"rendered":"LEFANT M3 Max Saugroboter mit Wisch..."},"content":{"rendered":"<p>\n                                             Von der Marke   <\/p>\n<p>                                              <img decoding=\"async\" alt=\"Aplus-Inhaltsbild\" src=\"https:\/\/images-na.ssl-images-amazon.com\/images\/G\/01\/x-locale\/common\/grey-pixel.gif\" class=\"a-lazy-loaded\" data-src=\"https:\/\/m.media-amazon.com\/images\/S\/aplus-media-library-service-media\/44d73486-a7f8-4f42-935a-c58e8324f002.__CR0,0,1464,625_PT0_SX1464_V1___.jpg\"><img decoding=\"async\" alt=\"Aplus-Inhaltsbild\" src=\"https:\/\/m.media-amazon.com\/images\/S\/aplus-media-library-service-media\/44d73486-a7f8-4f42-935a-c58e8324f002.__CR0,0,1464,625_PT0_SX1464_V1___.jpg\">  <\/p>\n<h3>  M3 Wischroboter <\/h3>\n<h3>  M2 Pro Roboter-Staubsauger <\/h3>\n<h3>  M330 Pro Roboter-Staubsauger <\/h3>\n<h3>  M210P Staubsaugerroboter <\/h3>\n<h3>  M2 Staubsaugerroboter <\/h3>\n<h3>  M1 Staubsaugerroboter <\/h3>\n<p>                                              <img decoding=\"async\" alt=\"Aplus-Inhaltsbild\" src=\"https:\/\/images-na.ssl-images-amazon.com\/images\/G\/01\/x-locale\/common\/grey-pixel.gif\" class=\"a-lazy-loaded\" data-src=\"https:\/\/m.media-amazon.com\/images\/S\/aplus-media-library-service-media\/eb3c5ce6-d276-435f-8bf7-6a47f0a8aea2.__CR0,0,362,453_PT0_SX362_V1___.jpg\"><img decoding=\"async\" alt=\"Aplus-Inhaltsbild\" src=\"https:\/\/m.media-amazon.com\/images\/S\/aplus-media-library-service-media\/eb3c5ce6-d276-435f-8bf7-6a47f0a8aea2.__CR0,0,362,453_PT0_SX362_V1___.jpg\">  <\/p>\n<p>                                              <img decoding=\"async\" alt=\"Aplus-Inhaltsbild\" src=\"https:\/\/images-na.ssl-images-amazon.com\/images\/G\/01\/x-locale\/common\/grey-pixel.gif\" class=\"a-lazy-loaded\" data-src=\"https:\/\/m.media-amazon.com\/images\/S\/aplus-media-library-service-media\/9d29ccef-8e3a-4b1b-a3e1-cd09c06ec5c8.__CR0,0,362,453_PT0_SX362_V1___.jpg\"><img decoding=\"async\" alt=\"Aplus-Inhaltsbild\" src=\"https:\/\/m.media-amazon.com\/images\/S\/aplus-media-library-service-media\/9d29ccef-8e3a-4b1b-a3e1-cd09c06ec5c8.__CR0,0,362,453_PT0_SX362_V1___.jpg\">  <\/p>\n<p>                                              <img decoding=\"async\" alt=\"\" src=\"https:\/\/images-na.ssl-images-amazon.com\/images\/G\/01\/x-locale\/common\/grey-pixel.gif\" class=\"a-lazy-loaded\" data-src=\"https:\/\/m.media-amazon.com\/images\/S\/aplus-media-library-service-media\/8226da04-9b9f-47e8-a9e3-0db8ba138e19.__CR0,143,362,167_PT0_SX315_V1___.png\"><img decoding=\"async\" alt=\"\" src=\"https:\/\/m.media-amazon.com\/images\/S\/aplus-media-library-service-media\/8226da04-9b9f-47e8-a9e3-0db8ba138e19.__CR0,143,362,167_PT0_SX315_V1___.png\">  <\/p>\n<p>  Lefant ist einer der m\u00e4chtigsten Marktf\u00fchrer in der Herstellung innovativer Haushaltsprodukte. Wir sind der \u00dcberzeugung, dass wir gro\u00dfartige Produkte entwickeln, die durch freundlichen und reaktionsschnellen Service unterst\u00fctzt werden, um unsere Kunden auf der ganzen Welt zu begeistern. <\/p>\n<p>  Unser Konzept ist es, jedem zu erm\u00f6glichen, den Komfort der Technologie zu genie\u00dfen. W\u00e4hlen Sie den Lefant Roboterstaubsauger, um Ihre H\u00e4nde zu befreien und das Leben besser zu machen! <\/p>\n<p>20.000 Pa Saugkraft: Der Roboterstaubsauger LEFANT M3 Max \u00fcberzeugt mit einer starken Zyklon-Saugkraft von 20.000 Pa und entfernt effektiv Feinstaub, Tierhaare und Schmutz auch aus dicken Teppichen. Die V-f\u00f6rmige zentrale B\u00fcrstenwalze verf\u00fcgt \u00fcber einen doppelten Anti-Tangle-Kamm, der den Schmutz in der B\u00fcrstenmitte konzentriert und die Haare w\u00e4hrend der Rotation trennt. Dies verhindert ein Verheddern und sorgt f\u00fcr eine gleichbleibende Saugleistung. Es ist die ideale Wahl f\u00fcr Familien mit Haustieren.<br \/>360\u00b0-dToF-Lasernavigation mit Unterst\u00fctzung f\u00fcr mehrstufige Kartierung: Der Roboterstaubsauger LEFANT M3 Max scannt das gesamte Haus mit einem 360\u00b0-dToF-Laserscanner, erstellt detaillierte Karten und teilt R\u00e4ume automatisch auf. Das System optimiert den Reinigungsweg durch die Vermeidung von \u00dcberlappungen und ausgelassenen Bereichen und kann bis zu drei Karten speichern \u2013 ideal f\u00fcr mehrst\u00f6ckige H\u00e4user.<br \/>ZWEI ROTIERENDE MOPS (200 U\/min) AUTOMATISCHE 9-MM-HEBEFUNKTION Der Roboterstaubsauger LEFANT M3 max ist mit zwei rotierenden Mopps (200 U\/min) ausgestattet, die kontinuierlich Druck auf den Boden aus\u00fcben und so Fingerabdr\u00fccke, \u00d6lflecken und getrockneten Schmutz effektiv entfernen. Wenn ein Teppichboden erkannt wird, hebt sich der Mopp automatisch um 9 mm an, um die Oberfl\u00e4che trocken zu halten und eine gr\u00fcndliche Reinigung von Hartb\u00f6den und Teppichen zu gew\u00e4hrleisten.<br \/>Multifunktionale All-in-One-Reinigungsstation mit automatischer 3,2-Liter-Staubbeutelentleerung und 45 \u00b0C-Hei\u00dfwasser-Wischfunktion: Die multifunktionale All-in-One-Reinigungsstation des LEFANT M3 Max Roboterstaubsaugers kombiniert eine automatische 3,2-Liter-Staubbeutelentleerung, 45 \u00b0C-Hei\u00dfwasser-Wischfunktion und nat\u00fcrliche Lufttrocknung. Die 45 \u00b0C hei\u00dfe Wasserw\u00e4sche l\u00f6st effektiv Fett, \u00d6lflecken und eingetrockneten Schmutz, verbessert die Wischleistung und reduziert Ger\u00fcche und Bakterienwachstum nach jeder Reinigung. Separate 2,5-Liter-Frischwasser- und Abwassertanks erm\u00f6glichen einen vollst\u00e4ndigen Reinigungszyklus von bis zu 210 Quadratmetern und minimieren den manuellen Aufwand.<br \/>Bis zu 210 Minuten Akkulaufzeit und automatische Fortsetzung der Reinigung: Der Roboterstaubsauger LEFANT M3 MAX ist mit einem leistungsstarken 5200-mAh-Akku ausgestattet, der eine Laufzeit von bis zu 210 Minuten erm\u00f6glicht \u2013 genug, um mit einer einzigen Ladung bis zu 210 Quadratmeter zu reinigen. Bei niedrigem Akkustand kehrt der LEFANT Saugroboter automatisch zu seiner Ladestation zur\u00fcck und setzt die Reinigung an der unterbrochenen Stelle fort.<br \/>190\u00b0 Rundum-Hindernisvermeidung dank PSD-Sensoren und FreeMove-Technologie: Der Saugroboter LEFANT M3 MAX ist mit neun PSD-Sensoren ausgestattet, die einen 190\u00b0-Bereich abdecken. Selbst bei schwachem Licht erkennt es zuverl\u00e4ssig schwarze, metallische und transparente Objekte und vermeidet so Kollisionen und Verwicklungen bei der t\u00e4glichen Reinigung. Die FreeMove-Technologie macht mechanische Puffer \u00fcberfl\u00fcssig und erm\u00f6glicht so ein m\u00fcheloses Man\u00f6vrieren unter M\u00f6beln, zwischen Sitzen und in engen R\u00e4umen. Dadurch werden M\u00f6bel, W\u00e4nde und der Roboter selbst geschont und eine sichere Reinigung gew\u00e4hrleistet.<br \/>Intelligente Steuerung per App, 2,4GHz\/5GHz WLAN und Sprachbefehlen: Der LEFANT M3 Max Saugroboter kann \u00fcber die LEFANT App gesteuert werden, um R\u00e4ume, Sperrzonen und w\u00f6chentliche Reinigungspl\u00e4ne zu verwalten. Es ist mit Alexa und Google Assistant kompatibel und unterst\u00fctzt auch Sprachbefehle zum Starten der Reinigung.<\/p>\n<p>[ad_2]<\/p>\n","protected":false},"excerpt":{"rendered":"<p>Von der Marke M3 Wischroboter M2 Pro Roboter-Staubsauger M330 Pro Roboter-Staubsauger M210P Staubsaugerroboter M2 Staubsaugerroboter M1 Staubsaugerroboter Lefant ist einer der m\u00e4chtigsten Marktf\u00fchrer in der Herstellung innovativer Haushaltsprodukte. Wir sind der \u00dcberzeugung, dass wir gro\u00dfartige Produkte entwickeln, die durch freundlichen und reaktionsschnellen Service unterst\u00fctzt werden, um unsere Kunden auf der ganzen Welt zu begeistern. Unser [&hellip;]<\/p>\n","protected":false},"featured_media":3356,"comment_status":"open","ping_status":"closed","template":"","meta":{"_aipt_faq_data":""},"store":[],"product_brand":[173],"product_cat":[76],"product_tag":[298],"class_list":{"0":"post-3355","1":"product","2":"type-product","3":"status-publish","4":"has-post-thumbnail","6":"product_brand-lefant","7":"product_cat-staubsauger-roboter-mit-wischfunktion","8":"product_tag-staubsauger-roboter-mit-wischfunktion-und-wlan","10":"first","11":"instock","12":"shipping-taxable","13":"product-type-external"},"yoast_head":"<!-- This site is optimized with the Yoast SEO plugin v27.4 - https:\/\/yoast.com\/product\/yoast-seo-wordpress\/ -->\n<title>LEFANT M3 Max Saugroboter mit Wischfunktion, Anti-Tangle, 20.000 Pa Saugkraft, Vermeidung von Hindernissen, Multi-Etagen-Kartierung, LiDAR-Navigation, WLAN 2,4G\/5G, App und Alexa, 210 Min. max - EasyLifeBro<\/title>\n<meta name=\"description\" content=\"Entdecken Sie smarte Roboter f\u00fcr Zuhause, Garten, Bildung und Sicherheit. Vergleichen Sie Saugroboter, Rasenm\u00e4hroboter, KI-Begleitroboter und mehr bei EasyLifeRobo.\" \/>\n<meta name=\"robots\" content=\"index, follow, max-snippet:-1, max-image-preview:large, max-video-preview:-1\" \/>\n<link rel=\"canonical\" href=\"https:\/\/easyliferobo.com\/de\/product\/lefant-m3-max-saugroboter-mit-wischfunktion-anti-tangle-20-000-pa-saugkraft-vermeidung-von-hindernissen-multi-etagen-kartierung-lidar-navigation-wlan-24g-5g-app-und-alexa-210-min-max\/\" \/>\n<meta property=\"og:locale\" content=\"de_DE\" \/>\n<meta property=\"og:type\" content=\"article\" \/>\n<meta property=\"og:title\" content=\"LEFANT M3 Max Saugroboter mit Wischfunktion, Anti-Tangle, 20.000 Pa Saugkraft, Vermeidung von Hindernissen, Multi-Etagen-Kartierung, LiDAR-Navigation, WLAN 2,4G\/5G, App und Alexa, 210 Min. max - EasyLifeBro\" \/>\n<meta property=\"og:description\" content=\"Entdecken Sie smarte Roboter f\u00fcr Zuhause, Garten, Bildung und Sicherheit. Vergleichen Sie Saugroboter, Rasenm\u00e4hroboter, KI-Begleitroboter und mehr bei EasyLifeRobo.\" \/>\n<meta property=\"og:url\" content=\"https:\/\/easyliferobo.com\/de\/product\/lefant-m3-max-saugroboter-mit-wischfunktion-anti-tangle-20-000-pa-saugkraft-vermeidung-von-hindernissen-multi-etagen-kartierung-lidar-navigation-wlan-24g-5g-app-und-alexa-210-min-max\/\" \/>\n<meta property=\"og:site_name\" content=\"EasyLifeBro\" \/>\n<meta property=\"article:modified_time\" content=\"2026-02-27T06:47:57+00:00\" \/>\n<meta property=\"og:image\" content=\"https:\/\/images-na.ssl-images-amazon.com\/images\/G\/01\/x-locale\/common\/grey-pixel.gif\" \/>\n<meta name=\"twitter:card\" content=\"summary_large_image\" \/>\n<meta name=\"twitter:label1\" content=\"Gesch\u00e4tzte Lesezeit\" \/>\n\t<meta name=\"twitter:data1\" content=\"3\u00a0Minuten\" \/>\n<script type=\"application\/ld+json\" class=\"yoast-schema-graph\">{\"@context\":\"https:\\\/\\\/schema.org\",\"@graph\":[{\"@type\":\"WebPage\",\"@id\":\"https:\\\/\\\/easyliferobo.com\\\/de\\\/product\\\/lefant-m3-max-saugroboter-mit-wischfunktion-anti-tangle-20-000-pa-saugkraft-vermeidung-von-hindernissen-multi-etagen-kartierung-lidar-navigation-wlan-24g-5g-app-und-alexa-210-min-max\\\/\",\"url\":\"https:\\\/\\\/easyliferobo.com\\\/de\\\/product\\\/lefant-m3-max-saugroboter-mit-wischfunktion-anti-tangle-20-000-pa-saugkraft-vermeidung-von-hindernissen-multi-etagen-kartierung-lidar-navigation-wlan-24g-5g-app-und-alexa-210-min-max\\\/\",\"name\":\"LEFANT M3 Max Saugroboter mit Wischfunktion, Anti-Tangle, 20.000 Pa Saugkraft, Vermeidung von Hindernissen, Multi-Etagen-Kartierung, LiDAR-Navigation, WLAN 2,4G\\\/5G, App und Alexa, 210 Min. max - EasyLifeBro\",\"isPartOf\":{\"@id\":\"https:\\\/\\\/easyliferobo.com\\\/de\\\/#website\"},\"primaryImageOfPage\":{\"@id\":\"https:\\\/\\\/easyliferobo.com\\\/de\\\/product\\\/lefant-m3-max-saugroboter-mit-wischfunktion-anti-tangle-20-000-pa-saugkraft-vermeidung-von-hindernissen-multi-etagen-kartierung-lidar-navigation-wlan-24g-5g-app-und-alexa-210-min-max\\\/#primaryimage\"},\"image\":{\"@id\":\"https:\\\/\\\/easyliferobo.com\\\/de\\\/product\\\/lefant-m3-max-saugroboter-mit-wischfunktion-anti-tangle-20-000-pa-saugkraft-vermeidung-von-hindernissen-multi-etagen-kartierung-lidar-navigation-wlan-24g-5g-app-und-alexa-210-min-max\\\/#primaryimage\"},\"thumbnailUrl\":\"https:\\\/\\\/easyliferobo.com\\\/de\\\/wp-content\\\/uploads\\\/2026\\\/02\\\/71gwiNUHMrL._AC_SL1500_.jpg\",\"datePublished\":\"2026-02-27T06:47:40+00:00\",\"dateModified\":\"2026-02-27T06:47:57+00:00\",\"description\":\"Entdecken Sie smarte Roboter f\u00fcr Zuhause, Garten, Bildung und Sicherheit. Vergleichen Sie Saugroboter, Rasenm\u00e4hroboter, KI-Begleitroboter und mehr bei EasyLifeRobo.\",\"breadcrumb\":{\"@id\":\"https:\\\/\\\/easyliferobo.com\\\/de\\\/product\\\/lefant-m3-max-saugroboter-mit-wischfunktion-anti-tangle-20-000-pa-saugkraft-vermeidung-von-hindernissen-multi-etagen-kartierung-lidar-navigation-wlan-24g-5g-app-und-alexa-210-min-max\\\/#breadcrumb\"},\"inLanguage\":\"de\",\"potentialAction\":[{\"@type\":\"ReadAction\",\"target\":[\"https:\\\/\\\/easyliferobo.com\\\/de\\\/product\\\/lefant-m3-max-saugroboter-mit-wischfunktion-anti-tangle-20-000-pa-saugkraft-vermeidung-von-hindernissen-multi-etagen-kartierung-lidar-navigation-wlan-24g-5g-app-und-alexa-210-min-max\\\/\"]}]},{\"@type\":\"ImageObject\",\"inLanguage\":\"de\",\"@id\":\"https:\\\/\\\/easyliferobo.com\\\/de\\\/product\\\/lefant-m3-max-saugroboter-mit-wischfunktion-anti-tangle-20-000-pa-saugkraft-vermeidung-von-hindernissen-multi-etagen-kartierung-lidar-navigation-wlan-24g-5g-app-und-alexa-210-min-max\\\/#primaryimage\",\"url\":\"https:\\\/\\\/easyliferobo.com\\\/de\\\/wp-content\\\/uploads\\\/2026\\\/02\\\/71gwiNUHMrL._AC_SL1500_.jpg\",\"contentUrl\":\"https:\\\/\\\/easyliferobo.com\\\/de\\\/wp-content\\\/uploads\\\/2026\\\/02\\\/71gwiNUHMrL._AC_SL1500_.jpg\",\"width\":1439,\"height\":1500},{\"@type\":\"BreadcrumbList\",\"@id\":\"https:\\\/\\\/easyliferobo.com\\\/de\\\/product\\\/lefant-m3-max-saugroboter-mit-wischfunktion-anti-tangle-20-000-pa-saugkraft-vermeidung-von-hindernissen-multi-etagen-kartierung-lidar-navigation-wlan-24g-5g-app-und-alexa-210-min-max\\\/#breadcrumb\",\"itemListElement\":[{\"@type\":\"ListItem\",\"position\":1,\"name\":\"Home\",\"item\":\"https:\\\/\\\/easyliferobo.com\\\/de\\\/\"},{\"@type\":\"ListItem\",\"position\":2,\"name\":\"Shop\",\"item\":\"https:\\\/\\\/easyliferobo.com\\\/de\\\/shop\\\/\"},{\"@type\":\"ListItem\",\"position\":3,\"name\":\"LEFANT M3 Max Saugroboter mit Wisch...\"}]},{\"@type\":\"WebSite\",\"@id\":\"https:\\\/\\\/easyliferobo.com\\\/de\\\/#website\",\"url\":\"https:\\\/\\\/easyliferobo.com\\\/de\\\/\",\"name\":\"EasyLifeBro\",\"description\":\"Smarte Roboter f\u00fcr Zuhause, Garten &amp; Bildung\",\"publisher\":{\"@id\":\"https:\\\/\\\/easyliferobo.com\\\/de\\\/#organization\"},\"potentialAction\":[{\"@type\":\"SearchAction\",\"target\":{\"@type\":\"EntryPoint\",\"urlTemplate\":\"https:\\\/\\\/easyliferobo.com\\\/de\\\/?s={search_term_string}\"},\"query-input\":{\"@type\":\"PropertyValueSpecification\",\"valueRequired\":true,\"valueName\":\"search_term_string\"}}],\"inLanguage\":\"de\"},{\"@type\":\"Organization\",\"@id\":\"https:\\\/\\\/easyliferobo.com\\\/de\\\/#organization\",\"name\":\"EasyLifeBro\",\"url\":\"https:\\\/\\\/easyliferobo.com\\\/de\\\/\",\"logo\":{\"@type\":\"ImageObject\",\"inLanguage\":\"de\",\"@id\":\"https:\\\/\\\/easyliferobo.com\\\/de\\\/#\\\/schema\\\/logo\\\/image\\\/\",\"url\":\"https:\\\/\\\/easyliferobo.com\\\/de\\\/wp-content\\\/uploads\\\/2026\\\/02\\\/Screenshot-2026-02-22-at-2.25.03-PM.png\",\"contentUrl\":\"https:\\\/\\\/easyliferobo.com\\\/de\\\/wp-content\\\/uploads\\\/2026\\\/02\\\/Screenshot-2026-02-22-at-2.25.03-PM.png\",\"width\":1858,\"height\":430,\"caption\":\"EasyLifeBro\"},\"image\":{\"@id\":\"https:\\\/\\\/easyliferobo.com\\\/de\\\/#\\\/schema\\\/logo\\\/image\\\/\"}}]}<\/script>\n<!-- \/ Yoast SEO plugin. -->","yoast_head_json":{"title":"LEFANT M3 Max Saugroboter mit Wischfunktion, Anti-Tangle, 20.000 Pa Saugkraft, Vermeidung von Hindernissen, Multi-Etagen-Kartierung, LiDAR-Navigation, WLAN 2,4G\/5G, App und Alexa, 210 Min. max - EasyLifeBro","description":"Entdecken Sie smarte Roboter f\u00fcr Zuhause, Garten, Bildung und Sicherheit. Vergleichen Sie Saugroboter, Rasenm\u00e4hroboter, KI-Begleitroboter und mehr bei EasyLifeRobo.","robots":{"index":"index","follow":"follow","max-snippet":"max-snippet:-1","max-image-preview":"max-image-preview:large","max-video-preview":"max-video-preview:-1"},"canonical":"https:\/\/easyliferobo.com\/de\/product\/lefant-m3-max-saugroboter-mit-wischfunktion-anti-tangle-20-000-pa-saugkraft-vermeidung-von-hindernissen-multi-etagen-kartierung-lidar-navigation-wlan-24g-5g-app-und-alexa-210-min-max\/","og_locale":"de_DE","og_type":"article","og_title":"LEFANT M3 Max Saugroboter mit Wischfunktion, Anti-Tangle, 20.000 Pa Saugkraft, Vermeidung von Hindernissen, Multi-Etagen-Kartierung, LiDAR-Navigation, WLAN 2,4G\/5G, App und Alexa, 210 Min. max - EasyLifeBro","og_description":"Entdecken Sie smarte Roboter f\u00fcr Zuhause, Garten, Bildung und Sicherheit. Vergleichen Sie Saugroboter, Rasenm\u00e4hroboter, KI-Begleitroboter und mehr bei EasyLifeRobo.","og_url":"https:\/\/easyliferobo.com\/de\/product\/lefant-m3-max-saugroboter-mit-wischfunktion-anti-tangle-20-000-pa-saugkraft-vermeidung-von-hindernissen-multi-etagen-kartierung-lidar-navigation-wlan-24g-5g-app-und-alexa-210-min-max\/","og_site_name":"EasyLifeBro","article_modified_time":"2026-02-27T06:47:57+00:00","og_image":[{"url":"https:\/\/images-na.ssl-images-amazon.com\/images\/G\/01\/x-locale\/common\/grey-pixel.gif","type":"","width":"","height":""}],"twitter_card":"summary_large_image","twitter_misc":{"Gesch\u00e4tzte Lesezeit":"3\u00a0Minuten"},"schema":{"@context":"https:\/\/schema.org","@graph":[{"@type":"WebPage","@id":"https:\/\/easyliferobo.com\/de\/product\/lefant-m3-max-saugroboter-mit-wischfunktion-anti-tangle-20-000-pa-saugkraft-vermeidung-von-hindernissen-multi-etagen-kartierung-lidar-navigation-wlan-24g-5g-app-und-alexa-210-min-max\/","url":"https:\/\/easyliferobo.com\/de\/product\/lefant-m3-max-saugroboter-mit-wischfunktion-anti-tangle-20-000-pa-saugkraft-vermeidung-von-hindernissen-multi-etagen-kartierung-lidar-navigation-wlan-24g-5g-app-und-alexa-210-min-max\/","name":"LEFANT M3 Max Saugroboter mit Wischfunktion, Anti-Tangle, 20.000 Pa Saugkraft, Vermeidung von Hindernissen, Multi-Etagen-Kartierung, LiDAR-Navigation, WLAN 2,4G\/5G, App und Alexa, 210 Min. max - EasyLifeBro","isPartOf":{"@id":"https:\/\/easyliferobo.com\/de\/#website"},"primaryImageOfPage":{"@id":"https:\/\/easyliferobo.com\/de\/product\/lefant-m3-max-saugroboter-mit-wischfunktion-anti-tangle-20-000-pa-saugkraft-vermeidung-von-hindernissen-multi-etagen-kartierung-lidar-navigation-wlan-24g-5g-app-und-alexa-210-min-max\/#primaryimage"},"image":{"@id":"https:\/\/easyliferobo.com\/de\/product\/lefant-m3-max-saugroboter-mit-wischfunktion-anti-tangle-20-000-pa-saugkraft-vermeidung-von-hindernissen-multi-etagen-kartierung-lidar-navigation-wlan-24g-5g-app-und-alexa-210-min-max\/#primaryimage"},"thumbnailUrl":"https:\/\/easyliferobo.com\/de\/wp-content\/uploads\/2026\/02\/71gwiNUHMrL._AC_SL1500_.jpg","datePublished":"2026-02-27T06:47:40+00:00","dateModified":"2026-02-27T06:47:57+00:00","description":"Entdecken Sie smarte Roboter f\u00fcr Zuhause, Garten, Bildung und Sicherheit. Vergleichen Sie Saugroboter, Rasenm\u00e4hroboter, KI-Begleitroboter und mehr bei EasyLifeRobo.","breadcrumb":{"@id":"https:\/\/easyliferobo.com\/de\/product\/lefant-m3-max-saugroboter-mit-wischfunktion-anti-tangle-20-000-pa-saugkraft-vermeidung-von-hindernissen-multi-etagen-kartierung-lidar-navigation-wlan-24g-5g-app-und-alexa-210-min-max\/#breadcrumb"},"inLanguage":"de","potentialAction":[{"@type":"ReadAction","target":["https:\/\/easyliferobo.com\/de\/product\/lefant-m3-max-saugroboter-mit-wischfunktion-anti-tangle-20-000-pa-saugkraft-vermeidung-von-hindernissen-multi-etagen-kartierung-lidar-navigation-wlan-24g-5g-app-und-alexa-210-min-max\/"]}]},{"@type":"ImageObject","inLanguage":"de","@id":"https:\/\/easyliferobo.com\/de\/product\/lefant-m3-max-saugroboter-mit-wischfunktion-anti-tangle-20-000-pa-saugkraft-vermeidung-von-hindernissen-multi-etagen-kartierung-lidar-navigation-wlan-24g-5g-app-und-alexa-210-min-max\/#primaryimage","url":"https:\/\/easyliferobo.com\/de\/wp-content\/uploads\/2026\/02\/71gwiNUHMrL._AC_SL1500_.jpg","contentUrl":"https:\/\/easyliferobo.com\/de\/wp-content\/uploads\/2026\/02\/71gwiNUHMrL._AC_SL1500_.jpg","width":1439,"height":1500},{"@type":"BreadcrumbList","@id":"https:\/\/easyliferobo.com\/de\/product\/lefant-m3-max-saugroboter-mit-wischfunktion-anti-tangle-20-000-pa-saugkraft-vermeidung-von-hindernissen-multi-etagen-kartierung-lidar-navigation-wlan-24g-5g-app-und-alexa-210-min-max\/#breadcrumb","itemListElement":[{"@type":"ListItem","position":1,"name":"Home","item":"https:\/\/easyliferobo.com\/de\/"},{"@type":"ListItem","position":2,"name":"Shop","item":"https:\/\/easyliferobo.com\/de\/shop\/"},{"@type":"ListItem","position":3,"name":"LEFANT M3 Max Saugroboter mit Wisch..."}]},{"@type":"WebSite","@id":"https:\/\/easyliferobo.com\/de\/#website","url":"https:\/\/easyliferobo.com\/de\/","name":"EasyLifeBro","description":"Smarte Roboter f\u00fcr Zuhause, Garten &amp; Bildung","publisher":{"@id":"https:\/\/easyliferobo.com\/de\/#organization"},"potentialAction":[{"@type":"SearchAction","target":{"@type":"EntryPoint","urlTemplate":"https:\/\/easyliferobo.com\/de\/?s={search_term_string}"},"query-input":{"@type":"PropertyValueSpecification","valueRequired":true,"valueName":"search_term_string"}}],"inLanguage":"de"},{"@type":"Organization","@id":"https:\/\/easyliferobo.com\/de\/#organization","name":"EasyLifeBro","url":"https:\/\/easyliferobo.com\/de\/","logo":{"@type":"ImageObject","inLanguage":"de","@id":"https:\/\/easyliferobo.com\/de\/#\/schema\/logo\/image\/","url":"https:\/\/easyliferobo.com\/de\/wp-content\/uploads\/2026\/02\/Screenshot-2026-02-22-at-2.25.03-PM.png","contentUrl":"https:\/\/easyliferobo.com\/de\/wp-content\/uploads\/2026\/02\/Screenshot-2026-02-22-at-2.25.03-PM.png","width":1858,"height":430,"caption":"EasyLifeBro"},"image":{"@id":"https:\/\/easyliferobo.com\/de\/#\/schema\/logo\/image\/"}}]}},"_links":{"self":[{"href":"https:\/\/easyliferobo.com\/de\/wp-json\/wp\/v2\/product\/3355","targetHints":{"allow":["GET"]}}],"collection":[{"href":"https:\/\/easyliferobo.com\/de\/wp-json\/wp\/v2\/product"}],"about":[{"href":"https:\/\/easyliferobo.com\/de\/wp-json\/wp\/v2\/types\/product"}],"replies":[{"embeddable":true,"href":"https:\/\/easyliferobo.com\/de\/wp-json\/wp\/v2\/comments?post=3355"}],"wp:featuredmedia":[{"embeddable":true,"href":"https:\/\/easyliferobo.com\/de\/wp-json\/wp\/v2\/media\/3356"}],"wp:attachment":[{"href":"https:\/\/easyliferobo.com\/de\/wp-json\/wp\/v2\/media?parent=3355"}],"wp:term":[{"taxonomy":"store","embeddable":true,"href":"https:\/\/easyliferobo.com\/de\/wp-json\/wp\/v2\/store?post=3355"},{"taxonomy":"product_brand","embeddable":true,"href":"https:\/\/easyliferobo.com\/de\/wp-json\/wp\/v2\/product_brand?post=3355"},{"taxonomy":"product_cat","embeddable":true,"href":"https:\/\/easyliferobo.com\/de\/wp-json\/wp\/v2\/product_cat?post=3355"},{"taxonomy":"product_tag","embeddable":true,"href":"https:\/\/easyliferobo.com\/de\/wp-json\/wp\/v2\/product_tag?post=3355"}],"curies":[{"name":"wp","href":"https:\/\/api.w.org\/{rel}","templated":true}]}}