
{"id":3346,"date":"2026-02-27T06:46:41","date_gmt":"2026-02-27T06:46:41","guid":{"rendered":"https:\/\/easyliferobo.com\/de\/product\/makeblock-mbot-ultimate-programmierbarer-10-in-1-roboterbausatz-ueber-160-mechanische-teile-und-module-mainboard-megapi-kompatibel-mit-arduino-und-raspberry-pi-drahtlose-fernbedienung\/"},"modified":"2026-02-27T06:46:58","modified_gmt":"2026-02-27T06:46:58","slug":"makeblock-mbot-ultimate-programmierbarer-10-in-1-roboterbausatz-ueber-160-mechanische-teile-und-module-mainboard-megapi-kompatibel-mit-arduino-und-raspberry-pi-drahtlose-fernbedienung","status":"publish","type":"product","link":"https:\/\/easyliferobo.com\/de\/product\/makeblock-mbot-ultimate-programmierbarer-10-in-1-roboterbausatz-ueber-160-mechanische-teile-und-module-mainboard-megapi-kompatibel-mit-arduino-und-raspberry-pi-drahtlose-fernbedienung\/","title":{"rendered":"Makeblock mBot Ultimate, programmie..."},"content":{"rendered":"<p>\n                                             Von der Marke   <\/p>\n<p>                                              <img decoding=\"async\" alt=\"Makeblcok-Markengeschichte\" src=\"https:\/\/images-na.ssl-images-amazon.com\/images\/G\/01\/x-locale\/common\/grey-pixel.gif\" class=\"a-lazy-loaded\" data-src=\"https:\/\/m.media-amazon.com\/images\/S\/aplus-media-library-service-media\/4faf8972-7ef0-4260-bd06-acf82ed3ad23.__CR0,0,1464,625_PT0_SX1464_V1___.jpg\"><img decoding=\"async\" alt=\"Makeblcok-Markengeschichte\" src=\"https:\/\/m.media-amazon.com\/images\/S\/aplus-media-library-service-media\/4faf8972-7ef0-4260-bd06-acf82ed3ad23.__CR0,0,1464,625_PT0_SX1464_V1___.jpg\">  <\/p>\n<p>                                              <img decoding=\"async\" alt=\"Makeblock-Geschichte der Marke\" src=\"https:\/\/images-na.ssl-images-amazon.com\/images\/G\/01\/x-locale\/common\/grey-pixel.gif\" class=\"a-lazy-loaded\" data-src=\"https:\/\/m.media-amazon.com\/images\/S\/aplus-media-library-service-media\/dc1539e0-1bb6-44c4-aa81-12721abc9539.__CR0,0,362,453_PT0_SX362_V1___.jpg\"><img decoding=\"async\" alt=\"Makeblock-Geschichte der Marke\" src=\"https:\/\/m.media-amazon.com\/images\/S\/aplus-media-library-service-media\/dc1539e0-1bb6-44c4-aa81-12721abc9539.__CR0,0,362,453_PT0_SX362_V1___.jpg\">  <\/p>\n<p>                                              <img decoding=\"async\" alt=\"Makeblock-Markengeschichte\" src=\"https:\/\/images-na.ssl-images-amazon.com\/images\/G\/01\/x-locale\/common\/grey-pixel.gif\" class=\"a-lazy-loaded\" data-src=\"https:\/\/m.media-amazon.com\/images\/S\/aplus-media-library-service-media\/ec8a1e57-8b03-49ba-a190-f0d249844255.__CR0,0,362,453_PT0_SX362_V1___.jpg\"><img decoding=\"async\" alt=\"Makeblock-Markengeschichte\" src=\"https:\/\/m.media-amazon.com\/images\/S\/aplus-media-library-service-media\/ec8a1e57-8b03-49ba-a190-f0d249844255.__CR0,0,362,453_PT0_SX362_V1___.jpg\">  <\/p>\n<p>                                              <img decoding=\"async\" alt=\"Makeblock-Markengeschichte\" src=\"https:\/\/images-na.ssl-images-amazon.com\/images\/G\/01\/x-locale\/common\/grey-pixel.gif\" class=\"a-lazy-loaded\" data-src=\"https:\/\/m.media-amazon.com\/images\/S\/aplus-media-library-service-media\/9104e942-18dd-469e-9c22-27037a60bc0f.__CR0,0,362,453_PT0_SX362_V1___.jpg\"><img decoding=\"async\" alt=\"Makeblock-Markengeschichte\" src=\"https:\/\/m.media-amazon.com\/images\/S\/aplus-media-library-service-media\/9104e942-18dd-469e-9c22-27037a60bc0f.__CR0,0,362,453_PT0_SX362_V1___.jpg\">  <\/p>\n<h3>  Geeignet f\u00fcr Kinder ab 4 Jahren <\/h3>\n<p class=\"apm-brand-story-stores-link\">\n<h3>  Geeignet f\u00fcr Kinder ab 6 Jahren <\/h3>\n<p class=\"apm-brand-story-stores-link\">\n<h3>  Geeignet f\u00fcr Kinder ab 8 Jahren <\/h3>\n<p class=\"apm-brand-story-stores-link\">\n<h3>  Ab 12 Jahren <\/h3>\n<p class=\"apm-brand-story-stores-link\">\n<p>Verwandelbarer 10-in-1-Roboter: Roboterarmtank, Roboterbarkeeper, 3D-Erkennung, Roboterarmtank, Roboterbarriere, 3D-Erkennung, selbstbalancierender Roboter, Roboterameise, rollender Panzer, Erkennungsroboter, 3D-Erkennung usw., mehr als 160 mechanische Teile und elektronische Module, die bereitgestellt werden, um Ihren eigenen Roboter f\u00fcr verschiedene Robotikprojekte zu bauen. Wir bieten auch Benutzerhandb\u00fccher und Online-Lernressourcen an, um das Programmieren zu erleichtern.<br \/>\u3010Kompatibel mit Arduino und Raspberry Pi\u3011 Das Ultimate MegaPi-Motherboard ist mit Arduino und Raspberry Pi kompatibel. Mit der leistungsstarken MegaPi-Hauptsteuerplatine kann Ultimate High-Level-Funktionen wie Synchronantrieb und Geschwindigkeitsregelung realisieren. Mehrere Motoren und Servos, Sensorablesung und Raspberry Pi-Kommunikation. Mit der App k\u00f6nnen Sie diesen erstaunlichen Lernroboter fernsteuern.<br \/>Programmiersprachen f\u00fcr alle: Ultimate ist mit visueller Programmierung wie blockbasierten Scratch-Programmiersprachen und der Arduino IDE kompatibel. Sie k\u00f6nnen es auch mit Raspberry Pi kombinieren, um Python-Programmier- und Codierungsspiele zu erstellen. Mit der Makeblock-Programmiersoftware k\u00f6nnen Sie durch einfaches Ziehen und Ablegen von Bl\u00f6cken programmieren. Sowohl Programmieranf\u00e4nger als auch Profis k\u00f6nnen eine tolle Zeit haben.<br \/>Aluminiumlegierungsmaterialien: Die meisten Komponenten von Ultimate bestehen aus einer Aluminiumlegierung in Industriequalit\u00e4t, die eine hohe Festigkeit aufweist und eine lange Lebensdauer bietet. Sie sind ungiftig. Seien Sie ein sicheres, leichtes, solides und langlebiges Lehrmittel.<br \/>Professionelle Programmierberatung durch kostenlose Apps: Ganz gleich, ob Sie ein Programmieranf\u00e4nger, ein Raspberry Pi- und Arduino-Enthusiast, ein Maschinenbau- und Elektronikingenieur, ein Lehrer oder ein Student sind, Ultimate hilft Ihnen, mit kostenlosen Apps das Programmieren von den Grundlagen bis zum Fortgeschrittenen zu erlernen. Es ist ein perfektes Geschenk f\u00fcr Kinder, Erwachsene und Roboterliebhaber.<\/p>\n<p>[ad_2]<\/p>\n","protected":false},"excerpt":{"rendered":"<p>Von der Marke Geeignet f\u00fcr Kinder ab 4 Jahren Geeignet f\u00fcr Kinder ab 6 Jahren Geeignet f\u00fcr Kinder ab 8 Jahren Ab 12 Jahren Verwandelbarer 10-in-1-Roboter: Roboterarmtank, Roboterbarkeeper, 3D-Erkennung, Roboterarmtank, Roboterbarriere, 3D-Erkennung, selbstbalancierender Roboter, Roboterameise, rollender Panzer, Erkennungsroboter, 3D-Erkennung usw., mehr als 160 mechanische Teile und elektronische Module, die bereitgestellt werden, um Ihren eigenen Roboter [&hellip;]<\/p>\n","protected":false},"featured_media":3347,"comment_status":"open","ping_status":"closed","template":"","meta":{"_aipt_faq_data":""},"store":[],"product_brand":[],"product_cat":[78],"product_tag":[297],"class_list":{"0":"post-3346","1":"product","2":"type-product","3":"status-publish","4":"has-post-thumbnail","6":"product_cat-programmierroboter-fuer-kinder","7":"product_tag-programmierroboter-fuer-kinder-lernspielzeug","9":"first","10":"instock","11":"shipping-taxable","12":"product-type-external"},"yoast_head":"<!-- This site is optimized with the Yoast SEO plugin v27.0 - https:\/\/yoast.com\/product\/yoast-seo-wordpress\/ -->\n<title>Makeblock mBot Ultimate, programmierbarer 10-in-1-Roboterbausatz, \u00fcber 160 mechanische Teile und Module, Mainboard MegaPi, kompatibel mit Arduino und Raspberry Pi, drahtlose Fernbedienung - EasyLifeBro<\/title>\n<meta name=\"description\" content=\"Entdecken Sie smarte Roboter f\u00fcr Zuhause, Garten, Bildung und Sicherheit. Vergleichen Sie Saugroboter, Rasenm\u00e4hroboter, KI-Begleitroboter und mehr bei EasyLifeRobo.\" \/>\n<meta name=\"robots\" content=\"index, follow, max-snippet:-1, max-image-preview:large, max-video-preview:-1\" \/>\n<link rel=\"canonical\" href=\"https:\/\/easyliferobo.com\/de\/product\/makeblock-mbot-ultimate-programmierbarer-10-in-1-roboterbausatz-ueber-160-mechanische-teile-und-module-mainboard-megapi-kompatibel-mit-arduino-und-raspberry-pi-drahtlose-fernbedienung\/\" \/>\n<meta property=\"og:locale\" content=\"de_DE\" \/>\n<meta property=\"og:type\" content=\"article\" \/>\n<meta property=\"og:title\" content=\"Makeblock mBot Ultimate, programmierbarer 10-in-1-Roboterbausatz, \u00fcber 160 mechanische Teile und Module, Mainboard MegaPi, kompatibel mit Arduino und Raspberry Pi, drahtlose Fernbedienung - EasyLifeBro\" \/>\n<meta property=\"og:description\" content=\"Entdecken Sie smarte Roboter f\u00fcr Zuhause, Garten, Bildung und Sicherheit. Vergleichen Sie Saugroboter, Rasenm\u00e4hroboter, KI-Begleitroboter und mehr bei EasyLifeRobo.\" \/>\n<meta property=\"og:url\" content=\"https:\/\/easyliferobo.com\/de\/product\/makeblock-mbot-ultimate-programmierbarer-10-in-1-roboterbausatz-ueber-160-mechanische-teile-und-module-mainboard-megapi-kompatibel-mit-arduino-und-raspberry-pi-drahtlose-fernbedienung\/\" \/>\n<meta property=\"og:site_name\" content=\"EasyLifeBro\" \/>\n<meta property=\"article:modified_time\" content=\"2026-02-27T06:46:58+00:00\" \/>\n<meta property=\"og:image\" content=\"https:\/\/images-na.ssl-images-amazon.com\/images\/G\/01\/x-locale\/common\/grey-pixel.gif\" \/>\n<meta name=\"twitter:card\" content=\"summary_large_image\" \/>\n<meta name=\"twitter:label1\" content=\"Gesch\u00e4tzte Lesezeit\" \/>\n\t<meta name=\"twitter:data1\" content=\"1\u00a0Minute\" \/>\n<script type=\"application\/ld+json\" class=\"yoast-schema-graph\">{\"@context\":\"https:\/\/schema.org\",\"@graph\":[{\"@type\":\"WebPage\",\"@id\":\"https:\/\/easyliferobo.com\/de\/product\/makeblock-mbot-ultimate-programmierbarer-10-in-1-roboterbausatz-ueber-160-mechanische-teile-und-module-mainboard-megapi-kompatibel-mit-arduino-und-raspberry-pi-drahtlose-fernbedienung\/\",\"url\":\"https:\/\/easyliferobo.com\/de\/product\/makeblock-mbot-ultimate-programmierbarer-10-in-1-roboterbausatz-ueber-160-mechanische-teile-und-module-mainboard-megapi-kompatibel-mit-arduino-und-raspberry-pi-drahtlose-fernbedienung\/\",\"name\":\"Makeblock mBot Ultimate, programmierbarer 10-in-1-Roboterbausatz, \u00fcber 160 mechanische Teile und Module, Mainboard MegaPi, kompatibel mit Arduino und Raspberry Pi, drahtlose Fernbedienung - EasyLifeBro\",\"isPartOf\":{\"@id\":\"https:\/\/easyliferobo.com\/de\/#website\"},\"primaryImageOfPage\":{\"@id\":\"https:\/\/easyliferobo.com\/de\/product\/makeblock-mbot-ultimate-programmierbarer-10-in-1-roboterbausatz-ueber-160-mechanische-teile-und-module-mainboard-megapi-kompatibel-mit-arduino-und-raspberry-pi-drahtlose-fernbedienung\/#primaryimage\"},\"image\":{\"@id\":\"https:\/\/easyliferobo.com\/de\/product\/makeblock-mbot-ultimate-programmierbarer-10-in-1-roboterbausatz-ueber-160-mechanische-teile-und-module-mainboard-megapi-kompatibel-mit-arduino-und-raspberry-pi-drahtlose-fernbedienung\/#primaryimage\"},\"thumbnailUrl\":\"https:\/\/easyliferobo.com\/de\/wp-content\/uploads\/2026\/02\/71fErHYnYTL._SL1500_.jpg\",\"datePublished\":\"2026-02-27T06:46:41+00:00\",\"dateModified\":\"2026-02-27T06:46:58+00:00\",\"description\":\"Entdecken Sie smarte Roboter f\u00fcr Zuhause, Garten, Bildung und Sicherheit. Vergleichen Sie Saugroboter, Rasenm\u00e4hroboter, KI-Begleitroboter und mehr bei EasyLifeRobo.\",\"breadcrumb\":{\"@id\":\"https:\/\/easyliferobo.com\/de\/product\/makeblock-mbot-ultimate-programmierbarer-10-in-1-roboterbausatz-ueber-160-mechanische-teile-und-module-mainboard-megapi-kompatibel-mit-arduino-und-raspberry-pi-drahtlose-fernbedienung\/#breadcrumb\"},\"inLanguage\":\"de\",\"potentialAction\":[{\"@type\":\"ReadAction\",\"target\":[\"https:\/\/easyliferobo.com\/de\/product\/makeblock-mbot-ultimate-programmierbarer-10-in-1-roboterbausatz-ueber-160-mechanische-teile-und-module-mainboard-megapi-kompatibel-mit-arduino-und-raspberry-pi-drahtlose-fernbedienung\/\"]}]},{\"@type\":\"ImageObject\",\"inLanguage\":\"de\",\"@id\":\"https:\/\/easyliferobo.com\/de\/product\/makeblock-mbot-ultimate-programmierbarer-10-in-1-roboterbausatz-ueber-160-mechanische-teile-und-module-mainboard-megapi-kompatibel-mit-arduino-und-raspberry-pi-drahtlose-fernbedienung\/#primaryimage\",\"url\":\"https:\/\/easyliferobo.com\/de\/wp-content\/uploads\/2026\/02\/71fErHYnYTL._SL1500_.jpg\",\"contentUrl\":\"https:\/\/easyliferobo.com\/de\/wp-content\/uploads\/2026\/02\/71fErHYnYTL._SL1500_.jpg\",\"width\":1500,\"height\":1500},{\"@type\":\"BreadcrumbList\",\"@id\":\"https:\/\/easyliferobo.com\/de\/product\/makeblock-mbot-ultimate-programmierbarer-10-in-1-roboterbausatz-ueber-160-mechanische-teile-und-module-mainboard-megapi-kompatibel-mit-arduino-und-raspberry-pi-drahtlose-fernbedienung\/#breadcrumb\",\"itemListElement\":[{\"@type\":\"ListItem\",\"position\":1,\"name\":\"Home\",\"item\":\"https:\/\/easyliferobo.com\/de\/\"},{\"@type\":\"ListItem\",\"position\":2,\"name\":\"Shop\",\"item\":\"https:\/\/easyliferobo.com\/de\/shop\/\"},{\"@type\":\"ListItem\",\"position\":3,\"name\":\"Makeblock mBot Ultimate, programmie...\"}]},{\"@type\":\"WebSite\",\"@id\":\"https:\/\/easyliferobo.com\/de\/#website\",\"url\":\"https:\/\/easyliferobo.com\/de\/\",\"name\":\"EasyLifeBro\",\"description\":\"Smarte Roboter f\u00fcr Zuhause, Garten &amp; Bildung\",\"publisher\":{\"@id\":\"https:\/\/easyliferobo.com\/de\/#organization\"},\"potentialAction\":[{\"@type\":\"SearchAction\",\"target\":{\"@type\":\"EntryPoint\",\"urlTemplate\":\"https:\/\/easyliferobo.com\/de\/?s={search_term_string}\"},\"query-input\":{\"@type\":\"PropertyValueSpecification\",\"valueRequired\":true,\"valueName\":\"search_term_string\"}}],\"inLanguage\":\"de\"},{\"@type\":\"Organization\",\"@id\":\"https:\/\/easyliferobo.com\/de\/#organization\",\"name\":\"EasyLifeBro\",\"url\":\"https:\/\/easyliferobo.com\/de\/\",\"logo\":{\"@type\":\"ImageObject\",\"inLanguage\":\"de\",\"@id\":\"https:\/\/easyliferobo.com\/de\/#\/schema\/logo\/image\/\",\"url\":\"https:\/\/easyliferobo.com\/de\/wp-content\/uploads\/2026\/02\/Screenshot-2026-02-22-at-2.25.03-PM.png\",\"contentUrl\":\"https:\/\/easyliferobo.com\/de\/wp-content\/uploads\/2026\/02\/Screenshot-2026-02-22-at-2.25.03-PM.png\",\"width\":1858,\"height\":430,\"caption\":\"EasyLifeBro\"},\"image\":{\"@id\":\"https:\/\/easyliferobo.com\/de\/#\/schema\/logo\/image\/\"}}]}<\/script>\n<!-- \/ Yoast SEO plugin. -->","yoast_head_json":{"title":"Makeblock mBot Ultimate, programmierbarer 10-in-1-Roboterbausatz, \u00fcber 160 mechanische Teile und Module, Mainboard MegaPi, kompatibel mit Arduino und Raspberry Pi, drahtlose Fernbedienung - EasyLifeBro","description":"Entdecken Sie smarte Roboter f\u00fcr Zuhause, Garten, Bildung und Sicherheit. Vergleichen Sie Saugroboter, Rasenm\u00e4hroboter, KI-Begleitroboter und mehr bei EasyLifeRobo.","robots":{"index":"index","follow":"follow","max-snippet":"max-snippet:-1","max-image-preview":"max-image-preview:large","max-video-preview":"max-video-preview:-1"},"canonical":"https:\/\/easyliferobo.com\/de\/product\/makeblock-mbot-ultimate-programmierbarer-10-in-1-roboterbausatz-ueber-160-mechanische-teile-und-module-mainboard-megapi-kompatibel-mit-arduino-und-raspberry-pi-drahtlose-fernbedienung\/","og_locale":"de_DE","og_type":"article","og_title":"Makeblock mBot Ultimate, programmierbarer 10-in-1-Roboterbausatz, \u00fcber 160 mechanische Teile und Module, Mainboard MegaPi, kompatibel mit Arduino und Raspberry Pi, drahtlose Fernbedienung - EasyLifeBro","og_description":"Entdecken Sie smarte Roboter f\u00fcr Zuhause, Garten, Bildung und Sicherheit. Vergleichen Sie Saugroboter, Rasenm\u00e4hroboter, KI-Begleitroboter und mehr bei EasyLifeRobo.","og_url":"https:\/\/easyliferobo.com\/de\/product\/makeblock-mbot-ultimate-programmierbarer-10-in-1-roboterbausatz-ueber-160-mechanische-teile-und-module-mainboard-megapi-kompatibel-mit-arduino-und-raspberry-pi-drahtlose-fernbedienung\/","og_site_name":"EasyLifeBro","article_modified_time":"2026-02-27T06:46:58+00:00","og_image":[{"url":"https:\/\/images-na.ssl-images-amazon.com\/images\/G\/01\/x-locale\/common\/grey-pixel.gif","type":"","width":"","height":""}],"twitter_card":"summary_large_image","twitter_misc":{"Gesch\u00e4tzte Lesezeit":"1\u00a0Minute"},"schema":{"@context":"https:\/\/schema.org","@graph":[{"@type":"WebPage","@id":"https:\/\/easyliferobo.com\/de\/product\/makeblock-mbot-ultimate-programmierbarer-10-in-1-roboterbausatz-ueber-160-mechanische-teile-und-module-mainboard-megapi-kompatibel-mit-arduino-und-raspberry-pi-drahtlose-fernbedienung\/","url":"https:\/\/easyliferobo.com\/de\/product\/makeblock-mbot-ultimate-programmierbarer-10-in-1-roboterbausatz-ueber-160-mechanische-teile-und-module-mainboard-megapi-kompatibel-mit-arduino-und-raspberry-pi-drahtlose-fernbedienung\/","name":"Makeblock mBot Ultimate, programmierbarer 10-in-1-Roboterbausatz, \u00fcber 160 mechanische Teile und Module, Mainboard MegaPi, kompatibel mit Arduino und Raspberry Pi, drahtlose Fernbedienung - EasyLifeBro","isPartOf":{"@id":"https:\/\/easyliferobo.com\/de\/#website"},"primaryImageOfPage":{"@id":"https:\/\/easyliferobo.com\/de\/product\/makeblock-mbot-ultimate-programmierbarer-10-in-1-roboterbausatz-ueber-160-mechanische-teile-und-module-mainboard-megapi-kompatibel-mit-arduino-und-raspberry-pi-drahtlose-fernbedienung\/#primaryimage"},"image":{"@id":"https:\/\/easyliferobo.com\/de\/product\/makeblock-mbot-ultimate-programmierbarer-10-in-1-roboterbausatz-ueber-160-mechanische-teile-und-module-mainboard-megapi-kompatibel-mit-arduino-und-raspberry-pi-drahtlose-fernbedienung\/#primaryimage"},"thumbnailUrl":"https:\/\/easyliferobo.com\/de\/wp-content\/uploads\/2026\/02\/71fErHYnYTL._SL1500_.jpg","datePublished":"2026-02-27T06:46:41+00:00","dateModified":"2026-02-27T06:46:58+00:00","description":"Entdecken Sie smarte Roboter f\u00fcr Zuhause, Garten, Bildung und Sicherheit. Vergleichen Sie Saugroboter, Rasenm\u00e4hroboter, KI-Begleitroboter und mehr bei EasyLifeRobo.","breadcrumb":{"@id":"https:\/\/easyliferobo.com\/de\/product\/makeblock-mbot-ultimate-programmierbarer-10-in-1-roboterbausatz-ueber-160-mechanische-teile-und-module-mainboard-megapi-kompatibel-mit-arduino-und-raspberry-pi-drahtlose-fernbedienung\/#breadcrumb"},"inLanguage":"de","potentialAction":[{"@type":"ReadAction","target":["https:\/\/easyliferobo.com\/de\/product\/makeblock-mbot-ultimate-programmierbarer-10-in-1-roboterbausatz-ueber-160-mechanische-teile-und-module-mainboard-megapi-kompatibel-mit-arduino-und-raspberry-pi-drahtlose-fernbedienung\/"]}]},{"@type":"ImageObject","inLanguage":"de","@id":"https:\/\/easyliferobo.com\/de\/product\/makeblock-mbot-ultimate-programmierbarer-10-in-1-roboterbausatz-ueber-160-mechanische-teile-und-module-mainboard-megapi-kompatibel-mit-arduino-und-raspberry-pi-drahtlose-fernbedienung\/#primaryimage","url":"https:\/\/easyliferobo.com\/de\/wp-content\/uploads\/2026\/02\/71fErHYnYTL._SL1500_.jpg","contentUrl":"https:\/\/easyliferobo.com\/de\/wp-content\/uploads\/2026\/02\/71fErHYnYTL._SL1500_.jpg","width":1500,"height":1500},{"@type":"BreadcrumbList","@id":"https:\/\/easyliferobo.com\/de\/product\/makeblock-mbot-ultimate-programmierbarer-10-in-1-roboterbausatz-ueber-160-mechanische-teile-und-module-mainboard-megapi-kompatibel-mit-arduino-und-raspberry-pi-drahtlose-fernbedienung\/#breadcrumb","itemListElement":[{"@type":"ListItem","position":1,"name":"Home","item":"https:\/\/easyliferobo.com\/de\/"},{"@type":"ListItem","position":2,"name":"Shop","item":"https:\/\/easyliferobo.com\/de\/shop\/"},{"@type":"ListItem","position":3,"name":"Makeblock mBot Ultimate, programmie..."}]},{"@type":"WebSite","@id":"https:\/\/easyliferobo.com\/de\/#website","url":"https:\/\/easyliferobo.com\/de\/","name":"EasyLifeBro","description":"Smarte Roboter f\u00fcr Zuhause, Garten &amp; Bildung","publisher":{"@id":"https:\/\/easyliferobo.com\/de\/#organization"},"potentialAction":[{"@type":"SearchAction","target":{"@type":"EntryPoint","urlTemplate":"https:\/\/easyliferobo.com\/de\/?s={search_term_string}"},"query-input":{"@type":"PropertyValueSpecification","valueRequired":true,"valueName":"search_term_string"}}],"inLanguage":"de"},{"@type":"Organization","@id":"https:\/\/easyliferobo.com\/de\/#organization","name":"EasyLifeBro","url":"https:\/\/easyliferobo.com\/de\/","logo":{"@type":"ImageObject","inLanguage":"de","@id":"https:\/\/easyliferobo.com\/de\/#\/schema\/logo\/image\/","url":"https:\/\/easyliferobo.com\/de\/wp-content\/uploads\/2026\/02\/Screenshot-2026-02-22-at-2.25.03-PM.png","contentUrl":"https:\/\/easyliferobo.com\/de\/wp-content\/uploads\/2026\/02\/Screenshot-2026-02-22-at-2.25.03-PM.png","width":1858,"height":430,"caption":"EasyLifeBro"},"image":{"@id":"https:\/\/easyliferobo.com\/de\/#\/schema\/logo\/image\/"}}]}},"_links":{"self":[{"href":"https:\/\/easyliferobo.com\/de\/wp-json\/wp\/v2\/product\/3346","targetHints":{"allow":["GET"]}}],"collection":[{"href":"https:\/\/easyliferobo.com\/de\/wp-json\/wp\/v2\/product"}],"about":[{"href":"https:\/\/easyliferobo.com\/de\/wp-json\/wp\/v2\/types\/product"}],"replies":[{"embeddable":true,"href":"https:\/\/easyliferobo.com\/de\/wp-json\/wp\/v2\/comments?post=3346"}],"wp:featuredmedia":[{"embeddable":true,"href":"https:\/\/easyliferobo.com\/de\/wp-json\/wp\/v2\/media\/3347"}],"wp:attachment":[{"href":"https:\/\/easyliferobo.com\/de\/wp-json\/wp\/v2\/media?parent=3346"}],"wp:term":[{"taxonomy":"store","embeddable":true,"href":"https:\/\/easyliferobo.com\/de\/wp-json\/wp\/v2\/store?post=3346"},{"taxonomy":"product_brand","embeddable":true,"href":"https:\/\/easyliferobo.com\/de\/wp-json\/wp\/v2\/product_brand?post=3346"},{"taxonomy":"product_cat","embeddable":true,"href":"https:\/\/easyliferobo.com\/de\/wp-json\/wp\/v2\/product_cat?post=3346"},{"taxonomy":"product_tag","embeddable":true,"href":"https:\/\/easyliferobo.com\/de\/wp-json\/wp\/v2\/product_tag?post=3346"}],"curies":[{"name":"wp","href":"https:\/\/api.w.org\/{rel}","templated":true}]}}