
{"id":3337,"date":"2026-02-27T06:45:22","date_gmt":"2026-02-27T06:45:22","guid":{"rendered":"https:\/\/easyliferobo.com\/de\/product\/yctze-diy-reptilien-roboter-kit-elektrisches-stem-lernspielzeug-fuer-lustiges-lerngeschenk-fuer-kreativitaet-und-problemloesungsfaehigkeiten\/"},"modified":"2026-02-27T06:45:36","modified_gmt":"2026-02-27T06:45:36","slug":"yctze-diy-reptilien-roboter-kit-elektrisches-stem-lernspielzeug-fuer-lustiges-lerngeschenk-fuer-kreativitaet-und-problemloesungsfaehigkeiten","status":"publish","type":"product","link":"https:\/\/easyliferobo.com\/de\/product\/yctze-diy-reptilien-roboter-kit-elektrisches-stem-lernspielzeug-fuer-lustiges-lerngeschenk-fuer-kreativitaet-und-problemloesungsfaehigkeiten\/","title":{"rendered":"Yctze DIY Reptilien-Roboter-Kit, el..."},"content":{"rendered":"<p>    <span>1. Es kann das Interesse am Lernen effektiv f\u00f6rdern, kann auch f\u00fcr Lehrzwecke verwendet werden, ist intuitiver und leichter zu verstehen. <br \/>2. Gute Kombination aus Spa\u00df und Lernen, mobilisiert Begeisterung und verbessert praktische F\u00e4higkeiten. <br \/>3. Runde und glatte Kante ohne Grate, keine Sorge, Kinderh\u00e4nde zu zerkratzen. <br \/>4. Das Kit kann Kindern dabei helfen, ihre Fingerflexibilit\u00e4t, Probleml\u00f6sungsf\u00e4higkeiten und praktischen F\u00e4higkeiten w\u00e4hrend des Montageprozesses zu trainieren. <br \/>5. Die Installation ist einfach und die Installationsanweisungen sind im Lieferumfang enthalten. Sie m\u00fcssen sie also Schritt f\u00fcr Schritt zusammenbauen, damit Sie Spa\u00df am Basteln haben. <br \/>6. Nach dem Prinzip der Umwandlung elektrischer Energie in kin\u00e4sthetische Energie wird der Wurm nach dem Anschlie\u00dfen des Stromkreises gekrochen. <br \/>Technische Daten: <br \/>Zustand: 100 % nagelneu <br \/>Artikeltyp: DIY-Modell <br \/>Material: PP-Kunststoff. <br \/>Farbe: wie abgebildet <br \/>Stromversorgung: 2 x AA (nicht im Lieferumfang enthalten) <br \/>Wissenschafts- und Lernspielzeugtyp: Physik <br \/>Kapazit\u00e4tsaufbau: Geist und Hand <br \/>Anwendbares Alter: Junior (7\u201314 Jahre). <br \/>Paketliste: <br \/>1 x St\u00fcck-Set. <br \/>2 x Kunststoffschaumb\u00e4lle. <br \/>1 * Motor <br \/>2 x Z-Welle. <br \/>1 * Batteriekasten <br \/>1 * Halter <br \/>1 x Fensterpaneel. <br \/>1 * Achse <br \/>1 x Wollstreifen. <br \/>1 x U-Eisen. <br \/>4 * R\u00e4der <br \/>4 x Radkappen. <br \/><\/span>    <br \/>Lernspa\u00df \u2013 Dieses innovative DIY-Reptil-Roboter-Set weckt die Leidenschaft f\u00fcr das Lernen, indem es Spiel und Bildung nahtlos miteinander verbindet. Es f\u00f6rdert die Erforschung wissenschaftlicher Prinzipien durch praktische Montage, weckt ihre Neugier und verbessert ihr Verst\u00e4ndnis f\u00fcr Konzepte wie Schaltkreise und Energieumwandlung. werden komplexe Ideen intuitiv erfassen und gleichzeitig das immersive Erlebnis genie\u00dfen, ihre eigenen Roboterkreaturen zu bauen.<br \/>Kompetenzentwicklung \u2013 Dieses Kit dient der Verbesserung grundlegender F\u00e4higkeiten. Der Schwerpunkt liegt auf der Verbesserung der Fingerfertigkeit, der Probleml\u00f6sungsf\u00e4higkeiten und der manuellen F\u00e4higkeiten w\u00e4hrend des Montageprozesses. Durch das Befolgen der Schritt-f\u00fcr-Schritt-Anleitungen gewinnen Sie Vertrauen in Ihre F\u00e4higkeiten und f\u00f6rdern Erfolgserlebnisse. Diese spannende Aktivit\u00e4t sch\u00e4rft nicht nur ihre praktischen F\u00e4higkeiten, sondern f\u00f6rdert auch das Denken und Lernen<br \/>SICHERES DESIGN \u2013 Kommt bei Spielzeug an erster Stelle, und dieses Set wird Sie nicht entt\u00e4uschen. Dank der Konstruktion mit runden Kanten und Graten k\u00f6nnen Eltern sicher sein, dass sie sich frei und ohne Verletzungsgefahr bewegen k\u00f6nnen. Es wurde speziell entwickelt, um jungen Lernenden ein sicheres, angenehmes und sorgenfreies Erlebnis zu bieten, und ist somit ideal f\u00fcr Eltern, die nach lehrreichen Geschenken suchen.<br \/>EINFACHE MONTAGE \u2013 Genie\u00dfen Sie eine sch\u00f6ne gemeinsame Zeit mit der Familie, w\u00e4hrend Sie mithilfe der im Bausatz enthaltenen klaren und umfassenden Installationsanweisungen Ihren eigenen Reptilienroboter zusammenbauen. Modulare Komponenten machen den Montageprozess einfach und spannend und machen das Lernen zu einem spannenden Heimwerken. Dies f\u00f6rdert die Teamarbeit und kann mit Freunden oder Familienmitgliedern zusammenarbeiten, ihre sozialen F\u00e4higkeiten verbessern und gleichzeitig einen M bewahren<br \/>INSPIRIERENDE KREATIVIT\u00c4T \u2013 Der elektrische Reptilienroboter kriecht energisch, sobald der Stromkreis angeschlossen ist, was die Fantasie anregt und die Kreativit\u00e4t anregt. Bei diesem Bausatz geht es nicht nur um den Bau eines Roboters; Es ist eine Welt, in der man innovativ sein und experimentieren kann. Lassen Sie ihren Ideen freien Lauf, w\u00e4hrend sie ihre Kreationen modifizieren oder personalisieren und ein lebenslanges Interesse an Technologie und Robotik wecken.<\/p>\n<p>[ad_2]<\/p>\n","protected":false},"excerpt":{"rendered":"<p>1. Es kann das Interesse am Lernen effektiv f\u00f6rdern, kann auch f\u00fcr Lehrzwecke verwendet werden, ist intuitiver und leichter zu verstehen. 2. Gute Kombination aus Spa\u00df und Lernen, mobilisiert Begeisterung und verbessert praktische F\u00e4higkeiten. 3. Runde und glatte Kante ohne Grate, keine Sorge, Kinderh\u00e4nde zu zerkratzen. 4. Das Kit kann Kindern dabei helfen, ihre Fingerflexibilit\u00e4t, [&hellip;]<\/p>\n","protected":false},"featured_media":3338,"comment_status":"open","ping_status":"closed","template":"","meta":{"_aipt_faq_data":""},"store":[],"product_brand":[],"product_cat":[79],"product_tag":[295],"class_list":{"0":"post-3337","1":"product","2":"type-product","3":"status-publish","4":"has-post-thumbnail","6":"product_cat-stem-roboter","7":"product_tag-stem-roboter-lernspielzeug-elektrisch","9":"first","10":"instock","11":"sale","12":"shipping-taxable","13":"product-type-external"},"yoast_head":"<!-- This site is optimized with the Yoast SEO plugin v27.4 - https:\/\/yoast.com\/product\/yoast-seo-wordpress\/ -->\n<title>Yctze DIY Reptilien-Roboter-Kit, elektrisches STEM-Lernspielzeug f\u00fcr \u2013 lustiges Lerngeschenk f\u00fcr Kreativit\u00e4t und Probleml\u00f6sungsf\u00e4higkeiten - EasyLifeBro<\/title>\n<meta name=\"description\" content=\"Entdecken Sie smarte Roboter f\u00fcr Zuhause, Garten, Bildung und Sicherheit. Vergleichen Sie Saugroboter, Rasenm\u00e4hroboter, KI-Begleitroboter und mehr bei EasyLifeRobo.\" \/>\n<meta name=\"robots\" content=\"index, follow, max-snippet:-1, max-image-preview:large, max-video-preview:-1\" \/>\n<link rel=\"canonical\" href=\"https:\/\/easyliferobo.com\/de\/product\/yctze-diy-reptilien-roboter-kit-elektrisches-stem-lernspielzeug-fuer-lustiges-lerngeschenk-fuer-kreativitaet-und-problemloesungsfaehigkeiten\/\" \/>\n<meta property=\"og:locale\" content=\"de_DE\" \/>\n<meta property=\"og:type\" content=\"article\" \/>\n<meta property=\"og:title\" content=\"Yctze DIY Reptilien-Roboter-Kit, elektrisches STEM-Lernspielzeug f\u00fcr \u2013 lustiges Lerngeschenk f\u00fcr Kreativit\u00e4t und Probleml\u00f6sungsf\u00e4higkeiten - EasyLifeBro\" \/>\n<meta property=\"og:description\" content=\"Entdecken Sie smarte Roboter f\u00fcr Zuhause, Garten, Bildung und Sicherheit. Vergleichen Sie Saugroboter, Rasenm\u00e4hroboter, KI-Begleitroboter und mehr bei EasyLifeRobo.\" \/>\n<meta property=\"og:url\" content=\"https:\/\/easyliferobo.com\/de\/product\/yctze-diy-reptilien-roboter-kit-elektrisches-stem-lernspielzeug-fuer-lustiges-lerngeschenk-fuer-kreativitaet-und-problemloesungsfaehigkeiten\/\" \/>\n<meta property=\"og:site_name\" content=\"EasyLifeBro\" \/>\n<meta property=\"article:modified_time\" content=\"2026-02-27T06:45:36+00:00\" \/>\n<meta name=\"twitter:card\" content=\"summary_large_image\" \/>\n<meta name=\"twitter:label1\" content=\"Gesch\u00e4tzte Lesezeit\" \/>\n\t<meta name=\"twitter:data1\" content=\"3\u00a0Minuten\" \/>\n<script type=\"application\/ld+json\" class=\"yoast-schema-graph\">{\"@context\":\"https:\\\/\\\/schema.org\",\"@graph\":[{\"@type\":\"WebPage\",\"@id\":\"https:\\\/\\\/easyliferobo.com\\\/de\\\/product\\\/yctze-diy-reptilien-roboter-kit-elektrisches-stem-lernspielzeug-fuer-lustiges-lerngeschenk-fuer-kreativitaet-und-problemloesungsfaehigkeiten\\\/\",\"url\":\"https:\\\/\\\/easyliferobo.com\\\/de\\\/product\\\/yctze-diy-reptilien-roboter-kit-elektrisches-stem-lernspielzeug-fuer-lustiges-lerngeschenk-fuer-kreativitaet-und-problemloesungsfaehigkeiten\\\/\",\"name\":\"Yctze DIY Reptilien-Roboter-Kit, elektrisches STEM-Lernspielzeug f\u00fcr \u2013 lustiges Lerngeschenk f\u00fcr Kreativit\u00e4t und Probleml\u00f6sungsf\u00e4higkeiten - EasyLifeBro\",\"isPartOf\":{\"@id\":\"https:\\\/\\\/easyliferobo.com\\\/de\\\/#website\"},\"primaryImageOfPage\":{\"@id\":\"https:\\\/\\\/easyliferobo.com\\\/de\\\/product\\\/yctze-diy-reptilien-roboter-kit-elektrisches-stem-lernspielzeug-fuer-lustiges-lerngeschenk-fuer-kreativitaet-und-problemloesungsfaehigkeiten\\\/#primaryimage\"},\"image\":{\"@id\":\"https:\\\/\\\/easyliferobo.com\\\/de\\\/product\\\/yctze-diy-reptilien-roboter-kit-elektrisches-stem-lernspielzeug-fuer-lustiges-lerngeschenk-fuer-kreativitaet-und-problemloesungsfaehigkeiten\\\/#primaryimage\"},\"thumbnailUrl\":\"https:\\\/\\\/easyliferobo.com\\\/de\\\/wp-content\\\/uploads\\\/2026\\\/02\\\/51Y6yZdSZL._AC_SL1001_.jpg\",\"datePublished\":\"2026-02-27T06:45:22+00:00\",\"dateModified\":\"2026-02-27T06:45:36+00:00\",\"description\":\"Entdecken Sie smarte Roboter f\u00fcr Zuhause, Garten, Bildung und Sicherheit. Vergleichen Sie Saugroboter, Rasenm\u00e4hroboter, KI-Begleitroboter und mehr bei EasyLifeRobo.\",\"breadcrumb\":{\"@id\":\"https:\\\/\\\/easyliferobo.com\\\/de\\\/product\\\/yctze-diy-reptilien-roboter-kit-elektrisches-stem-lernspielzeug-fuer-lustiges-lerngeschenk-fuer-kreativitaet-und-problemloesungsfaehigkeiten\\\/#breadcrumb\"},\"inLanguage\":\"de\",\"potentialAction\":[{\"@type\":\"ReadAction\",\"target\":[\"https:\\\/\\\/easyliferobo.com\\\/de\\\/product\\\/yctze-diy-reptilien-roboter-kit-elektrisches-stem-lernspielzeug-fuer-lustiges-lerngeschenk-fuer-kreativitaet-und-problemloesungsfaehigkeiten\\\/\"]}]},{\"@type\":\"ImageObject\",\"inLanguage\":\"de\",\"@id\":\"https:\\\/\\\/easyliferobo.com\\\/de\\\/product\\\/yctze-diy-reptilien-roboter-kit-elektrisches-stem-lernspielzeug-fuer-lustiges-lerngeschenk-fuer-kreativitaet-und-problemloesungsfaehigkeiten\\\/#primaryimage\",\"url\":\"https:\\\/\\\/easyliferobo.com\\\/de\\\/wp-content\\\/uploads\\\/2026\\\/02\\\/51Y6yZdSZL._AC_SL1001_.jpg\",\"contentUrl\":\"https:\\\/\\\/easyliferobo.com\\\/de\\\/wp-content\\\/uploads\\\/2026\\\/02\\\/51Y6yZdSZL._AC_SL1001_.jpg\",\"width\":1001,\"height\":1001},{\"@type\":\"BreadcrumbList\",\"@id\":\"https:\\\/\\\/easyliferobo.com\\\/de\\\/product\\\/yctze-diy-reptilien-roboter-kit-elektrisches-stem-lernspielzeug-fuer-lustiges-lerngeschenk-fuer-kreativitaet-und-problemloesungsfaehigkeiten\\\/#breadcrumb\",\"itemListElement\":[{\"@type\":\"ListItem\",\"position\":1,\"name\":\"Home\",\"item\":\"https:\\\/\\\/easyliferobo.com\\\/de\\\/\"},{\"@type\":\"ListItem\",\"position\":2,\"name\":\"Shop\",\"item\":\"https:\\\/\\\/easyliferobo.com\\\/de\\\/shop\\\/\"},{\"@type\":\"ListItem\",\"position\":3,\"name\":\"Yctze DIY Reptilien-Roboter-Kit, el...\"}]},{\"@type\":\"WebSite\",\"@id\":\"https:\\\/\\\/easyliferobo.com\\\/de\\\/#website\",\"url\":\"https:\\\/\\\/easyliferobo.com\\\/de\\\/\",\"name\":\"EasyLifeBro\",\"description\":\"Smarte Roboter f\u00fcr Zuhause, Garten &amp; Bildung\",\"publisher\":{\"@id\":\"https:\\\/\\\/easyliferobo.com\\\/de\\\/#organization\"},\"potentialAction\":[{\"@type\":\"SearchAction\",\"target\":{\"@type\":\"EntryPoint\",\"urlTemplate\":\"https:\\\/\\\/easyliferobo.com\\\/de\\\/?s={search_term_string}\"},\"query-input\":{\"@type\":\"PropertyValueSpecification\",\"valueRequired\":true,\"valueName\":\"search_term_string\"}}],\"inLanguage\":\"de\"},{\"@type\":\"Organization\",\"@id\":\"https:\\\/\\\/easyliferobo.com\\\/de\\\/#organization\",\"name\":\"EasyLifeBro\",\"url\":\"https:\\\/\\\/easyliferobo.com\\\/de\\\/\",\"logo\":{\"@type\":\"ImageObject\",\"inLanguage\":\"de\",\"@id\":\"https:\\\/\\\/easyliferobo.com\\\/de\\\/#\\\/schema\\\/logo\\\/image\\\/\",\"url\":\"https:\\\/\\\/easyliferobo.com\\\/de\\\/wp-content\\\/uploads\\\/2026\\\/02\\\/Screenshot-2026-02-22-at-2.25.03-PM.png\",\"contentUrl\":\"https:\\\/\\\/easyliferobo.com\\\/de\\\/wp-content\\\/uploads\\\/2026\\\/02\\\/Screenshot-2026-02-22-at-2.25.03-PM.png\",\"width\":1858,\"height\":430,\"caption\":\"EasyLifeBro\"},\"image\":{\"@id\":\"https:\\\/\\\/easyliferobo.com\\\/de\\\/#\\\/schema\\\/logo\\\/image\\\/\"}}]}<\/script>\n<!-- \/ Yoast SEO plugin. -->","yoast_head_json":{"title":"Yctze DIY Reptilien-Roboter-Kit, elektrisches STEM-Lernspielzeug f\u00fcr \u2013 lustiges Lerngeschenk f\u00fcr Kreativit\u00e4t und Probleml\u00f6sungsf\u00e4higkeiten - EasyLifeBro","description":"Entdecken Sie smarte Roboter f\u00fcr Zuhause, Garten, Bildung und Sicherheit. Vergleichen Sie Saugroboter, Rasenm\u00e4hroboter, KI-Begleitroboter und mehr bei EasyLifeRobo.","robots":{"index":"index","follow":"follow","max-snippet":"max-snippet:-1","max-image-preview":"max-image-preview:large","max-video-preview":"max-video-preview:-1"},"canonical":"https:\/\/easyliferobo.com\/de\/product\/yctze-diy-reptilien-roboter-kit-elektrisches-stem-lernspielzeug-fuer-lustiges-lerngeschenk-fuer-kreativitaet-und-problemloesungsfaehigkeiten\/","og_locale":"de_DE","og_type":"article","og_title":"Yctze DIY Reptilien-Roboter-Kit, elektrisches STEM-Lernspielzeug f\u00fcr \u2013 lustiges Lerngeschenk f\u00fcr Kreativit\u00e4t und Probleml\u00f6sungsf\u00e4higkeiten - EasyLifeBro","og_description":"Entdecken Sie smarte Roboter f\u00fcr Zuhause, Garten, Bildung und Sicherheit. Vergleichen Sie Saugroboter, Rasenm\u00e4hroboter, KI-Begleitroboter und mehr bei EasyLifeRobo.","og_url":"https:\/\/easyliferobo.com\/de\/product\/yctze-diy-reptilien-roboter-kit-elektrisches-stem-lernspielzeug-fuer-lustiges-lerngeschenk-fuer-kreativitaet-und-problemloesungsfaehigkeiten\/","og_site_name":"EasyLifeBro","article_modified_time":"2026-02-27T06:45:36+00:00","twitter_card":"summary_large_image","twitter_misc":{"Gesch\u00e4tzte Lesezeit":"3\u00a0Minuten"},"schema":{"@context":"https:\/\/schema.org","@graph":[{"@type":"WebPage","@id":"https:\/\/easyliferobo.com\/de\/product\/yctze-diy-reptilien-roboter-kit-elektrisches-stem-lernspielzeug-fuer-lustiges-lerngeschenk-fuer-kreativitaet-und-problemloesungsfaehigkeiten\/","url":"https:\/\/easyliferobo.com\/de\/product\/yctze-diy-reptilien-roboter-kit-elektrisches-stem-lernspielzeug-fuer-lustiges-lerngeschenk-fuer-kreativitaet-und-problemloesungsfaehigkeiten\/","name":"Yctze DIY Reptilien-Roboter-Kit, elektrisches STEM-Lernspielzeug f\u00fcr \u2013 lustiges Lerngeschenk f\u00fcr Kreativit\u00e4t und Probleml\u00f6sungsf\u00e4higkeiten - EasyLifeBro","isPartOf":{"@id":"https:\/\/easyliferobo.com\/de\/#website"},"primaryImageOfPage":{"@id":"https:\/\/easyliferobo.com\/de\/product\/yctze-diy-reptilien-roboter-kit-elektrisches-stem-lernspielzeug-fuer-lustiges-lerngeschenk-fuer-kreativitaet-und-problemloesungsfaehigkeiten\/#primaryimage"},"image":{"@id":"https:\/\/easyliferobo.com\/de\/product\/yctze-diy-reptilien-roboter-kit-elektrisches-stem-lernspielzeug-fuer-lustiges-lerngeschenk-fuer-kreativitaet-und-problemloesungsfaehigkeiten\/#primaryimage"},"thumbnailUrl":"https:\/\/easyliferobo.com\/de\/wp-content\/uploads\/2026\/02\/51Y6yZdSZL._AC_SL1001_.jpg","datePublished":"2026-02-27T06:45:22+00:00","dateModified":"2026-02-27T06:45:36+00:00","description":"Entdecken Sie smarte Roboter f\u00fcr Zuhause, Garten, Bildung und Sicherheit. Vergleichen Sie Saugroboter, Rasenm\u00e4hroboter, KI-Begleitroboter und mehr bei EasyLifeRobo.","breadcrumb":{"@id":"https:\/\/easyliferobo.com\/de\/product\/yctze-diy-reptilien-roboter-kit-elektrisches-stem-lernspielzeug-fuer-lustiges-lerngeschenk-fuer-kreativitaet-und-problemloesungsfaehigkeiten\/#breadcrumb"},"inLanguage":"de","potentialAction":[{"@type":"ReadAction","target":["https:\/\/easyliferobo.com\/de\/product\/yctze-diy-reptilien-roboter-kit-elektrisches-stem-lernspielzeug-fuer-lustiges-lerngeschenk-fuer-kreativitaet-und-problemloesungsfaehigkeiten\/"]}]},{"@type":"ImageObject","inLanguage":"de","@id":"https:\/\/easyliferobo.com\/de\/product\/yctze-diy-reptilien-roboter-kit-elektrisches-stem-lernspielzeug-fuer-lustiges-lerngeschenk-fuer-kreativitaet-und-problemloesungsfaehigkeiten\/#primaryimage","url":"https:\/\/easyliferobo.com\/de\/wp-content\/uploads\/2026\/02\/51Y6yZdSZL._AC_SL1001_.jpg","contentUrl":"https:\/\/easyliferobo.com\/de\/wp-content\/uploads\/2026\/02\/51Y6yZdSZL._AC_SL1001_.jpg","width":1001,"height":1001},{"@type":"BreadcrumbList","@id":"https:\/\/easyliferobo.com\/de\/product\/yctze-diy-reptilien-roboter-kit-elektrisches-stem-lernspielzeug-fuer-lustiges-lerngeschenk-fuer-kreativitaet-und-problemloesungsfaehigkeiten\/#breadcrumb","itemListElement":[{"@type":"ListItem","position":1,"name":"Home","item":"https:\/\/easyliferobo.com\/de\/"},{"@type":"ListItem","position":2,"name":"Shop","item":"https:\/\/easyliferobo.com\/de\/shop\/"},{"@type":"ListItem","position":3,"name":"Yctze DIY Reptilien-Roboter-Kit, el..."}]},{"@type":"WebSite","@id":"https:\/\/easyliferobo.com\/de\/#website","url":"https:\/\/easyliferobo.com\/de\/","name":"EasyLifeBro","description":"Smarte Roboter f\u00fcr Zuhause, Garten &amp; Bildung","publisher":{"@id":"https:\/\/easyliferobo.com\/de\/#organization"},"potentialAction":[{"@type":"SearchAction","target":{"@type":"EntryPoint","urlTemplate":"https:\/\/easyliferobo.com\/de\/?s={search_term_string}"},"query-input":{"@type":"PropertyValueSpecification","valueRequired":true,"valueName":"search_term_string"}}],"inLanguage":"de"},{"@type":"Organization","@id":"https:\/\/easyliferobo.com\/de\/#organization","name":"EasyLifeBro","url":"https:\/\/easyliferobo.com\/de\/","logo":{"@type":"ImageObject","inLanguage":"de","@id":"https:\/\/easyliferobo.com\/de\/#\/schema\/logo\/image\/","url":"https:\/\/easyliferobo.com\/de\/wp-content\/uploads\/2026\/02\/Screenshot-2026-02-22-at-2.25.03-PM.png","contentUrl":"https:\/\/easyliferobo.com\/de\/wp-content\/uploads\/2026\/02\/Screenshot-2026-02-22-at-2.25.03-PM.png","width":1858,"height":430,"caption":"EasyLifeBro"},"image":{"@id":"https:\/\/easyliferobo.com\/de\/#\/schema\/logo\/image\/"}}]}},"_links":{"self":[{"href":"https:\/\/easyliferobo.com\/de\/wp-json\/wp\/v2\/product\/3337","targetHints":{"allow":["GET"]}}],"collection":[{"href":"https:\/\/easyliferobo.com\/de\/wp-json\/wp\/v2\/product"}],"about":[{"href":"https:\/\/easyliferobo.com\/de\/wp-json\/wp\/v2\/types\/product"}],"replies":[{"embeddable":true,"href":"https:\/\/easyliferobo.com\/de\/wp-json\/wp\/v2\/comments?post=3337"}],"wp:featuredmedia":[{"embeddable":true,"href":"https:\/\/easyliferobo.com\/de\/wp-json\/wp\/v2\/media\/3338"}],"wp:attachment":[{"href":"https:\/\/easyliferobo.com\/de\/wp-json\/wp\/v2\/media?parent=3337"}],"wp:term":[{"taxonomy":"store","embeddable":true,"href":"https:\/\/easyliferobo.com\/de\/wp-json\/wp\/v2\/store?post=3337"},{"taxonomy":"product_brand","embeddable":true,"href":"https:\/\/easyliferobo.com\/de\/wp-json\/wp\/v2\/product_brand?post=3337"},{"taxonomy":"product_cat","embeddable":true,"href":"https:\/\/easyliferobo.com\/de\/wp-json\/wp\/v2\/product_cat?post=3337"},{"taxonomy":"product_tag","embeddable":true,"href":"https:\/\/easyliferobo.com\/de\/wp-json\/wp\/v2\/product_tag?post=3337"}],"curies":[{"name":"wp","href":"https:\/\/api.w.org\/{rel}","templated":true}]}}