
{"id":3329,"date":"2026-02-27T06:43:56","date_gmt":"2026-02-27T06:43:56","guid":{"rendered":"https:\/\/easyliferobo.com\/de\/product\/kosmos-3-in-1-roboter-spielzeug-experimentierbox\/"},"modified":"2026-02-27T06:44:08","modified_gmt":"2026-02-27T06:44:08","slug":"kosmos-3-in-1-roboter-spielzeug-experimentierbox","status":"publish","type":"product","link":"https:\/\/easyliferobo.com\/de\/product\/kosmos-3-in-1-roboter-spielzeug-experimentierbox\/","title":{"rendered":"Kosmos 3-in-1-Roboter-Spielzeug-Exp..."},"content":{"rendered":"<p>\n                                             Vom Hersteller   <\/p>\n<p>                                                  <img decoding=\"async\" alt=\"Chipz \u2013 Dein intelligenter Roboter KOSMOS Experimentierset\" src=\"https:\/\/images-na.ssl-images-amazon.com\/images\/G\/01\/x-locale\/common\/grey-pixel.gif\" class=\"a-lazy-loaded\" data-src=\"https:\/\/m.media-amazon.com\/images\/S\/aplus-media\/vc\/3f426560-a05a-43d1-a2e7-40ff1677fb1c._CR0,0,970,300_PT0_SX970__.jpg\"><img decoding=\"async\" alt=\"Chipz \u2013 Dein intelligenter Roboter KOSMOS Experimentierset\" src=\"https:\/\/m.media-amazon.com\/images\/S\/aplus-media\/vc\/3f426560-a05a-43d1-a2e7-40ff1677fb1c._CR0,0,970,300_PT0_SX970__.jpg\">  <\/p>\n<p>                                                      <img decoding=\"async\" alt=\"Chipz \u2013 Dein intelligenter Roboter KOSMOS Experimentierset\" src=\"https:\/\/images-na.ssl-images-amazon.com\/images\/G\/01\/x-locale\/common\/grey-pixel.gif\" class=\"a-spacing-mini a-lazy-loaded\" data-src=\"https:\/\/m.media-amazon.com\/images\/S\/aplus-media\/vc\/f53671d8-88f9-420c-9868-806624fdca6e._CR0,0,300,300_PT0_SX300__.jpg\"><img decoding=\"async\" alt=\"Chipz \u2013 Dein intelligenter Roboter KOSMOS Experimentierset\" src=\"https:\/\/m.media-amazon.com\/images\/S\/aplus-media\/vc\/f53671d8-88f9-420c-9868-806624fdca6e._CR0,0,300,300_PT0_SX300__.jpg\">  <\/p>\n<h3 class=\"a-spacing-mini\">  Chipz \u2013 Ihr intelligenter Roboter <\/h3>\n<p>                                           Ein Hightech-Freund mit intelligenten Funktionen                                     <\/p>\n<p class=\"a-spacing-base\"> Hier kommt Chipz, der clevere Roboter auf 6 Beinen! Mit seinen verschiedenen Sensoren und Spielmodi ist es in der Lage, Objekte zu erkennen und zu verfolgen sowie Hindernissen auszuweichen. Dank der durchdachten Konstruktion lassen sich die \u00fcber 100 Teile einfach zusammenbauen und sorgen so f\u00fcr gro\u00dfen Bauspa\u00df. Ein KOSMOS Experimentierkasten f\u00fcr Roboterfans von 8 bis 14 Jahren. <\/p>\n<p class=\"a-spacing-base\">  Inhalt: Komponenten zum Zusammenbau des Roboters, vorprogrammierte Platine mit Infrarotsensoren, Schraubendreher, Anleitung <\/p>\n<p class=\"a-spacing-base\">  Zus\u00e4tzlich wird ben\u00f6tigt: 4 x 1,5 Volt LR03 Batterien (AAA, Micro), 1 Schere\/Seitenschneider <\/p>\n<p>                                                                                       Hightech-Freund mit 2 Motoren, 6 Beinen, Infrarotsensoren, Sound- und Lichteffekten und Spielmodi. Im Follow-me-Modus folgt Chipz Objekten, im Explore-Modus erkennt und weicht er Objekten aus. Toller Bauspa\u00df mit 100 Einzelteilen und durchdachtem Aufbau mit Schritt-f\u00fcr-Schritt-Anleitung. Eine Comic-Geschichte erweckt Chipz zum Leben. Spannende Hintergrundinformationen vermitteln erste Einblicke in Robotik und Physik. Ein KOSMOS-Experimentierkasten f\u00fcr Kinder von 8 bis 14 Jahren       <\/p>\n<h3 class=\"a-spacing-small\"> Chipz \u2013 der Roboter, der mitdenkt! <\/h3>\n<p class=\"apm-text-center\">\n                                                      <img decoding=\"async\" alt=\"Chipz \u2013 Dein intelligenter Roboter KOSMOS Experimentierset\" src=\"https:\/\/images-na.ssl-images-amazon.com\/images\/G\/01\/x-locale\/common\/grey-pixel.gif\" class=\"a-spacing-mini a-lazy-loaded\" data-src=\"https:\/\/m.media-amazon.com\/images\/S\/aplus-media\/vc\/dcc3be01-a79b-4160-b152-aec97c3e9ea8._CR0,0,300,300_PT0_SX300__.jpg\"><img decoding=\"async\" alt=\"Chipz \u2013 Dein intelligenter Roboter KOSMOS Experimentierset\" src=\"https:\/\/m.media-amazon.com\/images\/S\/aplus-media\/vc\/dcc3be01-a79b-4160-b152-aec97c3e9ea8._CR0,0,300,300_PT0_SX300__.jpg\">  <\/p>\n<p>                                                    Coole Funktionen                                        <\/p>\n<p> Zwei Motoren, eingebaute Infrarotsensoren und intelligente Spielmodi machen Chipz zum smarten Hightech-Freund. Im \u201eFollow-me\u201c-Modus erkennt er Objekte, im \u201eExplore\u201c-Modus helfen ihm die Sensoren dabei, Objekte, die Chipz selbst aus einem Labyrinth herausfindet, nicht anzusto\u00dfen. <\/p>\n<p>  Ausgestattet mit sechs Beinen, Sound- und Lichteffekten ist der freundliche Roboter ein einzigartiges Elektrospielzeug, das f\u00fcr jede Menge Spa\u00df im Kinderzimmer sorgt. <\/p>\n<p class=\"apm-text-center\">\n                                                      <img decoding=\"async\" alt=\"Chipz \u2013 Dein intelligenter Roboter KOSMOS Experimentierset\" src=\"https:\/\/images-na.ssl-images-amazon.com\/images\/G\/01\/x-locale\/common\/grey-pixel.gif\" class=\"a-spacing-mini a-lazy-loaded\" data-src=\"https:\/\/m.media-amazon.com\/images\/S\/aplus-media\/vc\/42fdbc08-bcd3-4a40-907f-6037041ce40f._CR0,0,300,300_PT0_SX300__.jpg\"><img decoding=\"async\" alt=\"Chipz \u2013 Dein intelligenter Roboter KOSMOS Experimentierset\" src=\"https:\/\/m.media-amazon.com\/images\/S\/aplus-media\/vc\/42fdbc08-bcd3-4a40-907f-6037041ce40f._CR0,0,300,300_PT0_SX300__.jpg\">  <\/p>\n<p>                                                    Im hochwertigen Set enthalten                                       <\/p>\n<p> Schon beim Zusammenbau der \u00fcber 100 Teile sorgt die durchdachte Konstruktion f\u00fcr jede Menge Spa\u00df und die ausf\u00fchrliche Schritt-f\u00fcr-Schritt-Anleitung erleichtert den Zusammenbau von Hand. Eine spannend erz\u00e4hlte Comic-Geschichte mit den Helden Chipz, Izzy und Tom entf\u00fchrt die Kinder in eine Abenteuerwelt und die spannenden Hintergrundinformationen vermitteln erste Einblicke in die Welt der Robotik und Physik. <\/p>\n<p class=\"apm-text-center\">\n                                                      <img decoding=\"async\" alt=\"KOSMOS, Experimentieren, Experiment, Experimentierkasten, Roboter, intelligent\" src=\"https:\/\/images-na.ssl-images-amazon.com\/images\/G\/01\/x-locale\/common\/grey-pixel.gif\" class=\"a-spacing-mini a-lazy-loaded\" data-src=\"https:\/\/m.media-amazon.com\/images\/S\/aplus-media\/vc\/ebf768ea-b56d-439e-8cb7-2f638fffd34a.__CR0,0,300,300_PT0_SX300_V1___.jpg\"><img decoding=\"async\" alt=\"KOSMOS, Experimentieren, Experiment, Experimentierkasten, Roboter, intelligent\" src=\"https:\/\/m.media-amazon.com\/images\/S\/aplus-media\/vc\/ebf768ea-b56d-439e-8cb7-2f638fffd34a.__CR0,0,300,300_PT0_SX300_V1___.jpg\">  <\/p>\n<p>                                                    Umfassender Service f\u00fcr langanhaltenden Spa\u00df                                       <\/p>\n<p> KOSMOS bietet hochwertige Produkte, die \u00fcber einen langen Zeitraum neue Erkenntnisse liefern, Kreativit\u00e4t f\u00f6rdern und f\u00fcr intelligente Unterhaltung stehen. <\/p>\n<p>                         Zum Warenkorb hinzuf\u00fcgen Zum Warenkorb hinzuf\u00fcgen Zum Warenkorb hinzuf\u00fcgen Zum Warenkorb hinzuf\u00fcgen Kundenrezensionen 4,1 von 5 Sternen 2.766 3,7 von 5 Sternen 253 3,9 von 5 Sternen 924 4,1 von 5 Sternen 103 4,2 von 5 Sternen 97 Preis 40,99 \u20ac 40,99 \u20ac 96,16 \u20ac 96,16 \u20ac 36,89 \u20ac 36,89 \u20ac \u2014 keine Angaben 41,35 \u20ac41,35 \u20ac Kurzbeschreibung: Der Hightech-Freund mit intelligenten Funktionen folgt Objekten, erkennt Gegenst\u00e4nde und weicht ihnen aus. Kraftvoller Hightech-Roboter mit Computergehirn spielt \u201eSchere, Stein, Papier\u201c, rechnet, wird zum Kompass oder digitalen W\u00fcrfel, misst die Temperatur und l\u00e4sst sich per App fernsteuern. S\u00fc\u00dfer Roboter mit Ger\u00e4uschsensor, der auf Klatschbefehl r\u00fcckw\u00e4rts f\u00e4hrt, seine Spikes aufstellt oder rennt. Genialer 2-in-1-Roboter, der aufrecht steht oder als \u2026 herumf\u00e4hrt Rover. Per App programmierbar und steuerbar. Der beeindruckende W\u00e4chter: Rex nimmt Bewegungen wahr und vertreibt Eindringlinge mit Gebr\u00fcll, Stampfen und leuchtenden Augen. Alter 8\u201314 Jahre 10\u201316 Jahre 8\u201312 Jahre 8\u201312 Jahre 8\u201312 Jahre F\u00f6rdert Technikkenntnisse, Feinmotorik und Konzentration. Programmierkenntnisse, Probleml\u00f6sungsdenken und Technikkenntnisse. Technikkenntnisse, Probleml\u00f6sungsdenken und geplantes Vorgehen. Technikkenntnisse, geplantes Vorgehen und Probleml\u00f6sungsdenken Projekte Anschaulich bebilderte, altersgerechte Anleitung mit Abenteuer-Comic Anschaulich bebilderte, altersgerechte Anleitung mit Abenteuer-Comic Ausf\u00fchrliche, altersgerechte Anleitung f\u00fcr Aufbau und Projekte Themeneinzug in der Anleitung Hintergrundwissen zu Robotertechnik und Infrarotsensoren Hintergrundwissen zum Programmieren mit der blockbasierten Programmiersprache (MakeCode) Hintergrundwissen zu Technik und Bionik Hintergrundwissen zur Geschichte der Robotik und Roboterarten Hintergrundwissen zu Dinosauriern und Robotik           <\/p>\n<p>Zwei Motoren, sechs Beine, eingebaute Infrarotsensoren, Sound- und Lichteffekte sowie intelligente Spielmodi machen Chipz zu einem coolen Hightech-Freund.<br \/>Im Follow-Me-Modus folgt er Objekten, im Explore-Modus erkennt er Objekte und weicht ihnen aus.<br \/>Chipz besteht aus \u00fcber 100 Teilen und ist dank seines durchdachten Designs und der Schritt-f\u00fcr-Schritt-Anleitung leicht zu handhaben.<br \/>Eine komische Geschichte macht Chipz lebendig und die spannenden Hintergrundinformationen geben erste Einblicke in die Welt der Robotik und Physik.<br \/>Ein KOSMOS-Experimentierkasten f\u00fcr Kinder von 8 bis 14 Jahren.<br \/>Inhalt: Komponenten zum Zusammenbau des Roboters, vorprogrammierte Platine mit Infrarotsensoren, Schraubendreher, Anleitung.<br \/>Zus\u00e4tzlich wird Folgendes ben\u00f6tigt: 4 x 1,5V LR03 AAA Micro-Batterien 1 x Schere\/Seitenschneider.<\/p>\n<p>[ad_2]<\/p>\n","protected":false},"excerpt":{"rendered":"<p>Vom Hersteller Chipz \u2013 Ihr intelligenter Roboter Ein Hightech-Freund mit intelligenten Funktionen Hier kommt Chipz, der clevere Roboter auf 6 Beinen! Mit seinen verschiedenen Sensoren und Spielmodi ist es in der Lage, Objekte zu erkennen und zu verfolgen sowie Hindernissen auszuweichen. Dank der durchdachten Konstruktion lassen sich die \u00fcber 100 Teile einfach zusammenbauen und sorgen [&hellip;]<\/p>\n","protected":false},"featured_media":3330,"comment_status":"open","ping_status":"closed","template":"","meta":{"_aipt_faq_data":""},"store":[],"product_brand":[294],"product_cat":[80],"product_tag":[293],"class_list":{"0":"post-3329","1":"product","2":"type-product","3":"status-publish","4":"has-post-thumbnail","6":"product_brand-kosmos","7":"product_cat-robotik-bausaetze","8":"product_tag-lernfaehige-robotik-bausaetze","10":"first","11":"instock","12":"sale","13":"shipping-taxable","14":"product-type-external"},"yoast_head":"<!-- This site is optimized with the Yoast SEO plugin v27.4 - https:\/\/yoast.com\/product\/yoast-seo-wordpress\/ -->\n<title>Kosmos 3-in-1-Roboter-Spielzeug-Experimentierbox - EasyLifeBro<\/title>\n<meta name=\"description\" content=\"Entdecken Sie smarte Roboter f\u00fcr Zuhause, Garten, Bildung und Sicherheit. Vergleichen Sie Saugroboter, Rasenm\u00e4hroboter, KI-Begleitroboter und mehr bei EasyLifeRobo.\" \/>\n<meta name=\"robots\" content=\"index, follow, max-snippet:-1, max-image-preview:large, max-video-preview:-1\" \/>\n<link rel=\"canonical\" href=\"https:\/\/easyliferobo.com\/de\/product\/kosmos-3-in-1-roboter-spielzeug-experimentierbox\/\" \/>\n<meta property=\"og:locale\" content=\"de_DE\" \/>\n<meta property=\"og:type\" content=\"article\" \/>\n<meta property=\"og:title\" content=\"Kosmos 3-in-1-Roboter-Spielzeug-Experimentierbox - EasyLifeBro\" \/>\n<meta property=\"og:description\" content=\"Entdecken Sie smarte Roboter f\u00fcr Zuhause, Garten, Bildung und Sicherheit. Vergleichen Sie Saugroboter, Rasenm\u00e4hroboter, KI-Begleitroboter und mehr bei EasyLifeRobo.\" \/>\n<meta property=\"og:url\" content=\"https:\/\/easyliferobo.com\/de\/product\/kosmos-3-in-1-roboter-spielzeug-experimentierbox\/\" \/>\n<meta property=\"og:site_name\" content=\"EasyLifeBro\" \/>\n<meta property=\"article:modified_time\" content=\"2026-02-27T06:44:08+00:00\" \/>\n<meta property=\"og:image\" content=\"https:\/\/images-na.ssl-images-amazon.com\/images\/G\/01\/x-locale\/common\/grey-pixel.gif\" \/>\n<meta name=\"twitter:card\" content=\"summary_large_image\" \/>\n<meta name=\"twitter:label1\" content=\"Gesch\u00e4tzte Lesezeit\" \/>\n\t<meta name=\"twitter:data1\" content=\"3\u00a0Minuten\" \/>\n<script type=\"application\/ld+json\" class=\"yoast-schema-graph\">{\"@context\":\"https:\\\/\\\/schema.org\",\"@graph\":[{\"@type\":\"WebPage\",\"@id\":\"https:\\\/\\\/easyliferobo.com\\\/de\\\/product\\\/kosmos-3-in-1-roboter-spielzeug-experimentierbox\\\/\",\"url\":\"https:\\\/\\\/easyliferobo.com\\\/de\\\/product\\\/kosmos-3-in-1-roboter-spielzeug-experimentierbox\\\/\",\"name\":\"Kosmos 3-in-1-Roboter-Spielzeug-Experimentierbox - EasyLifeBro\",\"isPartOf\":{\"@id\":\"https:\\\/\\\/easyliferobo.com\\\/de\\\/#website\"},\"primaryImageOfPage\":{\"@id\":\"https:\\\/\\\/easyliferobo.com\\\/de\\\/product\\\/kosmos-3-in-1-roboter-spielzeug-experimentierbox\\\/#primaryimage\"},\"image\":{\"@id\":\"https:\\\/\\\/easyliferobo.com\\\/de\\\/product\\\/kosmos-3-in-1-roboter-spielzeug-experimentierbox\\\/#primaryimage\"},\"thumbnailUrl\":\"https:\\\/\\\/easyliferobo.com\\\/de\\\/wp-content\\\/uploads\\\/2026\\\/02\\\/71xRspvHz1L._AC_SL1500_.jpg\",\"datePublished\":\"2026-02-27T06:43:56+00:00\",\"dateModified\":\"2026-02-27T06:44:08+00:00\",\"description\":\"Entdecken Sie smarte Roboter f\u00fcr Zuhause, Garten, Bildung und Sicherheit. Vergleichen Sie Saugroboter, Rasenm\u00e4hroboter, KI-Begleitroboter und mehr bei EasyLifeRobo.\",\"breadcrumb\":{\"@id\":\"https:\\\/\\\/easyliferobo.com\\\/de\\\/product\\\/kosmos-3-in-1-roboter-spielzeug-experimentierbox\\\/#breadcrumb\"},\"inLanguage\":\"de\",\"potentialAction\":[{\"@type\":\"ReadAction\",\"target\":[\"https:\\\/\\\/easyliferobo.com\\\/de\\\/product\\\/kosmos-3-in-1-roboter-spielzeug-experimentierbox\\\/\"]}]},{\"@type\":\"ImageObject\",\"inLanguage\":\"de\",\"@id\":\"https:\\\/\\\/easyliferobo.com\\\/de\\\/product\\\/kosmos-3-in-1-roboter-spielzeug-experimentierbox\\\/#primaryimage\",\"url\":\"https:\\\/\\\/easyliferobo.com\\\/de\\\/wp-content\\\/uploads\\\/2026\\\/02\\\/71xRspvHz1L._AC_SL1500_.jpg\",\"contentUrl\":\"https:\\\/\\\/easyliferobo.com\\\/de\\\/wp-content\\\/uploads\\\/2026\\\/02\\\/71xRspvHz1L._AC_SL1500_.jpg\",\"width\":1500,\"height\":1049},{\"@type\":\"BreadcrumbList\",\"@id\":\"https:\\\/\\\/easyliferobo.com\\\/de\\\/product\\\/kosmos-3-in-1-roboter-spielzeug-experimentierbox\\\/#breadcrumb\",\"itemListElement\":[{\"@type\":\"ListItem\",\"position\":1,\"name\":\"Home\",\"item\":\"https:\\\/\\\/easyliferobo.com\\\/de\\\/\"},{\"@type\":\"ListItem\",\"position\":2,\"name\":\"Shop\",\"item\":\"https:\\\/\\\/easyliferobo.com\\\/de\\\/shop\\\/\"},{\"@type\":\"ListItem\",\"position\":3,\"name\":\"Kosmos 3-in-1-Roboter-Spielzeug-Exp...\"}]},{\"@type\":\"WebSite\",\"@id\":\"https:\\\/\\\/easyliferobo.com\\\/de\\\/#website\",\"url\":\"https:\\\/\\\/easyliferobo.com\\\/de\\\/\",\"name\":\"EasyLifeBro\",\"description\":\"Smarte Roboter f\u00fcr Zuhause, Garten &amp; Bildung\",\"publisher\":{\"@id\":\"https:\\\/\\\/easyliferobo.com\\\/de\\\/#organization\"},\"potentialAction\":[{\"@type\":\"SearchAction\",\"target\":{\"@type\":\"EntryPoint\",\"urlTemplate\":\"https:\\\/\\\/easyliferobo.com\\\/de\\\/?s={search_term_string}\"},\"query-input\":{\"@type\":\"PropertyValueSpecification\",\"valueRequired\":true,\"valueName\":\"search_term_string\"}}],\"inLanguage\":\"de\"},{\"@type\":\"Organization\",\"@id\":\"https:\\\/\\\/easyliferobo.com\\\/de\\\/#organization\",\"name\":\"EasyLifeBro\",\"url\":\"https:\\\/\\\/easyliferobo.com\\\/de\\\/\",\"logo\":{\"@type\":\"ImageObject\",\"inLanguage\":\"de\",\"@id\":\"https:\\\/\\\/easyliferobo.com\\\/de\\\/#\\\/schema\\\/logo\\\/image\\\/\",\"url\":\"https:\\\/\\\/easyliferobo.com\\\/de\\\/wp-content\\\/uploads\\\/2026\\\/02\\\/Screenshot-2026-02-22-at-2.25.03-PM.png\",\"contentUrl\":\"https:\\\/\\\/easyliferobo.com\\\/de\\\/wp-content\\\/uploads\\\/2026\\\/02\\\/Screenshot-2026-02-22-at-2.25.03-PM.png\",\"width\":1858,\"height\":430,\"caption\":\"EasyLifeBro\"},\"image\":{\"@id\":\"https:\\\/\\\/easyliferobo.com\\\/de\\\/#\\\/schema\\\/logo\\\/image\\\/\"}}]}<\/script>\n<!-- \/ Yoast SEO plugin. -->","yoast_head_json":{"title":"Kosmos 3-in-1-Roboter-Spielzeug-Experimentierbox - EasyLifeBro","description":"Entdecken Sie smarte Roboter f\u00fcr Zuhause, Garten, Bildung und Sicherheit. Vergleichen Sie Saugroboter, Rasenm\u00e4hroboter, KI-Begleitroboter und mehr bei EasyLifeRobo.","robots":{"index":"index","follow":"follow","max-snippet":"max-snippet:-1","max-image-preview":"max-image-preview:large","max-video-preview":"max-video-preview:-1"},"canonical":"https:\/\/easyliferobo.com\/de\/product\/kosmos-3-in-1-roboter-spielzeug-experimentierbox\/","og_locale":"de_DE","og_type":"article","og_title":"Kosmos 3-in-1-Roboter-Spielzeug-Experimentierbox - EasyLifeBro","og_description":"Entdecken Sie smarte Roboter f\u00fcr Zuhause, Garten, Bildung und Sicherheit. Vergleichen Sie Saugroboter, Rasenm\u00e4hroboter, KI-Begleitroboter und mehr bei EasyLifeRobo.","og_url":"https:\/\/easyliferobo.com\/de\/product\/kosmos-3-in-1-roboter-spielzeug-experimentierbox\/","og_site_name":"EasyLifeBro","article_modified_time":"2026-02-27T06:44:08+00:00","og_image":[{"url":"https:\/\/images-na.ssl-images-amazon.com\/images\/G\/01\/x-locale\/common\/grey-pixel.gif","type":"","width":"","height":""}],"twitter_card":"summary_large_image","twitter_misc":{"Gesch\u00e4tzte Lesezeit":"3\u00a0Minuten"},"schema":{"@context":"https:\/\/schema.org","@graph":[{"@type":"WebPage","@id":"https:\/\/easyliferobo.com\/de\/product\/kosmos-3-in-1-roboter-spielzeug-experimentierbox\/","url":"https:\/\/easyliferobo.com\/de\/product\/kosmos-3-in-1-roboter-spielzeug-experimentierbox\/","name":"Kosmos 3-in-1-Roboter-Spielzeug-Experimentierbox - EasyLifeBro","isPartOf":{"@id":"https:\/\/easyliferobo.com\/de\/#website"},"primaryImageOfPage":{"@id":"https:\/\/easyliferobo.com\/de\/product\/kosmos-3-in-1-roboter-spielzeug-experimentierbox\/#primaryimage"},"image":{"@id":"https:\/\/easyliferobo.com\/de\/product\/kosmos-3-in-1-roboter-spielzeug-experimentierbox\/#primaryimage"},"thumbnailUrl":"https:\/\/easyliferobo.com\/de\/wp-content\/uploads\/2026\/02\/71xRspvHz1L._AC_SL1500_.jpg","datePublished":"2026-02-27T06:43:56+00:00","dateModified":"2026-02-27T06:44:08+00:00","description":"Entdecken Sie smarte Roboter f\u00fcr Zuhause, Garten, Bildung und Sicherheit. Vergleichen Sie Saugroboter, Rasenm\u00e4hroboter, KI-Begleitroboter und mehr bei EasyLifeRobo.","breadcrumb":{"@id":"https:\/\/easyliferobo.com\/de\/product\/kosmos-3-in-1-roboter-spielzeug-experimentierbox\/#breadcrumb"},"inLanguage":"de","potentialAction":[{"@type":"ReadAction","target":["https:\/\/easyliferobo.com\/de\/product\/kosmos-3-in-1-roboter-spielzeug-experimentierbox\/"]}]},{"@type":"ImageObject","inLanguage":"de","@id":"https:\/\/easyliferobo.com\/de\/product\/kosmos-3-in-1-roboter-spielzeug-experimentierbox\/#primaryimage","url":"https:\/\/easyliferobo.com\/de\/wp-content\/uploads\/2026\/02\/71xRspvHz1L._AC_SL1500_.jpg","contentUrl":"https:\/\/easyliferobo.com\/de\/wp-content\/uploads\/2026\/02\/71xRspvHz1L._AC_SL1500_.jpg","width":1500,"height":1049},{"@type":"BreadcrumbList","@id":"https:\/\/easyliferobo.com\/de\/product\/kosmos-3-in-1-roboter-spielzeug-experimentierbox\/#breadcrumb","itemListElement":[{"@type":"ListItem","position":1,"name":"Home","item":"https:\/\/easyliferobo.com\/de\/"},{"@type":"ListItem","position":2,"name":"Shop","item":"https:\/\/easyliferobo.com\/de\/shop\/"},{"@type":"ListItem","position":3,"name":"Kosmos 3-in-1-Roboter-Spielzeug-Exp..."}]},{"@type":"WebSite","@id":"https:\/\/easyliferobo.com\/de\/#website","url":"https:\/\/easyliferobo.com\/de\/","name":"EasyLifeBro","description":"Smarte Roboter f\u00fcr Zuhause, Garten &amp; Bildung","publisher":{"@id":"https:\/\/easyliferobo.com\/de\/#organization"},"potentialAction":[{"@type":"SearchAction","target":{"@type":"EntryPoint","urlTemplate":"https:\/\/easyliferobo.com\/de\/?s={search_term_string}"},"query-input":{"@type":"PropertyValueSpecification","valueRequired":true,"valueName":"search_term_string"}}],"inLanguage":"de"},{"@type":"Organization","@id":"https:\/\/easyliferobo.com\/de\/#organization","name":"EasyLifeBro","url":"https:\/\/easyliferobo.com\/de\/","logo":{"@type":"ImageObject","inLanguage":"de","@id":"https:\/\/easyliferobo.com\/de\/#\/schema\/logo\/image\/","url":"https:\/\/easyliferobo.com\/de\/wp-content\/uploads\/2026\/02\/Screenshot-2026-02-22-at-2.25.03-PM.png","contentUrl":"https:\/\/easyliferobo.com\/de\/wp-content\/uploads\/2026\/02\/Screenshot-2026-02-22-at-2.25.03-PM.png","width":1858,"height":430,"caption":"EasyLifeBro"},"image":{"@id":"https:\/\/easyliferobo.com\/de\/#\/schema\/logo\/image\/"}}]}},"_links":{"self":[{"href":"https:\/\/easyliferobo.com\/de\/wp-json\/wp\/v2\/product\/3329","targetHints":{"allow":["GET"]}}],"collection":[{"href":"https:\/\/easyliferobo.com\/de\/wp-json\/wp\/v2\/product"}],"about":[{"href":"https:\/\/easyliferobo.com\/de\/wp-json\/wp\/v2\/types\/product"}],"replies":[{"embeddable":true,"href":"https:\/\/easyliferobo.com\/de\/wp-json\/wp\/v2\/comments?post=3329"}],"wp:featuredmedia":[{"embeddable":true,"href":"https:\/\/easyliferobo.com\/de\/wp-json\/wp\/v2\/media\/3330"}],"wp:attachment":[{"href":"https:\/\/easyliferobo.com\/de\/wp-json\/wp\/v2\/media?parent=3329"}],"wp:term":[{"taxonomy":"store","embeddable":true,"href":"https:\/\/easyliferobo.com\/de\/wp-json\/wp\/v2\/store?post=3329"},{"taxonomy":"product_brand","embeddable":true,"href":"https:\/\/easyliferobo.com\/de\/wp-json\/wp\/v2\/product_brand?post=3329"},{"taxonomy":"product_cat","embeddable":true,"href":"https:\/\/easyliferobo.com\/de\/wp-json\/wp\/v2\/product_cat?post=3329"},{"taxonomy":"product_tag","embeddable":true,"href":"https:\/\/easyliferobo.com\/de\/wp-json\/wp\/v2\/product_tag?post=3329"}],"curies":[{"name":"wp","href":"https:\/\/api.w.org\/{rel}","templated":true}]}}