
{"id":3311,"date":"2026-02-27T06:41:08","date_gmt":"2026-02-27T06:41:08","guid":{"rendered":"https:\/\/easyliferobo.com\/de\/product\/10-x-rasenfreund-kabelverbinder-fettfuellung-einadriger-steckverbinder-verbindungsklemmen-begrenzungskabel-roboter-rasenmaeher-kompatibel-mit-gardena-bosch-husqvarna-worx-honda-robomow-imow\/"},"modified":"2026-02-27T06:41:21","modified_gmt":"2026-02-27T06:41:21","slug":"10-x-rasenfreund-kabelverbinder-fettfuellung-einadriger-steckverbinder-verbindungsklemmen-begrenzungskabel-roboter-rasenmaeher-kompatibel-mit-gardena-bosch-husqvarna-worx-honda-robomow-imow","status":"publish","type":"product","link":"https:\/\/easyliferobo.com\/de\/product\/10-x-rasenfreund-kabelverbinder-fettfuellung-einadriger-steckverbinder-verbindungsklemmen-begrenzungskabel-roboter-rasenmaeher-kompatibel-mit-gardena-bosch-husqvarna-worx-honda-robomow-imow\/","title":{"rendered":"10 x RASENFREUND Kabelverbinder, Fe..."},"content":{"rendered":"<p>\n                                             Produktbeschreibung   <\/p>\n<h3 class=\"a-spacing-small\"> Kabelverbinder von Rasenfreund <\/h3>\n<p class=\"apm-text-center\">\n                                                      <img decoding=\"async\" alt=\"13\" src=\"https:\/\/images-na.ssl-images-amazon.com\/images\/G\/01\/x-locale\/common\/grey-pixel.gif\" class=\"a-spacing-mini a-lazy-loaded\" data-src=\"https:\/\/m.media-amazon.com\/images\/S\/aplus-media-library-service-media\/082eaec6-1a1e-40ba-9a65-543f34e7af36.__CR0,0,1000,1000_PT0_SX300_V1___.jpg\"><img decoding=\"async\" alt=\"13\" src=\"https:\/\/m.media-amazon.com\/images\/S\/aplus-media-library-service-media\/082eaec6-1a1e-40ba-9a65-543f34e7af36.__CR0,0,1000,1000_PT0_SX300_V1___.jpg\">  <\/p>\n<p>                                                    Einfach zu installieren                                       <\/p>\n<p> Messerscharfe Kabelschneider im Inneren der Klemme trennen Begrenzungskabel mit einem sauberen Schnitt. <\/p>\n<p class=\"apm-text-center\">\n                                                      <img decoding=\"async\" alt=\"Werfen\" src=\"https:\/\/images-na.ssl-images-amazon.com\/images\/G\/01\/x-locale\/common\/grey-pixel.gif\" class=\"a-spacing-mini a-lazy-loaded\" data-src=\"https:\/\/m.media-amazon.com\/images\/S\/aplus-media-library-service-media\/9dd3cd09-8d26-438c-bc6f-284a623ba30f.__CR0,0,1000,1000_PT0_SX300_V1___.jpg\"><img decoding=\"async\" alt=\"Werfen\" src=\"https:\/\/m.media-amazon.com\/images\/S\/aplus-media-library-service-media\/9dd3cd09-8d26-438c-bc6f-284a623ba30f.__CR0,0,1000,1000_PT0_SX300_V1___.jpg\">  <\/p>\n<p>                                                    Wetterfest                                       <\/p>\n<p> Witterungseinfl\u00fcsse k\u00f6nnen dem stabilen Kunststoffgeh\u00e4use der Crimpklemmen nichts anhaben. <\/p>\n<p class=\"apm-text-center\">\n                                                      <img decoding=\"async\" alt=\"dwd\" src=\"https:\/\/images-na.ssl-images-amazon.com\/images\/G\/01\/x-locale\/common\/grey-pixel.gif\" class=\"a-spacing-mini a-lazy-loaded\" data-src=\"https:\/\/m.media-amazon.com\/images\/S\/aplus-media-library-service-media\/f7d7523e-1093-46b7-8fa1-3bcdca62aeaa.__CR0,0,1000,1000_PT0_SX300_V1___.jpg\"><img decoding=\"async\" alt=\"dwd\" src=\"https:\/\/m.media-amazon.com\/images\/S\/aplus-media-library-service-media\/f7d7523e-1093-46b7-8fa1-3bcdca62aeaa.__CR0,0,1000,1000_PT0_SX300_V1___.jpg\">  <\/p>\n<p>                                                    Integriert sich in den Rasen                                       <\/p>\n<p> Der Kabelverbinder integriert sich dank seiner gr\u00fcnen Kappe perfekt in Ihre Gartenlandschaft. <\/p>\n<p>                                                  <img decoding=\"async\" alt=\"22\" src=\"https:\/\/images-na.ssl-images-amazon.com\/images\/G\/01\/x-locale\/common\/grey-pixel.gif\" class=\"a-lazy-loaded\" data-src=\"https:\/\/m.media-amazon.com\/images\/S\/aplus-media-library-service-media\/f27ffbf5-daed-46aa-96b7-cf9856777ef8.__CR0,563,3129,968_PT0_SX970_V1___.jpg\"><img decoding=\"async\" alt=\"22\" src=\"https:\/\/m.media-amazon.com\/images\/S\/aplus-media-library-service-media\/f27ffbf5-daed-46aa-96b7-cf9856777ef8.__CR0,563,3129,968_PT0_SX970_V1___.jpg\">  <\/p>\n<h3>  Ideal f\u00fcr M\u00e4hroboterkabel <\/h3>\n<p>  Die Verbindungsklemmen im praktischen Set sind kompatibel mit Markenherstellern wie Gardena, Husqvarna, Worx, Bosch uvm. Denn nur eine wasserdichte Verbindung gew\u00e4hrleistet eine optimale und stabile Leitf\u00e4higkeit des Stroms. <\/p>\n<p>RASENFREUND Kabelverbinder: Wasserdichter Anschluss f\u00fcr Ihren M\u00e4hroboter, ideal f\u00fcr den Au\u00dfenbereich<br \/>Hochwertige und langlebige Qualit\u00e4t von RASENFREUND<br \/>Einfach Begrenzungskabel einstecken, dr\u00fccken und fertig! Reparieren Sie durchtrennte Kabel in Sekundenschnelle<br \/>Verwendbar f\u00fcr alle g\u00e4ngigen M\u00e4hroboter-Begrenzungskabel<br \/>Lieferumfang: 10 St\u00fcck<\/p>\n<p>[ad_2]<\/p>\n","protected":false},"excerpt":{"rendered":"<p>Produktbeschreibung Kabelverbinder von Rasenfreund Einfach zu installieren Messerscharfe Kabelschneider im Inneren der Klemme trennen Begrenzungskabel mit einem sauberen Schnitt. Wetterfest Witterungseinfl\u00fcsse k\u00f6nnen dem stabilen Kunststoffgeh\u00e4use der Crimpklemmen nichts anhaben. Integriert sich in den Rasen Der Kabelverbinder integriert sich dank seiner gr\u00fcnen Kappe perfekt in Ihre Gartenlandschaft. Ideal f\u00fcr M\u00e4hroboterkabel Die Verbindungsklemmen im praktischen Set sind [&hellip;]<\/p>\n","protected":false},"featured_media":3312,"comment_status":"open","ping_status":"closed","template":"","meta":{"_aipt_faq_data":""},"store":[],"product_brand":[428],"product_cat":[83],"product_tag":[291],"class_list":{"0":"post-3311","1":"product","2":"type-product","3":"status-publish","4":"has-post-thumbnail","6":"product_brand-rasenfreund","7":"product_cat-rasenroboter-fuer-kleine-gaerten","8":"product_tag-rasenroboter-fuer-kleine-gaerten-mit-app-steuerung","10":"first","11":"instock","12":"shipping-taxable","13":"product-type-external"},"yoast_head":"<!-- This site is optimized with the Yoast SEO plugin v27.4 - https:\/\/yoast.com\/product\/yoast-seo-wordpress\/ -->\n<title>10 x RASENFREUND Kabelverbinder, Fettf\u00fcllung, einadriger Steckverbinder, Verbindungsklemmen, Begrenzungskabel, Roboter-Rasenm\u00e4her, kompatibel mit Gardena\/Bosch\/Husqvarna\/WorX\/Honda\/Robomow\/iMow - EasyLifeBro<\/title>\n<meta name=\"description\" content=\"Entdecken Sie smarte Roboter f\u00fcr Zuhause, Garten, Bildung und Sicherheit. Vergleichen Sie Saugroboter, Rasenm\u00e4hroboter, KI-Begleitroboter und mehr bei EasyLifeRobo.\" \/>\n<meta name=\"robots\" content=\"index, follow, max-snippet:-1, max-image-preview:large, max-video-preview:-1\" \/>\n<link rel=\"canonical\" href=\"https:\/\/easyliferobo.com\/de\/product\/10-x-rasenfreund-kabelverbinder-fettfuellung-einadriger-steckverbinder-verbindungsklemmen-begrenzungskabel-roboter-rasenmaeher-kompatibel-mit-gardena-bosch-husqvarna-worx-honda-robomow-imow\/\" \/>\n<meta property=\"og:locale\" content=\"de_DE\" \/>\n<meta property=\"og:type\" content=\"article\" \/>\n<meta property=\"og:title\" content=\"10 x RASENFREUND Kabelverbinder, Fettf\u00fcllung, einadriger Steckverbinder, Verbindungsklemmen, Begrenzungskabel, Roboter-Rasenm\u00e4her, kompatibel mit Gardena\/Bosch\/Husqvarna\/WorX\/Honda\/Robomow\/iMow - EasyLifeBro\" \/>\n<meta property=\"og:description\" content=\"Entdecken Sie smarte Roboter f\u00fcr Zuhause, Garten, Bildung und Sicherheit. Vergleichen Sie Saugroboter, Rasenm\u00e4hroboter, KI-Begleitroboter und mehr bei EasyLifeRobo.\" \/>\n<meta property=\"og:url\" content=\"https:\/\/easyliferobo.com\/de\/product\/10-x-rasenfreund-kabelverbinder-fettfuellung-einadriger-steckverbinder-verbindungsklemmen-begrenzungskabel-roboter-rasenmaeher-kompatibel-mit-gardena-bosch-husqvarna-worx-honda-robomow-imow\/\" \/>\n<meta property=\"og:site_name\" content=\"EasyLifeBro\" \/>\n<meta property=\"article:modified_time\" content=\"2026-02-27T06:41:21+00:00\" \/>\n<meta property=\"og:image\" content=\"https:\/\/images-na.ssl-images-amazon.com\/images\/G\/01\/x-locale\/common\/grey-pixel.gif\" \/>\n<meta name=\"twitter:card\" content=\"summary_large_image\" \/>\n<meta name=\"twitter:label1\" content=\"Gesch\u00e4tzte Lesezeit\" \/>\n\t<meta name=\"twitter:data1\" content=\"1\u00a0Minute\" \/>\n<script type=\"application\/ld+json\" class=\"yoast-schema-graph\">{\"@context\":\"https:\\\/\\\/schema.org\",\"@graph\":[{\"@type\":\"WebPage\",\"@id\":\"https:\\\/\\\/easyliferobo.com\\\/de\\\/product\\\/10-x-rasenfreund-kabelverbinder-fettfuellung-einadriger-steckverbinder-verbindungsklemmen-begrenzungskabel-roboter-rasenmaeher-kompatibel-mit-gardena-bosch-husqvarna-worx-honda-robomow-imow\\\/\",\"url\":\"https:\\\/\\\/easyliferobo.com\\\/de\\\/product\\\/10-x-rasenfreund-kabelverbinder-fettfuellung-einadriger-steckverbinder-verbindungsklemmen-begrenzungskabel-roboter-rasenmaeher-kompatibel-mit-gardena-bosch-husqvarna-worx-honda-robomow-imow\\\/\",\"name\":\"10 x RASENFREUND Kabelverbinder, Fettf\u00fcllung, einadriger Steckverbinder, Verbindungsklemmen, Begrenzungskabel, Roboter-Rasenm\u00e4her, kompatibel mit Gardena\\\/Bosch\\\/Husqvarna\\\/WorX\\\/Honda\\\/Robomow\\\/iMow - EasyLifeBro\",\"isPartOf\":{\"@id\":\"https:\\\/\\\/easyliferobo.com\\\/de\\\/#website\"},\"primaryImageOfPage\":{\"@id\":\"https:\\\/\\\/easyliferobo.com\\\/de\\\/product\\\/10-x-rasenfreund-kabelverbinder-fettfuellung-einadriger-steckverbinder-verbindungsklemmen-begrenzungskabel-roboter-rasenmaeher-kompatibel-mit-gardena-bosch-husqvarna-worx-honda-robomow-imow\\\/#primaryimage\"},\"image\":{\"@id\":\"https:\\\/\\\/easyliferobo.com\\\/de\\\/product\\\/10-x-rasenfreund-kabelverbinder-fettfuellung-einadriger-steckverbinder-verbindungsklemmen-begrenzungskabel-roboter-rasenmaeher-kompatibel-mit-gardena-bosch-husqvarna-worx-honda-robomow-imow\\\/#primaryimage\"},\"thumbnailUrl\":\"https:\\\/\\\/easyliferobo.com\\\/de\\\/wp-content\\\/uploads\\\/2026\\\/02\\\/61KLnICNKwL._AC_SL1200_.jpg\",\"datePublished\":\"2026-02-27T06:41:08+00:00\",\"dateModified\":\"2026-02-27T06:41:21+00:00\",\"description\":\"Entdecken Sie smarte Roboter f\u00fcr Zuhause, Garten, Bildung und Sicherheit. Vergleichen Sie Saugroboter, Rasenm\u00e4hroboter, KI-Begleitroboter und mehr bei EasyLifeRobo.\",\"breadcrumb\":{\"@id\":\"https:\\\/\\\/easyliferobo.com\\\/de\\\/product\\\/10-x-rasenfreund-kabelverbinder-fettfuellung-einadriger-steckverbinder-verbindungsklemmen-begrenzungskabel-roboter-rasenmaeher-kompatibel-mit-gardena-bosch-husqvarna-worx-honda-robomow-imow\\\/#breadcrumb\"},\"inLanguage\":\"de\",\"potentialAction\":[{\"@type\":\"ReadAction\",\"target\":[\"https:\\\/\\\/easyliferobo.com\\\/de\\\/product\\\/10-x-rasenfreund-kabelverbinder-fettfuellung-einadriger-steckverbinder-verbindungsklemmen-begrenzungskabel-roboter-rasenmaeher-kompatibel-mit-gardena-bosch-husqvarna-worx-honda-robomow-imow\\\/\"]}]},{\"@type\":\"ImageObject\",\"inLanguage\":\"de\",\"@id\":\"https:\\\/\\\/easyliferobo.com\\\/de\\\/product\\\/10-x-rasenfreund-kabelverbinder-fettfuellung-einadriger-steckverbinder-verbindungsklemmen-begrenzungskabel-roboter-rasenmaeher-kompatibel-mit-gardena-bosch-husqvarna-worx-honda-robomow-imow\\\/#primaryimage\",\"url\":\"https:\\\/\\\/easyliferobo.com\\\/de\\\/wp-content\\\/uploads\\\/2026\\\/02\\\/61KLnICNKwL._AC_SL1200_.jpg\",\"contentUrl\":\"https:\\\/\\\/easyliferobo.com\\\/de\\\/wp-content\\\/uploads\\\/2026\\\/02\\\/61KLnICNKwL._AC_SL1200_.jpg\",\"width\":1131,\"height\":1045},{\"@type\":\"BreadcrumbList\",\"@id\":\"https:\\\/\\\/easyliferobo.com\\\/de\\\/product\\\/10-x-rasenfreund-kabelverbinder-fettfuellung-einadriger-steckverbinder-verbindungsklemmen-begrenzungskabel-roboter-rasenmaeher-kompatibel-mit-gardena-bosch-husqvarna-worx-honda-robomow-imow\\\/#breadcrumb\",\"itemListElement\":[{\"@type\":\"ListItem\",\"position\":1,\"name\":\"Home\",\"item\":\"https:\\\/\\\/easyliferobo.com\\\/de\\\/\"},{\"@type\":\"ListItem\",\"position\":2,\"name\":\"Shop\",\"item\":\"https:\\\/\\\/easyliferobo.com\\\/de\\\/shop\\\/\"},{\"@type\":\"ListItem\",\"position\":3,\"name\":\"10 x RASENFREUND Kabelverbinder, Fe...\"}]},{\"@type\":\"WebSite\",\"@id\":\"https:\\\/\\\/easyliferobo.com\\\/de\\\/#website\",\"url\":\"https:\\\/\\\/easyliferobo.com\\\/de\\\/\",\"name\":\"EasyLifeBro\",\"description\":\"Smarte Roboter f\u00fcr Zuhause, Garten &amp; Bildung\",\"publisher\":{\"@id\":\"https:\\\/\\\/easyliferobo.com\\\/de\\\/#organization\"},\"potentialAction\":[{\"@type\":\"SearchAction\",\"target\":{\"@type\":\"EntryPoint\",\"urlTemplate\":\"https:\\\/\\\/easyliferobo.com\\\/de\\\/?s={search_term_string}\"},\"query-input\":{\"@type\":\"PropertyValueSpecification\",\"valueRequired\":true,\"valueName\":\"search_term_string\"}}],\"inLanguage\":\"de\"},{\"@type\":\"Organization\",\"@id\":\"https:\\\/\\\/easyliferobo.com\\\/de\\\/#organization\",\"name\":\"EasyLifeBro\",\"url\":\"https:\\\/\\\/easyliferobo.com\\\/de\\\/\",\"logo\":{\"@type\":\"ImageObject\",\"inLanguage\":\"de\",\"@id\":\"https:\\\/\\\/easyliferobo.com\\\/de\\\/#\\\/schema\\\/logo\\\/image\\\/\",\"url\":\"https:\\\/\\\/easyliferobo.com\\\/de\\\/wp-content\\\/uploads\\\/2026\\\/02\\\/Screenshot-2026-02-22-at-2.25.03-PM.png\",\"contentUrl\":\"https:\\\/\\\/easyliferobo.com\\\/de\\\/wp-content\\\/uploads\\\/2026\\\/02\\\/Screenshot-2026-02-22-at-2.25.03-PM.png\",\"width\":1858,\"height\":430,\"caption\":\"EasyLifeBro\"},\"image\":{\"@id\":\"https:\\\/\\\/easyliferobo.com\\\/de\\\/#\\\/schema\\\/logo\\\/image\\\/\"}}]}<\/script>\n<!-- \/ Yoast SEO plugin. -->","yoast_head_json":{"title":"10 x RASENFREUND Kabelverbinder, Fettf\u00fcllung, einadriger Steckverbinder, Verbindungsklemmen, Begrenzungskabel, Roboter-Rasenm\u00e4her, kompatibel mit Gardena\/Bosch\/Husqvarna\/WorX\/Honda\/Robomow\/iMow - EasyLifeBro","description":"Entdecken Sie smarte Roboter f\u00fcr Zuhause, Garten, Bildung und Sicherheit. Vergleichen Sie Saugroboter, Rasenm\u00e4hroboter, KI-Begleitroboter und mehr bei EasyLifeRobo.","robots":{"index":"index","follow":"follow","max-snippet":"max-snippet:-1","max-image-preview":"max-image-preview:large","max-video-preview":"max-video-preview:-1"},"canonical":"https:\/\/easyliferobo.com\/de\/product\/10-x-rasenfreund-kabelverbinder-fettfuellung-einadriger-steckverbinder-verbindungsklemmen-begrenzungskabel-roboter-rasenmaeher-kompatibel-mit-gardena-bosch-husqvarna-worx-honda-robomow-imow\/","og_locale":"de_DE","og_type":"article","og_title":"10 x RASENFREUND Kabelverbinder, Fettf\u00fcllung, einadriger Steckverbinder, Verbindungsklemmen, Begrenzungskabel, Roboter-Rasenm\u00e4her, kompatibel mit Gardena\/Bosch\/Husqvarna\/WorX\/Honda\/Robomow\/iMow - EasyLifeBro","og_description":"Entdecken Sie smarte Roboter f\u00fcr Zuhause, Garten, Bildung und Sicherheit. Vergleichen Sie Saugroboter, Rasenm\u00e4hroboter, KI-Begleitroboter und mehr bei EasyLifeRobo.","og_url":"https:\/\/easyliferobo.com\/de\/product\/10-x-rasenfreund-kabelverbinder-fettfuellung-einadriger-steckverbinder-verbindungsklemmen-begrenzungskabel-roboter-rasenmaeher-kompatibel-mit-gardena-bosch-husqvarna-worx-honda-robomow-imow\/","og_site_name":"EasyLifeBro","article_modified_time":"2026-02-27T06:41:21+00:00","og_image":[{"url":"https:\/\/images-na.ssl-images-amazon.com\/images\/G\/01\/x-locale\/common\/grey-pixel.gif","type":"","width":"","height":""}],"twitter_card":"summary_large_image","twitter_misc":{"Gesch\u00e4tzte Lesezeit":"1\u00a0Minute"},"schema":{"@context":"https:\/\/schema.org","@graph":[{"@type":"WebPage","@id":"https:\/\/easyliferobo.com\/de\/product\/10-x-rasenfreund-kabelverbinder-fettfuellung-einadriger-steckverbinder-verbindungsklemmen-begrenzungskabel-roboter-rasenmaeher-kompatibel-mit-gardena-bosch-husqvarna-worx-honda-robomow-imow\/","url":"https:\/\/easyliferobo.com\/de\/product\/10-x-rasenfreund-kabelverbinder-fettfuellung-einadriger-steckverbinder-verbindungsklemmen-begrenzungskabel-roboter-rasenmaeher-kompatibel-mit-gardena-bosch-husqvarna-worx-honda-robomow-imow\/","name":"10 x RASENFREUND Kabelverbinder, Fettf\u00fcllung, einadriger Steckverbinder, Verbindungsklemmen, Begrenzungskabel, Roboter-Rasenm\u00e4her, kompatibel mit Gardena\/Bosch\/Husqvarna\/WorX\/Honda\/Robomow\/iMow - EasyLifeBro","isPartOf":{"@id":"https:\/\/easyliferobo.com\/de\/#website"},"primaryImageOfPage":{"@id":"https:\/\/easyliferobo.com\/de\/product\/10-x-rasenfreund-kabelverbinder-fettfuellung-einadriger-steckverbinder-verbindungsklemmen-begrenzungskabel-roboter-rasenmaeher-kompatibel-mit-gardena-bosch-husqvarna-worx-honda-robomow-imow\/#primaryimage"},"image":{"@id":"https:\/\/easyliferobo.com\/de\/product\/10-x-rasenfreund-kabelverbinder-fettfuellung-einadriger-steckverbinder-verbindungsklemmen-begrenzungskabel-roboter-rasenmaeher-kompatibel-mit-gardena-bosch-husqvarna-worx-honda-robomow-imow\/#primaryimage"},"thumbnailUrl":"https:\/\/easyliferobo.com\/de\/wp-content\/uploads\/2026\/02\/61KLnICNKwL._AC_SL1200_.jpg","datePublished":"2026-02-27T06:41:08+00:00","dateModified":"2026-02-27T06:41:21+00:00","description":"Entdecken Sie smarte Roboter f\u00fcr Zuhause, Garten, Bildung und Sicherheit. Vergleichen Sie Saugroboter, Rasenm\u00e4hroboter, KI-Begleitroboter und mehr bei EasyLifeRobo.","breadcrumb":{"@id":"https:\/\/easyliferobo.com\/de\/product\/10-x-rasenfreund-kabelverbinder-fettfuellung-einadriger-steckverbinder-verbindungsklemmen-begrenzungskabel-roboter-rasenmaeher-kompatibel-mit-gardena-bosch-husqvarna-worx-honda-robomow-imow\/#breadcrumb"},"inLanguage":"de","potentialAction":[{"@type":"ReadAction","target":["https:\/\/easyliferobo.com\/de\/product\/10-x-rasenfreund-kabelverbinder-fettfuellung-einadriger-steckverbinder-verbindungsklemmen-begrenzungskabel-roboter-rasenmaeher-kompatibel-mit-gardena-bosch-husqvarna-worx-honda-robomow-imow\/"]}]},{"@type":"ImageObject","inLanguage":"de","@id":"https:\/\/easyliferobo.com\/de\/product\/10-x-rasenfreund-kabelverbinder-fettfuellung-einadriger-steckverbinder-verbindungsklemmen-begrenzungskabel-roboter-rasenmaeher-kompatibel-mit-gardena-bosch-husqvarna-worx-honda-robomow-imow\/#primaryimage","url":"https:\/\/easyliferobo.com\/de\/wp-content\/uploads\/2026\/02\/61KLnICNKwL._AC_SL1200_.jpg","contentUrl":"https:\/\/easyliferobo.com\/de\/wp-content\/uploads\/2026\/02\/61KLnICNKwL._AC_SL1200_.jpg","width":1131,"height":1045},{"@type":"BreadcrumbList","@id":"https:\/\/easyliferobo.com\/de\/product\/10-x-rasenfreund-kabelverbinder-fettfuellung-einadriger-steckverbinder-verbindungsklemmen-begrenzungskabel-roboter-rasenmaeher-kompatibel-mit-gardena-bosch-husqvarna-worx-honda-robomow-imow\/#breadcrumb","itemListElement":[{"@type":"ListItem","position":1,"name":"Home","item":"https:\/\/easyliferobo.com\/de\/"},{"@type":"ListItem","position":2,"name":"Shop","item":"https:\/\/easyliferobo.com\/de\/shop\/"},{"@type":"ListItem","position":3,"name":"10 x RASENFREUND Kabelverbinder, Fe..."}]},{"@type":"WebSite","@id":"https:\/\/easyliferobo.com\/de\/#website","url":"https:\/\/easyliferobo.com\/de\/","name":"EasyLifeBro","description":"Smarte Roboter f\u00fcr Zuhause, Garten &amp; Bildung","publisher":{"@id":"https:\/\/easyliferobo.com\/de\/#organization"},"potentialAction":[{"@type":"SearchAction","target":{"@type":"EntryPoint","urlTemplate":"https:\/\/easyliferobo.com\/de\/?s={search_term_string}"},"query-input":{"@type":"PropertyValueSpecification","valueRequired":true,"valueName":"search_term_string"}}],"inLanguage":"de"},{"@type":"Organization","@id":"https:\/\/easyliferobo.com\/de\/#organization","name":"EasyLifeBro","url":"https:\/\/easyliferobo.com\/de\/","logo":{"@type":"ImageObject","inLanguage":"de","@id":"https:\/\/easyliferobo.com\/de\/#\/schema\/logo\/image\/","url":"https:\/\/easyliferobo.com\/de\/wp-content\/uploads\/2026\/02\/Screenshot-2026-02-22-at-2.25.03-PM.png","contentUrl":"https:\/\/easyliferobo.com\/de\/wp-content\/uploads\/2026\/02\/Screenshot-2026-02-22-at-2.25.03-PM.png","width":1858,"height":430,"caption":"EasyLifeBro"},"image":{"@id":"https:\/\/easyliferobo.com\/de\/#\/schema\/logo\/image\/"}}]}},"_links":{"self":[{"href":"https:\/\/easyliferobo.com\/de\/wp-json\/wp\/v2\/product\/3311","targetHints":{"allow":["GET"]}}],"collection":[{"href":"https:\/\/easyliferobo.com\/de\/wp-json\/wp\/v2\/product"}],"about":[{"href":"https:\/\/easyliferobo.com\/de\/wp-json\/wp\/v2\/types\/product"}],"replies":[{"embeddable":true,"href":"https:\/\/easyliferobo.com\/de\/wp-json\/wp\/v2\/comments?post=3311"}],"wp:featuredmedia":[{"embeddable":true,"href":"https:\/\/easyliferobo.com\/de\/wp-json\/wp\/v2\/media\/3312"}],"wp:attachment":[{"href":"https:\/\/easyliferobo.com\/de\/wp-json\/wp\/v2\/media?parent=3311"}],"wp:term":[{"taxonomy":"store","embeddable":true,"href":"https:\/\/easyliferobo.com\/de\/wp-json\/wp\/v2\/store?post=3311"},{"taxonomy":"product_brand","embeddable":true,"href":"https:\/\/easyliferobo.com\/de\/wp-json\/wp\/v2\/product_brand?post=3311"},{"taxonomy":"product_cat","embeddable":true,"href":"https:\/\/easyliferobo.com\/de\/wp-json\/wp\/v2\/product_cat?post=3311"},{"taxonomy":"product_tag","embeddable":true,"href":"https:\/\/easyliferobo.com\/de\/wp-json\/wp\/v2\/product_tag?post=3311"}],"curies":[{"name":"wp","href":"https:\/\/api.w.org\/{rel}","templated":true}]}}