
{"id":3307,"date":"2026-02-27T06:39:49","date_gmt":"2026-02-27T06:39:49","guid":{"rendered":"https:\/\/easyliferobo.com\/de\/product\/rasenfreund-1000-stueck-hakenbefestigung-fuer-maehroboter-erdanker-fuehrungszubehoerset-befestigung-fuer-begrenzungskabel-kabelhalter-kompatibel-mit-gardena-bosch-husqvarna-worx-honda\/"},"modified":"2026-02-27T06:39:56","modified_gmt":"2026-02-27T06:39:56","slug":"rasenfreund-1000-stueck-hakenbefestigung-fuer-maehroboter-erdanker-fuehrungszubehoerset-befestigung-fuer-begrenzungskabel-kabelhalter-kompatibel-mit-gardena-bosch-husqvarna-worx-honda","status":"publish","type":"product","link":"https:\/\/easyliferobo.com\/de\/product\/rasenfreund-1000-stueck-hakenbefestigung-fuer-maehroboter-erdanker-fuehrungszubehoerset-befestigung-fuer-begrenzungskabel-kabelhalter-kompatibel-mit-gardena-bosch-husqvarna-worx-honda\/","title":{"rendered":"RASENFREUND 1000 St\u00fcck Hakenbefest..."},"content":{"rendered":"<p>\n                                             Produktbeschreibung   <\/p>\n<p>                                                         <img decoding=\"async\" alt=\"Logo\" src=\"https:\/\/images-na.ssl-images-amazon.com\/images\/G\/01\/x-locale\/common\/grey-pixel.gif\" class=\"a-lazy-loaded\" data-src=\"https:\/\/m.media-amazon.com\/images\/S\/aplus-media\/sc\/268570d0-f135-4fba-b33f-bc727fb9ad33.__CR0,0,1200,360_PT0_SX600_V1___.jpg\"><img decoding=\"async\" alt=\"Logo\" src=\"https:\/\/m.media-amazon.com\/images\/S\/aplus-media\/sc\/268570d0-f135-4fba-b33f-bc727fb9ad33.__CR0,0,1200,360_PT0_SX600_V1___.jpg\">      <\/p>\n<h3 class=\"a-spacing-mini\">  Erdspie\u00dfe zur Kabelmontage am M\u00e4hroboter <\/h3>\n<p>                                          <img decoding=\"async\" alt=\"w\" src=\"https:\/\/images-na.ssl-images-amazon.com\/images\/G\/01\/x-locale\/common\/grey-pixel.gif\" class=\"a-spacing-base a-lazy-loaded\" data-src=\"https:\/\/m.media-amazon.com\/images\/S\/aplus-media\/sc\/98587f53-9c22-4116-8ea8-20a17de51f48.__CR0,0,3543,2192_PT0_SX970_V1___.jpg\"><img decoding=\"async\" alt=\"w\" src=\"https:\/\/m.media-amazon.com\/images\/S\/aplus-media\/sc\/98587f53-9c22-4116-8ea8-20a17de51f48.__CR0,0,3543,2192_PT0_SX970_V1___.jpg\">                                                                     <\/p>\n<p class=\"a-spacing-base\">  Erdspie\u00dfe f\u00fcr den Einsatz im Boden, ideal f\u00fcr das Begrenzungskabel eines M\u00e4hroboters. Die N\u00e4gel haben einen extra starken Kopf f\u00fcr eine einfache Installation auch auf harten B\u00f6den. Passend f\u00fcr alle g\u00e4ngigen M\u00e4hroboterkabel, z. B. Bosch, Gardena, Husqvarna, Stihl, Worx etc. <\/p>\n<p class=\"apm-text-center\">\n                                                      <img decoding=\"async\" alt=\"1\" src=\"https:\/\/images-na.ssl-images-amazon.com\/images\/G\/01\/x-locale\/common\/grey-pixel.gif\" class=\"a-lazy-loaded\" data-src=\"https:\/\/m.media-amazon.com\/images\/S\/aplus-media\/sc\/09e32933-740c-4ebb-8cc8-464cf23c2207.__CR0,0,500,500_PT0_SX220_V1___.jpg\"><img decoding=\"async\" alt=\"1\" src=\"https:\/\/m.media-amazon.com\/images\/S\/aplus-media\/sc\/09e32933-740c-4ebb-8cc8-464cf23c2207.__CR0,0,500,500_PT0_SX220_V1___.jpg\">  <\/p>\n<p>                                                    Klein aber fein                                     <\/p>\n<p class=\"a-size-small\"> Ideal f\u00fcr ein kleines M\u00e4hroboterkabel <\/p>\n<p class=\"apm-text-center\">\n                                                      <img decoding=\"async\" alt=\"2\" src=\"https:\/\/images-na.ssl-images-amazon.com\/images\/G\/01\/x-locale\/common\/grey-pixel.gif\" class=\"a-lazy-loaded\" data-src=\"https:\/\/m.media-amazon.com\/images\/S\/aplus-media\/sc\/1eb3a0ba-e48a-4bba-8ff4-4e074bd438c4.__CR3,0,494,494_PT0_SX220_V1___.jpg\"><img decoding=\"async\" alt=\"2\" src=\"https:\/\/m.media-amazon.com\/images\/S\/aplus-media\/sc\/1eb3a0ba-e48a-4bba-8ff4-4e074bd438c4.__CR3,0,494,494_PT0_SX220_V1___.jpg\">  <\/p>\n<p>                                                    Robust                                     <\/p>\n<p class=\"a-size-small\"> Robuster Kunststoff und ideal f\u00fcr harte B\u00f6den <\/p>\n<p class=\"apm-text-center\">\n                                                      <img decoding=\"async\" alt=\"3\" src=\"https:\/\/images-na.ssl-images-amazon.com\/images\/G\/01\/x-locale\/common\/grey-pixel.gif\" class=\"a-lazy-loaded\" data-src=\"https:\/\/m.media-amazon.com\/images\/S\/aplus-media\/sc\/369f8bff-5c58-4a35-8df6-b50ddbb95238.__CR2,0,496,496_PT0_SX220_V1___.jpg\"><img decoding=\"async\" alt=\"3\" src=\"https:\/\/m.media-amazon.com\/images\/S\/aplus-media\/sc\/369f8bff-5c58-4a35-8df6-b50ddbb95238.__CR2,0,496,496_PT0_SX220_V1___.jpg\">  <\/p>\n<p>                                                    Einfach zu installieren                                     <\/p>\n<p class=\"a-size-small\"> Mit einem Gummihammer in den Boden h\u00e4mmern <\/p>\n<p class=\"apm-text-center\">\n                                                      <img decoding=\"async\" alt=\"4\" src=\"https:\/\/images-na.ssl-images-amazon.com\/images\/G\/01\/x-locale\/common\/grey-pixel.gif\" class=\"a-lazy-loaded\" data-src=\"https:\/\/m.media-amazon.com\/images\/S\/aplus-media\/sc\/19a1f230-8570-47fc-b19e-a1c74e0c1ad2.__CR37,0,1426,1426_PT0_SX220_V1___.jpg\"><img decoding=\"async\" alt=\"4\" src=\"https:\/\/m.media-amazon.com\/images\/S\/aplus-media\/sc\/19a1f230-8570-47fc-b19e-a1c74e0c1ad2.__CR37,0,1426,1426_PT0_SX220_V1___.jpg\">  <\/p>\n<p>                                                    Universell kompatibel                                     <\/p>\n<p class=\"a-size-small\"> Kompatibel mit allen g\u00e4ngigen Karottenroboterkabeln <\/p>\n<h3 class=\"a-spacing-mini\">  Auch f\u00fcr Hartb\u00f6den geeignet <\/h3>\n<p>                                          <img decoding=\"async\" alt=\"O\" src=\"https:\/\/images-na.ssl-images-amazon.com\/images\/G\/01\/x-locale\/common\/grey-pixel.gif\" class=\"a-spacing-base a-lazy-loaded\" data-src=\"https:\/\/m.media-amazon.com\/images\/S\/aplus-media\/sc\/d46932f3-09f1-4476-9bb8-64db950e1e1f.__CR0,676,3543,2192_PT0_SX970_V1___.jpg\"><img decoding=\"async\" alt=\"O\" src=\"https:\/\/m.media-amazon.com\/images\/S\/aplus-media\/sc\/d46932f3-09f1-4476-9bb8-64db950e1e1f.__CR0,676,3543,2192_PT0_SX970_V1___.jpg\">                                         <\/p>\n<h3 class=\"a-spacing-mini\">  Robust und witterungsbest\u00e4ndig <\/h3>\n<p class=\"a-spacing-base\">  Auch f\u00fcr harte Oberfl\u00e4chen und schwierige Bedingungen geeignet <\/p>\n<p>Hochwertige RASENFREUND M\u00e4hroboter-Kabelhalterung aus witterungsbest\u00e4ndigem Kunststoff<br \/>Haken dienen zur Befestigung von Kabeln am Boden. Keine unterirdische Verlegung der Kabel mehr notwendig.<br \/>Einfache Montage: Haken mit Hammer in den Boden h\u00e4mmern, fertig!<br \/>Stabil durch extra dicke Hakenk\u00f6pfe. Auch f\u00fcr harte Oberfl\u00e4chen geeignet<br \/>Keine Besch\u00e4digung des Kabels, da weiche Kanten<\/p>\n<p>[ad_2]<\/p>\n","protected":false},"excerpt":{"rendered":"<p>Produktbeschreibung Erdspie\u00dfe zur Kabelmontage am M\u00e4hroboter Erdspie\u00dfe f\u00fcr den Einsatz im Boden, ideal f\u00fcr das Begrenzungskabel eines M\u00e4hroboters. Die N\u00e4gel haben einen extra starken Kopf f\u00fcr eine einfache Installation auch auf harten B\u00f6den. Passend f\u00fcr alle g\u00e4ngigen M\u00e4hroboterkabel, z. B. Bosch, Gardena, Husqvarna, Stihl, Worx etc. Klein aber fein Ideal f\u00fcr ein kleines M\u00e4hroboterkabel Robust [&hellip;]<\/p>\n","protected":false},"featured_media":3308,"comment_status":"open","ping_status":"closed","template":"","meta":{"_aipt_faq_data":""},"store":[],"product_brand":[],"product_cat":[84],"product_tag":[290],"class_list":{"0":"post-3307","1":"product","2":"type-product","3":"status-publish","4":"has-post-thumbnail","6":"product_cat-rasenroboter-fuer-grosse-flaechen","7":"product_tag-rasenroboter-fuer-grosse-flaechen-programmierbar","9":"first","10":"instock","11":"shipping-taxable","12":"product-type-external"},"yoast_head":"<!-- This site is optimized with the Yoast SEO plugin v27.0 - https:\/\/yoast.com\/product\/yoast-seo-wordpress\/ -->\n<title>RASENFREUND 1000 St\u00fcck Hakenbefestigung f\u00fcr M\u00e4hroboter, Erdanker, F\u00fchrungszubeh\u00f6rset, Befestigung f\u00fcr Begrenzungskabel, Kabelhalter, kompatibel mit Gardena\/Bosch\/Husqvarna\/Worx\/Honda - EasyLifeBro<\/title>\n<meta name=\"description\" content=\"Entdecken Sie smarte Roboter f\u00fcr Zuhause, Garten, Bildung und Sicherheit. Vergleichen Sie Saugroboter, Rasenm\u00e4hroboter, KI-Begleitroboter und mehr bei EasyLifeRobo.\" \/>\n<meta name=\"robots\" content=\"index, follow, max-snippet:-1, max-image-preview:large, max-video-preview:-1\" \/>\n<link rel=\"canonical\" href=\"https:\/\/easyliferobo.com\/de\/product\/rasenfreund-1000-stueck-hakenbefestigung-fuer-maehroboter-erdanker-fuehrungszubehoerset-befestigung-fuer-begrenzungskabel-kabelhalter-kompatibel-mit-gardena-bosch-husqvarna-worx-honda\/\" \/>\n<meta property=\"og:locale\" content=\"de_DE\" \/>\n<meta property=\"og:type\" content=\"article\" \/>\n<meta property=\"og:title\" content=\"RASENFREUND 1000 St\u00fcck Hakenbefestigung f\u00fcr M\u00e4hroboter, Erdanker, F\u00fchrungszubeh\u00f6rset, Befestigung f\u00fcr Begrenzungskabel, Kabelhalter, kompatibel mit Gardena\/Bosch\/Husqvarna\/Worx\/Honda - EasyLifeBro\" \/>\n<meta property=\"og:description\" content=\"Entdecken Sie smarte Roboter f\u00fcr Zuhause, Garten, Bildung und Sicherheit. Vergleichen Sie Saugroboter, Rasenm\u00e4hroboter, KI-Begleitroboter und mehr bei EasyLifeRobo.\" \/>\n<meta property=\"og:url\" content=\"https:\/\/easyliferobo.com\/de\/product\/rasenfreund-1000-stueck-hakenbefestigung-fuer-maehroboter-erdanker-fuehrungszubehoerset-befestigung-fuer-begrenzungskabel-kabelhalter-kompatibel-mit-gardena-bosch-husqvarna-worx-honda\/\" \/>\n<meta property=\"og:site_name\" content=\"EasyLifeBro\" \/>\n<meta property=\"article:modified_time\" content=\"2026-02-27T06:39:56+00:00\" \/>\n<meta property=\"og:image\" content=\"https:\/\/images-na.ssl-images-amazon.com\/images\/G\/01\/x-locale\/common\/grey-pixel.gif\" \/>\n<meta name=\"twitter:card\" content=\"summary_large_image\" \/>\n<meta name=\"twitter:label1\" content=\"Gesch\u00e4tzte Lesezeit\" \/>\n\t<meta name=\"twitter:data1\" content=\"1\u00a0Minute\" \/>\n<script type=\"application\/ld+json\" class=\"yoast-schema-graph\">{\"@context\":\"https:\/\/schema.org\",\"@graph\":[{\"@type\":\"WebPage\",\"@id\":\"https:\/\/easyliferobo.com\/de\/product\/rasenfreund-1000-stueck-hakenbefestigung-fuer-maehroboter-erdanker-fuehrungszubehoerset-befestigung-fuer-begrenzungskabel-kabelhalter-kompatibel-mit-gardena-bosch-husqvarna-worx-honda\/\",\"url\":\"https:\/\/easyliferobo.com\/de\/product\/rasenfreund-1000-stueck-hakenbefestigung-fuer-maehroboter-erdanker-fuehrungszubehoerset-befestigung-fuer-begrenzungskabel-kabelhalter-kompatibel-mit-gardena-bosch-husqvarna-worx-honda\/\",\"name\":\"RASENFREUND 1000 St\u00fcck Hakenbefestigung f\u00fcr M\u00e4hroboter, Erdanker, F\u00fchrungszubeh\u00f6rset, Befestigung f\u00fcr Begrenzungskabel, Kabelhalter, kompatibel mit Gardena\/Bosch\/Husqvarna\/Worx\/Honda - EasyLifeBro\",\"isPartOf\":{\"@id\":\"https:\/\/easyliferobo.com\/de\/#website\"},\"primaryImageOfPage\":{\"@id\":\"https:\/\/easyliferobo.com\/de\/product\/rasenfreund-1000-stueck-hakenbefestigung-fuer-maehroboter-erdanker-fuehrungszubehoerset-befestigung-fuer-begrenzungskabel-kabelhalter-kompatibel-mit-gardena-bosch-husqvarna-worx-honda\/#primaryimage\"},\"image\":{\"@id\":\"https:\/\/easyliferobo.com\/de\/product\/rasenfreund-1000-stueck-hakenbefestigung-fuer-maehroboter-erdanker-fuehrungszubehoerset-befestigung-fuer-begrenzungskabel-kabelhalter-kompatibel-mit-gardena-bosch-husqvarna-worx-honda\/#primaryimage\"},\"thumbnailUrl\":\"https:\/\/easyliferobo.com\/de\/wp-content\/uploads\/2026\/02\/81oQ0LdkHhL._AC_SL1500_.jpg\",\"datePublished\":\"2026-02-27T06:39:49+00:00\",\"dateModified\":\"2026-02-27T06:39:56+00:00\",\"description\":\"Entdecken Sie smarte Roboter f\u00fcr Zuhause, Garten, Bildung und Sicherheit. Vergleichen Sie Saugroboter, Rasenm\u00e4hroboter, KI-Begleitroboter und mehr bei EasyLifeRobo.\",\"breadcrumb\":{\"@id\":\"https:\/\/easyliferobo.com\/de\/product\/rasenfreund-1000-stueck-hakenbefestigung-fuer-maehroboter-erdanker-fuehrungszubehoerset-befestigung-fuer-begrenzungskabel-kabelhalter-kompatibel-mit-gardena-bosch-husqvarna-worx-honda\/#breadcrumb\"},\"inLanguage\":\"de\",\"potentialAction\":[{\"@type\":\"ReadAction\",\"target\":[\"https:\/\/easyliferobo.com\/de\/product\/rasenfreund-1000-stueck-hakenbefestigung-fuer-maehroboter-erdanker-fuehrungszubehoerset-befestigung-fuer-begrenzungskabel-kabelhalter-kompatibel-mit-gardena-bosch-husqvarna-worx-honda\/\"]}]},{\"@type\":\"ImageObject\",\"inLanguage\":\"de\",\"@id\":\"https:\/\/easyliferobo.com\/de\/product\/rasenfreund-1000-stueck-hakenbefestigung-fuer-maehroboter-erdanker-fuehrungszubehoerset-befestigung-fuer-begrenzungskabel-kabelhalter-kompatibel-mit-gardena-bosch-husqvarna-worx-honda\/#primaryimage\",\"url\":\"https:\/\/easyliferobo.com\/de\/wp-content\/uploads\/2026\/02\/81oQ0LdkHhL._AC_SL1500_.jpg\",\"contentUrl\":\"https:\/\/easyliferobo.com\/de\/wp-content\/uploads\/2026\/02\/81oQ0LdkHhL._AC_SL1500_.jpg\",\"width\":1467,\"height\":1500},{\"@type\":\"BreadcrumbList\",\"@id\":\"https:\/\/easyliferobo.com\/de\/product\/rasenfreund-1000-stueck-hakenbefestigung-fuer-maehroboter-erdanker-fuehrungszubehoerset-befestigung-fuer-begrenzungskabel-kabelhalter-kompatibel-mit-gardena-bosch-husqvarna-worx-honda\/#breadcrumb\",\"itemListElement\":[{\"@type\":\"ListItem\",\"position\":1,\"name\":\"Home\",\"item\":\"https:\/\/easyliferobo.com\/de\/\"},{\"@type\":\"ListItem\",\"position\":2,\"name\":\"Shop\",\"item\":\"https:\/\/easyliferobo.com\/de\/shop\/\"},{\"@type\":\"ListItem\",\"position\":3,\"name\":\"RASENFREUND 1000 St\u00fcck Hakenbefest...\"}]},{\"@type\":\"WebSite\",\"@id\":\"https:\/\/easyliferobo.com\/de\/#website\",\"url\":\"https:\/\/easyliferobo.com\/de\/\",\"name\":\"EasyLifeBro\",\"description\":\"Smarte Roboter f\u00fcr Zuhause, Garten &amp; Bildung\",\"publisher\":{\"@id\":\"https:\/\/easyliferobo.com\/de\/#organization\"},\"potentialAction\":[{\"@type\":\"SearchAction\",\"target\":{\"@type\":\"EntryPoint\",\"urlTemplate\":\"https:\/\/easyliferobo.com\/de\/?s={search_term_string}\"},\"query-input\":{\"@type\":\"PropertyValueSpecification\",\"valueRequired\":true,\"valueName\":\"search_term_string\"}}],\"inLanguage\":\"de\"},{\"@type\":\"Organization\",\"@id\":\"https:\/\/easyliferobo.com\/de\/#organization\",\"name\":\"EasyLifeBro\",\"url\":\"https:\/\/easyliferobo.com\/de\/\",\"logo\":{\"@type\":\"ImageObject\",\"inLanguage\":\"de\",\"@id\":\"https:\/\/easyliferobo.com\/de\/#\/schema\/logo\/image\/\",\"url\":\"https:\/\/easyliferobo.com\/de\/wp-content\/uploads\/2026\/02\/Screenshot-2026-02-22-at-2.25.03-PM.png\",\"contentUrl\":\"https:\/\/easyliferobo.com\/de\/wp-content\/uploads\/2026\/02\/Screenshot-2026-02-22-at-2.25.03-PM.png\",\"width\":1858,\"height\":430,\"caption\":\"EasyLifeBro\"},\"image\":{\"@id\":\"https:\/\/easyliferobo.com\/de\/#\/schema\/logo\/image\/\"}}]}<\/script>\n<!-- \/ Yoast SEO plugin. -->","yoast_head_json":{"title":"RASENFREUND 1000 St\u00fcck Hakenbefestigung f\u00fcr M\u00e4hroboter, Erdanker, F\u00fchrungszubeh\u00f6rset, Befestigung f\u00fcr Begrenzungskabel, Kabelhalter, kompatibel mit Gardena\/Bosch\/Husqvarna\/Worx\/Honda - EasyLifeBro","description":"Entdecken Sie smarte Roboter f\u00fcr Zuhause, Garten, Bildung und Sicherheit. Vergleichen Sie Saugroboter, Rasenm\u00e4hroboter, KI-Begleitroboter und mehr bei EasyLifeRobo.","robots":{"index":"index","follow":"follow","max-snippet":"max-snippet:-1","max-image-preview":"max-image-preview:large","max-video-preview":"max-video-preview:-1"},"canonical":"https:\/\/easyliferobo.com\/de\/product\/rasenfreund-1000-stueck-hakenbefestigung-fuer-maehroboter-erdanker-fuehrungszubehoerset-befestigung-fuer-begrenzungskabel-kabelhalter-kompatibel-mit-gardena-bosch-husqvarna-worx-honda\/","og_locale":"de_DE","og_type":"article","og_title":"RASENFREUND 1000 St\u00fcck Hakenbefestigung f\u00fcr M\u00e4hroboter, Erdanker, F\u00fchrungszubeh\u00f6rset, Befestigung f\u00fcr Begrenzungskabel, Kabelhalter, kompatibel mit Gardena\/Bosch\/Husqvarna\/Worx\/Honda - EasyLifeBro","og_description":"Entdecken Sie smarte Roboter f\u00fcr Zuhause, Garten, Bildung und Sicherheit. Vergleichen Sie Saugroboter, Rasenm\u00e4hroboter, KI-Begleitroboter und mehr bei EasyLifeRobo.","og_url":"https:\/\/easyliferobo.com\/de\/product\/rasenfreund-1000-stueck-hakenbefestigung-fuer-maehroboter-erdanker-fuehrungszubehoerset-befestigung-fuer-begrenzungskabel-kabelhalter-kompatibel-mit-gardena-bosch-husqvarna-worx-honda\/","og_site_name":"EasyLifeBro","article_modified_time":"2026-02-27T06:39:56+00:00","og_image":[{"url":"https:\/\/images-na.ssl-images-amazon.com\/images\/G\/01\/x-locale\/common\/grey-pixel.gif","type":"","width":"","height":""}],"twitter_card":"summary_large_image","twitter_misc":{"Gesch\u00e4tzte Lesezeit":"1\u00a0Minute"},"schema":{"@context":"https:\/\/schema.org","@graph":[{"@type":"WebPage","@id":"https:\/\/easyliferobo.com\/de\/product\/rasenfreund-1000-stueck-hakenbefestigung-fuer-maehroboter-erdanker-fuehrungszubehoerset-befestigung-fuer-begrenzungskabel-kabelhalter-kompatibel-mit-gardena-bosch-husqvarna-worx-honda\/","url":"https:\/\/easyliferobo.com\/de\/product\/rasenfreund-1000-stueck-hakenbefestigung-fuer-maehroboter-erdanker-fuehrungszubehoerset-befestigung-fuer-begrenzungskabel-kabelhalter-kompatibel-mit-gardena-bosch-husqvarna-worx-honda\/","name":"RASENFREUND 1000 St\u00fcck Hakenbefestigung f\u00fcr M\u00e4hroboter, Erdanker, F\u00fchrungszubeh\u00f6rset, Befestigung f\u00fcr Begrenzungskabel, Kabelhalter, kompatibel mit Gardena\/Bosch\/Husqvarna\/Worx\/Honda - EasyLifeBro","isPartOf":{"@id":"https:\/\/easyliferobo.com\/de\/#website"},"primaryImageOfPage":{"@id":"https:\/\/easyliferobo.com\/de\/product\/rasenfreund-1000-stueck-hakenbefestigung-fuer-maehroboter-erdanker-fuehrungszubehoerset-befestigung-fuer-begrenzungskabel-kabelhalter-kompatibel-mit-gardena-bosch-husqvarna-worx-honda\/#primaryimage"},"image":{"@id":"https:\/\/easyliferobo.com\/de\/product\/rasenfreund-1000-stueck-hakenbefestigung-fuer-maehroboter-erdanker-fuehrungszubehoerset-befestigung-fuer-begrenzungskabel-kabelhalter-kompatibel-mit-gardena-bosch-husqvarna-worx-honda\/#primaryimage"},"thumbnailUrl":"https:\/\/easyliferobo.com\/de\/wp-content\/uploads\/2026\/02\/81oQ0LdkHhL._AC_SL1500_.jpg","datePublished":"2026-02-27T06:39:49+00:00","dateModified":"2026-02-27T06:39:56+00:00","description":"Entdecken Sie smarte Roboter f\u00fcr Zuhause, Garten, Bildung und Sicherheit. Vergleichen Sie Saugroboter, Rasenm\u00e4hroboter, KI-Begleitroboter und mehr bei EasyLifeRobo.","breadcrumb":{"@id":"https:\/\/easyliferobo.com\/de\/product\/rasenfreund-1000-stueck-hakenbefestigung-fuer-maehroboter-erdanker-fuehrungszubehoerset-befestigung-fuer-begrenzungskabel-kabelhalter-kompatibel-mit-gardena-bosch-husqvarna-worx-honda\/#breadcrumb"},"inLanguage":"de","potentialAction":[{"@type":"ReadAction","target":["https:\/\/easyliferobo.com\/de\/product\/rasenfreund-1000-stueck-hakenbefestigung-fuer-maehroboter-erdanker-fuehrungszubehoerset-befestigung-fuer-begrenzungskabel-kabelhalter-kompatibel-mit-gardena-bosch-husqvarna-worx-honda\/"]}]},{"@type":"ImageObject","inLanguage":"de","@id":"https:\/\/easyliferobo.com\/de\/product\/rasenfreund-1000-stueck-hakenbefestigung-fuer-maehroboter-erdanker-fuehrungszubehoerset-befestigung-fuer-begrenzungskabel-kabelhalter-kompatibel-mit-gardena-bosch-husqvarna-worx-honda\/#primaryimage","url":"https:\/\/easyliferobo.com\/de\/wp-content\/uploads\/2026\/02\/81oQ0LdkHhL._AC_SL1500_.jpg","contentUrl":"https:\/\/easyliferobo.com\/de\/wp-content\/uploads\/2026\/02\/81oQ0LdkHhL._AC_SL1500_.jpg","width":1467,"height":1500},{"@type":"BreadcrumbList","@id":"https:\/\/easyliferobo.com\/de\/product\/rasenfreund-1000-stueck-hakenbefestigung-fuer-maehroboter-erdanker-fuehrungszubehoerset-befestigung-fuer-begrenzungskabel-kabelhalter-kompatibel-mit-gardena-bosch-husqvarna-worx-honda\/#breadcrumb","itemListElement":[{"@type":"ListItem","position":1,"name":"Home","item":"https:\/\/easyliferobo.com\/de\/"},{"@type":"ListItem","position":2,"name":"Shop","item":"https:\/\/easyliferobo.com\/de\/shop\/"},{"@type":"ListItem","position":3,"name":"RASENFREUND 1000 St\u00fcck Hakenbefest..."}]},{"@type":"WebSite","@id":"https:\/\/easyliferobo.com\/de\/#website","url":"https:\/\/easyliferobo.com\/de\/","name":"EasyLifeBro","description":"Smarte Roboter f\u00fcr Zuhause, Garten &amp; Bildung","publisher":{"@id":"https:\/\/easyliferobo.com\/de\/#organization"},"potentialAction":[{"@type":"SearchAction","target":{"@type":"EntryPoint","urlTemplate":"https:\/\/easyliferobo.com\/de\/?s={search_term_string}"},"query-input":{"@type":"PropertyValueSpecification","valueRequired":true,"valueName":"search_term_string"}}],"inLanguage":"de"},{"@type":"Organization","@id":"https:\/\/easyliferobo.com\/de\/#organization","name":"EasyLifeBro","url":"https:\/\/easyliferobo.com\/de\/","logo":{"@type":"ImageObject","inLanguage":"de","@id":"https:\/\/easyliferobo.com\/de\/#\/schema\/logo\/image\/","url":"https:\/\/easyliferobo.com\/de\/wp-content\/uploads\/2026\/02\/Screenshot-2026-02-22-at-2.25.03-PM.png","contentUrl":"https:\/\/easyliferobo.com\/de\/wp-content\/uploads\/2026\/02\/Screenshot-2026-02-22-at-2.25.03-PM.png","width":1858,"height":430,"caption":"EasyLifeBro"},"image":{"@id":"https:\/\/easyliferobo.com\/de\/#\/schema\/logo\/image\/"}}]}},"_links":{"self":[{"href":"https:\/\/easyliferobo.com\/de\/wp-json\/wp\/v2\/product\/3307","targetHints":{"allow":["GET"]}}],"collection":[{"href":"https:\/\/easyliferobo.com\/de\/wp-json\/wp\/v2\/product"}],"about":[{"href":"https:\/\/easyliferobo.com\/de\/wp-json\/wp\/v2\/types\/product"}],"replies":[{"embeddable":true,"href":"https:\/\/easyliferobo.com\/de\/wp-json\/wp\/v2\/comments?post=3307"}],"wp:featuredmedia":[{"embeddable":true,"href":"https:\/\/easyliferobo.com\/de\/wp-json\/wp\/v2\/media\/3308"}],"wp:attachment":[{"href":"https:\/\/easyliferobo.com\/de\/wp-json\/wp\/v2\/media?parent=3307"}],"wp:term":[{"taxonomy":"store","embeddable":true,"href":"https:\/\/easyliferobo.com\/de\/wp-json\/wp\/v2\/store?post=3307"},{"taxonomy":"product_brand","embeddable":true,"href":"https:\/\/easyliferobo.com\/de\/wp-json\/wp\/v2\/product_brand?post=3307"},{"taxonomy":"product_cat","embeddable":true,"href":"https:\/\/easyliferobo.com\/de\/wp-json\/wp\/v2\/product_cat?post=3307"},{"taxonomy":"product_tag","embeddable":true,"href":"https:\/\/easyliferobo.com\/de\/wp-json\/wp\/v2\/product_tag?post=3307"}],"curies":[{"name":"wp","href":"https:\/\/api.w.org\/{rel}","templated":true}]}}