
{"id":3296,"date":"2026-02-27T06:36:36","date_gmt":"2026-02-27T06:36:36","guid":{"rendered":"https:\/\/easyliferobo.com\/de\/product\/ecovacs-ziegenklingen-set\/"},"modified":"2026-02-27T06:36:39","modified_gmt":"2026-02-27T06:36:39","slug":"ecovacs-ziegenklingen-set","status":"publish","type":"product","link":"https:\/\/easyliferobo.com\/de\/product\/ecovacs-ziegenklingen-set\/","title":{"rendered":"ECOVACS Ziegenklingen-Set"},"content":{"rendered":"<p>\n                                             Von der Marke   <\/p>\n<p>                                              <img decoding=\"async\" alt=\"1\" src=\"https:\/\/images-na.ssl-images-amazon.com\/images\/G\/01\/x-locale\/common\/grey-pixel.gif\" class=\"a-lazy-loaded\" data-src=\"https:\/\/m.media-amazon.com\/images\/S\/aplus-media-library-service-media\/05c72230-ec48-4e0c-afa6-36f2d74dc640.__CR0,0,1464,625_PT0_SX1464_V1___.jpg\"><img decoding=\"async\" alt=\"1\" src=\"https:\/\/m.media-amazon.com\/images\/S\/aplus-media-library-service-media\/05c72230-ec48-4e0c-afa6-36f2d74dc640.__CR0,0,1464,625_PT0_SX1464_V1___.jpg\">  <\/p>\n<p>                                              <img decoding=\"async\" alt=\"\" src=\"https:\/\/images-na.ssl-images-amazon.com\/images\/G\/01\/x-locale\/common\/grey-pixel.gif\" class=\"a-lazy-loaded\" data-src=\"https:\/\/m.media-amazon.com\/images\/S\/aplus-media-library-service-media\/7d9c717b-a767-4e17-8b7b-669e6843f570.__CR0,0,315,145_PT0_SX315_V1___.jpg\"><img decoding=\"async\" alt=\"\" src=\"https:\/\/m.media-amazon.com\/images\/S\/aplus-media-library-service-media\/7d9c717b-a767-4e17-8b7b-669e6843f570.__CR0,0,315,145_PT0_SX315_V1___.jpg\">  <\/p>\n<p>  ECOVACS Robotics war eines der ersten Unternehmen weltweit, das Serviceroboter entwickelte und herstellte, und ist heute auf unabh\u00e4ngige Forschung und Entwicklung, Design, Herstellung und Verkauf unserer eigenen Roboterproduktpalette spezialisiert. <\/p>\n<p>  In den 25 Jahren seit seiner Gr\u00fcndung haben wir erfolgreich eine umfassende Reihe von Haushaltsrobotern auf den Markt gebracht, wie zum Beispiel den DEEBOT, WINBOT und GOAT. <\/p>\n<p>                                              <img decoding=\"async\" alt=\"1\" src=\"https:\/\/images-na.ssl-images-amazon.com\/images\/G\/01\/x-locale\/common\/grey-pixel.gif\" class=\"a-lazy-loaded\" data-src=\"https:\/\/m.media-amazon.com\/images\/S\/aplus-media-library-service-media\/60bdcbad-fe71-4a44-b90f-86d2c27c6a76.__CR0,0,362,453_PT0_SX362_V1___.jpg\"><img decoding=\"async\" alt=\"1\" src=\"https:\/\/m.media-amazon.com\/images\/S\/aplus-media-library-service-media\/60bdcbad-fe71-4a44-b90f-86d2c27c6a76.__CR0,0,362,453_PT0_SX362_V1___.jpg\">  <\/p>\n<p>                                              <img decoding=\"async\" alt=\"Vier Modelle von Roboterstaubsaugern mit der Bezeichnung GOAT G1, G1-2000, G1-800 und G1-800. Wei\u00dfe und schwarze Designs mit Antennen- und B\u00fcrstenaufs\u00e4tzen.\" src=\"https:\/\/images-na.ssl-images-amazon.com\/images\/G\/01\/x-locale\/common\/grey-pixel.gif\" class=\"a-lazy-loaded\" data-src=\"https:\/\/m.media-amazon.com\/images\/S\/aplus-media-library-service-media\/6c4ceb68-d8ca-4782-8874-5dc5c9d82db1.__CR0,0,362,453_PT0_SX362_V1___.jpg\"><img decoding=\"async\" alt=\"Vier Modelle von Roboterstaubsaugern mit der Bezeichnung GOAT G1, G1-2000, G1-800 und G1-800. Wei\u00dfe und schwarze Designs mit Antennen- und B\u00fcrstenaufs\u00e4tzen.\" src=\"https:\/\/m.media-amazon.com\/images\/S\/aplus-media-library-service-media\/6c4ceb68-d8ca-4782-8874-5dc5c9d82db1.__CR0,0,362,453_PT0_SX362_V1___.jpg\">  <\/p>\n<p>                                              <img decoding=\"async\" alt=\"Roboter-Rasenm\u00e4her auf gr\u00fcnem Gras mit \u201eGoat 2000\u201c-Motiv Text\u00fcberlagerung. Blaue Linien zeigen Navigationspfade an. St\u00fctzmauer und Pflanzen im Hintergrund sichtbar.\" src=\"https:\/\/images-na.ssl-images-amazon.com\/images\/G\/01\/x-locale\/common\/grey-pixel.gif\" class=\"a-lazy-loaded\" data-src=\"https:\/\/m.media-amazon.com\/images\/S\/aplus-media-library-service-media\/f8f0f453-5db5-40ca-aa60-063ad4a4336e.__CR0,0,362,453_PT0_SX362_V1___.jpg\"><img decoding=\"async\" alt=\"Roboter-Rasenm\u00e4her auf gr\u00fcnem Gras mit \u201eGoat 2000\u201c-Motiv Text\u00fcberlagerung. Blaue Linien zeigen Navigationspfade an. St\u00fctzmauer und Pflanzen im Hintergrund sichtbar.\" src=\"https:\/\/m.media-amazon.com\/images\/S\/aplus-media-library-service-media\/f8f0f453-5db5-40ca-aa60-063ad4a4336e.__CR0,0,362,453_PT0_SX362_V1___.jpg\">  <\/p>\n<p>                                              <img decoding=\"async\" alt=\"Roboter-Rasenm\u00e4her auf Gras mit Topfpflanzen im Hintergrund. Grau-wei\u00dfes Ger\u00e4t mit der Aufschrift \u201eGoat 1300\u201c. mit sichtbarem Solarpanel oben.\" src=\"https:\/\/images-na.ssl-images-amazon.com\/images\/G\/01\/x-locale\/common\/grey-pixel.gif\" class=\"a-lazy-loaded\" data-src=\"https:\/\/m.media-amazon.com\/images\/S\/aplus-media-library-service-media\/dc4c452c-5c59-4fb9-9a66-30b696c92aec.__CR0,0,362,453_PT0_SX362_V1___.jpg\"><img decoding=\"async\" alt=\"Roboter-Rasenm\u00e4her auf Gras mit Topfpflanzen im Hintergrund. Grau-wei\u00dfes Ger\u00e4t mit der Aufschrift \u201eGoat 1300\u201c. mit sichtbarem Solarpanel oben.\" src=\"https:\/\/m.media-amazon.com\/images\/S\/aplus-media-library-service-media\/dc4c452c-5c59-4fb9-9a66-30b696c92aec.__CR0,0,362,453_PT0_SX362_V1___.jpg\">  <\/p>\n<p>                                              <img decoding=\"async\" alt=\"Roboter-Rasenm\u00e4her auf Gras. Wei\u00dfes Ger\u00e4t mit R\u00e4dern, die Wasser verspr\u00fchen. Der Text lautet \u201eZiege 1300\u201c. Schlauch im Vordergrund sichtbar.\" src=\"https:\/\/images-na.ssl-images-amazon.com\/images\/G\/01\/x-locale\/common\/grey-pixel.gif\" class=\"a-lazy-loaded\" data-src=\"https:\/\/m.media-amazon.com\/images\/S\/aplus-media-library-service-media\/e73d5a0e-11a2-4be0-9dbf-6e68239b240e.__CR0,0,362,453_PT0_SX362_V1___.jpg\"><img decoding=\"async\" alt=\"Roboter-Rasenm\u00e4her auf Gras. Wei\u00dfes Ger\u00e4t mit R\u00e4dern, die Wasser verspr\u00fchen. Der Text lautet \u201eZiege 1300\u201c. Schlauch im Vordergrund sichtbar.\" src=\"https:\/\/m.media-amazon.com\/images\/S\/aplus-media-library-service-media\/e73d5a0e-11a2-4be0-9dbf-6e68239b240e.__CR0,0,362,453_PT0_SX362_V1___.jpg\">  <\/p>\n<p>Geeignet f\u00fcr ECOVACS Goat G1<br \/>Original ECOVACS-Zubeh\u00f6r:<br \/>Inhalt: Satz mit 6 Klingenpaaren<br \/>ECOVACS G1 Rasenm\u00e4her, drahtlose Grenze, 3D-AVI-Hindernisvermeidung, intelligente Planung, 1.600 m\u00b2 M\u00e4hfl\u00e4che, Einstellung verbotener Zugangszone, Videomanager) (Goat-G1)<\/p>\n<p>[ad_2]<\/p>\n","protected":false},"excerpt":{"rendered":"<p>Von der Marke ECOVACS Robotics war eines der ersten Unternehmen weltweit, das Serviceroboter entwickelte und herstellte, und ist heute auf unabh\u00e4ngige Forschung und Entwicklung, Design, Herstellung und Verkauf unserer eigenen Roboterproduktpalette spezialisiert. In den 25 Jahren seit seiner Gr\u00fcndung haben wir erfolgreich eine umfassende Reihe von Haushaltsrobotern auf den Markt gebracht, wie zum Beispiel den [&hellip;]<\/p>\n","protected":false},"featured_media":3297,"comment_status":"open","ping_status":"closed","template":"","meta":{"_aipt_faq_data":""},"store":[],"product_brand":[127],"product_cat":[86],"product_tag":[286],"class_list":{"0":"post-3296","1":"product","2":"type-product","3":"status-publish","4":"has-post-thumbnail","6":"product_brand-ecovacs","7":"product_cat-zubehoer-fuer-rasenmaehroboter","8":"product_tag-zubehoer-fuer-rasenmaehroboter-regensensor","10":"first","11":"instock","12":"shipping-taxable","13":"product-type-external"},"yoast_head":"<!-- This site is optimized with the Yoast SEO plugin v27.0 - https:\/\/yoast.com\/product\/yoast-seo-wordpress\/ -->\n<title>ECOVACS Ziegenklingen-Set - EasyLifeBro<\/title>\n<meta name=\"description\" content=\"Entdecken Sie smarte Roboter f\u00fcr Zuhause, Garten, Bildung und Sicherheit. Vergleichen Sie Saugroboter, Rasenm\u00e4hroboter, KI-Begleitroboter und mehr bei EasyLifeRobo.\" \/>\n<meta name=\"robots\" content=\"index, follow, max-snippet:-1, max-image-preview:large, max-video-preview:-1\" \/>\n<link rel=\"canonical\" href=\"https:\/\/easyliferobo.com\/de\/product\/ecovacs-ziegenklingen-set\/\" \/>\n<meta property=\"og:locale\" content=\"de_DE\" \/>\n<meta property=\"og:type\" content=\"article\" \/>\n<meta property=\"og:title\" content=\"ECOVACS Ziegenklingen-Set - EasyLifeBro\" \/>\n<meta property=\"og:description\" content=\"Entdecken Sie smarte Roboter f\u00fcr Zuhause, Garten, Bildung und Sicherheit. Vergleichen Sie Saugroboter, Rasenm\u00e4hroboter, KI-Begleitroboter und mehr bei EasyLifeRobo.\" \/>\n<meta property=\"og:url\" content=\"https:\/\/easyliferobo.com\/de\/product\/ecovacs-ziegenklingen-set\/\" \/>\n<meta property=\"og:site_name\" content=\"EasyLifeBro\" \/>\n<meta property=\"article:modified_time\" content=\"2026-02-27T06:36:39+00:00\" \/>\n<meta property=\"og:image\" content=\"https:\/\/images-na.ssl-images-amazon.com\/images\/G\/01\/x-locale\/common\/grey-pixel.gif\" \/>\n<meta name=\"twitter:card\" content=\"summary_large_image\" \/>\n<script type=\"application\/ld+json\" class=\"yoast-schema-graph\">{\"@context\":\"https:\/\/schema.org\",\"@graph\":[{\"@type\":\"WebPage\",\"@id\":\"https:\/\/easyliferobo.com\/de\/product\/ecovacs-ziegenklingen-set\/\",\"url\":\"https:\/\/easyliferobo.com\/de\/product\/ecovacs-ziegenklingen-set\/\",\"name\":\"ECOVACS Ziegenklingen-Set - EasyLifeBro\",\"isPartOf\":{\"@id\":\"https:\/\/easyliferobo.com\/de\/#website\"},\"primaryImageOfPage\":{\"@id\":\"https:\/\/easyliferobo.com\/de\/product\/ecovacs-ziegenklingen-set\/#primaryimage\"},\"image\":{\"@id\":\"https:\/\/easyliferobo.com\/de\/product\/ecovacs-ziegenklingen-set\/#primaryimage\"},\"thumbnailUrl\":\"https:\/\/easyliferobo.com\/de\/wp-content\/uploads\/2026\/02\/71qkNz31BRL._AC_SL1500_.jpg\",\"datePublished\":\"2026-02-27T06:36:36+00:00\",\"dateModified\":\"2026-02-27T06:36:39+00:00\",\"description\":\"Entdecken Sie smarte Roboter f\u00fcr Zuhause, Garten, Bildung und Sicherheit. Vergleichen Sie Saugroboter, Rasenm\u00e4hroboter, KI-Begleitroboter und mehr bei EasyLifeRobo.\",\"breadcrumb\":{\"@id\":\"https:\/\/easyliferobo.com\/de\/product\/ecovacs-ziegenklingen-set\/#breadcrumb\"},\"inLanguage\":\"de\",\"potentialAction\":[{\"@type\":\"ReadAction\",\"target\":[\"https:\/\/easyliferobo.com\/de\/product\/ecovacs-ziegenklingen-set\/\"]}]},{\"@type\":\"ImageObject\",\"inLanguage\":\"de\",\"@id\":\"https:\/\/easyliferobo.com\/de\/product\/ecovacs-ziegenklingen-set\/#primaryimage\",\"url\":\"https:\/\/easyliferobo.com\/de\/wp-content\/uploads\/2026\/02\/71qkNz31BRL._AC_SL1500_.jpg\",\"contentUrl\":\"https:\/\/easyliferobo.com\/de\/wp-content\/uploads\/2026\/02\/71qkNz31BRL._AC_SL1500_.jpg\",\"width\":1500,\"height\":674},{\"@type\":\"BreadcrumbList\",\"@id\":\"https:\/\/easyliferobo.com\/de\/product\/ecovacs-ziegenklingen-set\/#breadcrumb\",\"itemListElement\":[{\"@type\":\"ListItem\",\"position\":1,\"name\":\"Home\",\"item\":\"https:\/\/easyliferobo.com\/de\/\"},{\"@type\":\"ListItem\",\"position\":2,\"name\":\"Shop\",\"item\":\"https:\/\/easyliferobo.com\/de\/shop\/\"},{\"@type\":\"ListItem\",\"position\":3,\"name\":\"ECOVACS Ziegenklingen-Set\"}]},{\"@type\":\"WebSite\",\"@id\":\"https:\/\/easyliferobo.com\/de\/#website\",\"url\":\"https:\/\/easyliferobo.com\/de\/\",\"name\":\"EasyLifeBro\",\"description\":\"Smarte Roboter f\u00fcr Zuhause, Garten &amp; Bildung\",\"publisher\":{\"@id\":\"https:\/\/easyliferobo.com\/de\/#organization\"},\"potentialAction\":[{\"@type\":\"SearchAction\",\"target\":{\"@type\":\"EntryPoint\",\"urlTemplate\":\"https:\/\/easyliferobo.com\/de\/?s={search_term_string}\"},\"query-input\":{\"@type\":\"PropertyValueSpecification\",\"valueRequired\":true,\"valueName\":\"search_term_string\"}}],\"inLanguage\":\"de\"},{\"@type\":\"Organization\",\"@id\":\"https:\/\/easyliferobo.com\/de\/#organization\",\"name\":\"EasyLifeBro\",\"url\":\"https:\/\/easyliferobo.com\/de\/\",\"logo\":{\"@type\":\"ImageObject\",\"inLanguage\":\"de\",\"@id\":\"https:\/\/easyliferobo.com\/de\/#\/schema\/logo\/image\/\",\"url\":\"https:\/\/easyliferobo.com\/de\/wp-content\/uploads\/2026\/02\/Screenshot-2026-02-22-at-2.25.03-PM.png\",\"contentUrl\":\"https:\/\/easyliferobo.com\/de\/wp-content\/uploads\/2026\/02\/Screenshot-2026-02-22-at-2.25.03-PM.png\",\"width\":1858,\"height\":430,\"caption\":\"EasyLifeBro\"},\"image\":{\"@id\":\"https:\/\/easyliferobo.com\/de\/#\/schema\/logo\/image\/\"}}]}<\/script>\n<!-- \/ Yoast SEO plugin. -->","yoast_head_json":{"title":"ECOVACS Ziegenklingen-Set - EasyLifeBro","description":"Entdecken Sie smarte Roboter f\u00fcr Zuhause, Garten, Bildung und Sicherheit. Vergleichen Sie Saugroboter, Rasenm\u00e4hroboter, KI-Begleitroboter und mehr bei EasyLifeRobo.","robots":{"index":"index","follow":"follow","max-snippet":"max-snippet:-1","max-image-preview":"max-image-preview:large","max-video-preview":"max-video-preview:-1"},"canonical":"https:\/\/easyliferobo.com\/de\/product\/ecovacs-ziegenklingen-set\/","og_locale":"de_DE","og_type":"article","og_title":"ECOVACS Ziegenklingen-Set - EasyLifeBro","og_description":"Entdecken Sie smarte Roboter f\u00fcr Zuhause, Garten, Bildung und Sicherheit. Vergleichen Sie Saugroboter, Rasenm\u00e4hroboter, KI-Begleitroboter und mehr bei EasyLifeRobo.","og_url":"https:\/\/easyliferobo.com\/de\/product\/ecovacs-ziegenklingen-set\/","og_site_name":"EasyLifeBro","article_modified_time":"2026-02-27T06:36:39+00:00","og_image":[{"url":"https:\/\/images-na.ssl-images-amazon.com\/images\/G\/01\/x-locale\/common\/grey-pixel.gif","type":"","width":"","height":""}],"twitter_card":"summary_large_image","schema":{"@context":"https:\/\/schema.org","@graph":[{"@type":"WebPage","@id":"https:\/\/easyliferobo.com\/de\/product\/ecovacs-ziegenklingen-set\/","url":"https:\/\/easyliferobo.com\/de\/product\/ecovacs-ziegenklingen-set\/","name":"ECOVACS Ziegenklingen-Set - EasyLifeBro","isPartOf":{"@id":"https:\/\/easyliferobo.com\/de\/#website"},"primaryImageOfPage":{"@id":"https:\/\/easyliferobo.com\/de\/product\/ecovacs-ziegenklingen-set\/#primaryimage"},"image":{"@id":"https:\/\/easyliferobo.com\/de\/product\/ecovacs-ziegenklingen-set\/#primaryimage"},"thumbnailUrl":"https:\/\/easyliferobo.com\/de\/wp-content\/uploads\/2026\/02\/71qkNz31BRL._AC_SL1500_.jpg","datePublished":"2026-02-27T06:36:36+00:00","dateModified":"2026-02-27T06:36:39+00:00","description":"Entdecken Sie smarte Roboter f\u00fcr Zuhause, Garten, Bildung und Sicherheit. Vergleichen Sie Saugroboter, Rasenm\u00e4hroboter, KI-Begleitroboter und mehr bei EasyLifeRobo.","breadcrumb":{"@id":"https:\/\/easyliferobo.com\/de\/product\/ecovacs-ziegenklingen-set\/#breadcrumb"},"inLanguage":"de","potentialAction":[{"@type":"ReadAction","target":["https:\/\/easyliferobo.com\/de\/product\/ecovacs-ziegenklingen-set\/"]}]},{"@type":"ImageObject","inLanguage":"de","@id":"https:\/\/easyliferobo.com\/de\/product\/ecovacs-ziegenklingen-set\/#primaryimage","url":"https:\/\/easyliferobo.com\/de\/wp-content\/uploads\/2026\/02\/71qkNz31BRL._AC_SL1500_.jpg","contentUrl":"https:\/\/easyliferobo.com\/de\/wp-content\/uploads\/2026\/02\/71qkNz31BRL._AC_SL1500_.jpg","width":1500,"height":674},{"@type":"BreadcrumbList","@id":"https:\/\/easyliferobo.com\/de\/product\/ecovacs-ziegenklingen-set\/#breadcrumb","itemListElement":[{"@type":"ListItem","position":1,"name":"Home","item":"https:\/\/easyliferobo.com\/de\/"},{"@type":"ListItem","position":2,"name":"Shop","item":"https:\/\/easyliferobo.com\/de\/shop\/"},{"@type":"ListItem","position":3,"name":"ECOVACS Ziegenklingen-Set"}]},{"@type":"WebSite","@id":"https:\/\/easyliferobo.com\/de\/#website","url":"https:\/\/easyliferobo.com\/de\/","name":"EasyLifeBro","description":"Smarte Roboter f\u00fcr Zuhause, Garten &amp; Bildung","publisher":{"@id":"https:\/\/easyliferobo.com\/de\/#organization"},"potentialAction":[{"@type":"SearchAction","target":{"@type":"EntryPoint","urlTemplate":"https:\/\/easyliferobo.com\/de\/?s={search_term_string}"},"query-input":{"@type":"PropertyValueSpecification","valueRequired":true,"valueName":"search_term_string"}}],"inLanguage":"de"},{"@type":"Organization","@id":"https:\/\/easyliferobo.com\/de\/#organization","name":"EasyLifeBro","url":"https:\/\/easyliferobo.com\/de\/","logo":{"@type":"ImageObject","inLanguage":"de","@id":"https:\/\/easyliferobo.com\/de\/#\/schema\/logo\/image\/","url":"https:\/\/easyliferobo.com\/de\/wp-content\/uploads\/2026\/02\/Screenshot-2026-02-22-at-2.25.03-PM.png","contentUrl":"https:\/\/easyliferobo.com\/de\/wp-content\/uploads\/2026\/02\/Screenshot-2026-02-22-at-2.25.03-PM.png","width":1858,"height":430,"caption":"EasyLifeBro"},"image":{"@id":"https:\/\/easyliferobo.com\/de\/#\/schema\/logo\/image\/"}}]}},"_links":{"self":[{"href":"https:\/\/easyliferobo.com\/de\/wp-json\/wp\/v2\/product\/3296","targetHints":{"allow":["GET"]}}],"collection":[{"href":"https:\/\/easyliferobo.com\/de\/wp-json\/wp\/v2\/product"}],"about":[{"href":"https:\/\/easyliferobo.com\/de\/wp-json\/wp\/v2\/types\/product"}],"replies":[{"embeddable":true,"href":"https:\/\/easyliferobo.com\/de\/wp-json\/wp\/v2\/comments?post=3296"}],"wp:featuredmedia":[{"embeddable":true,"href":"https:\/\/easyliferobo.com\/de\/wp-json\/wp\/v2\/media\/3297"}],"wp:attachment":[{"href":"https:\/\/easyliferobo.com\/de\/wp-json\/wp\/v2\/media?parent=3296"}],"wp:term":[{"taxonomy":"store","embeddable":true,"href":"https:\/\/easyliferobo.com\/de\/wp-json\/wp\/v2\/store?post=3296"},{"taxonomy":"product_brand","embeddable":true,"href":"https:\/\/easyliferobo.com\/de\/wp-json\/wp\/v2\/product_brand?post=3296"},{"taxonomy":"product_cat","embeddable":true,"href":"https:\/\/easyliferobo.com\/de\/wp-json\/wp\/v2\/product_cat?post=3296"},{"taxonomy":"product_tag","embeddable":true,"href":"https:\/\/easyliferobo.com\/de\/wp-json\/wp\/v2\/product_tag?post=3296"}],"curies":[{"name":"wp","href":"https:\/\/api.w.org\/{rel}","templated":true}]}}