
{"id":329,"date":"2026-02-22T09:27:58","date_gmt":"2026-02-22T09:27:58","guid":{"rendered":"https:\/\/easyliferobo.com\/de\/product\/worx-wa0860-landroid-modul-kollisionssensor-acs-hindernisvermeidung-kompatibel-mit-allen-landroid-modellen-ab-2019-farbe-silber\/"},"modified":"2026-02-22T23:35:39","modified_gmt":"2026-02-22T23:35:39","slug":"worx-wa0860-landroid-modul-kollisionssensor-acs-hindernisvermeidung-kompatibel-mit-allen-landroid-modellen-ab-2019-farbe-silber","status":"publish","type":"product","link":"https:\/\/easyliferobo.com\/de\/product\/worx-wa0860-landroid-modul-kollisionssensor-acs-hindernisvermeidung-kompatibel-mit-allen-landroid-modellen-ab-2019-farbe-silber\/","title":{"rendered":"Worx WA0860 Landroid-Modul Kollisio..."},"content":{"rendered":"<p>\n                                             Vom Hersteller   <\/p>\n<p>                                                  <img decoding=\"async\" alt=\"Worx Landroid ACS\" src=\"https:\/\/images-na.ssl-images-amazon.com\/images\/G\/01\/x-locale\/common\/grey-pixel.gif\" class=\"a-lazy-loaded\" data-src=\"https:\/\/m.media-amazon.com\/images\/S\/aplus-media\/vc\/5bada9b9-acd7-48ac-8595-efcf37869910.__CR3,0,1293,400_PT0_SX970_V1___.png\"><img decoding=\"async\" alt=\"Worx Landroid ACS\" src=\"https:\/\/m.media-amazon.com\/images\/S\/aplus-media\/vc\/5bada9b9-acd7-48ac-8595-efcf37869910.__CR3,0,1293,400_PT0_SX970_V1___.png\">  <\/p>\n<p>                                                      <img decoding=\"async\" alt=\"Worx Landroid Antikollisionssystem\" src=\"https:\/\/images-na.ssl-images-amazon.com\/images\/G\/01\/x-locale\/common\/grey-pixel.gif\" class=\"a-spacing-mini a-lazy-loaded\" data-src=\"https:\/\/m.media-amazon.com\/images\/S\/aplus-media-library-service-media\/f3c2c8f2-6628-43f1-8a73-9e6833fd943d.__CR0,0,2600,2600_PT0_SX300_V1___.jpg\"><img decoding=\"async\" alt=\"Worx Landroid Antikollisionssystem\" src=\"https:\/\/m.media-amazon.com\/images\/S\/aplus-media-library-service-media\/f3c2c8f2-6628-43f1-8a73-9e6833fd943d.__CR0,0,2600,2600_PT0_SX300_V1___.jpg\">  <\/p>\n<h3 class=\"a-spacing-mini\">  Worx Landroid Antikollisionssystem WA0860 <\/h3>\n<p>                                           Ihre Bed\u00fcrfnisse, Ihr Landroid                                        <\/p>\n<p class=\"a-spacing-base\"> Hindernisse im Garten beim Rasenm\u00e4hen? Kein Problem f\u00fcr den Landroid M\u00e4hroboter mit Antikollisionssystem. Das ACS ist mit den neuen Landroid-Modellen kompatibel und umgeht m\u00fchelos und sicher jedes Hindernis, das sich ihm in den Weg stellt. <\/p>\n<p>                                           Innovativ, smart und besser als je zuvor                                        <\/p>\n<p class=\"a-spacing-base\"> Dank Ultraschallsensoren und intelligenter Autopilot-Technologie m\u00fcssen Sie nichts weiter tun, als den M\u00e4hroboter einzuschalten und ihn m\u00e4hen zu lassen. <\/p>\n<p>                                            F\u00fcnf zus\u00e4tzliche Optionen f\u00fcr den Traumrasenm\u00e4her                                     <\/p>\n<p class=\"a-spacing-base\"> Von Tabu bis Diebstahlschutz \u2013 neben dem ACS gibt es noch weitere Zusatzoptionen, mit denen der Landroid ausgestattet werden kann! <\/p>\n<p>                                                         Technische Details: Zusatzmodul f\u00fcr alle Landroid M\u00e4hroboter ACS: Antikollisionssystem Funktioniert durch Ultraschallsensoren Schnelle Installation Zuverl\u00e4ssiges Umfahren von Hindernissen       <\/p>\n<h3 class=\"a-spacing-small\"> Das Add-on f\u00fcr den Landroid M\u00e4hroboter <\/h3>\n<p class=\"apm-text-center\">\n                                                      <img decoding=\"async\" alt=\"Wie es funktioniert\" src=\"https:\/\/images-na.ssl-images-amazon.com\/images\/G\/01\/x-locale\/common\/grey-pixel.gif\" class=\"a-spacing-mini a-lazy-loaded\" data-src=\"https:\/\/m.media-amazon.com\/images\/S\/aplus-media\/vc\/255c2a45-5d58-433c-995f-37482078cbe0.__CR0,0,300,300_PT0_SX300_V1___.png\"><img decoding=\"async\" alt=\"Wie es funktioniert\" src=\"https:\/\/m.media-amazon.com\/images\/S\/aplus-media\/vc\/255c2a45-5d58-433c-995f-37482078cbe0.__CR0,0,300,300_PT0_SX300_V1___.png\">  <\/p>\n<p>                                                    So funktioniert es:                                          <\/p>\n<p> Mithilfe von Ultraschallsensoren, die auch beim autonomen Fahren von Autos zum Einsatz kommen, erkennt der Landroid Hindernisse. Dank der intelligenten Autopilot-Technologie m\u00e4ht der Landroid kollisionsfrei. <\/p>\n<p class=\"apm-text-center\">\n                                                      <img decoding=\"async\" alt=\"Hindernisse\" src=\"https:\/\/images-na.ssl-images-amazon.com\/images\/G\/01\/x-locale\/common\/grey-pixel.gif\" class=\"a-spacing-mini a-lazy-loaded\" data-src=\"https:\/\/m.media-amazon.com\/images\/S\/aplus-media\/vc\/5ecb44c7-59be-4d11-8ce8-196693eb3c5c.__CR0,0,300,300_PT0_SX300_V1___.png\"><img decoding=\"async\" alt=\"Hindernisse\" src=\"https:\/\/m.media-amazon.com\/images\/S\/aplus-media\/vc\/5ecb44c7-59be-4d11-8ce8-196693eb3c5c.__CR0,0,300,300_PT0_SX300_V1___.png\">  <\/p>\n<p>                                                    Hindernisse erkennen                                          <\/p>\n<p> In jedem Garten gibt es kleine und gro\u00dfe Hindernisse: Ob der Obstbaum, die Holzbank oder der Sandkasten der Kinder, mit dem ACS werden Kollisionen vermieden und nur der Rasen gem\u00e4ht. <\/p>\n<p class=\"apm-text-center\">\n                                                      <img decoding=\"async\" alt=\"Installation\" src=\"https:\/\/images-na.ssl-images-amazon.com\/images\/G\/01\/x-locale\/common\/grey-pixel.gif\" class=\"a-spacing-mini a-lazy-loaded\" data-src=\"https:\/\/m.media-amazon.com\/images\/S\/aplus-media-library-service-media\/e28c54db-a570-4ad6-999d-a91be86a724b.__CR1237,275,1040,1040_PT0_SX300_V1___.jpg\"><img decoding=\"async\" alt=\"Installation\" src=\"https:\/\/m.media-amazon.com\/images\/S\/aplus-media-library-service-media\/e28c54db-a570-4ad6-999d-a91be86a724b.__CR1237,275,1040,1040_PT0_SX300_V1___.jpg\">  <\/p>\n<p>                                                    Installation                                          <\/p>\n<p> Einfacher geht es nicht: Zur Installation wird das ACS nur mit zwei Schrauben befestigt und das Modul wird automatisch vom Landroid erkannt. Es ist keine weitere Anpassung erforderlich. <\/p>\n<p>                                                  <img decoding=\"async\" alt=\"Antikollision\" src=\"https:\/\/images-na.ssl-images-amazon.com\/images\/G\/01\/x-locale\/common\/grey-pixel.gif\" class=\"a-lazy-loaded\" data-src=\"https:\/\/m.media-amazon.com\/images\/S\/aplus-media\/vc\/5e46419c-187a-4204-a03e-6a793025fd60.__CR0,0,300,300_PT0_SX300_V1___.png\"><img decoding=\"async\" alt=\"Antikollision\" src=\"https:\/\/m.media-amazon.com\/images\/S\/aplus-media\/vc\/5e46419c-187a-4204-a03e-6a793025fd60.__CR0,0,300,300_PT0_SX300_V1___.png\">  <\/p>\n<h3 class=\"a-spacing-mini\">  Warum ein Antikollisionssystem? <\/h3>\n<p>  Normale Rasenm\u00e4her ohne Antikollisionssystem kollidieren schnell mit Gegenst\u00e4nden, besch\u00e4digen Pflanzen und Gartenm\u00f6bel oder besch\u00e4digen sich selbst, indem sie \u201eblind\u201c fahren. Mit dem Antikollisionssystem passiert das nicht, denn es erkennt Hindernisse jeglicher Art und weicht ihnen rechtzeitig aus. <\/p>\n<p>                         Zum Warenkorb hinzuf\u00fcgen Zum Warenkorb hinzuf\u00fcgen Zum Warenkorb hinzuf\u00fcgen Zum Warenkorb hinzuf\u00fcgen Zum Warenkorb hinzuf\u00fcgen Zum Warenkorb hinzuf\u00fcgen Kundenrezensionen 4,2 von 5 Sternen 1.318 3,8 von 5 Sternen 8.472 3,8 von 5 Sternen 8.472 3,8 von 5 Sternen 313 3,8 von 5 Sternen 460 4,5 von 5 Sternen 5.239 Preis 525,59 \u20ac 525,59 \u20ac 345,19 \u20ac 345,19 \u20ac 389,90 \u20ac 389,90 \u20ac 500,00 \u20ac 500,00 \u20ac 572,99 \u20ac 572,99 \u20ac 699,00 \u20ac 699,00 Rasenfl\u00e4che Bis 300 m\u00b2 Bis 500 m\u00b2 Bis 700 m\u00b2 Bis 1000 m\u00b2 Bis 1500 m\u00b2 Bis 2000 m\u00b2 Batterie 20 V Lithium-Ionen-Akku (2,0 Ah) 20 V Lithium-Ionen-Akku (2,0 Ah) 20 V Lithium-Ionen-Akku (4,0 Ah) 20 V Lithium-Ionen-Akku (4,0 Ah) 20 V Lithium-Ionen-Akku (4,0 Ah) 20 V Lithium-Ionen-Akku (5,0 Ah) Ladezeit: 4 Stunden. 1,5 Stunden. 3 Stunden. 1,5 Stunden. 1,2 Stunden. 1,5 Stunden. Multizonen-Management \u2713 \u2713 \u2713 \u2713 \u2713 \u2713 PowerShare \u2713 \u2713 \u2713 \u2713 \u2713 \u2713 AIA-Technologie \u2713 \u2713 \u2713 \u2713 \u2713 \u2713 Schnitth\u00f6he und Schnittbreite 20\u201350 mm und 180 mm 30\u201360 mm und 180 mm 30\u201360 mm und 180 mm 30\u201360 mm und 180 mm 30\u201360 mm und 220 mm 30\u201360 mm und 220 mm Bis zum Rand schneiden \u2713 \u2013 nein Daten \u2713 \u2713 \u2713 \u2713 Abmessungen: 507 x 361 x 205 mm 558 x 404 x 205 mm 558 x 404 x 205 mm 558 x 404 x 205 mm 630 x 445 x 225 mm 630 x 445 x 225 mm Gewicht 8 kg 9 kg 9,2 kg 9,4 kg 10,5 kg 10,5 kg        <\/p>\n<p>Hindernisvermeidung: Mit Ultraschallsensoren und intelligenter Autopilot-Technologie m\u00fcssen Sie nichts weiter tun, als den M\u00e4hroboter einzuschalten und ihn m\u00e4hen zu lassen. Der M\u00e4hroboter kann dem Hindernis aktiv ausweichen<br \/>Einfache Installation: Sie m\u00fcssen nur ein paar Schrauben drehen. Der Landroid erkennt das neue Modul automatisch<br \/>Optionales Zusatzmodul f\u00fcr alle neuen Landroid-Modelle ab 2019 \u2013 nicht f\u00fcr WORX Vision M\u00e4hroboter<br \/>Kompatibilit\u00e4t: Passend f\u00fcr WR141E, WR142E, WR147E, WR147E.1, WR153E, WR155E, WR165E, WR167E, WR184E<\/p>\n<p>[ad_2]<\/p>\n","protected":false},"excerpt":{"rendered":"<p>Vom Hersteller Worx Landroid Antikollisionssystem WA0860 Ihre Bed\u00fcrfnisse, Ihr Landroid Hindernisse im Garten beim Rasenm\u00e4hen? Kein Problem f\u00fcr den Landroid M\u00e4hroboter mit Antikollisionssystem. Das ACS ist mit den neuen Landroid-Modellen kompatibel und umgeht m\u00fchelos und sicher jedes Hindernis, das sich ihm in den Weg stellt. Innovativ, smart und besser als je zuvor Dank Ultraschallsensoren und [&hellip;]<\/p>\n","protected":false},"featured_media":330,"comment_status":"open","ping_status":"closed","template":"","meta":{"_aipt_faq_data":""},"store":[],"product_brand":[135],"product_cat":[86],"product_tag":[134],"class_list":{"0":"post-329","1":"product","2":"type-product","3":"status-publish","4":"has-post-thumbnail","6":"product_brand-worx","7":"product_cat-zubehoer-fuer-rasenmaehroboter","8":"product_tag-zubehoer-fuer-rasenmaehroboter-ersatzmesser","10":"first","11":"instock","12":"sale","13":"shipping-taxable","14":"product-type-external"},"yoast_head":"<!-- This site is optimized with the Yoast SEO plugin v27.4 - https:\/\/yoast.com\/product\/yoast-seo-wordpress\/ -->\n<title>Worx WA0860 Landroid-Modul Kollisionssensor ACS \u2013 Hindernisvermeidung \u2013 kompatibel mit allen Landroid-Modellen ab 2019 \u2013 Farbe Silber - EasyLifeBro<\/title>\n<meta name=\"description\" content=\"Entdecken Sie smarte Roboter f\u00fcr Zuhause, Garten, Bildung und Sicherheit. Vergleichen Sie Saugroboter, Rasenm\u00e4hroboter, KI-Begleitroboter und mehr bei EasyLifeRobo.\" \/>\n<meta name=\"robots\" content=\"index, follow, max-snippet:-1, max-image-preview:large, max-video-preview:-1\" \/>\n<link rel=\"canonical\" href=\"https:\/\/easyliferobo.com\/de\/product\/worx-wa0860-landroid-modul-kollisionssensor-acs-hindernisvermeidung-kompatibel-mit-allen-landroid-modellen-ab-2019-farbe-silber\/\" \/>\n<meta property=\"og:locale\" content=\"de_DE\" \/>\n<meta property=\"og:type\" content=\"article\" \/>\n<meta property=\"og:title\" content=\"Worx WA0860 Landroid-Modul Kollisionssensor ACS \u2013 Hindernisvermeidung \u2013 kompatibel mit allen Landroid-Modellen ab 2019 \u2013 Farbe Silber - EasyLifeBro\" \/>\n<meta property=\"og:description\" content=\"Entdecken Sie smarte Roboter f\u00fcr Zuhause, Garten, Bildung und Sicherheit. Vergleichen Sie Saugroboter, Rasenm\u00e4hroboter, KI-Begleitroboter und mehr bei EasyLifeRobo.\" \/>\n<meta property=\"og:url\" content=\"https:\/\/easyliferobo.com\/de\/product\/worx-wa0860-landroid-modul-kollisionssensor-acs-hindernisvermeidung-kompatibel-mit-allen-landroid-modellen-ab-2019-farbe-silber\/\" \/>\n<meta property=\"og:site_name\" content=\"EasyLifeBro\" \/>\n<meta property=\"article:modified_time\" content=\"2026-02-22T23:35:39+00:00\" \/>\n<meta property=\"og:image\" content=\"https:\/\/easyliferobo.com\/de\/wp-content\/uploads\/2026\/02\/61DiHrvncL._AC_SL1500_.jpg\" \/>\n\t<meta property=\"og:image:width\" content=\"1500\" \/>\n\t<meta property=\"og:image:height\" content=\"708\" \/>\n\t<meta property=\"og:image:type\" content=\"image\/jpeg\" \/>\n<meta name=\"twitter:card\" content=\"summary_large_image\" \/>\n<meta name=\"twitter:label1\" content=\"Gesch\u00e4tzte Lesezeit\" \/>\n\t<meta name=\"twitter:data1\" content=\"2\u00a0Minuten\" \/>\n<script type=\"application\/ld+json\" class=\"yoast-schema-graph\">{\"@context\":\"https:\\\/\\\/schema.org\",\"@graph\":[{\"@type\":\"WebPage\",\"@id\":\"https:\\\/\\\/easyliferobo.com\\\/de\\\/product\\\/worx-wa0860-landroid-modul-kollisionssensor-acs-hindernisvermeidung-kompatibel-mit-allen-landroid-modellen-ab-2019-farbe-silber\\\/\",\"url\":\"https:\\\/\\\/easyliferobo.com\\\/de\\\/product\\\/worx-wa0860-landroid-modul-kollisionssensor-acs-hindernisvermeidung-kompatibel-mit-allen-landroid-modellen-ab-2019-farbe-silber\\\/\",\"name\":\"Worx WA0860 Landroid-Modul Kollisionssensor ACS \u2013 Hindernisvermeidung \u2013 kompatibel mit allen Landroid-Modellen ab 2019 \u2013 Farbe Silber - EasyLifeBro\",\"isPartOf\":{\"@id\":\"https:\\\/\\\/easyliferobo.com\\\/de\\\/#website\"},\"primaryImageOfPage\":{\"@id\":\"https:\\\/\\\/easyliferobo.com\\\/de\\\/product\\\/worx-wa0860-landroid-modul-kollisionssensor-acs-hindernisvermeidung-kompatibel-mit-allen-landroid-modellen-ab-2019-farbe-silber\\\/#primaryimage\"},\"image\":{\"@id\":\"https:\\\/\\\/easyliferobo.com\\\/de\\\/product\\\/worx-wa0860-landroid-modul-kollisionssensor-acs-hindernisvermeidung-kompatibel-mit-allen-landroid-modellen-ab-2019-farbe-silber\\\/#primaryimage\"},\"thumbnailUrl\":\"https:\\\/\\\/easyliferobo.com\\\/de\\\/wp-content\\\/uploads\\\/2026\\\/02\\\/61DiHrvncL._AC_SL1500_.jpg\",\"datePublished\":\"2026-02-22T09:27:58+00:00\",\"dateModified\":\"2026-02-22T23:35:39+00:00\",\"description\":\"Entdecken Sie smarte Roboter f\u00fcr Zuhause, Garten, Bildung und Sicherheit. Vergleichen Sie Saugroboter, Rasenm\u00e4hroboter, KI-Begleitroboter und mehr bei EasyLifeRobo.\",\"breadcrumb\":{\"@id\":\"https:\\\/\\\/easyliferobo.com\\\/de\\\/product\\\/worx-wa0860-landroid-modul-kollisionssensor-acs-hindernisvermeidung-kompatibel-mit-allen-landroid-modellen-ab-2019-farbe-silber\\\/#breadcrumb\"},\"inLanguage\":\"de\",\"potentialAction\":[{\"@type\":\"ReadAction\",\"target\":[\"https:\\\/\\\/easyliferobo.com\\\/de\\\/product\\\/worx-wa0860-landroid-modul-kollisionssensor-acs-hindernisvermeidung-kompatibel-mit-allen-landroid-modellen-ab-2019-farbe-silber\\\/\"]}]},{\"@type\":\"ImageObject\",\"inLanguage\":\"de\",\"@id\":\"https:\\\/\\\/easyliferobo.com\\\/de\\\/product\\\/worx-wa0860-landroid-modul-kollisionssensor-acs-hindernisvermeidung-kompatibel-mit-allen-landroid-modellen-ab-2019-farbe-silber\\\/#primaryimage\",\"url\":\"https:\\\/\\\/easyliferobo.com\\\/de\\\/wp-content\\\/uploads\\\/2026\\\/02\\\/61DiHrvncL._AC_SL1500_.jpg\",\"contentUrl\":\"https:\\\/\\\/easyliferobo.com\\\/de\\\/wp-content\\\/uploads\\\/2026\\\/02\\\/61DiHrvncL._AC_SL1500_.jpg\",\"width\":1500,\"height\":708},{\"@type\":\"BreadcrumbList\",\"@id\":\"https:\\\/\\\/easyliferobo.com\\\/de\\\/product\\\/worx-wa0860-landroid-modul-kollisionssensor-acs-hindernisvermeidung-kompatibel-mit-allen-landroid-modellen-ab-2019-farbe-silber\\\/#breadcrumb\",\"itemListElement\":[{\"@type\":\"ListItem\",\"position\":1,\"name\":\"Home\",\"item\":\"https:\\\/\\\/easyliferobo.com\\\/de\\\/\"},{\"@type\":\"ListItem\",\"position\":2,\"name\":\"Shop\",\"item\":\"https:\\\/\\\/easyliferobo.com\\\/de\\\/shop\\\/\"},{\"@type\":\"ListItem\",\"position\":3,\"name\":\"Worx WA0860 Landroid-Modul Kollisio...\"}]},{\"@type\":\"WebSite\",\"@id\":\"https:\\\/\\\/easyliferobo.com\\\/de\\\/#website\",\"url\":\"https:\\\/\\\/easyliferobo.com\\\/de\\\/\",\"name\":\"EasyLifeBro\",\"description\":\"Smarte Roboter f\u00fcr Zuhause, Garten &amp; Bildung\",\"publisher\":{\"@id\":\"https:\\\/\\\/easyliferobo.com\\\/de\\\/#organization\"},\"potentialAction\":[{\"@type\":\"SearchAction\",\"target\":{\"@type\":\"EntryPoint\",\"urlTemplate\":\"https:\\\/\\\/easyliferobo.com\\\/de\\\/?s={search_term_string}\"},\"query-input\":{\"@type\":\"PropertyValueSpecification\",\"valueRequired\":true,\"valueName\":\"search_term_string\"}}],\"inLanguage\":\"de\"},{\"@type\":\"Organization\",\"@id\":\"https:\\\/\\\/easyliferobo.com\\\/de\\\/#organization\",\"name\":\"EasyLifeBro\",\"url\":\"https:\\\/\\\/easyliferobo.com\\\/de\\\/\",\"logo\":{\"@type\":\"ImageObject\",\"inLanguage\":\"de\",\"@id\":\"https:\\\/\\\/easyliferobo.com\\\/de\\\/#\\\/schema\\\/logo\\\/image\\\/\",\"url\":\"https:\\\/\\\/easyliferobo.com\\\/de\\\/wp-content\\\/uploads\\\/2026\\\/02\\\/Screenshot-2026-02-22-at-2.25.03-PM.png\",\"contentUrl\":\"https:\\\/\\\/easyliferobo.com\\\/de\\\/wp-content\\\/uploads\\\/2026\\\/02\\\/Screenshot-2026-02-22-at-2.25.03-PM.png\",\"width\":1858,\"height\":430,\"caption\":\"EasyLifeBro\"},\"image\":{\"@id\":\"https:\\\/\\\/easyliferobo.com\\\/de\\\/#\\\/schema\\\/logo\\\/image\\\/\"}}]}<\/script>\n<!-- \/ Yoast SEO plugin. -->","yoast_head_json":{"title":"Worx WA0860 Landroid-Modul Kollisionssensor ACS \u2013 Hindernisvermeidung \u2013 kompatibel mit allen Landroid-Modellen ab 2019 \u2013 Farbe Silber - EasyLifeBro","description":"Entdecken Sie smarte Roboter f\u00fcr Zuhause, Garten, Bildung und Sicherheit. Vergleichen Sie Saugroboter, Rasenm\u00e4hroboter, KI-Begleitroboter und mehr bei EasyLifeRobo.","robots":{"index":"index","follow":"follow","max-snippet":"max-snippet:-1","max-image-preview":"max-image-preview:large","max-video-preview":"max-video-preview:-1"},"canonical":"https:\/\/easyliferobo.com\/de\/product\/worx-wa0860-landroid-modul-kollisionssensor-acs-hindernisvermeidung-kompatibel-mit-allen-landroid-modellen-ab-2019-farbe-silber\/","og_locale":"de_DE","og_type":"article","og_title":"Worx WA0860 Landroid-Modul Kollisionssensor ACS \u2013 Hindernisvermeidung \u2013 kompatibel mit allen Landroid-Modellen ab 2019 \u2013 Farbe Silber - EasyLifeBro","og_description":"Entdecken Sie smarte Roboter f\u00fcr Zuhause, Garten, Bildung und Sicherheit. Vergleichen Sie Saugroboter, Rasenm\u00e4hroboter, KI-Begleitroboter und mehr bei EasyLifeRobo.","og_url":"https:\/\/easyliferobo.com\/de\/product\/worx-wa0860-landroid-modul-kollisionssensor-acs-hindernisvermeidung-kompatibel-mit-allen-landroid-modellen-ab-2019-farbe-silber\/","og_site_name":"EasyLifeBro","article_modified_time":"2026-02-22T23:35:39+00:00","og_image":[{"width":1500,"height":708,"url":"https:\/\/easyliferobo.com\/de\/wp-content\/uploads\/2026\/02\/61DiHrvncL._AC_SL1500_.jpg","type":"image\/jpeg"}],"twitter_card":"summary_large_image","twitter_misc":{"Gesch\u00e4tzte Lesezeit":"2\u00a0Minuten"},"schema":{"@context":"https:\/\/schema.org","@graph":[{"@type":"WebPage","@id":"https:\/\/easyliferobo.com\/de\/product\/worx-wa0860-landroid-modul-kollisionssensor-acs-hindernisvermeidung-kompatibel-mit-allen-landroid-modellen-ab-2019-farbe-silber\/","url":"https:\/\/easyliferobo.com\/de\/product\/worx-wa0860-landroid-modul-kollisionssensor-acs-hindernisvermeidung-kompatibel-mit-allen-landroid-modellen-ab-2019-farbe-silber\/","name":"Worx WA0860 Landroid-Modul Kollisionssensor ACS \u2013 Hindernisvermeidung \u2013 kompatibel mit allen Landroid-Modellen ab 2019 \u2013 Farbe Silber - EasyLifeBro","isPartOf":{"@id":"https:\/\/easyliferobo.com\/de\/#website"},"primaryImageOfPage":{"@id":"https:\/\/easyliferobo.com\/de\/product\/worx-wa0860-landroid-modul-kollisionssensor-acs-hindernisvermeidung-kompatibel-mit-allen-landroid-modellen-ab-2019-farbe-silber\/#primaryimage"},"image":{"@id":"https:\/\/easyliferobo.com\/de\/product\/worx-wa0860-landroid-modul-kollisionssensor-acs-hindernisvermeidung-kompatibel-mit-allen-landroid-modellen-ab-2019-farbe-silber\/#primaryimage"},"thumbnailUrl":"https:\/\/easyliferobo.com\/de\/wp-content\/uploads\/2026\/02\/61DiHrvncL._AC_SL1500_.jpg","datePublished":"2026-02-22T09:27:58+00:00","dateModified":"2026-02-22T23:35:39+00:00","description":"Entdecken Sie smarte Roboter f\u00fcr Zuhause, Garten, Bildung und Sicherheit. Vergleichen Sie Saugroboter, Rasenm\u00e4hroboter, KI-Begleitroboter und mehr bei EasyLifeRobo.","breadcrumb":{"@id":"https:\/\/easyliferobo.com\/de\/product\/worx-wa0860-landroid-modul-kollisionssensor-acs-hindernisvermeidung-kompatibel-mit-allen-landroid-modellen-ab-2019-farbe-silber\/#breadcrumb"},"inLanguage":"de","potentialAction":[{"@type":"ReadAction","target":["https:\/\/easyliferobo.com\/de\/product\/worx-wa0860-landroid-modul-kollisionssensor-acs-hindernisvermeidung-kompatibel-mit-allen-landroid-modellen-ab-2019-farbe-silber\/"]}]},{"@type":"ImageObject","inLanguage":"de","@id":"https:\/\/easyliferobo.com\/de\/product\/worx-wa0860-landroid-modul-kollisionssensor-acs-hindernisvermeidung-kompatibel-mit-allen-landroid-modellen-ab-2019-farbe-silber\/#primaryimage","url":"https:\/\/easyliferobo.com\/de\/wp-content\/uploads\/2026\/02\/61DiHrvncL._AC_SL1500_.jpg","contentUrl":"https:\/\/easyliferobo.com\/de\/wp-content\/uploads\/2026\/02\/61DiHrvncL._AC_SL1500_.jpg","width":1500,"height":708},{"@type":"BreadcrumbList","@id":"https:\/\/easyliferobo.com\/de\/product\/worx-wa0860-landroid-modul-kollisionssensor-acs-hindernisvermeidung-kompatibel-mit-allen-landroid-modellen-ab-2019-farbe-silber\/#breadcrumb","itemListElement":[{"@type":"ListItem","position":1,"name":"Home","item":"https:\/\/easyliferobo.com\/de\/"},{"@type":"ListItem","position":2,"name":"Shop","item":"https:\/\/easyliferobo.com\/de\/shop\/"},{"@type":"ListItem","position":3,"name":"Worx WA0860 Landroid-Modul Kollisio..."}]},{"@type":"WebSite","@id":"https:\/\/easyliferobo.com\/de\/#website","url":"https:\/\/easyliferobo.com\/de\/","name":"EasyLifeBro","description":"Smarte Roboter f\u00fcr Zuhause, Garten &amp; Bildung","publisher":{"@id":"https:\/\/easyliferobo.com\/de\/#organization"},"potentialAction":[{"@type":"SearchAction","target":{"@type":"EntryPoint","urlTemplate":"https:\/\/easyliferobo.com\/de\/?s={search_term_string}"},"query-input":{"@type":"PropertyValueSpecification","valueRequired":true,"valueName":"search_term_string"}}],"inLanguage":"de"},{"@type":"Organization","@id":"https:\/\/easyliferobo.com\/de\/#organization","name":"EasyLifeBro","url":"https:\/\/easyliferobo.com\/de\/","logo":{"@type":"ImageObject","inLanguage":"de","@id":"https:\/\/easyliferobo.com\/de\/#\/schema\/logo\/image\/","url":"https:\/\/easyliferobo.com\/de\/wp-content\/uploads\/2026\/02\/Screenshot-2026-02-22-at-2.25.03-PM.png","contentUrl":"https:\/\/easyliferobo.com\/de\/wp-content\/uploads\/2026\/02\/Screenshot-2026-02-22-at-2.25.03-PM.png","width":1858,"height":430,"caption":"EasyLifeBro"},"image":{"@id":"https:\/\/easyliferobo.com\/de\/#\/schema\/logo\/image\/"}}]}},"_links":{"self":[{"href":"https:\/\/easyliferobo.com\/de\/wp-json\/wp\/v2\/product\/329","targetHints":{"allow":["GET"]}}],"collection":[{"href":"https:\/\/easyliferobo.com\/de\/wp-json\/wp\/v2\/product"}],"about":[{"href":"https:\/\/easyliferobo.com\/de\/wp-json\/wp\/v2\/types\/product"}],"replies":[{"embeddable":true,"href":"https:\/\/easyliferobo.com\/de\/wp-json\/wp\/v2\/comments?post=329"}],"wp:featuredmedia":[{"embeddable":true,"href":"https:\/\/easyliferobo.com\/de\/wp-json\/wp\/v2\/media\/330"}],"wp:attachment":[{"href":"https:\/\/easyliferobo.com\/de\/wp-json\/wp\/v2\/media?parent=329"}],"wp:term":[{"taxonomy":"store","embeddable":true,"href":"https:\/\/easyliferobo.com\/de\/wp-json\/wp\/v2\/store?post=329"},{"taxonomy":"product_brand","embeddable":true,"href":"https:\/\/easyliferobo.com\/de\/wp-json\/wp\/v2\/product_brand?post=329"},{"taxonomy":"product_cat","embeddable":true,"href":"https:\/\/easyliferobo.com\/de\/wp-json\/wp\/v2\/product_cat?post=329"},{"taxonomy":"product_tag","embeddable":true,"href":"https:\/\/easyliferobo.com\/de\/wp-json\/wp\/v2\/product_tag?post=329"}],"curies":[{"name":"wp","href":"https:\/\/api.w.org\/{rel}","templated":true}]}}