
{"id":3280,"date":"2026-02-27T06:33:57","date_gmt":"2026-02-27T06:33:57","guid":{"rendered":"https:\/\/easyliferobo.com\/de\/product\/3-in-1-roboter-bauset-fuer-kinder-von-6-12-jahren-programmierbarer-gitarrist-transporter-und-strassenroller-mit-app-fernbedienung-stem-lernspielzeug-geschenk-fuer-jungen-und-maedchen-t\/"},"modified":"2026-02-27T06:34:14","modified_gmt":"2026-02-27T06:34:14","slug":"3-in-1-roboter-bauset-fuer-kinder-von-6-12-jahren-programmierbarer-gitarrist-transporter-und-strassenroller-mit-app-fernbedienung-stem-lernspielzeug-geschenk-fuer-jungen-und-maedchen-t","status":"publish","type":"product","link":"https:\/\/easyliferobo.com\/de\/product\/3-in-1-roboter-bauset-fuer-kinder-von-6-12-jahren-programmierbarer-gitarrist-transporter-und-strassenroller-mit-app-fernbedienung-stem-lernspielzeug-geschenk-fuer-jungen-und-maedchen-t\/","title":{"rendered":"3-in-1-Roboter-Bauset f\u00fcr Kinder v..."},"content":{"rendered":"<p>    <span>Technologie-Roboter-Kinderbauspielzeug ist ein faszinierendes Spielzeug, das die Kreativit\u00e4t und das logische Denken Ihres Kindes f\u00f6rdert. Mit diesem Bausatz k\u00f6nnen Kinder ihre eigenen Roboter zusammenbauen und spielerisch Grundlagen der Robotik und Mechanik erlernen. Durch die hochwertigen Komponenten k\u00f6nnen Sie eine Vielzahl unterschiedlicher Roboter konstruieren, die sich sogar bewegen und Aufgaben ausf\u00fchren k\u00f6nnen. Durch das Zusammensetzen der Teile und das Programmieren der Bewegungsabl\u00e4ufe werden wichtige F\u00e4higkeiten wie Probleml\u00f6sung, r\u00e4umliches Vorstellungsverm\u00f6gen und logisches Denken geschult. Dieses Spielzeug ist nicht nur unterhaltsam, sondern f\u00f6rdert auch spielerisch die MINT-F\u00e4higkeiten Ihres Kindes (Mathematik, Informatik, Naturwissenschaften und Technik). Lassen Sie Ihrem Kind mit diesem faszinierenden Technologie-Roboter-Bauspielzeug f\u00fcr Kinder seiner Kreativit\u00e4t und Entdeckungsfreude freien Lauf.<\/span>    <br \/>3-IN-1-TECHNOLOGIE-ROBOTER Mit diesem 3-in-1-Roboterspielzeug k\u00f6nnen Kinder einen Gitarristen, Transporter oder Rollenfahrer zusammenbauen und drei verschiedene Bau- und Spielerlebnisse genie\u00dfen. Lassen Sie Ihrer Fantasie freien Lauf und erschaffen Sie Neues. Der ferngesteuerte Roboter mit 3-in-1-Technologie regt die Fantasie der Kinder an und bietet ihnen stundenlangen Spielspa\u00df mit drei verschiedenen Modellen (es kann jeweils nur ein Modell erstellt werden).<br \/>Die intelligenten Programmierfunktionen und Fernbedienung: Kinder k\u00f6nnen den Roboter mit der Fernbedienung oder \u00fcber die App steuern. Es stehen zwei Steuerungsmodi zur Auswahl: intelligente Programmierung mit Bluetooth-Fernbedienung und herk\u00f6mmliche Fernbedienung, die es dem Roboter erm\u00f6glicht, sich in alle Richtungen und auf verschiedenen Wegen zu bewegen und Kindern endlosen Spa\u00df zu bereiten.<br \/>MINT-Lernspielzeug Das Roboterbauspielzeug ist ein hervorragendes MINT-Spielzeug, das Kindern beim spielerischen Bauen hilft, ihre Hand-Auge-Koordination zu verbessern, Feinmotorik zu erlernen, Fantasie zu f\u00f6rdern und logisches Denken zu trainieren. Die intelligenten Programmierfunktionen helfen dabei, das Interesse und die Begeisterung der Kinder f\u00fcr Mathematik und Naturwissenschaften zu wecken.<br \/>HOCHWERTIGE VERARBEITUNG UND STARKE MOTOREN Das Roboterspielzeug besteht aus hochwertigen Materialien, die sicher sind. Der Roboter hat verschiedene Ausdr\u00fccke und Ger\u00e4usche. Der Kinderroboter wird von einem Hochgeschwindigkeitsmotor angetrieben und verf\u00fcgt \u00fcber eine 2,4-GHz-Fernsteuerung mit stabiler, st\u00f6rungsfreier Signal\u00fcbertragung.<br \/>IDEALES GESCHENK F\u00dcR KINDER. Exquisite Verarbeitung und attraktives Design mit beweglichen Fernbedienungsfunktionen ziehen die Aufmerksamkeit der Kinder auf sich. Das Roboterset ist das perfekte Weihnachtsgeschenk f\u00fcr Jungen und M\u00e4dchen im Alter von 6 bis 12 Jahren. Kinder k\u00f6nnen mit Freunden und Familie zusammen spielen, die Eltern-Kind-Interaktion st\u00e4rken und die Bindung zu ihren Eltern f\u00f6rdern.<\/p>\n<p>[ad_2]<\/p>\n","protected":false},"excerpt":{"rendered":"<p>Technologie-Roboter-Kinderbauspielzeug ist ein faszinierendes Spielzeug, das die Kreativit\u00e4t und das logische Denken Ihres Kindes f\u00f6rdert. Mit diesem Bausatz k\u00f6nnen Kinder ihre eigenen Roboter zusammenbauen und spielerisch Grundlagen der Robotik und Mechanik erlernen. Durch die hochwertigen Komponenten k\u00f6nnen Sie eine Vielzahl unterschiedlicher Roboter konstruieren, die sich sogar bewegen und Aufgaben ausf\u00fchren k\u00f6nnen. Durch das Zusammensetzen der [&hellip;]<\/p>\n","protected":false},"featured_media":3281,"comment_status":"open","ping_status":"closed","template":"","meta":{"_aipt_faq_data":""},"store":[],"product_brand":[],"product_cat":[89],"product_tag":[283],"class_list":{"0":"post-3280","1":"product","2":"type-product","3":"status-publish","4":"has-post-thumbnail","6":"product_cat-roboter-mit-fernbedienung","7":"product_tag-roboter-mit-fernbedienung-lernspielzeug","9":"first","10":"instock","11":"shipping-taxable","12":"product-type-external"},"yoast_head":"<!-- This site is optimized with the Yoast SEO plugin v27.0 - https:\/\/yoast.com\/product\/yoast-seo-wordpress\/ -->\n<title>3-in-1-Roboter-Bauset f\u00fcr Kinder von 6\u201312 Jahren, programmierbarer Gitarrist, Transporter und Stra\u00dfenroller, mit App + Fernbedienung, STEM-Lernspielzeug, Geschenk f\u00fcr Jungen und M\u00e4dchen, Technik - EasyLifeBro<\/title>\n<meta name=\"description\" content=\"Entdecken Sie smarte Roboter f\u00fcr Zuhause, Garten, Bildung und Sicherheit. Vergleichen Sie Saugroboter, Rasenm\u00e4hroboter, KI-Begleitroboter und mehr bei EasyLifeRobo.\" \/>\n<meta name=\"robots\" content=\"index, follow, max-snippet:-1, max-image-preview:large, max-video-preview:-1\" \/>\n<link rel=\"canonical\" href=\"https:\/\/easyliferobo.com\/de\/product\/3-in-1-roboter-bauset-fuer-kinder-von-6-12-jahren-programmierbarer-gitarrist-transporter-und-strassenroller-mit-app-fernbedienung-stem-lernspielzeug-geschenk-fuer-jungen-und-maedchen-t\/\" \/>\n<meta property=\"og:locale\" content=\"de_DE\" \/>\n<meta property=\"og:type\" content=\"article\" \/>\n<meta property=\"og:title\" content=\"3-in-1-Roboter-Bauset f\u00fcr Kinder von 6\u201312 Jahren, programmierbarer Gitarrist, Transporter und Stra\u00dfenroller, mit App + Fernbedienung, STEM-Lernspielzeug, Geschenk f\u00fcr Jungen und M\u00e4dchen, Technik - EasyLifeBro\" \/>\n<meta property=\"og:description\" content=\"Entdecken Sie smarte Roboter f\u00fcr Zuhause, Garten, Bildung und Sicherheit. Vergleichen Sie Saugroboter, Rasenm\u00e4hroboter, KI-Begleitroboter und mehr bei EasyLifeRobo.\" \/>\n<meta property=\"og:url\" content=\"https:\/\/easyliferobo.com\/de\/product\/3-in-1-roboter-bauset-fuer-kinder-von-6-12-jahren-programmierbarer-gitarrist-transporter-und-strassenroller-mit-app-fernbedienung-stem-lernspielzeug-geschenk-fuer-jungen-und-maedchen-t\/\" \/>\n<meta property=\"og:site_name\" content=\"EasyLifeBro\" \/>\n<meta property=\"article:modified_time\" content=\"2026-02-27T06:34:14+00:00\" \/>\n<meta name=\"twitter:card\" content=\"summary_large_image\" \/>\n<meta name=\"twitter:label1\" content=\"Gesch\u00e4tzte Lesezeit\" \/>\n\t<meta name=\"twitter:data1\" content=\"2\u00a0Minuten\" \/>\n<script type=\"application\/ld+json\" class=\"yoast-schema-graph\">{\"@context\":\"https:\/\/schema.org\",\"@graph\":[{\"@type\":\"WebPage\",\"@id\":\"https:\/\/easyliferobo.com\/de\/product\/3-in-1-roboter-bauset-fuer-kinder-von-6-12-jahren-programmierbarer-gitarrist-transporter-und-strassenroller-mit-app-fernbedienung-stem-lernspielzeug-geschenk-fuer-jungen-und-maedchen-t\/\",\"url\":\"https:\/\/easyliferobo.com\/de\/product\/3-in-1-roboter-bauset-fuer-kinder-von-6-12-jahren-programmierbarer-gitarrist-transporter-und-strassenroller-mit-app-fernbedienung-stem-lernspielzeug-geschenk-fuer-jungen-und-maedchen-t\/\",\"name\":\"3-in-1-Roboter-Bauset f\u00fcr Kinder von 6\u201312 Jahren, programmierbarer Gitarrist, Transporter und Stra\u00dfenroller, mit App + Fernbedienung, STEM-Lernspielzeug, Geschenk f\u00fcr Jungen und M\u00e4dchen, Technik - EasyLifeBro\",\"isPartOf\":{\"@id\":\"https:\/\/easyliferobo.com\/de\/#website\"},\"primaryImageOfPage\":{\"@id\":\"https:\/\/easyliferobo.com\/de\/product\/3-in-1-roboter-bauset-fuer-kinder-von-6-12-jahren-programmierbarer-gitarrist-transporter-und-strassenroller-mit-app-fernbedienung-stem-lernspielzeug-geschenk-fuer-jungen-und-maedchen-t\/#primaryimage\"},\"image\":{\"@id\":\"https:\/\/easyliferobo.com\/de\/product\/3-in-1-roboter-bauset-fuer-kinder-von-6-12-jahren-programmierbarer-gitarrist-transporter-und-strassenroller-mit-app-fernbedienung-stem-lernspielzeug-geschenk-fuer-jungen-und-maedchen-t\/#primaryimage\"},\"thumbnailUrl\":\"https:\/\/easyliferobo.com\/de\/wp-content\/uploads\/2026\/02\/81KKq96kVhL._AC_SL1500_.jpg\",\"datePublished\":\"2026-02-27T06:33:57+00:00\",\"dateModified\":\"2026-02-27T06:34:14+00:00\",\"description\":\"Entdecken Sie smarte Roboter f\u00fcr Zuhause, Garten, Bildung und Sicherheit. Vergleichen Sie Saugroboter, Rasenm\u00e4hroboter, KI-Begleitroboter und mehr bei EasyLifeRobo.\",\"breadcrumb\":{\"@id\":\"https:\/\/easyliferobo.com\/de\/product\/3-in-1-roboter-bauset-fuer-kinder-von-6-12-jahren-programmierbarer-gitarrist-transporter-und-strassenroller-mit-app-fernbedienung-stem-lernspielzeug-geschenk-fuer-jungen-und-maedchen-t\/#breadcrumb\"},\"inLanguage\":\"de\",\"potentialAction\":[{\"@type\":\"ReadAction\",\"target\":[\"https:\/\/easyliferobo.com\/de\/product\/3-in-1-roboter-bauset-fuer-kinder-von-6-12-jahren-programmierbarer-gitarrist-transporter-und-strassenroller-mit-app-fernbedienung-stem-lernspielzeug-geschenk-fuer-jungen-und-maedchen-t\/\"]}]},{\"@type\":\"ImageObject\",\"inLanguage\":\"de\",\"@id\":\"https:\/\/easyliferobo.com\/de\/product\/3-in-1-roboter-bauset-fuer-kinder-von-6-12-jahren-programmierbarer-gitarrist-transporter-und-strassenroller-mit-app-fernbedienung-stem-lernspielzeug-geschenk-fuer-jungen-und-maedchen-t\/#primaryimage\",\"url\":\"https:\/\/easyliferobo.com\/de\/wp-content\/uploads\/2026\/02\/81KKq96kVhL._AC_SL1500_.jpg\",\"contentUrl\":\"https:\/\/easyliferobo.com\/de\/wp-content\/uploads\/2026\/02\/81KKq96kVhL._AC_SL1500_.jpg\",\"width\":1500,\"height\":1372},{\"@type\":\"BreadcrumbList\",\"@id\":\"https:\/\/easyliferobo.com\/de\/product\/3-in-1-roboter-bauset-fuer-kinder-von-6-12-jahren-programmierbarer-gitarrist-transporter-und-strassenroller-mit-app-fernbedienung-stem-lernspielzeug-geschenk-fuer-jungen-und-maedchen-t\/#breadcrumb\",\"itemListElement\":[{\"@type\":\"ListItem\",\"position\":1,\"name\":\"Home\",\"item\":\"https:\/\/easyliferobo.com\/de\/\"},{\"@type\":\"ListItem\",\"position\":2,\"name\":\"Shop\",\"item\":\"https:\/\/easyliferobo.com\/de\/shop\/\"},{\"@type\":\"ListItem\",\"position\":3,\"name\":\"3-in-1-Roboter-Bauset f\u00fcr Kinder v...\"}]},{\"@type\":\"WebSite\",\"@id\":\"https:\/\/easyliferobo.com\/de\/#website\",\"url\":\"https:\/\/easyliferobo.com\/de\/\",\"name\":\"EasyLifeBro\",\"description\":\"Smarte Roboter f\u00fcr Zuhause, Garten &amp; Bildung\",\"publisher\":{\"@id\":\"https:\/\/easyliferobo.com\/de\/#organization\"},\"potentialAction\":[{\"@type\":\"SearchAction\",\"target\":{\"@type\":\"EntryPoint\",\"urlTemplate\":\"https:\/\/easyliferobo.com\/de\/?s={search_term_string}\"},\"query-input\":{\"@type\":\"PropertyValueSpecification\",\"valueRequired\":true,\"valueName\":\"search_term_string\"}}],\"inLanguage\":\"de\"},{\"@type\":\"Organization\",\"@id\":\"https:\/\/easyliferobo.com\/de\/#organization\",\"name\":\"EasyLifeBro\",\"url\":\"https:\/\/easyliferobo.com\/de\/\",\"logo\":{\"@type\":\"ImageObject\",\"inLanguage\":\"de\",\"@id\":\"https:\/\/easyliferobo.com\/de\/#\/schema\/logo\/image\/\",\"url\":\"https:\/\/easyliferobo.com\/de\/wp-content\/uploads\/2026\/02\/Screenshot-2026-02-22-at-2.25.03-PM.png\",\"contentUrl\":\"https:\/\/easyliferobo.com\/de\/wp-content\/uploads\/2026\/02\/Screenshot-2026-02-22-at-2.25.03-PM.png\",\"width\":1858,\"height\":430,\"caption\":\"EasyLifeBro\"},\"image\":{\"@id\":\"https:\/\/easyliferobo.com\/de\/#\/schema\/logo\/image\/\"}}]}<\/script>\n<!-- \/ Yoast SEO plugin. -->","yoast_head_json":{"title":"3-in-1-Roboter-Bauset f\u00fcr Kinder von 6\u201312 Jahren, programmierbarer Gitarrist, Transporter und Stra\u00dfenroller, mit App + Fernbedienung, STEM-Lernspielzeug, Geschenk f\u00fcr Jungen und M\u00e4dchen, Technik - EasyLifeBro","description":"Entdecken Sie smarte Roboter f\u00fcr Zuhause, Garten, Bildung und Sicherheit. Vergleichen Sie Saugroboter, Rasenm\u00e4hroboter, KI-Begleitroboter und mehr bei EasyLifeRobo.","robots":{"index":"index","follow":"follow","max-snippet":"max-snippet:-1","max-image-preview":"max-image-preview:large","max-video-preview":"max-video-preview:-1"},"canonical":"https:\/\/easyliferobo.com\/de\/product\/3-in-1-roboter-bauset-fuer-kinder-von-6-12-jahren-programmierbarer-gitarrist-transporter-und-strassenroller-mit-app-fernbedienung-stem-lernspielzeug-geschenk-fuer-jungen-und-maedchen-t\/","og_locale":"de_DE","og_type":"article","og_title":"3-in-1-Roboter-Bauset f\u00fcr Kinder von 6\u201312 Jahren, programmierbarer Gitarrist, Transporter und Stra\u00dfenroller, mit App + Fernbedienung, STEM-Lernspielzeug, Geschenk f\u00fcr Jungen und M\u00e4dchen, Technik - EasyLifeBro","og_description":"Entdecken Sie smarte Roboter f\u00fcr Zuhause, Garten, Bildung und Sicherheit. Vergleichen Sie Saugroboter, Rasenm\u00e4hroboter, KI-Begleitroboter und mehr bei EasyLifeRobo.","og_url":"https:\/\/easyliferobo.com\/de\/product\/3-in-1-roboter-bauset-fuer-kinder-von-6-12-jahren-programmierbarer-gitarrist-transporter-und-strassenroller-mit-app-fernbedienung-stem-lernspielzeug-geschenk-fuer-jungen-und-maedchen-t\/","og_site_name":"EasyLifeBro","article_modified_time":"2026-02-27T06:34:14+00:00","twitter_card":"summary_large_image","twitter_misc":{"Gesch\u00e4tzte Lesezeit":"2\u00a0Minuten"},"schema":{"@context":"https:\/\/schema.org","@graph":[{"@type":"WebPage","@id":"https:\/\/easyliferobo.com\/de\/product\/3-in-1-roboter-bauset-fuer-kinder-von-6-12-jahren-programmierbarer-gitarrist-transporter-und-strassenroller-mit-app-fernbedienung-stem-lernspielzeug-geschenk-fuer-jungen-und-maedchen-t\/","url":"https:\/\/easyliferobo.com\/de\/product\/3-in-1-roboter-bauset-fuer-kinder-von-6-12-jahren-programmierbarer-gitarrist-transporter-und-strassenroller-mit-app-fernbedienung-stem-lernspielzeug-geschenk-fuer-jungen-und-maedchen-t\/","name":"3-in-1-Roboter-Bauset f\u00fcr Kinder von 6\u201312 Jahren, programmierbarer Gitarrist, Transporter und Stra\u00dfenroller, mit App + Fernbedienung, STEM-Lernspielzeug, Geschenk f\u00fcr Jungen und M\u00e4dchen, Technik - EasyLifeBro","isPartOf":{"@id":"https:\/\/easyliferobo.com\/de\/#website"},"primaryImageOfPage":{"@id":"https:\/\/easyliferobo.com\/de\/product\/3-in-1-roboter-bauset-fuer-kinder-von-6-12-jahren-programmierbarer-gitarrist-transporter-und-strassenroller-mit-app-fernbedienung-stem-lernspielzeug-geschenk-fuer-jungen-und-maedchen-t\/#primaryimage"},"image":{"@id":"https:\/\/easyliferobo.com\/de\/product\/3-in-1-roboter-bauset-fuer-kinder-von-6-12-jahren-programmierbarer-gitarrist-transporter-und-strassenroller-mit-app-fernbedienung-stem-lernspielzeug-geschenk-fuer-jungen-und-maedchen-t\/#primaryimage"},"thumbnailUrl":"https:\/\/easyliferobo.com\/de\/wp-content\/uploads\/2026\/02\/81KKq96kVhL._AC_SL1500_.jpg","datePublished":"2026-02-27T06:33:57+00:00","dateModified":"2026-02-27T06:34:14+00:00","description":"Entdecken Sie smarte Roboter f\u00fcr Zuhause, Garten, Bildung und Sicherheit. Vergleichen Sie Saugroboter, Rasenm\u00e4hroboter, KI-Begleitroboter und mehr bei EasyLifeRobo.","breadcrumb":{"@id":"https:\/\/easyliferobo.com\/de\/product\/3-in-1-roboter-bauset-fuer-kinder-von-6-12-jahren-programmierbarer-gitarrist-transporter-und-strassenroller-mit-app-fernbedienung-stem-lernspielzeug-geschenk-fuer-jungen-und-maedchen-t\/#breadcrumb"},"inLanguage":"de","potentialAction":[{"@type":"ReadAction","target":["https:\/\/easyliferobo.com\/de\/product\/3-in-1-roboter-bauset-fuer-kinder-von-6-12-jahren-programmierbarer-gitarrist-transporter-und-strassenroller-mit-app-fernbedienung-stem-lernspielzeug-geschenk-fuer-jungen-und-maedchen-t\/"]}]},{"@type":"ImageObject","inLanguage":"de","@id":"https:\/\/easyliferobo.com\/de\/product\/3-in-1-roboter-bauset-fuer-kinder-von-6-12-jahren-programmierbarer-gitarrist-transporter-und-strassenroller-mit-app-fernbedienung-stem-lernspielzeug-geschenk-fuer-jungen-und-maedchen-t\/#primaryimage","url":"https:\/\/easyliferobo.com\/de\/wp-content\/uploads\/2026\/02\/81KKq96kVhL._AC_SL1500_.jpg","contentUrl":"https:\/\/easyliferobo.com\/de\/wp-content\/uploads\/2026\/02\/81KKq96kVhL._AC_SL1500_.jpg","width":1500,"height":1372},{"@type":"BreadcrumbList","@id":"https:\/\/easyliferobo.com\/de\/product\/3-in-1-roboter-bauset-fuer-kinder-von-6-12-jahren-programmierbarer-gitarrist-transporter-und-strassenroller-mit-app-fernbedienung-stem-lernspielzeug-geschenk-fuer-jungen-und-maedchen-t\/#breadcrumb","itemListElement":[{"@type":"ListItem","position":1,"name":"Home","item":"https:\/\/easyliferobo.com\/de\/"},{"@type":"ListItem","position":2,"name":"Shop","item":"https:\/\/easyliferobo.com\/de\/shop\/"},{"@type":"ListItem","position":3,"name":"3-in-1-Roboter-Bauset f\u00fcr Kinder v..."}]},{"@type":"WebSite","@id":"https:\/\/easyliferobo.com\/de\/#website","url":"https:\/\/easyliferobo.com\/de\/","name":"EasyLifeBro","description":"Smarte Roboter f\u00fcr Zuhause, Garten &amp; Bildung","publisher":{"@id":"https:\/\/easyliferobo.com\/de\/#organization"},"potentialAction":[{"@type":"SearchAction","target":{"@type":"EntryPoint","urlTemplate":"https:\/\/easyliferobo.com\/de\/?s={search_term_string}"},"query-input":{"@type":"PropertyValueSpecification","valueRequired":true,"valueName":"search_term_string"}}],"inLanguage":"de"},{"@type":"Organization","@id":"https:\/\/easyliferobo.com\/de\/#organization","name":"EasyLifeBro","url":"https:\/\/easyliferobo.com\/de\/","logo":{"@type":"ImageObject","inLanguage":"de","@id":"https:\/\/easyliferobo.com\/de\/#\/schema\/logo\/image\/","url":"https:\/\/easyliferobo.com\/de\/wp-content\/uploads\/2026\/02\/Screenshot-2026-02-22-at-2.25.03-PM.png","contentUrl":"https:\/\/easyliferobo.com\/de\/wp-content\/uploads\/2026\/02\/Screenshot-2026-02-22-at-2.25.03-PM.png","width":1858,"height":430,"caption":"EasyLifeBro"},"image":{"@id":"https:\/\/easyliferobo.com\/de\/#\/schema\/logo\/image\/"}}]}},"_links":{"self":[{"href":"https:\/\/easyliferobo.com\/de\/wp-json\/wp\/v2\/product\/3280","targetHints":{"allow":["GET"]}}],"collection":[{"href":"https:\/\/easyliferobo.com\/de\/wp-json\/wp\/v2\/product"}],"about":[{"href":"https:\/\/easyliferobo.com\/de\/wp-json\/wp\/v2\/types\/product"}],"replies":[{"embeddable":true,"href":"https:\/\/easyliferobo.com\/de\/wp-json\/wp\/v2\/comments?post=3280"}],"wp:featuredmedia":[{"embeddable":true,"href":"https:\/\/easyliferobo.com\/de\/wp-json\/wp\/v2\/media\/3281"}],"wp:attachment":[{"href":"https:\/\/easyliferobo.com\/de\/wp-json\/wp\/v2\/media?parent=3280"}],"wp:term":[{"taxonomy":"store","embeddable":true,"href":"https:\/\/easyliferobo.com\/de\/wp-json\/wp\/v2\/store?post=3280"},{"taxonomy":"product_brand","embeddable":true,"href":"https:\/\/easyliferobo.com\/de\/wp-json\/wp\/v2\/product_brand?post=3280"},{"taxonomy":"product_cat","embeddable":true,"href":"https:\/\/easyliferobo.com\/de\/wp-json\/wp\/v2\/product_cat?post=3280"},{"taxonomy":"product_tag","embeddable":true,"href":"https:\/\/easyliferobo.com\/de\/wp-json\/wp\/v2\/product_tag?post=3280"}],"curies":[{"name":"wp","href":"https:\/\/api.w.org\/{rel}","templated":true}]}}