
{"id":3271,"date":"2026-02-27T06:32:39","date_gmt":"2026-02-27T06:32:39","guid":{"rendered":"https:\/\/easyliferobo.com\/de\/product\/karaoke-maschinenanlage-mit-2-mikrofonen-integriertes-liedtext-display-und-bildschirm-140-w-bluetooth-mit-hdmi-anschluss-selbstaufladend-karafun-app-ideal-fuer-home-party-tv-anschluss\/"},"modified":"2026-02-27T06:32:55","modified_gmt":"2026-02-27T06:32:55","slug":"karaoke-maschinenanlage-mit-2-mikrofonen-integriertes-liedtext-display-und-bildschirm-140-w-bluetooth-mit-hdmi-anschluss-selbstaufladend-karafun-app-ideal-fuer-home-party-tv-anschluss","status":"publish","type":"product","link":"https:\/\/easyliferobo.com\/de\/product\/karaoke-maschinenanlage-mit-2-mikrofonen-integriertes-liedtext-display-und-bildschirm-140-w-bluetooth-mit-hdmi-anschluss-selbstaufladend-karafun-app-ideal-fuer-home-party-tv-anschluss\/","title":{"rendered":"Karaoke-Maschinenanlage mit 2 Mikro..."},"content":{"rendered":"<p>\n                                             Produktbeschreibung   <\/p>\n<p>                                                                                                       <img decoding=\"async\" alt=\"Aplus-Inhaltsbild\" src=\"https:\/\/images-na.ssl-images-amazon.com\/images\/G\/01\/x-locale\/common\/grey-pixel.gif\" class=\"a-lazy-loaded\" data-src=\"https:\/\/m.media-amazon.com\/images\/S\/aplus-media-library-service-media\/801a16da-25bf-4bab-b049-68468b0a8afd.__CR0,0,1464,600_PT0_SX1464_V1___.jpg\"><img decoding=\"async\" alt=\"Aplus-Inhaltsbild\" src=\"https:\/\/m.media-amazon.com\/images\/S\/aplus-media-library-service-media\/801a16da-25bf-4bab-b049-68468b0a8afd.__CR0,0,1464,600_PT0_SX1464_V1___.jpg\">                                               <\/p>\n<p>                                                                                                       <img decoding=\"async\" alt=\"Der Text lautet \u201eMDW\u201c. Eine Reihe farbenfroher Screenshots digitaler Schnittstellen oder App-Bildschirme mit verschiedenen Men\u00fcoptionen und -einstellungen.\" src=\"https:\/\/images-na.ssl-images-amazon.com\/images\/G\/01\/x-locale\/common\/grey-pixel.gif\" class=\"a-lazy-loaded\" data-src=\"https:\/\/m.media-amazon.com\/images\/S\/aplus-media-library-service-media\/049236f4-ed39-421c-807e-74a5754193b9.__CR0,0,1464,600_PT0_SX1464_V1___.jpg\"><img decoding=\"async\" alt=\"Der Text lautet \u201eMDW\u201c. Eine Reihe farbenfroher Screenshots digitaler Schnittstellen oder App-Bildschirme mit verschiedenen Men\u00fcoptionen und -einstellungen.\" src=\"https:\/\/m.media-amazon.com\/images\/S\/aplus-media-library-service-media\/049236f4-ed39-421c-807e-74a5754193b9.__CR0,0,1464,600_PT0_SX1464_V1___.jpg\">                                               <\/p>\n<p>                                                                                                                    <img decoding=\"async\" alt=\"Der Text lautet \u201eFahnenmast-Gewichtsanker-Set\u201c. Mehrere Bilder zeigen Menschen, die im Freien eine Regenbogenfahne halten und zeigen.\" src=\"https:\/\/m.media-amazon.com\/images\/S\/aplus-media-library-service-media\/74435176-540f-4836-a326-60e9cb8a8b11.__CR0,0,1464,600_PT0_SX1464_V1___.jpg\">                                                    <img decoding=\"async\" alt=\"Aplus-Inhaltsbild\" src=\"https:\/\/m.media-amazon.com\/images\/S\/aplus-media-library-service-media\/4ce012ff-055a-4ea2-931a-3b0aa0f9fa16.__CR0,0,1464,600_PT0_SX1464_V1___.jpg\">                                                    <img decoding=\"async\" alt=\"Der Text lautet \u201eBopp Grabbestellung\u201c. Mehrere Screenshots zeigen eine Softwareoberfl\u00e4che mit blauen und violetten Men\u00fcelementen in einem dunklen Design.\" src=\"https:\/\/m.media-amazon.com\/images\/S\/aplus-media-library-service-media\/c0ada7b3-17a3-490a-a3c2-6b9ee61f721a.__CR0,0,1464,600_PT0_SX1464_V1___.jpg\">                                                    <img decoding=\"async\" alt=\"Abstrakter Hintergrund mit flie\u00dfenden orangefarbenen und roten Wellen, die dynamische geschwungene Muster mit violetten Akzentelementen erzeugen.\" src=\"https:\/\/m.media-amazon.com\/images\/S\/aplus-media-library-service-media\/4cb97356-21f3-4ed9-bccf-5c1de12e6291.__CR0,0,1464,600_PT0_SX1464_V1___.jpg\">                                                    <img decoding=\"async\" alt=\"Aplus-Inhaltsbild\" src=\"https:\/\/m.media-amazon.com\/images\/S\/aplus-media-library-service-media\/acdd5316-bd49-4982-93cc-d8eb86e88645.__CR0,0,1464,600_PT0_SX1464_V1___.jpg\"><br \/>\n                            1 Display und Liedtextanzeige 2 YouTube 3 HDMI 4 HD-Bildschirm 5 Karafun App <\/p>\n<p>                                                                                                                  <img decoding=\"async\" alt=\"Aplus-Inhaltsbild\" src=\"https:\/\/m.media-amazon.com\/images\/S\/aplus-media-library-service-media\/9bc216fd-312f-43f3-8a56-a66e1fa645fd.__CR0,0,1464,600_PT0_SX1464_V1___.jpg\">                                                    <img decoding=\"async\" alt=\"Der Text lautet \u201eSpar die Energie mit dem Bass-Paket\u201c. Innenszene mit Holzb\u00f6den und M\u00f6beln mit Werbetext-Overlay.\" src=\"https:\/\/m.media-amazon.com\/images\/S\/aplus-media-library-service-media\/9624598e-f938-474c-b5e9-8ed63875237a.__CR0,0,1464,600_PT0_SX1464_V1___.jpg\">                                                    <img decoding=\"async\" alt=\"Der Text lautet \u201eikarus PRO Sound 3.5S\u201c. und \u201eSMART CROSSOVER TECHNOLOGY\u201c. Blauer Technologie-Hintergrund mit leuchtenden Partikeln und KI-Symbol.\" src=\"https:\/\/m.media-amazon.com\/images\/S\/aplus-media-library-service-media\/90702570-20e7-43bf-a473-6a6975df7442.__CR0,0,1464,600_PT0_SX1464_V1___.jpg\">                                                    <img decoding=\"async\" alt=\"Aplus-Inhaltsbild\" src=\"https:\/\/m.media-amazon.com\/images\/S\/aplus-media-library-service-media\/f49153fa-478d-465c-8c52-c6881359f318.__CR0,0,1464,600_PT0_SX1464_V1___.jpg\"><br \/>\n                            1 140 Power Sound 2 Bass Energy 3 Intelligente Technologie 4 Klarer Klang <\/p>\n<p>                                                                                                                <img decoding=\"async\" alt=\"Aplus-Inhaltsbild\" src=\"https:\/\/m.media-amazon.com\/images\/S\/aplus-media-library-service-media\/c063e1de-3b03-4b97-9dd2-d9e52cffb9a7.__CR0,0,1464,600_PT0_SX1464_V1___.jpg\">                                                    <img decoding=\"async\" alt=\"Aplus-Inhaltsbild\" src=\"https:\/\/m.media-amazon.com\/images\/S\/aplus-media-library-service-media\/b853f1fa-1246-4262-9c95-2aca20fe77d3.__CR0,0,1464,600_PT0_SX1464_V1___.jpg\">                                                    <img decoding=\"async\" alt=\"Aplus-Inhaltsbild\" src=\"https:\/\/m.media-amazon.com\/images\/S\/aplus-media-library-service-media\/5ed16402-f54c-43a7-ac76-17feb2a1685e.__CR0,0,1464,600_PT0_SX1464_V1___.jpg\"><br \/>\n                            1 Klare Stimme 2 Selbstaufladendes Mikrofon 3 8 Soundeffekte <\/p>\n<p>                                                                                                                <img decoding=\"async\" alt=\"Aplus-Inhaltsbild\" src=\"https:\/\/m.media-amazon.com\/images\/S\/aplus-media-library-service-media\/ac1f82ac-efdc-4a60-a30d-44b61d80cb10.__CR0,0,1464,600_PT0_SX1464_V1___.jpg\">                                                    <img decoding=\"async\" alt=\"Produktpr\u00e4sentation mit Rucks\u00e4cken und Accessoires vor wei\u00dfem Hintergrund mit Text \u201ePUR-Schumanresonanz Bestellung\u201c\" src=\"https:\/\/m.media-amazon.com\/images\/S\/aplus-media-library-service-media\/3d129aaf-e156-4256-9453-3ba9427917b2.__CR0,0,1464,600_PT0_SX1464_V1___.jpg\">                                                    <img decoding=\"async\" alt=\"Aplus-Inhaltsbild\" src=\"https:\/\/m.media-amazon.com\/images\/S\/aplus-media-library-service-media\/7c461418-3f69-4f4a-8329-5605f1647fb1.__CR0,0,1464,600_PT0_SX1464_V1___.jpg\"><br \/>\n                            1 Tragbares Karaoke 2 Professionelle Klangerweiterung 3 \u00c4sthetische Details <\/p>\n<p>Ikarao Karaoke-Maschine \u2013 Komplettsystem mit Textanzeige, 2 Mikrofone, 140 W, Bluetooth, HDMI-Anschluss, selbstladend, f\u00fcr Karafun-App, ideal f\u00fcr den Heimbereich<\/p>\n<p>[ad_2]<\/p>\n","protected":false},"excerpt":{"rendered":"<p>Produktbeschreibung 1 Display und Liedtextanzeige 2 YouTube 3 HDMI 4 HD-Bildschirm 5 Karafun App 1 140 Power Sound 2 Bass Energy 3 Intelligente Technologie 4 Klarer Klang 1 Klare Stimme 2 Selbstaufladendes Mikrofon 3 8 Soundeffekte 1 Tragbares Karaoke 2 Professionelle Klangerweiterung 3 \u00c4sthetische Details Ikarao Karaoke-Maschine \u2013 Komplettsystem mit Textanzeige, 2 Mikrofone, 140 W, [&hellip;]<\/p>\n","protected":false},"featured_media":3272,"comment_status":"open","ping_status":"closed","template":"","meta":{"_aipt_faq_data":""},"store":[],"product_brand":[282],"product_cat":[90],"product_tag":[281],"class_list":{"0":"post-3271","1":"product","2":"type-product","3":"status-publish","4":"has-post-thumbnail","6":"product_brand-ikarao","7":"product_cat-tanz-musikroboter","8":"product_tag-kabellose-tanz-musikroboter","10":"first","11":"instock","12":"sale","13":"shipping-taxable","14":"product-type-external"},"yoast_head":"<!-- This site is optimized with the Yoast SEO plugin v27.4 - https:\/\/yoast.com\/product\/yoast-seo-wordpress\/ -->\n<title>Karaoke-Maschinenanlage mit 2 Mikrofonen, integriertes Liedtext-Display und Bildschirm, 140 W Bluetooth mit HDMI-Anschluss, Selbstaufladend, Karafun App, Ideal f\u00fcr Home Party &amp; TV-Anschluss - EasyLifeBro<\/title>\n<meta name=\"description\" content=\"Entdecken Sie smarte Roboter f\u00fcr Zuhause, Garten, Bildung und Sicherheit. Vergleichen Sie Saugroboter, Rasenm\u00e4hroboter, KI-Begleitroboter und mehr bei EasyLifeRobo.\" \/>\n<meta name=\"robots\" content=\"index, follow, max-snippet:-1, max-image-preview:large, max-video-preview:-1\" \/>\n<link rel=\"canonical\" href=\"https:\/\/easyliferobo.com\/de\/product\/karaoke-maschinenanlage-mit-2-mikrofonen-integriertes-liedtext-display-und-bildschirm-140-w-bluetooth-mit-hdmi-anschluss-selbstaufladend-karafun-app-ideal-fuer-home-party-tv-anschluss\/\" \/>\n<meta property=\"og:locale\" content=\"de_DE\" \/>\n<meta property=\"og:type\" content=\"article\" \/>\n<meta property=\"og:title\" content=\"Karaoke-Maschinenanlage mit 2 Mikrofonen, integriertes Liedtext-Display und Bildschirm, 140 W Bluetooth mit HDMI-Anschluss, Selbstaufladend, Karafun App, Ideal f\u00fcr Home Party &amp; TV-Anschluss - EasyLifeBro\" \/>\n<meta property=\"og:description\" content=\"Entdecken Sie smarte Roboter f\u00fcr Zuhause, Garten, Bildung und Sicherheit. Vergleichen Sie Saugroboter, Rasenm\u00e4hroboter, KI-Begleitroboter und mehr bei EasyLifeRobo.\" \/>\n<meta property=\"og:url\" content=\"https:\/\/easyliferobo.com\/de\/product\/karaoke-maschinenanlage-mit-2-mikrofonen-integriertes-liedtext-display-und-bildschirm-140-w-bluetooth-mit-hdmi-anschluss-selbstaufladend-karafun-app-ideal-fuer-home-party-tv-anschluss\/\" \/>\n<meta property=\"og:site_name\" content=\"EasyLifeBro\" \/>\n<meta property=\"article:modified_time\" content=\"2026-02-27T06:32:55+00:00\" \/>\n<meta property=\"og:image\" content=\"https:\/\/images-na.ssl-images-amazon.com\/images\/G\/01\/x-locale\/common\/grey-pixel.gif\" \/>\n<meta name=\"twitter:card\" content=\"summary_large_image\" \/>\n<script type=\"application\/ld+json\" class=\"yoast-schema-graph\">{\"@context\":\"https:\\\/\\\/schema.org\",\"@graph\":[{\"@type\":\"WebPage\",\"@id\":\"https:\\\/\\\/easyliferobo.com\\\/de\\\/product\\\/karaoke-maschinenanlage-mit-2-mikrofonen-integriertes-liedtext-display-und-bildschirm-140-w-bluetooth-mit-hdmi-anschluss-selbstaufladend-karafun-app-ideal-fuer-home-party-tv-anschluss\\\/\",\"url\":\"https:\\\/\\\/easyliferobo.com\\\/de\\\/product\\\/karaoke-maschinenanlage-mit-2-mikrofonen-integriertes-liedtext-display-und-bildschirm-140-w-bluetooth-mit-hdmi-anschluss-selbstaufladend-karafun-app-ideal-fuer-home-party-tv-anschluss\\\/\",\"name\":\"Karaoke-Maschinenanlage mit 2 Mikrofonen, integriertes Liedtext-Display und Bildschirm, 140 W Bluetooth mit HDMI-Anschluss, Selbstaufladend, Karafun App, Ideal f\u00fcr Home Party & TV-Anschluss - EasyLifeBro\",\"isPartOf\":{\"@id\":\"https:\\\/\\\/easyliferobo.com\\\/de\\\/#website\"},\"primaryImageOfPage\":{\"@id\":\"https:\\\/\\\/easyliferobo.com\\\/de\\\/product\\\/karaoke-maschinenanlage-mit-2-mikrofonen-integriertes-liedtext-display-und-bildschirm-140-w-bluetooth-mit-hdmi-anschluss-selbstaufladend-karafun-app-ideal-fuer-home-party-tv-anschluss\\\/#primaryimage\"},\"image\":{\"@id\":\"https:\\\/\\\/easyliferobo.com\\\/de\\\/product\\\/karaoke-maschinenanlage-mit-2-mikrofonen-integriertes-liedtext-display-und-bildschirm-140-w-bluetooth-mit-hdmi-anschluss-selbstaufladend-karafun-app-ideal-fuer-home-party-tv-anschluss\\\/#primaryimage\"},\"thumbnailUrl\":\"https:\\\/\\\/easyliferobo.com\\\/de\\\/wp-content\\\/uploads\\\/2026\\\/02\\\/91chJHm3u1L._AC_SL1500_.jpg\",\"datePublished\":\"2026-02-27T06:32:39+00:00\",\"dateModified\":\"2026-02-27T06:32:55+00:00\",\"description\":\"Entdecken Sie smarte Roboter f\u00fcr Zuhause, Garten, Bildung und Sicherheit. Vergleichen Sie Saugroboter, Rasenm\u00e4hroboter, KI-Begleitroboter und mehr bei EasyLifeRobo.\",\"breadcrumb\":{\"@id\":\"https:\\\/\\\/easyliferobo.com\\\/de\\\/product\\\/karaoke-maschinenanlage-mit-2-mikrofonen-integriertes-liedtext-display-und-bildschirm-140-w-bluetooth-mit-hdmi-anschluss-selbstaufladend-karafun-app-ideal-fuer-home-party-tv-anschluss\\\/#breadcrumb\"},\"inLanguage\":\"de\",\"potentialAction\":[{\"@type\":\"ReadAction\",\"target\":[\"https:\\\/\\\/easyliferobo.com\\\/de\\\/product\\\/karaoke-maschinenanlage-mit-2-mikrofonen-integriertes-liedtext-display-und-bildschirm-140-w-bluetooth-mit-hdmi-anschluss-selbstaufladend-karafun-app-ideal-fuer-home-party-tv-anschluss\\\/\"]}]},{\"@type\":\"ImageObject\",\"inLanguage\":\"de\",\"@id\":\"https:\\\/\\\/easyliferobo.com\\\/de\\\/product\\\/karaoke-maschinenanlage-mit-2-mikrofonen-integriertes-liedtext-display-und-bildschirm-140-w-bluetooth-mit-hdmi-anschluss-selbstaufladend-karafun-app-ideal-fuer-home-party-tv-anschluss\\\/#primaryimage\",\"url\":\"https:\\\/\\\/easyliferobo.com\\\/de\\\/wp-content\\\/uploads\\\/2026\\\/02\\\/91chJHm3u1L._AC_SL1500_.jpg\",\"contentUrl\":\"https:\\\/\\\/easyliferobo.com\\\/de\\\/wp-content\\\/uploads\\\/2026\\\/02\\\/91chJHm3u1L._AC_SL1500_.jpg\",\"width\":1329,\"height\":1500},{\"@type\":\"BreadcrumbList\",\"@id\":\"https:\\\/\\\/easyliferobo.com\\\/de\\\/product\\\/karaoke-maschinenanlage-mit-2-mikrofonen-integriertes-liedtext-display-und-bildschirm-140-w-bluetooth-mit-hdmi-anschluss-selbstaufladend-karafun-app-ideal-fuer-home-party-tv-anschluss\\\/#breadcrumb\",\"itemListElement\":[{\"@type\":\"ListItem\",\"position\":1,\"name\":\"Home\",\"item\":\"https:\\\/\\\/easyliferobo.com\\\/de\\\/\"},{\"@type\":\"ListItem\",\"position\":2,\"name\":\"Shop\",\"item\":\"https:\\\/\\\/easyliferobo.com\\\/de\\\/shop\\\/\"},{\"@type\":\"ListItem\",\"position\":3,\"name\":\"Karaoke-Maschinenanlage mit 2 Mikro...\"}]},{\"@type\":\"WebSite\",\"@id\":\"https:\\\/\\\/easyliferobo.com\\\/de\\\/#website\",\"url\":\"https:\\\/\\\/easyliferobo.com\\\/de\\\/\",\"name\":\"EasyLifeBro\",\"description\":\"Smarte Roboter f\u00fcr Zuhause, Garten &amp; Bildung\",\"publisher\":{\"@id\":\"https:\\\/\\\/easyliferobo.com\\\/de\\\/#organization\"},\"potentialAction\":[{\"@type\":\"SearchAction\",\"target\":{\"@type\":\"EntryPoint\",\"urlTemplate\":\"https:\\\/\\\/easyliferobo.com\\\/de\\\/?s={search_term_string}\"},\"query-input\":{\"@type\":\"PropertyValueSpecification\",\"valueRequired\":true,\"valueName\":\"search_term_string\"}}],\"inLanguage\":\"de\"},{\"@type\":\"Organization\",\"@id\":\"https:\\\/\\\/easyliferobo.com\\\/de\\\/#organization\",\"name\":\"EasyLifeBro\",\"url\":\"https:\\\/\\\/easyliferobo.com\\\/de\\\/\",\"logo\":{\"@type\":\"ImageObject\",\"inLanguage\":\"de\",\"@id\":\"https:\\\/\\\/easyliferobo.com\\\/de\\\/#\\\/schema\\\/logo\\\/image\\\/\",\"url\":\"https:\\\/\\\/easyliferobo.com\\\/de\\\/wp-content\\\/uploads\\\/2026\\\/02\\\/Screenshot-2026-02-22-at-2.25.03-PM.png\",\"contentUrl\":\"https:\\\/\\\/easyliferobo.com\\\/de\\\/wp-content\\\/uploads\\\/2026\\\/02\\\/Screenshot-2026-02-22-at-2.25.03-PM.png\",\"width\":1858,\"height\":430,\"caption\":\"EasyLifeBro\"},\"image\":{\"@id\":\"https:\\\/\\\/easyliferobo.com\\\/de\\\/#\\\/schema\\\/logo\\\/image\\\/\"}}]}<\/script>\n<!-- \/ Yoast SEO plugin. -->","yoast_head_json":{"title":"Karaoke-Maschinenanlage mit 2 Mikrofonen, integriertes Liedtext-Display und Bildschirm, 140 W Bluetooth mit HDMI-Anschluss, Selbstaufladend, Karafun App, Ideal f\u00fcr Home Party & TV-Anschluss - EasyLifeBro","description":"Entdecken Sie smarte Roboter f\u00fcr Zuhause, Garten, Bildung und Sicherheit. Vergleichen Sie Saugroboter, Rasenm\u00e4hroboter, KI-Begleitroboter und mehr bei EasyLifeRobo.","robots":{"index":"index","follow":"follow","max-snippet":"max-snippet:-1","max-image-preview":"max-image-preview:large","max-video-preview":"max-video-preview:-1"},"canonical":"https:\/\/easyliferobo.com\/de\/product\/karaoke-maschinenanlage-mit-2-mikrofonen-integriertes-liedtext-display-und-bildschirm-140-w-bluetooth-mit-hdmi-anschluss-selbstaufladend-karafun-app-ideal-fuer-home-party-tv-anschluss\/","og_locale":"de_DE","og_type":"article","og_title":"Karaoke-Maschinenanlage mit 2 Mikrofonen, integriertes Liedtext-Display und Bildschirm, 140 W Bluetooth mit HDMI-Anschluss, Selbstaufladend, Karafun App, Ideal f\u00fcr Home Party & TV-Anschluss - EasyLifeBro","og_description":"Entdecken Sie smarte Roboter f\u00fcr Zuhause, Garten, Bildung und Sicherheit. Vergleichen Sie Saugroboter, Rasenm\u00e4hroboter, KI-Begleitroboter und mehr bei EasyLifeRobo.","og_url":"https:\/\/easyliferobo.com\/de\/product\/karaoke-maschinenanlage-mit-2-mikrofonen-integriertes-liedtext-display-und-bildschirm-140-w-bluetooth-mit-hdmi-anschluss-selbstaufladend-karafun-app-ideal-fuer-home-party-tv-anschluss\/","og_site_name":"EasyLifeBro","article_modified_time":"2026-02-27T06:32:55+00:00","og_image":[{"url":"https:\/\/images-na.ssl-images-amazon.com\/images\/G\/01\/x-locale\/common\/grey-pixel.gif","type":"","width":"","height":""}],"twitter_card":"summary_large_image","schema":{"@context":"https:\/\/schema.org","@graph":[{"@type":"WebPage","@id":"https:\/\/easyliferobo.com\/de\/product\/karaoke-maschinenanlage-mit-2-mikrofonen-integriertes-liedtext-display-und-bildschirm-140-w-bluetooth-mit-hdmi-anschluss-selbstaufladend-karafun-app-ideal-fuer-home-party-tv-anschluss\/","url":"https:\/\/easyliferobo.com\/de\/product\/karaoke-maschinenanlage-mit-2-mikrofonen-integriertes-liedtext-display-und-bildschirm-140-w-bluetooth-mit-hdmi-anschluss-selbstaufladend-karafun-app-ideal-fuer-home-party-tv-anschluss\/","name":"Karaoke-Maschinenanlage mit 2 Mikrofonen, integriertes Liedtext-Display und Bildschirm, 140 W Bluetooth mit HDMI-Anschluss, Selbstaufladend, Karafun App, Ideal f\u00fcr Home Party & TV-Anschluss - EasyLifeBro","isPartOf":{"@id":"https:\/\/easyliferobo.com\/de\/#website"},"primaryImageOfPage":{"@id":"https:\/\/easyliferobo.com\/de\/product\/karaoke-maschinenanlage-mit-2-mikrofonen-integriertes-liedtext-display-und-bildschirm-140-w-bluetooth-mit-hdmi-anschluss-selbstaufladend-karafun-app-ideal-fuer-home-party-tv-anschluss\/#primaryimage"},"image":{"@id":"https:\/\/easyliferobo.com\/de\/product\/karaoke-maschinenanlage-mit-2-mikrofonen-integriertes-liedtext-display-und-bildschirm-140-w-bluetooth-mit-hdmi-anschluss-selbstaufladend-karafun-app-ideal-fuer-home-party-tv-anschluss\/#primaryimage"},"thumbnailUrl":"https:\/\/easyliferobo.com\/de\/wp-content\/uploads\/2026\/02\/91chJHm3u1L._AC_SL1500_.jpg","datePublished":"2026-02-27T06:32:39+00:00","dateModified":"2026-02-27T06:32:55+00:00","description":"Entdecken Sie smarte Roboter f\u00fcr Zuhause, Garten, Bildung und Sicherheit. Vergleichen Sie Saugroboter, Rasenm\u00e4hroboter, KI-Begleitroboter und mehr bei EasyLifeRobo.","breadcrumb":{"@id":"https:\/\/easyliferobo.com\/de\/product\/karaoke-maschinenanlage-mit-2-mikrofonen-integriertes-liedtext-display-und-bildschirm-140-w-bluetooth-mit-hdmi-anschluss-selbstaufladend-karafun-app-ideal-fuer-home-party-tv-anschluss\/#breadcrumb"},"inLanguage":"de","potentialAction":[{"@type":"ReadAction","target":["https:\/\/easyliferobo.com\/de\/product\/karaoke-maschinenanlage-mit-2-mikrofonen-integriertes-liedtext-display-und-bildschirm-140-w-bluetooth-mit-hdmi-anschluss-selbstaufladend-karafun-app-ideal-fuer-home-party-tv-anschluss\/"]}]},{"@type":"ImageObject","inLanguage":"de","@id":"https:\/\/easyliferobo.com\/de\/product\/karaoke-maschinenanlage-mit-2-mikrofonen-integriertes-liedtext-display-und-bildschirm-140-w-bluetooth-mit-hdmi-anschluss-selbstaufladend-karafun-app-ideal-fuer-home-party-tv-anschluss\/#primaryimage","url":"https:\/\/easyliferobo.com\/de\/wp-content\/uploads\/2026\/02\/91chJHm3u1L._AC_SL1500_.jpg","contentUrl":"https:\/\/easyliferobo.com\/de\/wp-content\/uploads\/2026\/02\/91chJHm3u1L._AC_SL1500_.jpg","width":1329,"height":1500},{"@type":"BreadcrumbList","@id":"https:\/\/easyliferobo.com\/de\/product\/karaoke-maschinenanlage-mit-2-mikrofonen-integriertes-liedtext-display-und-bildschirm-140-w-bluetooth-mit-hdmi-anschluss-selbstaufladend-karafun-app-ideal-fuer-home-party-tv-anschluss\/#breadcrumb","itemListElement":[{"@type":"ListItem","position":1,"name":"Home","item":"https:\/\/easyliferobo.com\/de\/"},{"@type":"ListItem","position":2,"name":"Shop","item":"https:\/\/easyliferobo.com\/de\/shop\/"},{"@type":"ListItem","position":3,"name":"Karaoke-Maschinenanlage mit 2 Mikro..."}]},{"@type":"WebSite","@id":"https:\/\/easyliferobo.com\/de\/#website","url":"https:\/\/easyliferobo.com\/de\/","name":"EasyLifeBro","description":"Smarte Roboter f\u00fcr Zuhause, Garten &amp; Bildung","publisher":{"@id":"https:\/\/easyliferobo.com\/de\/#organization"},"potentialAction":[{"@type":"SearchAction","target":{"@type":"EntryPoint","urlTemplate":"https:\/\/easyliferobo.com\/de\/?s={search_term_string}"},"query-input":{"@type":"PropertyValueSpecification","valueRequired":true,"valueName":"search_term_string"}}],"inLanguage":"de"},{"@type":"Organization","@id":"https:\/\/easyliferobo.com\/de\/#organization","name":"EasyLifeBro","url":"https:\/\/easyliferobo.com\/de\/","logo":{"@type":"ImageObject","inLanguage":"de","@id":"https:\/\/easyliferobo.com\/de\/#\/schema\/logo\/image\/","url":"https:\/\/easyliferobo.com\/de\/wp-content\/uploads\/2026\/02\/Screenshot-2026-02-22-at-2.25.03-PM.png","contentUrl":"https:\/\/easyliferobo.com\/de\/wp-content\/uploads\/2026\/02\/Screenshot-2026-02-22-at-2.25.03-PM.png","width":1858,"height":430,"caption":"EasyLifeBro"},"image":{"@id":"https:\/\/easyliferobo.com\/de\/#\/schema\/logo\/image\/"}}]}},"_links":{"self":[{"href":"https:\/\/easyliferobo.com\/de\/wp-json\/wp\/v2\/product\/3271","targetHints":{"allow":["GET"]}}],"collection":[{"href":"https:\/\/easyliferobo.com\/de\/wp-json\/wp\/v2\/product"}],"about":[{"href":"https:\/\/easyliferobo.com\/de\/wp-json\/wp\/v2\/types\/product"}],"replies":[{"embeddable":true,"href":"https:\/\/easyliferobo.com\/de\/wp-json\/wp\/v2\/comments?post=3271"}],"wp:featuredmedia":[{"embeddable":true,"href":"https:\/\/easyliferobo.com\/de\/wp-json\/wp\/v2\/media\/3272"}],"wp:attachment":[{"href":"https:\/\/easyliferobo.com\/de\/wp-json\/wp\/v2\/media?parent=3271"}],"wp:term":[{"taxonomy":"store","embeddable":true,"href":"https:\/\/easyliferobo.com\/de\/wp-json\/wp\/v2\/store?post=3271"},{"taxonomy":"product_brand","embeddable":true,"href":"https:\/\/easyliferobo.com\/de\/wp-json\/wp\/v2\/product_brand?post=3271"},{"taxonomy":"product_cat","embeddable":true,"href":"https:\/\/easyliferobo.com\/de\/wp-json\/wp\/v2\/product_cat?post=3271"},{"taxonomy":"product_tag","embeddable":true,"href":"https:\/\/easyliferobo.com\/de\/wp-json\/wp\/v2\/product_tag?post=3271"}],"curies":[{"name":"wp","href":"https:\/\/api.w.org\/{rel}","templated":true}]}}