
{"id":3260,"date":"2026-02-27T06:31:23","date_gmt":"2026-02-27T06:31:23","guid":{"rendered":"https:\/\/easyliferobo.com\/de\/product\/clementoni-galileo-roboter-59158\/"},"modified":"2026-02-27T06:31:40","modified_gmt":"2026-02-27T06:31:40","slug":"clementoni-galileo-roboter-59158","status":"publish","type":"product","link":"https:\/\/easyliferobo.com\/de\/product\/clementoni-galileo-roboter-59158\/","title":{"rendered":"Clementoni Galileo Roboter 59158"},"content":{"rendered":"<p>\n                                             Von der Marke   <\/p>\n<p>                                              <img decoding=\"async\" alt=\"Clementoni\" src=\"https:\/\/images-na.ssl-images-amazon.com\/images\/G\/01\/x-locale\/common\/grey-pixel.gif\" class=\"a-lazy-loaded\" data-src=\"https:\/\/m.media-amazon.com\/images\/S\/aplus-media-library-service-media\/48dff401-0b69-4589-b7ee-c8ee19ce7200.__CR0,0,2928,1250_PT0_SX1464_V1___.png\"><img decoding=\"async\" alt=\"Clementoni\" src=\"https:\/\/m.media-amazon.com\/images\/S\/aplus-media-library-service-media\/48dff401-0b69-4589-b7ee-c8ee19ce7200.__CR0,0,2928,1250_PT0_SX1464_V1___.png\">  <\/p>\n<p>                                              <img decoding=\"async\" alt=\"1 Bild\" src=\"https:\/\/images-na.ssl-images-amazon.com\/images\/G\/01\/x-locale\/common\/grey-pixel.gif\" class=\"a-lazy-loaded\" data-src=\"https:\/\/m.media-amazon.com\/images\/S\/aplus-media-library-service-media\/d37898d8-79b5-46c4-a055-67af03f7f68f.__CR0,0,724,906_PT0_SX362_V1___.png\"><img decoding=\"async\" alt=\"1 Bild\" src=\"https:\/\/m.media-amazon.com\/images\/S\/aplus-media-library-service-media\/d37898d8-79b5-46c4-a055-67af03f7f68f.__CR0,0,724,906_PT0_SX362_V1___.png\">  <\/p>\n<p>                                              <img decoding=\"async\" alt=\"Bild 2\" src=\"https:\/\/images-na.ssl-images-amazon.com\/images\/G\/01\/x-locale\/common\/grey-pixel.gif\" class=\"a-lazy-loaded\" data-src=\"https:\/\/m.media-amazon.com\/images\/S\/aplus-media-library-service-media\/cb8b75cc-68de-4a17-ba0c-8230fc9156cd.__CR0,0,724,906_PT0_SX362_V1___.png\"><img decoding=\"async\" alt=\"Bild 2\" src=\"https:\/\/m.media-amazon.com\/images\/S\/aplus-media-library-service-media\/cb8b75cc-68de-4a17-ba0c-8230fc9156cd.__CR0,0,724,906_PT0_SX362_V1___.png\">  <\/p>\n<h3>  Jetzt entdecken <\/h3>\n<p class=\"apm-brand-story-stores-link\">\n<p>                                              <img decoding=\"async\" alt=\"4 Bild\" src=\"https:\/\/images-na.ssl-images-amazon.com\/images\/G\/01\/x-locale\/common\/grey-pixel.gif\" class=\"a-lazy-loaded\" data-src=\"https:\/\/m.media-amazon.com\/images\/S\/aplus-media-library-service-media\/ea82f907-ed0b-4297-ad29-679cc3da0351.__CR0,0,724,906_PT0_SX362_V1___.png\"><img decoding=\"async\" alt=\"4 Bild\" src=\"https:\/\/m.media-amazon.com\/images\/S\/aplus-media-library-service-media\/ea82f907-ed0b-4297-ad29-679cc3da0351.__CR0,0,724,906_PT0_SX362_V1___.png\">  <\/p>\n<h3>  Jetzt entdecken <\/h3>\n<p class=\"apm-brand-story-stores-link\">\n<p>                                              <img decoding=\"async\" alt=\"Bild 6\" src=\"https:\/\/images-na.ssl-images-amazon.com\/images\/G\/01\/x-locale\/common\/grey-pixel.gif\" class=\"a-lazy-loaded\" data-src=\"https:\/\/m.media-amazon.com\/images\/S\/aplus-media-library-service-media\/1400d037-8860-4323-b8c9-0e89dfb307bf.__CR0,0,724,906_PT0_SX362_V1___.png\"><img decoding=\"async\" alt=\"Bild 6\" src=\"https:\/\/m.media-amazon.com\/images\/S\/aplus-media-library-service-media\/1400d037-8860-4323-b8c9-0e89dfb307bf.__CR0,0,724,906_PT0_SX362_V1___.png\">  <\/p>\n<h3>  Jetzt entdecken <\/h3>\n<p class=\"apm-brand-story-stores-link\">\n<p>                                              <img decoding=\"async\" alt=\"Kreative Spiele\" src=\"https:\/\/images-na.ssl-images-amazon.com\/images\/G\/01\/x-locale\/common\/grey-pixel.gif\" class=\"a-lazy-loaded\" data-src=\"https:\/\/m.media-amazon.com\/images\/S\/aplus-media-library-service-media\/8c6612ea-8003-4b24-87eb-f6cba1ba7e3f.__CR0,0,724,906_PT0_SX362_V1___.png\"><img decoding=\"async\" alt=\"Kreative Spiele\" src=\"https:\/\/m.media-amazon.com\/images\/S\/aplus-media-library-service-media\/8c6612ea-8003-4b24-87eb-f6cba1ba7e3f.__CR0,0,724,906_PT0_SX362_V1___.png\">  <\/p>\n<h3>  Jetzt entdecken <\/h3>\n<p class=\"apm-brand-story-stores-link\">\n<p>                                              <img decoding=\"async\" alt=\"Clemmy\" src=\"https:\/\/images-na.ssl-images-amazon.com\/images\/G\/01\/x-locale\/common\/grey-pixel.gif\" class=\"a-lazy-loaded\" data-src=\"https:\/\/m.media-amazon.com\/images\/S\/aplus-media-library-service-media\/f52e3d11-d740-426c-afe5-9624066ca477.__CR0,0,724,906_PT0_SX362_V1___.png\"><img decoding=\"async\" alt=\"Clemmy\" src=\"https:\/\/m.media-amazon.com\/images\/S\/aplus-media-library-service-media\/f52e3d11-d740-426c-afe5-9624066ca477.__CR0,0,724,906_PT0_SX362_V1___.png\">  <\/p>\n<h3>  Jetzt entdecken <\/h3>\n<p class=\"apm-brand-story-stores-link\">\n<p>Programmieren lernen: Der Elektronikbausatz l\u00e4sst Ihr Kind seinen eigenen Roboter bauen \u2013 er schult technisches Verst\u00e4ndnis, Hand-Auge-Koordination und erm\u00f6glicht schlie\u00dflich viele Besch\u00e4ftigungsm\u00f6glichkeiten<br \/>Spannende Spielmodi: Das Robo-Kit ist der Einstieg in die Wissenschaft und bietet viele Spielm\u00f6glichkeiten, wie z. B. das Ausweichen vor Hindernissen durch Infrarotsensoren und die Suche nach M\u00fcnzen mit dem Magnethalter<br \/>Lieferumfang: 1 x Galileo Robotics My Robot MC 50, spannende Technik f\u00fcr Kinder ab 8 Jahren. Clementoni<br \/>APP SOLUTE AMAZING Das Maschinenset verf\u00fcgt \u00fcber eine kostenlose App, die Ihrem kleinen Forscher die Grundlagen des Codierens und Programmierens beibringt und gleichzeitig als Fernbedienung f\u00fcr den Android verwendet werden kann<br \/>Wissen macht Spa\u00df: Mit der ausf\u00fchrlichen Anleitung f\u00e4llt es Ihrem Kind leicht, das Lernspielzeug zusammenzubauen und mithilfe der Kn\u00f6pfe Routen festzulegen<\/p>\n<p>[ad_2]<\/p>\n","protected":false},"excerpt":{"rendered":"<p>Von der Marke Jetzt entdecken Jetzt entdecken Jetzt entdecken Jetzt entdecken Jetzt entdecken Programmieren lernen: Der Elektronikbausatz l\u00e4sst Ihr Kind seinen eigenen Roboter bauen \u2013 er schult technisches Verst\u00e4ndnis, Hand-Auge-Koordination und erm\u00f6glicht schlie\u00dflich viele Besch\u00e4ftigungsm\u00f6glichkeitenSpannende Spielmodi: Das Robo-Kit ist der Einstieg in die Wissenschaft und bietet viele Spielm\u00f6glichkeiten, wie z. B. das Ausweichen vor Hindernissen [&hellip;]<\/p>\n","protected":false},"featured_media":3261,"comment_status":"open","ping_status":"closed","template":"","meta":{"_aipt_faq_data":""},"store":[],"product_brand":[427],"product_cat":[91],"product_tag":[280],"class_list":{"0":"post-3260","1":"product","2":"type-product","3":"status-publish","4":"has-post-thumbnail","6":"product_brand-clementoni","7":"product_cat-programmierbares-spielzeug","8":"product_tag-programmierbares-spielzeug-mit-android-app","10":"first","11":"instock","12":"sale","13":"shipping-taxable","14":"product-type-external"},"yoast_head":"<!-- This site is optimized with the Yoast SEO plugin v27.0 - https:\/\/yoast.com\/product\/yoast-seo-wordpress\/ -->\n<title>Clementoni Galileo Roboter 59158 - EasyLifeBro<\/title>\n<meta name=\"description\" content=\"Entdecken Sie smarte Roboter f\u00fcr Zuhause, Garten, Bildung und Sicherheit. Vergleichen Sie Saugroboter, Rasenm\u00e4hroboter, KI-Begleitroboter und mehr bei EasyLifeRobo.\" \/>\n<meta name=\"robots\" content=\"index, follow, max-snippet:-1, max-image-preview:large, max-video-preview:-1\" \/>\n<link rel=\"canonical\" href=\"https:\/\/easyliferobo.com\/de\/product\/clementoni-galileo-roboter-59158\/\" \/>\n<meta property=\"og:locale\" content=\"de_DE\" \/>\n<meta property=\"og:type\" content=\"article\" \/>\n<meta property=\"og:title\" content=\"Clementoni Galileo Roboter 59158 - EasyLifeBro\" \/>\n<meta property=\"og:description\" content=\"Entdecken Sie smarte Roboter f\u00fcr Zuhause, Garten, Bildung und Sicherheit. Vergleichen Sie Saugroboter, Rasenm\u00e4hroboter, KI-Begleitroboter und mehr bei EasyLifeRobo.\" \/>\n<meta property=\"og:url\" content=\"https:\/\/easyliferobo.com\/de\/product\/clementoni-galileo-roboter-59158\/\" \/>\n<meta property=\"og:site_name\" content=\"EasyLifeBro\" \/>\n<meta property=\"article:modified_time\" content=\"2026-02-27T06:31:40+00:00\" \/>\n<meta property=\"og:image\" content=\"https:\/\/images-na.ssl-images-amazon.com\/images\/G\/01\/x-locale\/common\/grey-pixel.gif\" \/>\n<meta name=\"twitter:card\" content=\"summary_large_image\" \/>\n<meta name=\"twitter:label1\" content=\"Gesch\u00e4tzte Lesezeit\" \/>\n\t<meta name=\"twitter:data1\" content=\"1\u00a0Minute\" \/>\n<script type=\"application\/ld+json\" class=\"yoast-schema-graph\">{\"@context\":\"https:\/\/schema.org\",\"@graph\":[{\"@type\":\"WebPage\",\"@id\":\"https:\/\/easyliferobo.com\/de\/product\/clementoni-galileo-roboter-59158\/\",\"url\":\"https:\/\/easyliferobo.com\/de\/product\/clementoni-galileo-roboter-59158\/\",\"name\":\"Clementoni Galileo Roboter 59158 - EasyLifeBro\",\"isPartOf\":{\"@id\":\"https:\/\/easyliferobo.com\/de\/#website\"},\"primaryImageOfPage\":{\"@id\":\"https:\/\/easyliferobo.com\/de\/product\/clementoni-galileo-roboter-59158\/#primaryimage\"},\"image\":{\"@id\":\"https:\/\/easyliferobo.com\/de\/product\/clementoni-galileo-roboter-59158\/#primaryimage\"},\"thumbnailUrl\":\"https:\/\/easyliferobo.com\/de\/wp-content\/uploads\/2026\/02\/81tPIA63TrL._AC_SL1500_.jpg\",\"datePublished\":\"2026-02-27T06:31:23+00:00\",\"dateModified\":\"2026-02-27T06:31:40+00:00\",\"description\":\"Entdecken Sie smarte Roboter f\u00fcr Zuhause, Garten, Bildung und Sicherheit. Vergleichen Sie Saugroboter, Rasenm\u00e4hroboter, KI-Begleitroboter und mehr bei EasyLifeRobo.\",\"breadcrumb\":{\"@id\":\"https:\/\/easyliferobo.com\/de\/product\/clementoni-galileo-roboter-59158\/#breadcrumb\"},\"inLanguage\":\"de\",\"potentialAction\":[{\"@type\":\"ReadAction\",\"target\":[\"https:\/\/easyliferobo.com\/de\/product\/clementoni-galileo-roboter-59158\/\"]}]},{\"@type\":\"ImageObject\",\"inLanguage\":\"de\",\"@id\":\"https:\/\/easyliferobo.com\/de\/product\/clementoni-galileo-roboter-59158\/#primaryimage\",\"url\":\"https:\/\/easyliferobo.com\/de\/wp-content\/uploads\/2026\/02\/81tPIA63TrL._AC_SL1500_.jpg\",\"contentUrl\":\"https:\/\/easyliferobo.com\/de\/wp-content\/uploads\/2026\/02\/81tPIA63TrL._AC_SL1500_.jpg\",\"width\":1500,\"height\":1486},{\"@type\":\"BreadcrumbList\",\"@id\":\"https:\/\/easyliferobo.com\/de\/product\/clementoni-galileo-roboter-59158\/#breadcrumb\",\"itemListElement\":[{\"@type\":\"ListItem\",\"position\":1,\"name\":\"Home\",\"item\":\"https:\/\/easyliferobo.com\/de\/\"},{\"@type\":\"ListItem\",\"position\":2,\"name\":\"Shop\",\"item\":\"https:\/\/easyliferobo.com\/de\/shop\/\"},{\"@type\":\"ListItem\",\"position\":3,\"name\":\"Clementoni Galileo Roboter 59158\"}]},{\"@type\":\"WebSite\",\"@id\":\"https:\/\/easyliferobo.com\/de\/#website\",\"url\":\"https:\/\/easyliferobo.com\/de\/\",\"name\":\"EasyLifeBro\",\"description\":\"Smarte Roboter f\u00fcr Zuhause, Garten &amp; Bildung\",\"publisher\":{\"@id\":\"https:\/\/easyliferobo.com\/de\/#organization\"},\"potentialAction\":[{\"@type\":\"SearchAction\",\"target\":{\"@type\":\"EntryPoint\",\"urlTemplate\":\"https:\/\/easyliferobo.com\/de\/?s={search_term_string}\"},\"query-input\":{\"@type\":\"PropertyValueSpecification\",\"valueRequired\":true,\"valueName\":\"search_term_string\"}}],\"inLanguage\":\"de\"},{\"@type\":\"Organization\",\"@id\":\"https:\/\/easyliferobo.com\/de\/#organization\",\"name\":\"EasyLifeBro\",\"url\":\"https:\/\/easyliferobo.com\/de\/\",\"logo\":{\"@type\":\"ImageObject\",\"inLanguage\":\"de\",\"@id\":\"https:\/\/easyliferobo.com\/de\/#\/schema\/logo\/image\/\",\"url\":\"https:\/\/easyliferobo.com\/de\/wp-content\/uploads\/2026\/02\/Screenshot-2026-02-22-at-2.25.03-PM.png\",\"contentUrl\":\"https:\/\/easyliferobo.com\/de\/wp-content\/uploads\/2026\/02\/Screenshot-2026-02-22-at-2.25.03-PM.png\",\"width\":1858,\"height\":430,\"caption\":\"EasyLifeBro\"},\"image\":{\"@id\":\"https:\/\/easyliferobo.com\/de\/#\/schema\/logo\/image\/\"}}]}<\/script>\n<!-- \/ Yoast SEO plugin. -->","yoast_head_json":{"title":"Clementoni Galileo Roboter 59158 - EasyLifeBro","description":"Entdecken Sie smarte Roboter f\u00fcr Zuhause, Garten, Bildung und Sicherheit. Vergleichen Sie Saugroboter, Rasenm\u00e4hroboter, KI-Begleitroboter und mehr bei EasyLifeRobo.","robots":{"index":"index","follow":"follow","max-snippet":"max-snippet:-1","max-image-preview":"max-image-preview:large","max-video-preview":"max-video-preview:-1"},"canonical":"https:\/\/easyliferobo.com\/de\/product\/clementoni-galileo-roboter-59158\/","og_locale":"de_DE","og_type":"article","og_title":"Clementoni Galileo Roboter 59158 - EasyLifeBro","og_description":"Entdecken Sie smarte Roboter f\u00fcr Zuhause, Garten, Bildung und Sicherheit. Vergleichen Sie Saugroboter, Rasenm\u00e4hroboter, KI-Begleitroboter und mehr bei EasyLifeRobo.","og_url":"https:\/\/easyliferobo.com\/de\/product\/clementoni-galileo-roboter-59158\/","og_site_name":"EasyLifeBro","article_modified_time":"2026-02-27T06:31:40+00:00","og_image":[{"url":"https:\/\/images-na.ssl-images-amazon.com\/images\/G\/01\/x-locale\/common\/grey-pixel.gif","type":"","width":"","height":""}],"twitter_card":"summary_large_image","twitter_misc":{"Gesch\u00e4tzte Lesezeit":"1\u00a0Minute"},"schema":{"@context":"https:\/\/schema.org","@graph":[{"@type":"WebPage","@id":"https:\/\/easyliferobo.com\/de\/product\/clementoni-galileo-roboter-59158\/","url":"https:\/\/easyliferobo.com\/de\/product\/clementoni-galileo-roboter-59158\/","name":"Clementoni Galileo Roboter 59158 - EasyLifeBro","isPartOf":{"@id":"https:\/\/easyliferobo.com\/de\/#website"},"primaryImageOfPage":{"@id":"https:\/\/easyliferobo.com\/de\/product\/clementoni-galileo-roboter-59158\/#primaryimage"},"image":{"@id":"https:\/\/easyliferobo.com\/de\/product\/clementoni-galileo-roboter-59158\/#primaryimage"},"thumbnailUrl":"https:\/\/easyliferobo.com\/de\/wp-content\/uploads\/2026\/02\/81tPIA63TrL._AC_SL1500_.jpg","datePublished":"2026-02-27T06:31:23+00:00","dateModified":"2026-02-27T06:31:40+00:00","description":"Entdecken Sie smarte Roboter f\u00fcr Zuhause, Garten, Bildung und Sicherheit. Vergleichen Sie Saugroboter, Rasenm\u00e4hroboter, KI-Begleitroboter und mehr bei EasyLifeRobo.","breadcrumb":{"@id":"https:\/\/easyliferobo.com\/de\/product\/clementoni-galileo-roboter-59158\/#breadcrumb"},"inLanguage":"de","potentialAction":[{"@type":"ReadAction","target":["https:\/\/easyliferobo.com\/de\/product\/clementoni-galileo-roboter-59158\/"]}]},{"@type":"ImageObject","inLanguage":"de","@id":"https:\/\/easyliferobo.com\/de\/product\/clementoni-galileo-roboter-59158\/#primaryimage","url":"https:\/\/easyliferobo.com\/de\/wp-content\/uploads\/2026\/02\/81tPIA63TrL._AC_SL1500_.jpg","contentUrl":"https:\/\/easyliferobo.com\/de\/wp-content\/uploads\/2026\/02\/81tPIA63TrL._AC_SL1500_.jpg","width":1500,"height":1486},{"@type":"BreadcrumbList","@id":"https:\/\/easyliferobo.com\/de\/product\/clementoni-galileo-roboter-59158\/#breadcrumb","itemListElement":[{"@type":"ListItem","position":1,"name":"Home","item":"https:\/\/easyliferobo.com\/de\/"},{"@type":"ListItem","position":2,"name":"Shop","item":"https:\/\/easyliferobo.com\/de\/shop\/"},{"@type":"ListItem","position":3,"name":"Clementoni Galileo Roboter 59158"}]},{"@type":"WebSite","@id":"https:\/\/easyliferobo.com\/de\/#website","url":"https:\/\/easyliferobo.com\/de\/","name":"EasyLifeBro","description":"Smarte Roboter f\u00fcr Zuhause, Garten &amp; Bildung","publisher":{"@id":"https:\/\/easyliferobo.com\/de\/#organization"},"potentialAction":[{"@type":"SearchAction","target":{"@type":"EntryPoint","urlTemplate":"https:\/\/easyliferobo.com\/de\/?s={search_term_string}"},"query-input":{"@type":"PropertyValueSpecification","valueRequired":true,"valueName":"search_term_string"}}],"inLanguage":"de"},{"@type":"Organization","@id":"https:\/\/easyliferobo.com\/de\/#organization","name":"EasyLifeBro","url":"https:\/\/easyliferobo.com\/de\/","logo":{"@type":"ImageObject","inLanguage":"de","@id":"https:\/\/easyliferobo.com\/de\/#\/schema\/logo\/image\/","url":"https:\/\/easyliferobo.com\/de\/wp-content\/uploads\/2026\/02\/Screenshot-2026-02-22-at-2.25.03-PM.png","contentUrl":"https:\/\/easyliferobo.com\/de\/wp-content\/uploads\/2026\/02\/Screenshot-2026-02-22-at-2.25.03-PM.png","width":1858,"height":430,"caption":"EasyLifeBro"},"image":{"@id":"https:\/\/easyliferobo.com\/de\/#\/schema\/logo\/image\/"}}]}},"_links":{"self":[{"href":"https:\/\/easyliferobo.com\/de\/wp-json\/wp\/v2\/product\/3260","targetHints":{"allow":["GET"]}}],"collection":[{"href":"https:\/\/easyliferobo.com\/de\/wp-json\/wp\/v2\/product"}],"about":[{"href":"https:\/\/easyliferobo.com\/de\/wp-json\/wp\/v2\/types\/product"}],"replies":[{"embeddable":true,"href":"https:\/\/easyliferobo.com\/de\/wp-json\/wp\/v2\/comments?post=3260"}],"wp:featuredmedia":[{"embeddable":true,"href":"https:\/\/easyliferobo.com\/de\/wp-json\/wp\/v2\/media\/3261"}],"wp:attachment":[{"href":"https:\/\/easyliferobo.com\/de\/wp-json\/wp\/v2\/media?parent=3260"}],"wp:term":[{"taxonomy":"store","embeddable":true,"href":"https:\/\/easyliferobo.com\/de\/wp-json\/wp\/v2\/store?post=3260"},{"taxonomy":"product_brand","embeddable":true,"href":"https:\/\/easyliferobo.com\/de\/wp-json\/wp\/v2\/product_brand?post=3260"},{"taxonomy":"product_cat","embeddable":true,"href":"https:\/\/easyliferobo.com\/de\/wp-json\/wp\/v2\/product_cat?post=3260"},{"taxonomy":"product_tag","embeddable":true,"href":"https:\/\/easyliferobo.com\/de\/wp-json\/wp\/v2\/product_tag?post=3260"}],"curies":[{"name":"wp","href":"https:\/\/api.w.org\/{rel}","templated":true}]}}