
{"id":3258,"date":"2026-02-27T06:30:23","date_gmt":"2026-02-27T06:30:23","guid":{"rendered":"https:\/\/easyliferobo.com\/de\/product\/kompetenztrainer-fuer-die-pflegeausbildung-ii-arbeitsaufgaben-fuer-das-zweite-und-dritte-ausbildungsdrittel\/"},"modified":"2026-02-27T06:30:25","modified_gmt":"2026-02-27T06:30:25","slug":"kompetenztrainer-fuer-die-pflegeausbildung-ii-arbeitsaufgaben-fuer-das-zweite-und-dritte-ausbildungsdrittel","status":"publish","type":"product","link":"https:\/\/easyliferobo.com\/de\/product\/kompetenztrainer-fuer-die-pflegeausbildung-ii-arbeitsaufgaben-fuer-das-zweite-und-dritte-ausbildungsdrittel\/","title":{"rendered":"Kompetenztrainer f\u00fcr die Pflegeaus..."},"content":{"rendered":"<p>  Als angehender Pflegefachmann oder k\u00fcnftiger Pflegefachmann wollen Sie sich optimal auf Ihre Aufgaben im Pflegealltag vorbereiten? Oder als Praxisanleiter:in k\u00fcnftige Pflegefachkr\u00e4fte bestens ausbilden? Dann nutzen Sie die Trainingsb\u00fccher f\u00fcr die Pflegeausbildung. Die Aufgabensammlungen vermitteln elementares Basiswissen und dienen dem Theorie-Praxistransfer. Sie decken die f\u00fcnf Kompetenzbereiche aus dem Rahmenausbildungsplan nach PflArV ab: Den Orientierungseinsatz, den Einsatz in der P\u00e4diatrie und alle Pflichteins\u00e4tze des ersten Ausbildungsdrittels (Band 1), alle Pflichteins\u00e4tze des zweiten und dritten Ausbildungsdrittels und des Vertiefungseinsatzes sowie den Einsatz in der Psychiatrie (Band 2).    <br \/>Herausgeber \u200f : \u200e Vincentz Network       <br \/> Erscheinungsdatum \u200f : \u200e 22. April 2022       <br \/> Auflage \u200f : \u200e 1       <br \/> Sprache \u200f : \u200e Deutsch   <br \/> Druckl\u00e4nge \u200f : \u200e 192 Seiten       <br \/> ISBN-10 \u200f : \u200e 3748605412       <br \/> ISBN-13 \u200f : \u200e 978-3748605416       <br \/> Abmessungen \u200f : \u200e 21,3 x 1,7 x 29,9 cm       <br \/>       Bestseller-Rang: 102.025 in B\u00fcchern (siehe Top 100 in B\u00fcchern), 240 in Public Health (B\u00fccher), 494 in Family &#038; Lifestyle Nursing      <br \/>  Kundenrezensionen: 4,6 4,6 von 5 Sternen (40) var dpAcrHasRegisteredArcLinkClickAction; P.when(&#8218;A&#8216;, &#8218;ready&#8216;).execute(function(A) { if (dpAcrHasRegisteredArcLinkClickAction !== true) { dpAcrHasRegisteredArcLinkClickAction = true; A.declarative( &#8218;acrLink-click-metrics&#8216;, &#8218;click&#8216;, { &#8222;allowLinkDefault&#8220;: true }, function (event) { if (window.ue) { ue.count(&#8222;acrLinkClickCount&#8220;, (ue.count(&#8222;acrLinkClickCount&#8220;) || 0) + 1 } } }); P.when(&#8218;A&#8216;, &#8218;cf&#8216;).execute(function(A) { A.declarative(&#8218;acrStarsLink-click-metrics&#8216;, &#8218;click&#8216;, { &#8222;allowLinkDefault&#8220; : true }, function(event){ if(window.ue) { ue.count(&#8222;acrStarsLinkWithPopoverClickCount&#8220;, (ue.count(&#8222;acrStarsLinkWithPopoverClickCount&#8220;) || 0) + 1); } }); });                          <br \/>[ad_2]<\/p>\n","protected":false},"excerpt":{"rendered":"<p>Als angehender Pflegefachmann oder k\u00fcnftiger Pflegefachmann wollen Sie sich optimal auf Ihre Aufgaben im Pflegealltag vorbereiten? Oder als Praxisanleiter:in k\u00fcnftige Pflegefachkr\u00e4fte bestens ausbilden? Dann nutzen Sie die Trainingsb\u00fccher f\u00fcr die Pflegeausbildung. Die Aufgabensammlungen vermitteln elementares Basiswissen und dienen dem Theorie-Praxistransfer. Sie decken die f\u00fcnf Kompetenzbereiche aus dem Rahmenausbildungsplan nach PflArV ab: Den Orientierungseinsatz, den Einsatz [&hellip;]<\/p>\n","protected":false},"featured_media":3259,"comment_status":"open","ping_status":"closed","template":"","meta":{"_aipt_faq_data":""},"store":[],"product_brand":[],"product_cat":[93],"product_tag":[279],"class_list":{"0":"post-3258","1":"product","2":"type-product","3":"status-publish","4":"has-post-thumbnail","6":"product_cat-soziale-begleitroboter","7":"product_tag-pflegeunterstuetzende-soziale-begleitroboter","9":"first","10":"instock","11":"shipping-taxable","12":"product-type-external"},"yoast_head":"<!-- This site is optimized with the Yoast SEO plugin v27.4 - https:\/\/yoast.com\/product\/yoast-seo-wordpress\/ -->\n<title>Kompetenztrainer f\u00fcr die Pflegeausbildung II: Arbeitsaufgaben f\u00fcr das zweite und dritte Ausbildungsdrittel - EasyLifeBro<\/title>\n<meta name=\"description\" content=\"Entdecken Sie smarte Roboter f\u00fcr Zuhause, Garten, Bildung und Sicherheit. Vergleichen Sie Saugroboter, Rasenm\u00e4hroboter, KI-Begleitroboter und mehr bei EasyLifeRobo.\" \/>\n<meta name=\"robots\" content=\"index, follow, max-snippet:-1, max-image-preview:large, max-video-preview:-1\" \/>\n<link rel=\"canonical\" href=\"https:\/\/easyliferobo.com\/de\/product\/kompetenztrainer-fuer-die-pflegeausbildung-ii-arbeitsaufgaben-fuer-das-zweite-und-dritte-ausbildungsdrittel\/\" \/>\n<meta property=\"og:locale\" content=\"de_DE\" \/>\n<meta property=\"og:type\" content=\"article\" \/>\n<meta property=\"og:title\" content=\"Kompetenztrainer f\u00fcr die Pflegeausbildung II: Arbeitsaufgaben f\u00fcr das zweite und dritte Ausbildungsdrittel - EasyLifeBro\" \/>\n<meta property=\"og:description\" content=\"Entdecken Sie smarte Roboter f\u00fcr Zuhause, Garten, Bildung und Sicherheit. Vergleichen Sie Saugroboter, Rasenm\u00e4hroboter, KI-Begleitroboter und mehr bei EasyLifeRobo.\" \/>\n<meta property=\"og:url\" content=\"https:\/\/easyliferobo.com\/de\/product\/kompetenztrainer-fuer-die-pflegeausbildung-ii-arbeitsaufgaben-fuer-das-zweite-und-dritte-ausbildungsdrittel\/\" \/>\n<meta property=\"og:site_name\" content=\"EasyLifeBro\" \/>\n<meta property=\"article:modified_time\" content=\"2026-02-27T06:30:25+00:00\" \/>\n<meta name=\"twitter:card\" content=\"summary_large_image\" \/>\n<meta name=\"twitter:label1\" content=\"Gesch\u00e4tzte Lesezeit\" \/>\n\t<meta name=\"twitter:data1\" content=\"1\u00a0Minute\" \/>\n<script type=\"application\/ld+json\" class=\"yoast-schema-graph\">{\"@context\":\"https:\\\/\\\/schema.org\",\"@graph\":[{\"@type\":\"WebPage\",\"@id\":\"https:\\\/\\\/easyliferobo.com\\\/de\\\/product\\\/kompetenztrainer-fuer-die-pflegeausbildung-ii-arbeitsaufgaben-fuer-das-zweite-und-dritte-ausbildungsdrittel\\\/\",\"url\":\"https:\\\/\\\/easyliferobo.com\\\/de\\\/product\\\/kompetenztrainer-fuer-die-pflegeausbildung-ii-arbeitsaufgaben-fuer-das-zweite-und-dritte-ausbildungsdrittel\\\/\",\"name\":\"Kompetenztrainer f\u00fcr die Pflegeausbildung II: Arbeitsaufgaben f\u00fcr das zweite und dritte Ausbildungsdrittel - EasyLifeBro\",\"isPartOf\":{\"@id\":\"https:\\\/\\\/easyliferobo.com\\\/de\\\/#website\"},\"primaryImageOfPage\":{\"@id\":\"https:\\\/\\\/easyliferobo.com\\\/de\\\/product\\\/kompetenztrainer-fuer-die-pflegeausbildung-ii-arbeitsaufgaben-fuer-das-zweite-und-dritte-ausbildungsdrittel\\\/#primaryimage\"},\"image\":{\"@id\":\"https:\\\/\\\/easyliferobo.com\\\/de\\\/product\\\/kompetenztrainer-fuer-die-pflegeausbildung-ii-arbeitsaufgaben-fuer-das-zweite-und-dritte-ausbildungsdrittel\\\/#primaryimage\"},\"thumbnailUrl\":\"https:\\\/\\\/easyliferobo.com\\\/de\\\/wp-content\\\/uploads\\\/2026\\\/02\\\/91NwRFtnInL._SL1500_.jpg\",\"datePublished\":\"2026-02-27T06:30:23+00:00\",\"dateModified\":\"2026-02-27T06:30:25+00:00\",\"description\":\"Entdecken Sie smarte Roboter f\u00fcr Zuhause, Garten, Bildung und Sicherheit. Vergleichen Sie Saugroboter, Rasenm\u00e4hroboter, KI-Begleitroboter und mehr bei EasyLifeRobo.\",\"breadcrumb\":{\"@id\":\"https:\\\/\\\/easyliferobo.com\\\/de\\\/product\\\/kompetenztrainer-fuer-die-pflegeausbildung-ii-arbeitsaufgaben-fuer-das-zweite-und-dritte-ausbildungsdrittel\\\/#breadcrumb\"},\"inLanguage\":\"de\",\"potentialAction\":[{\"@type\":\"ReadAction\",\"target\":[\"https:\\\/\\\/easyliferobo.com\\\/de\\\/product\\\/kompetenztrainer-fuer-die-pflegeausbildung-ii-arbeitsaufgaben-fuer-das-zweite-und-dritte-ausbildungsdrittel\\\/\"]}]},{\"@type\":\"ImageObject\",\"inLanguage\":\"de\",\"@id\":\"https:\\\/\\\/easyliferobo.com\\\/de\\\/product\\\/kompetenztrainer-fuer-die-pflegeausbildung-ii-arbeitsaufgaben-fuer-das-zweite-und-dritte-ausbildungsdrittel\\\/#primaryimage\",\"url\":\"https:\\\/\\\/easyliferobo.com\\\/de\\\/wp-content\\\/uploads\\\/2026\\\/02\\\/91NwRFtnInL._SL1500_.jpg\",\"contentUrl\":\"https:\\\/\\\/easyliferobo.com\\\/de\\\/wp-content\\\/uploads\\\/2026\\\/02\\\/91NwRFtnInL._SL1500_.jpg\",\"width\":1061,\"height\":1500},{\"@type\":\"BreadcrumbList\",\"@id\":\"https:\\\/\\\/easyliferobo.com\\\/de\\\/product\\\/kompetenztrainer-fuer-die-pflegeausbildung-ii-arbeitsaufgaben-fuer-das-zweite-und-dritte-ausbildungsdrittel\\\/#breadcrumb\",\"itemListElement\":[{\"@type\":\"ListItem\",\"position\":1,\"name\":\"Home\",\"item\":\"https:\\\/\\\/easyliferobo.com\\\/de\\\/\"},{\"@type\":\"ListItem\",\"position\":2,\"name\":\"Shop\",\"item\":\"https:\\\/\\\/easyliferobo.com\\\/de\\\/shop\\\/\"},{\"@type\":\"ListItem\",\"position\":3,\"name\":\"Kompetenztrainer f\u00fcr die Pflegeaus...\"}]},{\"@type\":\"WebSite\",\"@id\":\"https:\\\/\\\/easyliferobo.com\\\/de\\\/#website\",\"url\":\"https:\\\/\\\/easyliferobo.com\\\/de\\\/\",\"name\":\"EasyLifeBro\",\"description\":\"Smarte Roboter f\u00fcr Zuhause, Garten &amp; Bildung\",\"publisher\":{\"@id\":\"https:\\\/\\\/easyliferobo.com\\\/de\\\/#organization\"},\"potentialAction\":[{\"@type\":\"SearchAction\",\"target\":{\"@type\":\"EntryPoint\",\"urlTemplate\":\"https:\\\/\\\/easyliferobo.com\\\/de\\\/?s={search_term_string}\"},\"query-input\":{\"@type\":\"PropertyValueSpecification\",\"valueRequired\":true,\"valueName\":\"search_term_string\"}}],\"inLanguage\":\"de\"},{\"@type\":\"Organization\",\"@id\":\"https:\\\/\\\/easyliferobo.com\\\/de\\\/#organization\",\"name\":\"EasyLifeBro\",\"url\":\"https:\\\/\\\/easyliferobo.com\\\/de\\\/\",\"logo\":{\"@type\":\"ImageObject\",\"inLanguage\":\"de\",\"@id\":\"https:\\\/\\\/easyliferobo.com\\\/de\\\/#\\\/schema\\\/logo\\\/image\\\/\",\"url\":\"https:\\\/\\\/easyliferobo.com\\\/de\\\/wp-content\\\/uploads\\\/2026\\\/02\\\/Screenshot-2026-02-22-at-2.25.03-PM.png\",\"contentUrl\":\"https:\\\/\\\/easyliferobo.com\\\/de\\\/wp-content\\\/uploads\\\/2026\\\/02\\\/Screenshot-2026-02-22-at-2.25.03-PM.png\",\"width\":1858,\"height\":430,\"caption\":\"EasyLifeBro\"},\"image\":{\"@id\":\"https:\\\/\\\/easyliferobo.com\\\/de\\\/#\\\/schema\\\/logo\\\/image\\\/\"}}]}<\/script>\n<!-- \/ Yoast SEO plugin. -->","yoast_head_json":{"title":"Kompetenztrainer f\u00fcr die Pflegeausbildung II: Arbeitsaufgaben f\u00fcr das zweite und dritte Ausbildungsdrittel - EasyLifeBro","description":"Entdecken Sie smarte Roboter f\u00fcr Zuhause, Garten, Bildung und Sicherheit. Vergleichen Sie Saugroboter, Rasenm\u00e4hroboter, KI-Begleitroboter und mehr bei EasyLifeRobo.","robots":{"index":"index","follow":"follow","max-snippet":"max-snippet:-1","max-image-preview":"max-image-preview:large","max-video-preview":"max-video-preview:-1"},"canonical":"https:\/\/easyliferobo.com\/de\/product\/kompetenztrainer-fuer-die-pflegeausbildung-ii-arbeitsaufgaben-fuer-das-zweite-und-dritte-ausbildungsdrittel\/","og_locale":"de_DE","og_type":"article","og_title":"Kompetenztrainer f\u00fcr die Pflegeausbildung II: Arbeitsaufgaben f\u00fcr das zweite und dritte Ausbildungsdrittel - EasyLifeBro","og_description":"Entdecken Sie smarte Roboter f\u00fcr Zuhause, Garten, Bildung und Sicherheit. Vergleichen Sie Saugroboter, Rasenm\u00e4hroboter, KI-Begleitroboter und mehr bei EasyLifeRobo.","og_url":"https:\/\/easyliferobo.com\/de\/product\/kompetenztrainer-fuer-die-pflegeausbildung-ii-arbeitsaufgaben-fuer-das-zweite-und-dritte-ausbildungsdrittel\/","og_site_name":"EasyLifeBro","article_modified_time":"2026-02-27T06:30:25+00:00","twitter_card":"summary_large_image","twitter_misc":{"Gesch\u00e4tzte Lesezeit":"1\u00a0Minute"},"schema":{"@context":"https:\/\/schema.org","@graph":[{"@type":"WebPage","@id":"https:\/\/easyliferobo.com\/de\/product\/kompetenztrainer-fuer-die-pflegeausbildung-ii-arbeitsaufgaben-fuer-das-zweite-und-dritte-ausbildungsdrittel\/","url":"https:\/\/easyliferobo.com\/de\/product\/kompetenztrainer-fuer-die-pflegeausbildung-ii-arbeitsaufgaben-fuer-das-zweite-und-dritte-ausbildungsdrittel\/","name":"Kompetenztrainer f\u00fcr die Pflegeausbildung II: Arbeitsaufgaben f\u00fcr das zweite und dritte Ausbildungsdrittel - EasyLifeBro","isPartOf":{"@id":"https:\/\/easyliferobo.com\/de\/#website"},"primaryImageOfPage":{"@id":"https:\/\/easyliferobo.com\/de\/product\/kompetenztrainer-fuer-die-pflegeausbildung-ii-arbeitsaufgaben-fuer-das-zweite-und-dritte-ausbildungsdrittel\/#primaryimage"},"image":{"@id":"https:\/\/easyliferobo.com\/de\/product\/kompetenztrainer-fuer-die-pflegeausbildung-ii-arbeitsaufgaben-fuer-das-zweite-und-dritte-ausbildungsdrittel\/#primaryimage"},"thumbnailUrl":"https:\/\/easyliferobo.com\/de\/wp-content\/uploads\/2026\/02\/91NwRFtnInL._SL1500_.jpg","datePublished":"2026-02-27T06:30:23+00:00","dateModified":"2026-02-27T06:30:25+00:00","description":"Entdecken Sie smarte Roboter f\u00fcr Zuhause, Garten, Bildung und Sicherheit. Vergleichen Sie Saugroboter, Rasenm\u00e4hroboter, KI-Begleitroboter und mehr bei EasyLifeRobo.","breadcrumb":{"@id":"https:\/\/easyliferobo.com\/de\/product\/kompetenztrainer-fuer-die-pflegeausbildung-ii-arbeitsaufgaben-fuer-das-zweite-und-dritte-ausbildungsdrittel\/#breadcrumb"},"inLanguage":"de","potentialAction":[{"@type":"ReadAction","target":["https:\/\/easyliferobo.com\/de\/product\/kompetenztrainer-fuer-die-pflegeausbildung-ii-arbeitsaufgaben-fuer-das-zweite-und-dritte-ausbildungsdrittel\/"]}]},{"@type":"ImageObject","inLanguage":"de","@id":"https:\/\/easyliferobo.com\/de\/product\/kompetenztrainer-fuer-die-pflegeausbildung-ii-arbeitsaufgaben-fuer-das-zweite-und-dritte-ausbildungsdrittel\/#primaryimage","url":"https:\/\/easyliferobo.com\/de\/wp-content\/uploads\/2026\/02\/91NwRFtnInL._SL1500_.jpg","contentUrl":"https:\/\/easyliferobo.com\/de\/wp-content\/uploads\/2026\/02\/91NwRFtnInL._SL1500_.jpg","width":1061,"height":1500},{"@type":"BreadcrumbList","@id":"https:\/\/easyliferobo.com\/de\/product\/kompetenztrainer-fuer-die-pflegeausbildung-ii-arbeitsaufgaben-fuer-das-zweite-und-dritte-ausbildungsdrittel\/#breadcrumb","itemListElement":[{"@type":"ListItem","position":1,"name":"Home","item":"https:\/\/easyliferobo.com\/de\/"},{"@type":"ListItem","position":2,"name":"Shop","item":"https:\/\/easyliferobo.com\/de\/shop\/"},{"@type":"ListItem","position":3,"name":"Kompetenztrainer f\u00fcr die Pflegeaus..."}]},{"@type":"WebSite","@id":"https:\/\/easyliferobo.com\/de\/#website","url":"https:\/\/easyliferobo.com\/de\/","name":"EasyLifeBro","description":"Smarte Roboter f\u00fcr Zuhause, Garten &amp; Bildung","publisher":{"@id":"https:\/\/easyliferobo.com\/de\/#organization"},"potentialAction":[{"@type":"SearchAction","target":{"@type":"EntryPoint","urlTemplate":"https:\/\/easyliferobo.com\/de\/?s={search_term_string}"},"query-input":{"@type":"PropertyValueSpecification","valueRequired":true,"valueName":"search_term_string"}}],"inLanguage":"de"},{"@type":"Organization","@id":"https:\/\/easyliferobo.com\/de\/#organization","name":"EasyLifeBro","url":"https:\/\/easyliferobo.com\/de\/","logo":{"@type":"ImageObject","inLanguage":"de","@id":"https:\/\/easyliferobo.com\/de\/#\/schema\/logo\/image\/","url":"https:\/\/easyliferobo.com\/de\/wp-content\/uploads\/2026\/02\/Screenshot-2026-02-22-at-2.25.03-PM.png","contentUrl":"https:\/\/easyliferobo.com\/de\/wp-content\/uploads\/2026\/02\/Screenshot-2026-02-22-at-2.25.03-PM.png","width":1858,"height":430,"caption":"EasyLifeBro"},"image":{"@id":"https:\/\/easyliferobo.com\/de\/#\/schema\/logo\/image\/"}}]}},"_links":{"self":[{"href":"https:\/\/easyliferobo.com\/de\/wp-json\/wp\/v2\/product\/3258","targetHints":{"allow":["GET"]}}],"collection":[{"href":"https:\/\/easyliferobo.com\/de\/wp-json\/wp\/v2\/product"}],"about":[{"href":"https:\/\/easyliferobo.com\/de\/wp-json\/wp\/v2\/types\/product"}],"replies":[{"embeddable":true,"href":"https:\/\/easyliferobo.com\/de\/wp-json\/wp\/v2\/comments?post=3258"}],"wp:featuredmedia":[{"embeddable":true,"href":"https:\/\/easyliferobo.com\/de\/wp-json\/wp\/v2\/media\/3259"}],"wp:attachment":[{"href":"https:\/\/easyliferobo.com\/de\/wp-json\/wp\/v2\/media?parent=3258"}],"wp:term":[{"taxonomy":"store","embeddable":true,"href":"https:\/\/easyliferobo.com\/de\/wp-json\/wp\/v2\/store?post=3258"},{"taxonomy":"product_brand","embeddable":true,"href":"https:\/\/easyliferobo.com\/de\/wp-json\/wp\/v2\/product_brand?post=3258"},{"taxonomy":"product_cat","embeddable":true,"href":"https:\/\/easyliferobo.com\/de\/wp-json\/wp\/v2\/product_cat?post=3258"},{"taxonomy":"product_tag","embeddable":true,"href":"https:\/\/easyliferobo.com\/de\/wp-json\/wp\/v2\/product_tag?post=3258"}],"curies":[{"name":"wp","href":"https:\/\/api.w.org\/{rel}","templated":true}]}}