
{"id":3250,"date":"2026-02-27T06:28:13","date_gmt":"2026-02-27T06:28:13","guid":{"rendered":"https:\/\/easyliferobo.com\/de\/product\/realistischer-roboterwelpe-elektronischer-haustierhund-fuer-kinder-interaktives-hundespielzeug-fuer-kinder-laufender-plueschhund-bellendes-hundespielzeug-fuer-jungen-und-maedchen\/"},"modified":"2026-02-27T06:28:26","modified_gmt":"2026-02-27T06:28:26","slug":"realistischer-roboterwelpe-elektronischer-haustierhund-fuer-kinder-interaktives-hundespielzeug-fuer-kinder-laufender-plueschhund-bellendes-hundespielzeug-fuer-jungen-und-maedchen","status":"publish","type":"product","link":"https:\/\/easyliferobo.com\/de\/product\/realistischer-roboterwelpe-elektronischer-haustierhund-fuer-kinder-interaktives-hundespielzeug-fuer-kinder-laufender-plueschhund-bellendes-hundespielzeug-fuer-jungen-und-maedchen\/","title":{"rendered":"Realistischer Roboterwelpe, elektro..."},"content":{"rendered":"<p>    <span>Interaktives Hundespielzeug f\u00fcr Kinder, Roboter-Welpe, bellendes Hundespielzeug f\u00fcr Kinder, wedelndes Schwanz-Hundespielzeug f\u00fcr Kinder, interaktives Simulations-Welpenspielzeug, Haustier-Pl\u00fcsch-Welpenspielzeug <br \/>Beschreibung: <br \/>Der elektrische Pl\u00fcschhund besteht aus sicheren und umweltfreundlichen Materialien, das Design mit abgerundeten Kanten bietet maximale Sicherheit f\u00fcr Kinder. <br \/>Mit seinem kompakten und leichten Design ist dieser laufende Pl\u00fcschwelpe der ideale Reisebegleiter. <br \/>Simuliertes Hundeverhalten wie Bellen, Gehen und niedliche Bewegungen sorgen f\u00fcr endlosen Spa\u00df. <br \/>Mit seinen bezaubernden Eigenschaften und seinem realistischen Verhalten ist dieser realistische Roboterwelpe perfekt f\u00fcr Kinder, die sich ein Haustier als Begleiter w\u00fcnschen. <br \/>Roboterhund f\u00fcr Kinder ist sowohl f\u00fcr M\u00e4dchen geeignet und kann drinnen als auch drau\u00dfen gespielt werden, was ihn vielseitig und unterhaltsam macht und ihn unwiderstehlich macht. <br \/>Spezifikation: <br \/>Produktname: Interaktives Simulations-Welpenspielzeug <br \/>Material: PVC. <br \/>Farbe und Ma\u00dfe: wie abgebildet <br \/>Das Paket beinhaltet: <br \/>1 x elektronischer Haustierhund f\u00fcr Kinder. <br \/>Notiz: <br \/>1. Bitte erlauben Sie geringf\u00fcgige Ma\u00dfunterschiede aufgrund unterschiedlicher manueller Messungen. <br \/>2. Aufgrund der unterschiedlichen Licht- und Bildschirmeinstellungen kann die Farbe des Artikels geringf\u00fcgig von den Bildern abweichen. <br \/><\/span>    <br \/>Hochwertiges Material: Der realistische Roboterwelpe verf\u00fcgt dank seiner hochwertigen ABS- und Pl\u00fcschmaterialien \u00fcber ein hochwertiges realistisches Fell, ist bequem und weich. Der interaktive Welpe f\u00fchlt sich wie ein echtes Haustier an und Kinder k\u00f6nnen selbstbewusst damit spielen.<br \/>Einzigartiges Design: Der realistische Roboterwelpe bewegt sich wie ein echter Hund. Sieht aus wie ein Lebewesen. Dieser Haustierwelpe kann Kindern nicht nur endlose Freude bereiten, sondern sie auch als treuer und interaktiver Begleiter begleiten.<br \/>Leicht zu tragen: Nehmen Sie diesen wandelnden Pl\u00fcschwelpen \u00fcberall hin mit. Seine geringe Gr\u00f6\u00dfe und sein geringes Gewicht machen ihn zum perfekten Reisebegleiter. Packen Sie es einfach in Ihren Rucksack und genie\u00dfen Sie Outdoor-Spa\u00df, egal wohin Ihre Abenteuer Sie f\u00fchren.<br \/>Warmer Begleiter: Der wandelnde Pl\u00fcschwelpe bietet Kindern mit seinem simulierten Hundeverhalten, einschlie\u00dflich Bellen und Gehen, eine beispiellose interaktive Spielzeit. Es bietet ein echtes Begleiterlebnis und bietet Kindern endlosen Spa\u00df und Kameradschaft.<br \/>Ideales Geschenk f\u00fcr Kinder: Elektronisches Hundepl\u00fcschhaustier ist ein ausgezeichnetes Geschenk f\u00fcr Weihnachten, Geburtstage oder andere besondere Anl\u00e4sse. Es wird von Jungen, M\u00e4dchen und Kleinkindern geliebt und bietet die Freude eines Haustieres.<\/p>\n<p>[ad_2]<\/p>\n","protected":false},"excerpt":{"rendered":"<p>Interaktives Hundespielzeug f\u00fcr Kinder, Roboter-Welpe, bellendes Hundespielzeug f\u00fcr Kinder, wedelndes Schwanz-Hundespielzeug f\u00fcr Kinder, interaktives Simulations-Welpenspielzeug, Haustier-Pl\u00fcsch-Welpenspielzeug Beschreibung: Der elektrische Pl\u00fcschhund besteht aus sicheren und umweltfreundlichen Materialien, das Design mit abgerundeten Kanten bietet maximale Sicherheit f\u00fcr Kinder. Mit seinem kompakten und leichten Design ist dieser laufende Pl\u00fcschwelpe der ideale Reisebegleiter. Simuliertes Hundeverhalten wie Bellen, Gehen und [&hellip;]<\/p>\n","protected":false},"featured_media":3251,"comment_status":"open","ping_status":"closed","template":"","meta":{"_aipt_faq_data":""},"store":[],"product_brand":[],"product_cat":[94],"product_tag":[278],"class_list":{"0":"post-3250","1":"product","2":"type-product","3":"status-publish","4":"has-post-thumbnail","6":"product_cat-roboter-haustiere","7":"product_tag-roboter-haustiere-hund-modell","9":"first","10":"instock","11":"shipping-taxable","12":"product-type-external"},"yoast_head":"<!-- This site is optimized with the Yoast SEO plugin v27.0 - https:\/\/yoast.com\/product\/yoast-seo-wordpress\/ -->\n<title>Realistischer Roboterwelpe, elektronischer Haustierhund f\u00fcr Kinder, interaktives Hundespielzeug f\u00fcr Kinder, laufender Pl\u00fcschhund, bellendes Hundespielzeug f\u00fcr Jungen und M\u00e4dchen - EasyLifeBro<\/title>\n<meta name=\"description\" content=\"Entdecken Sie smarte Roboter f\u00fcr Zuhause, Garten, Bildung und Sicherheit. Vergleichen Sie Saugroboter, Rasenm\u00e4hroboter, KI-Begleitroboter und mehr bei EasyLifeRobo.\" \/>\n<meta name=\"robots\" content=\"index, follow, max-snippet:-1, max-image-preview:large, max-video-preview:-1\" \/>\n<link rel=\"canonical\" href=\"https:\/\/easyliferobo.com\/de\/product\/realistischer-roboterwelpe-elektronischer-haustierhund-fuer-kinder-interaktives-hundespielzeug-fuer-kinder-laufender-plueschhund-bellendes-hundespielzeug-fuer-jungen-und-maedchen\/\" \/>\n<meta property=\"og:locale\" content=\"de_DE\" \/>\n<meta property=\"og:type\" content=\"article\" \/>\n<meta property=\"og:title\" content=\"Realistischer Roboterwelpe, elektronischer Haustierhund f\u00fcr Kinder, interaktives Hundespielzeug f\u00fcr Kinder, laufender Pl\u00fcschhund, bellendes Hundespielzeug f\u00fcr Jungen und M\u00e4dchen - EasyLifeBro\" \/>\n<meta property=\"og:description\" content=\"Entdecken Sie smarte Roboter f\u00fcr Zuhause, Garten, Bildung und Sicherheit. Vergleichen Sie Saugroboter, Rasenm\u00e4hroboter, KI-Begleitroboter und mehr bei EasyLifeRobo.\" \/>\n<meta property=\"og:url\" content=\"https:\/\/easyliferobo.com\/de\/product\/realistischer-roboterwelpe-elektronischer-haustierhund-fuer-kinder-interaktives-hundespielzeug-fuer-kinder-laufender-plueschhund-bellendes-hundespielzeug-fuer-jungen-und-maedchen\/\" \/>\n<meta property=\"og:site_name\" content=\"EasyLifeBro\" \/>\n<meta property=\"article:modified_time\" content=\"2026-02-27T06:28:26+00:00\" \/>\n<meta name=\"twitter:card\" content=\"summary_large_image\" \/>\n<meta name=\"twitter:label1\" content=\"Gesch\u00e4tzte Lesezeit\" \/>\n\t<meta name=\"twitter:data1\" content=\"2\u00a0Minuten\" \/>\n<script type=\"application\/ld+json\" class=\"yoast-schema-graph\">{\"@context\":\"https:\/\/schema.org\",\"@graph\":[{\"@type\":\"WebPage\",\"@id\":\"https:\/\/easyliferobo.com\/de\/product\/realistischer-roboterwelpe-elektronischer-haustierhund-fuer-kinder-interaktives-hundespielzeug-fuer-kinder-laufender-plueschhund-bellendes-hundespielzeug-fuer-jungen-und-maedchen\/\",\"url\":\"https:\/\/easyliferobo.com\/de\/product\/realistischer-roboterwelpe-elektronischer-haustierhund-fuer-kinder-interaktives-hundespielzeug-fuer-kinder-laufender-plueschhund-bellendes-hundespielzeug-fuer-jungen-und-maedchen\/\",\"name\":\"Realistischer Roboterwelpe, elektronischer Haustierhund f\u00fcr Kinder, interaktives Hundespielzeug f\u00fcr Kinder, laufender Pl\u00fcschhund, bellendes Hundespielzeug f\u00fcr Jungen und M\u00e4dchen - EasyLifeBro\",\"isPartOf\":{\"@id\":\"https:\/\/easyliferobo.com\/de\/#website\"},\"primaryImageOfPage\":{\"@id\":\"https:\/\/easyliferobo.com\/de\/product\/realistischer-roboterwelpe-elektronischer-haustierhund-fuer-kinder-interaktives-hundespielzeug-fuer-kinder-laufender-plueschhund-bellendes-hundespielzeug-fuer-jungen-und-maedchen\/#primaryimage\"},\"image\":{\"@id\":\"https:\/\/easyliferobo.com\/de\/product\/realistischer-roboterwelpe-elektronischer-haustierhund-fuer-kinder-interaktives-hundespielzeug-fuer-kinder-laufender-plueschhund-bellendes-hundespielzeug-fuer-jungen-und-maedchen\/#primaryimage\"},\"thumbnailUrl\":\"https:\/\/easyliferobo.com\/de\/wp-content\/uploads\/2026\/02\/71e1h7TIoTL._AC_SL1500_.jpg\",\"datePublished\":\"2026-02-27T06:28:13+00:00\",\"dateModified\":\"2026-02-27T06:28:26+00:00\",\"description\":\"Entdecken Sie smarte Roboter f\u00fcr Zuhause, Garten, Bildung und Sicherheit. Vergleichen Sie Saugroboter, Rasenm\u00e4hroboter, KI-Begleitroboter und mehr bei EasyLifeRobo.\",\"breadcrumb\":{\"@id\":\"https:\/\/easyliferobo.com\/de\/product\/realistischer-roboterwelpe-elektronischer-haustierhund-fuer-kinder-interaktives-hundespielzeug-fuer-kinder-laufender-plueschhund-bellendes-hundespielzeug-fuer-jungen-und-maedchen\/#breadcrumb\"},\"inLanguage\":\"de\",\"potentialAction\":[{\"@type\":\"ReadAction\",\"target\":[\"https:\/\/easyliferobo.com\/de\/product\/realistischer-roboterwelpe-elektronischer-haustierhund-fuer-kinder-interaktives-hundespielzeug-fuer-kinder-laufender-plueschhund-bellendes-hundespielzeug-fuer-jungen-und-maedchen\/\"]}]},{\"@type\":\"ImageObject\",\"inLanguage\":\"de\",\"@id\":\"https:\/\/easyliferobo.com\/de\/product\/realistischer-roboterwelpe-elektronischer-haustierhund-fuer-kinder-interaktives-hundespielzeug-fuer-kinder-laufender-plueschhund-bellendes-hundespielzeug-fuer-jungen-und-maedchen\/#primaryimage\",\"url\":\"https:\/\/easyliferobo.com\/de\/wp-content\/uploads\/2026\/02\/71e1h7TIoTL._AC_SL1500_.jpg\",\"contentUrl\":\"https:\/\/easyliferobo.com\/de\/wp-content\/uploads\/2026\/02\/71e1h7TIoTL._AC_SL1500_.jpg\",\"width\":1500,\"height\":1442},{\"@type\":\"BreadcrumbList\",\"@id\":\"https:\/\/easyliferobo.com\/de\/product\/realistischer-roboterwelpe-elektronischer-haustierhund-fuer-kinder-interaktives-hundespielzeug-fuer-kinder-laufender-plueschhund-bellendes-hundespielzeug-fuer-jungen-und-maedchen\/#breadcrumb\",\"itemListElement\":[{\"@type\":\"ListItem\",\"position\":1,\"name\":\"Home\",\"item\":\"https:\/\/easyliferobo.com\/de\/\"},{\"@type\":\"ListItem\",\"position\":2,\"name\":\"Shop\",\"item\":\"https:\/\/easyliferobo.com\/de\/shop\/\"},{\"@type\":\"ListItem\",\"position\":3,\"name\":\"Realistischer Roboterwelpe, elektro...\"}]},{\"@type\":\"WebSite\",\"@id\":\"https:\/\/easyliferobo.com\/de\/#website\",\"url\":\"https:\/\/easyliferobo.com\/de\/\",\"name\":\"EasyLifeBro\",\"description\":\"Smarte Roboter f\u00fcr Zuhause, Garten &amp; Bildung\",\"publisher\":{\"@id\":\"https:\/\/easyliferobo.com\/de\/#organization\"},\"potentialAction\":[{\"@type\":\"SearchAction\",\"target\":{\"@type\":\"EntryPoint\",\"urlTemplate\":\"https:\/\/easyliferobo.com\/de\/?s={search_term_string}\"},\"query-input\":{\"@type\":\"PropertyValueSpecification\",\"valueRequired\":true,\"valueName\":\"search_term_string\"}}],\"inLanguage\":\"de\"},{\"@type\":\"Organization\",\"@id\":\"https:\/\/easyliferobo.com\/de\/#organization\",\"name\":\"EasyLifeBro\",\"url\":\"https:\/\/easyliferobo.com\/de\/\",\"logo\":{\"@type\":\"ImageObject\",\"inLanguage\":\"de\",\"@id\":\"https:\/\/easyliferobo.com\/de\/#\/schema\/logo\/image\/\",\"url\":\"https:\/\/easyliferobo.com\/de\/wp-content\/uploads\/2026\/02\/Screenshot-2026-02-22-at-2.25.03-PM.png\",\"contentUrl\":\"https:\/\/easyliferobo.com\/de\/wp-content\/uploads\/2026\/02\/Screenshot-2026-02-22-at-2.25.03-PM.png\",\"width\":1858,\"height\":430,\"caption\":\"EasyLifeBro\"},\"image\":{\"@id\":\"https:\/\/easyliferobo.com\/de\/#\/schema\/logo\/image\/\"}}]}<\/script>\n<!-- \/ Yoast SEO plugin. -->","yoast_head_json":{"title":"Realistischer Roboterwelpe, elektronischer Haustierhund f\u00fcr Kinder, interaktives Hundespielzeug f\u00fcr Kinder, laufender Pl\u00fcschhund, bellendes Hundespielzeug f\u00fcr Jungen und M\u00e4dchen - EasyLifeBro","description":"Entdecken Sie smarte Roboter f\u00fcr Zuhause, Garten, Bildung und Sicherheit. Vergleichen Sie Saugroboter, Rasenm\u00e4hroboter, KI-Begleitroboter und mehr bei EasyLifeRobo.","robots":{"index":"index","follow":"follow","max-snippet":"max-snippet:-1","max-image-preview":"max-image-preview:large","max-video-preview":"max-video-preview:-1"},"canonical":"https:\/\/easyliferobo.com\/de\/product\/realistischer-roboterwelpe-elektronischer-haustierhund-fuer-kinder-interaktives-hundespielzeug-fuer-kinder-laufender-plueschhund-bellendes-hundespielzeug-fuer-jungen-und-maedchen\/","og_locale":"de_DE","og_type":"article","og_title":"Realistischer Roboterwelpe, elektronischer Haustierhund f\u00fcr Kinder, interaktives Hundespielzeug f\u00fcr Kinder, laufender Pl\u00fcschhund, bellendes Hundespielzeug f\u00fcr Jungen und M\u00e4dchen - EasyLifeBro","og_description":"Entdecken Sie smarte Roboter f\u00fcr Zuhause, Garten, Bildung und Sicherheit. Vergleichen Sie Saugroboter, Rasenm\u00e4hroboter, KI-Begleitroboter und mehr bei EasyLifeRobo.","og_url":"https:\/\/easyliferobo.com\/de\/product\/realistischer-roboterwelpe-elektronischer-haustierhund-fuer-kinder-interaktives-hundespielzeug-fuer-kinder-laufender-plueschhund-bellendes-hundespielzeug-fuer-jungen-und-maedchen\/","og_site_name":"EasyLifeBro","article_modified_time":"2026-02-27T06:28:26+00:00","twitter_card":"summary_large_image","twitter_misc":{"Gesch\u00e4tzte Lesezeit":"2\u00a0Minuten"},"schema":{"@context":"https:\/\/schema.org","@graph":[{"@type":"WebPage","@id":"https:\/\/easyliferobo.com\/de\/product\/realistischer-roboterwelpe-elektronischer-haustierhund-fuer-kinder-interaktives-hundespielzeug-fuer-kinder-laufender-plueschhund-bellendes-hundespielzeug-fuer-jungen-und-maedchen\/","url":"https:\/\/easyliferobo.com\/de\/product\/realistischer-roboterwelpe-elektronischer-haustierhund-fuer-kinder-interaktives-hundespielzeug-fuer-kinder-laufender-plueschhund-bellendes-hundespielzeug-fuer-jungen-und-maedchen\/","name":"Realistischer Roboterwelpe, elektronischer Haustierhund f\u00fcr Kinder, interaktives Hundespielzeug f\u00fcr Kinder, laufender Pl\u00fcschhund, bellendes Hundespielzeug f\u00fcr Jungen und M\u00e4dchen - EasyLifeBro","isPartOf":{"@id":"https:\/\/easyliferobo.com\/de\/#website"},"primaryImageOfPage":{"@id":"https:\/\/easyliferobo.com\/de\/product\/realistischer-roboterwelpe-elektronischer-haustierhund-fuer-kinder-interaktives-hundespielzeug-fuer-kinder-laufender-plueschhund-bellendes-hundespielzeug-fuer-jungen-und-maedchen\/#primaryimage"},"image":{"@id":"https:\/\/easyliferobo.com\/de\/product\/realistischer-roboterwelpe-elektronischer-haustierhund-fuer-kinder-interaktives-hundespielzeug-fuer-kinder-laufender-plueschhund-bellendes-hundespielzeug-fuer-jungen-und-maedchen\/#primaryimage"},"thumbnailUrl":"https:\/\/easyliferobo.com\/de\/wp-content\/uploads\/2026\/02\/71e1h7TIoTL._AC_SL1500_.jpg","datePublished":"2026-02-27T06:28:13+00:00","dateModified":"2026-02-27T06:28:26+00:00","description":"Entdecken Sie smarte Roboter f\u00fcr Zuhause, Garten, Bildung und Sicherheit. Vergleichen Sie Saugroboter, Rasenm\u00e4hroboter, KI-Begleitroboter und mehr bei EasyLifeRobo.","breadcrumb":{"@id":"https:\/\/easyliferobo.com\/de\/product\/realistischer-roboterwelpe-elektronischer-haustierhund-fuer-kinder-interaktives-hundespielzeug-fuer-kinder-laufender-plueschhund-bellendes-hundespielzeug-fuer-jungen-und-maedchen\/#breadcrumb"},"inLanguage":"de","potentialAction":[{"@type":"ReadAction","target":["https:\/\/easyliferobo.com\/de\/product\/realistischer-roboterwelpe-elektronischer-haustierhund-fuer-kinder-interaktives-hundespielzeug-fuer-kinder-laufender-plueschhund-bellendes-hundespielzeug-fuer-jungen-und-maedchen\/"]}]},{"@type":"ImageObject","inLanguage":"de","@id":"https:\/\/easyliferobo.com\/de\/product\/realistischer-roboterwelpe-elektronischer-haustierhund-fuer-kinder-interaktives-hundespielzeug-fuer-kinder-laufender-plueschhund-bellendes-hundespielzeug-fuer-jungen-und-maedchen\/#primaryimage","url":"https:\/\/easyliferobo.com\/de\/wp-content\/uploads\/2026\/02\/71e1h7TIoTL._AC_SL1500_.jpg","contentUrl":"https:\/\/easyliferobo.com\/de\/wp-content\/uploads\/2026\/02\/71e1h7TIoTL._AC_SL1500_.jpg","width":1500,"height":1442},{"@type":"BreadcrumbList","@id":"https:\/\/easyliferobo.com\/de\/product\/realistischer-roboterwelpe-elektronischer-haustierhund-fuer-kinder-interaktives-hundespielzeug-fuer-kinder-laufender-plueschhund-bellendes-hundespielzeug-fuer-jungen-und-maedchen\/#breadcrumb","itemListElement":[{"@type":"ListItem","position":1,"name":"Home","item":"https:\/\/easyliferobo.com\/de\/"},{"@type":"ListItem","position":2,"name":"Shop","item":"https:\/\/easyliferobo.com\/de\/shop\/"},{"@type":"ListItem","position":3,"name":"Realistischer Roboterwelpe, elektro..."}]},{"@type":"WebSite","@id":"https:\/\/easyliferobo.com\/de\/#website","url":"https:\/\/easyliferobo.com\/de\/","name":"EasyLifeBro","description":"Smarte Roboter f\u00fcr Zuhause, Garten &amp; Bildung","publisher":{"@id":"https:\/\/easyliferobo.com\/de\/#organization"},"potentialAction":[{"@type":"SearchAction","target":{"@type":"EntryPoint","urlTemplate":"https:\/\/easyliferobo.com\/de\/?s={search_term_string}"},"query-input":{"@type":"PropertyValueSpecification","valueRequired":true,"valueName":"search_term_string"}}],"inLanguage":"de"},{"@type":"Organization","@id":"https:\/\/easyliferobo.com\/de\/#organization","name":"EasyLifeBro","url":"https:\/\/easyliferobo.com\/de\/","logo":{"@type":"ImageObject","inLanguage":"de","@id":"https:\/\/easyliferobo.com\/de\/#\/schema\/logo\/image\/","url":"https:\/\/easyliferobo.com\/de\/wp-content\/uploads\/2026\/02\/Screenshot-2026-02-22-at-2.25.03-PM.png","contentUrl":"https:\/\/easyliferobo.com\/de\/wp-content\/uploads\/2026\/02\/Screenshot-2026-02-22-at-2.25.03-PM.png","width":1858,"height":430,"caption":"EasyLifeBro"},"image":{"@id":"https:\/\/easyliferobo.com\/de\/#\/schema\/logo\/image\/"}}]}},"_links":{"self":[{"href":"https:\/\/easyliferobo.com\/de\/wp-json\/wp\/v2\/product\/3250","targetHints":{"allow":["GET"]}}],"collection":[{"href":"https:\/\/easyliferobo.com\/de\/wp-json\/wp\/v2\/product"}],"about":[{"href":"https:\/\/easyliferobo.com\/de\/wp-json\/wp\/v2\/types\/product"}],"replies":[{"embeddable":true,"href":"https:\/\/easyliferobo.com\/de\/wp-json\/wp\/v2\/comments?post=3250"}],"wp:featuredmedia":[{"embeddable":true,"href":"https:\/\/easyliferobo.com\/de\/wp-json\/wp\/v2\/media\/3251"}],"wp:attachment":[{"href":"https:\/\/easyliferobo.com\/de\/wp-json\/wp\/v2\/media?parent=3250"}],"wp:term":[{"taxonomy":"store","embeddable":true,"href":"https:\/\/easyliferobo.com\/de\/wp-json\/wp\/v2\/store?post=3250"},{"taxonomy":"product_brand","embeddable":true,"href":"https:\/\/easyliferobo.com\/de\/wp-json\/wp\/v2\/product_brand?post=3250"},{"taxonomy":"product_cat","embeddable":true,"href":"https:\/\/easyliferobo.com\/de\/wp-json\/wp\/v2\/product_cat?post=3250"},{"taxonomy":"product_tag","embeddable":true,"href":"https:\/\/easyliferobo.com\/de\/wp-json\/wp\/v2\/product_tag?post=3250"}],"curies":[{"name":"wp","href":"https:\/\/api.w.org\/{rel}","templated":true}]}}