
{"id":3240,"date":"2026-02-27T06:27:08","date_gmt":"2026-02-27T06:27:08","guid":{"rendered":"https:\/\/easyliferobo.com\/de\/product\/intelligenter-sprechender-roboter-intelligenter-sprechender-roboter-fuer-kinder-intelligentes-interaktives-roboterspielzeug-sprechende-roboter-haustiere-sprachgesteuerter-kinderroboter-mit-berue\/"},"modified":"2026-02-27T06:27:24","modified_gmt":"2026-02-27T06:27:24","slug":"intelligenter-sprechender-roboter-intelligenter-sprechender-roboter-fuer-kinder-intelligentes-interaktives-roboterspielzeug-sprechende-roboter-haustiere-sprachgesteuerter-kinderroboter-mit-berue","status":"publish","type":"product","link":"https:\/\/easyliferobo.com\/de\/product\/intelligenter-sprechender-roboter-intelligenter-sprechender-roboter-fuer-kinder-intelligentes-interaktives-roboterspielzeug-sprechende-roboter-haustiere-sprachgesteuerter-kinderroboter-mit-berue\/","title":{"rendered":"Intelligenter sprechender Roboter, ..."},"content":{"rendered":"<p>\n                                             Produktbeschreibung   <\/p>\n<p class=\"apm-text-center\">\n                                                      <img decoding=\"async\" alt=\"Ber\u00fchrungssensor\" src=\"https:\/\/images-na.ssl-images-amazon.com\/images\/G\/01\/x-locale\/common\/grey-pixel.gif\" class=\"a-spacing-mini a-lazy-loaded\" data-src=\"https:\/\/m.media-amazon.com\/images\/S\/aplus-media-library-service-media\/dd3a0cdb-6236-49c3-923e-c24e75d7994e.__CR0,0,1600,1600_PT0_SX300_V1___.jpg\"><img decoding=\"async\" alt=\"Ber\u00fchrungssensor\" src=\"https:\/\/m.media-amazon.com\/images\/S\/aplus-media-library-service-media\/dd3a0cdb-6236-49c3-923e-c24e75d7994e.__CR0,0,1600,1600_PT0_SX300_V1___.jpg\">  <\/p>\n<p>                                                    Ber\u00fchrungssensor                                       <\/p>\n<p> Dieses vielseitige Roboterspielzeug f\u00fcr Kinder regt zum Entdecken und zum unterhaltsamen Lernen an. Mit Ber\u00fchrungssensor und Sprachsteuerungstechnologie singt, tanzt und wiederholt es S\u00e4tze. Ein idealer interaktiver Bildungspartner f\u00fcr Kinder <\/p>\n<p class=\"apm-text-center\">\n                                                      <img decoding=\"async\" alt=\"Unterhaltsames Erlebnis\" src=\"https:\/\/images-na.ssl-images-amazon.com\/images\/G\/01\/x-locale\/common\/grey-pixel.gif\" class=\"a-spacing-mini a-lazy-loaded\" data-src=\"https:\/\/m.media-amazon.com\/images\/S\/aplus-media-library-service-media\/e16c4e79-c69c-401b-9a10-3a0d39bc61ef.__CR0,0,1600,1600_PT0_SX300_V1___.jpg\"><img decoding=\"async\" alt=\"Unterhaltsames Erlebnis\" src=\"https:\/\/m.media-amazon.com\/images\/S\/aplus-media-library-service-media\/e16c4e79-c69c-401b-9a10-3a0d39bc61ef.__CR0,0,1600,1600_PT0_SX300_V1___.jpg\">  <\/p>\n<p>                                                    Unterhaltsames Erlebnis                                       <\/p>\n<p> Mit einem fesselnden Aussehen und interessanten Bewegungen sind unsere Roboterspielzeuge f\u00fcr Kinder klein und niedlich, ziehen mit Sicherheit die Aufmerksamkeit der Kinder auf sich und sorgen f\u00fcr stundenlangen interaktiven Spa\u00df. Diese Spielzeuge sind ideal, um Kreativit\u00e4t und Entwicklung anzuregen. Sie sind bei Kindern beliebt und zeichnen sich durch eine hohe Dynamik aus, die zu ihrer Gesamtattraktivit\u00e4t beitr\u00e4gt <\/p>\n<p class=\"apm-text-center\">\n                                                      <img decoding=\"async\" alt=\"Bequem zu bedienen\" src=\"https:\/\/images-na.ssl-images-amazon.com\/images\/G\/01\/x-locale\/common\/grey-pixel.gif\" class=\"a-spacing-mini a-lazy-loaded\" data-src=\"https:\/\/m.media-amazon.com\/images\/S\/aplus-media-library-service-media\/5e06d55c-3d14-44fe-abfe-1edbae5bf0b4.__CR0,0,1600,1600_PT0_SX300_V1___.jpg\"><img decoding=\"async\" alt=\"Bequem zu bedienen\" src=\"https:\/\/m.media-amazon.com\/images\/S\/aplus-media-library-service-media\/5e06d55c-3d14-44fe-abfe-1edbae5bf0b4.__CR0,0,1600,1600_PT0_SX300_V1___.jpg\">  <\/p>\n<p>                                                    Bequem zu bedienen                                       <\/p>\n<p> Mit seiner Ber\u00fchrungserkennung, Sprachsteuerung und manuellen Tastenfunktionen bietet dieses Roboterspielzeug f\u00fcr Kinder ab 3 Jahren ein vielseitiges und interaktives Spielerlebnis. Die Steuerungsmodi sind hervorragend f\u00fcr Kinder konzipiert und somit ein hervorragendes Geschenk f\u00fcr Ihr Kind <\/p>\n<p>                                                  <img decoding=\"async\" alt=\"Sprachsteuerung\" src=\"https:\/\/images-na.ssl-images-amazon.com\/images\/G\/01\/x-locale\/common\/grey-pixel.gif\" class=\"a-lazy-loaded\" data-src=\"https:\/\/m.media-amazon.com\/images\/S\/aplus-media-library-service-media\/85ae78de-3344-4043-9a76-6a5e15de069d.__CR0,0,1600,1600_PT0_SX300_V1___.jpg\"><img decoding=\"async\" alt=\"Sprachsteuerung\" src=\"https:\/\/m.media-amazon.com\/images\/S\/aplus-media-library-service-media\/85ae78de-3344-4043-9a76-6a5e15de069d.__CR0,0,1600,1600_PT0_SX300_V1___.jpg\">  <\/p>\n<h3 class=\"a-spacing-mini\">  Sprachsteuerung <\/h3>\n<p>  Mit der F\u00e4higkeit zu singen, zu tanzen und Befehle zu wiederholen, ist dieses Roboterspielzeug f\u00fcr Kinder ein idealer interaktiver Lernpartner. Ausgestattet mit Touch-Sensor-Technologie und Multifunktionsfunktionen weckt es die Lust der Kinder, spielerisch zu erkunden und zu lernen <\/p>\n<p>                                                  <img decoding=\"async\" alt=\"Ber\u00fchrungssensor\" src=\"https:\/\/images-na.ssl-images-amazon.com\/images\/G\/01\/x-locale\/common\/grey-pixel.gif\" class=\"a-spacing-mini a-lazy-loaded\" data-src=\"https:\/\/m.media-amazon.com\/images\/S\/aplus-media-library-service-media\/85ae78de-3344-4043-9a76-6a5e15de069d.__CR0,0,1600,1600_PT0_SX300_V1___.jpg\"><img decoding=\"async\" alt=\"Ber\u00fchrungssensor\" src=\"https:\/\/m.media-amazon.com\/images\/S\/aplus-media-library-service-media\/85ae78de-3344-4043-9a76-6a5e15de069d.__CR0,0,1600,1600_PT0_SX300_V1___.jpg\">  <\/p>\n<p>  Dieses Spielzeug besteht aus robusten und sicheren Materialien und verf\u00fcgt \u00fcber Ber\u00fchrungssensor, Sprachsteuerung und manuelle Tasten. Es kann singen, tanzen und wiederholen und gleichzeitig Ihre Neugier und Ihren Wunsch nach Erforschung technischer Spielzeuge befriedigen. <\/p>\n<p>  Produktspezifikationen: <\/p>\n<p>  Produktname: Intelligenter sprechender Roboter f\u00fcr Kinder <\/p>\n<p>  Produktmaterial: ABS <\/p>\n<p>  Produktgr\u00f6\u00dfe: ca. 11 x 10 x 11,5 cm <\/p>\n<p>  Energie: 3 AA-Batterien (nicht im Lieferumfang enthalten) <\/p>\n<p>  Features: Singen, Tanzen, Sprachsteuerung <\/p>\n<p>  Funktionen: <\/p>\n<p>  1. Spielmodus: Spieler k\u00f6nnen eine Tierkarte ausw\u00e4hlen und in ihren H\u00e4nden halten. Der Roboter wird Ihnen einige Fragen stellen. Solange Sie wahrheitsgem\u00e4\u00df antworten, kann der Roboter wissen, welches Tier Sie halten. Der Roboter gibt Ihnen mit entsprechenden Aktionen und Ausdr\u00fccken R\u00fcckmeldung, ob Sie richtig oder falsch antworten; <\/p>\n<p>  2. Ber\u00fchrungserkennungsmodus: Der Roboter verf\u00fcgt \u00fcber drei Ber\u00fchrungspunkte, n\u00e4mlich vorne sowie links und rechts oben am Kopf; Durch leichtes Ber\u00fchren der linken und rechten Ber\u00fchrungspunkte kann der Roboter so gesteuert werden, dass er sich vorw\u00e4rts und r\u00fcckw\u00e4rts bewegt sowie nach links und rechts dreht. Durch langes Dr\u00fccken kann die Lautst\u00e4rke angepasst werden. Durch leichtes Ber\u00fchren des vorderen Ber\u00fchrungspunkts des Roboters werden verschiedene Aktionen ausgef\u00fchrt und unterschiedliche Ger\u00e4usche erzeugt. <\/p>\n<p>  3. Sprachwiederholungsmodus: Dr\u00fccken Sie lange auf den vorderen Ber\u00fchrungspunkt oben auf dem Kopf des Roboters, um in den Sprachwiederholungsmodus zu gelangen, und der Roboter wiederholt jeden Satz, den Sie sagen. <\/p>\n<p>  Packliste: <\/p>\n<p>  1 x intelligenter sprechender Roboter f\u00fcr Kinder <\/p>\n<p>  Hinweis: <\/p>\n<p>  Aufgrund unterschiedlicher Beleuchtungs- und Bildschirmeinstellungen kann die Farbe des Artikels geringf\u00fcgig vom Bild abweichen. <\/p>\n<p>  Bitte erlauben Sie aufgrund unterschiedlicher manueller Messungen einen Gr\u00f6\u00dfenunterschied von 1-2 cm. <\/p>\n<p>Vielseitig einsetzbar: Ausgestattet mit einem Ber\u00fchrungssensor und Sprachsteuerung kann dieses Roboterspielzeug singen, tanzen und S\u00e4tze wiederholen und so durch spannendes Spielen die Entdeckungslust der Kinder anregen<br \/>Unterhaltsames Erlebnis: Mit einem fesselnden Aussehen und interessanten Bewegungen sind unsere Roboterspielzeuge f\u00fcr Kinder klein und niedlich, ziehen mit Sicherheit die Aufmerksamkeit der Kinder auf sich und sorgen f\u00fcr stundenlangen interaktiven Spa\u00df. Diese Spielzeuge sind ideal, um Kreativit\u00e4t und Entwicklung anzuregen. Sie sind bei Kindern beliebt und zeichnen sich durch eine hohe Dynamik aus, die zu ihrer Gesamtattraktivit\u00e4t beitr\u00e4gt<br \/>Einfache Einrichtung: Mit mehreren Bedienm\u00f6glichkeiten, einschlie\u00dflich Ber\u00fchrungserkennung, Sprachsteuerung und manuellen Tasten, bietet dieses Roboterspielzeug Kindern ab 3 Jahren ein m\u00fcheloses und unterhaltsames Erlebnis. Es f\u00f6rdert das Engagement und die Interaktion und eignet sich hervorragend f\u00fcr interaktives Spielen<br \/>Hochwertiges Material: Hergestellt aus hochwertigen Materialien mit einer glatten Gummih\u00fclle, ist dieses Roboterspielzeug weich und dennoch sturzsicher und sorgt f\u00fcr dauerhafte Leistung und Sicherheit<br \/>Sorgf\u00e4ltige: Regen Sie die Fantasie Ihres Kindes mit diesem Roboterspielzeug an. Es ist die hervorragende Mischung aus Lernen und Spa\u00df, die den Wunsch Ihrer neugierigen Kinder nach interaktivem Spielen erf\u00fcllt und gleichzeitig die intellektuelle und emotionale Entwicklung f\u00f6rdert. Ein unvergessliches Feiertags-\/Geburtstagsgeschenk<\/p>\n<p>[ad_2]<\/p>\n","protected":false},"excerpt":{"rendered":"<p>Produktbeschreibung Ber\u00fchrungssensor Dieses vielseitige Roboterspielzeug f\u00fcr Kinder regt zum Entdecken und zum unterhaltsamen Lernen an. Mit Ber\u00fchrungssensor und Sprachsteuerungstechnologie singt, tanzt und wiederholt es S\u00e4tze. Ein idealer interaktiver Bildungspartner f\u00fcr Kinder Unterhaltsames Erlebnis Mit einem fesselnden Aussehen und interessanten Bewegungen sind unsere Roboterspielzeuge f\u00fcr Kinder klein und niedlich, ziehen mit Sicherheit die Aufmerksamkeit der Kinder [&hellip;]<\/p>\n","protected":false},"featured_media":3241,"comment_status":"open","ping_status":"closed","template":"","meta":{"_aipt_faq_data":""},"store":[],"product_brand":[],"product_cat":[95],"product_tag":[277],"class_list":{"0":"post-3240","1":"product","2":"type-product","3":"status-publish","4":"has-post-thumbnail","6":"product_cat-sprachgesteuerte-roboter","7":"product_tag-sprachgesteuerte-roboter-haustier","9":"first","10":"instock","11":"shipping-taxable","12":"product-type-external"},"yoast_head":"<!-- This site is optimized with the Yoast SEO plugin v27.0 - https:\/\/yoast.com\/product\/yoast-seo-wordpress\/ -->\n<title>Intelligenter sprechender Roboter, intelligenter sprechender Roboter f\u00fcr Kinder - Intelligentes interaktives Roboterspielzeug, sprechende Roboter-Haustiere | Sprachgesteuerter Kinderroboter mit Ber\u00fchr - EasyLifeBro<\/title>\n<meta name=\"description\" content=\"Entdecken Sie smarte Roboter f\u00fcr Zuhause, Garten, Bildung und Sicherheit. Vergleichen Sie Saugroboter, Rasenm\u00e4hroboter, KI-Begleitroboter und mehr bei EasyLifeRobo.\" \/>\n<meta name=\"robots\" content=\"index, follow, max-snippet:-1, max-image-preview:large, max-video-preview:-1\" \/>\n<link rel=\"canonical\" href=\"https:\/\/easyliferobo.com\/de\/product\/intelligenter-sprechender-roboter-intelligenter-sprechender-roboter-fuer-kinder-intelligentes-interaktives-roboterspielzeug-sprechende-roboter-haustiere-sprachgesteuerter-kinderroboter-mit-berue\/\" \/>\n<meta property=\"og:locale\" content=\"de_DE\" \/>\n<meta property=\"og:type\" content=\"article\" \/>\n<meta property=\"og:title\" content=\"Intelligenter sprechender Roboter, intelligenter sprechender Roboter f\u00fcr Kinder - Intelligentes interaktives Roboterspielzeug, sprechende Roboter-Haustiere | Sprachgesteuerter Kinderroboter mit Ber\u00fchr - EasyLifeBro\" \/>\n<meta property=\"og:description\" content=\"Entdecken Sie smarte Roboter f\u00fcr Zuhause, Garten, Bildung und Sicherheit. Vergleichen Sie Saugroboter, Rasenm\u00e4hroboter, KI-Begleitroboter und mehr bei EasyLifeRobo.\" \/>\n<meta property=\"og:url\" content=\"https:\/\/easyliferobo.com\/de\/product\/intelligenter-sprechender-roboter-intelligenter-sprechender-roboter-fuer-kinder-intelligentes-interaktives-roboterspielzeug-sprechende-roboter-haustiere-sprachgesteuerter-kinderroboter-mit-berue\/\" \/>\n<meta property=\"og:site_name\" content=\"EasyLifeBro\" \/>\n<meta property=\"article:modified_time\" content=\"2026-02-27T06:27:24+00:00\" \/>\n<meta property=\"og:image\" content=\"https:\/\/images-na.ssl-images-amazon.com\/images\/G\/01\/x-locale\/common\/grey-pixel.gif\" \/>\n<meta name=\"twitter:card\" content=\"summary_large_image\" \/>\n<meta name=\"twitter:label1\" content=\"Gesch\u00e4tzte Lesezeit\" \/>\n\t<meta name=\"twitter:data1\" content=\"3\u00a0Minuten\" \/>\n<script type=\"application\/ld+json\" class=\"yoast-schema-graph\">{\"@context\":\"https:\/\/schema.org\",\"@graph\":[{\"@type\":\"WebPage\",\"@id\":\"https:\/\/easyliferobo.com\/de\/product\/intelligenter-sprechender-roboter-intelligenter-sprechender-roboter-fuer-kinder-intelligentes-interaktives-roboterspielzeug-sprechende-roboter-haustiere-sprachgesteuerter-kinderroboter-mit-berue\/\",\"url\":\"https:\/\/easyliferobo.com\/de\/product\/intelligenter-sprechender-roboter-intelligenter-sprechender-roboter-fuer-kinder-intelligentes-interaktives-roboterspielzeug-sprechende-roboter-haustiere-sprachgesteuerter-kinderroboter-mit-berue\/\",\"name\":\"Intelligenter sprechender Roboter, intelligenter sprechender Roboter f\u00fcr Kinder - Intelligentes interaktives Roboterspielzeug, sprechende Roboter-Haustiere | Sprachgesteuerter Kinderroboter mit Ber\u00fchr - EasyLifeBro\",\"isPartOf\":{\"@id\":\"https:\/\/easyliferobo.com\/de\/#website\"},\"primaryImageOfPage\":{\"@id\":\"https:\/\/easyliferobo.com\/de\/product\/intelligenter-sprechender-roboter-intelligenter-sprechender-roboter-fuer-kinder-intelligentes-interaktives-roboterspielzeug-sprechende-roboter-haustiere-sprachgesteuerter-kinderroboter-mit-berue\/#primaryimage\"},\"image\":{\"@id\":\"https:\/\/easyliferobo.com\/de\/product\/intelligenter-sprechender-roboter-intelligenter-sprechender-roboter-fuer-kinder-intelligentes-interaktives-roboterspielzeug-sprechende-roboter-haustiere-sprachgesteuerter-kinderroboter-mit-berue\/#primaryimage\"},\"thumbnailUrl\":\"https:\/\/easyliferobo.com\/de\/wp-content\/uploads\/2026\/02\/61UIn3DwYWL._AC_SL1500_.jpg\",\"datePublished\":\"2026-02-27T06:27:08+00:00\",\"dateModified\":\"2026-02-27T06:27:24+00:00\",\"description\":\"Entdecken Sie smarte Roboter f\u00fcr Zuhause, Garten, Bildung und Sicherheit. Vergleichen Sie Saugroboter, Rasenm\u00e4hroboter, KI-Begleitroboter und mehr bei EasyLifeRobo.\",\"breadcrumb\":{\"@id\":\"https:\/\/easyliferobo.com\/de\/product\/intelligenter-sprechender-roboter-intelligenter-sprechender-roboter-fuer-kinder-intelligentes-interaktives-roboterspielzeug-sprechende-roboter-haustiere-sprachgesteuerter-kinderroboter-mit-berue\/#breadcrumb\"},\"inLanguage\":\"de\",\"potentialAction\":[{\"@type\":\"ReadAction\",\"target\":[\"https:\/\/easyliferobo.com\/de\/product\/intelligenter-sprechender-roboter-intelligenter-sprechender-roboter-fuer-kinder-intelligentes-interaktives-roboterspielzeug-sprechende-roboter-haustiere-sprachgesteuerter-kinderroboter-mit-berue\/\"]}]},{\"@type\":\"ImageObject\",\"inLanguage\":\"de\",\"@id\":\"https:\/\/easyliferobo.com\/de\/product\/intelligenter-sprechender-roboter-intelligenter-sprechender-roboter-fuer-kinder-intelligentes-interaktives-roboterspielzeug-sprechende-roboter-haustiere-sprachgesteuerter-kinderroboter-mit-berue\/#primaryimage\",\"url\":\"https:\/\/easyliferobo.com\/de\/wp-content\/uploads\/2026\/02\/61UIn3DwYWL._AC_SL1500_.jpg\",\"contentUrl\":\"https:\/\/easyliferobo.com\/de\/wp-content\/uploads\/2026\/02\/61UIn3DwYWL._AC_SL1500_.jpg\",\"width\":1500,\"height\":1305},{\"@type\":\"BreadcrumbList\",\"@id\":\"https:\/\/easyliferobo.com\/de\/product\/intelligenter-sprechender-roboter-intelligenter-sprechender-roboter-fuer-kinder-intelligentes-interaktives-roboterspielzeug-sprechende-roboter-haustiere-sprachgesteuerter-kinderroboter-mit-berue\/#breadcrumb\",\"itemListElement\":[{\"@type\":\"ListItem\",\"position\":1,\"name\":\"Home\",\"item\":\"https:\/\/easyliferobo.com\/de\/\"},{\"@type\":\"ListItem\",\"position\":2,\"name\":\"Shop\",\"item\":\"https:\/\/easyliferobo.com\/de\/shop\/\"},{\"@type\":\"ListItem\",\"position\":3,\"name\":\"Intelligenter sprechender Roboter, ...\"}]},{\"@type\":\"WebSite\",\"@id\":\"https:\/\/easyliferobo.com\/de\/#website\",\"url\":\"https:\/\/easyliferobo.com\/de\/\",\"name\":\"EasyLifeBro\",\"description\":\"Smarte Roboter f\u00fcr Zuhause, Garten &amp; Bildung\",\"publisher\":{\"@id\":\"https:\/\/easyliferobo.com\/de\/#organization\"},\"potentialAction\":[{\"@type\":\"SearchAction\",\"target\":{\"@type\":\"EntryPoint\",\"urlTemplate\":\"https:\/\/easyliferobo.com\/de\/?s={search_term_string}\"},\"query-input\":{\"@type\":\"PropertyValueSpecification\",\"valueRequired\":true,\"valueName\":\"search_term_string\"}}],\"inLanguage\":\"de\"},{\"@type\":\"Organization\",\"@id\":\"https:\/\/easyliferobo.com\/de\/#organization\",\"name\":\"EasyLifeBro\",\"url\":\"https:\/\/easyliferobo.com\/de\/\",\"logo\":{\"@type\":\"ImageObject\",\"inLanguage\":\"de\",\"@id\":\"https:\/\/easyliferobo.com\/de\/#\/schema\/logo\/image\/\",\"url\":\"https:\/\/easyliferobo.com\/de\/wp-content\/uploads\/2026\/02\/Screenshot-2026-02-22-at-2.25.03-PM.png\",\"contentUrl\":\"https:\/\/easyliferobo.com\/de\/wp-content\/uploads\/2026\/02\/Screenshot-2026-02-22-at-2.25.03-PM.png\",\"width\":1858,\"height\":430,\"caption\":\"EasyLifeBro\"},\"image\":{\"@id\":\"https:\/\/easyliferobo.com\/de\/#\/schema\/logo\/image\/\"}}]}<\/script>\n<!-- \/ Yoast SEO plugin. -->","yoast_head_json":{"title":"Intelligenter sprechender Roboter, intelligenter sprechender Roboter f\u00fcr Kinder - Intelligentes interaktives Roboterspielzeug, sprechende Roboter-Haustiere | Sprachgesteuerter Kinderroboter mit Ber\u00fchr - EasyLifeBro","description":"Entdecken Sie smarte Roboter f\u00fcr Zuhause, Garten, Bildung und Sicherheit. Vergleichen Sie Saugroboter, Rasenm\u00e4hroboter, KI-Begleitroboter und mehr bei EasyLifeRobo.","robots":{"index":"index","follow":"follow","max-snippet":"max-snippet:-1","max-image-preview":"max-image-preview:large","max-video-preview":"max-video-preview:-1"},"canonical":"https:\/\/easyliferobo.com\/de\/product\/intelligenter-sprechender-roboter-intelligenter-sprechender-roboter-fuer-kinder-intelligentes-interaktives-roboterspielzeug-sprechende-roboter-haustiere-sprachgesteuerter-kinderroboter-mit-berue\/","og_locale":"de_DE","og_type":"article","og_title":"Intelligenter sprechender Roboter, intelligenter sprechender Roboter f\u00fcr Kinder - Intelligentes interaktives Roboterspielzeug, sprechende Roboter-Haustiere | Sprachgesteuerter Kinderroboter mit Ber\u00fchr - EasyLifeBro","og_description":"Entdecken Sie smarte Roboter f\u00fcr Zuhause, Garten, Bildung und Sicherheit. Vergleichen Sie Saugroboter, Rasenm\u00e4hroboter, KI-Begleitroboter und mehr bei EasyLifeRobo.","og_url":"https:\/\/easyliferobo.com\/de\/product\/intelligenter-sprechender-roboter-intelligenter-sprechender-roboter-fuer-kinder-intelligentes-interaktives-roboterspielzeug-sprechende-roboter-haustiere-sprachgesteuerter-kinderroboter-mit-berue\/","og_site_name":"EasyLifeBro","article_modified_time":"2026-02-27T06:27:24+00:00","og_image":[{"url":"https:\/\/images-na.ssl-images-amazon.com\/images\/G\/01\/x-locale\/common\/grey-pixel.gif","type":"","width":"","height":""}],"twitter_card":"summary_large_image","twitter_misc":{"Gesch\u00e4tzte Lesezeit":"3\u00a0Minuten"},"schema":{"@context":"https:\/\/schema.org","@graph":[{"@type":"WebPage","@id":"https:\/\/easyliferobo.com\/de\/product\/intelligenter-sprechender-roboter-intelligenter-sprechender-roboter-fuer-kinder-intelligentes-interaktives-roboterspielzeug-sprechende-roboter-haustiere-sprachgesteuerter-kinderroboter-mit-berue\/","url":"https:\/\/easyliferobo.com\/de\/product\/intelligenter-sprechender-roboter-intelligenter-sprechender-roboter-fuer-kinder-intelligentes-interaktives-roboterspielzeug-sprechende-roboter-haustiere-sprachgesteuerter-kinderroboter-mit-berue\/","name":"Intelligenter sprechender Roboter, intelligenter sprechender Roboter f\u00fcr Kinder - Intelligentes interaktives Roboterspielzeug, sprechende Roboter-Haustiere | Sprachgesteuerter Kinderroboter mit Ber\u00fchr - EasyLifeBro","isPartOf":{"@id":"https:\/\/easyliferobo.com\/de\/#website"},"primaryImageOfPage":{"@id":"https:\/\/easyliferobo.com\/de\/product\/intelligenter-sprechender-roboter-intelligenter-sprechender-roboter-fuer-kinder-intelligentes-interaktives-roboterspielzeug-sprechende-roboter-haustiere-sprachgesteuerter-kinderroboter-mit-berue\/#primaryimage"},"image":{"@id":"https:\/\/easyliferobo.com\/de\/product\/intelligenter-sprechender-roboter-intelligenter-sprechender-roboter-fuer-kinder-intelligentes-interaktives-roboterspielzeug-sprechende-roboter-haustiere-sprachgesteuerter-kinderroboter-mit-berue\/#primaryimage"},"thumbnailUrl":"https:\/\/easyliferobo.com\/de\/wp-content\/uploads\/2026\/02\/61UIn3DwYWL._AC_SL1500_.jpg","datePublished":"2026-02-27T06:27:08+00:00","dateModified":"2026-02-27T06:27:24+00:00","description":"Entdecken Sie smarte Roboter f\u00fcr Zuhause, Garten, Bildung und Sicherheit. Vergleichen Sie Saugroboter, Rasenm\u00e4hroboter, KI-Begleitroboter und mehr bei EasyLifeRobo.","breadcrumb":{"@id":"https:\/\/easyliferobo.com\/de\/product\/intelligenter-sprechender-roboter-intelligenter-sprechender-roboter-fuer-kinder-intelligentes-interaktives-roboterspielzeug-sprechende-roboter-haustiere-sprachgesteuerter-kinderroboter-mit-berue\/#breadcrumb"},"inLanguage":"de","potentialAction":[{"@type":"ReadAction","target":["https:\/\/easyliferobo.com\/de\/product\/intelligenter-sprechender-roboter-intelligenter-sprechender-roboter-fuer-kinder-intelligentes-interaktives-roboterspielzeug-sprechende-roboter-haustiere-sprachgesteuerter-kinderroboter-mit-berue\/"]}]},{"@type":"ImageObject","inLanguage":"de","@id":"https:\/\/easyliferobo.com\/de\/product\/intelligenter-sprechender-roboter-intelligenter-sprechender-roboter-fuer-kinder-intelligentes-interaktives-roboterspielzeug-sprechende-roboter-haustiere-sprachgesteuerter-kinderroboter-mit-berue\/#primaryimage","url":"https:\/\/easyliferobo.com\/de\/wp-content\/uploads\/2026\/02\/61UIn3DwYWL._AC_SL1500_.jpg","contentUrl":"https:\/\/easyliferobo.com\/de\/wp-content\/uploads\/2026\/02\/61UIn3DwYWL._AC_SL1500_.jpg","width":1500,"height":1305},{"@type":"BreadcrumbList","@id":"https:\/\/easyliferobo.com\/de\/product\/intelligenter-sprechender-roboter-intelligenter-sprechender-roboter-fuer-kinder-intelligentes-interaktives-roboterspielzeug-sprechende-roboter-haustiere-sprachgesteuerter-kinderroboter-mit-berue\/#breadcrumb","itemListElement":[{"@type":"ListItem","position":1,"name":"Home","item":"https:\/\/easyliferobo.com\/de\/"},{"@type":"ListItem","position":2,"name":"Shop","item":"https:\/\/easyliferobo.com\/de\/shop\/"},{"@type":"ListItem","position":3,"name":"Intelligenter sprechender Roboter, ..."}]},{"@type":"WebSite","@id":"https:\/\/easyliferobo.com\/de\/#website","url":"https:\/\/easyliferobo.com\/de\/","name":"EasyLifeBro","description":"Smarte Roboter f\u00fcr Zuhause, Garten &amp; Bildung","publisher":{"@id":"https:\/\/easyliferobo.com\/de\/#organization"},"potentialAction":[{"@type":"SearchAction","target":{"@type":"EntryPoint","urlTemplate":"https:\/\/easyliferobo.com\/de\/?s={search_term_string}"},"query-input":{"@type":"PropertyValueSpecification","valueRequired":true,"valueName":"search_term_string"}}],"inLanguage":"de"},{"@type":"Organization","@id":"https:\/\/easyliferobo.com\/de\/#organization","name":"EasyLifeBro","url":"https:\/\/easyliferobo.com\/de\/","logo":{"@type":"ImageObject","inLanguage":"de","@id":"https:\/\/easyliferobo.com\/de\/#\/schema\/logo\/image\/","url":"https:\/\/easyliferobo.com\/de\/wp-content\/uploads\/2026\/02\/Screenshot-2026-02-22-at-2.25.03-PM.png","contentUrl":"https:\/\/easyliferobo.com\/de\/wp-content\/uploads\/2026\/02\/Screenshot-2026-02-22-at-2.25.03-PM.png","width":1858,"height":430,"caption":"EasyLifeBro"},"image":{"@id":"https:\/\/easyliferobo.com\/de\/#\/schema\/logo\/image\/"}}]}},"_links":{"self":[{"href":"https:\/\/easyliferobo.com\/de\/wp-json\/wp\/v2\/product\/3240","targetHints":{"allow":["GET"]}}],"collection":[{"href":"https:\/\/easyliferobo.com\/de\/wp-json\/wp\/v2\/product"}],"about":[{"href":"https:\/\/easyliferobo.com\/de\/wp-json\/wp\/v2\/types\/product"}],"replies":[{"embeddable":true,"href":"https:\/\/easyliferobo.com\/de\/wp-json\/wp\/v2\/comments?post=3240"}],"wp:featuredmedia":[{"embeddable":true,"href":"https:\/\/easyliferobo.com\/de\/wp-json\/wp\/v2\/media\/3241"}],"wp:attachment":[{"href":"https:\/\/easyliferobo.com\/de\/wp-json\/wp\/v2\/media?parent=3240"}],"wp:term":[{"taxonomy":"store","embeddable":true,"href":"https:\/\/easyliferobo.com\/de\/wp-json\/wp\/v2\/store?post=3240"},{"taxonomy":"product_brand","embeddable":true,"href":"https:\/\/easyliferobo.com\/de\/wp-json\/wp\/v2\/product_brand?post=3240"},{"taxonomy":"product_cat","embeddable":true,"href":"https:\/\/easyliferobo.com\/de\/wp-json\/wp\/v2\/product_cat?post=3240"},{"taxonomy":"product_tag","embeddable":true,"href":"https:\/\/easyliferobo.com\/de\/wp-json\/wp\/v2\/product_tag?post=3240"}],"curies":[{"name":"wp","href":"https:\/\/api.w.org\/{rel}","templated":true}]}}