
{"id":3232,"date":"2026-02-27T06:26:10","date_gmt":"2026-02-27T06:26:10","guid":{"rendered":"https:\/\/easyliferobo.com\/de\/product\/rehabilitationsroboter-handschuhe-trainingsgeraet-fuer-die-genesung-von-patienten-mit-zerebralparese-arthritis-schlaganfall-und-hemiplegie-intelligenter-touchscreen-fuer-verschiedene-personengr\/"},"modified":"2026-02-27T06:26:23","modified_gmt":"2026-02-27T06:26:23","slug":"rehabilitationsroboter-handschuhe-trainingsgeraet-fuer-die-genesung-von-patienten-mit-zerebralparese-arthritis-schlaganfall-und-hemiplegie-intelligenter-touchscreen-fuer-verschiedene-personengr","status":"publish","type":"product","link":"https:\/\/easyliferobo.com\/de\/product\/rehabilitationsroboter-handschuhe-trainingsgeraet-fuer-die-genesung-von-patienten-mit-zerebralparese-arthritis-schlaganfall-und-hemiplegie-intelligenter-touchscreen-fuer-verschiedene-personengr\/","title":{"rendered":"Rehabilitationsroboter-Handschuhe, ..."},"content":{"rendered":"<p>    <span>Kein eingebauter Akku, muss zum Betrieb an eine Stromversorgung\/mobile Stromversorgung angeschlossen werden. Das Netzteil mit Direktanschluss ist leistungsst\u00e4rker als die Akkuversion.<br \/>Produktmerkmale:<br \/> &#8211; Mattiertes Display, hochaufl\u00f6sende Anzeige, einfache Bedienung<br \/> &#8211; ABS-Geh\u00e4use, rutschfest und fingerabdruckabweisend<br \/> &#8211; Einfache Tasten, Ein-Knopf-Start<br \/> &#8211; Training mit einem, zwei, mehreren oder paarweise Fingern m\u00f6glich<br \/> &#8211; Kompakt und tragbar, flexibel Training f\u00fcr mehr Freiheit<br \/> &#8211; Intelligenter Betrieb, leise und ger\u00e4uscharm<br \/> &#8211; Integrierter Smart-Chip, sicher und stabil<br \/> &#8211; Brandneues Upgrade, starke Leistung, hohe Performance<br \/>Produktspezifikationen:<br \/> Produktname: Fingertrainingsger\u00e4t<br \/> Produktgr\u00f6\u00dfe: L 105 \u00d7 B 88 \u00d7 H 41 mm<br \/> Produktgewicht: Hauptger\u00e4t ca. 199 Gramm, Handschuhe ca. 200 Gramm<br \/> Produktfunktion: Unterst\u00fctzung des Handtrainings<br \/> Empfohlene Anwendung: 2-3 Mal t\u00e4glich, jeweils 15 Minuten Ausgang: 5 V\/2 A<br \/>Anwendungsbereich:<br \/> \u25cfDie Fingergelenke des Patienten erholen sich nach der Verletzung.<br \/> \u25cfSchlaganfall, Hirnverletzung, Zerebralparese, R\u00fcckenmarksverletzung, orthop\u00e4dische Operation,<br \/> \u25cfFolgen von Handfunktionsst\u00f6rungen infolge von Multipler Sklerose.<br \/>Lieferumfang:<br \/> Rehabilitationshandschuhe x1 (linke oder rechte Hand)<br \/> Hauptger\u00e4t x1<br \/> Hilfsgurt x1<br \/> Bedienungsanleitung x1<br \/> Netzstecker x1<br \/> Datenkabel x1<br \/>Vorsichtsma\u00dfnahmen:<br \/> Die Anwendungsdauer sollte nicht zu lang sein. Es wird empfohlen, das Ger\u00e4t innerhalb von 20 Minuten zu verwenden.<\/span>    <br \/>\u3010Rehabilitationstraining f\u00fcr einh\u00e4ndige Personen\u3011Aktivieren Sie das gezielte Training, indem Sie den Schalter an den Handschuhen bet\u00e4tigen, um einen oder mehrere Finger auszuw\u00e4hlen. Dieser Modus ist besonders vorteilhaft f\u00fcr Patienten mit anhaltenden Beschwerden in der Hand.<br \/>\u3010Volle Streckung und Kontrolle\u3011Ausgestattet mit f\u00fcnf unabh\u00e4ngigen Bewegungsabl\u00e4ufen erm\u00f6glichen die Handschuhe eine pr\u00e4zise Steuerung des Fingertrainings. Gleichzeitig gew\u00e4hrleistet das Design die volle Streckung der Finger w\u00e4hrend der \u00dcbungen. Die Touchscreen-Oberfl\u00e4che zeigt \u00fcbersichtlich den gew\u00e4hlten Trainingsmodus und die Dauer an und verbessert so das Benutzererlebnis und die effektive Fortschrittskontrolle.<br \/>\u3010ERGONOMISCHE HERVORRAGENDE LEISTUNG\u3011Diese Rehabilitationshandschuhe aus weichen Polymermaterialien zeichnen sich durch ein dreidimensionales, an die menschliche Hand angepasstes Design aus. Zwei \u00dcbungsmodi (automatisch und interaktiv) \u2013 Streckung und Beugung \u2013 helfen, Handkr\u00e4mpfe und -steifheit zu lindern.<br \/>\u3010FORTGESCHRITTENES AUTOMATISCHES TRAINING\u3011 Der Roboterhandschuh f\u00fchrt Patienten durch das Handtraining mit intelligenten Simulationen von Beugung, Streckung und fein abgestimmten Anpassungen. Die Intensit\u00e4tsgeschwindigkeiten reagieren auf unterschiedliche Grade von Handkr\u00e4mpfen und Steifheit und bieten so ein umfassendes und adaptives Rehabilitationserlebnis.<br \/>\u3010GEW\u00c4HRLEISTUNGSF\u00c4HIGE PERSONEN\u3011Unsere Handschienen eignen sich zur Behandlung von Fingerfunktionsst\u00f6rungen, die durch Fingerbeugekr\u00e4mpfe, Zerebralparese oder Folgen eines Hirninfarkts verursacht werden. Sie stellen die Doppelfunktion von Fingern und H\u00e4nden wieder her, f\u00f6rdern die Durchblutung und beseitigen durch langes Arbeiten verursachte H\u00e4ndem\u00fcdung.<\/p>\n<p>[ad_2]<\/p>\n","protected":false},"excerpt":{"rendered":"<p>Kein eingebauter Akku, muss zum Betrieb an eine Stromversorgung\/mobile Stromversorgung angeschlossen werden. Das Netzteil mit Direktanschluss ist leistungsst\u00e4rker als die Akkuversion.Produktmerkmale: &#8211; Mattiertes Display, hochaufl\u00f6sende Anzeige, einfache Bedienung &#8211; ABS-Geh\u00e4use, rutschfest und fingerabdruckabweisend &#8211; Einfache Tasten, Ein-Knopf-Start &#8211; Training mit einem, zwei, mehreren oder paarweise Fingern m\u00f6glich &#8211; Kompakt und tragbar, flexibel Training f\u00fcr mehr [&hellip;]<\/p>\n","protected":false},"featured_media":3233,"comment_status":"open","ping_status":"closed","template":"","meta":{"_aipt_faq_data":""},"store":[],"product_brand":[],"product_cat":[96],"product_tag":[275],"class_list":{"0":"post-3232","1":"product","2":"type-product","3":"status-publish","4":"has-post-thumbnail","6":"product_cat-senioren-begleitroboter","7":"product_tag-senioren-begleitroboter-zur-alltagshilfe","9":"first","10":"instock","11":"shipping-taxable","12":"product-type-external"},"yoast_head":"<!-- This site is optimized with the Yoast SEO plugin v27.4 - https:\/\/yoast.com\/product\/yoast-seo-wordpress\/ -->\n<title>Rehabilitationsroboter-Handschuhe, Trainingsger\u00e4t f\u00fcr die Genesung von Patienten mit Zerebralparese, Arthritis, Schlaganfall und Hemiplegie, intelligenter Touchscreen, f\u00fcr verschiedene Personengr - EasyLifeBro<\/title>\n<meta name=\"description\" content=\"Entdecken Sie smarte Roboter f\u00fcr Zuhause, Garten, Bildung und Sicherheit. Vergleichen Sie Saugroboter, Rasenm\u00e4hroboter, KI-Begleitroboter und mehr bei EasyLifeRobo.\" \/>\n<meta name=\"robots\" content=\"index, follow, max-snippet:-1, max-image-preview:large, max-video-preview:-1\" \/>\n<link rel=\"canonical\" href=\"https:\/\/easyliferobo.com\/de\/product\/rehabilitationsroboter-handschuhe-trainingsgeraet-fuer-die-genesung-von-patienten-mit-zerebralparese-arthritis-schlaganfall-und-hemiplegie-intelligenter-touchscreen-fuer-verschiedene-personengr\/\" \/>\n<meta property=\"og:locale\" content=\"de_DE\" \/>\n<meta property=\"og:type\" content=\"article\" \/>\n<meta property=\"og:title\" content=\"Rehabilitationsroboter-Handschuhe, Trainingsger\u00e4t f\u00fcr die Genesung von Patienten mit Zerebralparese, Arthritis, Schlaganfall und Hemiplegie, intelligenter Touchscreen, f\u00fcr verschiedene Personengr - EasyLifeBro\" \/>\n<meta property=\"og:description\" content=\"Entdecken Sie smarte Roboter f\u00fcr Zuhause, Garten, Bildung und Sicherheit. Vergleichen Sie Saugroboter, Rasenm\u00e4hroboter, KI-Begleitroboter und mehr bei EasyLifeRobo.\" \/>\n<meta property=\"og:url\" content=\"https:\/\/easyliferobo.com\/de\/product\/rehabilitationsroboter-handschuhe-trainingsgeraet-fuer-die-genesung-von-patienten-mit-zerebralparese-arthritis-schlaganfall-und-hemiplegie-intelligenter-touchscreen-fuer-verschiedene-personengr\/\" \/>\n<meta property=\"og:site_name\" content=\"EasyLifeBro\" \/>\n<meta property=\"article:modified_time\" content=\"2026-02-27T06:26:23+00:00\" \/>\n<meta name=\"twitter:card\" content=\"summary_large_image\" \/>\n<meta name=\"twitter:label1\" content=\"Gesch\u00e4tzte Lesezeit\" \/>\n\t<meta name=\"twitter:data1\" content=\"2\u00a0Minuten\" \/>\n<script type=\"application\/ld+json\" class=\"yoast-schema-graph\">{\"@context\":\"https:\\\/\\\/schema.org\",\"@graph\":[{\"@type\":\"WebPage\",\"@id\":\"https:\\\/\\\/easyliferobo.com\\\/de\\\/product\\\/rehabilitationsroboter-handschuhe-trainingsgeraet-fuer-die-genesung-von-patienten-mit-zerebralparese-arthritis-schlaganfall-und-hemiplegie-intelligenter-touchscreen-fuer-verschiedene-personengr\\\/\",\"url\":\"https:\\\/\\\/easyliferobo.com\\\/de\\\/product\\\/rehabilitationsroboter-handschuhe-trainingsgeraet-fuer-die-genesung-von-patienten-mit-zerebralparese-arthritis-schlaganfall-und-hemiplegie-intelligenter-touchscreen-fuer-verschiedene-personengr\\\/\",\"name\":\"Rehabilitationsroboter-Handschuhe, Trainingsger\u00e4t f\u00fcr die Genesung von Patienten mit Zerebralparese, Arthritis, Schlaganfall und Hemiplegie, intelligenter Touchscreen, f\u00fcr verschiedene Personengr - EasyLifeBro\",\"isPartOf\":{\"@id\":\"https:\\\/\\\/easyliferobo.com\\\/de\\\/#website\"},\"primaryImageOfPage\":{\"@id\":\"https:\\\/\\\/easyliferobo.com\\\/de\\\/product\\\/rehabilitationsroboter-handschuhe-trainingsgeraet-fuer-die-genesung-von-patienten-mit-zerebralparese-arthritis-schlaganfall-und-hemiplegie-intelligenter-touchscreen-fuer-verschiedene-personengr\\\/#primaryimage\"},\"image\":{\"@id\":\"https:\\\/\\\/easyliferobo.com\\\/de\\\/product\\\/rehabilitationsroboter-handschuhe-trainingsgeraet-fuer-die-genesung-von-patienten-mit-zerebralparese-arthritis-schlaganfall-und-hemiplegie-intelligenter-touchscreen-fuer-verschiedene-personengr\\\/#primaryimage\"},\"thumbnailUrl\":\"https:\\\/\\\/easyliferobo.com\\\/de\\\/wp-content\\\/uploads\\\/2026\\\/02\\\/71RvMrNmwDL._AC_SL1500_.jpg\",\"datePublished\":\"2026-02-27T06:26:10+00:00\",\"dateModified\":\"2026-02-27T06:26:23+00:00\",\"description\":\"Entdecken Sie smarte Roboter f\u00fcr Zuhause, Garten, Bildung und Sicherheit. Vergleichen Sie Saugroboter, Rasenm\u00e4hroboter, KI-Begleitroboter und mehr bei EasyLifeRobo.\",\"breadcrumb\":{\"@id\":\"https:\\\/\\\/easyliferobo.com\\\/de\\\/product\\\/rehabilitationsroboter-handschuhe-trainingsgeraet-fuer-die-genesung-von-patienten-mit-zerebralparese-arthritis-schlaganfall-und-hemiplegie-intelligenter-touchscreen-fuer-verschiedene-personengr\\\/#breadcrumb\"},\"inLanguage\":\"de\",\"potentialAction\":[{\"@type\":\"ReadAction\",\"target\":[\"https:\\\/\\\/easyliferobo.com\\\/de\\\/product\\\/rehabilitationsroboter-handschuhe-trainingsgeraet-fuer-die-genesung-von-patienten-mit-zerebralparese-arthritis-schlaganfall-und-hemiplegie-intelligenter-touchscreen-fuer-verschiedene-personengr\\\/\"]}]},{\"@type\":\"ImageObject\",\"inLanguage\":\"de\",\"@id\":\"https:\\\/\\\/easyliferobo.com\\\/de\\\/product\\\/rehabilitationsroboter-handschuhe-trainingsgeraet-fuer-die-genesung-von-patienten-mit-zerebralparese-arthritis-schlaganfall-und-hemiplegie-intelligenter-touchscreen-fuer-verschiedene-personengr\\\/#primaryimage\",\"url\":\"https:\\\/\\\/easyliferobo.com\\\/de\\\/wp-content\\\/uploads\\\/2026\\\/02\\\/71RvMrNmwDL._AC_SL1500_.jpg\",\"contentUrl\":\"https:\\\/\\\/easyliferobo.com\\\/de\\\/wp-content\\\/uploads\\\/2026\\\/02\\\/71RvMrNmwDL._AC_SL1500_.jpg\",\"width\":1395,\"height\":1427},{\"@type\":\"BreadcrumbList\",\"@id\":\"https:\\\/\\\/easyliferobo.com\\\/de\\\/product\\\/rehabilitationsroboter-handschuhe-trainingsgeraet-fuer-die-genesung-von-patienten-mit-zerebralparese-arthritis-schlaganfall-und-hemiplegie-intelligenter-touchscreen-fuer-verschiedene-personengr\\\/#breadcrumb\",\"itemListElement\":[{\"@type\":\"ListItem\",\"position\":1,\"name\":\"Home\",\"item\":\"https:\\\/\\\/easyliferobo.com\\\/de\\\/\"},{\"@type\":\"ListItem\",\"position\":2,\"name\":\"Shop\",\"item\":\"https:\\\/\\\/easyliferobo.com\\\/de\\\/shop\\\/\"},{\"@type\":\"ListItem\",\"position\":3,\"name\":\"Rehabilitationsroboter-Handschuhe, ...\"}]},{\"@type\":\"WebSite\",\"@id\":\"https:\\\/\\\/easyliferobo.com\\\/de\\\/#website\",\"url\":\"https:\\\/\\\/easyliferobo.com\\\/de\\\/\",\"name\":\"EasyLifeBro\",\"description\":\"Smarte Roboter f\u00fcr Zuhause, Garten &amp; Bildung\",\"publisher\":{\"@id\":\"https:\\\/\\\/easyliferobo.com\\\/de\\\/#organization\"},\"potentialAction\":[{\"@type\":\"SearchAction\",\"target\":{\"@type\":\"EntryPoint\",\"urlTemplate\":\"https:\\\/\\\/easyliferobo.com\\\/de\\\/?s={search_term_string}\"},\"query-input\":{\"@type\":\"PropertyValueSpecification\",\"valueRequired\":true,\"valueName\":\"search_term_string\"}}],\"inLanguage\":\"de\"},{\"@type\":\"Organization\",\"@id\":\"https:\\\/\\\/easyliferobo.com\\\/de\\\/#organization\",\"name\":\"EasyLifeBro\",\"url\":\"https:\\\/\\\/easyliferobo.com\\\/de\\\/\",\"logo\":{\"@type\":\"ImageObject\",\"inLanguage\":\"de\",\"@id\":\"https:\\\/\\\/easyliferobo.com\\\/de\\\/#\\\/schema\\\/logo\\\/image\\\/\",\"url\":\"https:\\\/\\\/easyliferobo.com\\\/de\\\/wp-content\\\/uploads\\\/2026\\\/02\\\/Screenshot-2026-02-22-at-2.25.03-PM.png\",\"contentUrl\":\"https:\\\/\\\/easyliferobo.com\\\/de\\\/wp-content\\\/uploads\\\/2026\\\/02\\\/Screenshot-2026-02-22-at-2.25.03-PM.png\",\"width\":1858,\"height\":430,\"caption\":\"EasyLifeBro\"},\"image\":{\"@id\":\"https:\\\/\\\/easyliferobo.com\\\/de\\\/#\\\/schema\\\/logo\\\/image\\\/\"}}]}<\/script>\n<!-- \/ Yoast SEO plugin. -->","yoast_head_json":{"title":"Rehabilitationsroboter-Handschuhe, Trainingsger\u00e4t f\u00fcr die Genesung von Patienten mit Zerebralparese, Arthritis, Schlaganfall und Hemiplegie, intelligenter Touchscreen, f\u00fcr verschiedene Personengr - EasyLifeBro","description":"Entdecken Sie smarte Roboter f\u00fcr Zuhause, Garten, Bildung und Sicherheit. Vergleichen Sie Saugroboter, Rasenm\u00e4hroboter, KI-Begleitroboter und mehr bei EasyLifeRobo.","robots":{"index":"index","follow":"follow","max-snippet":"max-snippet:-1","max-image-preview":"max-image-preview:large","max-video-preview":"max-video-preview:-1"},"canonical":"https:\/\/easyliferobo.com\/de\/product\/rehabilitationsroboter-handschuhe-trainingsgeraet-fuer-die-genesung-von-patienten-mit-zerebralparese-arthritis-schlaganfall-und-hemiplegie-intelligenter-touchscreen-fuer-verschiedene-personengr\/","og_locale":"de_DE","og_type":"article","og_title":"Rehabilitationsroboter-Handschuhe, Trainingsger\u00e4t f\u00fcr die Genesung von Patienten mit Zerebralparese, Arthritis, Schlaganfall und Hemiplegie, intelligenter Touchscreen, f\u00fcr verschiedene Personengr - EasyLifeBro","og_description":"Entdecken Sie smarte Roboter f\u00fcr Zuhause, Garten, Bildung und Sicherheit. Vergleichen Sie Saugroboter, Rasenm\u00e4hroboter, KI-Begleitroboter und mehr bei EasyLifeRobo.","og_url":"https:\/\/easyliferobo.com\/de\/product\/rehabilitationsroboter-handschuhe-trainingsgeraet-fuer-die-genesung-von-patienten-mit-zerebralparese-arthritis-schlaganfall-und-hemiplegie-intelligenter-touchscreen-fuer-verschiedene-personengr\/","og_site_name":"EasyLifeBro","article_modified_time":"2026-02-27T06:26:23+00:00","twitter_card":"summary_large_image","twitter_misc":{"Gesch\u00e4tzte Lesezeit":"2\u00a0Minuten"},"schema":{"@context":"https:\/\/schema.org","@graph":[{"@type":"WebPage","@id":"https:\/\/easyliferobo.com\/de\/product\/rehabilitationsroboter-handschuhe-trainingsgeraet-fuer-die-genesung-von-patienten-mit-zerebralparese-arthritis-schlaganfall-und-hemiplegie-intelligenter-touchscreen-fuer-verschiedene-personengr\/","url":"https:\/\/easyliferobo.com\/de\/product\/rehabilitationsroboter-handschuhe-trainingsgeraet-fuer-die-genesung-von-patienten-mit-zerebralparese-arthritis-schlaganfall-und-hemiplegie-intelligenter-touchscreen-fuer-verschiedene-personengr\/","name":"Rehabilitationsroboter-Handschuhe, Trainingsger\u00e4t f\u00fcr die Genesung von Patienten mit Zerebralparese, Arthritis, Schlaganfall und Hemiplegie, intelligenter Touchscreen, f\u00fcr verschiedene Personengr - EasyLifeBro","isPartOf":{"@id":"https:\/\/easyliferobo.com\/de\/#website"},"primaryImageOfPage":{"@id":"https:\/\/easyliferobo.com\/de\/product\/rehabilitationsroboter-handschuhe-trainingsgeraet-fuer-die-genesung-von-patienten-mit-zerebralparese-arthritis-schlaganfall-und-hemiplegie-intelligenter-touchscreen-fuer-verschiedene-personengr\/#primaryimage"},"image":{"@id":"https:\/\/easyliferobo.com\/de\/product\/rehabilitationsroboter-handschuhe-trainingsgeraet-fuer-die-genesung-von-patienten-mit-zerebralparese-arthritis-schlaganfall-und-hemiplegie-intelligenter-touchscreen-fuer-verschiedene-personengr\/#primaryimage"},"thumbnailUrl":"https:\/\/easyliferobo.com\/de\/wp-content\/uploads\/2026\/02\/71RvMrNmwDL._AC_SL1500_.jpg","datePublished":"2026-02-27T06:26:10+00:00","dateModified":"2026-02-27T06:26:23+00:00","description":"Entdecken Sie smarte Roboter f\u00fcr Zuhause, Garten, Bildung und Sicherheit. Vergleichen Sie Saugroboter, Rasenm\u00e4hroboter, KI-Begleitroboter und mehr bei EasyLifeRobo.","breadcrumb":{"@id":"https:\/\/easyliferobo.com\/de\/product\/rehabilitationsroboter-handschuhe-trainingsgeraet-fuer-die-genesung-von-patienten-mit-zerebralparese-arthritis-schlaganfall-und-hemiplegie-intelligenter-touchscreen-fuer-verschiedene-personengr\/#breadcrumb"},"inLanguage":"de","potentialAction":[{"@type":"ReadAction","target":["https:\/\/easyliferobo.com\/de\/product\/rehabilitationsroboter-handschuhe-trainingsgeraet-fuer-die-genesung-von-patienten-mit-zerebralparese-arthritis-schlaganfall-und-hemiplegie-intelligenter-touchscreen-fuer-verschiedene-personengr\/"]}]},{"@type":"ImageObject","inLanguage":"de","@id":"https:\/\/easyliferobo.com\/de\/product\/rehabilitationsroboter-handschuhe-trainingsgeraet-fuer-die-genesung-von-patienten-mit-zerebralparese-arthritis-schlaganfall-und-hemiplegie-intelligenter-touchscreen-fuer-verschiedene-personengr\/#primaryimage","url":"https:\/\/easyliferobo.com\/de\/wp-content\/uploads\/2026\/02\/71RvMrNmwDL._AC_SL1500_.jpg","contentUrl":"https:\/\/easyliferobo.com\/de\/wp-content\/uploads\/2026\/02\/71RvMrNmwDL._AC_SL1500_.jpg","width":1395,"height":1427},{"@type":"BreadcrumbList","@id":"https:\/\/easyliferobo.com\/de\/product\/rehabilitationsroboter-handschuhe-trainingsgeraet-fuer-die-genesung-von-patienten-mit-zerebralparese-arthritis-schlaganfall-und-hemiplegie-intelligenter-touchscreen-fuer-verschiedene-personengr\/#breadcrumb","itemListElement":[{"@type":"ListItem","position":1,"name":"Home","item":"https:\/\/easyliferobo.com\/de\/"},{"@type":"ListItem","position":2,"name":"Shop","item":"https:\/\/easyliferobo.com\/de\/shop\/"},{"@type":"ListItem","position":3,"name":"Rehabilitationsroboter-Handschuhe, ..."}]},{"@type":"WebSite","@id":"https:\/\/easyliferobo.com\/de\/#website","url":"https:\/\/easyliferobo.com\/de\/","name":"EasyLifeBro","description":"Smarte Roboter f\u00fcr Zuhause, Garten &amp; Bildung","publisher":{"@id":"https:\/\/easyliferobo.com\/de\/#organization"},"potentialAction":[{"@type":"SearchAction","target":{"@type":"EntryPoint","urlTemplate":"https:\/\/easyliferobo.com\/de\/?s={search_term_string}"},"query-input":{"@type":"PropertyValueSpecification","valueRequired":true,"valueName":"search_term_string"}}],"inLanguage":"de"},{"@type":"Organization","@id":"https:\/\/easyliferobo.com\/de\/#organization","name":"EasyLifeBro","url":"https:\/\/easyliferobo.com\/de\/","logo":{"@type":"ImageObject","inLanguage":"de","@id":"https:\/\/easyliferobo.com\/de\/#\/schema\/logo\/image\/","url":"https:\/\/easyliferobo.com\/de\/wp-content\/uploads\/2026\/02\/Screenshot-2026-02-22-at-2.25.03-PM.png","contentUrl":"https:\/\/easyliferobo.com\/de\/wp-content\/uploads\/2026\/02\/Screenshot-2026-02-22-at-2.25.03-PM.png","width":1858,"height":430,"caption":"EasyLifeBro"},"image":{"@id":"https:\/\/easyliferobo.com\/de\/#\/schema\/logo\/image\/"}}]}},"_links":{"self":[{"href":"https:\/\/easyliferobo.com\/de\/wp-json\/wp\/v2\/product\/3232","targetHints":{"allow":["GET"]}}],"collection":[{"href":"https:\/\/easyliferobo.com\/de\/wp-json\/wp\/v2\/product"}],"about":[{"href":"https:\/\/easyliferobo.com\/de\/wp-json\/wp\/v2\/types\/product"}],"replies":[{"embeddable":true,"href":"https:\/\/easyliferobo.com\/de\/wp-json\/wp\/v2\/comments?post=3232"}],"wp:featuredmedia":[{"embeddable":true,"href":"https:\/\/easyliferobo.com\/de\/wp-json\/wp\/v2\/media\/3233"}],"wp:attachment":[{"href":"https:\/\/easyliferobo.com\/de\/wp-json\/wp\/v2\/media?parent=3232"}],"wp:term":[{"taxonomy":"store","embeddable":true,"href":"https:\/\/easyliferobo.com\/de\/wp-json\/wp\/v2\/store?post=3232"},{"taxonomy":"product_brand","embeddable":true,"href":"https:\/\/easyliferobo.com\/de\/wp-json\/wp\/v2\/product_brand?post=3232"},{"taxonomy":"product_cat","embeddable":true,"href":"https:\/\/easyliferobo.com\/de\/wp-json\/wp\/v2\/product_cat?post=3232"},{"taxonomy":"product_tag","embeddable":true,"href":"https:\/\/easyliferobo.com\/de\/wp-json\/wp\/v2\/product_tag?post=3232"}],"curies":[{"name":"wp","href":"https:\/\/api.w.org\/{rel}","templated":true}]}}