
{"id":3218,"date":"2026-02-27T06:23:28","date_gmt":"2026-02-27T06:23:28","guid":{"rendered":"https:\/\/easyliferobo.com\/de\/product\/ycoo-88071-program-a-bot-x-von-silverlit-ferngesteuerter-roboter-programmierbar-ton-und-lichteffekte-bewegungssensoren-multidirektionale-steuerung-reichweite-1-m-40-cm-weiss-ab-5-jahren\/"},"modified":"2026-02-27T06:23:48","modified_gmt":"2026-02-27T06:23:48","slug":"ycoo-88071-program-a-bot-x-von-silverlit-ferngesteuerter-roboter-programmierbar-ton-und-lichteffekte-bewegungssensoren-multidirektionale-steuerung-reichweite-1-m-40-cm-weiss-ab-5-jahren","status":"publish","type":"product","link":"https:\/\/easyliferobo.com\/de\/product\/ycoo-88071-program-a-bot-x-von-silverlit-ferngesteuerter-roboter-programmierbar-ton-und-lichteffekte-bewegungssensoren-multidirektionale-steuerung-reichweite-1-m-40-cm-weiss-ab-5-jahren\/","title":{"rendered":"YCOO 88071 Program A BOT X von Silv..."},"content":{"rendered":"<p>\n                                             Vom Hersteller   <\/p>\n<p>                                                  <img decoding=\"async\" alt=\"Der Text lautet \u201ePROGRAMME A BOT X\u201c. Wei\u00dfe humanoide Roboterfigur auf blauem Hintergrund.\" src=\"https:\/\/images-na.ssl-images-amazon.com\/images\/G\/01\/x-locale\/common\/grey-pixel.gif\" class=\"a-lazy-loaded\" data-src=\"https:\/\/m.media-amazon.com\/images\/S\/aplus-media-library-service-media\/dbea96a2-eb14-4ba6-aa5d-e6bdeca0e380.__CR36,0,2328,720_PT0_SX970_V1___.jpg\"><img decoding=\"async\" alt=\"Der Text lautet \u201ePROGRAMME A BOT X\u201c. Wei\u00dfe humanoide Roboterfigur auf blauem Hintergrund.\" src=\"https:\/\/m.media-amazon.com\/images\/S\/aplus-media-library-service-media\/dbea96a2-eb14-4ba6-aa5d-e6bdeca0e380.__CR36,0,2328,720_PT0_SX970_V1___.jpg\">  <\/p>\n<p class=\"apm-text-center\">\n                                                      <img decoding=\"async\" alt=\"Der Text lautet \u201eROBOTIC SOUND EFFECTS\u201c. Nahaufnahme eines wei\u00dfen Roboterkopfes mit rotem LED-Bildschirm, der ein digitales Muster zeigt. Schwarzes Wellenform-Soundsymbol unter dem Text.\" src=\"https:\/\/images-na.ssl-images-amazon.com\/images\/G\/01\/x-locale\/common\/grey-pixel.gif\" class=\"a-lazy-loaded\" data-src=\"https:\/\/m.media-amazon.com\/images\/S\/aplus-media-library-service-media\/9830e6fc-8ae6-48d1-a813-0a4129778fda.__CR0,0,3000,3000_PT0_SX220_V1___.jpg\"><img decoding=\"async\" alt=\"Der Text lautet \u201eROBOTIC SOUND EFFECTS\u201c. Nahaufnahme eines wei\u00dfen Roboterkopfes mit rotem LED-Bildschirm, der ein digitales Muster zeigt. Schwarzes Wellenform-Soundsymbol unter dem Text.\" src=\"https:\/\/m.media-amazon.com\/images\/S\/aplus-media-library-service-media\/9830e6fc-8ae6-48d1-a813-0a4129778fda.__CR0,0,3000,3000_PT0_SX220_V1___.jpg\">  <\/p>\n<p>                                                    Bringen Sie Ihr Programm zum Sprechen!                                     <\/p>\n<p class=\"a-size-small\"> Holen Sie sich f\u00fcr Ihr Programm ein Bot X Non-Stop-Gespr\u00e4che mit coolen Roboter-Soundeffekten <\/p>\n<p class=\"apm-text-center\">\n                                                      <img decoding=\"async\" alt=\"Fernbedienung\" src=\"https:\/\/images-na.ssl-images-amazon.com\/images\/G\/01\/x-locale\/common\/grey-pixel.gif\" class=\"a-lazy-loaded\" data-src=\"https:\/\/m.media-amazon.com\/images\/S\/aplus-media-library-service-media\/fee215f0-c4de-4e41-b814-2bd898db90cf.__CR0,0,3000,3000_PT0_SX220_V1___.jpg\"><img decoding=\"async\" alt=\"Fernbedienung\" src=\"https:\/\/m.media-amazon.com\/images\/S\/aplus-media-library-service-media\/fee215f0-c4de-4e41-b814-2bd898db90cf.__CR0,0,3000,3000_PT0_SX220_V1___.jpg\">  <\/p>\n<p>                                                    Voll funktionsf\u00e4hige Fernbedienung                                     <\/p>\n<p class=\"a-size-small\"> Steuern Sie das Program a Bot X mit der einfach zu bedienenden Fernbedienung, die Ihren Roboter in jede Richtung bringt. <\/p>\n<p class=\"apm-text-center\">\n                                                      <img decoding=\"async\" alt=\"Der Text lautet \u201eLED EYES\u201c. Nahaufnahme der Vorderseite eines wei\u00dfen Roboterkopfs mit schwarzem Bildschirm mit rotem LED-Muster und sichtbaren, kopfh\u00f6rer\u00e4hnlichen Seitenteilen.\" src=\"https:\/\/images-na.ssl-images-amazon.com\/images\/G\/01\/x-locale\/common\/grey-pixel.gif\" class=\"a-lazy-loaded\" data-src=\"https:\/\/m.media-amazon.com\/images\/S\/aplus-media-library-service-media\/a5d52a1e-6458-4c9f-b279-6809c06d784b.__CR0,0,3000,3000_PT0_SX220_V1___.jpg\"><img decoding=\"async\" alt=\"Der Text lautet \u201eLED EYES\u201c. Nahaufnahme der Vorderseite eines wei\u00dfen Roboterkopfs mit schwarzem Bildschirm mit rotem LED-Muster und sichtbaren, kopfh\u00f6rer\u00e4hnlichen Seitenteilen.\" src=\"https:\/\/m.media-amazon.com\/images\/S\/aplus-media-library-service-media\/a5d52a1e-6458-4c9f-b279-6809c06d784b.__CR0,0,3000,3000_PT0_SX220_V1___.jpg\">  <\/p>\n<p>                                                    LED-Gesichtsausdruck                                     <\/p>\n<p class=\"a-size-small\"> Leuchtende LED-Augen <\/p>\n<p class=\"apm-text-center\">\n                                                      <img decoding=\"async\" alt=\"Der Text lautet \u201eT\u00c4NZE MIT SCHWINGENDEN ARMEN\u201c. Wei\u00dfer humanoider Roboter in tanzender Pose, umgeben von Musiknoten, die seine Bewegungsf\u00e4higkeit demonstrieren.\" src=\"https:\/\/images-na.ssl-images-amazon.com\/images\/G\/01\/x-locale\/common\/grey-pixel.gif\" class=\"a-lazy-loaded\" data-src=\"https:\/\/m.media-amazon.com\/images\/S\/aplus-media-library-service-media\/6ae952fe-ff82-4308-a7a5-1f70467cd295.__CR0,0,3000,3000_PT0_SX220_V1___.jpg\"><img decoding=\"async\" alt=\"Der Text lautet \u201eT\u00c4NZE MIT SCHWINGENDEN ARMEN\u201c. Wei\u00dfer humanoider Roboter in tanzender Pose, umgeben von Musiknoten, die seine Bewegungsf\u00e4higkeit demonstrieren.\" src=\"https:\/\/m.media-amazon.com\/images\/S\/aplus-media-library-service-media\/6ae952fe-ff82-4308-a7a5-1f70467cd295.__CR0,0,3000,3000_PT0_SX220_V1___.jpg\">  <\/p>\n<p>                                                    Lassen Sie Ihren Roboter tanzen!                                     <\/p>\n<p class=\"a-size-small\"> Machen Sie den Roboter &#8230; erwecken Sie den Robotertanz zum Leben! <\/p>\n<p class=\"apm-text-center\">\n                                                      <img decoding=\"async\" alt=\"Kontrolle mit den H\u00e4nden!\" src=\"https:\/\/images-na.ssl-images-amazon.com\/images\/G\/01\/x-locale\/common\/grey-pixel.gif\" class=\"a-spacing-mini a-lazy-loaded\" data-src=\"https:\/\/m.media-amazon.com\/images\/S\/aplus-media-library-service-media\/4a5a4790-9895-43a8-b78a-b8bde1386915.__CR0,0,3000,3000_PT0_SX300_V1___.jpg\"><img decoding=\"async\" alt=\"Kontrolle mit den H\u00e4nden!\" src=\"https:\/\/m.media-amazon.com\/images\/S\/aplus-media-library-service-media\/4a5a4790-9895-43a8-b78a-b8bde1386915.__CR0,0,3000,3000_PT0_SX300_V1___.jpg\">  <\/p>\n<p>                                                    Kontrolle mit Ihren H\u00e4nden!                                       <\/p>\n<p> Motion Control &#8211; Steuern Sie das Programm a Bot X mit Ihrer Hand. Bringen Sie ihn bei, auf Ihre Gesten im Handumdrehen zu reagieren! <\/p>\n<p class=\"apm-text-center\">\n                                                      <img decoding=\"async\" alt=\"Text lautet: \u201e40 cm hoch! UND NOCH MEHR SPASS! Ein kleiner humanoider Roboter steht neben einem Wandmessdisplay.\u201c\" src=\"https:\/\/images-na.ssl-images-amazon.com\/images\/G\/01\/x-locale\/common\/grey-pixel.gif\" class=\"a-spacing-mini a-lazy-loaded\" data-src=\"https:\/\/m.media-amazon.com\/images\/S\/aplus-media-library-service-media\/6c25821a-4fce-4f14-b40e-4d016f1bea00.__CR0,0,2500,2500_PT0_SX300_V1___.jpg\"><img decoding=\"async\" alt=\"Text lautet: \u201e40 cm hoch! UND NOCH MEHR SPASS! Ein kleiner humanoider Roboter steht neben einem Wandmessdisplay.\u201c\" src=\"https:\/\/m.media-amazon.com\/images\/S\/aplus-media-library-service-media\/6c25821a-4fce-4f14-b40e-4d016f1bea00.__CR0,0,2500,2500_PT0_SX300_V1___.jpg\">  <\/p>\n<p>                                                    Riesiger Roboter!                                       <\/p>\n<p> Das Programm a Bot X ist 40 cm hoch <\/p>\n<p class=\"apm-text-center\">\n                                                      <img decoding=\"async\" alt=\"Der Text lautet \u201ePROGRAMMIERBAR MIT 48 AKTIONEN\u201c. Abgebildet ist ein wei\u00dfer humanoider Roboter mit drahtloser Steuerung und Pfeilen zur Bewegungsanzeige.\" src=\"https:\/\/images-na.ssl-images-amazon.com\/images\/G\/01\/x-locale\/common\/grey-pixel.gif\" class=\"a-spacing-mini a-lazy-loaded\" data-src=\"https:\/\/m.media-amazon.com\/images\/S\/aplus-media-library-service-media\/514fab76-c18c-42a3-b4b4-f8dc7bfa4e03.__CR0,0,3000,3000_PT0_SX300_V1___.jpg\"><img decoding=\"async\" alt=\"Der Text lautet \u201ePROGRAMMIERBAR MIT 48 AKTIONEN\u201c. Abgebildet ist ein wei\u00dfer humanoider Roboter mit drahtloser Steuerung und Pfeilen zur Bewegungsanzeige.\" src=\"https:\/\/m.media-amazon.com\/images\/S\/aplus-media-library-service-media\/514fab76-c18c-42a3-b4b4-f8dc7bfa4e03.__CR0,0,3000,3000_PT0_SX300_V1___.jpg\">  <\/p>\n<p>                                                    Programmieren Sie bis zu 48 einzigartige Befehle                                       <\/p>\n<p> Machen Sie das Programm zu einem Bot X Antwort nur Ihnen mit bis zu 48 einzigartigen Befehlen! <\/p>\n<p>Einzigartiger Roboter \u2013 Entdecken Sie diesen 40 cm gro\u00dfen Hightech-Spielzeugroboter f\u00fcr Kinder. Das a Bot X-Programm \u00fcberzeugt nicht nur durch seine technische Leistung, sondern auch durch sein futuristisches Design inklusive LED-Augen. Ein tolles Geschenk f\u00fcr Kinder zu jedem Anlass, egal ob zum Geburtstag, zu Weihnachten oder Ostern.<br \/>Lebensechte Bewegungen \u2013 Dank seiner motorisierten Arme und Beine kann sich dieser ferngesteuerte Roboter problemlos wie ein echter Mensch bewegen. Dank der Bewegungssteuerungsfunktion k\u00f6nnen Sie den Bot X mit einfachen Gesten in jede Richtung steuern. Dar\u00fcber hinaus kann sich der Spielzeugroboter im Gleitmodus fortbewegen und schafft so sogar den legend\u00e4ren Moonwalk. Also schnapp dir den Bot X und beeindrucke deine Freunde mit coolen Moves.<br \/>Programmierbar \u2013 Unglaublich, dieser ferngesteuerte Roboter verf\u00fcgt \u00fcber 48 programmierbare Funktionen. F\u00fcr noch mehr Spielspa\u00df sorgen die unz\u00e4hligen M\u00f6glichkeiten des Programms a Bot X. Gleichzeitig ist dieser Roboter auch ein Lernspielzeug f\u00fcr technikbegeisterte Kinder. Auf spielerische Weise kommen Kinder mit Robotik und Technik in Ber\u00fchrung.<br \/>Sound- und Lichteffekte \u2013 Seine LED-Augen und echten Soundeffekte sorgen f\u00fcr ein noch aufregenderes Spielerlebnis und machen Ihr Wohnzimmer zur Tanzfl\u00e4che. Also lass die Musik auf uns zukommen, lass das Programm einen Bot X mit coolen Moves tanzen oder bring deinen Roboterfreund mit zur n\u00e4chsten Party und stehle deinen Freunden die Show.<br \/>Technische Merkmale: Batterien: 2 x AAA (Fernbedienung) nicht im Lieferumfang enthalten und 4 x AA (Roboter) nicht im Lieferumfang enthalten; ab 5 Jahren.<\/p>\n<p>[ad_2]<\/p>\n","protected":false},"excerpt":{"rendered":"<p>Vom Hersteller Bringen Sie Ihr Programm zum Sprechen! Holen Sie sich f\u00fcr Ihr Programm ein Bot X Non-Stop-Gespr\u00e4che mit coolen Roboter-Soundeffekten Voll funktionsf\u00e4hige Fernbedienung Steuern Sie das Program a Bot X mit der einfach zu bedienenden Fernbedienung, die Ihren Roboter in jede Richtung bringt. LED-Gesichtsausdruck Leuchtende LED-Augen Lassen Sie Ihren Roboter tanzen! Machen Sie den [&hellip;]<\/p>\n","protected":false},"featured_media":3219,"comment_status":"open","ping_status":"closed","template":"","meta":{"_aipt_faq_data":""},"store":[],"product_brand":[],"product_cat":[99],"product_tag":[324],"class_list":{"0":"post-3218","1":"product","2":"type-product","3":"status-publish","4":"has-post-thumbnail","6":"product_cat-tisch-roboterarme","7":"product_tag-tisch-roboterarme-programmierbar","9":"first","10":"instock","11":"sale","12":"shipping-taxable","13":"product-type-external"},"yoast_head":"<!-- This site is optimized with the Yoast SEO plugin v27.4 - https:\/\/yoast.com\/product\/yoast-seo-wordpress\/ -->\n<title>YCOO 88071 Program A BOT X von Silverlit, ferngesteuerter Roboter, programmierbar, Ton- und Lichteffekte, Bewegungssensoren, multidirektionale Steuerung, Reichweite 1 m, 40 cm, wei\u00df, ab 5 Jahren - EasyLifeBro<\/title>\n<meta name=\"description\" content=\"Entdecken Sie smarte Roboter f\u00fcr Zuhause, Garten, Bildung und Sicherheit. Vergleichen Sie Saugroboter, Rasenm\u00e4hroboter, KI-Begleitroboter und mehr bei EasyLifeRobo.\" \/>\n<meta name=\"robots\" content=\"index, follow, max-snippet:-1, max-image-preview:large, max-video-preview:-1\" \/>\n<link rel=\"canonical\" href=\"https:\/\/easyliferobo.com\/de\/product\/ycoo-88071-program-a-bot-x-von-silverlit-ferngesteuerter-roboter-programmierbar-ton-und-lichteffekte-bewegungssensoren-multidirektionale-steuerung-reichweite-1-m-40-cm-weiss-ab-5-jahren\/\" \/>\n<meta property=\"og:locale\" content=\"de_DE\" \/>\n<meta property=\"og:type\" content=\"article\" \/>\n<meta property=\"og:title\" content=\"YCOO 88071 Program A BOT X von Silverlit, ferngesteuerter Roboter, programmierbar, Ton- und Lichteffekte, Bewegungssensoren, multidirektionale Steuerung, Reichweite 1 m, 40 cm, wei\u00df, ab 5 Jahren - EasyLifeBro\" \/>\n<meta property=\"og:description\" content=\"Entdecken Sie smarte Roboter f\u00fcr Zuhause, Garten, Bildung und Sicherheit. Vergleichen Sie Saugroboter, Rasenm\u00e4hroboter, KI-Begleitroboter und mehr bei EasyLifeRobo.\" \/>\n<meta property=\"og:url\" content=\"https:\/\/easyliferobo.com\/de\/product\/ycoo-88071-program-a-bot-x-von-silverlit-ferngesteuerter-roboter-programmierbar-ton-und-lichteffekte-bewegungssensoren-multidirektionale-steuerung-reichweite-1-m-40-cm-weiss-ab-5-jahren\/\" \/>\n<meta property=\"og:site_name\" content=\"EasyLifeBro\" \/>\n<meta property=\"article:modified_time\" content=\"2026-02-27T06:23:48+00:00\" \/>\n<meta property=\"og:image\" content=\"https:\/\/images-na.ssl-images-amazon.com\/images\/G\/01\/x-locale\/common\/grey-pixel.gif\" \/>\n<meta name=\"twitter:card\" content=\"summary_large_image\" \/>\n<meta name=\"twitter:label1\" content=\"Gesch\u00e4tzte Lesezeit\" \/>\n\t<meta name=\"twitter:data1\" content=\"2\u00a0Minuten\" \/>\n<script type=\"application\/ld+json\" class=\"yoast-schema-graph\">{\"@context\":\"https:\\\/\\\/schema.org\",\"@graph\":[{\"@type\":\"WebPage\",\"@id\":\"https:\\\/\\\/easyliferobo.com\\\/de\\\/product\\\/ycoo-88071-program-a-bot-x-von-silverlit-ferngesteuerter-roboter-programmierbar-ton-und-lichteffekte-bewegungssensoren-multidirektionale-steuerung-reichweite-1-m-40-cm-weiss-ab-5-jahren\\\/\",\"url\":\"https:\\\/\\\/easyliferobo.com\\\/de\\\/product\\\/ycoo-88071-program-a-bot-x-von-silverlit-ferngesteuerter-roboter-programmierbar-ton-und-lichteffekte-bewegungssensoren-multidirektionale-steuerung-reichweite-1-m-40-cm-weiss-ab-5-jahren\\\/\",\"name\":\"YCOO 88071 Program A BOT X von Silverlit, ferngesteuerter Roboter, programmierbar, Ton- und Lichteffekte, Bewegungssensoren, multidirektionale Steuerung, Reichweite 1 m, 40 cm, wei\u00df, ab 5 Jahren - EasyLifeBro\",\"isPartOf\":{\"@id\":\"https:\\\/\\\/easyliferobo.com\\\/de\\\/#website\"},\"primaryImageOfPage\":{\"@id\":\"https:\\\/\\\/easyliferobo.com\\\/de\\\/product\\\/ycoo-88071-program-a-bot-x-von-silverlit-ferngesteuerter-roboter-programmierbar-ton-und-lichteffekte-bewegungssensoren-multidirektionale-steuerung-reichweite-1-m-40-cm-weiss-ab-5-jahren\\\/#primaryimage\"},\"image\":{\"@id\":\"https:\\\/\\\/easyliferobo.com\\\/de\\\/product\\\/ycoo-88071-program-a-bot-x-von-silverlit-ferngesteuerter-roboter-programmierbar-ton-und-lichteffekte-bewegungssensoren-multidirektionale-steuerung-reichweite-1-m-40-cm-weiss-ab-5-jahren\\\/#primaryimage\"},\"thumbnailUrl\":\"https:\\\/\\\/easyliferobo.com\\\/de\\\/wp-content\\\/uploads\\\/2026\\\/02\\\/61nO7yeQeBL._AC_SL1291_.jpg\",\"datePublished\":\"2026-02-27T06:23:28+00:00\",\"dateModified\":\"2026-02-27T06:23:48+00:00\",\"description\":\"Entdecken Sie smarte Roboter f\u00fcr Zuhause, Garten, Bildung und Sicherheit. Vergleichen Sie Saugroboter, Rasenm\u00e4hroboter, KI-Begleitroboter und mehr bei EasyLifeRobo.\",\"breadcrumb\":{\"@id\":\"https:\\\/\\\/easyliferobo.com\\\/de\\\/product\\\/ycoo-88071-program-a-bot-x-von-silverlit-ferngesteuerter-roboter-programmierbar-ton-und-lichteffekte-bewegungssensoren-multidirektionale-steuerung-reichweite-1-m-40-cm-weiss-ab-5-jahren\\\/#breadcrumb\"},\"inLanguage\":\"de\",\"potentialAction\":[{\"@type\":\"ReadAction\",\"target\":[\"https:\\\/\\\/easyliferobo.com\\\/de\\\/product\\\/ycoo-88071-program-a-bot-x-von-silverlit-ferngesteuerter-roboter-programmierbar-ton-und-lichteffekte-bewegungssensoren-multidirektionale-steuerung-reichweite-1-m-40-cm-weiss-ab-5-jahren\\\/\"]}]},{\"@type\":\"ImageObject\",\"inLanguage\":\"de\",\"@id\":\"https:\\\/\\\/easyliferobo.com\\\/de\\\/product\\\/ycoo-88071-program-a-bot-x-von-silverlit-ferngesteuerter-roboter-programmierbar-ton-und-lichteffekte-bewegungssensoren-multidirektionale-steuerung-reichweite-1-m-40-cm-weiss-ab-5-jahren\\\/#primaryimage\",\"url\":\"https:\\\/\\\/easyliferobo.com\\\/de\\\/wp-content\\\/uploads\\\/2026\\\/02\\\/61nO7yeQeBL._AC_SL1291_.jpg\",\"contentUrl\":\"https:\\\/\\\/easyliferobo.com\\\/de\\\/wp-content\\\/uploads\\\/2026\\\/02\\\/61nO7yeQeBL._AC_SL1291_.jpg\",\"width\":1000,\"height\":1014},{\"@type\":\"BreadcrumbList\",\"@id\":\"https:\\\/\\\/easyliferobo.com\\\/de\\\/product\\\/ycoo-88071-program-a-bot-x-von-silverlit-ferngesteuerter-roboter-programmierbar-ton-und-lichteffekte-bewegungssensoren-multidirektionale-steuerung-reichweite-1-m-40-cm-weiss-ab-5-jahren\\\/#breadcrumb\",\"itemListElement\":[{\"@type\":\"ListItem\",\"position\":1,\"name\":\"Home\",\"item\":\"https:\\\/\\\/easyliferobo.com\\\/de\\\/\"},{\"@type\":\"ListItem\",\"position\":2,\"name\":\"Shop\",\"item\":\"https:\\\/\\\/easyliferobo.com\\\/de\\\/shop\\\/\"},{\"@type\":\"ListItem\",\"position\":3,\"name\":\"YCOO 88071 Program A BOT X von Silv...\"}]},{\"@type\":\"WebSite\",\"@id\":\"https:\\\/\\\/easyliferobo.com\\\/de\\\/#website\",\"url\":\"https:\\\/\\\/easyliferobo.com\\\/de\\\/\",\"name\":\"EasyLifeBro\",\"description\":\"Smarte Roboter f\u00fcr Zuhause, Garten &amp; Bildung\",\"publisher\":{\"@id\":\"https:\\\/\\\/easyliferobo.com\\\/de\\\/#organization\"},\"potentialAction\":[{\"@type\":\"SearchAction\",\"target\":{\"@type\":\"EntryPoint\",\"urlTemplate\":\"https:\\\/\\\/easyliferobo.com\\\/de\\\/?s={search_term_string}\"},\"query-input\":{\"@type\":\"PropertyValueSpecification\",\"valueRequired\":true,\"valueName\":\"search_term_string\"}}],\"inLanguage\":\"de\"},{\"@type\":\"Organization\",\"@id\":\"https:\\\/\\\/easyliferobo.com\\\/de\\\/#organization\",\"name\":\"EasyLifeBro\",\"url\":\"https:\\\/\\\/easyliferobo.com\\\/de\\\/\",\"logo\":{\"@type\":\"ImageObject\",\"inLanguage\":\"de\",\"@id\":\"https:\\\/\\\/easyliferobo.com\\\/de\\\/#\\\/schema\\\/logo\\\/image\\\/\",\"url\":\"https:\\\/\\\/easyliferobo.com\\\/de\\\/wp-content\\\/uploads\\\/2026\\\/02\\\/Screenshot-2026-02-22-at-2.25.03-PM.png\",\"contentUrl\":\"https:\\\/\\\/easyliferobo.com\\\/de\\\/wp-content\\\/uploads\\\/2026\\\/02\\\/Screenshot-2026-02-22-at-2.25.03-PM.png\",\"width\":1858,\"height\":430,\"caption\":\"EasyLifeBro\"},\"image\":{\"@id\":\"https:\\\/\\\/easyliferobo.com\\\/de\\\/#\\\/schema\\\/logo\\\/image\\\/\"}}]}<\/script>\n<!-- \/ Yoast SEO plugin. -->","yoast_head_json":{"title":"YCOO 88071 Program A BOT X von Silverlit, ferngesteuerter Roboter, programmierbar, Ton- und Lichteffekte, Bewegungssensoren, multidirektionale Steuerung, Reichweite 1 m, 40 cm, wei\u00df, ab 5 Jahren - EasyLifeBro","description":"Entdecken Sie smarte Roboter f\u00fcr Zuhause, Garten, Bildung und Sicherheit. Vergleichen Sie Saugroboter, Rasenm\u00e4hroboter, KI-Begleitroboter und mehr bei EasyLifeRobo.","robots":{"index":"index","follow":"follow","max-snippet":"max-snippet:-1","max-image-preview":"max-image-preview:large","max-video-preview":"max-video-preview:-1"},"canonical":"https:\/\/easyliferobo.com\/de\/product\/ycoo-88071-program-a-bot-x-von-silverlit-ferngesteuerter-roboter-programmierbar-ton-und-lichteffekte-bewegungssensoren-multidirektionale-steuerung-reichweite-1-m-40-cm-weiss-ab-5-jahren\/","og_locale":"de_DE","og_type":"article","og_title":"YCOO 88071 Program A BOT X von Silverlit, ferngesteuerter Roboter, programmierbar, Ton- und Lichteffekte, Bewegungssensoren, multidirektionale Steuerung, Reichweite 1 m, 40 cm, wei\u00df, ab 5 Jahren - EasyLifeBro","og_description":"Entdecken Sie smarte Roboter f\u00fcr Zuhause, Garten, Bildung und Sicherheit. Vergleichen Sie Saugroboter, Rasenm\u00e4hroboter, KI-Begleitroboter und mehr bei EasyLifeRobo.","og_url":"https:\/\/easyliferobo.com\/de\/product\/ycoo-88071-program-a-bot-x-von-silverlit-ferngesteuerter-roboter-programmierbar-ton-und-lichteffekte-bewegungssensoren-multidirektionale-steuerung-reichweite-1-m-40-cm-weiss-ab-5-jahren\/","og_site_name":"EasyLifeBro","article_modified_time":"2026-02-27T06:23:48+00:00","og_image":[{"url":"https:\/\/images-na.ssl-images-amazon.com\/images\/G\/01\/x-locale\/common\/grey-pixel.gif","type":"","width":"","height":""}],"twitter_card":"summary_large_image","twitter_misc":{"Gesch\u00e4tzte Lesezeit":"2\u00a0Minuten"},"schema":{"@context":"https:\/\/schema.org","@graph":[{"@type":"WebPage","@id":"https:\/\/easyliferobo.com\/de\/product\/ycoo-88071-program-a-bot-x-von-silverlit-ferngesteuerter-roboter-programmierbar-ton-und-lichteffekte-bewegungssensoren-multidirektionale-steuerung-reichweite-1-m-40-cm-weiss-ab-5-jahren\/","url":"https:\/\/easyliferobo.com\/de\/product\/ycoo-88071-program-a-bot-x-von-silverlit-ferngesteuerter-roboter-programmierbar-ton-und-lichteffekte-bewegungssensoren-multidirektionale-steuerung-reichweite-1-m-40-cm-weiss-ab-5-jahren\/","name":"YCOO 88071 Program A BOT X von Silverlit, ferngesteuerter Roboter, programmierbar, Ton- und Lichteffekte, Bewegungssensoren, multidirektionale Steuerung, Reichweite 1 m, 40 cm, wei\u00df, ab 5 Jahren - EasyLifeBro","isPartOf":{"@id":"https:\/\/easyliferobo.com\/de\/#website"},"primaryImageOfPage":{"@id":"https:\/\/easyliferobo.com\/de\/product\/ycoo-88071-program-a-bot-x-von-silverlit-ferngesteuerter-roboter-programmierbar-ton-und-lichteffekte-bewegungssensoren-multidirektionale-steuerung-reichweite-1-m-40-cm-weiss-ab-5-jahren\/#primaryimage"},"image":{"@id":"https:\/\/easyliferobo.com\/de\/product\/ycoo-88071-program-a-bot-x-von-silverlit-ferngesteuerter-roboter-programmierbar-ton-und-lichteffekte-bewegungssensoren-multidirektionale-steuerung-reichweite-1-m-40-cm-weiss-ab-5-jahren\/#primaryimage"},"thumbnailUrl":"https:\/\/easyliferobo.com\/de\/wp-content\/uploads\/2026\/02\/61nO7yeQeBL._AC_SL1291_.jpg","datePublished":"2026-02-27T06:23:28+00:00","dateModified":"2026-02-27T06:23:48+00:00","description":"Entdecken Sie smarte Roboter f\u00fcr Zuhause, Garten, Bildung und Sicherheit. Vergleichen Sie Saugroboter, Rasenm\u00e4hroboter, KI-Begleitroboter und mehr bei EasyLifeRobo.","breadcrumb":{"@id":"https:\/\/easyliferobo.com\/de\/product\/ycoo-88071-program-a-bot-x-von-silverlit-ferngesteuerter-roboter-programmierbar-ton-und-lichteffekte-bewegungssensoren-multidirektionale-steuerung-reichweite-1-m-40-cm-weiss-ab-5-jahren\/#breadcrumb"},"inLanguage":"de","potentialAction":[{"@type":"ReadAction","target":["https:\/\/easyliferobo.com\/de\/product\/ycoo-88071-program-a-bot-x-von-silverlit-ferngesteuerter-roboter-programmierbar-ton-und-lichteffekte-bewegungssensoren-multidirektionale-steuerung-reichweite-1-m-40-cm-weiss-ab-5-jahren\/"]}]},{"@type":"ImageObject","inLanguage":"de","@id":"https:\/\/easyliferobo.com\/de\/product\/ycoo-88071-program-a-bot-x-von-silverlit-ferngesteuerter-roboter-programmierbar-ton-und-lichteffekte-bewegungssensoren-multidirektionale-steuerung-reichweite-1-m-40-cm-weiss-ab-5-jahren\/#primaryimage","url":"https:\/\/easyliferobo.com\/de\/wp-content\/uploads\/2026\/02\/61nO7yeQeBL._AC_SL1291_.jpg","contentUrl":"https:\/\/easyliferobo.com\/de\/wp-content\/uploads\/2026\/02\/61nO7yeQeBL._AC_SL1291_.jpg","width":1000,"height":1014},{"@type":"BreadcrumbList","@id":"https:\/\/easyliferobo.com\/de\/product\/ycoo-88071-program-a-bot-x-von-silverlit-ferngesteuerter-roboter-programmierbar-ton-und-lichteffekte-bewegungssensoren-multidirektionale-steuerung-reichweite-1-m-40-cm-weiss-ab-5-jahren\/#breadcrumb","itemListElement":[{"@type":"ListItem","position":1,"name":"Home","item":"https:\/\/easyliferobo.com\/de\/"},{"@type":"ListItem","position":2,"name":"Shop","item":"https:\/\/easyliferobo.com\/de\/shop\/"},{"@type":"ListItem","position":3,"name":"YCOO 88071 Program A BOT X von Silv..."}]},{"@type":"WebSite","@id":"https:\/\/easyliferobo.com\/de\/#website","url":"https:\/\/easyliferobo.com\/de\/","name":"EasyLifeBro","description":"Smarte Roboter f\u00fcr Zuhause, Garten &amp; Bildung","publisher":{"@id":"https:\/\/easyliferobo.com\/de\/#organization"},"potentialAction":[{"@type":"SearchAction","target":{"@type":"EntryPoint","urlTemplate":"https:\/\/easyliferobo.com\/de\/?s={search_term_string}"},"query-input":{"@type":"PropertyValueSpecification","valueRequired":true,"valueName":"search_term_string"}}],"inLanguage":"de"},{"@type":"Organization","@id":"https:\/\/easyliferobo.com\/de\/#organization","name":"EasyLifeBro","url":"https:\/\/easyliferobo.com\/de\/","logo":{"@type":"ImageObject","inLanguage":"de","@id":"https:\/\/easyliferobo.com\/de\/#\/schema\/logo\/image\/","url":"https:\/\/easyliferobo.com\/de\/wp-content\/uploads\/2026\/02\/Screenshot-2026-02-22-at-2.25.03-PM.png","contentUrl":"https:\/\/easyliferobo.com\/de\/wp-content\/uploads\/2026\/02\/Screenshot-2026-02-22-at-2.25.03-PM.png","width":1858,"height":430,"caption":"EasyLifeBro"},"image":{"@id":"https:\/\/easyliferobo.com\/de\/#\/schema\/logo\/image\/"}}]}},"_links":{"self":[{"href":"https:\/\/easyliferobo.com\/de\/wp-json\/wp\/v2\/product\/3218","targetHints":{"allow":["GET"]}}],"collection":[{"href":"https:\/\/easyliferobo.com\/de\/wp-json\/wp\/v2\/product"}],"about":[{"href":"https:\/\/easyliferobo.com\/de\/wp-json\/wp\/v2\/types\/product"}],"replies":[{"embeddable":true,"href":"https:\/\/easyliferobo.com\/de\/wp-json\/wp\/v2\/comments?post=3218"}],"wp:featuredmedia":[{"embeddable":true,"href":"https:\/\/easyliferobo.com\/de\/wp-json\/wp\/v2\/media\/3219"}],"wp:attachment":[{"href":"https:\/\/easyliferobo.com\/de\/wp-json\/wp\/v2\/media?parent=3218"}],"wp:term":[{"taxonomy":"store","embeddable":true,"href":"https:\/\/easyliferobo.com\/de\/wp-json\/wp\/v2\/store?post=3218"},{"taxonomy":"product_brand","embeddable":true,"href":"https:\/\/easyliferobo.com\/de\/wp-json\/wp\/v2\/product_brand?post=3218"},{"taxonomy":"product_cat","embeddable":true,"href":"https:\/\/easyliferobo.com\/de\/wp-json\/wp\/v2\/product_cat?post=3218"},{"taxonomy":"product_tag","embeddable":true,"href":"https:\/\/easyliferobo.com\/de\/wp-json\/wp\/v2\/product_tag?post=3218"}],"curies":[{"name":"wp","href":"https:\/\/api.w.org\/{rel}","templated":true}]}}