
{"id":321,"date":"2026-02-22T09:26:56","date_gmt":"2026-02-22T09:26:56","guid":{"rendered":"https:\/\/easyliferobo.com\/de\/product\/remoking-intelligentes-roboter-kinderspielzeug-interaktives-roboter-lernspielzeug-geschenke-fuer-jungen-und-maedchen-touch-steuerung-sprachaufzeichnung-sprachaufzeichnung-sprechen-tanzen-musik\/"},"modified":"2026-02-22T09:27:12","modified_gmt":"2026-02-22T09:27:12","slug":"remoking-intelligentes-roboter-kinderspielzeug-interaktives-roboter-lernspielzeug-geschenke-fuer-jungen-und-maedchen-touch-steuerung-sprachaufzeichnung-sprachaufzeichnung-sprechen-tanzen-musik","status":"publish","type":"product","link":"https:\/\/easyliferobo.com\/de\/product\/remoking-intelligentes-roboter-kinderspielzeug-interaktives-roboter-lernspielzeug-geschenke-fuer-jungen-und-maedchen-touch-steuerung-sprachaufzeichnung-sprachaufzeichnung-sprechen-tanzen-musik\/","title":{"rendered":"Remoking Intelligentes Roboter-Kind..."},"content":{"rendered":"<p>\n                                             Produktbeschreibung   <\/p>\n<p>                                                         <img decoding=\"async\" alt=\"REMOKING\" src=\"https:\/\/images-na.ssl-images-amazon.com\/images\/G\/01\/x-locale\/common\/grey-pixel.gif\" class=\"a-lazy-loaded\" data-src=\"https:\/\/m.media-amazon.com\/images\/S\/aplus-media\/sc\/4930265f-d517-4836-9678-a650728e6672.__CR0,0,600,180_PT0_SX600_V1___.jpg\"><img decoding=\"async\" alt=\"REMOKING\" src=\"https:\/\/m.media-amazon.com\/images\/S\/aplus-media\/sc\/4930265f-d517-4836-9678-a650728e6672.__CR0,0,600,180_PT0_SX600_V1___.jpg\">      <\/p>\n<p>                                                  <img decoding=\"async\" alt=\"Spielzeugkinder \" src=\"https:\/\/images-na.ssl-images-amazon.com\/images\/G\/01\/x-locale\/common\/grey-pixel.gif\" class=\"a-lazy-loaded\" data-src=\"https:\/\/m.media-amazon.com\/images\/S\/aplus-media\/sc\/0fe28b52-01ad-4bbb-a521-76fb8317cf06.__CR0,0,970,300_PT0_SX970_V1___.jpg\"><img decoding=\"async\" alt=\"Spielzeugkinder \" src=\"https:\/\/m.media-amazon.com\/images\/S\/aplus-media\/sc\/0fe28b52-01ad-4bbb-a521-76fb8317cf06.__CR0,0,970,300_PT0_SX970_V1___.jpg\">  <\/p>\n<p>                                                  <img decoding=\"async\" alt=\"Spielzeugkinder \" src=\"https:\/\/images-na.ssl-images-amazon.com\/images\/G\/01\/x-locale\/common\/grey-pixel.gif\" class=\"a-lazy-loaded\" data-src=\"https:\/\/m.media-amazon.com\/images\/S\/aplus-media\/sc\/29fc50b1-f973-4c7c-9c9c-170c82714e34.__CR0,0,300,300_PT0_SX300_V1___.jpg\"><img decoding=\"async\" alt=\"Spielzeugkinder \" src=\"https:\/\/m.media-amazon.com\/images\/S\/aplus-media\/sc\/29fc50b1-f973-4c7c-9c9c-170c82714e34.__CR0,0,300,300_PT0_SX300_V1___.jpg\">  <\/p>\n<h3 class=\"a-spacing-mini\">  Tipps: <\/h3>\n<p>  Der Roboter wird ausgeschaltet, wenn Sie sich vom Schlafen verabschieden. Sie sollten die Aufnahmetaste im Brustbereich dr\u00fccken, um sie wieder einzuschalten. Ist der Akku fast leer, f\u00fchrt der Roboter einige Aktionen aus oder spielt automatisch Musik ab. Sollte der Roboter nach dem Einlegen der Batterien nicht funktionieren, \u00fcberpr\u00fcfen Sie bitte das Batteriefach. Stellen Sie sicher, dass der gesamte Clip angeschlossen werden kann. Wenn der Clip nicht angeschlossen werden kann, passen Sie ihn bitte so an, dass er mit dem Roboter verbunden werden kann. Bitte achten Sie darauf, dass sich dieser Stromanschluss in der richtigen Position befindet. Dies ist ein Spracherkennungsroboter. Wenn es sich in einer lauten Umgebung befindet, kann es Fehler machen. Lesen Sie die Bedienungsanleitung vor dem Gebrauch sorgf\u00e4ltig durch. Bei Fragen wenden Sie sich bitte an den Verk\u00e4ufer. <\/p>\n<p>                                                  <img decoding=\"async\" alt=\"Spielzeugkinder \" src=\"https:\/\/images-na.ssl-images-amazon.com\/images\/G\/01\/x-locale\/common\/grey-pixel.gif\" class=\"a-spacing-mini a-lazy-loaded\" data-src=\"https:\/\/m.media-amazon.com\/images\/S\/aplus-media\/sc\/0a153635-5918-40fc-b9a9-78180d864571.__CR0,0,300,300_PT0_SX300_V1___.jpg\"><img decoding=\"async\" alt=\"Spielzeugkinder \" src=\"https:\/\/m.media-amazon.com\/images\/S\/aplus-media\/sc\/0a153635-5918-40fc-b9a9-78180d864571.__CR0,0,300,300_PT0_SX300_V1___.jpg\">  <\/p>\n<p>  Interaktiver intelligenter Roboter: <\/p>\n<p>  Dieser kleine Kerl wird der neue Tanzpartner Ihres Kindes, sorgt f\u00fcr stundenlangen Spa\u00df und bietet Kindern Erfahrungen mit Robotik und fortschrittlicher Technologie. <\/p>\n<p>  Ideales Geschenk <\/p>\n<p>  Intelligente Gr\u00f6\u00dfe, 3,9 x 3,7 x 5,1 Zoll, \u00fcberall hin mitnehmen, \u00fcberall spielen. Exquisite Weihnachtsgeschenke oder Geburtstagsgeschenke f\u00fcr Kinder. <\/p>\n<p class=\"apm-text-center\">\n                                                      <img decoding=\"async\" alt=\"Spielzeugkinder \" src=\"https:\/\/images-na.ssl-images-amazon.com\/images\/G\/01\/x-locale\/common\/grey-pixel.gif\" class=\"a-lazy-loaded\" data-src=\"https:\/\/m.media-amazon.com\/images\/S\/aplus-media\/sc\/f4084041-f0fd-4bcf-9352-b6b39444a0e5.__CR0,0,220,220_PT0_SX220_V1___.jpg\"><img decoding=\"async\" alt=\"Spielzeugkinder \" src=\"https:\/\/m.media-amazon.com\/images\/S\/aplus-media\/sc\/f4084041-f0fd-4bcf-9352-b6b39444a0e5.__CR0,0,220,220_PT0_SX220_V1___.jpg\">  <\/p>\n<p>                                                    Gehen, singen und tanzen                                      <\/p>\n<p class=\"a-size-small\"> Mit zunehmender Reibung bewegt sich der Roboter beim Einsatz auf dem Teppich langsamer. <\/p>\n<p class=\"apm-text-center\">\n                                                      <img decoding=\"async\" alt=\"Spielzeugkinder \" src=\"https:\/\/images-na.ssl-images-amazon.com\/images\/G\/01\/x-locale\/common\/grey-pixel.gif\" class=\"a-lazy-loaded\" data-src=\"https:\/\/m.media-amazon.com\/images\/S\/aplus-media\/sc\/648fd94e-f246-49ad-aa93-6d22ccf3e6a6.__CR0,0,220,220_PT0_SX220_V1___.jpg\"><img decoding=\"async\" alt=\"Spielzeugkinder \" src=\"https:\/\/m.media-amazon.com\/images\/S\/aplus-media\/sc\/648fd94e-f246-49ad-aa93-6d22ccf3e6a6.__CR0,0,220,220_PT0_SX220_V1___.jpg\">  <\/p>\n<p>                                                    Touch-Steuerung                                      <\/p>\n<p class=\"a-size-small\"> Wenn Sie den Kopf oder beide Seiten des Kopfes ber\u00fchren, f\u00fchrt der Roboter andere Aktionen aus. <\/p>\n<p class=\"apm-text-center\">\n                                                      <img decoding=\"async\" alt=\"Spielzeugkinder \" src=\"https:\/\/images-na.ssl-images-amazon.com\/images\/G\/01\/x-locale\/common\/grey-pixel.gif\" class=\"a-lazy-loaded\" data-src=\"https:\/\/m.media-amazon.com\/images\/S\/aplus-media\/sc\/bd04c790-3add-4ddc-b858-627443822be5.__CR0,0,220,220_PT0_SX220_V1___.jpg\"><img decoding=\"async\" alt=\"Spielzeugkinder \" src=\"https:\/\/m.media-amazon.com\/images\/S\/aplus-media\/sc\/bd04c790-3add-4ddc-b858-627443822be5.__CR0,0,220,220_PT0_SX220_V1___.jpg\">  <\/p>\n<p>                                                    Sprachsteuerung                                      <\/p>\n<p class=\"a-size-small\"> Mehr als 10 englische Sprachbefehle. (Der beste Abstand 50 cm) <\/p>\n<p class=\"apm-text-center\">\n                                                      <img decoding=\"async\" alt=\"Spielzeugkinder \" src=\"https:\/\/images-na.ssl-images-amazon.com\/images\/G\/01\/x-locale\/common\/grey-pixel.gif\" class=\"a-lazy-loaded\" data-src=\"https:\/\/m.media-amazon.com\/images\/S\/aplus-media\/sc\/3c0ee111-7afb-46a4-8fa2-c5caf325d485.__CR0,0,220,220_PT0_SX220_V1___.jpg\"><img decoding=\"async\" alt=\"Spielzeugkinder \" src=\"https:\/\/m.media-amazon.com\/images\/S\/aplus-media\/sc\/3c0ee111-7afb-46a4-8fa2-c5caf325d485.__CR0,0,220,220_PT0_SX220_V1___.jpg\">  <\/p>\n<p>                                                    Sprachaufzeichnung\/Gespr\u00e4ch                                      <\/p>\n<p class=\"a-size-small\"> Tipps: Ermutigen Sie das Baby zum Sprechen. Halten Sie Ihr Gl\u00fcck fest und teilen Sie es dann mit Ihren Freunden. <\/p>\n<p>Roboterspielzeug: Roboter mit LED-Augen, kann singen und tanzen. Leicht zu transportieren, sodass Sie \u00fcberall spielen k\u00f6nnen<br \/>Ber\u00fchrungs- und Sprachsteuerung: Der Roboter kann vorw\u00e4rts und r\u00fcckw\u00e4rts gehen und sich nach links und rechts drehen, wenn Sie die Ber\u00fchrungspunkte dr\u00fccken. Sie k\u00f6nnen den Roboter steuern, wenn er sich im sprachgesteuerten Modus befindet. Der Roboter reagiert auf Ihren Befehl<br \/>Sprachaufzeichnung: Der Roboter verf\u00fcgt \u00fcber einen Aufnahmemodus. Ihre Stimme und Ihr Lachen k\u00f6nnen jederzeit aufgezeichnet und abgespielt werden. Nehmen Sie Ihr Gl\u00fcck und teilen Sie es. Mehr Spa\u00df beim Spielen mit Ihrem Partner<br \/>Sprechen: Halten Sie den oberen Ber\u00fchrungspunkt gedr\u00fcckt, um in den Wiederholungsmodus f\u00fcr Stimmen zu wechseln. Dieses coole Roboterspielzeug f\u00fcr Kinder kann alles wiederholen, was Sie sagen. Ermutigen Sie Ihr Baby, mit dem Sprechen zu beginnen. Sowohl lehrreich als auch unterhaltsam<br \/>Ideales Geschenk und sichere Materialien: Hergestellt aus hochwertigem ABS-Kunststoff, langlebig, ungiftig und geschmacksneutral. Die Oberfl\u00e4che ist glatt und verletzt Kinder beim Spielen nicht. Ideales Weihnachts-\/Geburtstagsgeschenk<\/p>\n<p>[ad_2]<\/p>\n","protected":false},"excerpt":{"rendered":"<p>Produktbeschreibung Tipps: Der Roboter wird ausgeschaltet, wenn Sie sich vom Schlafen verabschieden. Sie sollten die Aufnahmetaste im Brustbereich dr\u00fccken, um sie wieder einzuschalten. Ist der Akku fast leer, f\u00fchrt der Roboter einige Aktionen aus oder spielt automatisch Musik ab. Sollte der Roboter nach dem Einlegen der Batterien nicht funktionieren, \u00fcberpr\u00fcfen Sie bitte das Batteriefach. Stellen [&hellip;]<\/p>\n","protected":false},"featured_media":322,"comment_status":"open","ping_status":"closed","template":"","meta":{"_aipt_faq_data":""},"store":[],"product_brand":[],"product_cat":[88],"product_tag":[133],"class_list":{"0":"post-321","1":"product","2":"type-product","3":"status-publish","4":"has-post-thumbnail","6":"product_cat-interaktive-spielzeugroboter","7":"product_tag-interaktive-spielzeugroboter-mit-sprachsteuerung","9":"first","10":"instock","11":"sale","12":"shipping-taxable","13":"product-type-external"},"yoast_head":"<!-- This site is optimized with the Yoast SEO plugin v27.0 - https:\/\/yoast.com\/product\/yoast-seo-wordpress\/ -->\n<title>Remoking Intelligentes Roboter-Kinderspielzeug, interaktives Roboter-Lernspielzeug, Geschenke f\u00fcr Jungen und M\u00e4dchen, Touch-Steuerung, Sprachaufzeichnung, Sprachaufzeichnung, Sprechen, Tanzen, Musik, Pink - EasyLifeBro<\/title>\n<meta name=\"description\" content=\"Entdecken Sie smarte Roboter f\u00fcr Zuhause, Garten, Bildung und Sicherheit. Vergleichen Sie Saugroboter, Rasenm\u00e4hroboter, KI-Begleitroboter und mehr bei EasyLifeRobo.\" \/>\n<meta name=\"robots\" content=\"index, follow, max-snippet:-1, max-image-preview:large, max-video-preview:-1\" \/>\n<link rel=\"canonical\" href=\"https:\/\/easyliferobo.com\/de\/product\/remoking-intelligentes-roboter-kinderspielzeug-interaktives-roboter-lernspielzeug-geschenke-fuer-jungen-und-maedchen-touch-steuerung-sprachaufzeichnung-sprachaufzeichnung-sprechen-tanzen-musik\/\" \/>\n<meta property=\"og:locale\" content=\"de_DE\" \/>\n<meta property=\"og:type\" content=\"article\" \/>\n<meta property=\"og:title\" content=\"Remoking Intelligentes Roboter-Kinderspielzeug, interaktives Roboter-Lernspielzeug, Geschenke f\u00fcr Jungen und M\u00e4dchen, Touch-Steuerung, Sprachaufzeichnung, Sprachaufzeichnung, Sprechen, Tanzen, Musik, Pink - EasyLifeBro\" \/>\n<meta property=\"og:description\" content=\"Entdecken Sie smarte Roboter f\u00fcr Zuhause, Garten, Bildung und Sicherheit. Vergleichen Sie Saugroboter, Rasenm\u00e4hroboter, KI-Begleitroboter und mehr bei EasyLifeRobo.\" \/>\n<meta property=\"og:url\" content=\"https:\/\/easyliferobo.com\/de\/product\/remoking-intelligentes-roboter-kinderspielzeug-interaktives-roboter-lernspielzeug-geschenke-fuer-jungen-und-maedchen-touch-steuerung-sprachaufzeichnung-sprachaufzeichnung-sprechen-tanzen-musik\/\" \/>\n<meta property=\"og:site_name\" content=\"EasyLifeBro\" \/>\n<meta property=\"article:modified_time\" content=\"2026-02-22T09:27:12+00:00\" \/>\n<meta property=\"og:image\" content=\"https:\/\/easyliferobo.com\/de\/wp-content\/uploads\/2026\/02\/51iSEMf6VVL._AC_SL1200_.jpg\" \/>\n\t<meta property=\"og:image:width\" content=\"940\" \/>\n\t<meta property=\"og:image:height\" content=\"1140\" \/>\n\t<meta property=\"og:image:type\" content=\"image\/jpeg\" \/>\n<meta name=\"twitter:card\" content=\"summary_large_image\" \/>\n<meta name=\"twitter:label1\" content=\"Gesch\u00e4tzte Lesezeit\" \/>\n\t<meta name=\"twitter:data1\" content=\"2\u00a0Minuten\" \/>\n<script type=\"application\/ld+json\" class=\"yoast-schema-graph\">{\"@context\":\"https:\/\/schema.org\",\"@graph\":[{\"@type\":\"WebPage\",\"@id\":\"https:\/\/easyliferobo.com\/de\/product\/remoking-intelligentes-roboter-kinderspielzeug-interaktives-roboter-lernspielzeug-geschenke-fuer-jungen-und-maedchen-touch-steuerung-sprachaufzeichnung-sprachaufzeichnung-sprechen-tanzen-musik\/\",\"url\":\"https:\/\/easyliferobo.com\/de\/product\/remoking-intelligentes-roboter-kinderspielzeug-interaktives-roboter-lernspielzeug-geschenke-fuer-jungen-und-maedchen-touch-steuerung-sprachaufzeichnung-sprachaufzeichnung-sprechen-tanzen-musik\/\",\"name\":\"Remoking Intelligentes Roboter-Kinderspielzeug, interaktives Roboter-Lernspielzeug, Geschenke f\u00fcr Jungen und M\u00e4dchen, Touch-Steuerung, Sprachaufzeichnung, Sprachaufzeichnung, Sprechen, Tanzen, Musik, Pink - EasyLifeBro\",\"isPartOf\":{\"@id\":\"https:\/\/easyliferobo.com\/de\/#website\"},\"primaryImageOfPage\":{\"@id\":\"https:\/\/easyliferobo.com\/de\/product\/remoking-intelligentes-roboter-kinderspielzeug-interaktives-roboter-lernspielzeug-geschenke-fuer-jungen-und-maedchen-touch-steuerung-sprachaufzeichnung-sprachaufzeichnung-sprechen-tanzen-musik\/#primaryimage\"},\"image\":{\"@id\":\"https:\/\/easyliferobo.com\/de\/product\/remoking-intelligentes-roboter-kinderspielzeug-interaktives-roboter-lernspielzeug-geschenke-fuer-jungen-und-maedchen-touch-steuerung-sprachaufzeichnung-sprachaufzeichnung-sprechen-tanzen-musik\/#primaryimage\"},\"thumbnailUrl\":\"https:\/\/easyliferobo.com\/de\/wp-content\/uploads\/2026\/02\/51iSEMf6VVL._AC_SL1200_.jpg\",\"datePublished\":\"2026-02-22T09:26:56+00:00\",\"dateModified\":\"2026-02-22T09:27:12+00:00\",\"description\":\"Entdecken Sie smarte Roboter f\u00fcr Zuhause, Garten, Bildung und Sicherheit. Vergleichen Sie Saugroboter, Rasenm\u00e4hroboter, KI-Begleitroboter und mehr bei EasyLifeRobo.\",\"breadcrumb\":{\"@id\":\"https:\/\/easyliferobo.com\/de\/product\/remoking-intelligentes-roboter-kinderspielzeug-interaktives-roboter-lernspielzeug-geschenke-fuer-jungen-und-maedchen-touch-steuerung-sprachaufzeichnung-sprachaufzeichnung-sprechen-tanzen-musik\/#breadcrumb\"},\"inLanguage\":\"de\",\"potentialAction\":[{\"@type\":\"ReadAction\",\"target\":[\"https:\/\/easyliferobo.com\/de\/product\/remoking-intelligentes-roboter-kinderspielzeug-interaktives-roboter-lernspielzeug-geschenke-fuer-jungen-und-maedchen-touch-steuerung-sprachaufzeichnung-sprachaufzeichnung-sprechen-tanzen-musik\/\"]}]},{\"@type\":\"ImageObject\",\"inLanguage\":\"de\",\"@id\":\"https:\/\/easyliferobo.com\/de\/product\/remoking-intelligentes-roboter-kinderspielzeug-interaktives-roboter-lernspielzeug-geschenke-fuer-jungen-und-maedchen-touch-steuerung-sprachaufzeichnung-sprachaufzeichnung-sprechen-tanzen-musik\/#primaryimage\",\"url\":\"https:\/\/easyliferobo.com\/de\/wp-content\/uploads\/2026\/02\/51iSEMf6VVL._AC_SL1200_.jpg\",\"contentUrl\":\"https:\/\/easyliferobo.com\/de\/wp-content\/uploads\/2026\/02\/51iSEMf6VVL._AC_SL1200_.jpg\",\"width\":940,\"height\":1140},{\"@type\":\"BreadcrumbList\",\"@id\":\"https:\/\/easyliferobo.com\/de\/product\/remoking-intelligentes-roboter-kinderspielzeug-interaktives-roboter-lernspielzeug-geschenke-fuer-jungen-und-maedchen-touch-steuerung-sprachaufzeichnung-sprachaufzeichnung-sprechen-tanzen-musik\/#breadcrumb\",\"itemListElement\":[{\"@type\":\"ListItem\",\"position\":1,\"name\":\"Home\",\"item\":\"https:\/\/easyliferobo.com\/de\/\"},{\"@type\":\"ListItem\",\"position\":2,\"name\":\"Shop\",\"item\":\"https:\/\/easyliferobo.com\/de\/shop\/\"},{\"@type\":\"ListItem\",\"position\":3,\"name\":\"Remoking Intelligentes Roboter-Kind...\"}]},{\"@type\":\"WebSite\",\"@id\":\"https:\/\/easyliferobo.com\/de\/#website\",\"url\":\"https:\/\/easyliferobo.com\/de\/\",\"name\":\"EasyLifeBro\",\"description\":\"Smarte Roboter f\u00fcr Zuhause, Garten &amp; Bildung\",\"publisher\":{\"@id\":\"https:\/\/easyliferobo.com\/de\/#organization\"},\"potentialAction\":[{\"@type\":\"SearchAction\",\"target\":{\"@type\":\"EntryPoint\",\"urlTemplate\":\"https:\/\/easyliferobo.com\/de\/?s={search_term_string}\"},\"query-input\":{\"@type\":\"PropertyValueSpecification\",\"valueRequired\":true,\"valueName\":\"search_term_string\"}}],\"inLanguage\":\"de\"},{\"@type\":\"Organization\",\"@id\":\"https:\/\/easyliferobo.com\/de\/#organization\",\"name\":\"EasyLifeBro\",\"url\":\"https:\/\/easyliferobo.com\/de\/\",\"logo\":{\"@type\":\"ImageObject\",\"inLanguage\":\"de\",\"@id\":\"https:\/\/easyliferobo.com\/de\/#\/schema\/logo\/image\/\",\"url\":\"https:\/\/easyliferobo.com\/de\/wp-content\/uploads\/2026\/02\/Screenshot-2026-02-22-at-2.25.03-PM.png\",\"contentUrl\":\"https:\/\/easyliferobo.com\/de\/wp-content\/uploads\/2026\/02\/Screenshot-2026-02-22-at-2.25.03-PM.png\",\"width\":1858,\"height\":430,\"caption\":\"EasyLifeBro\"},\"image\":{\"@id\":\"https:\/\/easyliferobo.com\/de\/#\/schema\/logo\/image\/\"}}]}<\/script>\n<!-- \/ Yoast SEO plugin. -->","yoast_head_json":{"title":"Remoking Intelligentes Roboter-Kinderspielzeug, interaktives Roboter-Lernspielzeug, Geschenke f\u00fcr Jungen und M\u00e4dchen, Touch-Steuerung, Sprachaufzeichnung, Sprachaufzeichnung, Sprechen, Tanzen, Musik, Pink - EasyLifeBro","description":"Entdecken Sie smarte Roboter f\u00fcr Zuhause, Garten, Bildung und Sicherheit. Vergleichen Sie Saugroboter, Rasenm\u00e4hroboter, KI-Begleitroboter und mehr bei EasyLifeRobo.","robots":{"index":"index","follow":"follow","max-snippet":"max-snippet:-1","max-image-preview":"max-image-preview:large","max-video-preview":"max-video-preview:-1"},"canonical":"https:\/\/easyliferobo.com\/de\/product\/remoking-intelligentes-roboter-kinderspielzeug-interaktives-roboter-lernspielzeug-geschenke-fuer-jungen-und-maedchen-touch-steuerung-sprachaufzeichnung-sprachaufzeichnung-sprechen-tanzen-musik\/","og_locale":"de_DE","og_type":"article","og_title":"Remoking Intelligentes Roboter-Kinderspielzeug, interaktives Roboter-Lernspielzeug, Geschenke f\u00fcr Jungen und M\u00e4dchen, Touch-Steuerung, Sprachaufzeichnung, Sprachaufzeichnung, Sprechen, Tanzen, Musik, Pink - EasyLifeBro","og_description":"Entdecken Sie smarte Roboter f\u00fcr Zuhause, Garten, Bildung und Sicherheit. Vergleichen Sie Saugroboter, Rasenm\u00e4hroboter, KI-Begleitroboter und mehr bei EasyLifeRobo.","og_url":"https:\/\/easyliferobo.com\/de\/product\/remoking-intelligentes-roboter-kinderspielzeug-interaktives-roboter-lernspielzeug-geschenke-fuer-jungen-und-maedchen-touch-steuerung-sprachaufzeichnung-sprachaufzeichnung-sprechen-tanzen-musik\/","og_site_name":"EasyLifeBro","article_modified_time":"2026-02-22T09:27:12+00:00","og_image":[{"width":940,"height":1140,"url":"https:\/\/easyliferobo.com\/de\/wp-content\/uploads\/2026\/02\/51iSEMf6VVL._AC_SL1200_.jpg","type":"image\/jpeg"}],"twitter_card":"summary_large_image","twitter_misc":{"Gesch\u00e4tzte Lesezeit":"2\u00a0Minuten"},"schema":{"@context":"https:\/\/schema.org","@graph":[{"@type":"WebPage","@id":"https:\/\/easyliferobo.com\/de\/product\/remoking-intelligentes-roboter-kinderspielzeug-interaktives-roboter-lernspielzeug-geschenke-fuer-jungen-und-maedchen-touch-steuerung-sprachaufzeichnung-sprachaufzeichnung-sprechen-tanzen-musik\/","url":"https:\/\/easyliferobo.com\/de\/product\/remoking-intelligentes-roboter-kinderspielzeug-interaktives-roboter-lernspielzeug-geschenke-fuer-jungen-und-maedchen-touch-steuerung-sprachaufzeichnung-sprachaufzeichnung-sprechen-tanzen-musik\/","name":"Remoking Intelligentes Roboter-Kinderspielzeug, interaktives Roboter-Lernspielzeug, Geschenke f\u00fcr Jungen und M\u00e4dchen, Touch-Steuerung, Sprachaufzeichnung, Sprachaufzeichnung, Sprechen, Tanzen, Musik, Pink - EasyLifeBro","isPartOf":{"@id":"https:\/\/easyliferobo.com\/de\/#website"},"primaryImageOfPage":{"@id":"https:\/\/easyliferobo.com\/de\/product\/remoking-intelligentes-roboter-kinderspielzeug-interaktives-roboter-lernspielzeug-geschenke-fuer-jungen-und-maedchen-touch-steuerung-sprachaufzeichnung-sprachaufzeichnung-sprechen-tanzen-musik\/#primaryimage"},"image":{"@id":"https:\/\/easyliferobo.com\/de\/product\/remoking-intelligentes-roboter-kinderspielzeug-interaktives-roboter-lernspielzeug-geschenke-fuer-jungen-und-maedchen-touch-steuerung-sprachaufzeichnung-sprachaufzeichnung-sprechen-tanzen-musik\/#primaryimage"},"thumbnailUrl":"https:\/\/easyliferobo.com\/de\/wp-content\/uploads\/2026\/02\/51iSEMf6VVL._AC_SL1200_.jpg","datePublished":"2026-02-22T09:26:56+00:00","dateModified":"2026-02-22T09:27:12+00:00","description":"Entdecken Sie smarte Roboter f\u00fcr Zuhause, Garten, Bildung und Sicherheit. Vergleichen Sie Saugroboter, Rasenm\u00e4hroboter, KI-Begleitroboter und mehr bei EasyLifeRobo.","breadcrumb":{"@id":"https:\/\/easyliferobo.com\/de\/product\/remoking-intelligentes-roboter-kinderspielzeug-interaktives-roboter-lernspielzeug-geschenke-fuer-jungen-und-maedchen-touch-steuerung-sprachaufzeichnung-sprachaufzeichnung-sprechen-tanzen-musik\/#breadcrumb"},"inLanguage":"de","potentialAction":[{"@type":"ReadAction","target":["https:\/\/easyliferobo.com\/de\/product\/remoking-intelligentes-roboter-kinderspielzeug-interaktives-roboter-lernspielzeug-geschenke-fuer-jungen-und-maedchen-touch-steuerung-sprachaufzeichnung-sprachaufzeichnung-sprechen-tanzen-musik\/"]}]},{"@type":"ImageObject","inLanguage":"de","@id":"https:\/\/easyliferobo.com\/de\/product\/remoking-intelligentes-roboter-kinderspielzeug-interaktives-roboter-lernspielzeug-geschenke-fuer-jungen-und-maedchen-touch-steuerung-sprachaufzeichnung-sprachaufzeichnung-sprechen-tanzen-musik\/#primaryimage","url":"https:\/\/easyliferobo.com\/de\/wp-content\/uploads\/2026\/02\/51iSEMf6VVL._AC_SL1200_.jpg","contentUrl":"https:\/\/easyliferobo.com\/de\/wp-content\/uploads\/2026\/02\/51iSEMf6VVL._AC_SL1200_.jpg","width":940,"height":1140},{"@type":"BreadcrumbList","@id":"https:\/\/easyliferobo.com\/de\/product\/remoking-intelligentes-roboter-kinderspielzeug-interaktives-roboter-lernspielzeug-geschenke-fuer-jungen-und-maedchen-touch-steuerung-sprachaufzeichnung-sprachaufzeichnung-sprechen-tanzen-musik\/#breadcrumb","itemListElement":[{"@type":"ListItem","position":1,"name":"Home","item":"https:\/\/easyliferobo.com\/de\/"},{"@type":"ListItem","position":2,"name":"Shop","item":"https:\/\/easyliferobo.com\/de\/shop\/"},{"@type":"ListItem","position":3,"name":"Remoking Intelligentes Roboter-Kind..."}]},{"@type":"WebSite","@id":"https:\/\/easyliferobo.com\/de\/#website","url":"https:\/\/easyliferobo.com\/de\/","name":"EasyLifeBro","description":"Smarte Roboter f\u00fcr Zuhause, Garten &amp; Bildung","publisher":{"@id":"https:\/\/easyliferobo.com\/de\/#organization"},"potentialAction":[{"@type":"SearchAction","target":{"@type":"EntryPoint","urlTemplate":"https:\/\/easyliferobo.com\/de\/?s={search_term_string}"},"query-input":{"@type":"PropertyValueSpecification","valueRequired":true,"valueName":"search_term_string"}}],"inLanguage":"de"},{"@type":"Organization","@id":"https:\/\/easyliferobo.com\/de\/#organization","name":"EasyLifeBro","url":"https:\/\/easyliferobo.com\/de\/","logo":{"@type":"ImageObject","inLanguage":"de","@id":"https:\/\/easyliferobo.com\/de\/#\/schema\/logo\/image\/","url":"https:\/\/easyliferobo.com\/de\/wp-content\/uploads\/2026\/02\/Screenshot-2026-02-22-at-2.25.03-PM.png","contentUrl":"https:\/\/easyliferobo.com\/de\/wp-content\/uploads\/2026\/02\/Screenshot-2026-02-22-at-2.25.03-PM.png","width":1858,"height":430,"caption":"EasyLifeBro"},"image":{"@id":"https:\/\/easyliferobo.com\/de\/#\/schema\/logo\/image\/"}}]}},"_links":{"self":[{"href":"https:\/\/easyliferobo.com\/de\/wp-json\/wp\/v2\/product\/321","targetHints":{"allow":["GET"]}}],"collection":[{"href":"https:\/\/easyliferobo.com\/de\/wp-json\/wp\/v2\/product"}],"about":[{"href":"https:\/\/easyliferobo.com\/de\/wp-json\/wp\/v2\/types\/product"}],"replies":[{"embeddable":true,"href":"https:\/\/easyliferobo.com\/de\/wp-json\/wp\/v2\/comments?post=321"}],"wp:featuredmedia":[{"embeddable":true,"href":"https:\/\/easyliferobo.com\/de\/wp-json\/wp\/v2\/media\/322"}],"wp:attachment":[{"href":"https:\/\/easyliferobo.com\/de\/wp-json\/wp\/v2\/media?parent=321"}],"wp:term":[{"taxonomy":"store","embeddable":true,"href":"https:\/\/easyliferobo.com\/de\/wp-json\/wp\/v2\/store?post=321"},{"taxonomy":"product_brand","embeddable":true,"href":"https:\/\/easyliferobo.com\/de\/wp-json\/wp\/v2\/product_brand?post=321"},{"taxonomy":"product_cat","embeddable":true,"href":"https:\/\/easyliferobo.com\/de\/wp-json\/wp\/v2\/product_cat?post=321"},{"taxonomy":"product_tag","embeddable":true,"href":"https:\/\/easyliferobo.com\/de\/wp-json\/wp\/v2\/product_tag?post=321"}],"curies":[{"name":"wp","href":"https:\/\/api.w.org\/{rel}","templated":true}]}}