
{"id":3202,"date":"2026-02-27T06:19:51","date_gmt":"2026-02-27T06:19:51","guid":{"rendered":"https:\/\/easyliferobo.com\/de\/product\/p17-gps-drohne-mit-4k-kamera-fuer-erwachsene-54-60-minuten-flugzeit-automatische-rueckkehr-folgemodus-buerstenloser-motor-faltbarer-rc-quadcopter-fuer-anfaenger-standard\/"},"modified":"2026-02-27T06:20:08","modified_gmt":"2026-02-27T06:20:08","slug":"p17-gps-drohne-mit-4k-kamera-fuer-erwachsene-54-60-minuten-flugzeit-automatische-rueckkehr-folgemodus-buerstenloser-motor-faltbarer-rc-quadcopter-fuer-anfaenger-standard","status":"publish","type":"product","link":"https:\/\/easyliferobo.com\/de\/product\/p17-gps-drohne-mit-4k-kamera-fuer-erwachsene-54-60-minuten-flugzeit-automatische-rueckkehr-folgemodus-buerstenloser-motor-faltbarer-rc-quadcopter-fuer-anfaenger-standard\/","title":{"rendered":"P17 GPS-Drohne mit 4K-Kamera f\u00fcr E..."},"content":{"rendered":"<p>\n                                             Produktbeschreibung Das Video zeigt das Produkt im Einsatz. Das Video f\u00fchrt Sie durch die Produkteinrichtung. Das Video vergleicht mehrere Produkte. Das Video zeigt das Auspacken des Produkts. HYTOBP P17 GPS Drohne mit Kamera 4K f\u00fcr Erwachsene H\u00e4ndlervideo<\/p>\n<p>                                                                                                       <img decoding=\"async\" alt=\"Aplus-Inhaltsbild\" src=\"https:\/\/images-na.ssl-images-amazon.com\/images\/G\/01\/x-locale\/common\/grey-pixel.gif\" class=\"a-lazy-loaded\" data-src=\"https:\/\/m.media-amazon.com\/images\/S\/aplus-media-library-service-media\/7f7390c5-a1b9-4a59-abe0-937e058e0d64.__CR0,0,1464,600_PT0_SX1464_V1___.jpg\"><img decoding=\"async\" alt=\"Aplus-Inhaltsbild\" src=\"https:\/\/m.media-amazon.com\/images\/S\/aplus-media-library-service-media\/7f7390c5-a1b9-4a59-abe0-937e058e0d64.__CR0,0,1464,600_PT0_SX1464_V1___.jpg\">                                               <\/p>\n<p>                                                                                                                  <img decoding=\"async\" alt=\"Aplus-Inhaltsbild\" src=\"https:\/\/m.media-amazon.com\/images\/S\/aplus-media-library-service-media\/0fba2632-fc8f-4222-9b6b-af8cc8438f0e.__CR0,0,1464,600_PT0_SX1464_V1___.jpg\">                                                    <img decoding=\"async\" alt=\"Aplus-Inhaltsbild\" src=\"https:\/\/m.media-amazon.com\/images\/S\/aplus-media-library-service-media\/f45641e7-e2f3-4083-aac7-b83be3eeb0bc.__CR0,0,1464,600_PT0_SX1464_V1___.jpg\">                                                    <img decoding=\"async\" alt=\"Aplus-Inhaltsbild\" src=\"https:\/\/m.media-amazon.com\/images\/S\/aplus-media-library-service-media\/b1e39f4b-0e8c-4e04-b348-f1a29b721711.__CR0,0,1464,600_PT0_SX1464_V1___.jpg\">                                                    <img decoding=\"async\" alt=\"Aplus-Inhaltsbild\" src=\"https:\/\/m.media-amazon.com\/images\/S\/aplus-media-library-service-media\/922ba3e3-9364-4edb-9cce-a942af058a31.__CR0,0,1464,600_PT0_SX1464_V1___.jpg\"><br \/>\n                            1 GPS Automatische R\u00fcckkehr 2 GPS-Positionierung 3 Follow Me Funktion 4 Weitere Funktionen <\/p>\n<p>                                                                                                                <img decoding=\"async\" alt=\"Aplus-Inhaltsbild\" src=\"https:\/\/m.media-amazon.com\/images\/S\/aplus-media-library-service-media\/515eacb5-2a85-47a4-a7a8-c113e1530eb6.__CR0,0,1464,600_PT0_SX1464_V1___.jpg\">                                                    <img decoding=\"async\" alt=\"Aplus-Inhaltsbild\" src=\"https:\/\/m.media-amazon.com\/images\/S\/aplus-media-library-service-media\/442b7433-e005-454b-8b4d-07a673401e5b.__CR0,0,1464,600_PT0_SX1464_V1___.jpg\">                                                    <img decoding=\"async\" alt=\"Aplus-Inhaltsbild\" src=\"https:\/\/m.media-amazon.com\/images\/S\/aplus-media-library-service-media\/baf0e102-7d30-4b87-b816-f45b436785b0.__CR0,0,1464,600_PT0_SX1464_V1___.jpg\"><br \/>\n                            1 b\u00fcrstenloser Motor 2 Super lange Akkulaufzeit 3 \u200b\u200bDrohnen unter 250g <\/p>\n<p>                                                                                                       <img decoding=\"async\" alt=\"Aplus-Inhaltsbild\" src=\"https:\/\/images-na.ssl-images-amazon.com\/images\/G\/01\/x-locale\/common\/grey-pixel.gif\" class=\"a-lazy-loaded\" data-src=\"https:\/\/m.media-amazon.com\/images\/S\/aplus-media-library-service-media\/acb13ec3-955a-442c-90ca-4025cb8a8d59.__CR0,0,1464,600_PT0_SX1464_V1___.jpg\"><img decoding=\"async\" alt=\"Aplus-Inhaltsbild\" src=\"https:\/\/m.media-amazon.com\/images\/S\/aplus-media-library-service-media\/acb13ec3-955a-442c-90ca-4025cb8a8d59.__CR0,0,1464,600_PT0_SX1464_V1___.jpg\">                                                  <\/p>\n<h3 class=\"aplus-h1 aplus-module-1-heading a-text-bold\">  5G WLAN Echtzeit\u00fcbertragung <\/h3>\n<p class=\"aplus-p2 aplus-module-1-description\">  Echtzeit\u00fcbertragung sorgt f\u00fcr zeitnahe Verbindung mit geringer Latenz, LCD-Display zeigt Drohnenfluginformationen an <\/p>\n<p class=\"aplus-p2 aplus-module-1-description\">  Maximale Fernbedienungsentfernung: 600 m <\/p>\n<p class=\"aplus-p2 aplus-module-1-description\">  Maximale \u00dcbertragungsentfernung: 300 m <\/p>\n<p class=\"aplus-p2 aplus-module-1-description\">  (Die Bildqualit\u00e4t wird durch Wind, Wetter und andere Faktoren beeinflusst) <\/p>\n<p>                                           <img decoding=\"async\" alt=\"Aplus-Inhaltsbild\" src=\"https:\/\/images-na.ssl-images-amazon.com\/images\/G\/01\/x-locale\/common\/grey-pixel.gif\" class=\"a-lazy-loaded\" data-src=\"https:\/\/m.media-amazon.com\/images\/S\/aplus-media-library-service-media\/d615dc41-4cf9-4052-8130-5d323bc53c21.__CR0,0,800,600_PT0_SX800_V1___.jpg\"><img decoding=\"async\" alt=\"Aplus-Inhaltsbild\" src=\"https:\/\/m.media-amazon.com\/images\/S\/aplus-media-library-service-media\/d615dc41-4cf9-4052-8130-5d323bc53c21.__CR0,0,800,600_PT0_SX800_V1___.jpg\">          <\/p>\n<h3>\n<p class=\"aplus-question aplus-p1\">  Die Flugzeit meiner Drohne betr\u00e4gt nur wenige Minuten.\/ Der Akku funktioniert nicht. <\/p>\n<\/h3>\n<p class=\"aplus-answer aplus-p2\">  Stellen Sie sicher, dass der Akku vor dem Flug vollst\u00e4ndig aufgeladen ist, und verwenden Sie zum Laden das Original-Ladekabel. Die Flugzeit kann durch Wind, Ladezeit, Temperatur usw. erfolgen. beeinflusst werden. Die angegebenen Daten dienen nur als Referenz. <\/p>\n<h3>\n<p class=\"aplus-question aplus-p1\">  Wie verbinde ich meine Drohne mit meinem Handy? <\/p>\n<\/h3>\n<p class=\"aplus-answer aplus-p2\">  Bitte erlauben Sie dem WLAN und der Drohnen-App den Zugriff auf Ihr Telefon und Ihre Fotoalben, damit Sie eine Verbindung mit der Drohne herstellen k\u00f6nnen. <\/p>\n<h3>\n<p class=\"aplus-question aplus-p1\">  Wie kann die Drohne schnell abheben? <\/p>\n<\/h3>\n<p class=\"aplus-answer aplus-p2\">  Bitte schauen Sie sich das Anleitungsvideo auf der Amazon-Seite an. <\/p>\n<p>Intelligentes GPS f\u00fcr sichere R\u00fcckkehr und Orientierung: Diese professionelle 4K-Drohne mit Kamera fliegt hochpr\u00e4zise und kehrt bei niedrigem Akkustand, Signalverlust oder auf Knopfdruck automatisch zum Startpunkt zur\u00fcck. Die maximale Flugdistanz betr\u00e4gt 1 km. \u00dcber die App k\u00f6nnen Sie die Flugbahn speichern und Ihre Drohne mit Kamera jederzeit orten \u2013 kein Verlustrisiko, maximale Sicherheit.<br \/>4K-Kamera mit 120\u00b0 Weitwinkel und 5G-Live-\u00dcbertragung: Die HYTOBP P17 Drohne mit Kamera 4K macht gestochen scharfe Fotos und Videos in Ultra HD. Die elektrisch verstellbare 90\u00b0-Kamera mit 120\u00b0 Weitwinkel erweitert Ihr Sichtfeld \u2013 perfekt f\u00fcr beeindruckende Luftperspektiven. Dank 5G-WLAN wird das Livebild st\u00f6rungsfrei und in Echtzeit auf Ihr Smartphone \u00fcbertragen, mit einer Reichweite von bis zu 600 Metern.<br \/>Kraftvoller b\u00fcrstenloser Motor und windbest\u00e4ndig bis St\u00e4rke 5: Die Drohne HYTOBP P17 wurde mit einem b\u00fcrstenlosen Motor ausgestattet. Es sorgt f\u00fcr einen ruhigeren Lauf, weniger L\u00e4rm und eine l\u00e4ngere Lebensdauer. Selbst bei Windst\u00e4rke 5 bleibt die Drohne mit Kamera 4K stabil in der Luft \u2013 ideal f\u00fcr eine pr\u00e4zise Steuerung und zuverl\u00e4ssige Outdoor-Aufnahmen.<br \/>45-54 Minuten Flugzeit mit 3 Smart-Akkus: Drei austauschbare Hochleistungsakkus sind im Lieferumfang enthalten. Dadurch erreichen Sie eine maximale Gesamtflugzeit von 45-54 Minuten. Jeder Akku ist mit einem \u00dcber- und Unterspannungsschutz ausgestattet und h\u00e4lt bis zu 5000 Ladezyklen \u2013 langlebig, sicher und ausdauernd.<br \/>Multifunktionaler Flug f\u00fcr maximale Kreativit\u00e4t: Ob Follow Me, Flugbahn, Schwebepositionierung, Gestenfotos oder 3 Geschwindigkeitseinstellungen \u2013 diese Drohne mit Kamera 4K f\u00fcr Erwachsene bietet zahlreiche intelligente Flugmodi. Das \u00fcbersichtliche LCD-Display der Fernbedienung zeigt Ihnen Flugmodus, Entfernung, Signalst\u00e4rke und Batteriestand auf einen Blick an.<br \/>Leicht, faltbar und unter 249 g eintragungsfrei: Mit einem Gewicht von unter 249 g ist diese Drohne mit Kamera f\u00fcr Hobbyzwecke eintragungsfrei. Das faltbare Design und die praktische Tragetasche machen es zum perfekten Begleiter f\u00fcr Reisen, Camping und Outdoor-Abenteuer.<br \/>24-Stunden-Kundenservice und Video-Tutorials: Sie sind uns wichtig. Daher erhalten Sie ausf\u00fchrliche Video-Tutorials und eine ausf\u00fchrliche Anleitung f\u00fcr Ihre Drohne mit GPS. Bei Fragen oder Problemen hilft Ihnen unser deutscher Kundenservice innerhalb von 24 Stunden \u2013 einfach eine Nachricht senden.<\/p>\n<p>[ad_2]<\/p>\n","protected":false},"excerpt":{"rendered":"<p>Produktbeschreibung Das Video zeigt das Produkt im Einsatz. Das Video f\u00fchrt Sie durch die Produkteinrichtung. Das Video vergleicht mehrere Produkte. Das Video zeigt das Auspacken des Produkts. HYTOBP P17 GPS Drohne mit Kamera 4K f\u00fcr Erwachsene H\u00e4ndlervideo 1 GPS Automatische R\u00fcckkehr 2 GPS-Positionierung 3 Follow Me Funktion 4 Weitere Funktionen 1 b\u00fcrstenloser Motor 2 Super [&hellip;]<\/p>\n","protected":false},"featured_media":3203,"comment_status":"open","ping_status":"closed","template":"","meta":{"_aipt_faq_data":""},"store":[],"product_brand":[425],"product_cat":[103],"product_tag":[269],"class_list":{"0":"post-3202","1":"product","2":"type-product","3":"status-publish","4":"has-post-thumbnail","6":"product_brand-hytobp","7":"product_cat-kamera-drohnen","8":"product_tag-kamera-drohnen-mit-gps","10":"first","11":"instock","12":"sale","13":"shipping-taxable","14":"product-type-external"},"yoast_head":"<!-- This site is optimized with the Yoast SEO plugin v27.0 - https:\/\/yoast.com\/product\/yoast-seo-wordpress\/ -->\n<title>P17 GPS-Drohne mit 4K-Kamera f\u00fcr Erwachsene, 54\u201360 Minuten Flugzeit, automatische R\u00fcckkehr, Folgemodus, b\u00fcrstenloser Motor, faltbarer RC-Quadcopter f\u00fcr Anf\u00e4nger (Standard) - EasyLifeBro<\/title>\n<meta name=\"description\" content=\"Entdecken Sie smarte Roboter f\u00fcr Zuhause, Garten, Bildung und Sicherheit. Vergleichen Sie Saugroboter, Rasenm\u00e4hroboter, KI-Begleitroboter und mehr bei EasyLifeRobo.\" \/>\n<meta name=\"robots\" content=\"index, follow, max-snippet:-1, max-image-preview:large, max-video-preview:-1\" \/>\n<link rel=\"canonical\" href=\"https:\/\/easyliferobo.com\/de\/product\/p17-gps-drohne-mit-4k-kamera-fuer-erwachsene-54-60-minuten-flugzeit-automatische-rueckkehr-folgemodus-buerstenloser-motor-faltbarer-rc-quadcopter-fuer-anfaenger-standard\/\" \/>\n<meta property=\"og:locale\" content=\"de_DE\" \/>\n<meta property=\"og:type\" content=\"article\" \/>\n<meta property=\"og:title\" content=\"P17 GPS-Drohne mit 4K-Kamera f\u00fcr Erwachsene, 54\u201360 Minuten Flugzeit, automatische R\u00fcckkehr, Folgemodus, b\u00fcrstenloser Motor, faltbarer RC-Quadcopter f\u00fcr Anf\u00e4nger (Standard) - EasyLifeBro\" \/>\n<meta property=\"og:description\" content=\"Entdecken Sie smarte Roboter f\u00fcr Zuhause, Garten, Bildung und Sicherheit. Vergleichen Sie Saugroboter, Rasenm\u00e4hroboter, KI-Begleitroboter und mehr bei EasyLifeRobo.\" \/>\n<meta property=\"og:url\" content=\"https:\/\/easyliferobo.com\/de\/product\/p17-gps-drohne-mit-4k-kamera-fuer-erwachsene-54-60-minuten-flugzeit-automatische-rueckkehr-folgemodus-buerstenloser-motor-faltbarer-rc-quadcopter-fuer-anfaenger-standard\/\" \/>\n<meta property=\"og:site_name\" content=\"EasyLifeBro\" \/>\n<meta property=\"article:modified_time\" content=\"2026-02-27T06:20:08+00:00\" \/>\n<meta property=\"og:image\" content=\"https:\/\/images-na.ssl-images-amazon.com\/images\/G\/01\/x-locale\/common\/grey-pixel.gif\" \/>\n<meta name=\"twitter:card\" content=\"summary_large_image\" \/>\n<meta name=\"twitter:label1\" content=\"Gesch\u00e4tzte Lesezeit\" \/>\n\t<meta name=\"twitter:data1\" content=\"3\u00a0Minuten\" \/>\n<script type=\"application\/ld+json\" class=\"yoast-schema-graph\">{\"@context\":\"https:\/\/schema.org\",\"@graph\":[{\"@type\":\"WebPage\",\"@id\":\"https:\/\/easyliferobo.com\/de\/product\/p17-gps-drohne-mit-4k-kamera-fuer-erwachsene-54-60-minuten-flugzeit-automatische-rueckkehr-folgemodus-buerstenloser-motor-faltbarer-rc-quadcopter-fuer-anfaenger-standard\/\",\"url\":\"https:\/\/easyliferobo.com\/de\/product\/p17-gps-drohne-mit-4k-kamera-fuer-erwachsene-54-60-minuten-flugzeit-automatische-rueckkehr-folgemodus-buerstenloser-motor-faltbarer-rc-quadcopter-fuer-anfaenger-standard\/\",\"name\":\"P17 GPS-Drohne mit 4K-Kamera f\u00fcr Erwachsene, 54\u201360 Minuten Flugzeit, automatische R\u00fcckkehr, Folgemodus, b\u00fcrstenloser Motor, faltbarer RC-Quadcopter f\u00fcr Anf\u00e4nger (Standard) - EasyLifeBro\",\"isPartOf\":{\"@id\":\"https:\/\/easyliferobo.com\/de\/#website\"},\"primaryImageOfPage\":{\"@id\":\"https:\/\/easyliferobo.com\/de\/product\/p17-gps-drohne-mit-4k-kamera-fuer-erwachsene-54-60-minuten-flugzeit-automatische-rueckkehr-folgemodus-buerstenloser-motor-faltbarer-rc-quadcopter-fuer-anfaenger-standard\/#primaryimage\"},\"image\":{\"@id\":\"https:\/\/easyliferobo.com\/de\/product\/p17-gps-drohne-mit-4k-kamera-fuer-erwachsene-54-60-minuten-flugzeit-automatische-rueckkehr-folgemodus-buerstenloser-motor-faltbarer-rc-quadcopter-fuer-anfaenger-standard\/#primaryimage\"},\"thumbnailUrl\":\"https:\/\/easyliferobo.com\/de\/wp-content\/uploads\/2026\/02\/718THnhso1L._AC_SL1500_.jpg\",\"datePublished\":\"2026-02-27T06:19:51+00:00\",\"dateModified\":\"2026-02-27T06:20:08+00:00\",\"description\":\"Entdecken Sie smarte Roboter f\u00fcr Zuhause, Garten, Bildung und Sicherheit. Vergleichen Sie Saugroboter, Rasenm\u00e4hroboter, KI-Begleitroboter und mehr bei EasyLifeRobo.\",\"breadcrumb\":{\"@id\":\"https:\/\/easyliferobo.com\/de\/product\/p17-gps-drohne-mit-4k-kamera-fuer-erwachsene-54-60-minuten-flugzeit-automatische-rueckkehr-folgemodus-buerstenloser-motor-faltbarer-rc-quadcopter-fuer-anfaenger-standard\/#breadcrumb\"},\"inLanguage\":\"de\",\"potentialAction\":[{\"@type\":\"ReadAction\",\"target\":[\"https:\/\/easyliferobo.com\/de\/product\/p17-gps-drohne-mit-4k-kamera-fuer-erwachsene-54-60-minuten-flugzeit-automatische-rueckkehr-folgemodus-buerstenloser-motor-faltbarer-rc-quadcopter-fuer-anfaenger-standard\/\"]}]},{\"@type\":\"ImageObject\",\"inLanguage\":\"de\",\"@id\":\"https:\/\/easyliferobo.com\/de\/product\/p17-gps-drohne-mit-4k-kamera-fuer-erwachsene-54-60-minuten-flugzeit-automatische-rueckkehr-folgemodus-buerstenloser-motor-faltbarer-rc-quadcopter-fuer-anfaenger-standard\/#primaryimage\",\"url\":\"https:\/\/easyliferobo.com\/de\/wp-content\/uploads\/2026\/02\/718THnhso1L._AC_SL1500_.jpg\",\"contentUrl\":\"https:\/\/easyliferobo.com\/de\/wp-content\/uploads\/2026\/02\/718THnhso1L._AC_SL1500_.jpg\",\"width\":1500,\"height\":1431},{\"@type\":\"BreadcrumbList\",\"@id\":\"https:\/\/easyliferobo.com\/de\/product\/p17-gps-drohne-mit-4k-kamera-fuer-erwachsene-54-60-minuten-flugzeit-automatische-rueckkehr-folgemodus-buerstenloser-motor-faltbarer-rc-quadcopter-fuer-anfaenger-standard\/#breadcrumb\",\"itemListElement\":[{\"@type\":\"ListItem\",\"position\":1,\"name\":\"Home\",\"item\":\"https:\/\/easyliferobo.com\/de\/\"},{\"@type\":\"ListItem\",\"position\":2,\"name\":\"Shop\",\"item\":\"https:\/\/easyliferobo.com\/de\/shop\/\"},{\"@type\":\"ListItem\",\"position\":3,\"name\":\"P17 GPS-Drohne mit 4K-Kamera f\u00fcr E...\"}]},{\"@type\":\"WebSite\",\"@id\":\"https:\/\/easyliferobo.com\/de\/#website\",\"url\":\"https:\/\/easyliferobo.com\/de\/\",\"name\":\"EasyLifeBro\",\"description\":\"Smarte Roboter f\u00fcr Zuhause, Garten &amp; Bildung\",\"publisher\":{\"@id\":\"https:\/\/easyliferobo.com\/de\/#organization\"},\"potentialAction\":[{\"@type\":\"SearchAction\",\"target\":{\"@type\":\"EntryPoint\",\"urlTemplate\":\"https:\/\/easyliferobo.com\/de\/?s={search_term_string}\"},\"query-input\":{\"@type\":\"PropertyValueSpecification\",\"valueRequired\":true,\"valueName\":\"search_term_string\"}}],\"inLanguage\":\"de\"},{\"@type\":\"Organization\",\"@id\":\"https:\/\/easyliferobo.com\/de\/#organization\",\"name\":\"EasyLifeBro\",\"url\":\"https:\/\/easyliferobo.com\/de\/\",\"logo\":{\"@type\":\"ImageObject\",\"inLanguage\":\"de\",\"@id\":\"https:\/\/easyliferobo.com\/de\/#\/schema\/logo\/image\/\",\"url\":\"https:\/\/easyliferobo.com\/de\/wp-content\/uploads\/2026\/02\/Screenshot-2026-02-22-at-2.25.03-PM.png\",\"contentUrl\":\"https:\/\/easyliferobo.com\/de\/wp-content\/uploads\/2026\/02\/Screenshot-2026-02-22-at-2.25.03-PM.png\",\"width\":1858,\"height\":430,\"caption\":\"EasyLifeBro\"},\"image\":{\"@id\":\"https:\/\/easyliferobo.com\/de\/#\/schema\/logo\/image\/\"}}]}<\/script>\n<!-- \/ Yoast SEO plugin. -->","yoast_head_json":{"title":"P17 GPS-Drohne mit 4K-Kamera f\u00fcr Erwachsene, 54\u201360 Minuten Flugzeit, automatische R\u00fcckkehr, Folgemodus, b\u00fcrstenloser Motor, faltbarer RC-Quadcopter f\u00fcr Anf\u00e4nger (Standard) - EasyLifeBro","description":"Entdecken Sie smarte Roboter f\u00fcr Zuhause, Garten, Bildung und Sicherheit. Vergleichen Sie Saugroboter, Rasenm\u00e4hroboter, KI-Begleitroboter und mehr bei EasyLifeRobo.","robots":{"index":"index","follow":"follow","max-snippet":"max-snippet:-1","max-image-preview":"max-image-preview:large","max-video-preview":"max-video-preview:-1"},"canonical":"https:\/\/easyliferobo.com\/de\/product\/p17-gps-drohne-mit-4k-kamera-fuer-erwachsene-54-60-minuten-flugzeit-automatische-rueckkehr-folgemodus-buerstenloser-motor-faltbarer-rc-quadcopter-fuer-anfaenger-standard\/","og_locale":"de_DE","og_type":"article","og_title":"P17 GPS-Drohne mit 4K-Kamera f\u00fcr Erwachsene, 54\u201360 Minuten Flugzeit, automatische R\u00fcckkehr, Folgemodus, b\u00fcrstenloser Motor, faltbarer RC-Quadcopter f\u00fcr Anf\u00e4nger (Standard) - EasyLifeBro","og_description":"Entdecken Sie smarte Roboter f\u00fcr Zuhause, Garten, Bildung und Sicherheit. Vergleichen Sie Saugroboter, Rasenm\u00e4hroboter, KI-Begleitroboter und mehr bei EasyLifeRobo.","og_url":"https:\/\/easyliferobo.com\/de\/product\/p17-gps-drohne-mit-4k-kamera-fuer-erwachsene-54-60-minuten-flugzeit-automatische-rueckkehr-folgemodus-buerstenloser-motor-faltbarer-rc-quadcopter-fuer-anfaenger-standard\/","og_site_name":"EasyLifeBro","article_modified_time":"2026-02-27T06:20:08+00:00","og_image":[{"url":"https:\/\/images-na.ssl-images-amazon.com\/images\/G\/01\/x-locale\/common\/grey-pixel.gif","type":"","width":"","height":""}],"twitter_card":"summary_large_image","twitter_misc":{"Gesch\u00e4tzte Lesezeit":"3\u00a0Minuten"},"schema":{"@context":"https:\/\/schema.org","@graph":[{"@type":"WebPage","@id":"https:\/\/easyliferobo.com\/de\/product\/p17-gps-drohne-mit-4k-kamera-fuer-erwachsene-54-60-minuten-flugzeit-automatische-rueckkehr-folgemodus-buerstenloser-motor-faltbarer-rc-quadcopter-fuer-anfaenger-standard\/","url":"https:\/\/easyliferobo.com\/de\/product\/p17-gps-drohne-mit-4k-kamera-fuer-erwachsene-54-60-minuten-flugzeit-automatische-rueckkehr-folgemodus-buerstenloser-motor-faltbarer-rc-quadcopter-fuer-anfaenger-standard\/","name":"P17 GPS-Drohne mit 4K-Kamera f\u00fcr Erwachsene, 54\u201360 Minuten Flugzeit, automatische R\u00fcckkehr, Folgemodus, b\u00fcrstenloser Motor, faltbarer RC-Quadcopter f\u00fcr Anf\u00e4nger (Standard) - EasyLifeBro","isPartOf":{"@id":"https:\/\/easyliferobo.com\/de\/#website"},"primaryImageOfPage":{"@id":"https:\/\/easyliferobo.com\/de\/product\/p17-gps-drohne-mit-4k-kamera-fuer-erwachsene-54-60-minuten-flugzeit-automatische-rueckkehr-folgemodus-buerstenloser-motor-faltbarer-rc-quadcopter-fuer-anfaenger-standard\/#primaryimage"},"image":{"@id":"https:\/\/easyliferobo.com\/de\/product\/p17-gps-drohne-mit-4k-kamera-fuer-erwachsene-54-60-minuten-flugzeit-automatische-rueckkehr-folgemodus-buerstenloser-motor-faltbarer-rc-quadcopter-fuer-anfaenger-standard\/#primaryimage"},"thumbnailUrl":"https:\/\/easyliferobo.com\/de\/wp-content\/uploads\/2026\/02\/718THnhso1L._AC_SL1500_.jpg","datePublished":"2026-02-27T06:19:51+00:00","dateModified":"2026-02-27T06:20:08+00:00","description":"Entdecken Sie smarte Roboter f\u00fcr Zuhause, Garten, Bildung und Sicherheit. Vergleichen Sie Saugroboter, Rasenm\u00e4hroboter, KI-Begleitroboter und mehr bei EasyLifeRobo.","breadcrumb":{"@id":"https:\/\/easyliferobo.com\/de\/product\/p17-gps-drohne-mit-4k-kamera-fuer-erwachsene-54-60-minuten-flugzeit-automatische-rueckkehr-folgemodus-buerstenloser-motor-faltbarer-rc-quadcopter-fuer-anfaenger-standard\/#breadcrumb"},"inLanguage":"de","potentialAction":[{"@type":"ReadAction","target":["https:\/\/easyliferobo.com\/de\/product\/p17-gps-drohne-mit-4k-kamera-fuer-erwachsene-54-60-minuten-flugzeit-automatische-rueckkehr-folgemodus-buerstenloser-motor-faltbarer-rc-quadcopter-fuer-anfaenger-standard\/"]}]},{"@type":"ImageObject","inLanguage":"de","@id":"https:\/\/easyliferobo.com\/de\/product\/p17-gps-drohne-mit-4k-kamera-fuer-erwachsene-54-60-minuten-flugzeit-automatische-rueckkehr-folgemodus-buerstenloser-motor-faltbarer-rc-quadcopter-fuer-anfaenger-standard\/#primaryimage","url":"https:\/\/easyliferobo.com\/de\/wp-content\/uploads\/2026\/02\/718THnhso1L._AC_SL1500_.jpg","contentUrl":"https:\/\/easyliferobo.com\/de\/wp-content\/uploads\/2026\/02\/718THnhso1L._AC_SL1500_.jpg","width":1500,"height":1431},{"@type":"BreadcrumbList","@id":"https:\/\/easyliferobo.com\/de\/product\/p17-gps-drohne-mit-4k-kamera-fuer-erwachsene-54-60-minuten-flugzeit-automatische-rueckkehr-folgemodus-buerstenloser-motor-faltbarer-rc-quadcopter-fuer-anfaenger-standard\/#breadcrumb","itemListElement":[{"@type":"ListItem","position":1,"name":"Home","item":"https:\/\/easyliferobo.com\/de\/"},{"@type":"ListItem","position":2,"name":"Shop","item":"https:\/\/easyliferobo.com\/de\/shop\/"},{"@type":"ListItem","position":3,"name":"P17 GPS-Drohne mit 4K-Kamera f\u00fcr E..."}]},{"@type":"WebSite","@id":"https:\/\/easyliferobo.com\/de\/#website","url":"https:\/\/easyliferobo.com\/de\/","name":"EasyLifeBro","description":"Smarte Roboter f\u00fcr Zuhause, Garten &amp; Bildung","publisher":{"@id":"https:\/\/easyliferobo.com\/de\/#organization"},"potentialAction":[{"@type":"SearchAction","target":{"@type":"EntryPoint","urlTemplate":"https:\/\/easyliferobo.com\/de\/?s={search_term_string}"},"query-input":{"@type":"PropertyValueSpecification","valueRequired":true,"valueName":"search_term_string"}}],"inLanguage":"de"},{"@type":"Organization","@id":"https:\/\/easyliferobo.com\/de\/#organization","name":"EasyLifeBro","url":"https:\/\/easyliferobo.com\/de\/","logo":{"@type":"ImageObject","inLanguage":"de","@id":"https:\/\/easyliferobo.com\/de\/#\/schema\/logo\/image\/","url":"https:\/\/easyliferobo.com\/de\/wp-content\/uploads\/2026\/02\/Screenshot-2026-02-22-at-2.25.03-PM.png","contentUrl":"https:\/\/easyliferobo.com\/de\/wp-content\/uploads\/2026\/02\/Screenshot-2026-02-22-at-2.25.03-PM.png","width":1858,"height":430,"caption":"EasyLifeBro"},"image":{"@id":"https:\/\/easyliferobo.com\/de\/#\/schema\/logo\/image\/"}}]}},"_links":{"self":[{"href":"https:\/\/easyliferobo.com\/de\/wp-json\/wp\/v2\/product\/3202","targetHints":{"allow":["GET"]}}],"collection":[{"href":"https:\/\/easyliferobo.com\/de\/wp-json\/wp\/v2\/product"}],"about":[{"href":"https:\/\/easyliferobo.com\/de\/wp-json\/wp\/v2\/types\/product"}],"replies":[{"embeddable":true,"href":"https:\/\/easyliferobo.com\/de\/wp-json\/wp\/v2\/comments?post=3202"}],"wp:featuredmedia":[{"embeddable":true,"href":"https:\/\/easyliferobo.com\/de\/wp-json\/wp\/v2\/media\/3203"}],"wp:attachment":[{"href":"https:\/\/easyliferobo.com\/de\/wp-json\/wp\/v2\/media?parent=3202"}],"wp:term":[{"taxonomy":"store","embeddable":true,"href":"https:\/\/easyliferobo.com\/de\/wp-json\/wp\/v2\/store?post=3202"},{"taxonomy":"product_brand","embeddable":true,"href":"https:\/\/easyliferobo.com\/de\/wp-json\/wp\/v2\/product_brand?post=3202"},{"taxonomy":"product_cat","embeddable":true,"href":"https:\/\/easyliferobo.com\/de\/wp-json\/wp\/v2\/product_cat?post=3202"},{"taxonomy":"product_tag","embeddable":true,"href":"https:\/\/easyliferobo.com\/de\/wp-json\/wp\/v2\/product_tag?post=3202"}],"curies":[{"name":"wp","href":"https:\/\/api.w.org\/{rel}","templated":true}]}}