
{"id":3191,"date":"2026-02-27T06:18:49","date_gmt":"2026-02-27T06:18:49","guid":{"rendered":"https:\/\/easyliferobo.com\/de\/product\/dji-neo-2-motion-fly-more-combo-mit-rc-motion-3-und-goggles-n3-stabile-uebertragung-mit-digitalem-uebertragungsempfaenger-4k-drohne-fuer-anfaenger-fpv-flug-3-batterien\/"},"modified":"2026-02-27T06:19:10","modified_gmt":"2026-02-27T06:19:10","slug":"dji-neo-2-motion-fly-more-combo-mit-rc-motion-3-und-goggles-n3-stabile-uebertragung-mit-digitalem-uebertragungsempfaenger-4k-drohne-fuer-anfaenger-fpv-flug-3-batterien","status":"publish","type":"product","link":"https:\/\/easyliferobo.com\/de\/product\/dji-neo-2-motion-fly-more-combo-mit-rc-motion-3-und-goggles-n3-stabile-uebertragung-mit-digitalem-uebertragungsempfaenger-4k-drohne-fuer-anfaenger-fpv-flug-3-batterien\/","title":{"rendered":"DJI Neo 2 Motion Fly More Combo mit..."},"content":{"rendered":"<p>    <span>\u00dcberblick <br \/>DJI Neo 2 ist die kompakteste Drohne* von DJI mit omnidirektionaler Hinderniserkennung (8) und Funktionen wie Gestensteuerung (2), SelfieShot und ActiveTrack (3). <br \/>Der DJI Neo 2 ist in 3 Kaufoptionen erh\u00e4ltlich: <br \/>DJI Neo 2 (nur Drohne) ist die Standardoption und umfasst die Drohne, einen Akku, Propellerschutz und weiteres Zubeh\u00f6r f\u00fcr einen reibungslosen und einfachen Start Ihres Flugerlebnisses. <br \/>DJI Neo 2 Fly More Combo (nur Drohne) beinhaltet die Drohne, drei Akkus, eine Ladestation, Propellerschutz und weiteres Zubeh\u00f6r f\u00fcr l\u00e4ngere und einfachere Outdoor-Fl\u00fcge. <br \/>\u2462 Die DJI Neo 2 Motion Fly More Combo umfasst die Drohne, DJI RC Motion 3, DJI Goggles N3, den digitalen Sender DJI Neo 2, drei Akkus, eine Ladestation und einen Propellerschutz f\u00fcr einfaches FPV-Fliegen. <br \/>* Stand November 2025 ist die DJI Neo 2 die kompakteste Drohne im Portfolio mit omnidirektionaler Hinderniserkennung. <br \/><\/span>    <br \/>Leichtes und tragbares Design \u2013 Mit einem Gewicht von nur 151 g (9) und der C0-Zertifizierung bietet diese kompakte Drohne einen Propeller-Rundumschutz f\u00fcr einen sichereren, sorgenfreien Transport und Flug.<br \/>Starten und Landen mit der Handfl\u00e4che (1), Gestensteuerung (2) \u2013 Genie\u00dfen Sie einfaches Starten und Landen \u00fcber Ihre Handfl\u00e4che sowie eine intuitive Gestensteuerung f\u00fcr freih\u00e4ndige Bedienung und ein nahtloses Flugerlebnis.<br \/>Reibungslose und zuverl\u00e4ssige Verfolgung \u2013 ActiveTrack (3) h\u00e4lt Ihr Motiv im Fokus, w\u00e4hrend Sie mit der Apple Watch Livebilder anzeigen, den Flugstatus \u00fcberpr\u00fcfen oder die Verfolgung per Sprachsteuerung anpassen k\u00f6nnen (17)<br \/>Einfacher Schnappschuss mit SelfieShot \u2013 Erfassen Sie unvergessliche Momente ganz einfach mit SelfieShot und machen Sie jederzeit schnell und bequem Selfies mit nur einem Fingertipp.<br \/>Rundum-Sicherheit und flexibles Fliegen \u2013 Fliegen Sie sicher mit der omnidirektionalen Hinderniserkennung (8) und genie\u00dfen Sie vielseitige Fl\u00fcge (13) f\u00fcr sicherere und dynamischere Flugabenteuer.<br \/>\u00dcberlegene 4K-Bildgebung (7) \u2013 Halten Sie jeden Moment in atemberaubender Detailtreue mit der 4K-Aufl\u00f6sung (7) fest und erleben Sie jederzeit gestochen scharfe, lebensechte Fotos und Videos.<br \/>Enth\u00e4lt DJI Neo 2, DJI RC Motion 3, DJI Goggles N3, DJI Neo 2 Digitalsender, drei Akkus, eine Ladestation und Propellerschutz f\u00fcr einfaches FPV-Fliegen.<br \/>Aufgrund eines Kompatibilit\u00e4tsproblems wurde die DJI Fly-App aus dem Google Play Store entfernt. Besuchen Sie die offizielle DJI-Website, um das Benutzerhandbuch und die neueste DJI Fly-App herunterzuladen.<\/p>\n<p>[ad_2]<\/p>\n","protected":false},"excerpt":{"rendered":"<p>\u00dcberblick DJI Neo 2 ist die kompakteste Drohne* von DJI mit omnidirektionaler Hinderniserkennung (8) und Funktionen wie Gestensteuerung (2), SelfieShot und ActiveTrack (3). Der DJI Neo 2 ist in 3 Kaufoptionen erh\u00e4ltlich: DJI Neo 2 (nur Drohne) ist die Standardoption und umfasst die Drohne, einen Akku, Propellerschutz und weiteres Zubeh\u00f6r f\u00fcr einen reibungslosen und einfachen [&hellip;]<\/p>\n","protected":false},"featured_media":3192,"comment_status":"open","ping_status":"closed","template":"","meta":{"_aipt_faq_data":""},"store":[],"product_brand":[165],"product_cat":[104],"product_tag":[268],"class_list":{"0":"post-3191","1":"product","2":"type-product","3":"status-publish","4":"has-post-thumbnail","6":"product_brand-dji","7":"product_cat-fpv-drohnen","8":"product_tag-fpv-drohnen-komplettset","10":"first","11":"instock","12":"shipping-taxable","13":"product-type-external"},"yoast_head":"<!-- This site is optimized with the Yoast SEO plugin v27.0 - https:\/\/yoast.com\/product\/yoast-seo-wordpress\/ -->\n<title>DJI Neo 2 Motion Fly More Combo mit RC Motion 3 und Goggles N3, stabile \u00dcbertragung mit digitalem \u00dcbertragungsempf\u00e4nger, 4K-Drohne f\u00fcr Anf\u00e4nger, FPV-Flug, 3 Batterien - EasyLifeBro<\/title>\n<meta name=\"description\" content=\"Entdecken Sie smarte Roboter f\u00fcr Zuhause, Garten, Bildung und Sicherheit. Vergleichen Sie Saugroboter, Rasenm\u00e4hroboter, KI-Begleitroboter und mehr bei EasyLifeRobo.\" \/>\n<meta name=\"robots\" content=\"index, follow, max-snippet:-1, max-image-preview:large, max-video-preview:-1\" \/>\n<link rel=\"canonical\" href=\"https:\/\/easyliferobo.com\/de\/product\/dji-neo-2-motion-fly-more-combo-mit-rc-motion-3-und-goggles-n3-stabile-uebertragung-mit-digitalem-uebertragungsempfaenger-4k-drohne-fuer-anfaenger-fpv-flug-3-batterien\/\" \/>\n<meta property=\"og:locale\" content=\"de_DE\" \/>\n<meta property=\"og:type\" content=\"article\" \/>\n<meta property=\"og:title\" content=\"DJI Neo 2 Motion Fly More Combo mit RC Motion 3 und Goggles N3, stabile \u00dcbertragung mit digitalem \u00dcbertragungsempf\u00e4nger, 4K-Drohne f\u00fcr Anf\u00e4nger, FPV-Flug, 3 Batterien - EasyLifeBro\" \/>\n<meta property=\"og:description\" content=\"Entdecken Sie smarte Roboter f\u00fcr Zuhause, Garten, Bildung und Sicherheit. Vergleichen Sie Saugroboter, Rasenm\u00e4hroboter, KI-Begleitroboter und mehr bei EasyLifeRobo.\" \/>\n<meta property=\"og:url\" content=\"https:\/\/easyliferobo.com\/de\/product\/dji-neo-2-motion-fly-more-combo-mit-rc-motion-3-und-goggles-n3-stabile-uebertragung-mit-digitalem-uebertragungsempfaenger-4k-drohne-fuer-anfaenger-fpv-flug-3-batterien\/\" \/>\n<meta property=\"og:site_name\" content=\"EasyLifeBro\" \/>\n<meta property=\"article:modified_time\" content=\"2026-02-27T06:19:10+00:00\" \/>\n<meta name=\"twitter:card\" content=\"summary_large_image\" \/>\n<meta name=\"twitter:label1\" content=\"Gesch\u00e4tzte Lesezeit\" \/>\n\t<meta name=\"twitter:data1\" content=\"2\u00a0Minuten\" \/>\n<script type=\"application\/ld+json\" class=\"yoast-schema-graph\">{\"@context\":\"https:\/\/schema.org\",\"@graph\":[{\"@type\":\"WebPage\",\"@id\":\"https:\/\/easyliferobo.com\/de\/product\/dji-neo-2-motion-fly-more-combo-mit-rc-motion-3-und-goggles-n3-stabile-uebertragung-mit-digitalem-uebertragungsempfaenger-4k-drohne-fuer-anfaenger-fpv-flug-3-batterien\/\",\"url\":\"https:\/\/easyliferobo.com\/de\/product\/dji-neo-2-motion-fly-more-combo-mit-rc-motion-3-und-goggles-n3-stabile-uebertragung-mit-digitalem-uebertragungsempfaenger-4k-drohne-fuer-anfaenger-fpv-flug-3-batterien\/\",\"name\":\"DJI Neo 2 Motion Fly More Combo mit RC Motion 3 und Goggles N3, stabile \u00dcbertragung mit digitalem \u00dcbertragungsempf\u00e4nger, 4K-Drohne f\u00fcr Anf\u00e4nger, FPV-Flug, 3 Batterien - EasyLifeBro\",\"isPartOf\":{\"@id\":\"https:\/\/easyliferobo.com\/de\/#website\"},\"primaryImageOfPage\":{\"@id\":\"https:\/\/easyliferobo.com\/de\/product\/dji-neo-2-motion-fly-more-combo-mit-rc-motion-3-und-goggles-n3-stabile-uebertragung-mit-digitalem-uebertragungsempfaenger-4k-drohne-fuer-anfaenger-fpv-flug-3-batterien\/#primaryimage\"},\"image\":{\"@id\":\"https:\/\/easyliferobo.com\/de\/product\/dji-neo-2-motion-fly-more-combo-mit-rc-motion-3-und-goggles-n3-stabile-uebertragung-mit-digitalem-uebertragungsempfaenger-4k-drohne-fuer-anfaenger-fpv-flug-3-batterien\/#primaryimage\"},\"thumbnailUrl\":\"https:\/\/easyliferobo.com\/de\/wp-content\/uploads\/2026\/02\/61YXeuTsT-L._AC_SL1500_.jpg\",\"datePublished\":\"2026-02-27T06:18:49+00:00\",\"dateModified\":\"2026-02-27T06:19:10+00:00\",\"description\":\"Entdecken Sie smarte Roboter f\u00fcr Zuhause, Garten, Bildung und Sicherheit. Vergleichen Sie Saugroboter, Rasenm\u00e4hroboter, KI-Begleitroboter und mehr bei EasyLifeRobo.\",\"breadcrumb\":{\"@id\":\"https:\/\/easyliferobo.com\/de\/product\/dji-neo-2-motion-fly-more-combo-mit-rc-motion-3-und-goggles-n3-stabile-uebertragung-mit-digitalem-uebertragungsempfaenger-4k-drohne-fuer-anfaenger-fpv-flug-3-batterien\/#breadcrumb\"},\"inLanguage\":\"de\",\"potentialAction\":[{\"@type\":\"ReadAction\",\"target\":[\"https:\/\/easyliferobo.com\/de\/product\/dji-neo-2-motion-fly-more-combo-mit-rc-motion-3-und-goggles-n3-stabile-uebertragung-mit-digitalem-uebertragungsempfaenger-4k-drohne-fuer-anfaenger-fpv-flug-3-batterien\/\"]}]},{\"@type\":\"ImageObject\",\"inLanguage\":\"de\",\"@id\":\"https:\/\/easyliferobo.com\/de\/product\/dji-neo-2-motion-fly-more-combo-mit-rc-motion-3-und-goggles-n3-stabile-uebertragung-mit-digitalem-uebertragungsempfaenger-4k-drohne-fuer-anfaenger-fpv-flug-3-batterien\/#primaryimage\",\"url\":\"https:\/\/easyliferobo.com\/de\/wp-content\/uploads\/2026\/02\/61YXeuTsT-L._AC_SL1500_.jpg\",\"contentUrl\":\"https:\/\/easyliferobo.com\/de\/wp-content\/uploads\/2026\/02\/61YXeuTsT-L._AC_SL1500_.jpg\",\"width\":1145,\"height\":767},{\"@type\":\"BreadcrumbList\",\"@id\":\"https:\/\/easyliferobo.com\/de\/product\/dji-neo-2-motion-fly-more-combo-mit-rc-motion-3-und-goggles-n3-stabile-uebertragung-mit-digitalem-uebertragungsempfaenger-4k-drohne-fuer-anfaenger-fpv-flug-3-batterien\/#breadcrumb\",\"itemListElement\":[{\"@type\":\"ListItem\",\"position\":1,\"name\":\"Home\",\"item\":\"https:\/\/easyliferobo.com\/de\/\"},{\"@type\":\"ListItem\",\"position\":2,\"name\":\"Shop\",\"item\":\"https:\/\/easyliferobo.com\/de\/shop\/\"},{\"@type\":\"ListItem\",\"position\":3,\"name\":\"DJI Neo 2 Motion Fly More Combo mit...\"}]},{\"@type\":\"WebSite\",\"@id\":\"https:\/\/easyliferobo.com\/de\/#website\",\"url\":\"https:\/\/easyliferobo.com\/de\/\",\"name\":\"EasyLifeBro\",\"description\":\"Smarte Roboter f\u00fcr Zuhause, Garten &amp; Bildung\",\"publisher\":{\"@id\":\"https:\/\/easyliferobo.com\/de\/#organization\"},\"potentialAction\":[{\"@type\":\"SearchAction\",\"target\":{\"@type\":\"EntryPoint\",\"urlTemplate\":\"https:\/\/easyliferobo.com\/de\/?s={search_term_string}\"},\"query-input\":{\"@type\":\"PropertyValueSpecification\",\"valueRequired\":true,\"valueName\":\"search_term_string\"}}],\"inLanguage\":\"de\"},{\"@type\":\"Organization\",\"@id\":\"https:\/\/easyliferobo.com\/de\/#organization\",\"name\":\"EasyLifeBro\",\"url\":\"https:\/\/easyliferobo.com\/de\/\",\"logo\":{\"@type\":\"ImageObject\",\"inLanguage\":\"de\",\"@id\":\"https:\/\/easyliferobo.com\/de\/#\/schema\/logo\/image\/\",\"url\":\"https:\/\/easyliferobo.com\/de\/wp-content\/uploads\/2026\/02\/Screenshot-2026-02-22-at-2.25.03-PM.png\",\"contentUrl\":\"https:\/\/easyliferobo.com\/de\/wp-content\/uploads\/2026\/02\/Screenshot-2026-02-22-at-2.25.03-PM.png\",\"width\":1858,\"height\":430,\"caption\":\"EasyLifeBro\"},\"image\":{\"@id\":\"https:\/\/easyliferobo.com\/de\/#\/schema\/logo\/image\/\"}}]}<\/script>\n<!-- \/ Yoast SEO plugin. -->","yoast_head_json":{"title":"DJI Neo 2 Motion Fly More Combo mit RC Motion 3 und Goggles N3, stabile \u00dcbertragung mit digitalem \u00dcbertragungsempf\u00e4nger, 4K-Drohne f\u00fcr Anf\u00e4nger, FPV-Flug, 3 Batterien - EasyLifeBro","description":"Entdecken Sie smarte Roboter f\u00fcr Zuhause, Garten, Bildung und Sicherheit. Vergleichen Sie Saugroboter, Rasenm\u00e4hroboter, KI-Begleitroboter und mehr bei EasyLifeRobo.","robots":{"index":"index","follow":"follow","max-snippet":"max-snippet:-1","max-image-preview":"max-image-preview:large","max-video-preview":"max-video-preview:-1"},"canonical":"https:\/\/easyliferobo.com\/de\/product\/dji-neo-2-motion-fly-more-combo-mit-rc-motion-3-und-goggles-n3-stabile-uebertragung-mit-digitalem-uebertragungsempfaenger-4k-drohne-fuer-anfaenger-fpv-flug-3-batterien\/","og_locale":"de_DE","og_type":"article","og_title":"DJI Neo 2 Motion Fly More Combo mit RC Motion 3 und Goggles N3, stabile \u00dcbertragung mit digitalem \u00dcbertragungsempf\u00e4nger, 4K-Drohne f\u00fcr Anf\u00e4nger, FPV-Flug, 3 Batterien - EasyLifeBro","og_description":"Entdecken Sie smarte Roboter f\u00fcr Zuhause, Garten, Bildung und Sicherheit. Vergleichen Sie Saugroboter, Rasenm\u00e4hroboter, KI-Begleitroboter und mehr bei EasyLifeRobo.","og_url":"https:\/\/easyliferobo.com\/de\/product\/dji-neo-2-motion-fly-more-combo-mit-rc-motion-3-und-goggles-n3-stabile-uebertragung-mit-digitalem-uebertragungsempfaenger-4k-drohne-fuer-anfaenger-fpv-flug-3-batterien\/","og_site_name":"EasyLifeBro","article_modified_time":"2026-02-27T06:19:10+00:00","twitter_card":"summary_large_image","twitter_misc":{"Gesch\u00e4tzte Lesezeit":"2\u00a0Minuten"},"schema":{"@context":"https:\/\/schema.org","@graph":[{"@type":"WebPage","@id":"https:\/\/easyliferobo.com\/de\/product\/dji-neo-2-motion-fly-more-combo-mit-rc-motion-3-und-goggles-n3-stabile-uebertragung-mit-digitalem-uebertragungsempfaenger-4k-drohne-fuer-anfaenger-fpv-flug-3-batterien\/","url":"https:\/\/easyliferobo.com\/de\/product\/dji-neo-2-motion-fly-more-combo-mit-rc-motion-3-und-goggles-n3-stabile-uebertragung-mit-digitalem-uebertragungsempfaenger-4k-drohne-fuer-anfaenger-fpv-flug-3-batterien\/","name":"DJI Neo 2 Motion Fly More Combo mit RC Motion 3 und Goggles N3, stabile \u00dcbertragung mit digitalem \u00dcbertragungsempf\u00e4nger, 4K-Drohne f\u00fcr Anf\u00e4nger, FPV-Flug, 3 Batterien - EasyLifeBro","isPartOf":{"@id":"https:\/\/easyliferobo.com\/de\/#website"},"primaryImageOfPage":{"@id":"https:\/\/easyliferobo.com\/de\/product\/dji-neo-2-motion-fly-more-combo-mit-rc-motion-3-und-goggles-n3-stabile-uebertragung-mit-digitalem-uebertragungsempfaenger-4k-drohne-fuer-anfaenger-fpv-flug-3-batterien\/#primaryimage"},"image":{"@id":"https:\/\/easyliferobo.com\/de\/product\/dji-neo-2-motion-fly-more-combo-mit-rc-motion-3-und-goggles-n3-stabile-uebertragung-mit-digitalem-uebertragungsempfaenger-4k-drohne-fuer-anfaenger-fpv-flug-3-batterien\/#primaryimage"},"thumbnailUrl":"https:\/\/easyliferobo.com\/de\/wp-content\/uploads\/2026\/02\/61YXeuTsT-L._AC_SL1500_.jpg","datePublished":"2026-02-27T06:18:49+00:00","dateModified":"2026-02-27T06:19:10+00:00","description":"Entdecken Sie smarte Roboter f\u00fcr Zuhause, Garten, Bildung und Sicherheit. Vergleichen Sie Saugroboter, Rasenm\u00e4hroboter, KI-Begleitroboter und mehr bei EasyLifeRobo.","breadcrumb":{"@id":"https:\/\/easyliferobo.com\/de\/product\/dji-neo-2-motion-fly-more-combo-mit-rc-motion-3-und-goggles-n3-stabile-uebertragung-mit-digitalem-uebertragungsempfaenger-4k-drohne-fuer-anfaenger-fpv-flug-3-batterien\/#breadcrumb"},"inLanguage":"de","potentialAction":[{"@type":"ReadAction","target":["https:\/\/easyliferobo.com\/de\/product\/dji-neo-2-motion-fly-more-combo-mit-rc-motion-3-und-goggles-n3-stabile-uebertragung-mit-digitalem-uebertragungsempfaenger-4k-drohne-fuer-anfaenger-fpv-flug-3-batterien\/"]}]},{"@type":"ImageObject","inLanguage":"de","@id":"https:\/\/easyliferobo.com\/de\/product\/dji-neo-2-motion-fly-more-combo-mit-rc-motion-3-und-goggles-n3-stabile-uebertragung-mit-digitalem-uebertragungsempfaenger-4k-drohne-fuer-anfaenger-fpv-flug-3-batterien\/#primaryimage","url":"https:\/\/easyliferobo.com\/de\/wp-content\/uploads\/2026\/02\/61YXeuTsT-L._AC_SL1500_.jpg","contentUrl":"https:\/\/easyliferobo.com\/de\/wp-content\/uploads\/2026\/02\/61YXeuTsT-L._AC_SL1500_.jpg","width":1145,"height":767},{"@type":"BreadcrumbList","@id":"https:\/\/easyliferobo.com\/de\/product\/dji-neo-2-motion-fly-more-combo-mit-rc-motion-3-und-goggles-n3-stabile-uebertragung-mit-digitalem-uebertragungsempfaenger-4k-drohne-fuer-anfaenger-fpv-flug-3-batterien\/#breadcrumb","itemListElement":[{"@type":"ListItem","position":1,"name":"Home","item":"https:\/\/easyliferobo.com\/de\/"},{"@type":"ListItem","position":2,"name":"Shop","item":"https:\/\/easyliferobo.com\/de\/shop\/"},{"@type":"ListItem","position":3,"name":"DJI Neo 2 Motion Fly More Combo mit..."}]},{"@type":"WebSite","@id":"https:\/\/easyliferobo.com\/de\/#website","url":"https:\/\/easyliferobo.com\/de\/","name":"EasyLifeBro","description":"Smarte Roboter f\u00fcr Zuhause, Garten &amp; Bildung","publisher":{"@id":"https:\/\/easyliferobo.com\/de\/#organization"},"potentialAction":[{"@type":"SearchAction","target":{"@type":"EntryPoint","urlTemplate":"https:\/\/easyliferobo.com\/de\/?s={search_term_string}"},"query-input":{"@type":"PropertyValueSpecification","valueRequired":true,"valueName":"search_term_string"}}],"inLanguage":"de"},{"@type":"Organization","@id":"https:\/\/easyliferobo.com\/de\/#organization","name":"EasyLifeBro","url":"https:\/\/easyliferobo.com\/de\/","logo":{"@type":"ImageObject","inLanguage":"de","@id":"https:\/\/easyliferobo.com\/de\/#\/schema\/logo\/image\/","url":"https:\/\/easyliferobo.com\/de\/wp-content\/uploads\/2026\/02\/Screenshot-2026-02-22-at-2.25.03-PM.png","contentUrl":"https:\/\/easyliferobo.com\/de\/wp-content\/uploads\/2026\/02\/Screenshot-2026-02-22-at-2.25.03-PM.png","width":1858,"height":430,"caption":"EasyLifeBro"},"image":{"@id":"https:\/\/easyliferobo.com\/de\/#\/schema\/logo\/image\/"}}]}},"_links":{"self":[{"href":"https:\/\/easyliferobo.com\/de\/wp-json\/wp\/v2\/product\/3191","targetHints":{"allow":["GET"]}}],"collection":[{"href":"https:\/\/easyliferobo.com\/de\/wp-json\/wp\/v2\/product"}],"about":[{"href":"https:\/\/easyliferobo.com\/de\/wp-json\/wp\/v2\/types\/product"}],"replies":[{"embeddable":true,"href":"https:\/\/easyliferobo.com\/de\/wp-json\/wp\/v2\/comments?post=3191"}],"wp:featuredmedia":[{"embeddable":true,"href":"https:\/\/easyliferobo.com\/de\/wp-json\/wp\/v2\/media\/3192"}],"wp:attachment":[{"href":"https:\/\/easyliferobo.com\/de\/wp-json\/wp\/v2\/media?parent=3191"}],"wp:term":[{"taxonomy":"store","embeddable":true,"href":"https:\/\/easyliferobo.com\/de\/wp-json\/wp\/v2\/store?post=3191"},{"taxonomy":"product_brand","embeddable":true,"href":"https:\/\/easyliferobo.com\/de\/wp-json\/wp\/v2\/product_brand?post=3191"},{"taxonomy":"product_cat","embeddable":true,"href":"https:\/\/easyliferobo.com\/de\/wp-json\/wp\/v2\/product_cat?post=3191"},{"taxonomy":"product_tag","embeddable":true,"href":"https:\/\/easyliferobo.com\/de\/wp-json\/wp\/v2\/product_tag?post=3191"}],"curies":[{"name":"wp","href":"https:\/\/api.w.org\/{rel}","templated":true}]}}