
{"id":3171,"date":"2026-02-27T06:14:38","date_gmt":"2026-02-27T06:14:38","guid":{"rendered":"https:\/\/easyliferobo.com\/de\/product\/pilates-lehrbuch-matten-und-geraeteuebungen-fuer-praevention-und-rehabilitation\/"},"modified":"2026-02-27T06:14:39","modified_gmt":"2026-02-27T06:14:39","slug":"pilates-lehrbuch-matten-und-geraeteuebungen-fuer-praevention-und-rehabilitation","status":"publish","type":"product","link":"https:\/\/easyliferobo.com\/de\/product\/pilates-lehrbuch-matten-und-geraeteuebungen-fuer-praevention-und-rehabilitation\/","title":{"rendered":"Pilates-Lehrbuch: Matten- und Ger\u00e4..."},"content":{"rendered":"\n<p>Dieses Lehr- und Praxisbuch vereint die grundlegenden Pilates-Prinzipien mit allen wichtigen \u00dcbungen f\u00fcr ein effektives Pilates-Training in Physiotherapie, Sport und Fitness. Dabei geht das Autorenteam sowohl auf die pr\u00e4ventiven und therapeutischen Aspekte ein als auch auf die trainingsspezifischen. Ob auf der Matte, mit oder ohne Ger\u00e4t, in diesem Buch werden alle Techniken und \u00dcbungen praxisorientiert erkl\u00e4rt und anhand von Fotos veranschaulicht. Patientenbeispiele verdeutlichen Behandlungsabl\u00e4ufe und therapeutische Effekte bei verschiedenen Krankheitsbildern. Ein wertvolles Lehr- und Praxisbuch f\u00fcr alle, die das Pilates\u2013Konzept kennenlernen oder vertiefen wollen. Aus dem Inhalt: Konzept, Philosophie und Prinzipien, Anwendung in Pr\u00e4vention und Rehabilitation in verschiedenen klinischen Fachbereichen, Kontraindikationen, Screenings und konkrete \u00dcbungsanleitungen mit und ohne Ger\u00e4t und neu in der 3. Auflage sind zus\u00e4tzliche Videos zu einzelnen \u00dcbungsabfolgen via Springer NatureMore Media App.<\/p>\n<p> <\/p>\n<p>                                             Vom Verlag   <\/p>\n<h3 class=\"a-size-extra-large aplus-13-heading-text a-text-bold\"> \u00dcber SpringerNature <\/h3>\n<p class=\"description\">  Mit mehr als 300.000 verf\u00fcgbaren B\u00fcchern sind wir der weltweit gr\u00f6\u00dfte akademische Buchverlag, sowohl in Bezug auf den Umfang, als auch auf die Gr\u00f6\u00dfenordnung. Wir stellen Studierenden, Forschenden und Berufst\u00e4tigen vertiefendes Referenzmaterial in \u00fcberwiegend digitalen Formaten, quer durch alle wissenschaftlichen Disziplinen und in Bereichen der angewandten Forschung, zur Verf\u00fcgung. Jedes Jahr ver\u00f6ffentlichen wir Tausende von neuen Nachschlagewerken, Monographien, Lehrb\u00fcchern und anderen Buchtypen \u00fcber unsere bekannten Verlage wie Springer, Palgrave Macmillan und Apress. Mehr als ein Viertel unserer B\u00fccher besch\u00e4ftigt sich mit einem der SDGs (Sustainable Development Goals), und wir drucken schnell unser gesamtes Programm \u201ePrint-on-Demand\u201c, dh bei Bedarf\/Bestellung, und tragen so zur Nachhaltigkeit bei. <\/p>\n<p>                                                         <img decoding=\"async\" alt=\"Springer Natur\" src=\"https:\/\/images-na.ssl-images-amazon.com\/images\/G\/01\/x-locale\/common\/grey-pixel.gif\" class=\"a-lazy-loaded\" data-src=\"https:\/\/m.media-amazon.com\/images\/S\/aplus-media-library-service-media\/424af983-3907-4128-8cb5-5ff3bf5da00a.__CR0,0,600,180_PT0_SX600_V1___.jpg\"><img decoding=\"async\" alt=\"Springer Natur\" src=\"https:\/\/m.media-amazon.com\/images\/S\/aplus-media-library-service-media\/424af983-3907-4128-8cb5-5ff3bf5da00a.__CR0,0,600,180_PT0_SX600_V1___.jpg\">      <\/p>\n<p>  Herausgeber \u200f : \u200e Springer       <br \/> Erscheinungsdatum \u200f : \u200e 4. April 2024       <br \/> Auflage \u200f : \u200e 3. Aufl. 2024       <br \/> Sprache \u200f : \u200e Deutsch   <br \/> Druckl\u00e4nge \u200f : \u200e 313 Seiten       <br \/> ISBN-10 \u200f : \u200e 3662669447       <br \/> ISBN-13 \u200f : \u200e 978-3662669440       <br \/> Abmessungen \u200f : \u200e 17,8 x 1,8 x 25,4 cm       <br \/>       Bestseller-Rang: 126.861 in B\u00fccher (siehe Top 100 in B\u00fcchern) 42 in Sportverletzungen 110 in Stretching &#038; Pilates (B\u00fccher) 123 in Physiotherapie (B\u00fccher)      <br \/>  Kundenrezensionen: 4,8 4,8 von 5 Sternen (6) var dpAcrHasRegisteredArcLinkClickAction; P.when(&#8218;A&#8216;, &#8218;ready&#8216;).execute(function(A) { if (dpAcrHasRegisteredArcLinkClickAction !== true) { dpAcrHasRegisteredArcLinkClickAction = true; A.declarative( &#8218;acrLink-click-metrics&#8216;, &#8218;click&#8216;, { &#8222;allowLinkDefault&#8220;: true }, function (event) { if (window.ue) { ue.count(&#8222;acrLinkClickCount&#8220;, (ue.count(&#8222;acrLinkClickCount&#8220;) || 0) + 1 } } }); P.when(&#8218;A&#8216;, &#8218;cf&#8216;).execute(function(A) { A.declarative(&#8218;acrStarsLink-click-metrics&#8216;, &#8218;click&#8216;, { &#8222;allowLinkDefault&#8220; : true }, function(event){ if(window.ue) { ue.count(&#8222;acrStarsLinkWithPopoverClickCount&#8220;, (ue.count(&#8222;acrStarsLinkWithPopoverClickCount&#8220;) || 0) + 1); } }); });                          <br \/>[ad_2]<\/p>\n","protected":false},"excerpt":{"rendered":"<p>Dieses Lehr- und Praxisbuch vereint die grundlegenden Pilates-Prinzipien mit allen wichtigen \u00dcbungen f\u00fcr ein effektives Pilates-Training in Physiotherapie, Sport und Fitness. Dabei geht das Autorenteam sowohl auf die pr\u00e4ventiven und therapeutischen Aspekte ein als auch auf die trainingsspezifischen. Ob auf der Matte, mit oder ohne Ger\u00e4t, in diesem Buch werden alle Techniken und \u00dcbungen praxisorientiert [&hellip;]<\/p>\n","protected":false},"featured_media":3172,"comment_status":"open","ping_status":"closed","template":"","meta":{"_aipt_faq_data":""},"store":[],"product_brand":[],"product_cat":[108],"product_tag":[314],"class_list":{"0":"post-3171","1":"product","2":"type-product","3":"status-publish","4":"has-post-thumbnail","6":"product_cat-rehabilitationsroboter","7":"product_tag-rehabilitationsroboter-fuer-bewegungsuebungen","9":"first","10":"instock","11":"shipping-taxable","12":"product-type-external"},"yoast_head":"<!-- This site is optimized with the Yoast SEO plugin v27.4 - https:\/\/yoast.com\/product\/yoast-seo-wordpress\/ -->\n<title>Pilates-Lehrbuch: Matten- und Ger\u00e4te\u00fcbungen f\u00fcr Pr\u00e4vention und Rehabilitation - EasyLifeBro<\/title>\n<meta name=\"description\" content=\"Entdecken Sie smarte Roboter f\u00fcr Zuhause, Garten, Bildung und Sicherheit. Vergleichen Sie Saugroboter, Rasenm\u00e4hroboter, KI-Begleitroboter und mehr bei EasyLifeRobo.\" \/>\n<meta name=\"robots\" content=\"index, follow, max-snippet:-1, max-image-preview:large, max-video-preview:-1\" \/>\n<link rel=\"canonical\" href=\"https:\/\/easyliferobo.com\/de\/product\/pilates-lehrbuch-matten-und-geraeteuebungen-fuer-praevention-und-rehabilitation\/\" \/>\n<meta property=\"og:locale\" content=\"de_DE\" \/>\n<meta property=\"og:type\" content=\"article\" \/>\n<meta property=\"og:title\" content=\"Pilates-Lehrbuch: Matten- und Ger\u00e4te\u00fcbungen f\u00fcr Pr\u00e4vention und Rehabilitation - EasyLifeBro\" \/>\n<meta property=\"og:description\" content=\"Entdecken Sie smarte Roboter f\u00fcr Zuhause, Garten, Bildung und Sicherheit. Vergleichen Sie Saugroboter, Rasenm\u00e4hroboter, KI-Begleitroboter und mehr bei EasyLifeRobo.\" \/>\n<meta property=\"og:url\" content=\"https:\/\/easyliferobo.com\/de\/product\/pilates-lehrbuch-matten-und-geraeteuebungen-fuer-praevention-und-rehabilitation\/\" \/>\n<meta property=\"og:site_name\" content=\"EasyLifeBro\" \/>\n<meta property=\"article:modified_time\" content=\"2026-02-27T06:14:39+00:00\" \/>\n<meta property=\"og:image\" content=\"https:\/\/images-na.ssl-images-amazon.com\/images\/G\/01\/x-locale\/common\/grey-pixel.gif\" \/>\n<meta name=\"twitter:card\" content=\"summary_large_image\" \/>\n<meta name=\"twitter:label1\" content=\"Gesch\u00e4tzte Lesezeit\" \/>\n\t<meta name=\"twitter:data1\" content=\"2\u00a0Minuten\" \/>\n<script type=\"application\/ld+json\" class=\"yoast-schema-graph\">{\"@context\":\"https:\\\/\\\/schema.org\",\"@graph\":[{\"@type\":\"WebPage\",\"@id\":\"https:\\\/\\\/easyliferobo.com\\\/de\\\/product\\\/pilates-lehrbuch-matten-und-geraeteuebungen-fuer-praevention-und-rehabilitation\\\/\",\"url\":\"https:\\\/\\\/easyliferobo.com\\\/de\\\/product\\\/pilates-lehrbuch-matten-und-geraeteuebungen-fuer-praevention-und-rehabilitation\\\/\",\"name\":\"Pilates-Lehrbuch: Matten- und Ger\u00e4te\u00fcbungen f\u00fcr Pr\u00e4vention und Rehabilitation - EasyLifeBro\",\"isPartOf\":{\"@id\":\"https:\\\/\\\/easyliferobo.com\\\/de\\\/#website\"},\"primaryImageOfPage\":{\"@id\":\"https:\\\/\\\/easyliferobo.com\\\/de\\\/product\\\/pilates-lehrbuch-matten-und-geraeteuebungen-fuer-praevention-und-rehabilitation\\\/#primaryimage\"},\"image\":{\"@id\":\"https:\\\/\\\/easyliferobo.com\\\/de\\\/product\\\/pilates-lehrbuch-matten-und-geraeteuebungen-fuer-praevention-und-rehabilitation\\\/#primaryimage\"},\"thumbnailUrl\":\"https:\\\/\\\/easyliferobo.com\\\/de\\\/wp-content\\\/uploads\\\/2026\\\/02\\\/51q8-wR1bEL._SL1180_.jpg\",\"datePublished\":\"2026-02-27T06:14:38+00:00\",\"dateModified\":\"2026-02-27T06:14:39+00:00\",\"description\":\"Entdecken Sie smarte Roboter f\u00fcr Zuhause, Garten, Bildung und Sicherheit. Vergleichen Sie Saugroboter, Rasenm\u00e4hroboter, KI-Begleitroboter und mehr bei EasyLifeRobo.\",\"breadcrumb\":{\"@id\":\"https:\\\/\\\/easyliferobo.com\\\/de\\\/product\\\/pilates-lehrbuch-matten-und-geraeteuebungen-fuer-praevention-und-rehabilitation\\\/#breadcrumb\"},\"inLanguage\":\"de\",\"potentialAction\":[{\"@type\":\"ReadAction\",\"target\":[\"https:\\\/\\\/easyliferobo.com\\\/de\\\/product\\\/pilates-lehrbuch-matten-und-geraeteuebungen-fuer-praevention-und-rehabilitation\\\/\"]}]},{\"@type\":\"ImageObject\",\"inLanguage\":\"de\",\"@id\":\"https:\\\/\\\/easyliferobo.com\\\/de\\\/product\\\/pilates-lehrbuch-matten-und-geraeteuebungen-fuer-praevention-und-rehabilitation\\\/#primaryimage\",\"url\":\"https:\\\/\\\/easyliferobo.com\\\/de\\\/wp-content\\\/uploads\\\/2026\\\/02\\\/51q8-wR1bEL._SL1180_.jpg\",\"contentUrl\":\"https:\\\/\\\/easyliferobo.com\\\/de\\\/wp-content\\\/uploads\\\/2026\\\/02\\\/51q8-wR1bEL._SL1180_.jpg\",\"width\":827,\"height\":1180},{\"@type\":\"BreadcrumbList\",\"@id\":\"https:\\\/\\\/easyliferobo.com\\\/de\\\/product\\\/pilates-lehrbuch-matten-und-geraeteuebungen-fuer-praevention-und-rehabilitation\\\/#breadcrumb\",\"itemListElement\":[{\"@type\":\"ListItem\",\"position\":1,\"name\":\"Home\",\"item\":\"https:\\\/\\\/easyliferobo.com\\\/de\\\/\"},{\"@type\":\"ListItem\",\"position\":2,\"name\":\"Shop\",\"item\":\"https:\\\/\\\/easyliferobo.com\\\/de\\\/shop\\\/\"},{\"@type\":\"ListItem\",\"position\":3,\"name\":\"Pilates-Lehrbuch: Matten- und Ger\u00e4...\"}]},{\"@type\":\"WebSite\",\"@id\":\"https:\\\/\\\/easyliferobo.com\\\/de\\\/#website\",\"url\":\"https:\\\/\\\/easyliferobo.com\\\/de\\\/\",\"name\":\"EasyLifeBro\",\"description\":\"Smarte Roboter f\u00fcr Zuhause, Garten &amp; Bildung\",\"publisher\":{\"@id\":\"https:\\\/\\\/easyliferobo.com\\\/de\\\/#organization\"},\"potentialAction\":[{\"@type\":\"SearchAction\",\"target\":{\"@type\":\"EntryPoint\",\"urlTemplate\":\"https:\\\/\\\/easyliferobo.com\\\/de\\\/?s={search_term_string}\"},\"query-input\":{\"@type\":\"PropertyValueSpecification\",\"valueRequired\":true,\"valueName\":\"search_term_string\"}}],\"inLanguage\":\"de\"},{\"@type\":\"Organization\",\"@id\":\"https:\\\/\\\/easyliferobo.com\\\/de\\\/#organization\",\"name\":\"EasyLifeBro\",\"url\":\"https:\\\/\\\/easyliferobo.com\\\/de\\\/\",\"logo\":{\"@type\":\"ImageObject\",\"inLanguage\":\"de\",\"@id\":\"https:\\\/\\\/easyliferobo.com\\\/de\\\/#\\\/schema\\\/logo\\\/image\\\/\",\"url\":\"https:\\\/\\\/easyliferobo.com\\\/de\\\/wp-content\\\/uploads\\\/2026\\\/02\\\/Screenshot-2026-02-22-at-2.25.03-PM.png\",\"contentUrl\":\"https:\\\/\\\/easyliferobo.com\\\/de\\\/wp-content\\\/uploads\\\/2026\\\/02\\\/Screenshot-2026-02-22-at-2.25.03-PM.png\",\"width\":1858,\"height\":430,\"caption\":\"EasyLifeBro\"},\"image\":{\"@id\":\"https:\\\/\\\/easyliferobo.com\\\/de\\\/#\\\/schema\\\/logo\\\/image\\\/\"}}]}<\/script>\n<!-- \/ Yoast SEO plugin. -->","yoast_head_json":{"title":"Pilates-Lehrbuch: Matten- und Ger\u00e4te\u00fcbungen f\u00fcr Pr\u00e4vention und Rehabilitation - EasyLifeBro","description":"Entdecken Sie smarte Roboter f\u00fcr Zuhause, Garten, Bildung und Sicherheit. Vergleichen Sie Saugroboter, Rasenm\u00e4hroboter, KI-Begleitroboter und mehr bei EasyLifeRobo.","robots":{"index":"index","follow":"follow","max-snippet":"max-snippet:-1","max-image-preview":"max-image-preview:large","max-video-preview":"max-video-preview:-1"},"canonical":"https:\/\/easyliferobo.com\/de\/product\/pilates-lehrbuch-matten-und-geraeteuebungen-fuer-praevention-und-rehabilitation\/","og_locale":"de_DE","og_type":"article","og_title":"Pilates-Lehrbuch: Matten- und Ger\u00e4te\u00fcbungen f\u00fcr Pr\u00e4vention und Rehabilitation - EasyLifeBro","og_description":"Entdecken Sie smarte Roboter f\u00fcr Zuhause, Garten, Bildung und Sicherheit. Vergleichen Sie Saugroboter, Rasenm\u00e4hroboter, KI-Begleitroboter und mehr bei EasyLifeRobo.","og_url":"https:\/\/easyliferobo.com\/de\/product\/pilates-lehrbuch-matten-und-geraeteuebungen-fuer-praevention-und-rehabilitation\/","og_site_name":"EasyLifeBro","article_modified_time":"2026-02-27T06:14:39+00:00","og_image":[{"url":"https:\/\/images-na.ssl-images-amazon.com\/images\/G\/01\/x-locale\/common\/grey-pixel.gif","type":"","width":"","height":""}],"twitter_card":"summary_large_image","twitter_misc":{"Gesch\u00e4tzte Lesezeit":"2\u00a0Minuten"},"schema":{"@context":"https:\/\/schema.org","@graph":[{"@type":"WebPage","@id":"https:\/\/easyliferobo.com\/de\/product\/pilates-lehrbuch-matten-und-geraeteuebungen-fuer-praevention-und-rehabilitation\/","url":"https:\/\/easyliferobo.com\/de\/product\/pilates-lehrbuch-matten-und-geraeteuebungen-fuer-praevention-und-rehabilitation\/","name":"Pilates-Lehrbuch: Matten- und Ger\u00e4te\u00fcbungen f\u00fcr Pr\u00e4vention und Rehabilitation - EasyLifeBro","isPartOf":{"@id":"https:\/\/easyliferobo.com\/de\/#website"},"primaryImageOfPage":{"@id":"https:\/\/easyliferobo.com\/de\/product\/pilates-lehrbuch-matten-und-geraeteuebungen-fuer-praevention-und-rehabilitation\/#primaryimage"},"image":{"@id":"https:\/\/easyliferobo.com\/de\/product\/pilates-lehrbuch-matten-und-geraeteuebungen-fuer-praevention-und-rehabilitation\/#primaryimage"},"thumbnailUrl":"https:\/\/easyliferobo.com\/de\/wp-content\/uploads\/2026\/02\/51q8-wR1bEL._SL1180_.jpg","datePublished":"2026-02-27T06:14:38+00:00","dateModified":"2026-02-27T06:14:39+00:00","description":"Entdecken Sie smarte Roboter f\u00fcr Zuhause, Garten, Bildung und Sicherheit. Vergleichen Sie Saugroboter, Rasenm\u00e4hroboter, KI-Begleitroboter und mehr bei EasyLifeRobo.","breadcrumb":{"@id":"https:\/\/easyliferobo.com\/de\/product\/pilates-lehrbuch-matten-und-geraeteuebungen-fuer-praevention-und-rehabilitation\/#breadcrumb"},"inLanguage":"de","potentialAction":[{"@type":"ReadAction","target":["https:\/\/easyliferobo.com\/de\/product\/pilates-lehrbuch-matten-und-geraeteuebungen-fuer-praevention-und-rehabilitation\/"]}]},{"@type":"ImageObject","inLanguage":"de","@id":"https:\/\/easyliferobo.com\/de\/product\/pilates-lehrbuch-matten-und-geraeteuebungen-fuer-praevention-und-rehabilitation\/#primaryimage","url":"https:\/\/easyliferobo.com\/de\/wp-content\/uploads\/2026\/02\/51q8-wR1bEL._SL1180_.jpg","contentUrl":"https:\/\/easyliferobo.com\/de\/wp-content\/uploads\/2026\/02\/51q8-wR1bEL._SL1180_.jpg","width":827,"height":1180},{"@type":"BreadcrumbList","@id":"https:\/\/easyliferobo.com\/de\/product\/pilates-lehrbuch-matten-und-geraeteuebungen-fuer-praevention-und-rehabilitation\/#breadcrumb","itemListElement":[{"@type":"ListItem","position":1,"name":"Home","item":"https:\/\/easyliferobo.com\/de\/"},{"@type":"ListItem","position":2,"name":"Shop","item":"https:\/\/easyliferobo.com\/de\/shop\/"},{"@type":"ListItem","position":3,"name":"Pilates-Lehrbuch: Matten- und Ger\u00e4..."}]},{"@type":"WebSite","@id":"https:\/\/easyliferobo.com\/de\/#website","url":"https:\/\/easyliferobo.com\/de\/","name":"EasyLifeBro","description":"Smarte Roboter f\u00fcr Zuhause, Garten &amp; Bildung","publisher":{"@id":"https:\/\/easyliferobo.com\/de\/#organization"},"potentialAction":[{"@type":"SearchAction","target":{"@type":"EntryPoint","urlTemplate":"https:\/\/easyliferobo.com\/de\/?s={search_term_string}"},"query-input":{"@type":"PropertyValueSpecification","valueRequired":true,"valueName":"search_term_string"}}],"inLanguage":"de"},{"@type":"Organization","@id":"https:\/\/easyliferobo.com\/de\/#organization","name":"EasyLifeBro","url":"https:\/\/easyliferobo.com\/de\/","logo":{"@type":"ImageObject","inLanguage":"de","@id":"https:\/\/easyliferobo.com\/de\/#\/schema\/logo\/image\/","url":"https:\/\/easyliferobo.com\/de\/wp-content\/uploads\/2026\/02\/Screenshot-2026-02-22-at-2.25.03-PM.png","contentUrl":"https:\/\/easyliferobo.com\/de\/wp-content\/uploads\/2026\/02\/Screenshot-2026-02-22-at-2.25.03-PM.png","width":1858,"height":430,"caption":"EasyLifeBro"},"image":{"@id":"https:\/\/easyliferobo.com\/de\/#\/schema\/logo\/image\/"}}]}},"_links":{"self":[{"href":"https:\/\/easyliferobo.com\/de\/wp-json\/wp\/v2\/product\/3171","targetHints":{"allow":["GET"]}}],"collection":[{"href":"https:\/\/easyliferobo.com\/de\/wp-json\/wp\/v2\/product"}],"about":[{"href":"https:\/\/easyliferobo.com\/de\/wp-json\/wp\/v2\/types\/product"}],"replies":[{"embeddable":true,"href":"https:\/\/easyliferobo.com\/de\/wp-json\/wp\/v2\/comments?post=3171"}],"wp:featuredmedia":[{"embeddable":true,"href":"https:\/\/easyliferobo.com\/de\/wp-json\/wp\/v2\/media\/3172"}],"wp:attachment":[{"href":"https:\/\/easyliferobo.com\/de\/wp-json\/wp\/v2\/media?parent=3171"}],"wp:term":[{"taxonomy":"store","embeddable":true,"href":"https:\/\/easyliferobo.com\/de\/wp-json\/wp\/v2\/store?post=3171"},{"taxonomy":"product_brand","embeddable":true,"href":"https:\/\/easyliferobo.com\/de\/wp-json\/wp\/v2\/product_brand?post=3171"},{"taxonomy":"product_cat","embeddable":true,"href":"https:\/\/easyliferobo.com\/de\/wp-json\/wp\/v2\/product_cat?post=3171"},{"taxonomy":"product_tag","embeddable":true,"href":"https:\/\/easyliferobo.com\/de\/wp-json\/wp\/v2\/product_tag?post=3171"}],"curies":[{"name":"wp","href":"https:\/\/api.w.org\/{rel}","templated":true}]}}