
{"id":3162,"date":"2026-02-27T06:13:19","date_gmt":"2026-02-27T06:13:19","guid":{"rendered":"https:\/\/easyliferobo.com\/de\/product\/auvon-tens-ems-geraet-2-kanaele-und-24-modi-3-in-1-reizstromgeraet-mit-12-stueck-2-x-2-zoll-tens-elektrodenpads-mit-patentiertem-design-zur-schmerzlinderung-muskelaufbau-am-ruecken\/"},"modified":"2026-02-27T06:13:34","modified_gmt":"2026-02-27T06:13:34","slug":"auvon-tens-ems-geraet-2-kanaele-und-24-modi-3-in-1-reizstromgeraet-mit-12-stueck-2-x-2-zoll-tens-elektrodenpads-mit-patentiertem-design-zur-schmerzlinderung-muskelaufbau-am-ruecken","status":"publish","type":"product","link":"https:\/\/easyliferobo.com\/de\/product\/auvon-tens-ems-geraet-2-kanaele-und-24-modi-3-in-1-reizstromgeraet-mit-12-stueck-2-x-2-zoll-tens-elektrodenpads-mit-patentiertem-design-zur-schmerzlinderung-muskelaufbau-am-ruecken\/","title":{"rendered":"AUVON TENS EMS Ger\u00e4t, 2 Kan\u00e4le un..."},"content":{"rendered":"<p>\n                                             Von der Marke   <\/p>\n<p>                                              <img decoding=\"async\" alt=\"AUVON\" src=\"https:\/\/images-na.ssl-images-amazon.com\/images\/G\/01\/x-locale\/common\/grey-pixel.gif\" class=\"a-lazy-loaded\" data-src=\"https:\/\/m.media-amazon.com\/images\/S\/aplus-media-library-service-media\/f14aca4b-66d2-4f22-bdfa-b1cf9742858e.__CR0,0,1464,625_PT0_SX1464_V1___.jpg\"><img decoding=\"async\" alt=\"AUVON\" src=\"https:\/\/m.media-amazon.com\/images\/S\/aplus-media-library-service-media\/f14aca4b-66d2-4f22-bdfa-b1cf9742858e.__CR0,0,1464,625_PT0_SX1464_V1___.jpg\">  <\/p>\n<p>                                              <img decoding=\"async\" alt=\"AUVON\" src=\"https:\/\/images-na.ssl-images-amazon.com\/images\/G\/01\/x-locale\/common\/grey-pixel.gif\" class=\"a-lazy-loaded\" data-src=\"https:\/\/m.media-amazon.com\/images\/S\/aplus-media-library-service-media\/48528574-2d2a-4fa4-aa68-5fd274f719a2.__CR0,0,362,453_PT0_SX362_V1___.jpg\"><img decoding=\"async\" alt=\"AUVON\" src=\"https:\/\/m.media-amazon.com\/images\/S\/aplus-media-library-service-media\/48528574-2d2a-4fa4-aa68-5fd274f719a2.__CR0,0,362,453_PT0_SX362_V1___.jpg\">  <\/p>\n<p>                                              <img decoding=\"async\" alt=\"AUVON\" src=\"https:\/\/images-na.ssl-images-amazon.com\/images\/G\/01\/x-locale\/common\/grey-pixel.gif\" class=\"a-lazy-loaded\" data-src=\"https:\/\/m.media-amazon.com\/images\/S\/aplus-media-library-service-media\/4f220d06-d29f-45be-a70e-2bc5785851c8.__CR0,0,362,453_PT0_SX362_V1___.jpg\"><img decoding=\"async\" alt=\"AUVON\" src=\"https:\/\/m.media-amazon.com\/images\/S\/aplus-media-library-service-media\/4f220d06-d29f-45be-a70e-2bc5785851c8.__CR0,0,362,453_PT0_SX362_V1___.jpg\">  <\/p>\n<h3>  Produkt <\/h3>\n<p>                                              <img decoding=\"async\" alt=\"AUVON\" src=\"https:\/\/images-na.ssl-images-amazon.com\/images\/G\/01\/x-locale\/common\/grey-pixel.gif\" class=\"a-lazy-loaded\" data-src=\"https:\/\/m.media-amazon.com\/images\/S\/aplus-media-library-service-media\/a5217fab-a3d2-43d2-b03d-e8bac69fe798.__CR0,0,362,453_PT0_SX362_V1___.jpg\"><img decoding=\"async\" alt=\"AUVON\" src=\"https:\/\/m.media-amazon.com\/images\/S\/aplus-media-library-service-media\/a5217fab-a3d2-43d2-b03d-e8bac69fe798.__CR0,0,362,453_PT0_SX362_V1___.jpg\">  <\/p>\n<p>  Batterien \u200f : \u200e 1 Lithium-Ionen-Batterie erforderlich. (im Lieferumfang enthalten)   <br \/> Verpackungsabmessungen \u200f : \u200e 14,6 x 9,1 x 7,2 cm; 280 g   <br \/> Hersteller \u200f : \u200e AUVON   <br \/> ASIN \u200f : \u200e B08NDHX59H   <br \/> Herstellerreferenz \u200f : \u200e AS8012C242   <br \/> Herkunftsland \u200f : \u200e China   <br \/>  Kundenrezensionen: 4,6 4,6 von 5 Sternen (5.428) var dpAcrHasRegisteredArcLinkClickAction; P.when(&#8218;A&#8216;, &#8218;ready&#8216;).execute(function(A) { if (dpAcrHasRegisteredArcLinkClickAction !== true) { dpAcrHasRegisteredArcLinkClickAction = true; A.declarative( &#8218;acrLink-click-metrics&#8216;, &#8218;click&#8216;, { &#8222;allowLinkDefault&#8220;: true }, function (event) { if (window.ue) { ue.count(&#8222;acrLinkClickCount&#8220;, (ue.count(&#8222;acrLinkClickCount&#8220;) || 0) + 1 } } }); P.when(&#8218;A&#8216;, &#8218;cf&#8216;).execute(function(A) { A.declarative(&#8218;acrStarsLink-click-metrics&#8216;, &#8218;click&#8216;, { &#8222;allowLinkDefault&#8220; : true }, function(event){ if(window.ue) { ue.count(&#8222;acrStarsLinkWithPopoverClickCount&#8220;, (ue.count(&#8222;acrStarsLinkWithPopoverClickCount&#8220;) || 0) + 1); } }); });                          <br \/>TENS + EMS KOMBINATIONSGER\u00c4T. Das AUVON TENS\/EMS-Massageger\u00e4t vereint zwei Therapien in einem Ger\u00e4t, wobei das Muskelstimulationsger\u00e4t sichere, nicht-invasive und drogenfreie Methoden zur Schmerzlinderung bietet, die seit Jahren von \u00c4rzten und Physiotherapeuten eingesetzt werden. EMS l\u00f6st die Muskelkontraktion durch elektrische Impulse aus und aktiviert die Muskeln, um als Rehabilitations- und Krafttrainingsger\u00e4t die Steigerung von Kraft und Ausdauer zu unterst\u00fctzen.<br \/>Unabh\u00e4ngiges 2-Kanal-Elektrostimulationsger\u00e4t. Sie k\u00f6nnen f\u00fcr Kanal A und Kanal B unterschiedliche Modi und Intensit\u00e4ten w\u00e4hlen. Beispielsweise k\u00f6nnten Sie in Kanal A den P1-Modus mit einer Intensit\u00e4tsstufe von 3 f\u00fcr Ihre Schulter w\u00e4hlen. Im Kanal B wird der P5-Modus mit einer st\u00e4rkeren Intensit\u00e4t auf Stufe 9 f\u00fcr Ihren R\u00fccken als R\u00fcckennervenstimulationsger\u00e4t durchgef\u00fchrt.<br \/>Multifunktionales Stimulationsger\u00e4t mit 24 Modi. 20 Intensit\u00e4tsstufen, 24 vorprogrammierte Massagemodi mit einstellbarer Zeit (maximal bis zu 90 Minuten). Mit dem eingebauten leistungsstarken wiederaufladbaren Lithium-Akku kann Ihnen das wiederaufladbare AUVON TENS-Ger\u00e4t bis zu 10 Stunden Dauerbetrieb erm\u00f6glichen<br \/>Aktualisierte Elektrodenpads mit patentiertem Design. Das feste Gel mit geringem Widerstand wurde zum branchenf\u00fchrenden amerikanischen Klebstoff aufgewertet, der auch nach 45 Anwendungen eine gute Selbstklebeleistung aufweist und eine einfache Reinigung f\u00fcr eine l\u00e4ngere Lebensdauer erm\u00f6glicht. Standard-2-mm-Anschlussdr\u00e4hte und -Elektroden sind klassisch und werden h\u00e4ufig im medizinischen Bereich verwendet, sodass Sie leichter kompatibles Zubeh\u00f6r finden k\u00f6nnen.<br \/>Was Sie erhalten: 1 x AUVON TENS-Ger\u00e4t, 1 x Pad-Halter, 1 x Tasche, 1 x USB-Kabel, 1 x mehrsprachige Bedienungsanleitung, 12 St\u00fcck 5 cm x 5 cm Elektrodenpads, 2 x Verbindungskabel.<br \/>Wichtiger Hinweis: TENS-Ger\u00e4te d\u00fcrfen NICHT von Personen mit Herzschrittmachern, schwangeren Frauen oder Epileptikern verwendet werden. Konsultieren Sie vor der Anwendung Ihren Arzt, wenn Sie gesundheitliche Probleme haben.<\/p>\n<p>[ad_2]<\/p>\n","protected":false},"excerpt":{"rendered":"<p>Von der Marke Produkt Batterien \u200f : \u200e 1 Lithium-Ionen-Batterie erforderlich. (im Lieferumfang enthalten) Verpackungsabmessungen \u200f : \u200e 14,6 x 9,1 x 7,2 cm; 280 g Hersteller \u200f : \u200e AUVON ASIN \u200f : \u200e B08NDHX59H Herstellerreferenz \u200f : \u200e AS8012C242 Herkunftsland \u200f : \u200e China Kundenrezensionen: 4,6 4,6 von 5 Sternen (5.428) var dpAcrHasRegisteredArcLinkClickAction; [&hellip;]<\/p>\n","protected":false},"featured_media":3163,"comment_status":"open","ping_status":"closed","template":"","meta":{"_aipt_faq_data":""},"store":[],"product_brand":[],"product_cat":[109],"product_tag":[313],"class_list":{"0":"post-3162","1":"product","2":"type-product","3":"status-publish","4":"has-post-thumbnail","6":"product_cat-therapieroboter","7":"product_tag-therapieroboter-rehabilitation-zuhause","9":"first","10":"instock","11":"sale","12":"shipping-taxable","13":"product-type-external"},"yoast_head":"<!-- This site is optimized with the Yoast SEO plugin v27.4 - https:\/\/yoast.com\/product\/yoast-seo-wordpress\/ -->\n<title>AUVON TENS EMS Ger\u00e4t, 2 Kan\u00e4le und 24 Modi 3-in-1 Reizstromger\u00e4t mit 12 St\u00fcck 2 x 2 Zoll TENS Elektrodenpads mit patentiertem Design zur Schmerzlinderung &amp; Muskelaufbau am R\u00fccken, - EasyLifeBro<\/title>\n<meta name=\"description\" content=\"Entdecken Sie smarte Roboter f\u00fcr Zuhause, Garten, Bildung und Sicherheit. Vergleichen Sie Saugroboter, Rasenm\u00e4hroboter, KI-Begleitroboter und mehr bei EasyLifeRobo.\" \/>\n<meta name=\"robots\" content=\"index, follow, max-snippet:-1, max-image-preview:large, max-video-preview:-1\" \/>\n<link rel=\"canonical\" href=\"https:\/\/easyliferobo.com\/de\/product\/auvon-tens-ems-geraet-2-kanaele-und-24-modi-3-in-1-reizstromgeraet-mit-12-stueck-2-x-2-zoll-tens-elektrodenpads-mit-patentiertem-design-zur-schmerzlinderung-muskelaufbau-am-ruecken\/\" \/>\n<meta property=\"og:locale\" content=\"de_DE\" \/>\n<meta property=\"og:type\" content=\"article\" \/>\n<meta property=\"og:title\" content=\"AUVON TENS EMS Ger\u00e4t, 2 Kan\u00e4le und 24 Modi 3-in-1 Reizstromger\u00e4t mit 12 St\u00fcck 2 x 2 Zoll TENS Elektrodenpads mit patentiertem Design zur Schmerzlinderung &amp; Muskelaufbau am R\u00fccken, - EasyLifeBro\" \/>\n<meta property=\"og:description\" content=\"Entdecken Sie smarte Roboter f\u00fcr Zuhause, Garten, Bildung und Sicherheit. Vergleichen Sie Saugroboter, Rasenm\u00e4hroboter, KI-Begleitroboter und mehr bei EasyLifeRobo.\" \/>\n<meta property=\"og:url\" content=\"https:\/\/easyliferobo.com\/de\/product\/auvon-tens-ems-geraet-2-kanaele-und-24-modi-3-in-1-reizstromgeraet-mit-12-stueck-2-x-2-zoll-tens-elektrodenpads-mit-patentiertem-design-zur-schmerzlinderung-muskelaufbau-am-ruecken\/\" \/>\n<meta property=\"og:site_name\" content=\"EasyLifeBro\" \/>\n<meta property=\"article:modified_time\" content=\"2026-02-27T06:13:34+00:00\" \/>\n<meta property=\"og:image\" content=\"https:\/\/images-na.ssl-images-amazon.com\/images\/G\/01\/x-locale\/common\/grey-pixel.gif\" \/>\n<meta name=\"twitter:card\" content=\"summary_large_image\" \/>\n<meta name=\"twitter:label1\" content=\"Gesch\u00e4tzte Lesezeit\" \/>\n\t<meta name=\"twitter:data1\" content=\"2\u00a0Minuten\" \/>\n<script type=\"application\/ld+json\" class=\"yoast-schema-graph\">{\"@context\":\"https:\\\/\\\/schema.org\",\"@graph\":[{\"@type\":\"WebPage\",\"@id\":\"https:\\\/\\\/easyliferobo.com\\\/de\\\/product\\\/auvon-tens-ems-geraet-2-kanaele-und-24-modi-3-in-1-reizstromgeraet-mit-12-stueck-2-x-2-zoll-tens-elektrodenpads-mit-patentiertem-design-zur-schmerzlinderung-muskelaufbau-am-ruecken\\\/\",\"url\":\"https:\\\/\\\/easyliferobo.com\\\/de\\\/product\\\/auvon-tens-ems-geraet-2-kanaele-und-24-modi-3-in-1-reizstromgeraet-mit-12-stueck-2-x-2-zoll-tens-elektrodenpads-mit-patentiertem-design-zur-schmerzlinderung-muskelaufbau-am-ruecken\\\/\",\"name\":\"AUVON TENS EMS Ger\u00e4t, 2 Kan\u00e4le und 24 Modi 3-in-1 Reizstromger\u00e4t mit 12 St\u00fcck 2 x 2 Zoll TENS Elektrodenpads mit patentiertem Design zur Schmerzlinderung & Muskelaufbau am R\u00fccken, - EasyLifeBro\",\"isPartOf\":{\"@id\":\"https:\\\/\\\/easyliferobo.com\\\/de\\\/#website\"},\"primaryImageOfPage\":{\"@id\":\"https:\\\/\\\/easyliferobo.com\\\/de\\\/product\\\/auvon-tens-ems-geraet-2-kanaele-und-24-modi-3-in-1-reizstromgeraet-mit-12-stueck-2-x-2-zoll-tens-elektrodenpads-mit-patentiertem-design-zur-schmerzlinderung-muskelaufbau-am-ruecken\\\/#primaryimage\"},\"image\":{\"@id\":\"https:\\\/\\\/easyliferobo.com\\\/de\\\/product\\\/auvon-tens-ems-geraet-2-kanaele-und-24-modi-3-in-1-reizstromgeraet-mit-12-stueck-2-x-2-zoll-tens-elektrodenpads-mit-patentiertem-design-zur-schmerzlinderung-muskelaufbau-am-ruecken\\\/#primaryimage\"},\"thumbnailUrl\":\"https:\\\/\\\/easyliferobo.com\\\/de\\\/wp-content\\\/uploads\\\/2026\\\/02\\\/71F9KkvgbyL._AC_SL1500_.jpg\",\"datePublished\":\"2026-02-27T06:13:19+00:00\",\"dateModified\":\"2026-02-27T06:13:34+00:00\",\"description\":\"Entdecken Sie smarte Roboter f\u00fcr Zuhause, Garten, Bildung und Sicherheit. Vergleichen Sie Saugroboter, Rasenm\u00e4hroboter, KI-Begleitroboter und mehr bei EasyLifeRobo.\",\"breadcrumb\":{\"@id\":\"https:\\\/\\\/easyliferobo.com\\\/de\\\/product\\\/auvon-tens-ems-geraet-2-kanaele-und-24-modi-3-in-1-reizstromgeraet-mit-12-stueck-2-x-2-zoll-tens-elektrodenpads-mit-patentiertem-design-zur-schmerzlinderung-muskelaufbau-am-ruecken\\\/#breadcrumb\"},\"inLanguage\":\"de\",\"potentialAction\":[{\"@type\":\"ReadAction\",\"target\":[\"https:\\\/\\\/easyliferobo.com\\\/de\\\/product\\\/auvon-tens-ems-geraet-2-kanaele-und-24-modi-3-in-1-reizstromgeraet-mit-12-stueck-2-x-2-zoll-tens-elektrodenpads-mit-patentiertem-design-zur-schmerzlinderung-muskelaufbau-am-ruecken\\\/\"]}]},{\"@type\":\"ImageObject\",\"inLanguage\":\"de\",\"@id\":\"https:\\\/\\\/easyliferobo.com\\\/de\\\/product\\\/auvon-tens-ems-geraet-2-kanaele-und-24-modi-3-in-1-reizstromgeraet-mit-12-stueck-2-x-2-zoll-tens-elektrodenpads-mit-patentiertem-design-zur-schmerzlinderung-muskelaufbau-am-ruecken\\\/#primaryimage\",\"url\":\"https:\\\/\\\/easyliferobo.com\\\/de\\\/wp-content\\\/uploads\\\/2026\\\/02\\\/71F9KkvgbyL._AC_SL1500_.jpg\",\"contentUrl\":\"https:\\\/\\\/easyliferobo.com\\\/de\\\/wp-content\\\/uploads\\\/2026\\\/02\\\/71F9KkvgbyL._AC_SL1500_.jpg\",\"width\":1475,\"height\":1491},{\"@type\":\"BreadcrumbList\",\"@id\":\"https:\\\/\\\/easyliferobo.com\\\/de\\\/product\\\/auvon-tens-ems-geraet-2-kanaele-und-24-modi-3-in-1-reizstromgeraet-mit-12-stueck-2-x-2-zoll-tens-elektrodenpads-mit-patentiertem-design-zur-schmerzlinderung-muskelaufbau-am-ruecken\\\/#breadcrumb\",\"itemListElement\":[{\"@type\":\"ListItem\",\"position\":1,\"name\":\"Home\",\"item\":\"https:\\\/\\\/easyliferobo.com\\\/de\\\/\"},{\"@type\":\"ListItem\",\"position\":2,\"name\":\"Shop\",\"item\":\"https:\\\/\\\/easyliferobo.com\\\/de\\\/shop\\\/\"},{\"@type\":\"ListItem\",\"position\":3,\"name\":\"AUVON TENS EMS Ger\u00e4t, 2 Kan\u00e4le un...\"}]},{\"@type\":\"WebSite\",\"@id\":\"https:\\\/\\\/easyliferobo.com\\\/de\\\/#website\",\"url\":\"https:\\\/\\\/easyliferobo.com\\\/de\\\/\",\"name\":\"EasyLifeBro\",\"description\":\"Smarte Roboter f\u00fcr Zuhause, Garten &amp; Bildung\",\"publisher\":{\"@id\":\"https:\\\/\\\/easyliferobo.com\\\/de\\\/#organization\"},\"potentialAction\":[{\"@type\":\"SearchAction\",\"target\":{\"@type\":\"EntryPoint\",\"urlTemplate\":\"https:\\\/\\\/easyliferobo.com\\\/de\\\/?s={search_term_string}\"},\"query-input\":{\"@type\":\"PropertyValueSpecification\",\"valueRequired\":true,\"valueName\":\"search_term_string\"}}],\"inLanguage\":\"de\"},{\"@type\":\"Organization\",\"@id\":\"https:\\\/\\\/easyliferobo.com\\\/de\\\/#organization\",\"name\":\"EasyLifeBro\",\"url\":\"https:\\\/\\\/easyliferobo.com\\\/de\\\/\",\"logo\":{\"@type\":\"ImageObject\",\"inLanguage\":\"de\",\"@id\":\"https:\\\/\\\/easyliferobo.com\\\/de\\\/#\\\/schema\\\/logo\\\/image\\\/\",\"url\":\"https:\\\/\\\/easyliferobo.com\\\/de\\\/wp-content\\\/uploads\\\/2026\\\/02\\\/Screenshot-2026-02-22-at-2.25.03-PM.png\",\"contentUrl\":\"https:\\\/\\\/easyliferobo.com\\\/de\\\/wp-content\\\/uploads\\\/2026\\\/02\\\/Screenshot-2026-02-22-at-2.25.03-PM.png\",\"width\":1858,\"height\":430,\"caption\":\"EasyLifeBro\"},\"image\":{\"@id\":\"https:\\\/\\\/easyliferobo.com\\\/de\\\/#\\\/schema\\\/logo\\\/image\\\/\"}}]}<\/script>\n<!-- \/ Yoast SEO plugin. -->","yoast_head_json":{"title":"AUVON TENS EMS Ger\u00e4t, 2 Kan\u00e4le und 24 Modi 3-in-1 Reizstromger\u00e4t mit 12 St\u00fcck 2 x 2 Zoll TENS Elektrodenpads mit patentiertem Design zur Schmerzlinderung & Muskelaufbau am R\u00fccken, - EasyLifeBro","description":"Entdecken Sie smarte Roboter f\u00fcr Zuhause, Garten, Bildung und Sicherheit. Vergleichen Sie Saugroboter, Rasenm\u00e4hroboter, KI-Begleitroboter und mehr bei EasyLifeRobo.","robots":{"index":"index","follow":"follow","max-snippet":"max-snippet:-1","max-image-preview":"max-image-preview:large","max-video-preview":"max-video-preview:-1"},"canonical":"https:\/\/easyliferobo.com\/de\/product\/auvon-tens-ems-geraet-2-kanaele-und-24-modi-3-in-1-reizstromgeraet-mit-12-stueck-2-x-2-zoll-tens-elektrodenpads-mit-patentiertem-design-zur-schmerzlinderung-muskelaufbau-am-ruecken\/","og_locale":"de_DE","og_type":"article","og_title":"AUVON TENS EMS Ger\u00e4t, 2 Kan\u00e4le und 24 Modi 3-in-1 Reizstromger\u00e4t mit 12 St\u00fcck 2 x 2 Zoll TENS Elektrodenpads mit patentiertem Design zur Schmerzlinderung & Muskelaufbau am R\u00fccken, - EasyLifeBro","og_description":"Entdecken Sie smarte Roboter f\u00fcr Zuhause, Garten, Bildung und Sicherheit. Vergleichen Sie Saugroboter, Rasenm\u00e4hroboter, KI-Begleitroboter und mehr bei EasyLifeRobo.","og_url":"https:\/\/easyliferobo.com\/de\/product\/auvon-tens-ems-geraet-2-kanaele-und-24-modi-3-in-1-reizstromgeraet-mit-12-stueck-2-x-2-zoll-tens-elektrodenpads-mit-patentiertem-design-zur-schmerzlinderung-muskelaufbau-am-ruecken\/","og_site_name":"EasyLifeBro","article_modified_time":"2026-02-27T06:13:34+00:00","og_image":[{"url":"https:\/\/images-na.ssl-images-amazon.com\/images\/G\/01\/x-locale\/common\/grey-pixel.gif","type":"","width":"","height":""}],"twitter_card":"summary_large_image","twitter_misc":{"Gesch\u00e4tzte Lesezeit":"2\u00a0Minuten"},"schema":{"@context":"https:\/\/schema.org","@graph":[{"@type":"WebPage","@id":"https:\/\/easyliferobo.com\/de\/product\/auvon-tens-ems-geraet-2-kanaele-und-24-modi-3-in-1-reizstromgeraet-mit-12-stueck-2-x-2-zoll-tens-elektrodenpads-mit-patentiertem-design-zur-schmerzlinderung-muskelaufbau-am-ruecken\/","url":"https:\/\/easyliferobo.com\/de\/product\/auvon-tens-ems-geraet-2-kanaele-und-24-modi-3-in-1-reizstromgeraet-mit-12-stueck-2-x-2-zoll-tens-elektrodenpads-mit-patentiertem-design-zur-schmerzlinderung-muskelaufbau-am-ruecken\/","name":"AUVON TENS EMS Ger\u00e4t, 2 Kan\u00e4le und 24 Modi 3-in-1 Reizstromger\u00e4t mit 12 St\u00fcck 2 x 2 Zoll TENS Elektrodenpads mit patentiertem Design zur Schmerzlinderung & Muskelaufbau am R\u00fccken, - EasyLifeBro","isPartOf":{"@id":"https:\/\/easyliferobo.com\/de\/#website"},"primaryImageOfPage":{"@id":"https:\/\/easyliferobo.com\/de\/product\/auvon-tens-ems-geraet-2-kanaele-und-24-modi-3-in-1-reizstromgeraet-mit-12-stueck-2-x-2-zoll-tens-elektrodenpads-mit-patentiertem-design-zur-schmerzlinderung-muskelaufbau-am-ruecken\/#primaryimage"},"image":{"@id":"https:\/\/easyliferobo.com\/de\/product\/auvon-tens-ems-geraet-2-kanaele-und-24-modi-3-in-1-reizstromgeraet-mit-12-stueck-2-x-2-zoll-tens-elektrodenpads-mit-patentiertem-design-zur-schmerzlinderung-muskelaufbau-am-ruecken\/#primaryimage"},"thumbnailUrl":"https:\/\/easyliferobo.com\/de\/wp-content\/uploads\/2026\/02\/71F9KkvgbyL._AC_SL1500_.jpg","datePublished":"2026-02-27T06:13:19+00:00","dateModified":"2026-02-27T06:13:34+00:00","description":"Entdecken Sie smarte Roboter f\u00fcr Zuhause, Garten, Bildung und Sicherheit. Vergleichen Sie Saugroboter, Rasenm\u00e4hroboter, KI-Begleitroboter und mehr bei EasyLifeRobo.","breadcrumb":{"@id":"https:\/\/easyliferobo.com\/de\/product\/auvon-tens-ems-geraet-2-kanaele-und-24-modi-3-in-1-reizstromgeraet-mit-12-stueck-2-x-2-zoll-tens-elektrodenpads-mit-patentiertem-design-zur-schmerzlinderung-muskelaufbau-am-ruecken\/#breadcrumb"},"inLanguage":"de","potentialAction":[{"@type":"ReadAction","target":["https:\/\/easyliferobo.com\/de\/product\/auvon-tens-ems-geraet-2-kanaele-und-24-modi-3-in-1-reizstromgeraet-mit-12-stueck-2-x-2-zoll-tens-elektrodenpads-mit-patentiertem-design-zur-schmerzlinderung-muskelaufbau-am-ruecken\/"]}]},{"@type":"ImageObject","inLanguage":"de","@id":"https:\/\/easyliferobo.com\/de\/product\/auvon-tens-ems-geraet-2-kanaele-und-24-modi-3-in-1-reizstromgeraet-mit-12-stueck-2-x-2-zoll-tens-elektrodenpads-mit-patentiertem-design-zur-schmerzlinderung-muskelaufbau-am-ruecken\/#primaryimage","url":"https:\/\/easyliferobo.com\/de\/wp-content\/uploads\/2026\/02\/71F9KkvgbyL._AC_SL1500_.jpg","contentUrl":"https:\/\/easyliferobo.com\/de\/wp-content\/uploads\/2026\/02\/71F9KkvgbyL._AC_SL1500_.jpg","width":1475,"height":1491},{"@type":"BreadcrumbList","@id":"https:\/\/easyliferobo.com\/de\/product\/auvon-tens-ems-geraet-2-kanaele-und-24-modi-3-in-1-reizstromgeraet-mit-12-stueck-2-x-2-zoll-tens-elektrodenpads-mit-patentiertem-design-zur-schmerzlinderung-muskelaufbau-am-ruecken\/#breadcrumb","itemListElement":[{"@type":"ListItem","position":1,"name":"Home","item":"https:\/\/easyliferobo.com\/de\/"},{"@type":"ListItem","position":2,"name":"Shop","item":"https:\/\/easyliferobo.com\/de\/shop\/"},{"@type":"ListItem","position":3,"name":"AUVON TENS EMS Ger\u00e4t, 2 Kan\u00e4le un..."}]},{"@type":"WebSite","@id":"https:\/\/easyliferobo.com\/de\/#website","url":"https:\/\/easyliferobo.com\/de\/","name":"EasyLifeBro","description":"Smarte Roboter f\u00fcr Zuhause, Garten &amp; Bildung","publisher":{"@id":"https:\/\/easyliferobo.com\/de\/#organization"},"potentialAction":[{"@type":"SearchAction","target":{"@type":"EntryPoint","urlTemplate":"https:\/\/easyliferobo.com\/de\/?s={search_term_string}"},"query-input":{"@type":"PropertyValueSpecification","valueRequired":true,"valueName":"search_term_string"}}],"inLanguage":"de"},{"@type":"Organization","@id":"https:\/\/easyliferobo.com\/de\/#organization","name":"EasyLifeBro","url":"https:\/\/easyliferobo.com\/de\/","logo":{"@type":"ImageObject","inLanguage":"de","@id":"https:\/\/easyliferobo.com\/de\/#\/schema\/logo\/image\/","url":"https:\/\/easyliferobo.com\/de\/wp-content\/uploads\/2026\/02\/Screenshot-2026-02-22-at-2.25.03-PM.png","contentUrl":"https:\/\/easyliferobo.com\/de\/wp-content\/uploads\/2026\/02\/Screenshot-2026-02-22-at-2.25.03-PM.png","width":1858,"height":430,"caption":"EasyLifeBro"},"image":{"@id":"https:\/\/easyliferobo.com\/de\/#\/schema\/logo\/image\/"}}]}},"_links":{"self":[{"href":"https:\/\/easyliferobo.com\/de\/wp-json\/wp\/v2\/product\/3162","targetHints":{"allow":["GET"]}}],"collection":[{"href":"https:\/\/easyliferobo.com\/de\/wp-json\/wp\/v2\/product"}],"about":[{"href":"https:\/\/easyliferobo.com\/de\/wp-json\/wp\/v2\/types\/product"}],"replies":[{"embeddable":true,"href":"https:\/\/easyliferobo.com\/de\/wp-json\/wp\/v2\/comments?post=3162"}],"wp:featuredmedia":[{"embeddable":true,"href":"https:\/\/easyliferobo.com\/de\/wp-json\/wp\/v2\/media\/3163"}],"wp:attachment":[{"href":"https:\/\/easyliferobo.com\/de\/wp-json\/wp\/v2\/media?parent=3162"}],"wp:term":[{"taxonomy":"store","embeddable":true,"href":"https:\/\/easyliferobo.com\/de\/wp-json\/wp\/v2\/store?post=3162"},{"taxonomy":"product_brand","embeddable":true,"href":"https:\/\/easyliferobo.com\/de\/wp-json\/wp\/v2\/product_brand?post=3162"},{"taxonomy":"product_cat","embeddable":true,"href":"https:\/\/easyliferobo.com\/de\/wp-json\/wp\/v2\/product_cat?post=3162"},{"taxonomy":"product_tag","embeddable":true,"href":"https:\/\/easyliferobo.com\/de\/wp-json\/wp\/v2\/product_tag?post=3162"}],"curies":[{"name":"wp","href":"https:\/\/api.w.org\/{rel}","templated":true}]}}